{"id":15661,"date":"2026-01-22T19:36:04","date_gmt":"2026-01-22T17:36:04","guid":{"rendered":"https:\/\/1dronas.lt\/?post_type=product&#038;p=15661"},"modified":"2026-02-19T13:44:08","modified_gmt":"2026-02-19T11:44:08","slug":"caddxfpv-farsight-analog-kamera","status":"publish","type":"product","link":"https:\/\/1dronas.lt\/en\/produktas\/caddxfpv-farsight-analog-kamera\/","title":{"rendered":"CaddxFPV Farsight Analog Camera"},"content":{"rendered":"<p><img loading=\"lazy\" decoding=\"async\" class=\"alignnone wp-image-15673 size-full\" src=\"https:\/\/1dronas.lt\/wp-content\/uploads\/2026\/01\/banner_d3594228-b9e8-431e-8a5c-def2c769efb1.jpg\" alt=\"\" width=\"1920\" height=\"1080\" srcset=\"https:\/\/1dronas.lt\/wp-content\/uploads\/2026\/01\/banner_d3594228-b9e8-431e-8a5c-def2c769efb1.jpg 1920w, https:\/\/1dronas.lt\/wp-content\/uploads\/2026\/01\/banner_d3594228-b9e8-431e-8a5c-def2c769efb1-300x169.jpg 300w, https:\/\/1dronas.lt\/wp-content\/uploads\/2026\/01\/banner_d3594228-b9e8-431e-8a5c-def2c769efb1-1024x576.jpg 1024w, https:\/\/1dronas.lt\/wp-content\/uploads\/2026\/01\/banner_d3594228-b9e8-431e-8a5c-def2c769efb1-768x432.jpg 768w, https:\/\/1dronas.lt\/wp-content\/uploads\/2026\/01\/banner_d3594228-b9e8-431e-8a5c-def2c769efb1-1536x864.jpg 1536w, https:\/\/1dronas.lt\/wp-content\/uploads\/2026\/01\/banner_d3594228-b9e8-431e-8a5c-def2c769efb1-18x10.jpg 18w, https:\/\/1dronas.lt\/wp-content\/uploads\/2026\/01\/banner_d3594228-b9e8-431e-8a5c-def2c769efb1-510x287.jpg 510w\" sizes=\"auto, (max-width: 1920px) 100vw, 1920px\" \/><\/p>\n<p>Take your flight to the next level with the Smart Camera. Enjoy ultra-clear and precise zoom control \u2013 whether you\u2019re racing or zooming in on distant objects. The AI-driven system ensures smooth, fluid images.<\/p>\n<p><img loading=\"lazy\" decoding=\"async\" class=\"alignnone wp-image-15662 size-full\" src=\"https:\/\/1dronas.lt\/wp-content\/uploads\/2026\/01\/1_8b9968c1-341a-49da-a61e-678359e8629b.jpg\" alt=\"\" width=\"1920\" height=\"1060\" srcset=\"https:\/\/1dronas.lt\/wp-content\/uploads\/2026\/01\/1_8b9968c1-341a-49da-a61e-678359e8629b.jpg 1920w, https:\/\/1dronas.lt\/wp-content\/uploads\/2026\/01\/1_8b9968c1-341a-49da-a61e-678359e8629b-300x166.jpg 300w, https:\/\/1dronas.lt\/wp-content\/uploads\/2026\/01\/1_8b9968c1-341a-49da-a61e-678359e8629b-1024x565.jpg 1024w, https:\/\/1dronas.lt\/wp-content\/uploads\/2026\/01\/1_8b9968c1-341a-49da-a61e-678359e8629b-768x424.jpg 768w, https:\/\/1dronas.lt\/wp-content\/uploads\/2026\/01\/1_8b9968c1-341a-49da-a61e-678359e8629b-1536x848.jpg 1536w, https:\/\/1dronas.lt\/wp-content\/uploads\/2026\/01\/1_8b9968c1-341a-49da-a61e-678359e8629b-18x10.jpg 18w, https:\/\/1dronas.lt\/wp-content\/uploads\/2026\/01\/1_8b9968c1-341a-49da-a61e-678359e8629b-510x282.jpg 510w\" sizes=\"auto, (max-width: 1920px) 100vw, 1920px\" \/><\/p>\n<p>Quickly zoom in up to 8x and capture razor-sharp details in an instant.<\/p>\n<p><img loading=\"lazy\" decoding=\"async\" class=\"alignnone wp-image-15665 size-full\" src=\"https:\/\/1dronas.lt\/wp-content\/uploads\/2026\/01\/2-1_8b2d3486-661a-4553-9517-4d9919fe4839.jpg\" alt=\"\" width=\"1920\" height=\"1060\" srcset=\"https:\/\/1dronas.lt\/wp-content\/uploads\/2026\/01\/2-1_8b2d3486-661a-4553-9517-4d9919fe4839.jpg 1920w, https:\/\/1dronas.lt\/wp-content\/uploads\/2026\/01\/2-1_8b2d3486-661a-4553-9517-4d9919fe4839-300x166.jpg 300w, https:\/\/1dronas.lt\/wp-content\/uploads\/2026\/01\/2-1_8b2d3486-661a-4553-9517-4d9919fe4839-1024x565.jpg 1024w, https:\/\/1dronas.lt\/wp-content\/uploads\/2026\/01\/2-1_8b2d3486-661a-4553-9517-4d9919fe4839-768x424.jpg 768w, https:\/\/1dronas.lt\/wp-content\/uploads\/2026\/01\/2-1_8b2d3486-661a-4553-9517-4d9919fe4839-1536x848.jpg 1536w, https:\/\/1dronas.lt\/wp-content\/uploads\/2026\/01\/2-1_8b2d3486-661a-4553-9517-4d9919fe4839-18x10.jpg 18w, https:\/\/1dronas.lt\/wp-content\/uploads\/2026\/01\/2-1_8b2d3486-661a-4553-9517-4d9919fe4839-510x282.jpg 510w\" sizes=\"auto, (max-width: 1920px) 100vw, 1920px\" \/><\/p>\n<p data-start=\"441\" data-end=\"640\">Zoom is controlled via the flight controller using a PWM signal. The reset function allows you to return from high zoom to 1\u00d7 view in one step using preset IO switches.<\/p>\n<p data-start=\"441\" data-end=\"640\"><img loading=\"lazy\" decoding=\"async\" class=\"alignnone wp-image-15667 size-full\" src=\"https:\/\/1dronas.lt\/wp-content\/uploads\/2026\/01\/3_72539e63-69e3-4f3b-b229-ffaa69a91e3c.jpg\" alt=\"\" width=\"1920\" height=\"1060\" srcset=\"https:\/\/1dronas.lt\/wp-content\/uploads\/2026\/01\/3_72539e63-69e3-4f3b-b229-ffaa69a91e3c.jpg 1920w, https:\/\/1dronas.lt\/wp-content\/uploads\/2026\/01\/3_72539e63-69e3-4f3b-b229-ffaa69a91e3c-300x166.jpg 300w, https:\/\/1dronas.lt\/wp-content\/uploads\/2026\/01\/3_72539e63-69e3-4f3b-b229-ffaa69a91e3c-1024x565.jpg 1024w, https:\/\/1dronas.lt\/wp-content\/uploads\/2026\/01\/3_72539e63-69e3-4f3b-b229-ffaa69a91e3c-768x424.jpg 768w, https:\/\/1dronas.lt\/wp-content\/uploads\/2026\/01\/3_72539e63-69e3-4f3b-b229-ffaa69a91e3c-1536x848.jpg 1536w, https:\/\/1dronas.lt\/wp-content\/uploads\/2026\/01\/3_72539e63-69e3-4f3b-b229-ffaa69a91e3c-18x10.jpg 18w, https:\/\/1dronas.lt\/wp-content\/uploads\/2026\/01\/3_72539e63-69e3-4f3b-b229-ffaa69a91e3c-510x282.jpg 510w\" sizes=\"auto, (max-width: 1920px) 100vw, 1920px\" \/><\/p>\n<p data-start=\"441\" data-end=\"640\">The 1\/2-inch image sensor improves light sensitivity and delivers bright, rich images. The 122.5\u00b0 field of view and 4:3 output provide a wide, clear image without distortion.<\/p>\n<p data-start=\"441\" data-end=\"640\"><img loading=\"lazy\" decoding=\"async\" class=\"alignnone wp-image-15668 size-full\" src=\"https:\/\/1dronas.lt\/wp-content\/uploads\/2026\/01\/4_1ad593f9-9169-4f5e-8ddd-745582e47d0b.jpg\" alt=\"\" width=\"1920\" height=\"1060\" srcset=\"https:\/\/1dronas.lt\/wp-content\/uploads\/2026\/01\/4_1ad593f9-9169-4f5e-8ddd-745582e47d0b.jpg 1920w, https:\/\/1dronas.lt\/wp-content\/uploads\/2026\/01\/4_1ad593f9-9169-4f5e-8ddd-745582e47d0b-300x166.jpg 300w, https:\/\/1dronas.lt\/wp-content\/uploads\/2026\/01\/4_1ad593f9-9169-4f5e-8ddd-745582e47d0b-1024x565.jpg 1024w, https:\/\/1dronas.lt\/wp-content\/uploads\/2026\/01\/4_1ad593f9-9169-4f5e-8ddd-745582e47d0b-768x424.jpg 768w, https:\/\/1dronas.lt\/wp-content\/uploads\/2026\/01\/4_1ad593f9-9169-4f5e-8ddd-745582e47d0b-1536x848.jpg 1536w, https:\/\/1dronas.lt\/wp-content\/uploads\/2026\/01\/4_1ad593f9-9169-4f5e-8ddd-745582e47d0b-18x10.jpg 18w, https:\/\/1dronas.lt\/wp-content\/uploads\/2026\/01\/4_1ad593f9-9169-4f5e-8ddd-745582e47d0b-510x282.jpg 510w\" sizes=\"auto, (max-width: 1920px) 100vw, 1920px\" \/><\/p>\n<p data-start=\"441\" data-end=\"640\">CVBS output ensures compatibility with most analog systems on the market.<\/p>\n<p data-start=\"441\" data-end=\"640\"><img loading=\"lazy\" decoding=\"async\" class=\"alignnone wp-image-15670 size-full\" src=\"https:\/\/1dronas.lt\/wp-content\/uploads\/2026\/01\/6_a1230470-9645-4eda-bd35-0c238bd94533.jpg\" alt=\"\" width=\"1920\" height=\"1060\" srcset=\"https:\/\/1dronas.lt\/wp-content\/uploads\/2026\/01\/6_a1230470-9645-4eda-bd35-0c238bd94533.jpg 1920w, https:\/\/1dronas.lt\/wp-content\/uploads\/2026\/01\/6_a1230470-9645-4eda-bd35-0c238bd94533-300x166.jpg 300w, https:\/\/1dronas.lt\/wp-content\/uploads\/2026\/01\/6_a1230470-9645-4eda-bd35-0c238bd94533-1024x565.jpg 1024w, https:\/\/1dronas.lt\/wp-content\/uploads\/2026\/01\/6_a1230470-9645-4eda-bd35-0c238bd94533-768x424.jpg 768w, https:\/\/1dronas.lt\/wp-content\/uploads\/2026\/01\/6_a1230470-9645-4eda-bd35-0c238bd94533-1536x848.jpg 1536w, https:\/\/1dronas.lt\/wp-content\/uploads\/2026\/01\/6_a1230470-9645-4eda-bd35-0c238bd94533-18x10.jpg 18w, https:\/\/1dronas.lt\/wp-content\/uploads\/2026\/01\/6_a1230470-9645-4eda-bd35-0c238bd94533-510x282.jpg 510w\" sizes=\"auto, (max-width: 1920px) 100vw, 1920px\" \/><\/p>\n<p data-start=\"441\" data-end=\"640\">The Farsight analog camera performs well in challenging environments, providing stable and clear images for wildlife monitoring, industrial inspection, and search and rescue missions.<\/p>\n<p data-start=\"441\" data-end=\"640\"><img loading=\"lazy\" decoding=\"async\" class=\"alignnone wp-image-15671 size-full\" src=\"https:\/\/1dronas.lt\/wp-content\/uploads\/2026\/01\/7_3d9fe60c-87e8-473c-92fe-0431b032e010.jpg\" alt=\"\" width=\"1920\" height=\"1060\" srcset=\"https:\/\/1dronas.lt\/wp-content\/uploads\/2026\/01\/7_3d9fe60c-87e8-473c-92fe-0431b032e010.jpg 1920w, https:\/\/1dronas.lt\/wp-content\/uploads\/2026\/01\/7_3d9fe60c-87e8-473c-92fe-0431b032e010-300x166.jpg 300w, https:\/\/1dronas.lt\/wp-content\/uploads\/2026\/01\/7_3d9fe60c-87e8-473c-92fe-0431b032e010-1024x565.jpg 1024w, https:\/\/1dronas.lt\/wp-content\/uploads\/2026\/01\/7_3d9fe60c-87e8-473c-92fe-0431b032e010-768x424.jpg 768w, https:\/\/1dronas.lt\/wp-content\/uploads\/2026\/01\/7_3d9fe60c-87e8-473c-92fe-0431b032e010-1536x848.jpg 1536w, https:\/\/1dronas.lt\/wp-content\/uploads\/2026\/01\/7_3d9fe60c-87e8-473c-92fe-0431b032e010-18x10.jpg 18w, https:\/\/1dronas.lt\/wp-content\/uploads\/2026\/01\/7_3d9fe60c-87e8-473c-92fe-0431b032e010-510x282.jpg 510w\" sizes=\"auto, (max-width: 1920px) 100vw, 1920px\" \/><\/p>\n<p data-start=\"441\" data-end=\"640\"><strong>Specification:<\/strong><\/p>\n<p data-start=\"60\" data-end=\"537\">\u2022 Model: Caddx Farsight;<br data-start=\"87\" data-end=\"90\" \/>\u2022 Image sensor: 1\/2 inch;<br data-start=\"120\" data-end=\"123\" \/>\u2022 Illumination: 0.01 Lux;<br data-start=\"148\" data-end=\"151\" \/>\u2022 Focus distance: 2.2 mm;<br data-start=\"182\" data-end=\"185\" \/>\u2022 Field of view (FOV): 122.5\u00b0 (H) \u00d7 92.2\u00b0 (V) \u00d7 155\u00b0 (D);<br data-start=\"243\" data-end=\"246\" \/>\u2022 Horizontal resolution: 1500 TVL;<br data-start=\"284\" data-end=\"287\" \/>\u2022 Aspect ratio: 4:3;<br data-start=\"314\" data-end=\"317\" \/>\u2022 Zoom: 1\u20138\u00d7;<br data-start=\"346\" data-end=\"349\" \/>\u2022 Zoom mode: connect to FC, PWM control;<br data-start=\"405\" data-end=\"408\" \/>\u2022 Video interface: CVBS;<br data-start=\"431\" data-end=\"434\" \/>\u2022 Supply voltage: 9\u201324 V;<br data-start=\"462\" data-end=\"465\" \/>\u2022 Power consumption: &lt;2 W;<br data-start=\"497\" data-end=\"500\" \/>\u2022 Operating temperature: -20\u2103 ~ 60\u2103.<br \/>\n\u2022 Camera: 19 x 19 x 19.5 mm;<br \/>\n\u2022 AI Box: 33.5 x 33.5 x 12.35 mm.<\/p>\n<p data-start=\"60\" data-end=\"537\"><strong>Package:<\/strong><\/p>\n<p data-start=\"376\" data-end=\"408\">1x Farsight camera with AI controller;<br \/>\n1x User manual;<br \/>\n1x 7-pin silicone cable;<br \/>\n1x 3-pin silicone cable;<br \/>\n2x 6 mm screws;<br \/>\n2x 5mm screws;<br \/>\n2x 4mm screws;<br \/>\n2x Washers.<\/p>\n<p data-start=\"376\" data-end=\"408\"><img loading=\"lazy\" decoding=\"async\" class=\"alignnone wp-image-15679 size-large\" src=\"https:\/\/1dronas.lt\/wp-content\/uploads\/2026\/01\/Farsight-1024x576.jpg\" alt=\"\" width=\"1020\" height=\"574\" srcset=\"https:\/\/1dronas.lt\/wp-content\/uploads\/2026\/01\/Farsight-1024x576.jpg 1024w, https:\/\/1dronas.lt\/wp-content\/uploads\/2026\/01\/Farsight-300x169.jpg 300w, https:\/\/1dronas.lt\/wp-content\/uploads\/2026\/01\/Farsight-768x432.jpg 768w, https:\/\/1dronas.lt\/wp-content\/uploads\/2026\/01\/Farsight-1536x864.jpg 1536w, https:\/\/1dronas.lt\/wp-content\/uploads\/2026\/01\/Farsight-18x10.jpg 18w, https:\/\/1dronas.lt\/wp-content\/uploads\/2026\/01\/Farsight-510x287.jpg 510w, https:\/\/1dronas.lt\/wp-content\/uploads\/2026\/01\/Farsight.jpg 1920w\" sizes=\"auto, (max-width: 1020px) 100vw, 1020px\" \/><\/p>","protected":false},"excerpt":{"rendered":"<p><span style=\"color: #000000;\">Enjoy ultra-clear and precise zoom control \u2013 whether you\u2019re racing or zooming in on distant objects. The AI-driven system ensures a smooth, fluid image.<\/span><\/p>\n<p><span style=\"color: #000000;\"><img loading=\"lazy\" decoding=\"async\" class=\"alignnone wp-image-1806\" src=\"https:\/\/1dronas.lt\/wp-content\/uploads\/2021\/05\/delivery-icon.png\" alt=\"\" width=\"24\" height=\"24\" srcset=\"https:\/\/1dronas.lt\/wp-content\/uploads\/2021\/05\/delivery-icon.png 35w, https:\/\/1dronas.lt\/wp-content\/uploads\/2021\/05\/delivery-icon-12x12.png 12w\" sizes=\"auto, (max-width: 24px) 100vw, 24px\" \/><strong>\u00a0 1 \u2013 2 days<\/strong><\/span><\/p>","protected":false},"featured_media":15674,"comment_status":"open","ping_status":"closed","template":"","meta":[],"product_brand":[1112],"product_cat":[191],"product_tag":[1127,1128,468,1113,1126,433],"class_list":{"0":"post-15661","1":"product","2":"type-product","3":"status-publish","4":"has-post-thumbnail","6":"product_brand-caddxfpv","7":"product_cat-kameros","8":"product_tag-1-8x-zoom","9":"product_tag-ai","10":"product_tag-analog","11":"product_tag-caddxfpv","12":"product_tag-farsight","13":"product_tag-kamera","15":"first","16":"instock","17":"taxable","18":"shipping-taxable","19":"purchasable","20":"product-type-simple"},"yoast_head":"<!-- This site is optimized with the Yoast SEO plugin v27.5 - https:\/\/yoast.com\/product\/yoast-seo-wordpress\/ -->\n<title>CaddxFPV Farsight Analog kamera - 1dronas.lt<\/title>\n<meta name=\"robots\" content=\"index, follow, max-snippet:-1, max-image-preview:large, max-video-preview:-1\" \/>\n<link rel=\"canonical\" href=\"https:\/\/1dronas.lt\/en\/produktas\/caddxfpv-farsight-analog-kamera\/\" \/>\n<meta property=\"og:locale\" content=\"en_US\" \/>\n<meta property=\"og:type\" content=\"article\" \/>\n<meta property=\"og:title\" content=\"CaddxFPV Farsight Analog kamera - 1dronas.lt\" \/>\n<meta property=\"og:description\" content=\"M\u0117gaukit\u0117s itin ai\u0161kiu ir tiksliu priartinimo valdymu \u2013 nesvarbu, ar lenktyniaujate, ar artinate tolimus objektus. Dirbtinio intelekto valdoma sistema u\u017etikrina skland\u0173, vaizd\u0105.  \u00a0 1 \u2013 2 d. d.\" \/>\n<meta property=\"og:url\" content=\"https:\/\/1dronas.lt\/en\/produktas\/caddxfpv-farsight-analog-kamera\/\" \/>\n<meta property=\"og:site_name\" content=\"1dronas.lt\" \/>\n<meta property=\"article:publisher\" content=\"https:\/\/www.facebook.com\/1dronas\/\" \/>\n<meta property=\"article:modified_time\" content=\"2026-02-19T11:44:08+00:00\" \/>\n<meta property=\"og:image\" content=\"https:\/\/1dronas.lt\/wp-content\/uploads\/2026\/01\/Caddx-Farsight.jpg\" \/>\n\t<meta property=\"og:image:width\" content=\"1400\" \/>\n\t<meta property=\"og:image:height\" content=\"1400\" \/>\n\t<meta property=\"og:image:type\" content=\"image\/jpeg\" \/>\n<meta name=\"twitter:card\" content=\"summary_large_image\" \/>\n<meta name=\"twitter:label1\" content=\"Est. reading time\" \/>\n\t<meta name=\"twitter:data1\" content=\"4 minutes\" \/>\n<script type=\"application\/ld+json\" class=\"yoast-schema-graph\">{\"@context\":\"https:\\\/\\\/schema.org\",\"@graph\":[{\"@type\":\"WebPage\",\"@id\":\"https:\\\/\\\/1dronas.lt\\\/en\\\/produktas\\\/caddxfpv-farsight-analog-kamera\\\/\",\"url\":\"https:\\\/\\\/1dronas.lt\\\/en\\\/produktas\\\/caddxfpv-farsight-analog-kamera\\\/\",\"name\":\"CaddxFPV Farsight Analog kamera - 1dronas.lt\",\"isPartOf\":{\"@id\":\"https:\\\/\\\/1dronas.lt\\\/en\\\/#website\"},\"primaryImageOfPage\":{\"@id\":\"https:\\\/\\\/1dronas.lt\\\/en\\\/produktas\\\/caddxfpv-farsight-analog-kamera\\\/#primaryimage\"},\"image\":{\"@id\":\"https:\\\/\\\/1dronas.lt\\\/en\\\/produktas\\\/caddxfpv-farsight-analog-kamera\\\/#primaryimage\"},\"thumbnailUrl\":\"https:\\\/\\\/1dronas.lt\\\/wp-content\\\/uploads\\\/2026\\\/01\\\/Caddx-Farsight.jpg\",\"datePublished\":\"2026-01-22T17:36:04+00:00\",\"dateModified\":\"2026-02-19T11:44:08+00:00\",\"breadcrumb\":{\"@id\":\"https:\\\/\\\/1dronas.lt\\\/en\\\/produktas\\\/caddxfpv-farsight-analog-kamera\\\/#breadcrumb\"},\"inLanguage\":\"en-US\",\"potentialAction\":[{\"@type\":\"ReadAction\",\"target\":[\"https:\\\/\\\/1dronas.lt\\\/en\\\/produktas\\\/caddxfpv-farsight-analog-kamera\\\/\"]}]},{\"@type\":\"ImageObject\",\"inLanguage\":\"en-US\",\"@id\":\"https:\\\/\\\/1dronas.lt\\\/en\\\/produktas\\\/caddxfpv-farsight-analog-kamera\\\/#primaryimage\",\"url\":\"https:\\\/\\\/1dronas.lt\\\/wp-content\\\/uploads\\\/2026\\\/01\\\/Caddx-Farsight.jpg\",\"contentUrl\":\"https:\\\/\\\/1dronas.lt\\\/wp-content\\\/uploads\\\/2026\\\/01\\\/Caddx-Farsight.jpg\",\"width\":1400,\"height\":1400},{\"@type\":\"BreadcrumbList\",\"@id\":\"https:\\\/\\\/1dronas.lt\\\/en\\\/produktas\\\/caddxfpv-farsight-analog-kamera\\\/#breadcrumb\",\"itemListElement\":[{\"@type\":\"ListItem\",\"position\":1,\"name\":\"Home\",\"item\":\"https:\\\/\\\/1dronas.lt\\\/\"},{\"@type\":\"ListItem\",\"position\":2,\"name\":\"Parduotuv\u0117\",\"item\":\"https:\\\/\\\/1dronas.lt\\\/parduotuve\\\/\"},{\"@type\":\"ListItem\",\"position\":3,\"name\":\"CaddxFPV Farsight Analog kamera\"}]},{\"@type\":\"WebSite\",\"@id\":\"https:\\\/\\\/1dronas.lt\\\/en\\\/#website\",\"url\":\"https:\\\/\\\/1dronas.lt\\\/en\\\/\",\"name\":\"1dronas.lt\",\"description\":\"Internetin\u0117 parduotuv\u0117\",\"publisher\":{\"@id\":\"https:\\\/\\\/1dronas.lt\\\/en\\\/#organization\"},\"potentialAction\":[{\"@type\":\"SearchAction\",\"target\":{\"@type\":\"EntryPoint\",\"urlTemplate\":\"https:\\\/\\\/1dronas.lt\\\/en\\\/?s={search_term_string}\"},\"query-input\":{\"@type\":\"PropertyValueSpecification\",\"valueRequired\":true,\"valueName\":\"search_term_string\"}}],\"inLanguage\":\"en-US\"},{\"@type\":\"Organization\",\"@id\":\"https:\\\/\\\/1dronas.lt\\\/en\\\/#organization\",\"name\":\"1dronas.lt\",\"url\":\"https:\\\/\\\/1dronas.lt\\\/en\\\/\",\"logo\":{\"@type\":\"ImageObject\",\"inLanguage\":\"en-US\",\"@id\":\"https:\\\/\\\/1dronas.lt\\\/en\\\/#\\\/schema\\\/logo\\\/image\\\/\",\"url\":\"https:\\\/\\\/1dronas.lt\\\/wp-content\\\/uploads\\\/2020\\\/12\\\/Ekrano_kopija__2_-removebg-preview-1-1.png\",\"contentUrl\":\"https:\\\/\\\/1dronas.lt\\\/wp-content\\\/uploads\\\/2020\\\/12\\\/Ekrano_kopija__2_-removebg-preview-1-1.png\",\"width\":234,\"height\":81,\"caption\":\"1dronas.lt\"},\"image\":{\"@id\":\"https:\\\/\\\/1dronas.lt\\\/en\\\/#\\\/schema\\\/logo\\\/image\\\/\"},\"sameAs\":[\"https:\\\/\\\/www.facebook.com\\\/1dronas\\\/\"]}]}<\/script>\n<!-- \/ Yoast SEO plugin. -->","yoast_head_json":{"title":"CaddxFPV Farsight Analog kamera - 1dronas.lt","robots":{"index":"index","follow":"follow","max-snippet":"max-snippet:-1","max-image-preview":"max-image-preview:large","max-video-preview":"max-video-preview:-1"},"canonical":"https:\/\/1dronas.lt\/en\/produktas\/caddxfpv-farsight-analog-kamera\/","og_locale":"en_US","og_type":"article","og_title":"CaddxFPV Farsight Analog kamera - 1dronas.lt","og_description":"M\u0117gaukit\u0117s itin ai\u0161kiu ir tiksliu priartinimo valdymu \u2013 nesvarbu, ar lenktyniaujate, ar artinate tolimus objektus. Dirbtinio intelekto valdoma sistema u\u017etikrina skland\u0173, vaizd\u0105.  \u00a0 1 \u2013 2 d. d.","og_url":"https:\/\/1dronas.lt\/en\/produktas\/caddxfpv-farsight-analog-kamera\/","og_site_name":"1dronas.lt","article_publisher":"https:\/\/www.facebook.com\/1dronas\/","article_modified_time":"2026-02-19T11:44:08+00:00","og_image":[{"width":1400,"height":1400,"url":"https:\/\/1dronas.lt\/wp-content\/uploads\/2026\/01\/Caddx-Farsight.jpg","type":"image\/jpeg"}],"twitter_card":"summary_large_image","twitter_misc":{"Est. reading time":"4 minutes"},"schema":{"@context":"https:\/\/schema.org","@graph":[{"@type":"WebPage","@id":"https:\/\/1dronas.lt\/en\/produktas\/caddxfpv-farsight-analog-kamera\/","url":"https:\/\/1dronas.lt\/en\/produktas\/caddxfpv-farsight-analog-kamera\/","name":"CaddxFPV Farsight Analog kamera - 1dronas.lt","isPartOf":{"@id":"https:\/\/1dronas.lt\/en\/#website"},"primaryImageOfPage":{"@id":"https:\/\/1dronas.lt\/en\/produktas\/caddxfpv-farsight-analog-kamera\/#primaryimage"},"image":{"@id":"https:\/\/1dronas.lt\/en\/produktas\/caddxfpv-farsight-analog-kamera\/#primaryimage"},"thumbnailUrl":"https:\/\/1dronas.lt\/wp-content\/uploads\/2026\/01\/Caddx-Farsight.jpg","datePublished":"2026-01-22T17:36:04+00:00","dateModified":"2026-02-19T11:44:08+00:00","breadcrumb":{"@id":"https:\/\/1dronas.lt\/en\/produktas\/caddxfpv-farsight-analog-kamera\/#breadcrumb"},"inLanguage":"en-US","potentialAction":[{"@type":"ReadAction","target":["https:\/\/1dronas.lt\/en\/produktas\/caddxfpv-farsight-analog-kamera\/"]}]},{"@type":"ImageObject","inLanguage":"en-US","@id":"https:\/\/1dronas.lt\/en\/produktas\/caddxfpv-farsight-analog-kamera\/#primaryimage","url":"https:\/\/1dronas.lt\/wp-content\/uploads\/2026\/01\/Caddx-Farsight.jpg","contentUrl":"https:\/\/1dronas.lt\/wp-content\/uploads\/2026\/01\/Caddx-Farsight.jpg","width":1400,"height":1400},{"@type":"BreadcrumbList","@id":"https:\/\/1dronas.lt\/en\/produktas\/caddxfpv-farsight-analog-kamera\/#breadcrumb","itemListElement":[{"@type":"ListItem","position":1,"name":"Home","item":"https:\/\/1dronas.lt\/"},{"@type":"ListItem","position":2,"name":"Parduotuv\u0117","item":"https:\/\/1dronas.lt\/parduotuve\/"},{"@type":"ListItem","position":3,"name":"CaddxFPV Farsight Analog kamera"}]},{"@type":"WebSite","@id":"https:\/\/1dronas.lt\/en\/#website","url":"https:\/\/1dronas.lt\/en\/","name":"1dronas.lt","description":"Online store","publisher":{"@id":"https:\/\/1dronas.lt\/en\/#organization"},"potentialAction":[{"@type":"SearchAction","target":{"@type":"EntryPoint","urlTemplate":"https:\/\/1dronas.lt\/en\/?s={search_term_string}"},"query-input":{"@type":"PropertyValueSpecification","valueRequired":true,"valueName":"search_term_string"}}],"inLanguage":"en-US"},{"@type":"Organization","@id":"https:\/\/1dronas.lt\/en\/#organization","name":"1dronas.lt","url":"https:\/\/1dronas.lt\/en\/","logo":{"@type":"ImageObject","inLanguage":"en-US","@id":"https:\/\/1dronas.lt\/en\/#\/schema\/logo\/image\/","url":"https:\/\/1dronas.lt\/wp-content\/uploads\/2020\/12\/Ekrano_kopija__2_-removebg-preview-1-1.png","contentUrl":"https:\/\/1dronas.lt\/wp-content\/uploads\/2020\/12\/Ekrano_kopija__2_-removebg-preview-1-1.png","width":234,"height":81,"caption":"1dronas.lt"},"image":{"@id":"https:\/\/1dronas.lt\/en\/#\/schema\/logo\/image\/"},"sameAs":["https:\/\/www.facebook.com\/1dronas\/"]}]}},"jetpack_sharing_enabled":true,"_links":{"self":[{"href":"https:\/\/1dronas.lt\/en\/wp-json\/wp\/v2\/product\/15661","targetHints":{"allow":["GET"]}}],"collection":[{"href":"https:\/\/1dronas.lt\/en\/wp-json\/wp\/v2\/product"}],"about":[{"href":"https:\/\/1dronas.lt\/en\/wp-json\/wp\/v2\/types\/product"}],"replies":[{"embeddable":true,"href":"https:\/\/1dronas.lt\/en\/wp-json\/wp\/v2\/comments?post=15661"}],"wp:featuredmedia":[{"embeddable":true,"href":"https:\/\/1dronas.lt\/en\/wp-json\/wp\/v2\/media\/15674"}],"wp:attachment":[{"href":"https:\/\/1dronas.lt\/en\/wp-json\/wp\/v2\/media?parent=15661"}],"wp:term":[{"taxonomy":"product_brand","embeddable":true,"href":"https:\/\/1dronas.lt\/en\/wp-json\/wp\/v2\/product_brand?post=15661"},{"taxonomy":"product_cat","embeddable":true,"href":"https:\/\/1dronas.lt\/en\/wp-json\/wp\/v2\/product_cat?post=15661"},{"taxonomy":"product_tag","embeddable":true,"href":"https:\/\/1dronas.lt\/en\/wp-json\/wp\/v2\/product_tag?post=15661"}],"curies":[{"name":"wp","href":"https:\/\/api.w.org\/{rel}","templated":true}]}}