{"id":15644,"date":"2026-01-22T19:10:35","date_gmt":"2026-01-22T17:10:35","guid":{"rendered":"https:\/\/1dronas.lt\/?post_type=product&#038;p=15644"},"modified":"2026-02-15T18:26:52","modified_gmt":"2026-02-15T16:26:52","slug":"walksnail-avatar-hd-mini-1s-lite-kit","status":"publish","type":"product","link":"https:\/\/1dronas.lt\/en\/produktas\/caddxfpv-walksnail-avatar-hd-mini-1s-lite-kit\/","title":{"rendered":"Walksnail Avatar HD Mini 1s Lite Kit"},"content":{"rendered":"<p><img loading=\"lazy\" decoding=\"async\" class=\"alignnone wp-image-15654 size-full\" src=\"https:\/\/1dronas.lt\/wp-content\/uploads\/2026\/01\/65a37805a38a4b173d91151f310aefae_a70836ef-2cd5-45c5-a53e-18f63ab1cceb-scaled.jpg\" alt=\"\" width=\"2560\" height=\"1040\" srcset=\"https:\/\/1dronas.lt\/wp-content\/uploads\/2026\/01\/65a37805a38a4b173d91151f310aefae_a70836ef-2cd5-45c5-a53e-18f63ab1cceb-scaled.jpg 2560w, https:\/\/1dronas.lt\/wp-content\/uploads\/2026\/01\/65a37805a38a4b173d91151f310aefae_a70836ef-2cd5-45c5-a53e-18f63ab1cceb-300x122.jpg 300w, https:\/\/1dronas.lt\/wp-content\/uploads\/2026\/01\/65a37805a38a4b173d91151f310aefae_a70836ef-2cd5-45c5-a53e-18f63ab1cceb-1024x416.jpg 1024w, https:\/\/1dronas.lt\/wp-content\/uploads\/2026\/01\/65a37805a38a4b173d91151f310aefae_a70836ef-2cd5-45c5-a53e-18f63ab1cceb-768x312.jpg 768w, https:\/\/1dronas.lt\/wp-content\/uploads\/2026\/01\/65a37805a38a4b173d91151f310aefae_a70836ef-2cd5-45c5-a53e-18f63ab1cceb-1536x624.jpg 1536w, https:\/\/1dronas.lt\/wp-content\/uploads\/2026\/01\/65a37805a38a4b173d91151f310aefae_a70836ef-2cd5-45c5-a53e-18f63ab1cceb-2048x832.jpg 2048w, https:\/\/1dronas.lt\/wp-content\/uploads\/2026\/01\/65a37805a38a4b173d91151f310aefae_a70836ef-2cd5-45c5-a53e-18f63ab1cceb-18x7.jpg 18w, https:\/\/1dronas.lt\/wp-content\/uploads\/2026\/01\/65a37805a38a4b173d91151f310aefae_a70836ef-2cd5-45c5-a53e-18f63ab1cceb-510x207.jpg 510w\" sizes=\"auto, (max-width: 2560px) 100vw, 2560px\" \/><\/p>\n<p>The Avatar HD Mini 1S Lite Kit comes with a new version of the VTX board, which is smaller, lighter and more robust. Measuring 30 \u00d7 30 mm and weighing just 5.1 g, the VTX is ideal for mounting on small drones.<\/p>\n<p><img loading=\"lazy\" decoding=\"async\" class=\"alignnone wp-image-15647 size-full\" src=\"https:\/\/1dronas.lt\/wp-content\/uploads\/2026\/01\/3._f009b49f-cc82-4f9c-85fe-78d8f8f292b0.jpg\" alt=\"\" width=\"1920\" height=\"1000\" srcset=\"https:\/\/1dronas.lt\/wp-content\/uploads\/2026\/01\/3._f009b49f-cc82-4f9c-85fe-78d8f8f292b0.jpg 1920w, https:\/\/1dronas.lt\/wp-content\/uploads\/2026\/01\/3._f009b49f-cc82-4f9c-85fe-78d8f8f292b0-300x156.jpg 300w, https:\/\/1dronas.lt\/wp-content\/uploads\/2026\/01\/3._f009b49f-cc82-4f9c-85fe-78d8f8f292b0-1024x533.jpg 1024w, https:\/\/1dronas.lt\/wp-content\/uploads\/2026\/01\/3._f009b49f-cc82-4f9c-85fe-78d8f8f292b0-768x400.jpg 768w, https:\/\/1dronas.lt\/wp-content\/uploads\/2026\/01\/3._f009b49f-cc82-4f9c-85fe-78d8f8f292b0-1536x800.jpg 1536w, https:\/\/1dronas.lt\/wp-content\/uploads\/2026\/01\/3._f009b49f-cc82-4f9c-85fe-78d8f8f292b0-18x9.jpg 18w, https:\/\/1dronas.lt\/wp-content\/uploads\/2026\/01\/3._f009b49f-cc82-4f9c-85fe-78d8f8f292b0-510x266.jpg 510w\" sizes=\"auto, (max-width: 1920px) 100vw, 1920px\" \/><\/p>\n<p>The Avatar HD Lite camera weighs just 1.8g, but has a 2.1mm lens and a 170\u00b0 field of view, ensuring a clearer and more realistic image.<\/p>\n<p><img loading=\"lazy\" decoding=\"async\" class=\"alignnone wp-image-15649 size-full\" src=\"https:\/\/1dronas.lt\/wp-content\/uploads\/2026\/01\/4.jpg\" alt=\"\" width=\"1920\" height=\"1000\" srcset=\"https:\/\/1dronas.lt\/wp-content\/uploads\/2026\/01\/4.jpg 1920w, https:\/\/1dronas.lt\/wp-content\/uploads\/2026\/01\/4-300x156.jpg 300w, https:\/\/1dronas.lt\/wp-content\/uploads\/2026\/01\/4-1024x533.jpg 1024w, https:\/\/1dronas.lt\/wp-content\/uploads\/2026\/01\/4-768x400.jpg 768w, https:\/\/1dronas.lt\/wp-content\/uploads\/2026\/01\/4-1536x800.jpg 1536w, https:\/\/1dronas.lt\/wp-content\/uploads\/2026\/01\/4-18x9.jpg 18w, https:\/\/1dronas.lt\/wp-content\/uploads\/2026\/01\/4-510x266.jpg 510w\" sizes=\"auto, (max-width: 1920px) 100vw, 1920px\" \/><\/p>\n<p>Weighing just 7.8g, the Avatar Mini 1S Lite Kit supports 1080p\/60fps and 720p\/100fps high-definition FPV with an average 22ms ultra-low latency, ensuring a sharp 1080p digital FPV image and a memorable flight experience.<\/p>\n<p><img decoding=\"async\" src=\"https:\/\/cdn.shopify.com\/s\/files\/1\/0036\/3921\/4169\/files\/11111GIF_1.gif?v=1670406380\" width=\"100%\" \/><\/p>\n<p>The Avatar VTX has 32GB of onboard memory, allowing it to record 1080p or 720p HD flight footage without interruptions, without the need for an additional SD card or action camera. This reduces the overall weight of the drone, extends flight time, and makes flying more comfortable.<\/p>\n<p><img loading=\"lazy\" decoding=\"async\" class=\"alignnone wp-image-15617 size-full\" src=\"https:\/\/1dronas.lt\/wp-content\/uploads\/2026\/01\/32_ede05b0c-54d6-4961-b09c-71cb02de2acb.jpg\" alt=\"\" width=\"1920\" height=\"919\" srcset=\"https:\/\/1dronas.lt\/wp-content\/uploads\/2026\/01\/32_ede05b0c-54d6-4961-b09c-71cb02de2acb.jpg 1920w, https:\/\/1dronas.lt\/wp-content\/uploads\/2026\/01\/32_ede05b0c-54d6-4961-b09c-71cb02de2acb-300x144.jpg 300w, https:\/\/1dronas.lt\/wp-content\/uploads\/2026\/01\/32_ede05b0c-54d6-4961-b09c-71cb02de2acb-1024x490.jpg 1024w, https:\/\/1dronas.lt\/wp-content\/uploads\/2026\/01\/32_ede05b0c-54d6-4961-b09c-71cb02de2acb-768x368.jpg 768w, https:\/\/1dronas.lt\/wp-content\/uploads\/2026\/01\/32_ede05b0c-54d6-4961-b09c-71cb02de2acb-1536x735.jpg 1536w, https:\/\/1dronas.lt\/wp-content\/uploads\/2026\/01\/32_ede05b0c-54d6-4961-b09c-71cb02de2acb-18x9.jpg 18w, https:\/\/1dronas.lt\/wp-content\/uploads\/2026\/01\/32_ede05b0c-54d6-4961-b09c-71cb02de2acb-510x244.jpg 510w\" sizes=\"auto, (max-width: 1920px) 100vw, 1920px\" \/><\/p>\n<p>Supports Betaflight, KISS, iNav and Ardu systems with full OSD display and customization. You will be able to change OSD fonts, colors and layout and easily adjust desired parameters via remote control.<\/p>\n<p><img loading=\"lazy\" decoding=\"async\" class=\"alignnone wp-image-15651 size-full\" src=\"https:\/\/1dronas.lt\/wp-content\/uploads\/2026\/01\/7_92d61315-c213-4fc4-97ee-b4c22c29b64b.jpg\" alt=\"\" width=\"1920\" height=\"1000\" srcset=\"https:\/\/1dronas.lt\/wp-content\/uploads\/2026\/01\/7_92d61315-c213-4fc4-97ee-b4c22c29b64b.jpg 1920w, https:\/\/1dronas.lt\/wp-content\/uploads\/2026\/01\/7_92d61315-c213-4fc4-97ee-b4c22c29b64b-300x156.jpg 300w, https:\/\/1dronas.lt\/wp-content\/uploads\/2026\/01\/7_92d61315-c213-4fc4-97ee-b4c22c29b64b-1024x533.jpg 1024w, https:\/\/1dronas.lt\/wp-content\/uploads\/2026\/01\/7_92d61315-c213-4fc4-97ee-b4c22c29b64b-768x400.jpg 768w, https:\/\/1dronas.lt\/wp-content\/uploads\/2026\/01\/7_92d61315-c213-4fc4-97ee-b4c22c29b64b-1536x800.jpg 1536w, https:\/\/1dronas.lt\/wp-content\/uploads\/2026\/01\/7_92d61315-c213-4fc4-97ee-b4c22c29b64b-18x9.jpg 18w, https:\/\/1dronas.lt\/wp-content\/uploads\/2026\/01\/7_92d61315-c213-4fc4-97ee-b4c22c29b64b-510x266.jpg 510w\" sizes=\"auto, (max-width: 1920px) 100vw, 1920px\" \/><\/p>\n<p>The Avatar Mini 1S Lite Kit is suitable for various types of drones - with an input voltage of 3.1-13 V and a power of 500 mW, you will be able to fly various tinywhoop-type drones, enjoy excellent image quality and a long transmission distance.<\/p>\n<p><img loading=\"lazy\" decoding=\"async\" class=\"alignnone wp-image-15656 size-full\" src=\"https:\/\/1dronas.lt\/wp-content\/uploads\/2026\/01\/Tiny_Drones_With_Avatar_Mini_1S_Kit.jpg\" alt=\"\" width=\"1920\" height=\"822\" srcset=\"https:\/\/1dronas.lt\/wp-content\/uploads\/2026\/01\/Tiny_Drones_With_Avatar_Mini_1S_Kit.jpg 1920w, https:\/\/1dronas.lt\/wp-content\/uploads\/2026\/01\/Tiny_Drones_With_Avatar_Mini_1S_Kit-300x128.jpg 300w, https:\/\/1dronas.lt\/wp-content\/uploads\/2026\/01\/Tiny_Drones_With_Avatar_Mini_1S_Kit-1024x438.jpg 1024w, https:\/\/1dronas.lt\/wp-content\/uploads\/2026\/01\/Tiny_Drones_With_Avatar_Mini_1S_Kit-768x329.jpg 768w, https:\/\/1dronas.lt\/wp-content\/uploads\/2026\/01\/Tiny_Drones_With_Avatar_Mini_1S_Kit-1536x658.jpg 1536w, https:\/\/1dronas.lt\/wp-content\/uploads\/2026\/01\/Tiny_Drones_With_Avatar_Mini_1S_Kit-18x8.jpg 18w, https:\/\/1dronas.lt\/wp-content\/uploads\/2026\/01\/Tiny_Drones_With_Avatar_Mini_1S_Kit-510x218.jpg 510w\" sizes=\"auto, (max-width: 1920px) 100vw, 1920px\" \/><\/p>\n<p><strong>Measurements:<\/strong><\/p>\n<p><img loading=\"lazy\" decoding=\"async\" class=\"alignnone wp-image-15652 size-full\" src=\"https:\/\/1dronas.lt\/wp-content\/uploads\/2026\/01\/10._cff25e4a-fd33-4fb0-8b52-f938b6a902b1.jpg\" alt=\"\" width=\"1920\" height=\"700\" srcset=\"https:\/\/1dronas.lt\/wp-content\/uploads\/2026\/01\/10._cff25e4a-fd33-4fb0-8b52-f938b6a902b1.jpg 1920w, https:\/\/1dronas.lt\/wp-content\/uploads\/2026\/01\/10._cff25e4a-fd33-4fb0-8b52-f938b6a902b1-300x109.jpg 300w, https:\/\/1dronas.lt\/wp-content\/uploads\/2026\/01\/10._cff25e4a-fd33-4fb0-8b52-f938b6a902b1-1024x373.jpg 1024w, https:\/\/1dronas.lt\/wp-content\/uploads\/2026\/01\/10._cff25e4a-fd33-4fb0-8b52-f938b6a902b1-768x280.jpg 768w, https:\/\/1dronas.lt\/wp-content\/uploads\/2026\/01\/10._cff25e4a-fd33-4fb0-8b52-f938b6a902b1-1536x560.jpg 1536w, https:\/\/1dronas.lt\/wp-content\/uploads\/2026\/01\/10._cff25e4a-fd33-4fb0-8b52-f938b6a902b1-18x7.jpg 18w, https:\/\/1dronas.lt\/wp-content\/uploads\/2026\/01\/10._cff25e4a-fd33-4fb0-8b52-f938b6a902b1-510x186.jpg 510w\" sizes=\"auto, (max-width: 1920px) 100vw, 1920px\" \/><\/p>\n<p><strong>Connection:<\/strong><\/p>\n<p><img loading=\"lazy\" decoding=\"async\" class=\"alignnone wp-image-15653 size-full\" src=\"https:\/\/1dronas.lt\/wp-content\/uploads\/2026\/01\/11.jpg\" alt=\"\" width=\"1920\" height=\"1000\" srcset=\"https:\/\/1dronas.lt\/wp-content\/uploads\/2026\/01\/11.jpg 1920w, https:\/\/1dronas.lt\/wp-content\/uploads\/2026\/01\/11-300x156.jpg 300w, https:\/\/1dronas.lt\/wp-content\/uploads\/2026\/01\/11-1024x533.jpg 1024w, https:\/\/1dronas.lt\/wp-content\/uploads\/2026\/01\/11-768x400.jpg 768w, https:\/\/1dronas.lt\/wp-content\/uploads\/2026\/01\/11-1536x800.jpg 1536w, https:\/\/1dronas.lt\/wp-content\/uploads\/2026\/01\/11-18x9.jpg 18w, https:\/\/1dronas.lt\/wp-content\/uploads\/2026\/01\/11-510x266.jpg 510w\" sizes=\"auto, (max-width: 1920px) 100vw, 1920px\" \/><\/p>\n<p><strong>Specification:<\/strong><\/p>\n<p><strong>Camera<\/strong><\/p>\n<p>\u2022 Model: Avatar Lite Camera;<br \/>\n\u2022 Image sensor: 1\/2.7 inch;<br \/>\n\u2022 Resolution: 1080p \/ 60fps, 720p \/ 120fps, 720p \/ 60fps;<br \/>\n\u2022 Aspect ratio: 16:9 \/ 4:3;<br \/>\n\u2022 Lens: 2.1 mm;<br \/>\n\u2022 Field of view (FOV): 170\u00b0;<br \/>\n\u2022 Lens brightness: F2.0;<br \/>\n\u2022 Shutter type: Rolling shutter;<br \/>\n\u2022 Minimum illumination: 0.001 Lux;<br \/>\n\u2022 Weight: 1.8 g;<br \/>\n\u2022 Dimensions: 14 x 14 x 16 mm.<\/p>\n<p><strong>VTX<\/strong><\/p>\n<p>\u2022 Model: Avatar Mini 1S Module;<br \/>\n\u2022 Communication frequency: 5.725\u20135.850 GHz;<br \/>\n\u2022 Transmitter power (EIRP): FCC: &lt;27 dBm; CE: &lt;14dBm; SRRC: &lt;20dBm; MIC: &lt;25dBm;<br \/>\n\u2022 Connectors: JST1.0 \u00d7 6 (power), JST0.8 \u00d7 4 (USB);<br \/>\n\u2022 Mounting holes: 25.5 x 25.5 mm;<br \/>\n\u2022 Dimensions: 30 x 30 x 6.5 mm;<br \/>\n\u2022 Memory: 8 GB (V2) \/ 32 GB (V3);<br \/>\n\u2022 Recording: 1080p \/ 720p;<br \/>\n\u2022 Weight: 6.8 g;<br \/>\n\u2022 Operating temperature: -20\u201340 \u00b0C;<br \/>\n\u2022 Number of channels: 8;<br \/>\n\u2022 Input voltage: 3.1-5 V (V2) \/ 3.1-13 V (V3);<br \/>\n\u2022 Supported FC systems: Betaflight, iNav, Fettec, KISS, ArduPilot;<br \/>\n\u2022 OSD: Canvas mode;<br \/>\n\u2022 Bitrate: 25 Mbps \/ 50 Mbps;<br \/>\n\u2022 Average latency: 22 ms;<br \/>\n\u2022 Antenna connector: IPEX.<\/p>\n<p><strong>Antenna<\/strong><\/p>\n<p>\u2022 Polarization: linear;<br \/>\n\u2022 Frequency range: 5600\u20135900 MHz;<br \/>\n\u2022 Gain: 1.6 dBi;<br \/>\n\u2022 VSWR: \u22641.5;<br \/>\n\u2022 Input impedance: 50 \u03a9;<br \/>\n\u2022 Connector: IPEX-1;<br \/>\n\u2022 Dimensions: \u00d85 mm x 70 mm;<br \/>\n\u2022 Weight: 0.5 g.<\/p>\n<p><strong>Package:<\/strong><\/p>\n<p>1x Avatar Mini 1S Lite KIT;<br \/>\n1x 4-pin USB cable;<br data-start=\"73\" data-end=\"76\" \/>1x 4-pin power cable;<br data-start=\"116\" data-end=\"119\" \/>4x 1.4 \u00d7 8 mm screws;<br data-start=\"150\" data-end=\"153\" \/>2x 1.4 \u00d7 10 mm screws;<br data-start=\"185\" data-end=\"188\" \/>4x M2 anti-vibration rubber shock absorbers (6 mm).<\/p>\n<p data-start=\"1191\" data-end=\"1216\"><img loading=\"lazy\" decoding=\"async\" class=\"alignnone wp-image-15660 size-large\" src=\"https:\/\/1dronas.lt\/wp-content\/uploads\/2026\/01\/Avatar_1s_lite-1024x1024.jpg\" alt=\"\" width=\"1020\" height=\"1020\" srcset=\"https:\/\/1dronas.lt\/wp-content\/uploads\/2026\/01\/Avatar_1s_lite-1024x1024.jpg 1024w, https:\/\/1dronas.lt\/wp-content\/uploads\/2026\/01\/Avatar_1s_lite-300x300.jpg 300w, https:\/\/1dronas.lt\/wp-content\/uploads\/2026\/01\/Avatar_1s_lite-150x150.jpg 150w, https:\/\/1dronas.lt\/wp-content\/uploads\/2026\/01\/Avatar_1s_lite-768x768.jpg 768w, https:\/\/1dronas.lt\/wp-content\/uploads\/2026\/01\/Avatar_1s_lite-1536x1536.jpg 1536w, https:\/\/1dronas.lt\/wp-content\/uploads\/2026\/01\/Avatar_1s_lite-12x12.jpg 12w, https:\/\/1dronas.lt\/wp-content\/uploads\/2026\/01\/Avatar_1s_lite-247x247.jpg 247w, https:\/\/1dronas.lt\/wp-content\/uploads\/2026\/01\/Avatar_1s_lite-510x510.jpg 510w, https:\/\/1dronas.lt\/wp-content\/uploads\/2026\/01\/Avatar_1s_lite-100x100.jpg 100w, https:\/\/1dronas.lt\/wp-content\/uploads\/2026\/01\/Avatar_1s_lite.jpg 2000w\" sizes=\"auto, (max-width: 1020px) 100vw, 1020px\" \/><\/p>","protected":false},"excerpt":{"rendered":"<p><span style=\"color: #000000;\">The Avatar HD Mini 1S Lite Kit comes with a new version of the VTX board, which is smaller, lighter, and more robust.<\/span><\/p>\n<p><span style=\"color: #000000;\"><img loading=\"lazy\" decoding=\"async\" class=\"alignnone wp-image-1806\" src=\"https:\/\/1dronas.lt\/wp-content\/uploads\/2021\/05\/delivery-icon.png\" alt=\"\" width=\"24\" height=\"24\" srcset=\"https:\/\/1dronas.lt\/wp-content\/uploads\/2021\/05\/delivery-icon.png 35w, https:\/\/1dronas.lt\/wp-content\/uploads\/2021\/05\/delivery-icon-12x12.png 12w\" sizes=\"auto, (max-width: 24px) 100vw, 24px\" \/><strong>\u00a0 1 \u2013 2 days<\/strong><\/span><\/p>","protected":false},"featured_media":15657,"comment_status":"open","ping_status":"closed","template":"","meta":[],"product_brand":[1151],"product_cat":[218],"product_tag":[95,1123,1113,1008,1125,1117],"class_list":{"0":"post-15644","1":"product","2":"type-product","3":"status-publish","4":"has-post-thumbnail","6":"product_brand-walksnail","7":"product_cat-vaizdo-siustuvai-vtx","8":"product_tag-1s","9":"product_tag-avatar-hd","10":"product_tag-caddxfpv","11":"product_tag-lite","12":"product_tag-mini","13":"product_tag-walksnail","15":"first","16":"instock","17":"taxable","18":"shipping-taxable","19":"purchasable","20":"product-type-simple"},"yoast_head":"<!-- This site is optimized with the Yoast SEO plugin v27.5 - https:\/\/yoast.com\/product\/yoast-seo-wordpress\/ -->\n<title>Walksnail Avatar HD Mini 1s Lite Kit - 1dronas.lt<\/title>\n<meta name=\"robots\" content=\"index, follow, max-snippet:-1, max-image-preview:large, max-video-preview:-1\" \/>\n<link rel=\"canonical\" href=\"https:\/\/1dronas.lt\/en\/produktas\/caddxfpv-walksnail-avatar-hd-mini-1s-lite-kit\/\" \/>\n<meta property=\"og:locale\" content=\"en_US\" \/>\n<meta property=\"og:type\" content=\"article\" \/>\n<meta property=\"og:title\" content=\"Walksnail Avatar HD Mini 1s Lite Kit - 1dronas.lt\" \/>\n<meta property=\"og:description\" content=\"Avatar HD Mini 1S Lite Kit komplektuojamas su naujos versijos VTX plok\u0161te, kuri yra ma\u017eesn\u0117, lengvesn\u0117 ir tvirtesn\u0117.  \u00a0 1 \u2013 2 d. d.\" \/>\n<meta property=\"og:url\" content=\"https:\/\/1dronas.lt\/en\/produktas\/caddxfpv-walksnail-avatar-hd-mini-1s-lite-kit\/\" \/>\n<meta property=\"og:site_name\" content=\"1dronas.lt\" \/>\n<meta property=\"article:publisher\" content=\"https:\/\/www.facebook.com\/1dronas\/\" \/>\n<meta property=\"article:modified_time\" content=\"2026-02-15T16:26:52+00:00\" \/>\n<meta property=\"og:image\" content=\"https:\/\/1dronas.lt\/wp-content\/uploads\/2026\/01\/WALKSNAILAvatarHDMini1SLiteKit.jpg\" \/>\n\t<meta property=\"og:image:width\" content=\"1200\" \/>\n\t<meta property=\"og:image:height\" content=\"1200\" \/>\n\t<meta property=\"og:image:type\" content=\"image\/jpeg\" \/>\n<meta name=\"twitter:card\" content=\"summary_large_image\" \/>\n<meta name=\"twitter:label1\" content=\"Est. reading time\" \/>\n\t<meta name=\"twitter:data1\" content=\"5 minutes\" \/>\n<script type=\"application\/ld+json\" class=\"yoast-schema-graph\">{\"@context\":\"https:\\\/\\\/schema.org\",\"@graph\":[{\"@type\":\"WebPage\",\"@id\":\"https:\\\/\\\/1dronas.lt\\\/en\\\/produktas\\\/caddxfpv-walksnail-avatar-hd-mini-1s-lite-kit\\\/\",\"url\":\"https:\\\/\\\/1dronas.lt\\\/en\\\/produktas\\\/caddxfpv-walksnail-avatar-hd-mini-1s-lite-kit\\\/\",\"name\":\"Walksnail Avatar HD Mini 1s Lite Kit - 1dronas.lt\",\"isPartOf\":{\"@id\":\"https:\\\/\\\/1dronas.lt\\\/en\\\/#website\"},\"primaryImageOfPage\":{\"@id\":\"https:\\\/\\\/1dronas.lt\\\/en\\\/produktas\\\/caddxfpv-walksnail-avatar-hd-mini-1s-lite-kit\\\/#primaryimage\"},\"image\":{\"@id\":\"https:\\\/\\\/1dronas.lt\\\/en\\\/produktas\\\/caddxfpv-walksnail-avatar-hd-mini-1s-lite-kit\\\/#primaryimage\"},\"thumbnailUrl\":\"https:\\\/\\\/1dronas.lt\\\/wp-content\\\/uploads\\\/2026\\\/01\\\/WALKSNAILAvatarHDMini1SLiteKit.jpg\",\"datePublished\":\"2026-01-22T17:10:35+00:00\",\"dateModified\":\"2026-02-15T16:26:52+00:00\",\"breadcrumb\":{\"@id\":\"https:\\\/\\\/1dronas.lt\\\/en\\\/produktas\\\/caddxfpv-walksnail-avatar-hd-mini-1s-lite-kit\\\/#breadcrumb\"},\"inLanguage\":\"en-US\",\"potentialAction\":[{\"@type\":\"ReadAction\",\"target\":[\"https:\\\/\\\/1dronas.lt\\\/en\\\/produktas\\\/caddxfpv-walksnail-avatar-hd-mini-1s-lite-kit\\\/\"]}]},{\"@type\":\"ImageObject\",\"inLanguage\":\"en-US\",\"@id\":\"https:\\\/\\\/1dronas.lt\\\/en\\\/produktas\\\/caddxfpv-walksnail-avatar-hd-mini-1s-lite-kit\\\/#primaryimage\",\"url\":\"https:\\\/\\\/1dronas.lt\\\/wp-content\\\/uploads\\\/2026\\\/01\\\/WALKSNAILAvatarHDMini1SLiteKit.jpg\",\"contentUrl\":\"https:\\\/\\\/1dronas.lt\\\/wp-content\\\/uploads\\\/2026\\\/01\\\/WALKSNAILAvatarHDMini1SLiteKit.jpg\",\"width\":1200,\"height\":1200},{\"@type\":\"BreadcrumbList\",\"@id\":\"https:\\\/\\\/1dronas.lt\\\/en\\\/produktas\\\/caddxfpv-walksnail-avatar-hd-mini-1s-lite-kit\\\/#breadcrumb\",\"itemListElement\":[{\"@type\":\"ListItem\",\"position\":1,\"name\":\"Home\",\"item\":\"https:\\\/\\\/1dronas.lt\\\/\"},{\"@type\":\"ListItem\",\"position\":2,\"name\":\"Parduotuv\u0117\",\"item\":\"https:\\\/\\\/1dronas.lt\\\/parduotuve\\\/\"},{\"@type\":\"ListItem\",\"position\":3,\"name\":\"Walksnail Avatar HD Mini 1s Lite Kit\"}]},{\"@type\":\"WebSite\",\"@id\":\"https:\\\/\\\/1dronas.lt\\\/en\\\/#website\",\"url\":\"https:\\\/\\\/1dronas.lt\\\/en\\\/\",\"name\":\"1dronas.lt\",\"description\":\"Internetin\u0117 parduotuv\u0117\",\"publisher\":{\"@id\":\"https:\\\/\\\/1dronas.lt\\\/en\\\/#organization\"},\"potentialAction\":[{\"@type\":\"SearchAction\",\"target\":{\"@type\":\"EntryPoint\",\"urlTemplate\":\"https:\\\/\\\/1dronas.lt\\\/en\\\/?s={search_term_string}\"},\"query-input\":{\"@type\":\"PropertyValueSpecification\",\"valueRequired\":true,\"valueName\":\"search_term_string\"}}],\"inLanguage\":\"en-US\"},{\"@type\":\"Organization\",\"@id\":\"https:\\\/\\\/1dronas.lt\\\/en\\\/#organization\",\"name\":\"1dronas.lt\",\"url\":\"https:\\\/\\\/1dronas.lt\\\/en\\\/\",\"logo\":{\"@type\":\"ImageObject\",\"inLanguage\":\"en-US\",\"@id\":\"https:\\\/\\\/1dronas.lt\\\/en\\\/#\\\/schema\\\/logo\\\/image\\\/\",\"url\":\"https:\\\/\\\/1dronas.lt\\\/wp-content\\\/uploads\\\/2020\\\/12\\\/Ekrano_kopija__2_-removebg-preview-1-1.png\",\"contentUrl\":\"https:\\\/\\\/1dronas.lt\\\/wp-content\\\/uploads\\\/2020\\\/12\\\/Ekrano_kopija__2_-removebg-preview-1-1.png\",\"width\":234,\"height\":81,\"caption\":\"1dronas.lt\"},\"image\":{\"@id\":\"https:\\\/\\\/1dronas.lt\\\/en\\\/#\\\/schema\\\/logo\\\/image\\\/\"},\"sameAs\":[\"https:\\\/\\\/www.facebook.com\\\/1dronas\\\/\"]}]}<\/script>\n<!-- \/ Yoast SEO plugin. -->","yoast_head_json":{"title":"Walksnail Avatar HD Mini 1s Lite Kit - 1dronas.lt","robots":{"index":"index","follow":"follow","max-snippet":"max-snippet:-1","max-image-preview":"max-image-preview:large","max-video-preview":"max-video-preview:-1"},"canonical":"https:\/\/1dronas.lt\/en\/produktas\/caddxfpv-walksnail-avatar-hd-mini-1s-lite-kit\/","og_locale":"en_US","og_type":"article","og_title":"Walksnail Avatar HD Mini 1s Lite Kit - 1dronas.lt","og_description":"Avatar HD Mini 1S Lite Kit komplektuojamas su naujos versijos VTX plok\u0161te, kuri yra ma\u017eesn\u0117, lengvesn\u0117 ir tvirtesn\u0117.  \u00a0 1 \u2013 2 d. d.","og_url":"https:\/\/1dronas.lt\/en\/produktas\/caddxfpv-walksnail-avatar-hd-mini-1s-lite-kit\/","og_site_name":"1dronas.lt","article_publisher":"https:\/\/www.facebook.com\/1dronas\/","article_modified_time":"2026-02-15T16:26:52+00:00","og_image":[{"width":1200,"height":1200,"url":"https:\/\/1dronas.lt\/wp-content\/uploads\/2026\/01\/WALKSNAILAvatarHDMini1SLiteKit.jpg","type":"image\/jpeg"}],"twitter_card":"summary_large_image","twitter_misc":{"Est. reading time":"5 minutes"},"schema":{"@context":"https:\/\/schema.org","@graph":[{"@type":"WebPage","@id":"https:\/\/1dronas.lt\/en\/produktas\/caddxfpv-walksnail-avatar-hd-mini-1s-lite-kit\/","url":"https:\/\/1dronas.lt\/en\/produktas\/caddxfpv-walksnail-avatar-hd-mini-1s-lite-kit\/","name":"Walksnail Avatar HD Mini 1s Lite Kit - 1dronas.lt","isPartOf":{"@id":"https:\/\/1dronas.lt\/en\/#website"},"primaryImageOfPage":{"@id":"https:\/\/1dronas.lt\/en\/produktas\/caddxfpv-walksnail-avatar-hd-mini-1s-lite-kit\/#primaryimage"},"image":{"@id":"https:\/\/1dronas.lt\/en\/produktas\/caddxfpv-walksnail-avatar-hd-mini-1s-lite-kit\/#primaryimage"},"thumbnailUrl":"https:\/\/1dronas.lt\/wp-content\/uploads\/2026\/01\/WALKSNAILAvatarHDMini1SLiteKit.jpg","datePublished":"2026-01-22T17:10:35+00:00","dateModified":"2026-02-15T16:26:52+00:00","breadcrumb":{"@id":"https:\/\/1dronas.lt\/en\/produktas\/caddxfpv-walksnail-avatar-hd-mini-1s-lite-kit\/#breadcrumb"},"inLanguage":"en-US","potentialAction":[{"@type":"ReadAction","target":["https:\/\/1dronas.lt\/en\/produktas\/caddxfpv-walksnail-avatar-hd-mini-1s-lite-kit\/"]}]},{"@type":"ImageObject","inLanguage":"en-US","@id":"https:\/\/1dronas.lt\/en\/produktas\/caddxfpv-walksnail-avatar-hd-mini-1s-lite-kit\/#primaryimage","url":"https:\/\/1dronas.lt\/wp-content\/uploads\/2026\/01\/WALKSNAILAvatarHDMini1SLiteKit.jpg","contentUrl":"https:\/\/1dronas.lt\/wp-content\/uploads\/2026\/01\/WALKSNAILAvatarHDMini1SLiteKit.jpg","width":1200,"height":1200},{"@type":"BreadcrumbList","@id":"https:\/\/1dronas.lt\/en\/produktas\/caddxfpv-walksnail-avatar-hd-mini-1s-lite-kit\/#breadcrumb","itemListElement":[{"@type":"ListItem","position":1,"name":"Home","item":"https:\/\/1dronas.lt\/"},{"@type":"ListItem","position":2,"name":"Parduotuv\u0117","item":"https:\/\/1dronas.lt\/parduotuve\/"},{"@type":"ListItem","position":3,"name":"Walksnail Avatar HD Mini 1s Lite Kit"}]},{"@type":"WebSite","@id":"https:\/\/1dronas.lt\/en\/#website","url":"https:\/\/1dronas.lt\/en\/","name":"1dronas.lt","description":"Online store","publisher":{"@id":"https:\/\/1dronas.lt\/en\/#organization"},"potentialAction":[{"@type":"SearchAction","target":{"@type":"EntryPoint","urlTemplate":"https:\/\/1dronas.lt\/en\/?s={search_term_string}"},"query-input":{"@type":"PropertyValueSpecification","valueRequired":true,"valueName":"search_term_string"}}],"inLanguage":"en-US"},{"@type":"Organization","@id":"https:\/\/1dronas.lt\/en\/#organization","name":"1dronas.lt","url":"https:\/\/1dronas.lt\/en\/","logo":{"@type":"ImageObject","inLanguage":"en-US","@id":"https:\/\/1dronas.lt\/en\/#\/schema\/logo\/image\/","url":"https:\/\/1dronas.lt\/wp-content\/uploads\/2020\/12\/Ekrano_kopija__2_-removebg-preview-1-1.png","contentUrl":"https:\/\/1dronas.lt\/wp-content\/uploads\/2020\/12\/Ekrano_kopija__2_-removebg-preview-1-1.png","width":234,"height":81,"caption":"1dronas.lt"},"image":{"@id":"https:\/\/1dronas.lt\/en\/#\/schema\/logo\/image\/"},"sameAs":["https:\/\/www.facebook.com\/1dronas\/"]}]}},"jetpack_sharing_enabled":true,"_links":{"self":[{"href":"https:\/\/1dronas.lt\/en\/wp-json\/wp\/v2\/product\/15644","targetHints":{"allow":["GET"]}}],"collection":[{"href":"https:\/\/1dronas.lt\/en\/wp-json\/wp\/v2\/product"}],"about":[{"href":"https:\/\/1dronas.lt\/en\/wp-json\/wp\/v2\/types\/product"}],"replies":[{"embeddable":true,"href":"https:\/\/1dronas.lt\/en\/wp-json\/wp\/v2\/comments?post=15644"}],"wp:featuredmedia":[{"embeddable":true,"href":"https:\/\/1dronas.lt\/en\/wp-json\/wp\/v2\/media\/15657"}],"wp:attachment":[{"href":"https:\/\/1dronas.lt\/en\/wp-json\/wp\/v2\/media?parent=15644"}],"wp:term":[{"taxonomy":"product_brand","embeddable":true,"href":"https:\/\/1dronas.lt\/en\/wp-json\/wp\/v2\/product_brand?post=15644"},{"taxonomy":"product_cat","embeddable":true,"href":"https:\/\/1dronas.lt\/en\/wp-json\/wp\/v2\/product_cat?post=15644"},{"taxonomy":"product_tag","embeddable":true,"href":"https:\/\/1dronas.lt\/en\/wp-json\/wp\/v2\/product_tag?post=15644"}],"curies":[{"name":"wp","href":"https:\/\/api.w.org\/{rel}","templated":true}]}}