{"id":15608,"date":"2026-01-20T23:08:04","date_gmt":"2026-01-20T21:08:04","guid":{"rendered":"https:\/\/1dronas.lt\/?post_type=product&#038;p=15608"},"modified":"2026-01-30T12:26:03","modified_gmt":"2026-01-30T10:26:03","slug":"walksnail-avatar-hd-mini-1s-kit","status":"publish","type":"product","link":"https:\/\/1dronas.lt\/en\/produktas\/caddxfpv-walksnail-avatar-hd-mini-1s-kit\/","title":{"rendered":"Walksnail Avatar HD Mini 1s Kit"},"content":{"rendered":"<p><img loading=\"lazy\" decoding=\"async\" class=\"alignnone wp-image-15609 size-full\" src=\"https:\/\/1dronas.lt\/wp-content\/uploads\/2026\/01\/1s__02.jpg\" alt=\"\" width=\"1920\" height=\"1080\" srcset=\"https:\/\/1dronas.lt\/wp-content\/uploads\/2026\/01\/1s__02.jpg 1920w, https:\/\/1dronas.lt\/wp-content\/uploads\/2026\/01\/1s__02-300x169.jpg 300w, https:\/\/1dronas.lt\/wp-content\/uploads\/2026\/01\/1s__02-1024x576.jpg 1024w, https:\/\/1dronas.lt\/wp-content\/uploads\/2026\/01\/1s__02-768x432.jpg 768w, https:\/\/1dronas.lt\/wp-content\/uploads\/2026\/01\/1s__02-1536x864.jpg 1536w, https:\/\/1dronas.lt\/wp-content\/uploads\/2026\/01\/1s__02-18x10.jpg 18w, https:\/\/1dronas.lt\/wp-content\/uploads\/2026\/01\/1s__02-510x287.jpg 510w\" sizes=\"auto, (max-width: 1920px) 100vw, 1920px\" \/><\/p>\n<p>1080p\/60 FPS, 720p\/120 FPS The Avatar HD system uses advanced H.265 encoding, which ensures 1080p FPV video quality with ultra-low latency.<\/p>\n<p><img loading=\"lazy\" decoding=\"async\" class=\"alignnone wp-image-15610 size-full\" src=\"https:\/\/1dronas.lt\/wp-content\/uploads\/2026\/01\/1s__04.jpg\" alt=\"\" width=\"1920\" height=\"1134\" srcset=\"https:\/\/1dronas.lt\/wp-content\/uploads\/2026\/01\/1s__04.jpg 1920w, https:\/\/1dronas.lt\/wp-content\/uploads\/2026\/01\/1s__04-300x177.jpg 300w, https:\/\/1dronas.lt\/wp-content\/uploads\/2026\/01\/1s__04-1024x605.jpg 1024w, https:\/\/1dronas.lt\/wp-content\/uploads\/2026\/01\/1s__04-768x454.jpg 768w, https:\/\/1dronas.lt\/wp-content\/uploads\/2026\/01\/1s__04-1536x907.jpg 1536w, https:\/\/1dronas.lt\/wp-content\/uploads\/2026\/01\/1s__04-18x12.jpg 18w, https:\/\/1dronas.lt\/wp-content\/uploads\/2026\/01\/1s__04-510x301.jpg 510w\" sizes=\"auto, (max-width: 1920px) 100vw, 1920px\" \/><\/p>\n<p>Lightweight, weighing just 6.8g, the Avatar Mini 1S VTX is perfect for 75mm whoop drones.<\/p>\n<p><img loading=\"lazy\" decoding=\"async\" class=\"alignnone wp-image-15611 size-full\" src=\"https:\/\/1dronas.lt\/wp-content\/uploads\/2026\/01\/1s__05.jpg\" alt=\"\" width=\"1920\" height=\"1080\" srcset=\"https:\/\/1dronas.lt\/wp-content\/uploads\/2026\/01\/1s__05.jpg 1920w, https:\/\/1dronas.lt\/wp-content\/uploads\/2026\/01\/1s__05-300x169.jpg 300w, https:\/\/1dronas.lt\/wp-content\/uploads\/2026\/01\/1s__05-1024x576.jpg 1024w, https:\/\/1dronas.lt\/wp-content\/uploads\/2026\/01\/1s__05-768x432.jpg 768w, https:\/\/1dronas.lt\/wp-content\/uploads\/2026\/01\/1s__05-1536x864.jpg 1536w, https:\/\/1dronas.lt\/wp-content\/uploads\/2026\/01\/1s__05-18x10.jpg 18w, https:\/\/1dronas.lt\/wp-content\/uploads\/2026\/01\/1s__05-510x287.jpg 510w\" sizes=\"auto, (max-width: 1920px) 100vw, 1920px\" \/><\/p>\n<p>Supports both high and standard frame rate modes; in high frame rate mode, the average latency is 22 ms.<\/p>\n<p><img loading=\"lazy\" decoding=\"async\" class=\"alignnone wp-image-15618 size-full\" src=\"https:\/\/1dronas.lt\/wp-content\/uploads\/2026\/01\/07312e29bdd4163e2c4046381246825.jpg\" alt=\"\" width=\"1920\" height=\"800\" srcset=\"https:\/\/1dronas.lt\/wp-content\/uploads\/2026\/01\/07312e29bdd4163e2c4046381246825.jpg 1920w, https:\/\/1dronas.lt\/wp-content\/uploads\/2026\/01\/07312e29bdd4163e2c4046381246825-300x125.jpg 300w, https:\/\/1dronas.lt\/wp-content\/uploads\/2026\/01\/07312e29bdd4163e2c4046381246825-1024x427.jpg 1024w, https:\/\/1dronas.lt\/wp-content\/uploads\/2026\/01\/07312e29bdd4163e2c4046381246825-768x320.jpg 768w, https:\/\/1dronas.lt\/wp-content\/uploads\/2026\/01\/07312e29bdd4163e2c4046381246825-1536x640.jpg 1536w, https:\/\/1dronas.lt\/wp-content\/uploads\/2026\/01\/07312e29bdd4163e2c4046381246825-18x8.jpg 18w, https:\/\/1dronas.lt\/wp-content\/uploads\/2026\/01\/07312e29bdd4163e2c4046381246825-510x213.jpg 510w\" sizes=\"auto, (max-width: 1920px) 100vw, 1920px\" \/><\/p>\n<p>The Avatar Mini 1S VTX has 32GB of built-in memory, allowing you to record 1080p\/60 fps or 720p\/100 fps\/60 fps HD flight footage without interruption.<\/p>\n<p><img loading=\"lazy\" decoding=\"async\" class=\"alignnone wp-image-15617 size-full\" src=\"https:\/\/1dronas.lt\/wp-content\/uploads\/2026\/01\/32_ede05b0c-54d6-4961-b09c-71cb02de2acb.jpg\" alt=\"\" width=\"1920\" height=\"919\" srcset=\"https:\/\/1dronas.lt\/wp-content\/uploads\/2026\/01\/32_ede05b0c-54d6-4961-b09c-71cb02de2acb.jpg 1920w, https:\/\/1dronas.lt\/wp-content\/uploads\/2026\/01\/32_ede05b0c-54d6-4961-b09c-71cb02de2acb-300x144.jpg 300w, https:\/\/1dronas.lt\/wp-content\/uploads\/2026\/01\/32_ede05b0c-54d6-4961-b09c-71cb02de2acb-1024x490.jpg 1024w, https:\/\/1dronas.lt\/wp-content\/uploads\/2026\/01\/32_ede05b0c-54d6-4961-b09c-71cb02de2acb-768x368.jpg 768w, https:\/\/1dronas.lt\/wp-content\/uploads\/2026\/01\/32_ede05b0c-54d6-4961-b09c-71cb02de2acb-1536x735.jpg 1536w, https:\/\/1dronas.lt\/wp-content\/uploads\/2026\/01\/32_ede05b0c-54d6-4961-b09c-71cb02de2acb-18x9.jpg 18w, https:\/\/1dronas.lt\/wp-content\/uploads\/2026\/01\/32_ede05b0c-54d6-4961-b09c-71cb02de2acb-510x244.jpg 510w\" sizes=\"auto, (max-width: 1920px) 100vw, 1920px\" \/><\/p>\n<p><strong>Connection:<\/strong><\/p>\n<p><img loading=\"lazy\" decoding=\"async\" class=\"alignnone wp-image-15616 size-full\" src=\"https:\/\/1dronas.lt\/wp-content\/uploads\/2026\/01\/7_1b997f21-ea74-4a09-9909-a5954b8749e8.jpg\" alt=\"\" width=\"1920\" height=\"1118\" srcset=\"https:\/\/1dronas.lt\/wp-content\/uploads\/2026\/01\/7_1b997f21-ea74-4a09-9909-a5954b8749e8.jpg 1920w, https:\/\/1dronas.lt\/wp-content\/uploads\/2026\/01\/7_1b997f21-ea74-4a09-9909-a5954b8749e8-300x175.jpg 300w, https:\/\/1dronas.lt\/wp-content\/uploads\/2026\/01\/7_1b997f21-ea74-4a09-9909-a5954b8749e8-1024x596.jpg 1024w, https:\/\/1dronas.lt\/wp-content\/uploads\/2026\/01\/7_1b997f21-ea74-4a09-9909-a5954b8749e8-768x447.jpg 768w, https:\/\/1dronas.lt\/wp-content\/uploads\/2026\/01\/7_1b997f21-ea74-4a09-9909-a5954b8749e8-1536x894.jpg 1536w, https:\/\/1dronas.lt\/wp-content\/uploads\/2026\/01\/7_1b997f21-ea74-4a09-9909-a5954b8749e8-18x10.jpg 18w, https:\/\/1dronas.lt\/wp-content\/uploads\/2026\/01\/7_1b997f21-ea74-4a09-9909-a5954b8749e8-510x297.jpg 510w\" sizes=\"auto, (max-width: 1920px) 100vw, 1920px\" \/><\/p>\n<p><strong>Specification:<\/strong><\/p>\n<p><strong>Camera<\/strong><\/p>\n<p data-start=\"119\" data-end=\"145\">\u2022 Model: Avatar Nano;<br \/>\n\u2022 Image sensor: 1\/2.7 inch (1 inch);<br \/>\n\u2022 Resolution: 1080p \/ 60fps, 720p \/ 120fps, 720p \/ 60fps;<br \/>\n\u2022 Aspect ratio: 16:9 \/ 4:3;<br \/>\n\u2022 Lens: 2.1 mm;<br \/>\n\u2022 Field of view (FOV): 170\u00b0;<br \/>\n\u2022 Lens brightness: F2.0;<br \/>\n\u2022 Shutter type: Rolling Shutter;<br \/>\n\u2022 Minimum illumination: 0.001 Lux;<br \/>\n\u2022 Weight: 3.5 g;<br \/>\n\u2022 Dimensions: 14 \u00d7 14 \u00d7 17 mm;<br \/>\n\u2022 Coaxial cable length: 55 mm.<\/p>\n<p data-start=\"119\" data-end=\"145\"><strong data-start=\"599\" data-end=\"630\">VTX<\/strong><\/p>\n<p data-start=\"635\" data-end=\"671\">\u2022 Model: Avatar Mini 1S Module;<br \/>\n\u2022 Communication frequency: 5.725\u20135.850 GHz;<br \/>\n\u2022 Transmitter power (EIRP): FCC: &lt;25.5 dBm; CE: &lt;14dBm; SRRC: &lt;20dBm; MIC: &lt;25dBm;<br \/>\n\u2022 Connectors: JST1.0 \u00d7 6 (power), JST0.8 \u00d7 4 (USB);<br \/>\n\u2022 Mounting holes: 25.5 \u00d7 25.5 mm;<br \/>\n\u2022 Dimensions: 30 \u00d7 30 \u00d7 6.5 mm;<br \/>\n\u2022 Memory: 8 GB (v2) \/ 32 GB (v3);<br \/>\n\u2022 Recording: 1080p \/ 720p;<br \/>\n\u2022 Weight: 6.8 g;<br \/>\n\u2022 Operating temperature: -20\u201340 \u00b0C;<br \/>\n\u2022 Number of channels: 8;<br \/>\n\u2022 Input voltage: 3.1-5 V (v2) \/ 3.1-13 V (v3);<br \/>\n\u2022 Supported FC systems: Betaflight, iNav, Fettec, KISS, ArduPilot;<br \/>\n\u2022 OSD: Canvas mode;<br \/>\n<strong>\u2022\u00a0<\/strong>Bitrate: 25 Mbps \/ 50 Mbps;<br \/>\n\u2022 Average latency: 22 ms;<br \/>\n\u2022 Antenna: IPEX.<\/p>\n<p data-start=\"635\" data-end=\"671\"><strong data-start=\"1352\" data-end=\"1386\">Antenna<\/strong><\/p>\n<p data-start=\"1391\" data-end=\"1416\">\u2022 Polarization: LHCP;<br \/>\n\u2022 Frequency band: 5600\u20136000 MHz;<br \/>\n\u2022 Average gain: 1.9 dBi;<br \/>\n\u2022 VSWR: &lt;1.5;<br \/>\n\u2022 Cable length: 90 mm;<br \/>\n\u2022 Input impedance: 50 \u03a9;<br \/>\n\u2022 Interface: IPEX-1;<br \/>\n\u2022 Dimensions: 15 mm \u00d7 105 mm<br \/>\n\u2022 Weight: 2 g.<\/p>\n<p data-start=\"1391\" data-end=\"1416\"><strong>Package:<\/strong><\/p>\n<p data-start=\"1391\" data-end=\"1416\">1x Avatar Mini 1S KIT;<br data-start=\"31\" data-end=\"34\" \/>1x 4-pin USB cable;<br data-start=\"68\" data-end=\"71\" \/>1x 6-pin power cable;<br data-start=\"111\" data-end=\"114\" \/>2x M2 \u00d7 3\/4 mm screws;<br data-start=\"146\" data-end=\"149\" \/>4x M2 \u00d7 16mm screws;<br data-start=\"180\" data-end=\"183\" \/>4x M2 nuts;<br data-start=\"206\" data-end=\"209\" \/>5x 2.1 \u00d7 3.4 \u00d7 1 mm spacers.<\/p>\n<p data-start=\"1391\" data-end=\"1416\"><img loading=\"lazy\" decoding=\"async\" class=\"alignnone wp-image-15621 size-large\" src=\"https:\/\/1dronas.lt\/wp-content\/uploads\/2026\/01\/Mini-1S-KIT-1024x1024.jpg\" alt=\"\" width=\"1020\" height=\"1020\" srcset=\"https:\/\/1dronas.lt\/wp-content\/uploads\/2026\/01\/Mini-1S-KIT-1024x1024.jpg 1024w, https:\/\/1dronas.lt\/wp-content\/uploads\/2026\/01\/Mini-1S-KIT-300x300.jpg 300w, https:\/\/1dronas.lt\/wp-content\/uploads\/2026\/01\/Mini-1S-KIT-150x150.jpg 150w, https:\/\/1dronas.lt\/wp-content\/uploads\/2026\/01\/Mini-1S-KIT-768x768.jpg 768w, https:\/\/1dronas.lt\/wp-content\/uploads\/2026\/01\/Mini-1S-KIT-1536x1536.jpg 1536w, https:\/\/1dronas.lt\/wp-content\/uploads\/2026\/01\/Mini-1S-KIT-12x12.jpg 12w, https:\/\/1dronas.lt\/wp-content\/uploads\/2026\/01\/Mini-1S-KIT-247x247.jpg 247w, https:\/\/1dronas.lt\/wp-content\/uploads\/2026\/01\/Mini-1S-KIT-510x510.jpg 510w, https:\/\/1dronas.lt\/wp-content\/uploads\/2026\/01\/Mini-1S-KIT-100x100.jpg 100w, https:\/\/1dronas.lt\/wp-content\/uploads\/2026\/01\/Mini-1S-KIT.jpg 2000w\" sizes=\"auto, (max-width: 1020px) 100vw, 1020px\" \/><\/p>","protected":false},"excerpt":{"rendered":"<p><span style=\"color: #000000;\">The Avatar HD system uses advanced H.265 encoding, which ensures 1080p FPV video quality with ultra-low latency.<\/span><\/p>\n<p><span style=\"color: #000000;\"><img loading=\"lazy\" decoding=\"async\" class=\"alignnone wp-image-1806\" src=\"https:\/\/1dronas.lt\/wp-content\/uploads\/2021\/05\/delivery-icon.png\" alt=\"\" width=\"24\" height=\"24\" srcset=\"https:\/\/1dronas.lt\/wp-content\/uploads\/2021\/05\/delivery-icon.png 35w, https:\/\/1dronas.lt\/wp-content\/uploads\/2021\/05\/delivery-icon-12x12.png 12w\" sizes=\"auto, (max-width: 24px) 100vw, 24px\" \/><strong>\u00a0 1 \u2013 2 days<\/strong><\/span><\/p>","protected":false},"featured_media":15622,"comment_status":"open","ping_status":"closed","template":"","meta":[],"product_brand":[1151],"product_cat":[218],"product_tag":[1123,1113,1125,1117],"class_list":{"0":"post-15608","1":"product","2":"type-product","3":"status-publish","4":"has-post-thumbnail","6":"product_brand-walksnail","7":"product_cat-vaizdo-siustuvai-vtx","8":"product_tag-avatar-hd","9":"product_tag-caddxfpv","10":"product_tag-mini","11":"product_tag-walksnail","13":"first","14":"instock","15":"taxable","16":"shipping-taxable","17":"purchasable","18":"product-type-simple"},"yoast_head":"<!-- This site is optimized with the Yoast SEO plugin v27.5 - https:\/\/yoast.com\/product\/yoast-seo-wordpress\/ -->\n<title>Walksnail Avatar HD Mini 1s Kit - 1dronas.lt<\/title>\n<meta name=\"robots\" content=\"index, follow, max-snippet:-1, max-image-preview:large, max-video-preview:-1\" \/>\n<link rel=\"canonical\" href=\"https:\/\/1dronas.lt\/en\/produktas\/caddxfpv-walksnail-avatar-hd-mini-1s-kit\/\" \/>\n<meta property=\"og:locale\" content=\"en_US\" \/>\n<meta property=\"og:type\" content=\"article\" \/>\n<meta property=\"og:title\" content=\"Walksnail Avatar HD Mini 1s Kit - 1dronas.lt\" \/>\n<meta property=\"og:description\" content=\"Avatar HD sistema naudoja pa\u017eang\u0173 H.265 kodavim\u0105, kuris u\u017etikrina 1080p FPV vaizdo kokyb\u0119 su itin ma\u017eu v\u0117lavimu.  \u00a0 1 \u2013 2 d. d.\" \/>\n<meta property=\"og:url\" content=\"https:\/\/1dronas.lt\/en\/produktas\/caddxfpv-walksnail-avatar-hd-mini-1s-kit\/\" \/>\n<meta property=\"og:site_name\" content=\"1dronas.lt\" \/>\n<meta property=\"article:publisher\" content=\"https:\/\/www.facebook.com\/1dronas\/\" \/>\n<meta property=\"article:modified_time\" content=\"2026-01-30T10:26:03+00:00\" \/>\n<meta property=\"og:image\" content=\"https:\/\/1dronas.lt\/wp-content\/uploads\/2026\/01\/Mini-1S.jpg\" \/>\n\t<meta property=\"og:image:width\" content=\"2000\" \/>\n\t<meta property=\"og:image:height\" content=\"2000\" \/>\n\t<meta property=\"og:image:type\" content=\"image\/jpeg\" \/>\n<meta name=\"twitter:card\" content=\"summary_large_image\" \/>\n<meta name=\"twitter:label1\" content=\"Est. reading time\" \/>\n\t<meta name=\"twitter:data1\" content=\"4 minutes\" \/>\n<script type=\"application\/ld+json\" class=\"yoast-schema-graph\">{\"@context\":\"https:\\\/\\\/schema.org\",\"@graph\":[{\"@type\":\"WebPage\",\"@id\":\"https:\\\/\\\/1dronas.lt\\\/en\\\/produktas\\\/caddxfpv-walksnail-avatar-hd-mini-1s-kit\\\/\",\"url\":\"https:\\\/\\\/1dronas.lt\\\/en\\\/produktas\\\/caddxfpv-walksnail-avatar-hd-mini-1s-kit\\\/\",\"name\":\"Walksnail Avatar HD Mini 1s Kit - 1dronas.lt\",\"isPartOf\":{\"@id\":\"https:\\\/\\\/1dronas.lt\\\/en\\\/#website\"},\"primaryImageOfPage\":{\"@id\":\"https:\\\/\\\/1dronas.lt\\\/en\\\/produktas\\\/caddxfpv-walksnail-avatar-hd-mini-1s-kit\\\/#primaryimage\"},\"image\":{\"@id\":\"https:\\\/\\\/1dronas.lt\\\/en\\\/produktas\\\/caddxfpv-walksnail-avatar-hd-mini-1s-kit\\\/#primaryimage\"},\"thumbnailUrl\":\"https:\\\/\\\/1dronas.lt\\\/wp-content\\\/uploads\\\/2026\\\/01\\\/Mini-1S.jpg\",\"datePublished\":\"2026-01-20T21:08:04+00:00\",\"dateModified\":\"2026-01-30T10:26:03+00:00\",\"breadcrumb\":{\"@id\":\"https:\\\/\\\/1dronas.lt\\\/en\\\/produktas\\\/caddxfpv-walksnail-avatar-hd-mini-1s-kit\\\/#breadcrumb\"},\"inLanguage\":\"en-US\",\"potentialAction\":[{\"@type\":\"ReadAction\",\"target\":[\"https:\\\/\\\/1dronas.lt\\\/en\\\/produktas\\\/caddxfpv-walksnail-avatar-hd-mini-1s-kit\\\/\"]}]},{\"@type\":\"ImageObject\",\"inLanguage\":\"en-US\",\"@id\":\"https:\\\/\\\/1dronas.lt\\\/en\\\/produktas\\\/caddxfpv-walksnail-avatar-hd-mini-1s-kit\\\/#primaryimage\",\"url\":\"https:\\\/\\\/1dronas.lt\\\/wp-content\\\/uploads\\\/2026\\\/01\\\/Mini-1S.jpg\",\"contentUrl\":\"https:\\\/\\\/1dronas.lt\\\/wp-content\\\/uploads\\\/2026\\\/01\\\/Mini-1S.jpg\",\"width\":2000,\"height\":2000},{\"@type\":\"BreadcrumbList\",\"@id\":\"https:\\\/\\\/1dronas.lt\\\/en\\\/produktas\\\/caddxfpv-walksnail-avatar-hd-mini-1s-kit\\\/#breadcrumb\",\"itemListElement\":[{\"@type\":\"ListItem\",\"position\":1,\"name\":\"Home\",\"item\":\"https:\\\/\\\/1dronas.lt\\\/\"},{\"@type\":\"ListItem\",\"position\":2,\"name\":\"Parduotuv\u0117\",\"item\":\"https:\\\/\\\/1dronas.lt\\\/parduotuve\\\/\"},{\"@type\":\"ListItem\",\"position\":3,\"name\":\"Walksnail Avatar HD Mini 1s Kit\"}]},{\"@type\":\"WebSite\",\"@id\":\"https:\\\/\\\/1dronas.lt\\\/en\\\/#website\",\"url\":\"https:\\\/\\\/1dronas.lt\\\/en\\\/\",\"name\":\"1dronas.lt\",\"description\":\"Internetin\u0117 parduotuv\u0117\",\"publisher\":{\"@id\":\"https:\\\/\\\/1dronas.lt\\\/en\\\/#organization\"},\"potentialAction\":[{\"@type\":\"SearchAction\",\"target\":{\"@type\":\"EntryPoint\",\"urlTemplate\":\"https:\\\/\\\/1dronas.lt\\\/en\\\/?s={search_term_string}\"},\"query-input\":{\"@type\":\"PropertyValueSpecification\",\"valueRequired\":true,\"valueName\":\"search_term_string\"}}],\"inLanguage\":\"en-US\"},{\"@type\":\"Organization\",\"@id\":\"https:\\\/\\\/1dronas.lt\\\/en\\\/#organization\",\"name\":\"1dronas.lt\",\"url\":\"https:\\\/\\\/1dronas.lt\\\/en\\\/\",\"logo\":{\"@type\":\"ImageObject\",\"inLanguage\":\"en-US\",\"@id\":\"https:\\\/\\\/1dronas.lt\\\/en\\\/#\\\/schema\\\/logo\\\/image\\\/\",\"url\":\"https:\\\/\\\/1dronas.lt\\\/wp-content\\\/uploads\\\/2020\\\/12\\\/Ekrano_kopija__2_-removebg-preview-1-1.png\",\"contentUrl\":\"https:\\\/\\\/1dronas.lt\\\/wp-content\\\/uploads\\\/2020\\\/12\\\/Ekrano_kopija__2_-removebg-preview-1-1.png\",\"width\":234,\"height\":81,\"caption\":\"1dronas.lt\"},\"image\":{\"@id\":\"https:\\\/\\\/1dronas.lt\\\/en\\\/#\\\/schema\\\/logo\\\/image\\\/\"},\"sameAs\":[\"https:\\\/\\\/www.facebook.com\\\/1dronas\\\/\"]}]}<\/script>\n<!-- \/ Yoast SEO plugin. -->","yoast_head_json":{"title":"Walksnail Avatar HD Mini 1s Kit - 1dronas.lt","robots":{"index":"index","follow":"follow","max-snippet":"max-snippet:-1","max-image-preview":"max-image-preview:large","max-video-preview":"max-video-preview:-1"},"canonical":"https:\/\/1dronas.lt\/en\/produktas\/caddxfpv-walksnail-avatar-hd-mini-1s-kit\/","og_locale":"en_US","og_type":"article","og_title":"Walksnail Avatar HD Mini 1s Kit - 1dronas.lt","og_description":"Avatar HD sistema naudoja pa\u017eang\u0173 H.265 kodavim\u0105, kuris u\u017etikrina 1080p FPV vaizdo kokyb\u0119 su itin ma\u017eu v\u0117lavimu.  \u00a0 1 \u2013 2 d. d.","og_url":"https:\/\/1dronas.lt\/en\/produktas\/caddxfpv-walksnail-avatar-hd-mini-1s-kit\/","og_site_name":"1dronas.lt","article_publisher":"https:\/\/www.facebook.com\/1dronas\/","article_modified_time":"2026-01-30T10:26:03+00:00","og_image":[{"width":2000,"height":2000,"url":"https:\/\/1dronas.lt\/wp-content\/uploads\/2026\/01\/Mini-1S.jpg","type":"image\/jpeg"}],"twitter_card":"summary_large_image","twitter_misc":{"Est. reading time":"4 minutes"},"schema":{"@context":"https:\/\/schema.org","@graph":[{"@type":"WebPage","@id":"https:\/\/1dronas.lt\/en\/produktas\/caddxfpv-walksnail-avatar-hd-mini-1s-kit\/","url":"https:\/\/1dronas.lt\/en\/produktas\/caddxfpv-walksnail-avatar-hd-mini-1s-kit\/","name":"Walksnail Avatar HD Mini 1s Kit - 1dronas.lt","isPartOf":{"@id":"https:\/\/1dronas.lt\/en\/#website"},"primaryImageOfPage":{"@id":"https:\/\/1dronas.lt\/en\/produktas\/caddxfpv-walksnail-avatar-hd-mini-1s-kit\/#primaryimage"},"image":{"@id":"https:\/\/1dronas.lt\/en\/produktas\/caddxfpv-walksnail-avatar-hd-mini-1s-kit\/#primaryimage"},"thumbnailUrl":"https:\/\/1dronas.lt\/wp-content\/uploads\/2026\/01\/Mini-1S.jpg","datePublished":"2026-01-20T21:08:04+00:00","dateModified":"2026-01-30T10:26:03+00:00","breadcrumb":{"@id":"https:\/\/1dronas.lt\/en\/produktas\/caddxfpv-walksnail-avatar-hd-mini-1s-kit\/#breadcrumb"},"inLanguage":"en-US","potentialAction":[{"@type":"ReadAction","target":["https:\/\/1dronas.lt\/en\/produktas\/caddxfpv-walksnail-avatar-hd-mini-1s-kit\/"]}]},{"@type":"ImageObject","inLanguage":"en-US","@id":"https:\/\/1dronas.lt\/en\/produktas\/caddxfpv-walksnail-avatar-hd-mini-1s-kit\/#primaryimage","url":"https:\/\/1dronas.lt\/wp-content\/uploads\/2026\/01\/Mini-1S.jpg","contentUrl":"https:\/\/1dronas.lt\/wp-content\/uploads\/2026\/01\/Mini-1S.jpg","width":2000,"height":2000},{"@type":"BreadcrumbList","@id":"https:\/\/1dronas.lt\/en\/produktas\/caddxfpv-walksnail-avatar-hd-mini-1s-kit\/#breadcrumb","itemListElement":[{"@type":"ListItem","position":1,"name":"Home","item":"https:\/\/1dronas.lt\/"},{"@type":"ListItem","position":2,"name":"Parduotuv\u0117","item":"https:\/\/1dronas.lt\/parduotuve\/"},{"@type":"ListItem","position":3,"name":"Walksnail Avatar HD Mini 1s Kit"}]},{"@type":"WebSite","@id":"https:\/\/1dronas.lt\/en\/#website","url":"https:\/\/1dronas.lt\/en\/","name":"1dronas.lt","description":"Online store","publisher":{"@id":"https:\/\/1dronas.lt\/en\/#organization"},"potentialAction":[{"@type":"SearchAction","target":{"@type":"EntryPoint","urlTemplate":"https:\/\/1dronas.lt\/en\/?s={search_term_string}"},"query-input":{"@type":"PropertyValueSpecification","valueRequired":true,"valueName":"search_term_string"}}],"inLanguage":"en-US"},{"@type":"Organization","@id":"https:\/\/1dronas.lt\/en\/#organization","name":"1dronas.lt","url":"https:\/\/1dronas.lt\/en\/","logo":{"@type":"ImageObject","inLanguage":"en-US","@id":"https:\/\/1dronas.lt\/en\/#\/schema\/logo\/image\/","url":"https:\/\/1dronas.lt\/wp-content\/uploads\/2020\/12\/Ekrano_kopija__2_-removebg-preview-1-1.png","contentUrl":"https:\/\/1dronas.lt\/wp-content\/uploads\/2020\/12\/Ekrano_kopija__2_-removebg-preview-1-1.png","width":234,"height":81,"caption":"1dronas.lt"},"image":{"@id":"https:\/\/1dronas.lt\/en\/#\/schema\/logo\/image\/"},"sameAs":["https:\/\/www.facebook.com\/1dronas\/"]}]}},"jetpack_sharing_enabled":true,"_links":{"self":[{"href":"https:\/\/1dronas.lt\/en\/wp-json\/wp\/v2\/product\/15608","targetHints":{"allow":["GET"]}}],"collection":[{"href":"https:\/\/1dronas.lt\/en\/wp-json\/wp\/v2\/product"}],"about":[{"href":"https:\/\/1dronas.lt\/en\/wp-json\/wp\/v2\/types\/product"}],"replies":[{"embeddable":true,"href":"https:\/\/1dronas.lt\/en\/wp-json\/wp\/v2\/comments?post=15608"}],"wp:featuredmedia":[{"embeddable":true,"href":"https:\/\/1dronas.lt\/en\/wp-json\/wp\/v2\/media\/15622"}],"wp:attachment":[{"href":"https:\/\/1dronas.lt\/en\/wp-json\/wp\/v2\/media?parent=15608"}],"wp:term":[{"taxonomy":"product_brand","embeddable":true,"href":"https:\/\/1dronas.lt\/en\/wp-json\/wp\/v2\/product_brand?post=15608"},{"taxonomy":"product_cat","embeddable":true,"href":"https:\/\/1dronas.lt\/en\/wp-json\/wp\/v2\/product_cat?post=15608"},{"taxonomy":"product_tag","embeddable":true,"href":"https:\/\/1dronas.lt\/en\/wp-json\/wp\/v2\/product_tag?post=15608"}],"curies":[{"name":"wp","href":"https:\/\/api.w.org\/{rel}","templated":true}]}}