{"id":15592,"date":"2026-01-20T22:38:07","date_gmt":"2026-01-20T20:38:07","guid":{"rendered":"https:\/\/1dronas.lt\/?post_type=product&#038;p=15592"},"modified":"2026-04-10T11:54:01","modified_gmt":"2026-04-10T08:54:01","slug":"walksnail-avatar-hd-nano-kit-v3","status":"publish","type":"product","link":"https:\/\/1dronas.lt\/en\/produktas\/caddxfpv-walksnail-avatar-hd-nano-kit-v3\/","title":{"rendered":"Walksnail Avatar HD Nano Kit V3"},"content":{"rendered":"<p><img loading=\"lazy\" decoding=\"async\" class=\"alignnone wp-image-15593 size-full\" src=\"https:\/\/1dronas.lt\/wp-content\/uploads\/2026\/01\/1_fa1aa290-2f37-4bd1-a849-61343eb942b3.jpg\" alt=\"\" width=\"1920\" height=\"849\" srcset=\"https:\/\/1dronas.lt\/wp-content\/uploads\/2026\/01\/1_fa1aa290-2f37-4bd1-a849-61343eb942b3.jpg 1920w, https:\/\/1dronas.lt\/wp-content\/uploads\/2026\/01\/1_fa1aa290-2f37-4bd1-a849-61343eb942b3-300x133.jpg 300w, https:\/\/1dronas.lt\/wp-content\/uploads\/2026\/01\/1_fa1aa290-2f37-4bd1-a849-61343eb942b3-1024x453.jpg 1024w, https:\/\/1dronas.lt\/wp-content\/uploads\/2026\/01\/1_fa1aa290-2f37-4bd1-a849-61343eb942b3-768x340.jpg 768w, https:\/\/1dronas.lt\/wp-content\/uploads\/2026\/01\/1_fa1aa290-2f37-4bd1-a849-61343eb942b3-1536x679.jpg 1536w, https:\/\/1dronas.lt\/wp-content\/uploads\/2026\/01\/1_fa1aa290-2f37-4bd1-a849-61343eb942b3-18x8.jpg 18w, https:\/\/1dronas.lt\/wp-content\/uploads\/2026\/01\/1_fa1aa290-2f37-4bd1-a849-61343eb942b3-510x226.jpg 510w\" sizes=\"auto, (max-width: 1920px) 100vw, 1920px\" \/><\/p>\n<p>The Walksnail Avatar HD Nano Kit V3 supports 1080p \/ 60 fps mode and has a native 4:3 sensor, ensuring a smooth and sharp image.<\/p>\n<p><img loading=\"lazy\" decoding=\"async\" class=\"alignnone wp-image-15597 size-full\" src=\"https:\/\/1dronas.lt\/wp-content\/uploads\/2026\/01\/6_d4a86908-e826-4eee-a7d8-a5b2c578d038.jpg\" alt=\"\" width=\"1920\" height=\"800\" srcset=\"https:\/\/1dronas.lt\/wp-content\/uploads\/2026\/01\/6_d4a86908-e826-4eee-a7d8-a5b2c578d038.jpg 1920w, https:\/\/1dronas.lt\/wp-content\/uploads\/2026\/01\/6_d4a86908-e826-4eee-a7d8-a5b2c578d038-300x125.jpg 300w, https:\/\/1dronas.lt\/wp-content\/uploads\/2026\/01\/6_d4a86908-e826-4eee-a7d8-a5b2c578d038-1024x427.jpg 1024w, https:\/\/1dronas.lt\/wp-content\/uploads\/2026\/01\/6_d4a86908-e826-4eee-a7d8-a5b2c578d038-768x320.jpg 768w, https:\/\/1dronas.lt\/wp-content\/uploads\/2026\/01\/6_d4a86908-e826-4eee-a7d8-a5b2c578d038-1536x640.jpg 1536w, https:\/\/1dronas.lt\/wp-content\/uploads\/2026\/01\/6_d4a86908-e826-4eee-a7d8-a5b2c578d038-18x8.jpg 18w, https:\/\/1dronas.lt\/wp-content\/uploads\/2026\/01\/6_d4a86908-e826-4eee-a7d8-a5b2c578d038-510x213.jpg 510w\" sizes=\"auto, (max-width: 1920px) 100vw, 1920px\" \/><\/p>\n<p>The Walksnail Avatar HD Nano Kit V3 is suitable for many drones - with an input voltage of 3.1-13 V and a power of 500 mW, you will be able to fly a variety of drones, enjoy excellent image quality and a long transmission distance.<\/p>\n<p><img loading=\"lazy\" decoding=\"async\" class=\"alignnone wp-image-15595 size-full\" src=\"https:\/\/1dronas.lt\/wp-content\/uploads\/2026\/01\/4-1_462c3eb5-5e1d-4703-a1fb-bfb2438873b9.jpg\" alt=\"\" width=\"1920\" height=\"850\" srcset=\"https:\/\/1dronas.lt\/wp-content\/uploads\/2026\/01\/4-1_462c3eb5-5e1d-4703-a1fb-bfb2438873b9.jpg 1920w, https:\/\/1dronas.lt\/wp-content\/uploads\/2026\/01\/4-1_462c3eb5-5e1d-4703-a1fb-bfb2438873b9-300x133.jpg 300w, https:\/\/1dronas.lt\/wp-content\/uploads\/2026\/01\/4-1_462c3eb5-5e1d-4703-a1fb-bfb2438873b9-1024x453.jpg 1024w, https:\/\/1dronas.lt\/wp-content\/uploads\/2026\/01\/4-1_462c3eb5-5e1d-4703-a1fb-bfb2438873b9-768x340.jpg 768w, https:\/\/1dronas.lt\/wp-content\/uploads\/2026\/01\/4-1_462c3eb5-5e1d-4703-a1fb-bfb2438873b9-1536x680.jpg 1536w, https:\/\/1dronas.lt\/wp-content\/uploads\/2026\/01\/4-1_462c3eb5-5e1d-4703-a1fb-bfb2438873b9-18x8.jpg 18w, https:\/\/1dronas.lt\/wp-content\/uploads\/2026\/01\/4-1_462c3eb5-5e1d-4703-a1fb-bfb2438873b9-510x226.jpg 510w\" sizes=\"auto, (max-width: 1920px) 100vw, 1920px\" \/><\/p>\n<p>Measuring 14 \u00d7 14 mm and weighing just 3 g, the Nano Camera V3 with a 2.1 mm lens and 160\u00b0 field of view ensures clearer and more realistic image quality.<\/p>\n<p><img loading=\"lazy\" decoding=\"async\" class=\"alignnone wp-image-15596 size-full\" src=\"https:\/\/1dronas.lt\/wp-content\/uploads\/2026\/01\/5_6473b71b-8038-4f80-a31a-24cce23f588b.jpg\" alt=\"\" width=\"1920\" height=\"900\" srcset=\"https:\/\/1dronas.lt\/wp-content\/uploads\/2026\/01\/5_6473b71b-8038-4f80-a31a-24cce23f588b.jpg 1920w, https:\/\/1dronas.lt\/wp-content\/uploads\/2026\/01\/5_6473b71b-8038-4f80-a31a-24cce23f588b-300x141.jpg 300w, https:\/\/1dronas.lt\/wp-content\/uploads\/2026\/01\/5_6473b71b-8038-4f80-a31a-24cce23f588b-1024x480.jpg 1024w, https:\/\/1dronas.lt\/wp-content\/uploads\/2026\/01\/5_6473b71b-8038-4f80-a31a-24cce23f588b-768x360.jpg 768w, https:\/\/1dronas.lt\/wp-content\/uploads\/2026\/01\/5_6473b71b-8038-4f80-a31a-24cce23f588b-1536x720.jpg 1536w, https:\/\/1dronas.lt\/wp-content\/uploads\/2026\/01\/5_6473b71b-8038-4f80-a31a-24cce23f588b-18x8.jpg 18w, https:\/\/1dronas.lt\/wp-content\/uploads\/2026\/01\/5_6473b71b-8038-4f80-a31a-24cce23f588b-510x239.jpg 510w\" sizes=\"auto, (max-width: 1920px) 100vw, 1920px\" \/><\/p>\n<p>Canvas Mode: Supports Betaflight, KISS, iNav, Ardu full OSD display and customization. You can choose various OSD fonts, colors and designs, and easily adjust the desired parameters via the remote control.<\/p>\n<p><img loading=\"lazy\" decoding=\"async\" class=\"alignnone wp-image-15598 size-full\" src=\"https:\/\/1dronas.lt\/wp-content\/uploads\/2026\/01\/7_93e3a683-ca94-4e91-98c3-60b04f07768f.jpg\" alt=\"\" width=\"1920\" height=\"999\" srcset=\"https:\/\/1dronas.lt\/wp-content\/uploads\/2026\/01\/7_93e3a683-ca94-4e91-98c3-60b04f07768f.jpg 1920w, https:\/\/1dronas.lt\/wp-content\/uploads\/2026\/01\/7_93e3a683-ca94-4e91-98c3-60b04f07768f-300x156.jpg 300w, https:\/\/1dronas.lt\/wp-content\/uploads\/2026\/01\/7_93e3a683-ca94-4e91-98c3-60b04f07768f-1024x533.jpg 1024w, https:\/\/1dronas.lt\/wp-content\/uploads\/2026\/01\/7_93e3a683-ca94-4e91-98c3-60b04f07768f-768x400.jpg 768w, https:\/\/1dronas.lt\/wp-content\/uploads\/2026\/01\/7_93e3a683-ca94-4e91-98c3-60b04f07768f-1536x799.jpg 1536w, https:\/\/1dronas.lt\/wp-content\/uploads\/2026\/01\/7_93e3a683-ca94-4e91-98c3-60b04f07768f-18x9.jpg 18w, https:\/\/1dronas.lt\/wp-content\/uploads\/2026\/01\/7_93e3a683-ca94-4e91-98c3-60b04f07768f-510x265.jpg 510w\" sizes=\"auto, (max-width: 1920px) 100vw, 1920px\" \/><\/p>\n<p><strong>Measurements:<\/strong><\/p>\n<p><img loading=\"lazy\" decoding=\"async\" class=\"alignnone wp-image-15601 size-full\" src=\"https:\/\/1dronas.lt\/wp-content\/uploads\/2026\/01\/nano_kit_v3.jpg\" alt=\"\" width=\"1920\" height=\"851\" srcset=\"https:\/\/1dronas.lt\/wp-content\/uploads\/2026\/01\/nano_kit_v3.jpg 1920w, https:\/\/1dronas.lt\/wp-content\/uploads\/2026\/01\/nano_kit_v3-300x133.jpg 300w, https:\/\/1dronas.lt\/wp-content\/uploads\/2026\/01\/nano_kit_v3-1024x454.jpg 1024w, https:\/\/1dronas.lt\/wp-content\/uploads\/2026\/01\/nano_kit_v3-768x340.jpg 768w, https:\/\/1dronas.lt\/wp-content\/uploads\/2026\/01\/nano_kit_v3-1536x681.jpg 1536w, https:\/\/1dronas.lt\/wp-content\/uploads\/2026\/01\/nano_kit_v3-18x8.jpg 18w, https:\/\/1dronas.lt\/wp-content\/uploads\/2026\/01\/nano_kit_v3-510x226.jpg 510w\" sizes=\"auto, (max-width: 1920px) 100vw, 1920px\" \/><\/p>\n<p><strong>Connection:<\/strong><\/p>\n<p><img loading=\"lazy\" decoding=\"async\" class=\"alignnone wp-image-15600 size-full\" src=\"https:\/\/1dronas.lt\/wp-content\/uploads\/2026\/01\/f4b3da9554de4e60ffd11b8edcb16ff8.jpg\" alt=\"\" width=\"1920\" height=\"1031\" srcset=\"https:\/\/1dronas.lt\/wp-content\/uploads\/2026\/01\/f4b3da9554de4e60ffd11b8edcb16ff8.jpg 1920w, https:\/\/1dronas.lt\/wp-content\/uploads\/2026\/01\/f4b3da9554de4e60ffd11b8edcb16ff8-300x161.jpg 300w, https:\/\/1dronas.lt\/wp-content\/uploads\/2026\/01\/f4b3da9554de4e60ffd11b8edcb16ff8-1024x550.jpg 1024w, https:\/\/1dronas.lt\/wp-content\/uploads\/2026\/01\/f4b3da9554de4e60ffd11b8edcb16ff8-768x412.jpg 768w, https:\/\/1dronas.lt\/wp-content\/uploads\/2026\/01\/f4b3da9554de4e60ffd11b8edcb16ff8-1536x825.jpg 1536w, https:\/\/1dronas.lt\/wp-content\/uploads\/2026\/01\/f4b3da9554de4e60ffd11b8edcb16ff8-18x10.jpg 18w, https:\/\/1dronas.lt\/wp-content\/uploads\/2026\/01\/f4b3da9554de4e60ffd11b8edcb16ff8-510x274.jpg 510w\" sizes=\"auto, (max-width: 1920px) 100vw, 1920px\" \/><\/p>\n<p><strong>Specification:<\/strong><\/p>\n<p><strong>Camera<\/strong><\/p>\n<p>\u2022 Image sensor: 1\/3.2 inch, 4 MP, 4:3;<br \/>\n\u2022 Resolution: 1080p \/ 60fps, 720p \/ 120fps, 720p \/ 60fps;<br \/>\n\u2022 Aspect ratio: 4:3 native \/ 16:9;<br \/>\n\u2022 Lens: 2.1 mm;<br \/>\n\u2022 Field of view (FOV): 160\u00b0;<br \/>\n\u2022 Lens brightness: F2.0;<br \/>\n\u2022 Shutter type: Rolling Shutter;<br \/>\n\u2022 Minimum illumination: 0.001 Lux;<br \/>\n\u2022 Weight: 3 g (without cable);<br \/>\n\u2022 Dimensions: 14 \u00d7 14 \u00d7 16.8 mm;<br \/>\n\u2022 Cable length: 90 mm \/ 140 mm (Optional).<\/p>\n<p><strong>VTX<\/strong><\/p>\n<p data-start=\"626\" data-end=\"662\">\u2022 Model: Avatar HD Mini VTX V3;<br \/>\n\u2022 Communication frequency: 5.725\u20135.850 GHz;<br \/>\n\u2022 Transmitter power (EIRP): FCC: &lt;27 dBm; CE: &lt;14dBm; SRRC: &lt;20dBm; MIC: &lt;25dBm;<br \/>\n\u2022 Connectors: JST1.0 \u00d7 4 (power), JST0.8 \u00d7 4 (USB);<br \/>\n\u2022 Mounting holes: 25.5 \u00d7 25.5 mm (M2), 20 \u00d7 20 mm (M3);<br \/>\n\u2022 Dimensions: 31.5 \u00d7 31.5 \u00d7 9.4 mm;<br \/>\n\u2022 Memory: 32 GB;<br \/>\n\u2022 Recording: 1080p \/ 720p;<br \/>\n\u2022 Weight: 13.4 g;<br \/>\n\u2022 Operating temperature: -20\u201340 \u00b0C;<br \/>\n\u2022 Number of channels: 8;<br \/>\n\u2022 Input voltage: 3.1-13 V;<br \/>\n\u2022 Supported FC systems: Betaflight, iNav, Fettec, KISS, ArduPilot;<br \/>\n\u2022 OSD: Canvas mode;<br \/>\n\u2022 Average latency: 22 ms;<br \/>\n\u2022 Antenna: 1 \u00d7 IPEX.<\/p>\n<p data-start=\"626\" data-end=\"662\"><strong>Antenna<\/strong><\/p>\n<p data-start=\"1339\" data-end=\"1364\">\u2022 Polarization: LHCP;<br \/>\n\u2022 Frequency band: 5600\u20136000 MHz<br \/>\n\u2022 Average gain: 1.9 dBi;<br \/>\n\u2022 VSWR: \u22641.5;<br \/>\n\u2022 Interface: IPEX-1;<br \/>\n\u2022 Cable length: 105 mm;<br \/>\n\u2022 Dimensions: 15 mm \u00d7 105 mm;<br \/>\n\u2022 Weight: 2 g.<\/p>\n<p data-start=\"1339\" data-end=\"1364\"><strong>Package:<\/strong><\/p>\n<p data-start=\"1339\" data-end=\"1364\">1x Avatar HD Nano Kit V3;<br data-start=\"34\" data-end=\"37\" \/>1x 4-pin USB cable;<br data-start=\"71\" data-end=\"74\" \/>1x 4-pin power cable;<br data-start=\"114\" data-end=\"117\" \/>2x M2 \u00d7 4\/5\/6mm screws;<br data-start=\"151\" data-end=\"154\" \/>4x M2 \u00d7 14mm screws;<br data-start=\"185\" data-end=\"188\" \/>4x M2 \u00d7 5 \u00d7 0.5 mm washers;<br data-start=\"226\" data-end=\"229\" \/>5x 2.1 \u00d7 3.4 \u00d7 1 mm spacers;<br data-start=\"267\" data-end=\"270\" \/>1x 14-19 mm holder.<\/p>\n<p data-start=\"1339\" data-end=\"1364\"><img loading=\"lazy\" decoding=\"async\" class=\"alignnone wp-image-15599 size-large\" src=\"https:\/\/1dronas.lt\/wp-content\/uploads\/2026\/01\/b04a70ae01f04036e17b97cf0b12c47c_48a230ed-dad2-4fb8-a772-158de37ef23c-1024x1024.jpg\" alt=\"\" width=\"1020\" height=\"1020\" srcset=\"https:\/\/1dronas.lt\/wp-content\/uploads\/2026\/01\/b04a70ae01f04036e17b97cf0b12c47c_48a230ed-dad2-4fb8-a772-158de37ef23c-1024x1024.jpg 1024w, https:\/\/1dronas.lt\/wp-content\/uploads\/2026\/01\/b04a70ae01f04036e17b97cf0b12c47c_48a230ed-dad2-4fb8-a772-158de37ef23c-300x300.jpg 300w, https:\/\/1dronas.lt\/wp-content\/uploads\/2026\/01\/b04a70ae01f04036e17b97cf0b12c47c_48a230ed-dad2-4fb8-a772-158de37ef23c-150x150.jpg 150w, https:\/\/1dronas.lt\/wp-content\/uploads\/2026\/01\/b04a70ae01f04036e17b97cf0b12c47c_48a230ed-dad2-4fb8-a772-158de37ef23c-768x768.jpg 768w, https:\/\/1dronas.lt\/wp-content\/uploads\/2026\/01\/b04a70ae01f04036e17b97cf0b12c47c_48a230ed-dad2-4fb8-a772-158de37ef23c-12x12.jpg 12w, https:\/\/1dronas.lt\/wp-content\/uploads\/2026\/01\/b04a70ae01f04036e17b97cf0b12c47c_48a230ed-dad2-4fb8-a772-158de37ef23c-247x247.jpg 247w, https:\/\/1dronas.lt\/wp-content\/uploads\/2026\/01\/b04a70ae01f04036e17b97cf0b12c47c_48a230ed-dad2-4fb8-a772-158de37ef23c-510x510.jpg 510w, https:\/\/1dronas.lt\/wp-content\/uploads\/2026\/01\/b04a70ae01f04036e17b97cf0b12c47c_48a230ed-dad2-4fb8-a772-158de37ef23c-100x100.jpg 100w, https:\/\/1dronas.lt\/wp-content\/uploads\/2026\/01\/b04a70ae01f04036e17b97cf0b12c47c_48a230ed-dad2-4fb8-a772-158de37ef23c.jpg 1400w\" sizes=\"auto, (max-width: 1020px) 100vw, 1020px\" \/><\/p>","protected":false},"excerpt":{"rendered":"<p><span style=\"color: #000000;\">The Walksnail Avatar HD Nano Kit V3 supports 1080p \/ 60 fps mode and has a native 4:3 sensor, ensuring a smooth and sharp image.<\/span><\/p>\n<p><span style=\"color: #000000;\"><img loading=\"lazy\" decoding=\"async\" class=\"alignnone wp-image-1806\" src=\"https:\/\/1dronas.lt\/wp-content\/uploads\/2021\/05\/delivery-icon.png\" alt=\"\" width=\"24\" height=\"24\" srcset=\"https:\/\/1dronas.lt\/wp-content\/uploads\/2021\/05\/delivery-icon.png 35w, https:\/\/1dronas.lt\/wp-content\/uploads\/2021\/05\/delivery-icon-12x12.png 12w\" sizes=\"auto, (max-width: 24px) 100vw, 24px\" \/><strong>\u00a0 1 \u2013 2 days<\/strong><\/span><\/p>","protected":false},"featured_media":15603,"comment_status":"open","ping_status":"closed","template":"","meta":[],"product_brand":[1151],"product_cat":[218],"product_tag":[1123,1113,965,888],"class_list":{"0":"post-15592","1":"product","2":"type-product","3":"status-publish","4":"has-post-thumbnail","6":"product_brand-walksnail","7":"product_cat-vaizdo-siustuvai-vtx","8":"product_tag-avatar-hd","9":"product_tag-caddxfpv","10":"product_tag-nano","11":"product_tag-v3","13":"first","14":"instock","15":"taxable","16":"shipping-taxable","17":"purchasable","18":"product-type-variable","19":"has-default-attributes"},"yoast_head":"<!-- This site is optimized with the Yoast SEO plugin v27.4 - https:\/\/yoast.com\/product\/yoast-seo-wordpress\/ -->\n<title>Walksnail Avatar HD Nano Kit V3 - 1dronas.lt<\/title>\n<meta name=\"robots\" content=\"index, follow, max-snippet:-1, max-image-preview:large, max-video-preview:-1\" \/>\n<link rel=\"canonical\" href=\"https:\/\/1dronas.lt\/en\/produktas\/caddxfpv-walksnail-avatar-hd-nano-kit-v3\/\" \/>\n<meta property=\"og:locale\" content=\"en_US\" \/>\n<meta property=\"og:type\" content=\"article\" \/>\n<meta property=\"og:title\" content=\"Walksnail Avatar HD Nano Kit V3 - 1dronas.lt\" \/>\n<meta property=\"og:description\" content=\"Walksnail Avatar HD Nano Kit V3 palaiko 1080p \/ 60 fps re\u017eim\u0105 ir turi nat\u016bral\u0173 4:3 jutikl\u012f, u\u017etikrinant\u012f skland\u0173 ir ry\u0161k\u0173 vaizd\u0105.  \u00a0 1 \u2013 2 d. d.\" \/>\n<meta property=\"og:url\" content=\"https:\/\/1dronas.lt\/en\/produktas\/caddxfpv-walksnail-avatar-hd-nano-kit-v3\/\" \/>\n<meta property=\"og:site_name\" content=\"1dronas.lt\" \/>\n<meta property=\"article:publisher\" content=\"https:\/\/www.facebook.com\/1dronas\/\" \/>\n<meta property=\"article:modified_time\" content=\"2026-04-10T08:54:01+00:00\" \/>\n<meta property=\"og:image\" content=\"https:\/\/1dronas.lt\/wp-content\/uploads\/2026\/01\/AvatarHDNanoKitV3-9cm-copy.jpg\" \/>\n\t<meta property=\"og:image:width\" content=\"1800\" \/>\n\t<meta property=\"og:image:height\" content=\"1800\" \/>\n\t<meta property=\"og:image:type\" content=\"image\/jpeg\" \/>\n<meta name=\"twitter:card\" content=\"summary_large_image\" \/>\n<meta name=\"twitter:label1\" content=\"Est. reading time\" \/>\n\t<meta name=\"twitter:data1\" content=\"4 minutes\" \/>\n<script type=\"application\/ld+json\" class=\"yoast-schema-graph\">{\"@context\":\"https:\\\/\\\/schema.org\",\"@graph\":[{\"@type\":\"WebPage\",\"@id\":\"https:\\\/\\\/1dronas.lt\\\/en\\\/produktas\\\/caddxfpv-walksnail-avatar-hd-nano-kit-v3\\\/\",\"url\":\"https:\\\/\\\/1dronas.lt\\\/en\\\/produktas\\\/caddxfpv-walksnail-avatar-hd-nano-kit-v3\\\/\",\"name\":\"Walksnail Avatar HD Nano Kit V3 - 1dronas.lt\",\"isPartOf\":{\"@id\":\"https:\\\/\\\/1dronas.lt\\\/en\\\/#website\"},\"primaryImageOfPage\":{\"@id\":\"https:\\\/\\\/1dronas.lt\\\/en\\\/produktas\\\/caddxfpv-walksnail-avatar-hd-nano-kit-v3\\\/#primaryimage\"},\"image\":{\"@id\":\"https:\\\/\\\/1dronas.lt\\\/en\\\/produktas\\\/caddxfpv-walksnail-avatar-hd-nano-kit-v3\\\/#primaryimage\"},\"thumbnailUrl\":\"https:\\\/\\\/1dronas.lt\\\/wp-content\\\/uploads\\\/2026\\\/01\\\/AvatarHDNanoKitV3-9cm-copy.jpg\",\"datePublished\":\"2026-01-20T20:38:07+00:00\",\"dateModified\":\"2026-04-10T08:54:01+00:00\",\"breadcrumb\":{\"@id\":\"https:\\\/\\\/1dronas.lt\\\/en\\\/produktas\\\/caddxfpv-walksnail-avatar-hd-nano-kit-v3\\\/#breadcrumb\"},\"inLanguage\":\"en-US\",\"potentialAction\":[{\"@type\":\"ReadAction\",\"target\":[\"https:\\\/\\\/1dronas.lt\\\/en\\\/produktas\\\/caddxfpv-walksnail-avatar-hd-nano-kit-v3\\\/\"]}]},{\"@type\":\"ImageObject\",\"inLanguage\":\"en-US\",\"@id\":\"https:\\\/\\\/1dronas.lt\\\/en\\\/produktas\\\/caddxfpv-walksnail-avatar-hd-nano-kit-v3\\\/#primaryimage\",\"url\":\"https:\\\/\\\/1dronas.lt\\\/wp-content\\\/uploads\\\/2026\\\/01\\\/AvatarHDNanoKitV3-9cm-copy.jpg\",\"contentUrl\":\"https:\\\/\\\/1dronas.lt\\\/wp-content\\\/uploads\\\/2026\\\/01\\\/AvatarHDNanoKitV3-9cm-copy.jpg\",\"width\":1800,\"height\":1800},{\"@type\":\"BreadcrumbList\",\"@id\":\"https:\\\/\\\/1dronas.lt\\\/en\\\/produktas\\\/caddxfpv-walksnail-avatar-hd-nano-kit-v3\\\/#breadcrumb\",\"itemListElement\":[{\"@type\":\"ListItem\",\"position\":1,\"name\":\"Home\",\"item\":\"https:\\\/\\\/1dronas.lt\\\/\"},{\"@type\":\"ListItem\",\"position\":2,\"name\":\"Parduotuv\u0117\",\"item\":\"https:\\\/\\\/1dronas.lt\\\/parduotuve\\\/\"},{\"@type\":\"ListItem\",\"position\":3,\"name\":\"Walksnail Avatar HD Nano Kit V3\"}]},{\"@type\":\"WebSite\",\"@id\":\"https:\\\/\\\/1dronas.lt\\\/en\\\/#website\",\"url\":\"https:\\\/\\\/1dronas.lt\\\/en\\\/\",\"name\":\"1dronas.lt\",\"description\":\"Internetin\u0117 parduotuv\u0117\",\"publisher\":{\"@id\":\"https:\\\/\\\/1dronas.lt\\\/en\\\/#organization\"},\"potentialAction\":[{\"@type\":\"SearchAction\",\"target\":{\"@type\":\"EntryPoint\",\"urlTemplate\":\"https:\\\/\\\/1dronas.lt\\\/en\\\/?s={search_term_string}\"},\"query-input\":{\"@type\":\"PropertyValueSpecification\",\"valueRequired\":true,\"valueName\":\"search_term_string\"}}],\"inLanguage\":\"en-US\"},{\"@type\":\"Organization\",\"@id\":\"https:\\\/\\\/1dronas.lt\\\/en\\\/#organization\",\"name\":\"1dronas.lt\",\"url\":\"https:\\\/\\\/1dronas.lt\\\/en\\\/\",\"logo\":{\"@type\":\"ImageObject\",\"inLanguage\":\"en-US\",\"@id\":\"https:\\\/\\\/1dronas.lt\\\/en\\\/#\\\/schema\\\/logo\\\/image\\\/\",\"url\":\"https:\\\/\\\/1dronas.lt\\\/wp-content\\\/uploads\\\/2020\\\/12\\\/Ekrano_kopija__2_-removebg-preview-1-1.png\",\"contentUrl\":\"https:\\\/\\\/1dronas.lt\\\/wp-content\\\/uploads\\\/2020\\\/12\\\/Ekrano_kopija__2_-removebg-preview-1-1.png\",\"width\":234,\"height\":81,\"caption\":\"1dronas.lt\"},\"image\":{\"@id\":\"https:\\\/\\\/1dronas.lt\\\/en\\\/#\\\/schema\\\/logo\\\/image\\\/\"},\"sameAs\":[\"https:\\\/\\\/www.facebook.com\\\/1dronas\\\/\"]}]}<\/script>\n<!-- \/ Yoast SEO plugin. -->","yoast_head_json":{"title":"Walksnail Avatar HD Nano Kit V3 - 1dronas.lt","robots":{"index":"index","follow":"follow","max-snippet":"max-snippet:-1","max-image-preview":"max-image-preview:large","max-video-preview":"max-video-preview:-1"},"canonical":"https:\/\/1dronas.lt\/en\/produktas\/caddxfpv-walksnail-avatar-hd-nano-kit-v3\/","og_locale":"en_US","og_type":"article","og_title":"Walksnail Avatar HD Nano Kit V3 - 1dronas.lt","og_description":"Walksnail Avatar HD Nano Kit V3 palaiko 1080p \/ 60 fps re\u017eim\u0105 ir turi nat\u016bral\u0173 4:3 jutikl\u012f, u\u017etikrinant\u012f skland\u0173 ir ry\u0161k\u0173 vaizd\u0105.  \u00a0 1 \u2013 2 d. d.","og_url":"https:\/\/1dronas.lt\/en\/produktas\/caddxfpv-walksnail-avatar-hd-nano-kit-v3\/","og_site_name":"1dronas.lt","article_publisher":"https:\/\/www.facebook.com\/1dronas\/","article_modified_time":"2026-04-10T08:54:01+00:00","og_image":[{"width":1800,"height":1800,"url":"https:\/\/1dronas.lt\/wp-content\/uploads\/2026\/01\/AvatarHDNanoKitV3-9cm-copy.jpg","type":"image\/jpeg"}],"twitter_card":"summary_large_image","twitter_misc":{"Est. reading time":"4 minutes"},"schema":{"@context":"https:\/\/schema.org","@graph":[{"@type":"WebPage","@id":"https:\/\/1dronas.lt\/en\/produktas\/caddxfpv-walksnail-avatar-hd-nano-kit-v3\/","url":"https:\/\/1dronas.lt\/en\/produktas\/caddxfpv-walksnail-avatar-hd-nano-kit-v3\/","name":"Walksnail Avatar HD Nano Kit V3 - 1dronas.lt","isPartOf":{"@id":"https:\/\/1dronas.lt\/en\/#website"},"primaryImageOfPage":{"@id":"https:\/\/1dronas.lt\/en\/produktas\/caddxfpv-walksnail-avatar-hd-nano-kit-v3\/#primaryimage"},"image":{"@id":"https:\/\/1dronas.lt\/en\/produktas\/caddxfpv-walksnail-avatar-hd-nano-kit-v3\/#primaryimage"},"thumbnailUrl":"https:\/\/1dronas.lt\/wp-content\/uploads\/2026\/01\/AvatarHDNanoKitV3-9cm-copy.jpg","datePublished":"2026-01-20T20:38:07+00:00","dateModified":"2026-04-10T08:54:01+00:00","breadcrumb":{"@id":"https:\/\/1dronas.lt\/en\/produktas\/caddxfpv-walksnail-avatar-hd-nano-kit-v3\/#breadcrumb"},"inLanguage":"en-US","potentialAction":[{"@type":"ReadAction","target":["https:\/\/1dronas.lt\/en\/produktas\/caddxfpv-walksnail-avatar-hd-nano-kit-v3\/"]}]},{"@type":"ImageObject","inLanguage":"en-US","@id":"https:\/\/1dronas.lt\/en\/produktas\/caddxfpv-walksnail-avatar-hd-nano-kit-v3\/#primaryimage","url":"https:\/\/1dronas.lt\/wp-content\/uploads\/2026\/01\/AvatarHDNanoKitV3-9cm-copy.jpg","contentUrl":"https:\/\/1dronas.lt\/wp-content\/uploads\/2026\/01\/AvatarHDNanoKitV3-9cm-copy.jpg","width":1800,"height":1800},{"@type":"BreadcrumbList","@id":"https:\/\/1dronas.lt\/en\/produktas\/caddxfpv-walksnail-avatar-hd-nano-kit-v3\/#breadcrumb","itemListElement":[{"@type":"ListItem","position":1,"name":"Home","item":"https:\/\/1dronas.lt\/"},{"@type":"ListItem","position":2,"name":"Parduotuv\u0117","item":"https:\/\/1dronas.lt\/parduotuve\/"},{"@type":"ListItem","position":3,"name":"Walksnail Avatar HD Nano Kit V3"}]},{"@type":"WebSite","@id":"https:\/\/1dronas.lt\/en\/#website","url":"https:\/\/1dronas.lt\/en\/","name":"1dronas.lt","description":"Online store","publisher":{"@id":"https:\/\/1dronas.lt\/en\/#organization"},"potentialAction":[{"@type":"SearchAction","target":{"@type":"EntryPoint","urlTemplate":"https:\/\/1dronas.lt\/en\/?s={search_term_string}"},"query-input":{"@type":"PropertyValueSpecification","valueRequired":true,"valueName":"search_term_string"}}],"inLanguage":"en-US"},{"@type":"Organization","@id":"https:\/\/1dronas.lt\/en\/#organization","name":"1dronas.lt","url":"https:\/\/1dronas.lt\/en\/","logo":{"@type":"ImageObject","inLanguage":"en-US","@id":"https:\/\/1dronas.lt\/en\/#\/schema\/logo\/image\/","url":"https:\/\/1dronas.lt\/wp-content\/uploads\/2020\/12\/Ekrano_kopija__2_-removebg-preview-1-1.png","contentUrl":"https:\/\/1dronas.lt\/wp-content\/uploads\/2020\/12\/Ekrano_kopija__2_-removebg-preview-1-1.png","width":234,"height":81,"caption":"1dronas.lt"},"image":{"@id":"https:\/\/1dronas.lt\/en\/#\/schema\/logo\/image\/"},"sameAs":["https:\/\/www.facebook.com\/1dronas\/"]}]}},"jetpack_sharing_enabled":true,"_links":{"self":[{"href":"https:\/\/1dronas.lt\/en\/wp-json\/wp\/v2\/product\/15592","targetHints":{"allow":["GET"]}}],"collection":[{"href":"https:\/\/1dronas.lt\/en\/wp-json\/wp\/v2\/product"}],"about":[{"href":"https:\/\/1dronas.lt\/en\/wp-json\/wp\/v2\/types\/product"}],"replies":[{"embeddable":true,"href":"https:\/\/1dronas.lt\/en\/wp-json\/wp\/v2\/comments?post=15592"}],"wp:featuredmedia":[{"embeddable":true,"href":"https:\/\/1dronas.lt\/en\/wp-json\/wp\/v2\/media\/15603"}],"wp:attachment":[{"href":"https:\/\/1dronas.lt\/en\/wp-json\/wp\/v2\/media?parent=15592"}],"wp:term":[{"taxonomy":"product_brand","embeddable":true,"href":"https:\/\/1dronas.lt\/en\/wp-json\/wp\/v2\/product_brand?post=15592"},{"taxonomy":"product_cat","embeddable":true,"href":"https:\/\/1dronas.lt\/en\/wp-json\/wp\/v2\/product_cat?post=15592"},{"taxonomy":"product_tag","embeddable":true,"href":"https:\/\/1dronas.lt\/en\/wp-json\/wp\/v2\/product_tag?post=15592"}],"curies":[{"name":"wp","href":"https:\/\/api.w.org\/{rel}","templated":true}]}}