{"id":15585,"date":"2026-01-20T20:39:37","date_gmt":"2026-01-20T18:39:37","guid":{"rendered":"https:\/\/1dronas.lt\/?post_type=product&#038;p=15585"},"modified":"2026-01-30T12:26:24","modified_gmt":"2026-01-30T10:26:24","slug":"walksnail-avatar-hd-pro-kamera","status":"publish","type":"product","link":"https:\/\/1dronas.lt\/en\/produktas\/caddxfpv-walksnail-avatar-hd-pro-kamera\/","title":{"rendered":"Walksnail Avatar HD Pro Camera"},"content":{"rendered":"<p>The 1\/1.8-inch Sony Starvis II sensor provides ultra-clear night vision that is comparable to daytime video quality. Supports 1080p \/ 120 frames per second mode - the first HD camera with high frame rate night vision on the FPV market.<\/p>\n<p><img loading=\"lazy\" decoding=\"async\" class=\"alignnone wp-image-15463 size-full\" src=\"https:\/\/1dronas.lt\/wp-content\/uploads\/2026\/01\/17624286646309.jpg\" alt=\"\" width=\"1422\" height=\"797\" srcset=\"https:\/\/1dronas.lt\/wp-content\/uploads\/2026\/01\/17624286646309.jpg 1422w, https:\/\/1dronas.lt\/wp-content\/uploads\/2026\/01\/17624286646309-300x168.jpg 300w, https:\/\/1dronas.lt\/wp-content\/uploads\/2026\/01\/17624286646309-1024x574.jpg 1024w, https:\/\/1dronas.lt\/wp-content\/uploads\/2026\/01\/17624286646309-768x430.jpg 768w, https:\/\/1dronas.lt\/wp-content\/uploads\/2026\/01\/17624286646309-18x10.jpg 18w, https:\/\/1dronas.lt\/wp-content\/uploads\/2026\/01\/17624286646309-510x286.jpg 510w\" sizes=\"auto, (max-width: 1422px) 100vw, 1422px\" \/><\/p>\n<p>Supports Gyroflow stabilization, which ensures smooth and stable video quality.<\/p>\n<p><img decoding=\"async\" src=\"https:\/\/cdn.shopify.com\/s\/files\/1\/0036\/3921\/4169\/files\/GIF16fps_2048x2048.gif?v=1679280057\" width=\"100%\" height=\"500\" \/><\/p>\n<p>The large F\/1.6 lens aperture allows more light to enter the camera, making the image brighter, more detailed, and clearer even in low light.<\/p>\n<p><img loading=\"lazy\" decoding=\"async\" class=\"alignnone wp-image-15586 size-full\" src=\"https:\/\/1dronas.lt\/wp-content\/uploads\/2026\/01\/4._11cbc523-1ca4-4938-9af4-b629f051f6ed.jpg\" alt=\"\" width=\"1920\" height=\"1000\" srcset=\"https:\/\/1dronas.lt\/wp-content\/uploads\/2026\/01\/4._11cbc523-1ca4-4938-9af4-b629f051f6ed.jpg 1920w, https:\/\/1dronas.lt\/wp-content\/uploads\/2026\/01\/4._11cbc523-1ca4-4938-9af4-b629f051f6ed-300x156.jpg 300w, https:\/\/1dronas.lt\/wp-content\/uploads\/2026\/01\/4._11cbc523-1ca4-4938-9af4-b629f051f6ed-1024x533.jpg 1024w, https:\/\/1dronas.lt\/wp-content\/uploads\/2026\/01\/4._11cbc523-1ca4-4938-9af4-b629f051f6ed-768x400.jpg 768w, https:\/\/1dronas.lt\/wp-content\/uploads\/2026\/01\/4._11cbc523-1ca4-4938-9af4-b629f051f6ed-1536x800.jpg 1536w, https:\/\/1dronas.lt\/wp-content\/uploads\/2026\/01\/4._11cbc523-1ca4-4938-9af4-b629f051f6ed-18x9.jpg 18w, https:\/\/1dronas.lt\/wp-content\/uploads\/2026\/01\/4._11cbc523-1ca4-4938-9af4-b629f051f6ed-510x266.jpg 510w\" sizes=\"auto, (max-width: 1920px) 100vw, 1920px\" \/><\/p>\n<p>The Walksnail Avatar Camera V2 has a wide 160\u00b0 field of view, which provides a more natural and realistic view.<\/p>\n<p><img loading=\"lazy\" decoding=\"async\" class=\"alignnone wp-image-15588 size-full\" src=\"https:\/\/1dronas.lt\/wp-content\/uploads\/2026\/01\/160FOV.jpg\" alt=\"\" width=\"1920\" height=\"1086\" srcset=\"https:\/\/1dronas.lt\/wp-content\/uploads\/2026\/01\/160FOV.jpg 1920w, https:\/\/1dronas.lt\/wp-content\/uploads\/2026\/01\/160FOV-300x170.jpg 300w, https:\/\/1dronas.lt\/wp-content\/uploads\/2026\/01\/160FOV-1024x579.jpg 1024w, https:\/\/1dronas.lt\/wp-content\/uploads\/2026\/01\/160FOV-768x434.jpg 768w, https:\/\/1dronas.lt\/wp-content\/uploads\/2026\/01\/160FOV-1536x869.jpg 1536w, https:\/\/1dronas.lt\/wp-content\/uploads\/2026\/01\/160FOV-18x10.jpg 18w, https:\/\/1dronas.lt\/wp-content\/uploads\/2026\/01\/160FOV-510x288.jpg 510w\" sizes=\"auto, (max-width: 1920px) 100vw, 1920px\" \/><\/p>\n<p><strong>Specification:<\/strong><\/p>\n<p>\u2022 Model: Avatar HD Pro Camera;<br data-start=\"105\" data-end=\"108\" \/>\u2022 Image sensor: 1\/1.8 inch Sony Starvis II;<br data-start=\"156\" data-end=\"159\" \/>\u2022 Resolution: 1080p \/ 60 fps; 720p \/ 120 fps; 720p \/ 60 fps; 1080p \/ 120 fps;<br data-start=\"233\" data-end=\"236\" \/>\u2022 Aspect ratio: 16:9; 4:3;<br data-start=\"269\" data-end=\"272\" \/>\u2022 Lens: 8 MP;<br data-start=\"292\" data-end=\"295\" \/>\u2022 Field of view (FOV): 160\u00b0;<br data-start=\"324\" data-end=\"327\" \/>\u2022 Lens brightness: F1.6;<br data-start=\"356\" data-end=\"359\" \/>\u2022 Shutter type: Rolling shutter;<br data-start=\"393\" data-end=\"396\" \/>\u2022 Minimum illumination: 0.00001 Lux;<br data-start=\"434\" data-end=\"437\" \/>\u2022 Weight: 9.5 g;<br data-start=\"454\" data-end=\"457\" \/>\u2022 Dimensions: 19 \u00d7 19 \u00d7 24 mm;<br data-start=\"489\" data-end=\"492\" \/>\u2022 Cable length: 140 mm;<br data-start=\"530\" data-end=\"533\" \/>\u2022 Gyroflow support: Yes.<\/p>\n<p><strong>Package:<\/strong><\/p>\n<p>1x CaddxFPV Walksnail Avatar HD Pro camera;<br \/>\n4x M2 \u00d7 4mm screws;<br data-start=\"26\" data-end=\"29\" \/>4x M2 \u00d7 5mm screws;<br data-start=\"55\" data-end=\"58\" \/>4x M2 \u00d7 6mm screws;<br data-start=\"84\" data-end=\"87\" \/>4x M2 \u00d7 5 \u00d7 0.5 mm spacers (rubber\/washers).<\/p>","protected":false},"excerpt":{"rendered":"<p><span style=\"color: #000000;\">The 1\/1.8-inch Sony Starvis II sensor ensures sharp night vision, and the 1080p \/ 120 fps mode ensures smooth and detailed video transmission.<\/span><\/p>\n<p><span style=\"color: #000000;\"><img loading=\"lazy\" decoding=\"async\" class=\"alignnone wp-image-1806\" src=\"https:\/\/1dronas.lt\/wp-content\/uploads\/2021\/05\/delivery-icon.png\" alt=\"\" width=\"24\" height=\"24\" srcset=\"https:\/\/1dronas.lt\/wp-content\/uploads\/2021\/05\/delivery-icon.png 35w, https:\/\/1dronas.lt\/wp-content\/uploads\/2021\/05\/delivery-icon-12x12.png 12w\" sizes=\"auto, (max-width: 24px) 100vw, 24px\" \/><strong>\u00a0 1 \u2013 2 days<\/strong><\/span><\/p>","protected":false},"featured_media":15587,"comment_status":"open","ping_status":"closed","template":"","meta":[],"product_brand":[1151],"product_cat":[191],"product_tag":[1123,1113,433,1117],"class_list":{"0":"post-15585","1":"product","2":"type-product","3":"status-publish","4":"has-post-thumbnail","6":"product_brand-walksnail","7":"product_cat-kameros","8":"product_tag-avatar-hd","9":"product_tag-caddxfpv","10":"product_tag-kamera","11":"product_tag-walksnail","13":"first","14":"instock","15":"taxable","16":"shipping-taxable","17":"purchasable","18":"product-type-simple"},"yoast_head":"<!-- This site is optimized with the Yoast SEO plugin v27.5 - https:\/\/yoast.com\/product\/yoast-seo-wordpress\/ -->\n<title>Walksnail Avatar HD Pro kamera - 1dronas.lt<\/title>\n<meta name=\"robots\" content=\"index, follow, max-snippet:-1, max-image-preview:large, max-video-preview:-1\" \/>\n<link rel=\"canonical\" href=\"https:\/\/1dronas.lt\/en\/produktas\/caddxfpv-walksnail-avatar-hd-pro-kamera\/\" \/>\n<meta property=\"og:locale\" content=\"en_US\" \/>\n<meta property=\"og:type\" content=\"article\" \/>\n<meta property=\"og:title\" content=\"Walksnail Avatar HD Pro kamera - 1dronas.lt\" \/>\n<meta property=\"og:description\" content=\"1\/1,8 colio Sony Starvis II jutiklis u\u017etikrina ry\u0161k\u0173 naktin\u012f vaizd\u0105, o 1080p \/ 120 fps re\u017eimas \u2013 skland\u0173 ir detal\u0173 vaizdo perdavim\u0105.  \u00a0 1 \u2013 2 d. d.\" \/>\n<meta property=\"og:url\" content=\"https:\/\/1dronas.lt\/en\/produktas\/caddxfpv-walksnail-avatar-hd-pro-kamera\/\" \/>\n<meta property=\"og:site_name\" content=\"1dronas.lt\" \/>\n<meta property=\"article:publisher\" content=\"https:\/\/www.facebook.com\/1dronas\/\" \/>\n<meta property=\"article:modified_time\" content=\"2026-01-30T10:26:24+00:00\" \/>\n<meta property=\"og:image\" content=\"https:\/\/1dronas.lt\/wp-content\/uploads\/2026\/01\/WalksnailAvatarHDProCamera.jpg\" \/>\n\t<meta property=\"og:image:width\" content=\"1200\" \/>\n\t<meta property=\"og:image:height\" content=\"1200\" \/>\n\t<meta property=\"og:image:type\" content=\"image\/jpeg\" \/>\n<meta name=\"twitter:card\" content=\"summary_large_image\" \/>\n<meta name=\"twitter:label1\" content=\"Est. reading time\" \/>\n\t<meta name=\"twitter:data1\" content=\"3 minutes\" \/>\n<script type=\"application\/ld+json\" class=\"yoast-schema-graph\">{\"@context\":\"https:\\\/\\\/schema.org\",\"@graph\":[{\"@type\":\"WebPage\",\"@id\":\"https:\\\/\\\/1dronas.lt\\\/en\\\/produktas\\\/caddxfpv-walksnail-avatar-hd-pro-kamera\\\/\",\"url\":\"https:\\\/\\\/1dronas.lt\\\/en\\\/produktas\\\/caddxfpv-walksnail-avatar-hd-pro-kamera\\\/\",\"name\":\"Walksnail Avatar HD Pro kamera - 1dronas.lt\",\"isPartOf\":{\"@id\":\"https:\\\/\\\/1dronas.lt\\\/en\\\/#website\"},\"primaryImageOfPage\":{\"@id\":\"https:\\\/\\\/1dronas.lt\\\/en\\\/produktas\\\/caddxfpv-walksnail-avatar-hd-pro-kamera\\\/#primaryimage\"},\"image\":{\"@id\":\"https:\\\/\\\/1dronas.lt\\\/en\\\/produktas\\\/caddxfpv-walksnail-avatar-hd-pro-kamera\\\/#primaryimage\"},\"thumbnailUrl\":\"https:\\\/\\\/1dronas.lt\\\/wp-content\\\/uploads\\\/2026\\\/01\\\/WalksnailAvatarHDProCamera.jpg\",\"datePublished\":\"2026-01-20T18:39:37+00:00\",\"dateModified\":\"2026-01-30T10:26:24+00:00\",\"breadcrumb\":{\"@id\":\"https:\\\/\\\/1dronas.lt\\\/en\\\/produktas\\\/caddxfpv-walksnail-avatar-hd-pro-kamera\\\/#breadcrumb\"},\"inLanguage\":\"en-US\",\"potentialAction\":[{\"@type\":\"ReadAction\",\"target\":[\"https:\\\/\\\/1dronas.lt\\\/en\\\/produktas\\\/caddxfpv-walksnail-avatar-hd-pro-kamera\\\/\"]}]},{\"@type\":\"ImageObject\",\"inLanguage\":\"en-US\",\"@id\":\"https:\\\/\\\/1dronas.lt\\\/en\\\/produktas\\\/caddxfpv-walksnail-avatar-hd-pro-kamera\\\/#primaryimage\",\"url\":\"https:\\\/\\\/1dronas.lt\\\/wp-content\\\/uploads\\\/2026\\\/01\\\/WalksnailAvatarHDProCamera.jpg\",\"contentUrl\":\"https:\\\/\\\/1dronas.lt\\\/wp-content\\\/uploads\\\/2026\\\/01\\\/WalksnailAvatarHDProCamera.jpg\",\"width\":1200,\"height\":1200},{\"@type\":\"BreadcrumbList\",\"@id\":\"https:\\\/\\\/1dronas.lt\\\/en\\\/produktas\\\/caddxfpv-walksnail-avatar-hd-pro-kamera\\\/#breadcrumb\",\"itemListElement\":[{\"@type\":\"ListItem\",\"position\":1,\"name\":\"Home\",\"item\":\"https:\\\/\\\/1dronas.lt\\\/\"},{\"@type\":\"ListItem\",\"position\":2,\"name\":\"Parduotuv\u0117\",\"item\":\"https:\\\/\\\/1dronas.lt\\\/parduotuve\\\/\"},{\"@type\":\"ListItem\",\"position\":3,\"name\":\"Walksnail Avatar HD Pro kamera\"}]},{\"@type\":\"WebSite\",\"@id\":\"https:\\\/\\\/1dronas.lt\\\/en\\\/#website\",\"url\":\"https:\\\/\\\/1dronas.lt\\\/en\\\/\",\"name\":\"1dronas.lt\",\"description\":\"Internetin\u0117 parduotuv\u0117\",\"publisher\":{\"@id\":\"https:\\\/\\\/1dronas.lt\\\/en\\\/#organization\"},\"potentialAction\":[{\"@type\":\"SearchAction\",\"target\":{\"@type\":\"EntryPoint\",\"urlTemplate\":\"https:\\\/\\\/1dronas.lt\\\/en\\\/?s={search_term_string}\"},\"query-input\":{\"@type\":\"PropertyValueSpecification\",\"valueRequired\":true,\"valueName\":\"search_term_string\"}}],\"inLanguage\":\"en-US\"},{\"@type\":\"Organization\",\"@id\":\"https:\\\/\\\/1dronas.lt\\\/en\\\/#organization\",\"name\":\"1dronas.lt\",\"url\":\"https:\\\/\\\/1dronas.lt\\\/en\\\/\",\"logo\":{\"@type\":\"ImageObject\",\"inLanguage\":\"en-US\",\"@id\":\"https:\\\/\\\/1dronas.lt\\\/en\\\/#\\\/schema\\\/logo\\\/image\\\/\",\"url\":\"https:\\\/\\\/1dronas.lt\\\/wp-content\\\/uploads\\\/2020\\\/12\\\/Ekrano_kopija__2_-removebg-preview-1-1.png\",\"contentUrl\":\"https:\\\/\\\/1dronas.lt\\\/wp-content\\\/uploads\\\/2020\\\/12\\\/Ekrano_kopija__2_-removebg-preview-1-1.png\",\"width\":234,\"height\":81,\"caption\":\"1dronas.lt\"},\"image\":{\"@id\":\"https:\\\/\\\/1dronas.lt\\\/en\\\/#\\\/schema\\\/logo\\\/image\\\/\"},\"sameAs\":[\"https:\\\/\\\/www.facebook.com\\\/1dronas\\\/\"]}]}<\/script>\n<!-- \/ Yoast SEO plugin. -->","yoast_head_json":{"title":"Walksnail Avatar HD Pro kamera - 1dronas.lt","robots":{"index":"index","follow":"follow","max-snippet":"max-snippet:-1","max-image-preview":"max-image-preview:large","max-video-preview":"max-video-preview:-1"},"canonical":"https:\/\/1dronas.lt\/en\/produktas\/caddxfpv-walksnail-avatar-hd-pro-kamera\/","og_locale":"en_US","og_type":"article","og_title":"Walksnail Avatar HD Pro kamera - 1dronas.lt","og_description":"1\/1,8 colio Sony Starvis II jutiklis u\u017etikrina ry\u0161k\u0173 naktin\u012f vaizd\u0105, o 1080p \/ 120 fps re\u017eimas \u2013 skland\u0173 ir detal\u0173 vaizdo perdavim\u0105.  \u00a0 1 \u2013 2 d. d.","og_url":"https:\/\/1dronas.lt\/en\/produktas\/caddxfpv-walksnail-avatar-hd-pro-kamera\/","og_site_name":"1dronas.lt","article_publisher":"https:\/\/www.facebook.com\/1dronas\/","article_modified_time":"2026-01-30T10:26:24+00:00","og_image":[{"width":1200,"height":1200,"url":"https:\/\/1dronas.lt\/wp-content\/uploads\/2026\/01\/WalksnailAvatarHDProCamera.jpg","type":"image\/jpeg"}],"twitter_card":"summary_large_image","twitter_misc":{"Est. reading time":"3 minutes"},"schema":{"@context":"https:\/\/schema.org","@graph":[{"@type":"WebPage","@id":"https:\/\/1dronas.lt\/en\/produktas\/caddxfpv-walksnail-avatar-hd-pro-kamera\/","url":"https:\/\/1dronas.lt\/en\/produktas\/caddxfpv-walksnail-avatar-hd-pro-kamera\/","name":"Walksnail Avatar HD Pro kamera - 1dronas.lt","isPartOf":{"@id":"https:\/\/1dronas.lt\/en\/#website"},"primaryImageOfPage":{"@id":"https:\/\/1dronas.lt\/en\/produktas\/caddxfpv-walksnail-avatar-hd-pro-kamera\/#primaryimage"},"image":{"@id":"https:\/\/1dronas.lt\/en\/produktas\/caddxfpv-walksnail-avatar-hd-pro-kamera\/#primaryimage"},"thumbnailUrl":"https:\/\/1dronas.lt\/wp-content\/uploads\/2026\/01\/WalksnailAvatarHDProCamera.jpg","datePublished":"2026-01-20T18:39:37+00:00","dateModified":"2026-01-30T10:26:24+00:00","breadcrumb":{"@id":"https:\/\/1dronas.lt\/en\/produktas\/caddxfpv-walksnail-avatar-hd-pro-kamera\/#breadcrumb"},"inLanguage":"en-US","potentialAction":[{"@type":"ReadAction","target":["https:\/\/1dronas.lt\/en\/produktas\/caddxfpv-walksnail-avatar-hd-pro-kamera\/"]}]},{"@type":"ImageObject","inLanguage":"en-US","@id":"https:\/\/1dronas.lt\/en\/produktas\/caddxfpv-walksnail-avatar-hd-pro-kamera\/#primaryimage","url":"https:\/\/1dronas.lt\/wp-content\/uploads\/2026\/01\/WalksnailAvatarHDProCamera.jpg","contentUrl":"https:\/\/1dronas.lt\/wp-content\/uploads\/2026\/01\/WalksnailAvatarHDProCamera.jpg","width":1200,"height":1200},{"@type":"BreadcrumbList","@id":"https:\/\/1dronas.lt\/en\/produktas\/caddxfpv-walksnail-avatar-hd-pro-kamera\/#breadcrumb","itemListElement":[{"@type":"ListItem","position":1,"name":"Home","item":"https:\/\/1dronas.lt\/"},{"@type":"ListItem","position":2,"name":"Parduotuv\u0117","item":"https:\/\/1dronas.lt\/parduotuve\/"},{"@type":"ListItem","position":3,"name":"Walksnail Avatar HD Pro kamera"}]},{"@type":"WebSite","@id":"https:\/\/1dronas.lt\/en\/#website","url":"https:\/\/1dronas.lt\/en\/","name":"1dronas.lt","description":"Online store","publisher":{"@id":"https:\/\/1dronas.lt\/en\/#organization"},"potentialAction":[{"@type":"SearchAction","target":{"@type":"EntryPoint","urlTemplate":"https:\/\/1dronas.lt\/en\/?s={search_term_string}"},"query-input":{"@type":"PropertyValueSpecification","valueRequired":true,"valueName":"search_term_string"}}],"inLanguage":"en-US"},{"@type":"Organization","@id":"https:\/\/1dronas.lt\/en\/#organization","name":"1dronas.lt","url":"https:\/\/1dronas.lt\/en\/","logo":{"@type":"ImageObject","inLanguage":"en-US","@id":"https:\/\/1dronas.lt\/en\/#\/schema\/logo\/image\/","url":"https:\/\/1dronas.lt\/wp-content\/uploads\/2020\/12\/Ekrano_kopija__2_-removebg-preview-1-1.png","contentUrl":"https:\/\/1dronas.lt\/wp-content\/uploads\/2020\/12\/Ekrano_kopija__2_-removebg-preview-1-1.png","width":234,"height":81,"caption":"1dronas.lt"},"image":{"@id":"https:\/\/1dronas.lt\/en\/#\/schema\/logo\/image\/"},"sameAs":["https:\/\/www.facebook.com\/1dronas\/"]}]}},"jetpack_sharing_enabled":true,"_links":{"self":[{"href":"https:\/\/1dronas.lt\/en\/wp-json\/wp\/v2\/product\/15585","targetHints":{"allow":["GET"]}}],"collection":[{"href":"https:\/\/1dronas.lt\/en\/wp-json\/wp\/v2\/product"}],"about":[{"href":"https:\/\/1dronas.lt\/en\/wp-json\/wp\/v2\/types\/product"}],"replies":[{"embeddable":true,"href":"https:\/\/1dronas.lt\/en\/wp-json\/wp\/v2\/comments?post=15585"}],"wp:featuredmedia":[{"embeddable":true,"href":"https:\/\/1dronas.lt\/en\/wp-json\/wp\/v2\/media\/15587"}],"wp:attachment":[{"href":"https:\/\/1dronas.lt\/en\/wp-json\/wp\/v2\/media?parent=15585"}],"wp:term":[{"taxonomy":"product_brand","embeddable":true,"href":"https:\/\/1dronas.lt\/en\/wp-json\/wp\/v2\/product_brand?post=15585"},{"taxonomy":"product_cat","embeddable":true,"href":"https:\/\/1dronas.lt\/en\/wp-json\/wp\/v2\/product_cat?post=15585"},{"taxonomy":"product_tag","embeddable":true,"href":"https:\/\/1dronas.lt\/en\/wp-json\/wp\/v2\/product_tag?post=15585"}],"curies":[{"name":"wp","href":"https:\/\/api.w.org\/{rel}","templated":true}]}}