{"id":15554,"date":"2026-01-19T22:21:41","date_gmt":"2026-01-19T20:21:41","guid":{"rendered":"https:\/\/1dronas.lt\/?post_type=product&#038;p=15554"},"modified":"2026-01-30T12:26:29","modified_gmt":"2026-01-30T10:26:29","slug":"walksnail-avatar-hd-x-akiniai","status":"publish","type":"product","link":"https:\/\/1dronas.lt\/en\/produktas\/caddxfpv-walksnail-avatar-hd-x-akiniai\/","title":{"rendered":"Walksnail Avatar X HD FPV Goggles"},"content":{"rendered":"<p>These FPV goggles provide a sharp 1920\u00d71080 HD image, a wide 50\u00b0 field of view and an ultra-low 22ms latency, making the flight feel smooth, realistic and immersive. The goggles feature an integrated head tracking system, modular design, smart cooling, wide compatibility and a multitude of settings that allow the goggles to be conveniently adapted to different needs.<\/p>\n<p><img loading=\"lazy\" decoding=\"async\" class=\"alignnone wp-image-15562 size-full\" src=\"https:\/\/1dronas.lt\/wp-content\/uploads\/2026\/01\/1-1_7b99d06d-3e12-4a83-b43b-5bb933495e80.jpg\" alt=\"\" width=\"1920\" height=\"709\" srcset=\"https:\/\/1dronas.lt\/wp-content\/uploads\/2026\/01\/1-1_7b99d06d-3e12-4a83-b43b-5bb933495e80.jpg 1920w, https:\/\/1dronas.lt\/wp-content\/uploads\/2026\/01\/1-1_7b99d06d-3e12-4a83-b43b-5bb933495e80-300x111.jpg 300w, https:\/\/1dronas.lt\/wp-content\/uploads\/2026\/01\/1-1_7b99d06d-3e12-4a83-b43b-5bb933495e80-1024x378.jpg 1024w, https:\/\/1dronas.lt\/wp-content\/uploads\/2026\/01\/1-1_7b99d06d-3e12-4a83-b43b-5bb933495e80-768x284.jpg 768w, https:\/\/1dronas.lt\/wp-content\/uploads\/2026\/01\/1-1_7b99d06d-3e12-4a83-b43b-5bb933495e80-1536x567.jpg 1536w, https:\/\/1dronas.lt\/wp-content\/uploads\/2026\/01\/1-1_7b99d06d-3e12-4a83-b43b-5bb933495e80-18x7.jpg 18w, https:\/\/1dronas.lt\/wp-content\/uploads\/2026\/01\/1-1_7b99d06d-3e12-4a83-b43b-5bb933495e80-510x188.jpg 510w\" sizes=\"auto, (max-width: 1920px) 100vw, 1920px\" \/><\/p>\n<h3><strong>High-end Technology<\/strong><\/h3>\n<div id=\"slider-782710463\" class=\"slider-wrapper relative\">\n<div class=\"slider slider-nav-circle slider-nav-large slider-nav-dark slider-style-normal\" data-flickity-options=\"{ &quot;cellAlign&quot;: &quot;center&quot;, &quot;imagesLoaded&quot;: true, &quot;lazyLoad&quot;: 1, &quot;freeScroll&quot;: false, &quot;wrapAround&quot;: true, &quot;autoPlay&quot;: 4500, &quot;pauseAutoPlayOnHover&quot; : true, &quot;prevNextButtons&quot;: true, &quot;contain&quot; : true, &quot;adaptiveHeight&quot; : true, &quot;dragThreshold&quot; : 10, &quot;percentPosition&quot;: true, &quot;pageDots&quot;: true, &quot;rightToLeft&quot;: false, &quot;draggable&quot;: true, &quot;selectedAttraction&quot;: 0.1, &quot;parallax&quot; : 0, &quot;friction&quot;: 0.6 }\"><img loading=\"lazy\" decoding=\"async\" class=\"alignnone wp-image-15564 size-full\" src=\"https:\/\/1dronas.lt\/wp-content\/uploads\/2026\/01\/265.png\" alt=\"\" width=\"1424\" height=\"450\" srcset=\"https:\/\/1dronas.lt\/wp-content\/uploads\/2026\/01\/265.png 1424w, https:\/\/1dronas.lt\/wp-content\/uploads\/2026\/01\/265-300x95.png 300w, https:\/\/1dronas.lt\/wp-content\/uploads\/2026\/01\/265-1024x324.png 1024w, https:\/\/1dronas.lt\/wp-content\/uploads\/2026\/01\/265-768x243.png 768w, https:\/\/1dronas.lt\/wp-content\/uploads\/2026\/01\/265-18x6.png 18w, https:\/\/1dronas.lt\/wp-content\/uploads\/2026\/01\/265-510x161.png 510w\" sizes=\"auto, (max-width: 1424px) 100vw, 1424px\" \/> <img loading=\"lazy\" decoding=\"async\" class=\"alignnone wp-image-15563 size-full\" src=\"https:\/\/1dronas.lt\/wp-content\/uploads\/2026\/01\/SYS.png\" alt=\"\" width=\"1424\" height=\"450\" srcset=\"https:\/\/1dronas.lt\/wp-content\/uploads\/2026\/01\/SYS.png 1424w, https:\/\/1dronas.lt\/wp-content\/uploads\/2026\/01\/SYS-300x95.png 300w, https:\/\/1dronas.lt\/wp-content\/uploads\/2026\/01\/SYS-1024x324.png 1024w, https:\/\/1dronas.lt\/wp-content\/uploads\/2026\/01\/SYS-768x243.png 768w, https:\/\/1dronas.lt\/wp-content\/uploads\/2026\/01\/SYS-18x6.png 18w, https:\/\/1dronas.lt\/wp-content\/uploads\/2026\/01\/SYS-510x161.png 510w\" sizes=\"auto, (max-width: 1424px) 100vw, 1424px\" \/><\/div>\n<div class=\"loading-spin dark large centered\"><\/div>\n<\/div>\n<h3><strong>Customization<\/strong><\/h3>\n<div id=\"slider-575615269\" class=\"slider-wrapper relative\">\n<div class=\"slider slider-nav-circle slider-nav-large slider-nav-dark slider-style-normal\" data-flickity-options=\"{ &quot;cellAlign&quot;: &quot;center&quot;, &quot;imagesLoaded&quot;: true, &quot;lazyLoad&quot;: 1, &quot;freeScroll&quot;: false, &quot;wrapAround&quot;: true, &quot;autoPlay&quot;: 4500, &quot;pauseAutoPlayOnHover&quot; : true, &quot;prevNextButtons&quot;: true, &quot;contain&quot; : true, &quot;adaptiveHeight&quot; : true, &quot;dragThreshold&quot; : 10, &quot;percentPosition&quot;: true, &quot;pageDots&quot;: true, &quot;rightToLeft&quot;: false, &quot;draggable&quot;: true, &quot;selectedAttraction&quot;: 0.1, &quot;parallax&quot; : 0, &quot;friction&quot;: 0.6 }\"><img loading=\"lazy\" decoding=\"async\" class=\"alignnone wp-image-15565 size-full\" src=\"https:\/\/1dronas.lt\/wp-content\/uploads\/2026\/01\/DYD.png\" alt=\"\" width=\"1424\" height=\"450\" srcset=\"https:\/\/1dronas.lt\/wp-content\/uploads\/2026\/01\/DYD.png 1424w, https:\/\/1dronas.lt\/wp-content\/uploads\/2026\/01\/DYD-300x95.png 300w, https:\/\/1dronas.lt\/wp-content\/uploads\/2026\/01\/DYD-1024x324.png 1024w, https:\/\/1dronas.lt\/wp-content\/uploads\/2026\/01\/DYD-768x243.png 768w, https:\/\/1dronas.lt\/wp-content\/uploads\/2026\/01\/DYD-18x6.png 18w, https:\/\/1dronas.lt\/wp-content\/uploads\/2026\/01\/DYD-510x161.png 510w\" sizes=\"auto, (max-width: 1424px) 100vw, 1424px\" \/> <img loading=\"lazy\" decoding=\"async\" class=\"alignnone wp-image-15566 size-full\" src=\"https:\/\/1dronas.lt\/wp-content\/uploads\/2026\/01\/DIZ.png\" alt=\"\" width=\"1424\" height=\"450\" srcset=\"https:\/\/1dronas.lt\/wp-content\/uploads\/2026\/01\/DIZ.png 1424w, https:\/\/1dronas.lt\/wp-content\/uploads\/2026\/01\/DIZ-300x95.png 300w, https:\/\/1dronas.lt\/wp-content\/uploads\/2026\/01\/DIZ-1024x324.png 1024w, https:\/\/1dronas.lt\/wp-content\/uploads\/2026\/01\/DIZ-768x243.png 768w, https:\/\/1dronas.lt\/wp-content\/uploads\/2026\/01\/DIZ-18x6.png 18w, https:\/\/1dronas.lt\/wp-content\/uploads\/2026\/01\/DIZ-510x161.png 510w\" sizes=\"auto, (max-width: 1424px) 100vw, 1424px\" \/> <img loading=\"lazy\" decoding=\"async\" class=\"alignnone wp-image-15567 size-full\" src=\"https:\/\/1dronas.lt\/wp-content\/uploads\/2026\/01\/KOM.png\" alt=\"\" width=\"1424\" height=\"450\" srcset=\"https:\/\/1dronas.lt\/wp-content\/uploads\/2026\/01\/KOM.png 1424w, https:\/\/1dronas.lt\/wp-content\/uploads\/2026\/01\/KOM-300x95.png 300w, https:\/\/1dronas.lt\/wp-content\/uploads\/2026\/01\/KOM-1024x324.png 1024w, https:\/\/1dronas.lt\/wp-content\/uploads\/2026\/01\/KOM-768x243.png 768w, https:\/\/1dronas.lt\/wp-content\/uploads\/2026\/01\/KOM-18x6.png 18w, https:\/\/1dronas.lt\/wp-content\/uploads\/2026\/01\/KOM-510x161.png 510w\" sizes=\"auto, (max-width: 1424px) 100vw, 1424px\" \/><\/div>\n<div class=\"loading-spin dark large centered\"><\/div>\n<\/div>\n<h3><strong>Variety of connections<\/strong><\/h3>\n<div id=\"slider-1250317373\" class=\"slider-wrapper relative\">\n<div class=\"slider slider-nav-circle slider-nav-large slider-nav-dark slider-style-normal\" data-flickity-options=\"{ &quot;cellAlign&quot;: &quot;center&quot;, &quot;imagesLoaded&quot;: true, &quot;lazyLoad&quot;: 1, &quot;freeScroll&quot;: false, &quot;wrapAround&quot;: true, &quot;autoPlay&quot;: 4500, &quot;pauseAutoPlayOnHover&quot; : true, &quot;prevNextButtons&quot;: true, &quot;contain&quot; : true, &quot;adaptiveHeight&quot; : true, &quot;dragThreshold&quot; : 10, &quot;percentPosition&quot;: true, &quot;pageDots&quot;: true, &quot;rightToLeft&quot;: false, &quot;draggable&quot;: true, &quot;selectedAttraction&quot;: 0.1, &quot;parallax&quot; : 0, &quot;friction&quot;: 0.6 }\"><img loading=\"lazy\" decoding=\"async\" class=\"alignnone wp-image-15570 size-full\" src=\"https:\/\/1dronas.lt\/wp-content\/uploads\/2026\/01\/HDMI.png\" alt=\"\" width=\"1424\" height=\"450\" srcset=\"https:\/\/1dronas.lt\/wp-content\/uploads\/2026\/01\/HDMI.png 1424w, https:\/\/1dronas.lt\/wp-content\/uploads\/2026\/01\/HDMI-300x95.png 300w, https:\/\/1dronas.lt\/wp-content\/uploads\/2026\/01\/HDMI-1024x324.png 1024w, https:\/\/1dronas.lt\/wp-content\/uploads\/2026\/01\/HDMI-768x243.png 768w, https:\/\/1dronas.lt\/wp-content\/uploads\/2026\/01\/HDMI-18x6.png 18w, https:\/\/1dronas.lt\/wp-content\/uploads\/2026\/01\/HDMI-510x161.png 510w\" sizes=\"auto, (max-width: 1424px) 100vw, 1424px\" \/> <img loading=\"lazy\" decoding=\"async\" class=\"alignnone wp-image-15571 size-full\" src=\"https:\/\/1dronas.lt\/wp-content\/uploads\/2026\/01\/AV.jpg\" alt=\"\" width=\"1424\" height=\"450\" srcset=\"https:\/\/1dronas.lt\/wp-content\/uploads\/2026\/01\/AV.jpg 1424w, https:\/\/1dronas.lt\/wp-content\/uploads\/2026\/01\/AV-300x95.jpg 300w, https:\/\/1dronas.lt\/wp-content\/uploads\/2026\/01\/AV-1024x324.jpg 1024w, https:\/\/1dronas.lt\/wp-content\/uploads\/2026\/01\/AV-768x243.jpg 768w, https:\/\/1dronas.lt\/wp-content\/uploads\/2026\/01\/AV-18x6.jpg 18w, https:\/\/1dronas.lt\/wp-content\/uploads\/2026\/01\/AV-510x161.jpg 510w\" sizes=\"auto, (max-width: 1424px) 100vw, 1424px\" \/><\/div>\n<div class=\"loading-spin dark large centered\"><\/div>\n<\/div>\n<p data-start=\"0\" data-end=\"211\">\u2022 The goggles feature a removable front cover that can be replaced with a new antenna, giving pilots more options to optimize their FPV experience. The cover also has a light function for added style;<br \/>\n\u2022 The glasses provide a clearer view and allow you to adjust the diopter from +2.0 to -6.0, so you can watch without corrective glasses. Integrated infrared technology allows you to turn the screen on and off simply by moving your head, saving energy and extending the life of the screen;<br \/>\n\u2022 It is also possible to change lenses for astigmatism, myopia or blue light filter to meet different vision needs.<\/p>\n<div id=\"slider-457533357\" class=\"slider-wrapper relative\">\n<div class=\"slider slider-nav-circle slider-nav-large slider-nav-dark slider-style-normal\" data-flickity-options=\"{ &quot;cellAlign&quot;: &quot;center&quot;, &quot;imagesLoaded&quot;: true, &quot;lazyLoad&quot;: 1, &quot;freeScroll&quot;: false, &quot;wrapAround&quot;: true, &quot;autoPlay&quot;: 4500, &quot;pauseAutoPlayOnHover&quot; : true, &quot;prevNextButtons&quot;: true, &quot;contain&quot; : true, &quot;adaptiveHeight&quot; : true, &quot;dragThreshold&quot; : 10, &quot;percentPosition&quot;: true, &quot;pageDots&quot;: true, &quot;rightToLeft&quot;: false, &quot;draggable&quot;: true, &quot;selectedAttraction&quot;: 0.1, &quot;parallax&quot; : 0, &quot;friction&quot;: 0.6 }\"><img decoding=\"async\" src=\"https:\/\/cdn.shopify.com\/s\/files\/1\/0036\/3921\/4169\/files\/10_29_-soConvert.webp?v=1761806233\" alt=\"\" \/><img decoding=\"async\" src=\"https:\/\/cdn.shopify.com\/s\/files\/1\/0036\/3921\/4169\/files\/6.gif?v=1696905094\" alt=\"\" \/><img decoding=\"async\" src=\"https:\/\/cdn.shopify.com\/s\/files\/1\/0036\/3921\/4169\/files\/0026.gif?v=1696992319\" alt=\"\" \/><img decoding=\"async\" src=\"https:\/\/cdn.shopify.com\/s\/files\/1\/0036\/3921\/4169\/files\/01_f6e67ae4-4cd6-4ce2-b588-a5cd7ccf70b9.gif?v=1697184022\" alt=\"\" \/><img decoding=\"async\" src=\"https:\/\/cdn.shopify.com\/s\/files\/1\/0036\/3921\/4169\/files\/7-1.gif?v=1696905168\" alt=\"\" \/><\/div>\n<div class=\"loading-spin dark large centered\"><\/div>\n<\/div>\n<p data-start=\"0\" data-end=\"211\"><strong><br \/>\nSpecification:<\/strong><\/p>\n<p data-start=\"100\" data-end=\"1025\">\u2022 Model: Avatar HD Goggles X;<br data-start=\"132\" data-end=\"135\" \/>\u2022 Communication frequency: 5.725\u20135.850 GHz;<br data-start=\"168\" data-end=\"171\" \/>\u2022 Transmitter power (EIRP): FCC: &lt;30 dBm; CE: &lt;14dBm; SRRC: &lt;20dBm; MIC: &lt;25dBm;<br data-start=\"252\" data-end=\"255\" \/>\u2022 Connector types: HDMI Out, HDMI In, 5 pin 3.5 mm audio jack, DC 5.5*2.1 mm, Micro SD card slot;<br data-start=\"360\" data-end=\"363\" \/>\u2022 Resolution: 1080p 100fps \/ 1080p 60fps \/ 720p 100fps \/ 720p 60fps;<br data-start=\"442\" data-end=\"445\" \/>\u2022 Code rate (max.): 50 Mbps;<br data-start=\"478\" data-end=\"481\" \/>\u2022 Latency: average 22 ms;<br data-start=\"524\" data-end=\"527\" \/>\u2022 Average gain: 2 dBi;<br data-start=\"559\" data-end=\"562\" \/>\u2022 Polarization: LHCP;<br data-start=\"585\" data-end=\"588\" \/>\u2022 Transmission distance: &gt;4 km;<br data-start=\"621\" data-end=\"624\" \/>\u2022 Number of channels: 8;<br data-start=\"646\" data-end=\"649\" \/>\u2022 Screen resolution: 1920\u00d71080, 100 Hz;<br data-start=\"685\" data-end=\"688\" \/>\u2022 Screen material: OLED;<br data-start=\"713\" data-end=\"716\" \/>\u2022 IPD mechanical adjustment: 57\u201372 mm;<br data-start=\"757\" data-end=\"760\" \/>\u2022 Adjustable focus: +2.0 to -6.0 diopters;<br data-start=\"814\" data-end=\"817\" \/>\u2022 Field of view (FOV): 50\u00b0;<br data-start=\"845\" data-end=\"848\" \/>\u2022 Supply voltage: 7\u201325.2 V (2S\u20136S);<br data-start=\"886\" data-end=\"889\" \/>\u2022 SD card: supports up to 256 GB;<br data-start=\"923\" data-end=\"926\" \/>\u2022 System: Avatar HD system;<br data-start=\"988\" data-end=\"991\" \/>\u2022 Integrated gyroscope: Yes.<\/p>\n<p data-start=\"100\" data-end=\"1025\"><strong>Package:<\/strong><\/p>\n<p data-start=\"100\" data-end=\"1025\">1x Walksnail Avatar HD Goggles X;<br data-start=\"42\" data-end=\"45\" \/>1x Wide foam cushion (PU);<br data-start=\"83\" data-end=\"86\" \/>1x Lens cleaning cloth;<br data-start=\"121\" data-end=\"124\" \/>1x XT60 to DC 5.5*2.1 mm power cable;<br \/>\n1x Case.<\/p>\n<p data-start=\"100\" data-end=\"1025\"><img loading=\"lazy\" decoding=\"async\" class=\"alignnone wp-image-15557 size-large\" src=\"https:\/\/1dronas.lt\/wp-content\/uploads\/2026\/01\/goggles_X_packing_list-1024x1024.jpg\" alt=\"\" width=\"1020\" height=\"1020\" srcset=\"https:\/\/1dronas.lt\/wp-content\/uploads\/2026\/01\/goggles_X_packing_list-1024x1024.jpg 1024w, https:\/\/1dronas.lt\/wp-content\/uploads\/2026\/01\/goggles_X_packing_list-300x300.jpg 300w, https:\/\/1dronas.lt\/wp-content\/uploads\/2026\/01\/goggles_X_packing_list-150x150.jpg 150w, https:\/\/1dronas.lt\/wp-content\/uploads\/2026\/01\/goggles_X_packing_list-768x768.jpg 768w, https:\/\/1dronas.lt\/wp-content\/uploads\/2026\/01\/goggles_X_packing_list-1536x1536.jpg 1536w, https:\/\/1dronas.lt\/wp-content\/uploads\/2026\/01\/goggles_X_packing_list-12x12.jpg 12w, https:\/\/1dronas.lt\/wp-content\/uploads\/2026\/01\/goggles_X_packing_list-247x247.jpg 247w, https:\/\/1dronas.lt\/wp-content\/uploads\/2026\/01\/goggles_X_packing_list-510x510.jpg 510w, https:\/\/1dronas.lt\/wp-content\/uploads\/2026\/01\/goggles_X_packing_list-100x100.jpg 100w, https:\/\/1dronas.lt\/wp-content\/uploads\/2026\/01\/goggles_X_packing_list.jpg 1800w\" sizes=\"auto, (max-width: 1020px) 100vw, 1020px\" \/><\/p>","protected":false},"excerpt":{"rendered":"<p><span style=\"color: #000000;\">These FPV goggles provide a sharp 1920\u00d71080 HD image, a wide 50\u00b0 field of view, and an ultra-low 22ms latency, making flight feel smooth, realistic, and immersive.\u00a0<\/span><\/p>\n<p><span style=\"color: #000000;\"><img loading=\"lazy\" decoding=\"async\" class=\"alignnone wp-image-1806\" src=\"https:\/\/1dronas.lt\/wp-content\/uploads\/2021\/05\/delivery-icon.png\" alt=\"\" width=\"24\" height=\"24\" srcset=\"https:\/\/1dronas.lt\/wp-content\/uploads\/2021\/05\/delivery-icon.png 35w, https:\/\/1dronas.lt\/wp-content\/uploads\/2021\/05\/delivery-icon-12x12.png 12w\" sizes=\"auto, (max-width: 24px) 100vw, 24px\" \/><strong>\u00a0 1 \u2013 2 days<\/strong><\/span><\/p>","protected":false},"featured_media":15560,"comment_status":"open","ping_status":"closed","template":"","meta":[],"product_brand":[1151],"product_cat":[223],"product_tag":[1124,1113,1117],"class_list":{"0":"post-15554","1":"product","2":"type-product","3":"status-publish","4":"has-post-thumbnail","6":"product_brand-walksnail","7":"product_cat-fpv-akiniai","8":"product_tag-avatar-hd-x","9":"product_tag-caddxfpv","10":"product_tag-walksnail","12":"first","13":"instock","14":"taxable","15":"shipping-taxable","16":"purchasable","17":"product-type-simple"},"yoast_head":"<!-- This site is optimized with the Yoast SEO plugin v27.5 - https:\/\/yoast.com\/product\/yoast-seo-wordpress\/ -->\n<title>Walksnail Avatar X HD FPV akiniai - 1dronas.lt<\/title>\n<meta name=\"robots\" content=\"index, follow, max-snippet:-1, max-image-preview:large, max-video-preview:-1\" \/>\n<link rel=\"canonical\" href=\"https:\/\/1dronas.lt\/en\/produktas\/caddxfpv-walksnail-avatar-hd-x-akiniai\/\" \/>\n<meta property=\"og:locale\" content=\"en_US\" \/>\n<meta property=\"og:type\" content=\"article\" \/>\n<meta property=\"og:title\" content=\"Walksnail Avatar X HD FPV akiniai - 1dronas.lt\" \/>\n<meta property=\"og:description\" content=\"\u0160ie FPV akiniai u\u017etikrina ry\u0161k\u0173 1920\u00d71080 HD vaizd\u0105, plat\u0173 50\u00b0 matymo lauk\u0105 ir itin ma\u017e\u0105 22 ms v\u0117lavim\u0105, tod\u0117l skrydis atrodo sklandus, realisti\u0161kas ir \u012ftraukiantis.\u00a0  \u00a0 1 \u2013 2 d. d.\" \/>\n<meta property=\"og:url\" content=\"https:\/\/1dronas.lt\/en\/produktas\/caddxfpv-walksnail-avatar-hd-x-akiniai\/\" \/>\n<meta property=\"og:site_name\" content=\"1dronas.lt\" \/>\n<meta property=\"article:publisher\" content=\"https:\/\/www.facebook.com\/1dronas\/\" \/>\n<meta property=\"article:modified_time\" content=\"2026-01-30T10:26:29+00:00\" \/>\n<meta property=\"og:image\" content=\"https:\/\/1dronas.lt\/wp-content\/uploads\/2026\/01\/store_01J8R309K9B3TZQ3TAZ36P62QJ-assets-1729383123675-was-wn02-fp003-ac3697_l.jpg\" \/>\n\t<meta property=\"og:image:width\" content=\"740\" \/>\n\t<meta property=\"og:image:height\" content=\"740\" \/>\n\t<meta property=\"og:image:type\" content=\"image\/jpeg\" \/>\n<meta name=\"twitter:card\" content=\"summary_large_image\" \/>\n<meta name=\"twitter:label1\" content=\"Est. reading time\" \/>\n\t<meta name=\"twitter:data1\" content=\"5 minutes\" \/>\n<script type=\"application\/ld+json\" class=\"yoast-schema-graph\">{\"@context\":\"https:\\\/\\\/schema.org\",\"@graph\":[{\"@type\":\"WebPage\",\"@id\":\"https:\\\/\\\/1dronas.lt\\\/en\\\/produktas\\\/caddxfpv-walksnail-avatar-hd-x-akiniai\\\/\",\"url\":\"https:\\\/\\\/1dronas.lt\\\/en\\\/produktas\\\/caddxfpv-walksnail-avatar-hd-x-akiniai\\\/\",\"name\":\"Walksnail Avatar X HD FPV akiniai - 1dronas.lt\",\"isPartOf\":{\"@id\":\"https:\\\/\\\/1dronas.lt\\\/en\\\/#website\"},\"primaryImageOfPage\":{\"@id\":\"https:\\\/\\\/1dronas.lt\\\/en\\\/produktas\\\/caddxfpv-walksnail-avatar-hd-x-akiniai\\\/#primaryimage\"},\"image\":{\"@id\":\"https:\\\/\\\/1dronas.lt\\\/en\\\/produktas\\\/caddxfpv-walksnail-avatar-hd-x-akiniai\\\/#primaryimage\"},\"thumbnailUrl\":\"https:\\\/\\\/1dronas.lt\\\/wp-content\\\/uploads\\\/2026\\\/01\\\/store_01J8R309K9B3TZQ3TAZ36P62QJ-assets-1729383123675-was-wn02-fp003-ac3697_l.jpg\",\"datePublished\":\"2026-01-19T20:21:41+00:00\",\"dateModified\":\"2026-01-30T10:26:29+00:00\",\"breadcrumb\":{\"@id\":\"https:\\\/\\\/1dronas.lt\\\/en\\\/produktas\\\/caddxfpv-walksnail-avatar-hd-x-akiniai\\\/#breadcrumb\"},\"inLanguage\":\"en-US\",\"potentialAction\":[{\"@type\":\"ReadAction\",\"target\":[\"https:\\\/\\\/1dronas.lt\\\/en\\\/produktas\\\/caddxfpv-walksnail-avatar-hd-x-akiniai\\\/\"]}]},{\"@type\":\"ImageObject\",\"inLanguage\":\"en-US\",\"@id\":\"https:\\\/\\\/1dronas.lt\\\/en\\\/produktas\\\/caddxfpv-walksnail-avatar-hd-x-akiniai\\\/#primaryimage\",\"url\":\"https:\\\/\\\/1dronas.lt\\\/wp-content\\\/uploads\\\/2026\\\/01\\\/store_01J8R309K9B3TZQ3TAZ36P62QJ-assets-1729383123675-was-wn02-fp003-ac3697_l.jpg\",\"contentUrl\":\"https:\\\/\\\/1dronas.lt\\\/wp-content\\\/uploads\\\/2026\\\/01\\\/store_01J8R309K9B3TZQ3TAZ36P62QJ-assets-1729383123675-was-wn02-fp003-ac3697_l.jpg\",\"width\":740,\"height\":740},{\"@type\":\"BreadcrumbList\",\"@id\":\"https:\\\/\\\/1dronas.lt\\\/en\\\/produktas\\\/caddxfpv-walksnail-avatar-hd-x-akiniai\\\/#breadcrumb\",\"itemListElement\":[{\"@type\":\"ListItem\",\"position\":1,\"name\":\"Home\",\"item\":\"https:\\\/\\\/1dronas.lt\\\/\"},{\"@type\":\"ListItem\",\"position\":2,\"name\":\"Parduotuv\u0117\",\"item\":\"https:\\\/\\\/1dronas.lt\\\/parduotuve\\\/\"},{\"@type\":\"ListItem\",\"position\":3,\"name\":\"Walksnail Avatar X HD FPV akiniai\"}]},{\"@type\":\"WebSite\",\"@id\":\"https:\\\/\\\/1dronas.lt\\\/en\\\/#website\",\"url\":\"https:\\\/\\\/1dronas.lt\\\/en\\\/\",\"name\":\"1dronas.lt\",\"description\":\"Internetin\u0117 parduotuv\u0117\",\"publisher\":{\"@id\":\"https:\\\/\\\/1dronas.lt\\\/en\\\/#organization\"},\"potentialAction\":[{\"@type\":\"SearchAction\",\"target\":{\"@type\":\"EntryPoint\",\"urlTemplate\":\"https:\\\/\\\/1dronas.lt\\\/en\\\/?s={search_term_string}\"},\"query-input\":{\"@type\":\"PropertyValueSpecification\",\"valueRequired\":true,\"valueName\":\"search_term_string\"}}],\"inLanguage\":\"en-US\"},{\"@type\":\"Organization\",\"@id\":\"https:\\\/\\\/1dronas.lt\\\/en\\\/#organization\",\"name\":\"1dronas.lt\",\"url\":\"https:\\\/\\\/1dronas.lt\\\/en\\\/\",\"logo\":{\"@type\":\"ImageObject\",\"inLanguage\":\"en-US\",\"@id\":\"https:\\\/\\\/1dronas.lt\\\/en\\\/#\\\/schema\\\/logo\\\/image\\\/\",\"url\":\"https:\\\/\\\/1dronas.lt\\\/wp-content\\\/uploads\\\/2020\\\/12\\\/Ekrano_kopija__2_-removebg-preview-1-1.png\",\"contentUrl\":\"https:\\\/\\\/1dronas.lt\\\/wp-content\\\/uploads\\\/2020\\\/12\\\/Ekrano_kopija__2_-removebg-preview-1-1.png\",\"width\":234,\"height\":81,\"caption\":\"1dronas.lt\"},\"image\":{\"@id\":\"https:\\\/\\\/1dronas.lt\\\/en\\\/#\\\/schema\\\/logo\\\/image\\\/\"},\"sameAs\":[\"https:\\\/\\\/www.facebook.com\\\/1dronas\\\/\"]}]}<\/script>\n<!-- \/ Yoast SEO plugin. -->","yoast_head_json":{"title":"Walksnail Avatar X HD FPV akiniai - 1dronas.lt","robots":{"index":"index","follow":"follow","max-snippet":"max-snippet:-1","max-image-preview":"max-image-preview:large","max-video-preview":"max-video-preview:-1"},"canonical":"https:\/\/1dronas.lt\/en\/produktas\/caddxfpv-walksnail-avatar-hd-x-akiniai\/","og_locale":"en_US","og_type":"article","og_title":"Walksnail Avatar X HD FPV akiniai - 1dronas.lt","og_description":"\u0160ie FPV akiniai u\u017etikrina ry\u0161k\u0173 1920\u00d71080 HD vaizd\u0105, plat\u0173 50\u00b0 matymo lauk\u0105 ir itin ma\u017e\u0105 22 ms v\u0117lavim\u0105, tod\u0117l skrydis atrodo sklandus, realisti\u0161kas ir \u012ftraukiantis.\u00a0  \u00a0 1 \u2013 2 d. d.","og_url":"https:\/\/1dronas.lt\/en\/produktas\/caddxfpv-walksnail-avatar-hd-x-akiniai\/","og_site_name":"1dronas.lt","article_publisher":"https:\/\/www.facebook.com\/1dronas\/","article_modified_time":"2026-01-30T10:26:29+00:00","og_image":[{"width":740,"height":740,"url":"https:\/\/1dronas.lt\/wp-content\/uploads\/2026\/01\/store_01J8R309K9B3TZQ3TAZ36P62QJ-assets-1729383123675-was-wn02-fp003-ac3697_l.jpg","type":"image\/jpeg"}],"twitter_card":"summary_large_image","twitter_misc":{"Est. reading time":"5 minutes"},"schema":{"@context":"https:\/\/schema.org","@graph":[{"@type":"WebPage","@id":"https:\/\/1dronas.lt\/en\/produktas\/caddxfpv-walksnail-avatar-hd-x-akiniai\/","url":"https:\/\/1dronas.lt\/en\/produktas\/caddxfpv-walksnail-avatar-hd-x-akiniai\/","name":"Walksnail Avatar X HD FPV akiniai - 1dronas.lt","isPartOf":{"@id":"https:\/\/1dronas.lt\/en\/#website"},"primaryImageOfPage":{"@id":"https:\/\/1dronas.lt\/en\/produktas\/caddxfpv-walksnail-avatar-hd-x-akiniai\/#primaryimage"},"image":{"@id":"https:\/\/1dronas.lt\/en\/produktas\/caddxfpv-walksnail-avatar-hd-x-akiniai\/#primaryimage"},"thumbnailUrl":"https:\/\/1dronas.lt\/wp-content\/uploads\/2026\/01\/store_01J8R309K9B3TZQ3TAZ36P62QJ-assets-1729383123675-was-wn02-fp003-ac3697_l.jpg","datePublished":"2026-01-19T20:21:41+00:00","dateModified":"2026-01-30T10:26:29+00:00","breadcrumb":{"@id":"https:\/\/1dronas.lt\/en\/produktas\/caddxfpv-walksnail-avatar-hd-x-akiniai\/#breadcrumb"},"inLanguage":"en-US","potentialAction":[{"@type":"ReadAction","target":["https:\/\/1dronas.lt\/en\/produktas\/caddxfpv-walksnail-avatar-hd-x-akiniai\/"]}]},{"@type":"ImageObject","inLanguage":"en-US","@id":"https:\/\/1dronas.lt\/en\/produktas\/caddxfpv-walksnail-avatar-hd-x-akiniai\/#primaryimage","url":"https:\/\/1dronas.lt\/wp-content\/uploads\/2026\/01\/store_01J8R309K9B3TZQ3TAZ36P62QJ-assets-1729383123675-was-wn02-fp003-ac3697_l.jpg","contentUrl":"https:\/\/1dronas.lt\/wp-content\/uploads\/2026\/01\/store_01J8R309K9B3TZQ3TAZ36P62QJ-assets-1729383123675-was-wn02-fp003-ac3697_l.jpg","width":740,"height":740},{"@type":"BreadcrumbList","@id":"https:\/\/1dronas.lt\/en\/produktas\/caddxfpv-walksnail-avatar-hd-x-akiniai\/#breadcrumb","itemListElement":[{"@type":"ListItem","position":1,"name":"Home","item":"https:\/\/1dronas.lt\/"},{"@type":"ListItem","position":2,"name":"Parduotuv\u0117","item":"https:\/\/1dronas.lt\/parduotuve\/"},{"@type":"ListItem","position":3,"name":"Walksnail Avatar X HD FPV akiniai"}]},{"@type":"WebSite","@id":"https:\/\/1dronas.lt\/en\/#website","url":"https:\/\/1dronas.lt\/en\/","name":"1dronas.lt","description":"Online store","publisher":{"@id":"https:\/\/1dronas.lt\/en\/#organization"},"potentialAction":[{"@type":"SearchAction","target":{"@type":"EntryPoint","urlTemplate":"https:\/\/1dronas.lt\/en\/?s={search_term_string}"},"query-input":{"@type":"PropertyValueSpecification","valueRequired":true,"valueName":"search_term_string"}}],"inLanguage":"en-US"},{"@type":"Organization","@id":"https:\/\/1dronas.lt\/en\/#organization","name":"1dronas.lt","url":"https:\/\/1dronas.lt\/en\/","logo":{"@type":"ImageObject","inLanguage":"en-US","@id":"https:\/\/1dronas.lt\/en\/#\/schema\/logo\/image\/","url":"https:\/\/1dronas.lt\/wp-content\/uploads\/2020\/12\/Ekrano_kopija__2_-removebg-preview-1-1.png","contentUrl":"https:\/\/1dronas.lt\/wp-content\/uploads\/2020\/12\/Ekrano_kopija__2_-removebg-preview-1-1.png","width":234,"height":81,"caption":"1dronas.lt"},"image":{"@id":"https:\/\/1dronas.lt\/en\/#\/schema\/logo\/image\/"},"sameAs":["https:\/\/www.facebook.com\/1dronas\/"]}]}},"jetpack_sharing_enabled":true,"_links":{"self":[{"href":"https:\/\/1dronas.lt\/en\/wp-json\/wp\/v2\/product\/15554","targetHints":{"allow":["GET"]}}],"collection":[{"href":"https:\/\/1dronas.lt\/en\/wp-json\/wp\/v2\/product"}],"about":[{"href":"https:\/\/1dronas.lt\/en\/wp-json\/wp\/v2\/types\/product"}],"replies":[{"embeddable":true,"href":"https:\/\/1dronas.lt\/en\/wp-json\/wp\/v2\/comments?post=15554"}],"wp:featuredmedia":[{"embeddable":true,"href":"https:\/\/1dronas.lt\/en\/wp-json\/wp\/v2\/media\/15560"}],"wp:attachment":[{"href":"https:\/\/1dronas.lt\/en\/wp-json\/wp\/v2\/media?parent=15554"}],"wp:term":[{"taxonomy":"product_brand","embeddable":true,"href":"https:\/\/1dronas.lt\/en\/wp-json\/wp\/v2\/product_brand?post=15554"},{"taxonomy":"product_cat","embeddable":true,"href":"https:\/\/1dronas.lt\/en\/wp-json\/wp\/v2\/product_cat?post=15554"},{"taxonomy":"product_tag","embeddable":true,"href":"https:\/\/1dronas.lt\/en\/wp-json\/wp\/v2\/product_tag?post=15554"}],"curies":[{"name":"wp","href":"https:\/\/api.w.org\/{rel}","templated":true}]}}