{"id":15472,"date":"2026-01-16T19:34:13","date_gmt":"2026-01-16T17:34:13","guid":{"rendered":"https:\/\/1dronas.lt\/?post_type=product&#038;p=15472"},"modified":"2026-01-16T19:54:54","modified_gmt":"2026-01-16T17:54:54","slug":"caddxfpv-gofilm-20-elrs-2-4ghz","status":"publish","type":"product","link":"https:\/\/1dronas.lt\/en\/produktas\/caddxfpv-gofilm-20-elrs-2-4ghz\/","title":{"rendered":"CaddxFPV Gofilm 20 ELRS 2.4Ghz"},"content":{"rendered":"<p>This is the first CaddxFPV FPV drone designed to meet the needs of most pilots, and the first 4K starlight drone on the market, providing excellent viewing even in low light.<\/p>\n<p><img loading=\"lazy\" decoding=\"async\" class=\"alignnone wp-image-15473 size-full\" src=\"https:\/\/1dronas.lt\/wp-content\/uploads\/2026\/01\/0_1398dc87-0890-4110-b711-c4faa382f264.jpg\" alt=\"\" width=\"1920\" height=\"850\" srcset=\"https:\/\/1dronas.lt\/wp-content\/uploads\/2026\/01\/0_1398dc87-0890-4110-b711-c4faa382f264.jpg 1920w, https:\/\/1dronas.lt\/wp-content\/uploads\/2026\/01\/0_1398dc87-0890-4110-b711-c4faa382f264-300x133.jpg 300w, https:\/\/1dronas.lt\/wp-content\/uploads\/2026\/01\/0_1398dc87-0890-4110-b711-c4faa382f264-1024x453.jpg 1024w, https:\/\/1dronas.lt\/wp-content\/uploads\/2026\/01\/0_1398dc87-0890-4110-b711-c4faa382f264-768x340.jpg 768w, https:\/\/1dronas.lt\/wp-content\/uploads\/2026\/01\/0_1398dc87-0890-4110-b711-c4faa382f264-1536x680.jpg 1536w, https:\/\/1dronas.lt\/wp-content\/uploads\/2026\/01\/0_1398dc87-0890-4110-b711-c4faa382f264-18x8.jpg 18w, https:\/\/1dronas.lt\/wp-content\/uploads\/2026\/01\/0_1398dc87-0890-4110-b711-c4faa382f264-510x226.jpg 510w\" sizes=\"auto, (max-width: 1920px) 100vw, 1920px\" \/><\/p>\n<h3><strong>Avatar Moonlight equipment<\/strong><\/h3>\n<div class=\"slider-wrapper relative\" id=\"slider-1644214060\" >\n    <div class=\"slider slider-nav-circle slider-nav-large slider-nav-dark slider-style-normal\"\n        data-flickity-options='{            \"cellAlign\": \"center\",            \"imagesLoaded\": true,            \"lazyLoad\": 1,            \"freeScroll\": false,            \"wrapAround\": true,            \"autoPlay\": 4500,            \"pauseAutoPlayOnHover\" : true,            \"prevNextButtons\": true,            \"contain\" : true,            \"adaptiveHeight\" : true,            \"dragThreshold\" : 10,            \"percentPosition\": true,            \"pageDots\": true,            \"rightToLeft\": false,            \"draggable\": true,            \"selectedAttraction\": 0.1,            \"parallax\" : 0,            \"friction\": 0.6        }'\n        >\n        <img loading=\"lazy\" decoding=\"async\" class=\"alignnone wp-image-15489 size-full\" src=\"https:\/\/1dronas.lt\/wp-content\/uploads\/2026\/01\/Avatar.jpg\" alt=\"\" width=\"1424\" height=\"450\" srcset=\"https:\/\/1dronas.lt\/wp-content\/uploads\/2026\/01\/Avatar.jpg 1424w, https:\/\/1dronas.lt\/wp-content\/uploads\/2026\/01\/Avatar-300x95.jpg 300w, https:\/\/1dronas.lt\/wp-content\/uploads\/2026\/01\/Avatar-1024x324.jpg 1024w, https:\/\/1dronas.lt\/wp-content\/uploads\/2026\/01\/Avatar-768x243.jpg 768w, https:\/\/1dronas.lt\/wp-content\/uploads\/2026\/01\/Avatar-18x6.jpg 18w, https:\/\/1dronas.lt\/wp-content\/uploads\/2026\/01\/Avatar-510x161.jpg 510w\" sizes=\"auto, (max-width: 1424px) 100vw, 1424px\" \/> <img loading=\"lazy\" decoding=\"async\" class=\"alignnone wp-image-15491 size-full\" src=\"https:\/\/1dronas.lt\/wp-content\/uploads\/2026\/01\/Gofilm.jpg\" alt=\"\" width=\"1424\" height=\"450\" srcset=\"https:\/\/1dronas.lt\/wp-content\/uploads\/2026\/01\/Gofilm.jpg 1424w, https:\/\/1dronas.lt\/wp-content\/uploads\/2026\/01\/Gofilm-300x95.jpg 300w, https:\/\/1dronas.lt\/wp-content\/uploads\/2026\/01\/Gofilm-1024x324.jpg 1024w, https:\/\/1dronas.lt\/wp-content\/uploads\/2026\/01\/Gofilm-768x243.jpg 768w, https:\/\/1dronas.lt\/wp-content\/uploads\/2026\/01\/Gofilm-18x6.jpg 18w, https:\/\/1dronas.lt\/wp-content\/uploads\/2026\/01\/Gofilm-510x161.jpg 510w\" sizes=\"auto, (max-width: 1424px) 100vw, 1424px\" \/> <img loading=\"lazy\" decoding=\"async\" class=\"alignnone wp-image-15492 size-full\" src=\"https:\/\/1dronas.lt\/wp-content\/uploads\/2026\/01\/Moonlight.jpg\" alt=\"\" width=\"1424\" height=\"450\" srcset=\"https:\/\/1dronas.lt\/wp-content\/uploads\/2026\/01\/Moonlight.jpg 1424w, https:\/\/1dronas.lt\/wp-content\/uploads\/2026\/01\/Moonlight-300x95.jpg 300w, https:\/\/1dronas.lt\/wp-content\/uploads\/2026\/01\/Moonlight-1024x324.jpg 1024w, https:\/\/1dronas.lt\/wp-content\/uploads\/2026\/01\/Moonlight-768x243.jpg 768w, https:\/\/1dronas.lt\/wp-content\/uploads\/2026\/01\/Moonlight-18x6.jpg 18w, https:\/\/1dronas.lt\/wp-content\/uploads\/2026\/01\/Moonlight-510x161.jpg 510w\" sizes=\"auto, (max-width: 1424px) 100vw, 1424px\" \/>     <\/div>\n\n     <div class=\"loading-spin dark large centered\"><\/div>\n\n\t<\/div>\n\n\n<h3><strong>GOFILM 20 equipment<\/strong><\/h3>\n<div class=\"slider-wrapper relative\" id=\"slider-820981188\" >\n    <div class=\"slider slider-nav-circle slider-nav-large slider-nav-dark slider-style-normal\"\n        data-flickity-options='{            \"cellAlign\": \"center\",            \"imagesLoaded\": true,            \"lazyLoad\": 1,            \"freeScroll\": false,            \"wrapAround\": true,            \"autoPlay\": 4500,            \"pauseAutoPlayOnHover\" : true,            \"prevNextButtons\": true,            \"contain\" : true,            \"adaptiveHeight\" : true,            \"dragThreshold\" : 10,            \"percentPosition\": true,            \"pageDots\": true,            \"rightToLeft\": false,            \"draggable\": true,            \"selectedAttraction\": 0.1,            \"parallax\" : 0,            \"friction\": 0.6        }'\n        >\n        <img loading=\"lazy\" decoding=\"async\" class=\"alignnone wp-image-15494 size-full\" src=\"https:\/\/1dronas.lt\/wp-content\/uploads\/2026\/01\/remas.jpg\" alt=\"\" width=\"1424\" height=\"450\" srcset=\"https:\/\/1dronas.lt\/wp-content\/uploads\/2026\/01\/remas.jpg 1424w, https:\/\/1dronas.lt\/wp-content\/uploads\/2026\/01\/remas-300x95.jpg 300w, https:\/\/1dronas.lt\/wp-content\/uploads\/2026\/01\/remas-1024x324.jpg 1024w, https:\/\/1dronas.lt\/wp-content\/uploads\/2026\/01\/remas-768x243.jpg 768w, https:\/\/1dronas.lt\/wp-content\/uploads\/2026\/01\/remas-18x6.jpg 18w, https:\/\/1dronas.lt\/wp-content\/uploads\/2026\/01\/remas-510x161.jpg 510w\" sizes=\"auto, (max-width: 1424px) 100vw, 1424px\" \/> <img loading=\"lazy\" decoding=\"async\" class=\"alignnone wp-image-15490 size-full\" src=\"https:\/\/1dronas.lt\/wp-content\/uploads\/2026\/01\/F405HD.jpg\" alt=\"\" width=\"1424\" height=\"450\" srcset=\"https:\/\/1dronas.lt\/wp-content\/uploads\/2026\/01\/F405HD.jpg 1424w, https:\/\/1dronas.lt\/wp-content\/uploads\/2026\/01\/F405HD-300x95.jpg 300w, https:\/\/1dronas.lt\/wp-content\/uploads\/2026\/01\/F405HD-1024x324.jpg 1024w, https:\/\/1dronas.lt\/wp-content\/uploads\/2026\/01\/F405HD-768x243.jpg 768w, https:\/\/1dronas.lt\/wp-content\/uploads\/2026\/01\/F405HD-18x6.jpg 18w, https:\/\/1dronas.lt\/wp-content\/uploads\/2026\/01\/F405HD-510x161.jpg 510w\" sizes=\"auto, (max-width: 1424px) 100vw, 1424px\" \/> <img loading=\"lazy\" decoding=\"async\" class=\"alignnone wp-image-15493 size-full\" src=\"https:\/\/1dronas.lt\/wp-content\/uploads\/2026\/01\/Motorai.jpg\" alt=\"\" width=\"1424\" height=\"450\" srcset=\"https:\/\/1dronas.lt\/wp-content\/uploads\/2026\/01\/Motorai.jpg 1424w, https:\/\/1dronas.lt\/wp-content\/uploads\/2026\/01\/Motorai-300x95.jpg 300w, https:\/\/1dronas.lt\/wp-content\/uploads\/2026\/01\/Motorai-1024x324.jpg 1024w, https:\/\/1dronas.lt\/wp-content\/uploads\/2026\/01\/Motorai-768x243.jpg 768w, https:\/\/1dronas.lt\/wp-content\/uploads\/2026\/01\/Motorai-18x6.jpg 18w, https:\/\/1dronas.lt\/wp-content\/uploads\/2026\/01\/Motorai-510x161.jpg 510w\" sizes=\"auto, (max-width: 1424px) 100vw, 1424px\" \/>     <\/div>\n\n     <div class=\"loading-spin dark large centered\"><\/div>\n\n\t<\/div>\n\n\n<p><strong>Specification:<\/strong><\/p>\n<p><strong>Drone<\/strong><\/p>\n<p data-start=\"0\" data-end=\"378\"><strong>\u2022<\/strong> Model: Gofilm 20;<br data-start=\"22\" data-end=\"25\" \/><strong>\u2022<\/strong> Flight Controller (FC): CADDXF4_AIO_ELRS;<br data-start=\"70\" data-end=\"73\" \/><strong>\u2022<\/strong> Video transmission device (VTX): Moonlight Kit;<br data-start=\"124\" data-end=\"127\" \/><strong>\u2022<\/strong> Wheelbase: 94 mm;<br data-start=\"159\" data-end=\"162\" \/><strong>\u2022<\/strong> Motors: 1303 6000KV;<br data-start=\"187\" data-end=\"190\" \/><strong>\u2022<\/strong> Screws: HQprop T2\u00d72\u00d73;<br data-start=\"217\" data-end=\"220\" \/><strong>\u2022<\/strong> Weight: 115 \u00b15 g;<br data-start=\"240\" data-end=\"243\" \/><strong>\u2022<\/strong> Size: 133 \u00d7 123 \u00d7 39 mm;<br data-start=\"271\" data-end=\"274\" \/><strong>\u2022<\/strong> Flight time: about 5.5 minutes;<br data-start=\"321\" data-end=\"324\" \/><strong>\u2022<\/strong> Receiver: ELRS 2.4G;<br data-start=\"346\" data-end=\"349\" \/><strong>\u2022<\/strong> Battery connector: XT30.<\/p>\n<p data-start=\"380\" data-end=\"400\"><strong data-start=\"380\" data-end=\"398\">FC parameters:<\/strong><\/p>\n<p data-start=\"403\" data-end=\"427\"><strong>\u2022<\/strong> MCU: STM32F405RGT6;<br \/>\n<strong>\u2022<\/strong> Gyroscope and IMU: ICM42688;<br \/>\n<strong>\u2022<\/strong> Barometer: BMP280;<br \/>\n<strong>\u2022<\/strong>\u00a0ExpressLRS receiver: ELRS V3.0 UART;<br \/>\n<strong>\u2022<\/strong> ESC: 20A 4-IN-1;<br \/>\n<strong>\u2022<\/strong> Blackbox: 8 MB;<br \/>\n<strong>\u2022<\/strong> Supported voltage: 3~4S LiPo\/LiHV;<br \/>\n<strong>\u2022<\/strong> Mounting hole spacing: 25.5 \u00d7 25.5 mm;<br \/>\n<strong>\u2022<\/strong> Firmware target: CADDXF4_AIO_ELRS.<\/p>\n<p data-start=\"716\" data-end=\"737\"><strong data-start=\"716\" data-end=\"735\">VTX parameters:<\/strong><\/p>\n<p data-start=\"740\" data-end=\"768\"><strong>\u2022<\/strong> Model: Moonlight Kit;<br \/>\n<strong>\u2022<\/strong> Firmware name: AvatarMoonlight_Sky_X.XX;<br \/>\n<strong>\u2022<\/strong> Communication frequency: 5.725\u20135.850 GHz;<br \/>\n<strong>\u2022<\/strong> Transmitter power (EIRP): FCC: &lt;30 dBm; CE: &lt;14dBm; SRRC: &lt;20dBm; MIC: &lt;25dBm;<br \/>\n<strong>\u2022<\/strong> I\/O interface: JST1.0<em data-start=\"973\" data-end=\"1004\">4 (power cable); JST0.8<\/em>6 (USB); microSD card slot; IPEX-1;<br \/>\n<strong>\u2022<\/strong> Sensor: Starlight sensor;<br \/>\n<strong>\u2022<\/strong> FOV: Max. 160\u00b0;<br \/>\n<strong>\u2022<\/strong> Range: F2.1;<br \/>\n<strong>\u2022<\/strong> Shutter type: Rolling shutter;<br \/>\n<strong>\u2022<\/strong> ISO: 100-25600;<br \/>\n<strong>\u2022<\/strong> Recording resolution: 4K@30\/60fps; 2.7K@30\/60fps; 1080p@100\/60fps; 720p@60fps;<br \/>\n<strong>\u2022<\/strong> Max Mbps: 150 Mbps;<br \/>\n<strong>\u2022<\/strong> Video format: MP4 (H.264);<br \/>\n<strong>\u2022<\/strong> 3D DNA: Supported;<br \/>\n<strong>\u2022<\/strong> Gyro Flow: Supported;<br \/>\n<strong>\u2022<\/strong> Built-in EIS: Supported;<br \/>\n<strong>\u2022<\/strong> Wide power supply range: 7.4V\u201325.2V;<br \/>\n<strong>\u2022<\/strong> Power consumption: 12V@1.4A, 8V@2.2A;<br \/>\n<strong>\u2022<\/strong> Memory card type: U3 microSD, max. 256 GB;<br \/>\n<strong>\u2022<\/strong> Camera size: 19.6 \u00d7 19 \u00d7 24 mm;<br \/>\n<strong>\u2022<\/strong> VTX size: 15.3 \u00d7 34.5 \u00d7 34.5 mm;<br \/>\n<strong>\u2022<\/strong> VTX mounting holes: 20 \u00d7 20 mm \/ 25 \u00d7 25 mm (M2);<br \/>\n<strong>\u2022<\/strong> Weight: 38.5 g (without antenna);<br \/>\n<strong>\u2022<\/strong> OSD: Canvas mode;<br \/>\n<strong>\u2022<\/strong> Latency: average 22 ms;<br \/>\n<strong>\u2022<\/strong> Antennas: 2 (IPEX).<\/p>\n<p data-start=\"740\" data-end=\"768\"><strong>Package:<\/strong><\/p>\n<p data-start=\"2\" data-end=\"15\">1x CaddxFPV Gofilm 20 drone;<br \/>\n4\u00d7 M2*6mm screws;<br \/>\n4\u00d7 M2*8mm screws;<br \/>\n1\u00d7 1.5mm Allen key;<br \/>\n1\u00d7 USB data cable;<br \/>\n1\u00d7 180 mm strap;<br \/>\n1\u00d7 Set of screws;<br \/>\n1\u00d7 Micro USB data cable;<br \/>\n1\u00d7 User manual.<\/p>\n<p data-start=\"2\" data-end=\"15\"><img loading=\"lazy\" decoding=\"async\" class=\"alignnone wp-image-15486 size-full\" src=\"https:\/\/1dronas.lt\/wp-content\/uploads\/2026\/01\/b04a70ae01f04036e17b97cf0b12c47c_4ad612e0-4936-4367-a853-ce2242194942.jpg\" alt=\"\" width=\"1500\" height=\"1500\" srcset=\"https:\/\/1dronas.lt\/wp-content\/uploads\/2026\/01\/b04a70ae01f04036e17b97cf0b12c47c_4ad612e0-4936-4367-a853-ce2242194942.jpg 1500w, https:\/\/1dronas.lt\/wp-content\/uploads\/2026\/01\/b04a70ae01f04036e17b97cf0b12c47c_4ad612e0-4936-4367-a853-ce2242194942-300x300.jpg 300w, https:\/\/1dronas.lt\/wp-content\/uploads\/2026\/01\/b04a70ae01f04036e17b97cf0b12c47c_4ad612e0-4936-4367-a853-ce2242194942-1024x1024.jpg 1024w, https:\/\/1dronas.lt\/wp-content\/uploads\/2026\/01\/b04a70ae01f04036e17b97cf0b12c47c_4ad612e0-4936-4367-a853-ce2242194942-150x150.jpg 150w, https:\/\/1dronas.lt\/wp-content\/uploads\/2026\/01\/b04a70ae01f04036e17b97cf0b12c47c_4ad612e0-4936-4367-a853-ce2242194942-768x768.jpg 768w, https:\/\/1dronas.lt\/wp-content\/uploads\/2026\/01\/b04a70ae01f04036e17b97cf0b12c47c_4ad612e0-4936-4367-a853-ce2242194942-12x12.jpg 12w, https:\/\/1dronas.lt\/wp-content\/uploads\/2026\/01\/b04a70ae01f04036e17b97cf0b12c47c_4ad612e0-4936-4367-a853-ce2242194942-247x247.jpg 247w, https:\/\/1dronas.lt\/wp-content\/uploads\/2026\/01\/b04a70ae01f04036e17b97cf0b12c47c_4ad612e0-4936-4367-a853-ce2242194942-510x510.jpg 510w, https:\/\/1dronas.lt\/wp-content\/uploads\/2026\/01\/b04a70ae01f04036e17b97cf0b12c47c_4ad612e0-4936-4367-a853-ce2242194942-100x100.jpg 100w\" sizes=\"auto, (max-width: 1500px) 100vw, 1500px\" \/><\/p>","protected":false},"excerpt":{"rendered":"<p><span style=\"color: #000000;\">The drone is equipped with Avatar Moonlight equipment, ensuring 4K\/60FPS ultra-clear images both day and night. Ideal for cinematic flights both day and night.<\/span><\/p>\n<p><span style=\"color: #000000;\"><strong><img loading=\"lazy\" decoding=\"async\" class=\"alignnone wp-image-1806\" src=\"https:\/\/1dronas.lt\/wp-content\/uploads\/2021\/05\/delivery-icon.png\" alt=\"\" width=\"24\" height=\"24\" srcset=\"https:\/\/1dronas.lt\/wp-content\/uploads\/2021\/05\/delivery-icon.png 35w, https:\/\/1dronas.lt\/wp-content\/uploads\/2021\/05\/delivery-icon-12x12.png 12w\" sizes=\"auto, (max-width: 24px) 100vw, 24px\" \/>\u00a0 1 \u2013 2 days<\/strong><\/span><\/p>","protected":false},"featured_media":15478,"comment_status":"open","ping_status":"closed","template":"","meta":[],"product_brand":[1112],"product_cat":[109],"product_tag":[569,1113,176],"class_list":{"0":"post-15472","1":"product","2":"type-product","3":"status-publish","4":"has-post-thumbnail","6":"product_brand-caddxfpv","7":"product_cat-cinewhoop","8":"product_tag-2-4-ghz","9":"product_tag-caddxfpv","10":"product_tag-elrs","12":"first","13":"instock","14":"taxable","15":"shipping-taxable","16":"purchasable","17":"product-type-simple"},"yoast_head":"<!-- This site is optimized with the Yoast SEO plugin v27.5 - https:\/\/yoast.com\/product\/yoast-seo-wordpress\/ -->\n<title>CaddxFPV Gofilm 20 ELRS 2.4Ghz - 1dronas.lt<\/title>\n<meta name=\"robots\" content=\"index, follow, max-snippet:-1, max-image-preview:large, max-video-preview:-1\" \/>\n<link rel=\"canonical\" href=\"https:\/\/1dronas.lt\/en\/produktas\/caddxfpv-gofilm-20-elrs-2-4ghz\/\" \/>\n<meta property=\"og:locale\" content=\"en_US\" \/>\n<meta property=\"og:type\" content=\"article\" \/>\n<meta property=\"og:title\" content=\"CaddxFPV Gofilm 20 ELRS 2.4Ghz - 1dronas.lt\" \/>\n<meta property=\"og:description\" content=\"Dronas sukomplektuotas su Avatar Moonlight \u012franga u\u017etikrinana 4K\/60FPS itin ai\u0161k\u0173 vaizd\u0105 tiek dien\u0105 tiek nakt\u012f. idealus kino tipo skryd\u017eiams tiek dien\u0105, tiek nakt\u012f.  \u00a0 1 \u2013 2 d. d.\" \/>\n<meta property=\"og:url\" content=\"https:\/\/1dronas.lt\/en\/produktas\/caddxfpv-gofilm-20-elrs-2-4ghz\/\" \/>\n<meta property=\"og:site_name\" content=\"1dronas.lt\" \/>\n<meta property=\"article:publisher\" content=\"https:\/\/www.facebook.com\/1dronas\/\" \/>\n<meta property=\"article:modified_time\" content=\"2026-01-16T17:54:54+00:00\" \/>\n<meta property=\"og:image\" content=\"https:\/\/1dronas.lt\/wp-content\/uploads\/2026\/01\/2_def502b4-79c3-4348-970a-c0a1d9bb88b4.jpg\" \/>\n\t<meta property=\"og:image:width\" content=\"1800\" \/>\n\t<meta property=\"og:image:height\" content=\"1800\" \/>\n\t<meta property=\"og:image:type\" content=\"image\/jpeg\" \/>\n<meta name=\"twitter:card\" content=\"summary_large_image\" \/>\n<meta name=\"twitter:label1\" content=\"Est. reading time\" \/>\n\t<meta name=\"twitter:data1\" content=\"4 minutes\" \/>\n<script type=\"application\/ld+json\" class=\"yoast-schema-graph\">{\"@context\":\"https:\\\/\\\/schema.org\",\"@graph\":[{\"@type\":\"WebPage\",\"@id\":\"https:\\\/\\\/1dronas.lt\\\/en\\\/produktas\\\/caddxfpv-gofilm-20-elrs-2-4ghz\\\/\",\"url\":\"https:\\\/\\\/1dronas.lt\\\/en\\\/produktas\\\/caddxfpv-gofilm-20-elrs-2-4ghz\\\/\",\"name\":\"CaddxFPV Gofilm 20 ELRS 2.4Ghz - 1dronas.lt\",\"isPartOf\":{\"@id\":\"https:\\\/\\\/1dronas.lt\\\/en\\\/#website\"},\"primaryImageOfPage\":{\"@id\":\"https:\\\/\\\/1dronas.lt\\\/en\\\/produktas\\\/caddxfpv-gofilm-20-elrs-2-4ghz\\\/#primaryimage\"},\"image\":{\"@id\":\"https:\\\/\\\/1dronas.lt\\\/en\\\/produktas\\\/caddxfpv-gofilm-20-elrs-2-4ghz\\\/#primaryimage\"},\"thumbnailUrl\":\"https:\\\/\\\/1dronas.lt\\\/wp-content\\\/uploads\\\/2026\\\/01\\\/2_def502b4-79c3-4348-970a-c0a1d9bb88b4.jpg\",\"datePublished\":\"2026-01-16T17:34:13+00:00\",\"dateModified\":\"2026-01-16T17:54:54+00:00\",\"breadcrumb\":{\"@id\":\"https:\\\/\\\/1dronas.lt\\\/en\\\/produktas\\\/caddxfpv-gofilm-20-elrs-2-4ghz\\\/#breadcrumb\"},\"inLanguage\":\"en-US\",\"potentialAction\":[{\"@type\":\"ReadAction\",\"target\":[\"https:\\\/\\\/1dronas.lt\\\/en\\\/produktas\\\/caddxfpv-gofilm-20-elrs-2-4ghz\\\/\"]}]},{\"@type\":\"ImageObject\",\"inLanguage\":\"en-US\",\"@id\":\"https:\\\/\\\/1dronas.lt\\\/en\\\/produktas\\\/caddxfpv-gofilm-20-elrs-2-4ghz\\\/#primaryimage\",\"url\":\"https:\\\/\\\/1dronas.lt\\\/wp-content\\\/uploads\\\/2026\\\/01\\\/2_def502b4-79c3-4348-970a-c0a1d9bb88b4.jpg\",\"contentUrl\":\"https:\\\/\\\/1dronas.lt\\\/wp-content\\\/uploads\\\/2026\\\/01\\\/2_def502b4-79c3-4348-970a-c0a1d9bb88b4.jpg\",\"width\":1800,\"height\":1800},{\"@type\":\"BreadcrumbList\",\"@id\":\"https:\\\/\\\/1dronas.lt\\\/en\\\/produktas\\\/caddxfpv-gofilm-20-elrs-2-4ghz\\\/#breadcrumb\",\"itemListElement\":[{\"@type\":\"ListItem\",\"position\":1,\"name\":\"Home\",\"item\":\"https:\\\/\\\/1dronas.lt\\\/\"},{\"@type\":\"ListItem\",\"position\":2,\"name\":\"Parduotuv\u0117\",\"item\":\"https:\\\/\\\/1dronas.lt\\\/parduotuve\\\/\"},{\"@type\":\"ListItem\",\"position\":3,\"name\":\"CaddxFPV Gofilm 20 ELRS 2.4Ghz\"}]},{\"@type\":\"WebSite\",\"@id\":\"https:\\\/\\\/1dronas.lt\\\/en\\\/#website\",\"url\":\"https:\\\/\\\/1dronas.lt\\\/en\\\/\",\"name\":\"1dronas.lt\",\"description\":\"Internetin\u0117 parduotuv\u0117\",\"publisher\":{\"@id\":\"https:\\\/\\\/1dronas.lt\\\/en\\\/#organization\"},\"potentialAction\":[{\"@type\":\"SearchAction\",\"target\":{\"@type\":\"EntryPoint\",\"urlTemplate\":\"https:\\\/\\\/1dronas.lt\\\/en\\\/?s={search_term_string}\"},\"query-input\":{\"@type\":\"PropertyValueSpecification\",\"valueRequired\":true,\"valueName\":\"search_term_string\"}}],\"inLanguage\":\"en-US\"},{\"@type\":\"Organization\",\"@id\":\"https:\\\/\\\/1dronas.lt\\\/en\\\/#organization\",\"name\":\"1dronas.lt\",\"url\":\"https:\\\/\\\/1dronas.lt\\\/en\\\/\",\"logo\":{\"@type\":\"ImageObject\",\"inLanguage\":\"en-US\",\"@id\":\"https:\\\/\\\/1dronas.lt\\\/en\\\/#\\\/schema\\\/logo\\\/image\\\/\",\"url\":\"https:\\\/\\\/1dronas.lt\\\/wp-content\\\/uploads\\\/2020\\\/12\\\/Ekrano_kopija__2_-removebg-preview-1-1.png\",\"contentUrl\":\"https:\\\/\\\/1dronas.lt\\\/wp-content\\\/uploads\\\/2020\\\/12\\\/Ekrano_kopija__2_-removebg-preview-1-1.png\",\"width\":234,\"height\":81,\"caption\":\"1dronas.lt\"},\"image\":{\"@id\":\"https:\\\/\\\/1dronas.lt\\\/en\\\/#\\\/schema\\\/logo\\\/image\\\/\"},\"sameAs\":[\"https:\\\/\\\/www.facebook.com\\\/1dronas\\\/\"]}]}<\/script>\n<!-- \/ Yoast SEO plugin. -->","yoast_head_json":{"title":"CaddxFPV Gofilm 20 ELRS 2.4Ghz - 1dronas.lt","robots":{"index":"index","follow":"follow","max-snippet":"max-snippet:-1","max-image-preview":"max-image-preview:large","max-video-preview":"max-video-preview:-1"},"canonical":"https:\/\/1dronas.lt\/en\/produktas\/caddxfpv-gofilm-20-elrs-2-4ghz\/","og_locale":"en_US","og_type":"article","og_title":"CaddxFPV Gofilm 20 ELRS 2.4Ghz - 1dronas.lt","og_description":"Dronas sukomplektuotas su Avatar Moonlight \u012franga u\u017etikrinana 4K\/60FPS itin ai\u0161k\u0173 vaizd\u0105 tiek dien\u0105 tiek nakt\u012f. idealus kino tipo skryd\u017eiams tiek dien\u0105, tiek nakt\u012f.  \u00a0 1 \u2013 2 d. d.","og_url":"https:\/\/1dronas.lt\/en\/produktas\/caddxfpv-gofilm-20-elrs-2-4ghz\/","og_site_name":"1dronas.lt","article_publisher":"https:\/\/www.facebook.com\/1dronas\/","article_modified_time":"2026-01-16T17:54:54+00:00","og_image":[{"width":1800,"height":1800,"url":"https:\/\/1dronas.lt\/wp-content\/uploads\/2026\/01\/2_def502b4-79c3-4348-970a-c0a1d9bb88b4.jpg","type":"image\/jpeg"}],"twitter_card":"summary_large_image","twitter_misc":{"Est. reading time":"4 minutes"},"schema":{"@context":"https:\/\/schema.org","@graph":[{"@type":"WebPage","@id":"https:\/\/1dronas.lt\/en\/produktas\/caddxfpv-gofilm-20-elrs-2-4ghz\/","url":"https:\/\/1dronas.lt\/en\/produktas\/caddxfpv-gofilm-20-elrs-2-4ghz\/","name":"CaddxFPV Gofilm 20 ELRS 2.4Ghz - 1dronas.lt","isPartOf":{"@id":"https:\/\/1dronas.lt\/en\/#website"},"primaryImageOfPage":{"@id":"https:\/\/1dronas.lt\/en\/produktas\/caddxfpv-gofilm-20-elrs-2-4ghz\/#primaryimage"},"image":{"@id":"https:\/\/1dronas.lt\/en\/produktas\/caddxfpv-gofilm-20-elrs-2-4ghz\/#primaryimage"},"thumbnailUrl":"https:\/\/1dronas.lt\/wp-content\/uploads\/2026\/01\/2_def502b4-79c3-4348-970a-c0a1d9bb88b4.jpg","datePublished":"2026-01-16T17:34:13+00:00","dateModified":"2026-01-16T17:54:54+00:00","breadcrumb":{"@id":"https:\/\/1dronas.lt\/en\/produktas\/caddxfpv-gofilm-20-elrs-2-4ghz\/#breadcrumb"},"inLanguage":"en-US","potentialAction":[{"@type":"ReadAction","target":["https:\/\/1dronas.lt\/en\/produktas\/caddxfpv-gofilm-20-elrs-2-4ghz\/"]}]},{"@type":"ImageObject","inLanguage":"en-US","@id":"https:\/\/1dronas.lt\/en\/produktas\/caddxfpv-gofilm-20-elrs-2-4ghz\/#primaryimage","url":"https:\/\/1dronas.lt\/wp-content\/uploads\/2026\/01\/2_def502b4-79c3-4348-970a-c0a1d9bb88b4.jpg","contentUrl":"https:\/\/1dronas.lt\/wp-content\/uploads\/2026\/01\/2_def502b4-79c3-4348-970a-c0a1d9bb88b4.jpg","width":1800,"height":1800},{"@type":"BreadcrumbList","@id":"https:\/\/1dronas.lt\/en\/produktas\/caddxfpv-gofilm-20-elrs-2-4ghz\/#breadcrumb","itemListElement":[{"@type":"ListItem","position":1,"name":"Home","item":"https:\/\/1dronas.lt\/"},{"@type":"ListItem","position":2,"name":"Parduotuv\u0117","item":"https:\/\/1dronas.lt\/parduotuve\/"},{"@type":"ListItem","position":3,"name":"CaddxFPV Gofilm 20 ELRS 2.4Ghz"}]},{"@type":"WebSite","@id":"https:\/\/1dronas.lt\/en\/#website","url":"https:\/\/1dronas.lt\/en\/","name":"1dronas.lt","description":"Online store","publisher":{"@id":"https:\/\/1dronas.lt\/en\/#organization"},"potentialAction":[{"@type":"SearchAction","target":{"@type":"EntryPoint","urlTemplate":"https:\/\/1dronas.lt\/en\/?s={search_term_string}"},"query-input":{"@type":"PropertyValueSpecification","valueRequired":true,"valueName":"search_term_string"}}],"inLanguage":"en-US"},{"@type":"Organization","@id":"https:\/\/1dronas.lt\/en\/#organization","name":"1dronas.lt","url":"https:\/\/1dronas.lt\/en\/","logo":{"@type":"ImageObject","inLanguage":"en-US","@id":"https:\/\/1dronas.lt\/en\/#\/schema\/logo\/image\/","url":"https:\/\/1dronas.lt\/wp-content\/uploads\/2020\/12\/Ekrano_kopija__2_-removebg-preview-1-1.png","contentUrl":"https:\/\/1dronas.lt\/wp-content\/uploads\/2020\/12\/Ekrano_kopija__2_-removebg-preview-1-1.png","width":234,"height":81,"caption":"1dronas.lt"},"image":{"@id":"https:\/\/1dronas.lt\/en\/#\/schema\/logo\/image\/"},"sameAs":["https:\/\/www.facebook.com\/1dronas\/"]}]}},"jetpack_sharing_enabled":true,"_links":{"self":[{"href":"https:\/\/1dronas.lt\/en\/wp-json\/wp\/v2\/product\/15472","targetHints":{"allow":["GET"]}}],"collection":[{"href":"https:\/\/1dronas.lt\/en\/wp-json\/wp\/v2\/product"}],"about":[{"href":"https:\/\/1dronas.lt\/en\/wp-json\/wp\/v2\/types\/product"}],"replies":[{"embeddable":true,"href":"https:\/\/1dronas.lt\/en\/wp-json\/wp\/v2\/comments?post=15472"}],"wp:featuredmedia":[{"embeddable":true,"href":"https:\/\/1dronas.lt\/en\/wp-json\/wp\/v2\/media\/15478"}],"wp:attachment":[{"href":"https:\/\/1dronas.lt\/en\/wp-json\/wp\/v2\/media?parent=15472"}],"wp:term":[{"taxonomy":"product_brand","embeddable":true,"href":"https:\/\/1dronas.lt\/en\/wp-json\/wp\/v2\/product_brand?post=15472"},{"taxonomy":"product_cat","embeddable":true,"href":"https:\/\/1dronas.lt\/en\/wp-json\/wp\/v2\/product_cat?post=15472"},{"taxonomy":"product_tag","embeddable":true,"href":"https:\/\/1dronas.lt\/en\/wp-json\/wp\/v2\/product_tag?post=15472"}],"curies":[{"name":"wp","href":"https:\/\/api.w.org\/{rel}","templated":true}]}}