{"id":15452,"date":"2026-01-16T18:24:08","date_gmt":"2026-01-16T16:24:08","guid":{"rendered":"https:\/\/1dronas.lt\/?post_type=product&#038;p=15452"},"modified":"2026-03-24T21:35:10","modified_gmt":"2026-03-24T19:35:10","slug":"walksnail-avatar-hd-pro-kit","status":"publish","type":"product","link":"https:\/\/1dronas.lt\/en\/produktas\/caddxfpv-walksnail-avatar-hd-pro-kit\/","title":{"rendered":"Walksnail Avatar HD Pro Kit"},"content":{"rendered":"<p><img loading=\"lazy\" decoding=\"async\" class=\"alignnone wp-image-15454 size-full\" src=\"https:\/\/1dronas.lt\/wp-content\/uploads\/2026\/01\/1.Pro_-1.jpg\" alt=\"\" width=\"1920\" height=\"1000\" srcset=\"https:\/\/1dronas.lt\/wp-content\/uploads\/2026\/01\/1.Pro_-1.jpg 1920w, https:\/\/1dronas.lt\/wp-content\/uploads\/2026\/01\/1.Pro_-1-300x156.jpg 300w, https:\/\/1dronas.lt\/wp-content\/uploads\/2026\/01\/1.Pro_-1-1024x533.jpg 1024w, https:\/\/1dronas.lt\/wp-content\/uploads\/2026\/01\/1.Pro_-1-768x400.jpg 768w, https:\/\/1dronas.lt\/wp-content\/uploads\/2026\/01\/1.Pro_-1-1536x800.jpg 1536w, https:\/\/1dronas.lt\/wp-content\/uploads\/2026\/01\/1.Pro_-1-18x9.jpg 18w, https:\/\/1dronas.lt\/wp-content\/uploads\/2026\/01\/1.Pro_-1-510x266.jpg 510w\" sizes=\"auto, (max-width: 1920px) 100vw, 1920px\" \/><\/p>\n<p>The 1\/1.8-inch Sony Starvis II sensor ensures extremely sharp images at night - almost like in daylight. Supports 1080P \/ 120 fps high frame rate - this is the first HD camera on the FPV market with night vision at such a rate. Gyroflow support allows for even more stable and smooth images.<\/p>\n<p><img loading=\"lazy\" decoding=\"async\" class=\"alignnone wp-image-15455 size-full\" src=\"https:\/\/1dronas.lt\/wp-content\/uploads\/2026\/01\/2.VTX-2.jpg\" alt=\"\" width=\"1920\" height=\"1000\" srcset=\"https:\/\/1dronas.lt\/wp-content\/uploads\/2026\/01\/2.VTX-2.jpg 1920w, https:\/\/1dronas.lt\/wp-content\/uploads\/2026\/01\/2.VTX-2-300x156.jpg 300w, https:\/\/1dronas.lt\/wp-content\/uploads\/2026\/01\/2.VTX-2-1024x533.jpg 1024w, https:\/\/1dronas.lt\/wp-content\/uploads\/2026\/01\/2.VTX-2-768x400.jpg 768w, https:\/\/1dronas.lt\/wp-content\/uploads\/2026\/01\/2.VTX-2-1536x800.jpg 1536w, https:\/\/1dronas.lt\/wp-content\/uploads\/2026\/01\/2.VTX-2-18x9.jpg 18w, https:\/\/1dronas.lt\/wp-content\/uploads\/2026\/01\/2.VTX-2-510x266.jpg 510w\" sizes=\"auto, (max-width: 1920px) 100vw, 1920px\" \/><\/p>\n<p>Updated PCB and housing design for even greater durability. Added an additional contact for two power connection options. Optimized antenna base design and frequency button location for more convenient use.<\/p>\n<p><img loading=\"lazy\" decoding=\"async\" class=\"alignnone wp-image-15456 size-full\" src=\"https:\/\/1dronas.lt\/wp-content\/uploads\/2026\/01\/3-1_9b60d6f3-b32f-4c50-bed6-4099534195ee.jpg\" alt=\"\" width=\"1920\" height=\"1000\" srcset=\"https:\/\/1dronas.lt\/wp-content\/uploads\/2026\/01\/3-1_9b60d6f3-b32f-4c50-bed6-4099534195ee.jpg 1920w, https:\/\/1dronas.lt\/wp-content\/uploads\/2026\/01\/3-1_9b60d6f3-b32f-4c50-bed6-4099534195ee-300x156.jpg 300w, https:\/\/1dronas.lt\/wp-content\/uploads\/2026\/01\/3-1_9b60d6f3-b32f-4c50-bed6-4099534195ee-1024x533.jpg 1024w, https:\/\/1dronas.lt\/wp-content\/uploads\/2026\/01\/3-1_9b60d6f3-b32f-4c50-bed6-4099534195ee-768x400.jpg 768w, https:\/\/1dronas.lt\/wp-content\/uploads\/2026\/01\/3-1_9b60d6f3-b32f-4c50-bed6-4099534195ee-1536x800.jpg 1536w, https:\/\/1dronas.lt\/wp-content\/uploads\/2026\/01\/3-1_9b60d6f3-b32f-4c50-bed6-4099534195ee-18x9.jpg 18w, https:\/\/1dronas.lt\/wp-content\/uploads\/2026\/01\/3-1_9b60d6f3-b32f-4c50-bed6-4099534195ee-510x266.jpg 510w\" sizes=\"auto, (max-width: 1920px) 100vw, 1920px\" \/><\/p>\n<p>A professional kit with a high-definition camera, excellent night vision, stabilized image and reliable signal. Designed for a smooth, realistic and top-quality flight experience.<\/p>\n<p><img loading=\"lazy\" decoding=\"async\" class=\"alignnone wp-image-15463 size-full\" src=\"https:\/\/1dronas.lt\/wp-content\/uploads\/2026\/01\/17624286646309.jpg\" alt=\"\" width=\"1422\" height=\"797\" srcset=\"https:\/\/1dronas.lt\/wp-content\/uploads\/2026\/01\/17624286646309.jpg 1422w, https:\/\/1dronas.lt\/wp-content\/uploads\/2026\/01\/17624286646309-300x168.jpg 300w, https:\/\/1dronas.lt\/wp-content\/uploads\/2026\/01\/17624286646309-1024x574.jpg 1024w, https:\/\/1dronas.lt\/wp-content\/uploads\/2026\/01\/17624286646309-768x430.jpg 768w, https:\/\/1dronas.lt\/wp-content\/uploads\/2026\/01\/17624286646309-18x10.jpg 18w, https:\/\/1dronas.lt\/wp-content\/uploads\/2026\/01\/17624286646309-510x286.jpg 510w\" sizes=\"auto, (max-width: 1422px) 100vw, 1422px\" \/><\/p>\n<p>The Avatar HD system uses H.265 encoding, an advanced, industry-leading technology that delivers 1080p FPV video quality with ultra-low latency. Supported resolutions: 1080P\/60FPS and 720P\/120FPS.<\/p>\n<p><img loading=\"lazy\" decoding=\"async\" class=\"alignnone wp-image-15459 size-full\" src=\"https:\/\/1dronas.lt\/wp-content\/uploads\/2026\/01\/7._97925926-45f0-4fdc-b7c5-e60d8829aca4.jpg\" alt=\"\" width=\"1920\" height=\"916\" srcset=\"https:\/\/1dronas.lt\/wp-content\/uploads\/2026\/01\/7._97925926-45f0-4fdc-b7c5-e60d8829aca4.jpg 1920w, https:\/\/1dronas.lt\/wp-content\/uploads\/2026\/01\/7._97925926-45f0-4fdc-b7c5-e60d8829aca4-300x143.jpg 300w, https:\/\/1dronas.lt\/wp-content\/uploads\/2026\/01\/7._97925926-45f0-4fdc-b7c5-e60d8829aca4-1024x489.jpg 1024w, https:\/\/1dronas.lt\/wp-content\/uploads\/2026\/01\/7._97925926-45f0-4fdc-b7c5-e60d8829aca4-768x366.jpg 768w, https:\/\/1dronas.lt\/wp-content\/uploads\/2026\/01\/7._97925926-45f0-4fdc-b7c5-e60d8829aca4-1536x733.jpg 1536w, https:\/\/1dronas.lt\/wp-content\/uploads\/2026\/01\/7._97925926-45f0-4fdc-b7c5-e60d8829aca4-18x9.jpg 18w, https:\/\/1dronas.lt\/wp-content\/uploads\/2026\/01\/7._97925926-45f0-4fdc-b7c5-e60d8829aca4-510x243.jpg 510w\" sizes=\"auto, (max-width: 1920px) 100vw, 1920px\" \/><\/p>\n<p>New VTX with improved TVS protection and 6S support. With a wide input voltage range of 6V to 25.2V, this VTX provides exceptional stability and greater resistance to GPS interference. Enjoy top-notch performance and take your FPV experience to new heights with cutting-edge technology.<\/p>\n<p><img decoding=\"async\" src=\"https:\/\/cdn.shopify.com\/s\/files\/1\/0036\/3921\/4169\/files\/2.gif?v=1719997452\" alt=\"\" \/><\/p>\n<p>Supports both high and standard frame rates simultaneously. In high frame rate mode, the average latency is 22 ms.<\/p>\n<p><img loading=\"lazy\" decoding=\"async\" class=\"alignnone wp-image-15460 size-full\" src=\"https:\/\/1dronas.lt\/wp-content\/uploads\/2026\/01\/10._5f084f2f-d7f0-48f6-9d82-2134495a0ff2.jpg\" alt=\"\" width=\"1920\" height=\"997\" srcset=\"https:\/\/1dronas.lt\/wp-content\/uploads\/2026\/01\/10._5f084f2f-d7f0-48f6-9d82-2134495a0ff2.jpg 1920w, https:\/\/1dronas.lt\/wp-content\/uploads\/2026\/01\/10._5f084f2f-d7f0-48f6-9d82-2134495a0ff2-300x156.jpg 300w, https:\/\/1dronas.lt\/wp-content\/uploads\/2026\/01\/10._5f084f2f-d7f0-48f6-9d82-2134495a0ff2-1024x532.jpg 1024w, https:\/\/1dronas.lt\/wp-content\/uploads\/2026\/01\/10._5f084f2f-d7f0-48f6-9d82-2134495a0ff2-768x399.jpg 768w, https:\/\/1dronas.lt\/wp-content\/uploads\/2026\/01\/10._5f084f2f-d7f0-48f6-9d82-2134495a0ff2-1536x798.jpg 1536w, https:\/\/1dronas.lt\/wp-content\/uploads\/2026\/01\/10._5f084f2f-d7f0-48f6-9d82-2134495a0ff2-18x9.jpg 18w, https:\/\/1dronas.lt\/wp-content\/uploads\/2026\/01\/10._5f084f2f-d7f0-48f6-9d82-2134495a0ff2-510x265.jpg 510w\" sizes=\"auto, (max-width: 1920px) 100vw, 1920px\" \/><\/p>\n<p>The compact and convenient single-antenna design makes it easy to assemble the FPV drone.<\/p>\n<p><strong>Measurements:<\/strong><\/p>\n<p><img loading=\"lazy\" decoding=\"async\" class=\"alignnone wp-image-15461 size-full\" src=\"https:\/\/1dronas.lt\/wp-content\/uploads\/2026\/01\/17._48447fa0-d29e-46d6-a751-c2a5070a63ef.jpg\" alt=\"\" width=\"1920\" height=\"769\" srcset=\"https:\/\/1dronas.lt\/wp-content\/uploads\/2026\/01\/17._48447fa0-d29e-46d6-a751-c2a5070a63ef.jpg 1920w, https:\/\/1dronas.lt\/wp-content\/uploads\/2026\/01\/17._48447fa0-d29e-46d6-a751-c2a5070a63ef-300x120.jpg 300w, https:\/\/1dronas.lt\/wp-content\/uploads\/2026\/01\/17._48447fa0-d29e-46d6-a751-c2a5070a63ef-1024x410.jpg 1024w, https:\/\/1dronas.lt\/wp-content\/uploads\/2026\/01\/17._48447fa0-d29e-46d6-a751-c2a5070a63ef-768x308.jpg 768w, https:\/\/1dronas.lt\/wp-content\/uploads\/2026\/01\/17._48447fa0-d29e-46d6-a751-c2a5070a63ef-1536x615.jpg 1536w, https:\/\/1dronas.lt\/wp-content\/uploads\/2026\/01\/17._48447fa0-d29e-46d6-a751-c2a5070a63ef-18x7.jpg 18w, https:\/\/1dronas.lt\/wp-content\/uploads\/2026\/01\/17._48447fa0-d29e-46d6-a751-c2a5070a63ef-510x204.jpg 510w\" sizes=\"auto, (max-width: 1920px) 100vw, 1920px\" \/><\/p>\n<p><strong>Connection:<\/strong><\/p>\n<p><img loading=\"lazy\" decoding=\"async\" class=\"alignnone wp-image-15462 size-full\" src=\"https:\/\/1dronas.lt\/wp-content\/uploads\/2026\/01\/18.jpg\" alt=\"\" width=\"1920\" height=\"1081\" srcset=\"https:\/\/1dronas.lt\/wp-content\/uploads\/2026\/01\/18.jpg 1920w, https:\/\/1dronas.lt\/wp-content\/uploads\/2026\/01\/18-300x169.jpg 300w, https:\/\/1dronas.lt\/wp-content\/uploads\/2026\/01\/18-1024x577.jpg 1024w, https:\/\/1dronas.lt\/wp-content\/uploads\/2026\/01\/18-768x432.jpg 768w, https:\/\/1dronas.lt\/wp-content\/uploads\/2026\/01\/18-1536x865.jpg 1536w, https:\/\/1dronas.lt\/wp-content\/uploads\/2026\/01\/18-18x10.jpg 18w, https:\/\/1dronas.lt\/wp-content\/uploads\/2026\/01\/18-510x287.jpg 510w\" sizes=\"auto, (max-width: 1920px) 100vw, 1920px\" \/><\/p>\n<p><strong>Specification:<\/strong><\/p>\n<p data-start=\"84\" data-end=\"493\"><strong data-start=\"84\" data-end=\"94\">Camera<\/strong><\/p>\n<p data-start=\"84\" data-end=\"493\">\u2022 Model: Avatar HD Pro camera;<br data-start=\"126\" data-end=\"129\" \/>\u2022 Image sensor: 1\/1.8-inch Sony Starvis II sensor;<br data-start=\"182\" data-end=\"185\" \/>\u2022 Resolution: 1080P\/60fps; 720P\/120fps; 720P\/60fps; also supports 1080P\/120fps;<br data-start=\"254\" data-end=\"257\" \/>\u2022 Aspect ratio: 16:9; 4:3<br data-start=\"286\" data-end=\"289\" \/>\u2022 Lens: 8 MP;<br data-start=\"305\" data-end=\"308\" data-is-only-node=\"\" \/>\u2022 Field of view (FOV): 160\u00b0;<br data-start=\"333\" data-end=\"336\" \/>\u2022 Range: F1.6;<br data-start=\"351\" data-end=\"354\" \/>\u2022 Shutter: Rolling shutter;<br data-start=\"379\" data-end=\"382\" \/>\u2022 Minimum illumination: 0.00001 Lux;<br data-start=\"416\" data-end=\"419\" \/>\u2022 Weight: 9.5 g;<br data-start=\"432\" data-end=\"435\" \/>\u2022 Dimensions: 19 \u00d7 19 \u00d7 24 mm;<br data-start=\"460\" data-end=\"463\" \/>\u2022 Cable: 140 mm.<\/p>\n<p data-start=\"84\" data-end=\"493\"><strong data-start=\"500\" data-end=\"515\">VTX module<\/strong><\/p>\n<p data-start=\"84\" data-end=\"493\">\u2022 Model: Avatar V2 module;<br data-start=\"544\" data-end=\"547\" \/>\u2022 Communication frequency: 5.725\u20135.850 GHz;<br data-start=\"576\" data-end=\"579\" \/>\u2022 Transmitter power (EIRP): FCC &lt;30 dBm; CE &lt;14 dBm; SRRC &lt;20dBm; MIC &lt;25dBm;<br data-start=\"652\" data-end=\"655\" \/>\u2022 I\/O interface: JST1.0 \u00d7 4 (power), JST0.8 \u00d7 6 (USB);<br data-start=\"708\" data-end=\"711\" \/>\u2022 Mounting hole spacing: 25.5 \u00d7 25.5 mm; 20 \u00d7 20 mm;<br data-start=\"765\" data-end=\"768\" data-is-only-node=\"\" \/>\u2022 Dimensions: 33.5 \u00d7 33.5 \u00d7 10.5 mm;<br data-start=\"799\" data-end=\"802\" \/>\u2022 Memory: 8GB \/ 32GB;<br data-start=\"824\" data-end=\"827\" \/>\u2022 Recording: 1080p \/ 720p;<br data-start=\"849\" data-end=\"852\" \/>\u2022 Weight: 17.6 g;<br data-start=\"866\" data-end=\"869\" \/>\u2022 Operating temperature: \u201320 \u00b0C to 40 \u00b0C;<br data-start=\"906\" data-end=\"909\" \/>\u2022 Channels: 8;<br data-start=\"919\" data-end=\"922\" \/>\u2022 Wide input voltage range: 6\u201325.2 V;<br data-start=\"964\" data-end=\"967\" \/>\u2022 Supported FC systems: Betaflight, Inav, Fettec, ArduPilot, Kiss;<br data-start=\"1032\" data-end=\"1035\" \/>\u2022 OSD: Canvas mode;<br data-start=\"1054\" data-end=\"1057\" \/>\u2022 Average latency: 22 ms;<br data-start=\"1083\" data-end=\"1086\" \/>\u2022 Antenna: 1 (IPEX).<\/p>\n<p data-start=\"84\" data-end=\"493\"><strong data-start=\"1111\" data-end=\"1131\">Avatar V2 antenna<\/strong><\/p>\n<p data-start=\"84\" data-end=\"493\">\u2022 Polarization: LHCP;<br data-start=\"1153\" data-end=\"1156\" \/>\u2022 Frequency range: 5600\u20136000 MHz;<br data-start=\"1188\" data-end=\"1191\" \/>\u2022 Gain: 1.9 dBi;<br data-start=\"1211\" data-end=\"1214\" \/>\u2022 VSWR: \u2264 1.5;<br data-start=\"1225\" data-end=\"1228\" \/>\u2022 Input impedance: 50 \u03a9;<br data-start=\"1246\" data-end=\"1249\" data-is-only-node=\"\" \/>\u2022 Connector: IPEX-1;<br data-start=\"1264\" data-end=\"1267\" \/>\u2022 Size: R15 \u00d7 45 mm (without cable).<br data-start=\"1298\" data-end=\"1301\" \/>\u2022 Weight: 2 g.<\/p>\n<p><strong>Package:<\/strong><\/p>\n<p data-start=\"43\" data-end=\"87\">1x CaddxFPV Walksnail Avatar HD Pro kit.<br \/>\n1x USB transfer extension cable;<br \/>\n1x 4 PIN silicone cable;<br \/>\n8x M2 \u00d7 4mm screws;<br \/>\n4x M2 \u00d7 5mm screws;<br \/>\n4x M2 \u00d7 6mm screws;<br \/>\n4x M2 \u00d7 14mm screws;<br \/>\n4x M2 \u00d7 5 \u00d7 0.5 mm spacers.<\/p>\n<p><img loading=\"lazy\" decoding=\"async\" class=\"alignnone wp-image-15468 size-large\" src=\"https:\/\/1dronas.lt\/wp-content\/uploads\/2026\/01\/Pro_62561ada-8f5a-4ec5-a416-cba1d0b7dd77-1024x1024.jpg\" alt=\"\" width=\"1020\" height=\"1020\" srcset=\"https:\/\/1dronas.lt\/wp-content\/uploads\/2026\/01\/Pro_62561ada-8f5a-4ec5-a416-cba1d0b7dd77-1024x1024.jpg 1024w, https:\/\/1dronas.lt\/wp-content\/uploads\/2026\/01\/Pro_62561ada-8f5a-4ec5-a416-cba1d0b7dd77-300x300.jpg 300w, https:\/\/1dronas.lt\/wp-content\/uploads\/2026\/01\/Pro_62561ada-8f5a-4ec5-a416-cba1d0b7dd77-150x150.jpg 150w, https:\/\/1dronas.lt\/wp-content\/uploads\/2026\/01\/Pro_62561ada-8f5a-4ec5-a416-cba1d0b7dd77-768x768.jpg 768w, https:\/\/1dronas.lt\/wp-content\/uploads\/2026\/01\/Pro_62561ada-8f5a-4ec5-a416-cba1d0b7dd77-1536x1536.jpg 1536w, https:\/\/1dronas.lt\/wp-content\/uploads\/2026\/01\/Pro_62561ada-8f5a-4ec5-a416-cba1d0b7dd77-12x12.jpg 12w, https:\/\/1dronas.lt\/wp-content\/uploads\/2026\/01\/Pro_62561ada-8f5a-4ec5-a416-cba1d0b7dd77-247x247.jpg 247w, https:\/\/1dronas.lt\/wp-content\/uploads\/2026\/01\/Pro_62561ada-8f5a-4ec5-a416-cba1d0b7dd77-510x510.jpg 510w, https:\/\/1dronas.lt\/wp-content\/uploads\/2026\/01\/Pro_62561ada-8f5a-4ec5-a416-cba1d0b7dd77-100x100.jpg 100w, https:\/\/1dronas.lt\/wp-content\/uploads\/2026\/01\/Pro_62561ada-8f5a-4ec5-a416-cba1d0b7dd77.jpg 2000w\" sizes=\"auto, (max-width: 1020px) 100vw, 1020px\" \/><\/p>","protected":false},"excerpt":{"rendered":"<p><span style=\"color: #000000;\">A professional kit with a high-definition camera, excellent night vision, stabilized image and reliable signal. Designed for a smooth, realistic and top-quality flight experience.<\/span><\/p>\n<p><span style=\"color: #000000;\"><img loading=\"lazy\" decoding=\"async\" class=\"alignnone wp-image-1806\" src=\"https:\/\/1dronas.lt\/wp-content\/uploads\/2021\/05\/delivery-icon.png\" alt=\"\" width=\"24\" height=\"24\" srcset=\"https:\/\/1dronas.lt\/wp-content\/uploads\/2021\/05\/delivery-icon.png 35w, https:\/\/1dronas.lt\/wp-content\/uploads\/2021\/05\/delivery-icon-12x12.png 12w\" sizes=\"auto, (max-width: 24px) 100vw, 24px\" \/> <strong>\u00a01 \u2013 2 days<\/strong><\/span><\/p>","protected":false},"featured_media":15464,"comment_status":"open","ping_status":"closed","template":"","meta":[],"product_brand":[1151],"product_cat":[218],"product_tag":[1123,1113,609,1117],"class_list":{"0":"post-15452","1":"product","2":"type-product","3":"status-publish","4":"has-post-thumbnail","6":"product_brand-walksnail","7":"product_cat-vaizdo-siustuvai-vtx","8":"product_tag-avatar-hd","9":"product_tag-caddxfpv","10":"product_tag-kit","11":"product_tag-walksnail","13":"first","14":"outofstock","15":"taxable","16":"shipping-taxable","17":"purchasable","18":"product-type-simple"},"yoast_head":"<!-- This site is optimized with the Yoast SEO plugin v27.5 - https:\/\/yoast.com\/product\/yoast-seo-wordpress\/ -->\n<title>Walksnail Avatar HD Pro Kit - 1dronas.lt<\/title>\n<meta name=\"robots\" content=\"index, follow, max-snippet:-1, max-image-preview:large, max-video-preview:-1\" \/>\n<link rel=\"canonical\" href=\"https:\/\/1dronas.lt\/en\/produktas\/caddxfpv-walksnail-avatar-hd-pro-kit\/\" \/>\n<meta property=\"og:locale\" content=\"en_US\" \/>\n<meta property=\"og:type\" content=\"article\" \/>\n<meta property=\"og:title\" content=\"Walksnail Avatar HD Pro Kit - 1dronas.lt\" \/>\n<meta property=\"og:description\" content=\"Profesionalus rinkinys su auk\u0161tos rai\u0161kos kamera, itin geru naktiniu matymu, stabilizuotu vaizdu ir patikimu signalu. Sukurtas skland\u017eiam, realisti\u0161kam ir auk\u0161\u010diausios kokyb\u0117s skryd\u017eio potyriui.   \u00a01 \u2013 2 d. d.\" \/>\n<meta property=\"og:url\" content=\"https:\/\/1dronas.lt\/en\/produktas\/caddxfpv-walksnail-avatar-hd-pro-kit\/\" \/>\n<meta property=\"og:site_name\" content=\"1dronas.lt\" \/>\n<meta property=\"article:publisher\" content=\"https:\/\/www.facebook.com\/1dronas\/\" \/>\n<meta property=\"article:modified_time\" content=\"2026-03-24T19:35:10+00:00\" \/>\n<meta property=\"og:image\" content=\"https:\/\/1dronas.lt\/wp-content\/uploads\/2026\/01\/AVATARHDProKit_1.jpg\" \/>\n\t<meta property=\"og:image:width\" content=\"2000\" \/>\n\t<meta property=\"og:image:height\" content=\"2000\" \/>\n\t<meta property=\"og:image:type\" content=\"image\/jpeg\" \/>\n<meta name=\"twitter:card\" content=\"summary_large_image\" \/>\n<meta name=\"twitter:label1\" content=\"Est. reading time\" \/>\n\t<meta name=\"twitter:data1\" content=\"5 minutes\" \/>\n<script type=\"application\/ld+json\" class=\"yoast-schema-graph\">{\"@context\":\"https:\\\/\\\/schema.org\",\"@graph\":[{\"@type\":\"WebPage\",\"@id\":\"https:\\\/\\\/1dronas.lt\\\/en\\\/produktas\\\/caddxfpv-walksnail-avatar-hd-pro-kit\\\/\",\"url\":\"https:\\\/\\\/1dronas.lt\\\/en\\\/produktas\\\/caddxfpv-walksnail-avatar-hd-pro-kit\\\/\",\"name\":\"Walksnail Avatar HD Pro Kit - 1dronas.lt\",\"isPartOf\":{\"@id\":\"https:\\\/\\\/1dronas.lt\\\/en\\\/#website\"},\"primaryImageOfPage\":{\"@id\":\"https:\\\/\\\/1dronas.lt\\\/en\\\/produktas\\\/caddxfpv-walksnail-avatar-hd-pro-kit\\\/#primaryimage\"},\"image\":{\"@id\":\"https:\\\/\\\/1dronas.lt\\\/en\\\/produktas\\\/caddxfpv-walksnail-avatar-hd-pro-kit\\\/#primaryimage\"},\"thumbnailUrl\":\"https:\\\/\\\/1dronas.lt\\\/wp-content\\\/uploads\\\/2026\\\/01\\\/AVATARHDProKit_1.jpg\",\"datePublished\":\"2026-01-16T16:24:08+00:00\",\"dateModified\":\"2026-03-24T19:35:10+00:00\",\"breadcrumb\":{\"@id\":\"https:\\\/\\\/1dronas.lt\\\/en\\\/produktas\\\/caddxfpv-walksnail-avatar-hd-pro-kit\\\/#breadcrumb\"},\"inLanguage\":\"en-US\",\"potentialAction\":[{\"@type\":\"ReadAction\",\"target\":[\"https:\\\/\\\/1dronas.lt\\\/en\\\/produktas\\\/caddxfpv-walksnail-avatar-hd-pro-kit\\\/\"]}]},{\"@type\":\"ImageObject\",\"inLanguage\":\"en-US\",\"@id\":\"https:\\\/\\\/1dronas.lt\\\/en\\\/produktas\\\/caddxfpv-walksnail-avatar-hd-pro-kit\\\/#primaryimage\",\"url\":\"https:\\\/\\\/1dronas.lt\\\/wp-content\\\/uploads\\\/2026\\\/01\\\/AVATARHDProKit_1.jpg\",\"contentUrl\":\"https:\\\/\\\/1dronas.lt\\\/wp-content\\\/uploads\\\/2026\\\/01\\\/AVATARHDProKit_1.jpg\",\"width\":2000,\"height\":2000},{\"@type\":\"BreadcrumbList\",\"@id\":\"https:\\\/\\\/1dronas.lt\\\/en\\\/produktas\\\/caddxfpv-walksnail-avatar-hd-pro-kit\\\/#breadcrumb\",\"itemListElement\":[{\"@type\":\"ListItem\",\"position\":1,\"name\":\"Home\",\"item\":\"https:\\\/\\\/1dronas.lt\\\/\"},{\"@type\":\"ListItem\",\"position\":2,\"name\":\"Parduotuv\u0117\",\"item\":\"https:\\\/\\\/1dronas.lt\\\/parduotuve\\\/\"},{\"@type\":\"ListItem\",\"position\":3,\"name\":\"Walksnail Avatar HD Pro Kit\"}]},{\"@type\":\"WebSite\",\"@id\":\"https:\\\/\\\/1dronas.lt\\\/en\\\/#website\",\"url\":\"https:\\\/\\\/1dronas.lt\\\/en\\\/\",\"name\":\"1dronas.lt\",\"description\":\"Internetin\u0117 parduotuv\u0117\",\"publisher\":{\"@id\":\"https:\\\/\\\/1dronas.lt\\\/en\\\/#organization\"},\"potentialAction\":[{\"@type\":\"SearchAction\",\"target\":{\"@type\":\"EntryPoint\",\"urlTemplate\":\"https:\\\/\\\/1dronas.lt\\\/en\\\/?s={search_term_string}\"},\"query-input\":{\"@type\":\"PropertyValueSpecification\",\"valueRequired\":true,\"valueName\":\"search_term_string\"}}],\"inLanguage\":\"en-US\"},{\"@type\":\"Organization\",\"@id\":\"https:\\\/\\\/1dronas.lt\\\/en\\\/#organization\",\"name\":\"1dronas.lt\",\"url\":\"https:\\\/\\\/1dronas.lt\\\/en\\\/\",\"logo\":{\"@type\":\"ImageObject\",\"inLanguage\":\"en-US\",\"@id\":\"https:\\\/\\\/1dronas.lt\\\/en\\\/#\\\/schema\\\/logo\\\/image\\\/\",\"url\":\"https:\\\/\\\/1dronas.lt\\\/wp-content\\\/uploads\\\/2020\\\/12\\\/Ekrano_kopija__2_-removebg-preview-1-1.png\",\"contentUrl\":\"https:\\\/\\\/1dronas.lt\\\/wp-content\\\/uploads\\\/2020\\\/12\\\/Ekrano_kopija__2_-removebg-preview-1-1.png\",\"width\":234,\"height\":81,\"caption\":\"1dronas.lt\"},\"image\":{\"@id\":\"https:\\\/\\\/1dronas.lt\\\/en\\\/#\\\/schema\\\/logo\\\/image\\\/\"},\"sameAs\":[\"https:\\\/\\\/www.facebook.com\\\/1dronas\\\/\"]}]}<\/script>\n<!-- \/ Yoast SEO plugin. -->","yoast_head_json":{"title":"Walksnail Avatar HD Pro Kit - 1dronas.lt","robots":{"index":"index","follow":"follow","max-snippet":"max-snippet:-1","max-image-preview":"max-image-preview:large","max-video-preview":"max-video-preview:-1"},"canonical":"https:\/\/1dronas.lt\/en\/produktas\/caddxfpv-walksnail-avatar-hd-pro-kit\/","og_locale":"en_US","og_type":"article","og_title":"Walksnail Avatar HD Pro Kit - 1dronas.lt","og_description":"Profesionalus rinkinys su auk\u0161tos rai\u0161kos kamera, itin geru naktiniu matymu, stabilizuotu vaizdu ir patikimu signalu. Sukurtas skland\u017eiam, realisti\u0161kam ir auk\u0161\u010diausios kokyb\u0117s skryd\u017eio potyriui.   \u00a01 \u2013 2 d. d.","og_url":"https:\/\/1dronas.lt\/en\/produktas\/caddxfpv-walksnail-avatar-hd-pro-kit\/","og_site_name":"1dronas.lt","article_publisher":"https:\/\/www.facebook.com\/1dronas\/","article_modified_time":"2026-03-24T19:35:10+00:00","og_image":[{"width":2000,"height":2000,"url":"https:\/\/1dronas.lt\/wp-content\/uploads\/2026\/01\/AVATARHDProKit_1.jpg","type":"image\/jpeg"}],"twitter_card":"summary_large_image","twitter_misc":{"Est. reading time":"5 minutes"},"schema":{"@context":"https:\/\/schema.org","@graph":[{"@type":"WebPage","@id":"https:\/\/1dronas.lt\/en\/produktas\/caddxfpv-walksnail-avatar-hd-pro-kit\/","url":"https:\/\/1dronas.lt\/en\/produktas\/caddxfpv-walksnail-avatar-hd-pro-kit\/","name":"Walksnail Avatar HD Pro Kit - 1dronas.lt","isPartOf":{"@id":"https:\/\/1dronas.lt\/en\/#website"},"primaryImageOfPage":{"@id":"https:\/\/1dronas.lt\/en\/produktas\/caddxfpv-walksnail-avatar-hd-pro-kit\/#primaryimage"},"image":{"@id":"https:\/\/1dronas.lt\/en\/produktas\/caddxfpv-walksnail-avatar-hd-pro-kit\/#primaryimage"},"thumbnailUrl":"https:\/\/1dronas.lt\/wp-content\/uploads\/2026\/01\/AVATARHDProKit_1.jpg","datePublished":"2026-01-16T16:24:08+00:00","dateModified":"2026-03-24T19:35:10+00:00","breadcrumb":{"@id":"https:\/\/1dronas.lt\/en\/produktas\/caddxfpv-walksnail-avatar-hd-pro-kit\/#breadcrumb"},"inLanguage":"en-US","potentialAction":[{"@type":"ReadAction","target":["https:\/\/1dronas.lt\/en\/produktas\/caddxfpv-walksnail-avatar-hd-pro-kit\/"]}]},{"@type":"ImageObject","inLanguage":"en-US","@id":"https:\/\/1dronas.lt\/en\/produktas\/caddxfpv-walksnail-avatar-hd-pro-kit\/#primaryimage","url":"https:\/\/1dronas.lt\/wp-content\/uploads\/2026\/01\/AVATARHDProKit_1.jpg","contentUrl":"https:\/\/1dronas.lt\/wp-content\/uploads\/2026\/01\/AVATARHDProKit_1.jpg","width":2000,"height":2000},{"@type":"BreadcrumbList","@id":"https:\/\/1dronas.lt\/en\/produktas\/caddxfpv-walksnail-avatar-hd-pro-kit\/#breadcrumb","itemListElement":[{"@type":"ListItem","position":1,"name":"Home","item":"https:\/\/1dronas.lt\/"},{"@type":"ListItem","position":2,"name":"Parduotuv\u0117","item":"https:\/\/1dronas.lt\/parduotuve\/"},{"@type":"ListItem","position":3,"name":"Walksnail Avatar HD Pro Kit"}]},{"@type":"WebSite","@id":"https:\/\/1dronas.lt\/en\/#website","url":"https:\/\/1dronas.lt\/en\/","name":"1dronas.lt","description":"Online store","publisher":{"@id":"https:\/\/1dronas.lt\/en\/#organization"},"potentialAction":[{"@type":"SearchAction","target":{"@type":"EntryPoint","urlTemplate":"https:\/\/1dronas.lt\/en\/?s={search_term_string}"},"query-input":{"@type":"PropertyValueSpecification","valueRequired":true,"valueName":"search_term_string"}}],"inLanguage":"en-US"},{"@type":"Organization","@id":"https:\/\/1dronas.lt\/en\/#organization","name":"1dronas.lt","url":"https:\/\/1dronas.lt\/en\/","logo":{"@type":"ImageObject","inLanguage":"en-US","@id":"https:\/\/1dronas.lt\/en\/#\/schema\/logo\/image\/","url":"https:\/\/1dronas.lt\/wp-content\/uploads\/2020\/12\/Ekrano_kopija__2_-removebg-preview-1-1.png","contentUrl":"https:\/\/1dronas.lt\/wp-content\/uploads\/2020\/12\/Ekrano_kopija__2_-removebg-preview-1-1.png","width":234,"height":81,"caption":"1dronas.lt"},"image":{"@id":"https:\/\/1dronas.lt\/en\/#\/schema\/logo\/image\/"},"sameAs":["https:\/\/www.facebook.com\/1dronas\/"]}]}},"jetpack_sharing_enabled":true,"_links":{"self":[{"href":"https:\/\/1dronas.lt\/en\/wp-json\/wp\/v2\/product\/15452","targetHints":{"allow":["GET"]}}],"collection":[{"href":"https:\/\/1dronas.lt\/en\/wp-json\/wp\/v2\/product"}],"about":[{"href":"https:\/\/1dronas.lt\/en\/wp-json\/wp\/v2\/types\/product"}],"replies":[{"embeddable":true,"href":"https:\/\/1dronas.lt\/en\/wp-json\/wp\/v2\/comments?post=15452"}],"wp:featuredmedia":[{"embeddable":true,"href":"https:\/\/1dronas.lt\/en\/wp-json\/wp\/v2\/media\/15464"}],"wp:attachment":[{"href":"https:\/\/1dronas.lt\/en\/wp-json\/wp\/v2\/media?parent=15452"}],"wp:term":[{"taxonomy":"product_brand","embeddable":true,"href":"https:\/\/1dronas.lt\/en\/wp-json\/wp\/v2\/product_brand?post=15452"},{"taxonomy":"product_cat","embeddable":true,"href":"https:\/\/1dronas.lt\/en\/wp-json\/wp\/v2\/product_cat?post=15452"},{"taxonomy":"product_tag","embeddable":true,"href":"https:\/\/1dronas.lt\/en\/wp-json\/wp\/v2\/product_tag?post=15452"}],"curies":[{"name":"wp","href":"https:\/\/api.w.org\/{rel}","templated":true}]}}