{"id":15409,"date":"2026-01-15T20:06:09","date_gmt":"2026-01-15T18:06:09","guid":{"rendered":"https:\/\/1dronas.lt\/?post_type=product&#038;p=15409"},"modified":"2026-01-30T12:26:54","modified_gmt":"2026-01-30T10:26:54","slug":"walksnail-moonlight-kamera","status":"publish","type":"product","link":"https:\/\/1dronas.lt\/en\/produktas\/caddxfpv-walksnail-moonlight-kamera\/","title":{"rendered":"Walksnail Moonlight camera"},"content":{"rendered":"<p>It has a starlight sensor that improves image quality and performance in low light. It ensures clear footage at night and eliminates the need for frequent camera switching.<\/p>\n<p><img decoding=\"async\" src=\"https:\/\/cdn.shopify.com\/s\/files\/1\/0036\/3921\/4169\/files\/4._2b35b2a5-9429-4766-8c14-743612a26e29.jpg?v=1703821827\" alt=\"\" \/><\/p>\n<p>Built-in EIS stabilization and support for Gyroflow technology ensure smooth and stable footage so you can fly comfortably and enjoy freestyle.<\/p>\n<p><img loading=\"lazy\" decoding=\"async\" class=\"alignnone wp-image-15393 size-full\" src=\"https:\/\/1dronas.lt\/wp-content\/uploads\/2026\/01\/4K_1_aefb6c25-b0cc-4ac0-b7e2-d2d60e0eb6ec.jpg\" alt=\"\" width=\"1920\" height=\"1000\" srcset=\"https:\/\/1dronas.lt\/wp-content\/uploads\/2026\/01\/4K_1_aefb6c25-b0cc-4ac0-b7e2-d2d60e0eb6ec.jpg 1920w, https:\/\/1dronas.lt\/wp-content\/uploads\/2026\/01\/4K_1_aefb6c25-b0cc-4ac0-b7e2-d2d60e0eb6ec-300x156.jpg 300w, https:\/\/1dronas.lt\/wp-content\/uploads\/2026\/01\/4K_1_aefb6c25-b0cc-4ac0-b7e2-d2d60e0eb6ec-1024x533.jpg 1024w, https:\/\/1dronas.lt\/wp-content\/uploads\/2026\/01\/4K_1_aefb6c25-b0cc-4ac0-b7e2-d2d60e0eb6ec-768x400.jpg 768w, https:\/\/1dronas.lt\/wp-content\/uploads\/2026\/01\/4K_1_aefb6c25-b0cc-4ac0-b7e2-d2d60e0eb6ec-1536x800.jpg 1536w, https:\/\/1dronas.lt\/wp-content\/uploads\/2026\/01\/4K_1_aefb6c25-b0cc-4ac0-b7e2-d2d60e0eb6ec-18x9.jpg 18w, https:\/\/1dronas.lt\/wp-content\/uploads\/2026\/01\/4K_1_aefb6c25-b0cc-4ac0-b7e2-d2d60e0eb6ec-510x266.jpg 510w\" sizes=\"auto, (max-width: 1920px) 100vw, 1920px\" \/><\/p>\n<p>The kit includes silicone mounting pads that ensure camera stability and reduce vibrations to make every shot as perfect as possible.<\/p>\n<p><img decoding=\"async\" src=\"https:\/\/cdn.shopify.com\/s\/files\/1\/0036\/3921\/4169\/files\/6..gif?v=1702627007\" alt=\"\" \/><\/p>\n<p>\u201eThe Moonlight camera has a 160\u00b0 viewing angle, which provides a more natural and realistic view to make the flight experience even more immersive.<\/p>\n<p><img decoding=\"async\" src=\"https:\/\/cdn.shopify.com\/s\/files\/1\/0036\/3921\/4169\/files\/8.FOV160.gif?v=1702627795\" alt=\"\" \/><\/p>\n<p><strong>Specification:<\/strong><\/p>\n<p>\u2022 Model: Moonlight camera;<br data-start=\"90\" data-end=\"93\" \/>\u2022 Software name: AvatarMoonlight_Sky_X.XX;<br data-start=\"155\" data-end=\"158\" \/>\u2022 Sensor: 1\/1.8 inch;<br data-start=\"183\" data-end=\"186\" \/>\u2022 Field of view (FOV): 160\u00b0;<br data-start=\"215\" data-end=\"218\" \/>\u2022 Range: F2.1;<br data-start=\"237\" data-end=\"240\" \/>\u2022 ISO range: 100\u201325600;<br data-start=\"269\" data-end=\"272\" \/>\u2022 Maximum bit rate: 150 Mbps;<br data-start=\"309\" data-end=\"312\" \/>\u2022 Video format: MP4 (H.264);<br data-start=\"344\" data-end=\"347\" \/>\u2022 Shutter: Rolling shutter;<br data-start=\"376\" data-end=\"379\" \/>\u2022 3D DNA: supported;<br data-start=\"400\" data-end=\"403\" \/>\u2022 Gyroflow: supported;<br data-start=\"426\" data-end=\"429\" \/>\u2022 Integrated EIS stabilization: supported;<br data-start=\"472\" data-end=\"475\" \/>\u2022 Wide input voltage range: 7.4\u201325.2 V;<br data-start=\"523\" data-end=\"526\" \/>\u2022 Power consumption: 12 V @ 0.8 \u00b1 0.1 A;<br data-start=\"572\" data-end=\"575\" \/>\u2022 Dimensions: Camera \u2013 19.5 \u00d7 19 \u00d7 24 mm;<br data-start=\"615\" data-end=\"618\" \/>\u2022 Weight: Camera (without cables) \u2013 8.9 g.<\/p>\n<p><strong>Package:<\/strong><\/p>\n<p>1x CaddxFPV Walksnail Moonlight Camera.<\/p>","protected":false},"excerpt":{"rendered":"<p><span style=\"color: #000000;\">The camera has a starlight sensor that improves image quality and performance in low light. It ensures clear footage at night and eliminates the need to switch cameras frequently.<\/span><\/p>\n<p><span style=\"color: #000000; font-size: 90%;\"><img loading=\"lazy\" decoding=\"async\" class=\"alignnone wp-image-1806\" src=\"https:\/\/1dronas.lt\/wp-content\/uploads\/2021\/05\/delivery-icon.png\" alt=\"\" width=\"24\" height=\"24\" srcset=\"https:\/\/1dronas.lt\/wp-content\/uploads\/2021\/05\/delivery-icon.png 35w, https:\/\/1dronas.lt\/wp-content\/uploads\/2021\/05\/delivery-icon-12x12.png 12w\" sizes=\"auto, (max-width: 24px) 100vw, 24px\" \/><strong>\u00a0 1 \u2013 2 days<\/strong><\/span><\/p>","protected":false},"featured_media":15412,"comment_status":"open","ping_status":"closed","template":"","meta":[],"product_brand":[1151],"product_cat":[191],"product_tag":[1113,433,1118],"class_list":{"0":"post-15409","1":"product","2":"type-product","3":"status-publish","4":"has-post-thumbnail","6":"product_brand-walksnail","7":"product_cat-kameros","8":"product_tag-caddxfpv","9":"product_tag-kamera","10":"product_tag-moonlight","12":"first","13":"instock","14":"taxable","15":"shipping-taxable","16":"purchasable","17":"product-type-simple"},"yoast_head":"<!-- This site is optimized with the Yoast SEO plugin v27.4 - https:\/\/yoast.com\/product\/yoast-seo-wordpress\/ -->\n<title>Walksnail Moonlight kamera - 1dronas.lt<\/title>\n<meta name=\"robots\" content=\"index, follow, max-snippet:-1, max-image-preview:large, max-video-preview:-1\" \/>\n<link rel=\"canonical\" href=\"https:\/\/1dronas.lt\/en\/produktas\/caddxfpv-walksnail-moonlight-kamera\/\" \/>\n<meta property=\"og:locale\" content=\"en_US\" \/>\n<meta property=\"og:type\" content=\"article\" \/>\n<meta property=\"og:title\" content=\"Walksnail Moonlight kamera - 1dronas.lt\" \/>\n<meta property=\"og:description\" content=\"Kamera turi \u201estarlight\u201c jutikl\u012f, kuris pagerina vaizdo kokyb\u0119 ir veikim\u0105 esant silpnam ap\u0161vietimui. U\u017etikrina ai\u0161k\u0173 filmavim\u0105 nakt\u012f ir leid\u017eia i\u0161vengti da\u017eno kameros perjungimo.  \u00a0 1 \u2013 2 d. d.\" \/>\n<meta property=\"og:url\" content=\"https:\/\/1dronas.lt\/en\/produktas\/caddxfpv-walksnail-moonlight-kamera\/\" \/>\n<meta property=\"og:site_name\" content=\"1dronas.lt\" \/>\n<meta property=\"article:publisher\" content=\"https:\/\/www.facebook.com\/1dronas\/\" \/>\n<meta property=\"article:modified_time\" content=\"2026-01-30T10:26:54+00:00\" \/>\n<meta property=\"og:image\" content=\"https:\/\/1dronas.lt\/wp-content\/uploads\/2026\/01\/WalksnailMoonlightCameraOnly.jpg\" \/>\n\t<meta property=\"og:image:width\" content=\"1200\" \/>\n\t<meta property=\"og:image:height\" content=\"1200\" \/>\n\t<meta property=\"og:image:type\" content=\"image\/jpeg\" \/>\n<meta name=\"twitter:card\" content=\"summary_large_image\" \/>\n<meta name=\"twitter:label1\" content=\"Est. reading time\" \/>\n\t<meta name=\"twitter:data1\" content=\"2 minutes\" \/>\n<script type=\"application\/ld+json\" class=\"yoast-schema-graph\">{\"@context\":\"https:\\\/\\\/schema.org\",\"@graph\":[{\"@type\":\"WebPage\",\"@id\":\"https:\\\/\\\/1dronas.lt\\\/en\\\/produktas\\\/caddxfpv-walksnail-moonlight-kamera\\\/\",\"url\":\"https:\\\/\\\/1dronas.lt\\\/en\\\/produktas\\\/caddxfpv-walksnail-moonlight-kamera\\\/\",\"name\":\"Walksnail Moonlight kamera - 1dronas.lt\",\"isPartOf\":{\"@id\":\"https:\\\/\\\/1dronas.lt\\\/en\\\/#website\"},\"primaryImageOfPage\":{\"@id\":\"https:\\\/\\\/1dronas.lt\\\/en\\\/produktas\\\/caddxfpv-walksnail-moonlight-kamera\\\/#primaryimage\"},\"image\":{\"@id\":\"https:\\\/\\\/1dronas.lt\\\/en\\\/produktas\\\/caddxfpv-walksnail-moonlight-kamera\\\/#primaryimage\"},\"thumbnailUrl\":\"https:\\\/\\\/1dronas.lt\\\/wp-content\\\/uploads\\\/2026\\\/01\\\/WalksnailMoonlightCameraOnly.jpg\",\"datePublished\":\"2026-01-15T18:06:09+00:00\",\"dateModified\":\"2026-01-30T10:26:54+00:00\",\"breadcrumb\":{\"@id\":\"https:\\\/\\\/1dronas.lt\\\/en\\\/produktas\\\/caddxfpv-walksnail-moonlight-kamera\\\/#breadcrumb\"},\"inLanguage\":\"en-US\",\"potentialAction\":[{\"@type\":\"ReadAction\",\"target\":[\"https:\\\/\\\/1dronas.lt\\\/en\\\/produktas\\\/caddxfpv-walksnail-moonlight-kamera\\\/\"]}]},{\"@type\":\"ImageObject\",\"inLanguage\":\"en-US\",\"@id\":\"https:\\\/\\\/1dronas.lt\\\/en\\\/produktas\\\/caddxfpv-walksnail-moonlight-kamera\\\/#primaryimage\",\"url\":\"https:\\\/\\\/1dronas.lt\\\/wp-content\\\/uploads\\\/2026\\\/01\\\/WalksnailMoonlightCameraOnly.jpg\",\"contentUrl\":\"https:\\\/\\\/1dronas.lt\\\/wp-content\\\/uploads\\\/2026\\\/01\\\/WalksnailMoonlightCameraOnly.jpg\",\"width\":1200,\"height\":1200},{\"@type\":\"BreadcrumbList\",\"@id\":\"https:\\\/\\\/1dronas.lt\\\/en\\\/produktas\\\/caddxfpv-walksnail-moonlight-kamera\\\/#breadcrumb\",\"itemListElement\":[{\"@type\":\"ListItem\",\"position\":1,\"name\":\"Home\",\"item\":\"https:\\\/\\\/1dronas.lt\\\/\"},{\"@type\":\"ListItem\",\"position\":2,\"name\":\"Parduotuv\u0117\",\"item\":\"https:\\\/\\\/1dronas.lt\\\/parduotuve\\\/\"},{\"@type\":\"ListItem\",\"position\":3,\"name\":\"Walksnail Moonlight kamera\"}]},{\"@type\":\"WebSite\",\"@id\":\"https:\\\/\\\/1dronas.lt\\\/en\\\/#website\",\"url\":\"https:\\\/\\\/1dronas.lt\\\/en\\\/\",\"name\":\"1dronas.lt\",\"description\":\"Internetin\u0117 parduotuv\u0117\",\"publisher\":{\"@id\":\"https:\\\/\\\/1dronas.lt\\\/en\\\/#organization\"},\"potentialAction\":[{\"@type\":\"SearchAction\",\"target\":{\"@type\":\"EntryPoint\",\"urlTemplate\":\"https:\\\/\\\/1dronas.lt\\\/en\\\/?s={search_term_string}\"},\"query-input\":{\"@type\":\"PropertyValueSpecification\",\"valueRequired\":true,\"valueName\":\"search_term_string\"}}],\"inLanguage\":\"en-US\"},{\"@type\":\"Organization\",\"@id\":\"https:\\\/\\\/1dronas.lt\\\/en\\\/#organization\",\"name\":\"1dronas.lt\",\"url\":\"https:\\\/\\\/1dronas.lt\\\/en\\\/\",\"logo\":{\"@type\":\"ImageObject\",\"inLanguage\":\"en-US\",\"@id\":\"https:\\\/\\\/1dronas.lt\\\/en\\\/#\\\/schema\\\/logo\\\/image\\\/\",\"url\":\"https:\\\/\\\/1dronas.lt\\\/wp-content\\\/uploads\\\/2020\\\/12\\\/Ekrano_kopija__2_-removebg-preview-1-1.png\",\"contentUrl\":\"https:\\\/\\\/1dronas.lt\\\/wp-content\\\/uploads\\\/2020\\\/12\\\/Ekrano_kopija__2_-removebg-preview-1-1.png\",\"width\":234,\"height\":81,\"caption\":\"1dronas.lt\"},\"image\":{\"@id\":\"https:\\\/\\\/1dronas.lt\\\/en\\\/#\\\/schema\\\/logo\\\/image\\\/\"},\"sameAs\":[\"https:\\\/\\\/www.facebook.com\\\/1dronas\\\/\"]}]}<\/script>\n<!-- \/ Yoast SEO plugin. -->","yoast_head_json":{"title":"Walksnail Moonlight kamera - 1dronas.lt","robots":{"index":"index","follow":"follow","max-snippet":"max-snippet:-1","max-image-preview":"max-image-preview:large","max-video-preview":"max-video-preview:-1"},"canonical":"https:\/\/1dronas.lt\/en\/produktas\/caddxfpv-walksnail-moonlight-kamera\/","og_locale":"en_US","og_type":"article","og_title":"Walksnail Moonlight kamera - 1dronas.lt","og_description":"Kamera turi \u201estarlight\u201c jutikl\u012f, kuris pagerina vaizdo kokyb\u0119 ir veikim\u0105 esant silpnam ap\u0161vietimui. U\u017etikrina ai\u0161k\u0173 filmavim\u0105 nakt\u012f ir leid\u017eia i\u0161vengti da\u017eno kameros perjungimo.  \u00a0 1 \u2013 2 d. d.","og_url":"https:\/\/1dronas.lt\/en\/produktas\/caddxfpv-walksnail-moonlight-kamera\/","og_site_name":"1dronas.lt","article_publisher":"https:\/\/www.facebook.com\/1dronas\/","article_modified_time":"2026-01-30T10:26:54+00:00","og_image":[{"width":1200,"height":1200,"url":"https:\/\/1dronas.lt\/wp-content\/uploads\/2026\/01\/WalksnailMoonlightCameraOnly.jpg","type":"image\/jpeg"}],"twitter_card":"summary_large_image","twitter_misc":{"Est. reading time":"2 minutes"},"schema":{"@context":"https:\/\/schema.org","@graph":[{"@type":"WebPage","@id":"https:\/\/1dronas.lt\/en\/produktas\/caddxfpv-walksnail-moonlight-kamera\/","url":"https:\/\/1dronas.lt\/en\/produktas\/caddxfpv-walksnail-moonlight-kamera\/","name":"Walksnail Moonlight kamera - 1dronas.lt","isPartOf":{"@id":"https:\/\/1dronas.lt\/en\/#website"},"primaryImageOfPage":{"@id":"https:\/\/1dronas.lt\/en\/produktas\/caddxfpv-walksnail-moonlight-kamera\/#primaryimage"},"image":{"@id":"https:\/\/1dronas.lt\/en\/produktas\/caddxfpv-walksnail-moonlight-kamera\/#primaryimage"},"thumbnailUrl":"https:\/\/1dronas.lt\/wp-content\/uploads\/2026\/01\/WalksnailMoonlightCameraOnly.jpg","datePublished":"2026-01-15T18:06:09+00:00","dateModified":"2026-01-30T10:26:54+00:00","breadcrumb":{"@id":"https:\/\/1dronas.lt\/en\/produktas\/caddxfpv-walksnail-moonlight-kamera\/#breadcrumb"},"inLanguage":"en-US","potentialAction":[{"@type":"ReadAction","target":["https:\/\/1dronas.lt\/en\/produktas\/caddxfpv-walksnail-moonlight-kamera\/"]}]},{"@type":"ImageObject","inLanguage":"en-US","@id":"https:\/\/1dronas.lt\/en\/produktas\/caddxfpv-walksnail-moonlight-kamera\/#primaryimage","url":"https:\/\/1dronas.lt\/wp-content\/uploads\/2026\/01\/WalksnailMoonlightCameraOnly.jpg","contentUrl":"https:\/\/1dronas.lt\/wp-content\/uploads\/2026\/01\/WalksnailMoonlightCameraOnly.jpg","width":1200,"height":1200},{"@type":"BreadcrumbList","@id":"https:\/\/1dronas.lt\/en\/produktas\/caddxfpv-walksnail-moonlight-kamera\/#breadcrumb","itemListElement":[{"@type":"ListItem","position":1,"name":"Home","item":"https:\/\/1dronas.lt\/"},{"@type":"ListItem","position":2,"name":"Parduotuv\u0117","item":"https:\/\/1dronas.lt\/parduotuve\/"},{"@type":"ListItem","position":3,"name":"Walksnail Moonlight kamera"}]},{"@type":"WebSite","@id":"https:\/\/1dronas.lt\/en\/#website","url":"https:\/\/1dronas.lt\/en\/","name":"1dronas.lt","description":"Online store","publisher":{"@id":"https:\/\/1dronas.lt\/en\/#organization"},"potentialAction":[{"@type":"SearchAction","target":{"@type":"EntryPoint","urlTemplate":"https:\/\/1dronas.lt\/en\/?s={search_term_string}"},"query-input":{"@type":"PropertyValueSpecification","valueRequired":true,"valueName":"search_term_string"}}],"inLanguage":"en-US"},{"@type":"Organization","@id":"https:\/\/1dronas.lt\/en\/#organization","name":"1dronas.lt","url":"https:\/\/1dronas.lt\/en\/","logo":{"@type":"ImageObject","inLanguage":"en-US","@id":"https:\/\/1dronas.lt\/en\/#\/schema\/logo\/image\/","url":"https:\/\/1dronas.lt\/wp-content\/uploads\/2020\/12\/Ekrano_kopija__2_-removebg-preview-1-1.png","contentUrl":"https:\/\/1dronas.lt\/wp-content\/uploads\/2020\/12\/Ekrano_kopija__2_-removebg-preview-1-1.png","width":234,"height":81,"caption":"1dronas.lt"},"image":{"@id":"https:\/\/1dronas.lt\/en\/#\/schema\/logo\/image\/"},"sameAs":["https:\/\/www.facebook.com\/1dronas\/"]}]}},"jetpack_sharing_enabled":true,"_links":{"self":[{"href":"https:\/\/1dronas.lt\/en\/wp-json\/wp\/v2\/product\/15409","targetHints":{"allow":["GET"]}}],"collection":[{"href":"https:\/\/1dronas.lt\/en\/wp-json\/wp\/v2\/product"}],"about":[{"href":"https:\/\/1dronas.lt\/en\/wp-json\/wp\/v2\/types\/product"}],"replies":[{"embeddable":true,"href":"https:\/\/1dronas.lt\/en\/wp-json\/wp\/v2\/comments?post=15409"}],"wp:featuredmedia":[{"embeddable":true,"href":"https:\/\/1dronas.lt\/en\/wp-json\/wp\/v2\/media\/15412"}],"wp:attachment":[{"href":"https:\/\/1dronas.lt\/en\/wp-json\/wp\/v2\/media?parent=15409"}],"wp:term":[{"taxonomy":"product_brand","embeddable":true,"href":"https:\/\/1dronas.lt\/en\/wp-json\/wp\/v2\/product_brand?post=15409"},{"taxonomy":"product_cat","embeddable":true,"href":"https:\/\/1dronas.lt\/en\/wp-json\/wp\/v2\/product_cat?post=15409"},{"taxonomy":"product_tag","embeddable":true,"href":"https:\/\/1dronas.lt\/en\/wp-json\/wp\/v2\/product_tag?post=15409"}],"curies":[{"name":"wp","href":"https:\/\/api.w.org\/{rel}","templated":true}]}}