{"id":15387,"date":"2026-01-15T19:37:17","date_gmt":"2026-01-15T17:37:17","guid":{"rendered":"https:\/\/1dronas.lt\/?post_type=product&#038;p=15387"},"modified":"2026-01-30T12:27:01","modified_gmt":"2026-01-30T10:27:01","slug":"walksnail-moonlight-kit-only","status":"publish","type":"product","link":"https:\/\/1dronas.lt\/en\/produktas\/caddxfpv-walksnail-moonlight-kit-only\/","title":{"rendered":"Walksnail Moonlight Kit"},"content":{"rendered":"<p><img loading=\"lazy\" decoding=\"async\" class=\"alignnone wp-image-15389 size-full\" src=\"https:\/\/1dronas.lt\/wp-content\/uploads\/2026\/01\/1._d50e8ac9-c637-43aa-b2b3-c92b76ddc7a2.jpg\" alt=\"\" width=\"1920\" height=\"1000\" srcset=\"https:\/\/1dronas.lt\/wp-content\/uploads\/2026\/01\/1._d50e8ac9-c637-43aa-b2b3-c92b76ddc7a2.jpg 1920w, https:\/\/1dronas.lt\/wp-content\/uploads\/2026\/01\/1._d50e8ac9-c637-43aa-b2b3-c92b76ddc7a2-300x156.jpg 300w, https:\/\/1dronas.lt\/wp-content\/uploads\/2026\/01\/1._d50e8ac9-c637-43aa-b2b3-c92b76ddc7a2-1024x533.jpg 1024w, https:\/\/1dronas.lt\/wp-content\/uploads\/2026\/01\/1._d50e8ac9-c637-43aa-b2b3-c92b76ddc7a2-768x400.jpg 768w, https:\/\/1dronas.lt\/wp-content\/uploads\/2026\/01\/1._d50e8ac9-c637-43aa-b2b3-c92b76ddc7a2-1536x800.jpg 1536w, https:\/\/1dronas.lt\/wp-content\/uploads\/2026\/01\/1._d50e8ac9-c637-43aa-b2b3-c92b76ddc7a2-18x9.jpg 18w, https:\/\/1dronas.lt\/wp-content\/uploads\/2026\/01\/1._d50e8ac9-c637-43aa-b2b3-c92b76ddc7a2-510x266.jpg 510w\" sizes=\"auto, (max-width: 1920px) 100vw, 1920px\" \/><\/p>\n<p>Supports 4K\/60 fps, so the FPV image is truly high quality. Ensures stable and sharp video without noticeable lag, making the flight even smoother and more enjoyable.<\/p>\n<p><img loading=\"lazy\" decoding=\"async\" class=\"alignnone wp-image-15392 size-full\" src=\"https:\/\/1dronas.lt\/wp-content\/uploads\/2026\/01\/3.4K60fps_4de32098-0f60-41b2-a657-8d87848b5bbc.jpg\" alt=\"\" width=\"1920\" height=\"1000\" srcset=\"https:\/\/1dronas.lt\/wp-content\/uploads\/2026\/01\/3.4K60fps_4de32098-0f60-41b2-a657-8d87848b5bbc.jpg 1920w, https:\/\/1dronas.lt\/wp-content\/uploads\/2026\/01\/3.4K60fps_4de32098-0f60-41b2-a657-8d87848b5bbc-300x156.jpg 300w, https:\/\/1dronas.lt\/wp-content\/uploads\/2026\/01\/3.4K60fps_4de32098-0f60-41b2-a657-8d87848b5bbc-1024x533.jpg 1024w, https:\/\/1dronas.lt\/wp-content\/uploads\/2026\/01\/3.4K60fps_4de32098-0f60-41b2-a657-8d87848b5bbc-768x400.jpg 768w, https:\/\/1dronas.lt\/wp-content\/uploads\/2026\/01\/3.4K60fps_4de32098-0f60-41b2-a657-8d87848b5bbc-1536x800.jpg 1536w, https:\/\/1dronas.lt\/wp-content\/uploads\/2026\/01\/3.4K60fps_4de32098-0f60-41b2-a657-8d87848b5bbc-18x9.jpg 18w, https:\/\/1dronas.lt\/wp-content\/uploads\/2026\/01\/3.4K60fps_4de32098-0f60-41b2-a657-8d87848b5bbc-510x266.jpg 510w\" sizes=\"auto, (max-width: 1920px) 100vw, 1920px\" \/><\/p>\n<p>It has a starlight sensor that improves image quality and performance in low light. It ensures clear footage at night and eliminates the need for frequent camera switching.<\/p>\n<p><img decoding=\"async\" src=\"https:\/\/cdn.shopify.com\/s\/files\/1\/0036\/3921\/4169\/files\/4._2b35b2a5-9429-4766-8c14-743612a26e29.jpg?v=1703821827\" alt=\"\" \/><\/p>\n<p>Built-in EIS stabilization and support for Gyroflow technology ensure smooth and stable footage so you can fly comfortably and enjoy freestyle.<\/p>\n<p><img loading=\"lazy\" decoding=\"async\" class=\"alignnone wp-image-15393 size-full\" src=\"https:\/\/1dronas.lt\/wp-content\/uploads\/2026\/01\/4K_1_aefb6c25-b0cc-4ac0-b7e2-d2d60e0eb6ec.jpg\" alt=\"\" width=\"1920\" height=\"1000\" srcset=\"https:\/\/1dronas.lt\/wp-content\/uploads\/2026\/01\/4K_1_aefb6c25-b0cc-4ac0-b7e2-d2d60e0eb6ec.jpg 1920w, https:\/\/1dronas.lt\/wp-content\/uploads\/2026\/01\/4K_1_aefb6c25-b0cc-4ac0-b7e2-d2d60e0eb6ec-300x156.jpg 300w, https:\/\/1dronas.lt\/wp-content\/uploads\/2026\/01\/4K_1_aefb6c25-b0cc-4ac0-b7e2-d2d60e0eb6ec-1024x533.jpg 1024w, https:\/\/1dronas.lt\/wp-content\/uploads\/2026\/01\/4K_1_aefb6c25-b0cc-4ac0-b7e2-d2d60e0eb6ec-768x400.jpg 768w, https:\/\/1dronas.lt\/wp-content\/uploads\/2026\/01\/4K_1_aefb6c25-b0cc-4ac0-b7e2-d2d60e0eb6ec-1536x800.jpg 1536w, https:\/\/1dronas.lt\/wp-content\/uploads\/2026\/01\/4K_1_aefb6c25-b0cc-4ac0-b7e2-d2d60e0eb6ec-18x9.jpg 18w, https:\/\/1dronas.lt\/wp-content\/uploads\/2026\/01\/4K_1_aefb6c25-b0cc-4ac0-b7e2-d2d60e0eb6ec-510x266.jpg 510w\" sizes=\"auto, (max-width: 1920px) 100vw, 1920px\" \/><\/p>\n<p>The kit includes silicone mounting pads that ensure camera stability and reduce vibrations to make every shot as perfect as possible.<\/p>\n<p><img decoding=\"async\" src=\"https:\/\/cdn.shopify.com\/s\/files\/1\/0036\/3921\/4169\/files\/6..gif?v=1702627007\" alt=\"\" \/><\/p>\n<p>Supports manual shutter and ISO settings, so you can take great photos in any lighting conditions.<\/p>\n<p><img loading=\"lazy\" decoding=\"async\" class=\"alignnone wp-image-15394 size-full\" src=\"https:\/\/1dronas.lt\/wp-content\/uploads\/2026\/01\/7._ISO_6de0a8f2-de29-41dc-bca6-24582ae40656.jpg\" alt=\"\" width=\"1920\" height=\"1000\" srcset=\"https:\/\/1dronas.lt\/wp-content\/uploads\/2026\/01\/7._ISO_6de0a8f2-de29-41dc-bca6-24582ae40656.jpg 1920w, https:\/\/1dronas.lt\/wp-content\/uploads\/2026\/01\/7._ISO_6de0a8f2-de29-41dc-bca6-24582ae40656-300x156.jpg 300w, https:\/\/1dronas.lt\/wp-content\/uploads\/2026\/01\/7._ISO_6de0a8f2-de29-41dc-bca6-24582ae40656-1024x533.jpg 1024w, https:\/\/1dronas.lt\/wp-content\/uploads\/2026\/01\/7._ISO_6de0a8f2-de29-41dc-bca6-24582ae40656-768x400.jpg 768w, https:\/\/1dronas.lt\/wp-content\/uploads\/2026\/01\/7._ISO_6de0a8f2-de29-41dc-bca6-24582ae40656-1536x800.jpg 1536w, https:\/\/1dronas.lt\/wp-content\/uploads\/2026\/01\/7._ISO_6de0a8f2-de29-41dc-bca6-24582ae40656-18x9.jpg 18w, https:\/\/1dronas.lt\/wp-content\/uploads\/2026\/01\/7._ISO_6de0a8f2-de29-41dc-bca6-24582ae40656-510x266.jpg 510w\" sizes=\"auto, (max-width: 1920px) 100vw, 1920px\" \/><\/p>\n<p>\u201eThe Moonlight camera has a 160\u00b0 viewing angle, which provides a more natural and realistic view to make the flight experience even more immersive.<\/p>\n<p><img decoding=\"async\" src=\"https:\/\/cdn.shopify.com\/s\/files\/1\/0036\/3921\/4169\/files\/8.FOV160.gif?v=1702627795\" alt=\"\" \/><\/p>\n<p>The kit includes an ND8 filter for various filming situations.<\/p>\n<p><img loading=\"lazy\" decoding=\"async\" class=\"alignnone wp-image-15395 size-full\" src=\"https:\/\/1dronas.lt\/wp-content\/uploads\/2026\/01\/9._-1_2f3f87a8-971b-47f1-a99e-6389640386b1.jpg\" alt=\"\" width=\"1920\" height=\"899\" srcset=\"https:\/\/1dronas.lt\/wp-content\/uploads\/2026\/01\/9._-1_2f3f87a8-971b-47f1-a99e-6389640386b1.jpg 1920w, https:\/\/1dronas.lt\/wp-content\/uploads\/2026\/01\/9._-1_2f3f87a8-971b-47f1-a99e-6389640386b1-300x140.jpg 300w, https:\/\/1dronas.lt\/wp-content\/uploads\/2026\/01\/9._-1_2f3f87a8-971b-47f1-a99e-6389640386b1-1024x479.jpg 1024w, https:\/\/1dronas.lt\/wp-content\/uploads\/2026\/01\/9._-1_2f3f87a8-971b-47f1-a99e-6389640386b1-768x360.jpg 768w, https:\/\/1dronas.lt\/wp-content\/uploads\/2026\/01\/9._-1_2f3f87a8-971b-47f1-a99e-6389640386b1-1536x719.jpg 1536w, https:\/\/1dronas.lt\/wp-content\/uploads\/2026\/01\/9._-1_2f3f87a8-971b-47f1-a99e-6389640386b1-18x8.jpg 18w, https:\/\/1dronas.lt\/wp-content\/uploads\/2026\/01\/9._-1_2f3f87a8-971b-47f1-a99e-6389640386b1-510x239.jpg 510w\" sizes=\"auto, (max-width: 1920px) 100vw, 1920px\" \/><\/p>\n<p><strong>Measurements:<\/strong><\/p>\n<p><img loading=\"lazy\" decoding=\"async\" class=\"alignnone wp-image-15398\" src=\"https:\/\/1dronas.lt\/wp-content\/uploads\/2026\/01\/f7d7c897f798fc44c391847188c3ac79_f14f85ae-a59e-4679-9948-988a4e5cf6b6.jpg\" alt=\"\" width=\"857\" height=\"446\" srcset=\"https:\/\/1dronas.lt\/wp-content\/uploads\/2026\/01\/f7d7c897f798fc44c391847188c3ac79_f14f85ae-a59e-4679-9948-988a4e5cf6b6.jpg 1920w, https:\/\/1dronas.lt\/wp-content\/uploads\/2026\/01\/f7d7c897f798fc44c391847188c3ac79_f14f85ae-a59e-4679-9948-988a4e5cf6b6-300x156.jpg 300w, https:\/\/1dronas.lt\/wp-content\/uploads\/2026\/01\/f7d7c897f798fc44c391847188c3ac79_f14f85ae-a59e-4679-9948-988a4e5cf6b6-1024x533.jpg 1024w, https:\/\/1dronas.lt\/wp-content\/uploads\/2026\/01\/f7d7c897f798fc44c391847188c3ac79_f14f85ae-a59e-4679-9948-988a4e5cf6b6-768x400.jpg 768w, https:\/\/1dronas.lt\/wp-content\/uploads\/2026\/01\/f7d7c897f798fc44c391847188c3ac79_f14f85ae-a59e-4679-9948-988a4e5cf6b6-1536x800.jpg 1536w, https:\/\/1dronas.lt\/wp-content\/uploads\/2026\/01\/f7d7c897f798fc44c391847188c3ac79_f14f85ae-a59e-4679-9948-988a4e5cf6b6-18x9.jpg 18w, https:\/\/1dronas.lt\/wp-content\/uploads\/2026\/01\/f7d7c897f798fc44c391847188c3ac79_f14f85ae-a59e-4679-9948-988a4e5cf6b6-510x266.jpg 510w\" sizes=\"auto, (max-width: 857px) 100vw, 857px\" \/><\/p>\n<p><strong>Connection:<\/strong><\/p>\n<p><img loading=\"lazy\" decoding=\"async\" class=\"alignnone wp-image-15397 size-full\" src=\"https:\/\/1dronas.lt\/wp-content\/uploads\/2026\/01\/f4b3da9554de4e60ffd11b8edcb16ff8_752e4cb0-12df-486d-bb11-bc4d109fd0d0-e1768568472861.jpg\" alt=\"\" width=\"1920\" height=\"838\" srcset=\"https:\/\/1dronas.lt\/wp-content\/uploads\/2026\/01\/f4b3da9554de4e60ffd11b8edcb16ff8_752e4cb0-12df-486d-bb11-bc4d109fd0d0-e1768568472861.jpg 1920w, https:\/\/1dronas.lt\/wp-content\/uploads\/2026\/01\/f4b3da9554de4e60ffd11b8edcb16ff8_752e4cb0-12df-486d-bb11-bc4d109fd0d0-e1768568472861-300x131.jpg 300w, https:\/\/1dronas.lt\/wp-content\/uploads\/2026\/01\/f4b3da9554de4e60ffd11b8edcb16ff8_752e4cb0-12df-486d-bb11-bc4d109fd0d0-e1768568472861-1024x447.jpg 1024w, https:\/\/1dronas.lt\/wp-content\/uploads\/2026\/01\/f4b3da9554de4e60ffd11b8edcb16ff8_752e4cb0-12df-486d-bb11-bc4d109fd0d0-e1768568472861-768x335.jpg 768w, https:\/\/1dronas.lt\/wp-content\/uploads\/2026\/01\/f4b3da9554de4e60ffd11b8edcb16ff8_752e4cb0-12df-486d-bb11-bc4d109fd0d0-e1768568472861-1536x670.jpg 1536w, https:\/\/1dronas.lt\/wp-content\/uploads\/2026\/01\/f4b3da9554de4e60ffd11b8edcb16ff8_752e4cb0-12df-486d-bb11-bc4d109fd0d0-e1768568472861-18x8.jpg 18w, https:\/\/1dronas.lt\/wp-content\/uploads\/2026\/01\/f4b3da9554de4e60ffd11b8edcb16ff8_752e4cb0-12df-486d-bb11-bc4d109fd0d0-e1768568472861-510x223.jpg 510w\" sizes=\"auto, (max-width: 1920px) 100vw, 1920px\" \/><\/p>\n<p><strong>Specification:<\/strong><\/p>\n<p><strong>Moonlight KIT<\/strong><\/p>\n<p>\u2022 Model: Moonlight Kit;<br data-start=\"208\" data-end=\"211\" \/>\u2022 Software name: AvatarMoonlight_Sky_X.XX;<br data-start=\"273\" data-end=\"276\" \/>\u2022 Communication frequency: 5.725\u20135.850 GHz;<br data-start=\"309\" data-end=\"312\" \/>\u2022 Transmitter power (EIRP): FCC &lt;30 dBm; CE &lt;14 dBm; SRRC &lt;20dBm; MIC &lt;25dBm;<br data-start=\"389\" data-end=\"392\" \/>\u2022 I\/O interface: JST1.0\u00d74 (power), JST0.8\u00d76 (USB), Micro SD card slot; IPEX-1;<br data-start=\"479\" data-end=\"482\" \/>\u2022 Sensor: Starlight sensor;<br data-start=\"514\" data-end=\"517\" \/>\u2022 Field of view (FOV): up to 160\u00b0;<br data-start=\"550\" data-end=\"553\" \/>\u2022 Aperture: F2.1;<br data-start=\"572\" data-end=\"575\" \/>\u2022 Shutter: Rolling shutter;<br data-start=\"604\" data-end=\"607\" \/>\u2022 ISO range: 100\u201325600;<br data-start=\"636\" data-end=\"639\" \/>\u2022 Recording resolution: 4K @30\/60fps; 2.7K @30\/60fps; 1080p @100\/60fps; 720p @60fps;<br data-start=\"718\" data-end=\"721\" \/>\u2022 Maximum bit rate: 150 Mbps;<br data-start=\"758\" data-end=\"761\" \/>\u2022 Video format: MP4 (H.264);<br data-start=\"793\" data-end=\"796\" \/>\u2022 3D DNA: supported;<br data-start=\"817\" data-end=\"820\" \/>\u2022 Gyroflow: supported;<br data-start=\"843\" data-end=\"846\" \/>\u2022 Integrated EIS stabilization: supported;<br data-start=\"889\" data-end=\"892\" \/>\u2022 Wide input voltage range: 7.4\u201325.2 V;<br data-start=\"940\" data-end=\"943\" \/>\u2022 Power consumption: 12 V @ 1.4 A; 8 V @ 2.2 A;<br data-start=\"996\" data-end=\"999\" \/>\u2022 Memory card: U3 MicroSD, max. 256 GB;<br data-start=\"1046\" data-end=\"1049\" \/>\u2022 Camera size: 19.6 \u00d7 19 \u00d7 24 mm;<br data-start=\"1085\" data-end=\"1088\" \/>\u2022 VTX size: 15.3 \u00d7 34.5 \u00d7 34.5 mm;<br data-start=\"1124\" data-end=\"1127\" \/>\u2022 VTX mounting hole spacing: 20 \u00d7 20 mm \/ 25 \u00d7 25 mm (M2);<br data-start=\"1191\" data-end=\"1194\" \/>\u2022 Weight (total, without antenna): 38.5 g;<br data-start=\"1234\" data-end=\"1237\" \/>\u2022 OSD mode: Canvas mode;<br data-start=\"1265\" data-end=\"1268\" \/>\u2022 Average latency: 22 ms;<br data-start=\"1297\" data-end=\"1300\" \/>\u2022 Antenna: 2 (IPEX).<\/p>\n<p><strong>VTX antenna<\/strong><\/p>\n<p>\u2022 Model: Avatar V2 antenna;<br data-start=\"2231\" data-end=\"2234\" \/>\u2022 Polarization: LHCP;<br data-start=\"2257\" data-end=\"2260\" \/>\u2022 Frequency range: 5600\u20136000 MHz;<br data-start=\"2296\" data-end=\"2299\" \/>\u2022 Average gain: 1.9 dBi;<br data-start=\"2333\" data-end=\"2336\" \/>\u2022 VSWR: &lt;1.5;<br data-start=\"2350\" data-end=\"2353\" \/>\u2022 Input impedance: 50 \u03a9;<br data-start=\"2375\" data-end=\"2378\" \/>\u2022 Connector: IPEX-1;<br data-start=\"2397\" data-end=\"2400\" \/>\u2022 Dimensions: R15 \u00d7 45 mm (without cable);<br data-start=\"2436\" data-end=\"2439\" \/>\u2022 Weight: 2 g.<\/p>\n<p><strong>Package:<\/strong><\/p>\n<p data-start=\"151\" data-end=\"190\">1x Walksnail Moonlight set;<br \/>\n8x M2 \u00d7 4 mm round head screws;<br \/>\n4x M2 \u00d7 5 mm round head screws;<br \/>\n4x M2 \u00d7 6 mm round head screws;<br \/>\n1x Double head 0.8mm \u00d7 6 PIN (4 wires);<br \/>\n1x 4 PIN silicone cable;<br \/>\n1x User manual.<\/p>\n<p data-start=\"198\" data-end=\"232\"><img loading=\"lazy\" decoding=\"async\" class=\"alignnone wp-image-15396\" src=\"https:\/\/1dronas.lt\/wp-content\/uploads\/2026\/01\/890d4ec9e2d52117c77f8b22b701f9e1_bf9f1862-3854-4224-a342-988849831fde-1024x1024.jpg\" alt=\"\" width=\"630\" height=\"630\" srcset=\"https:\/\/1dronas.lt\/wp-content\/uploads\/2026\/01\/890d4ec9e2d52117c77f8b22b701f9e1_bf9f1862-3854-4224-a342-988849831fde-1024x1024.jpg 1024w, https:\/\/1dronas.lt\/wp-content\/uploads\/2026\/01\/890d4ec9e2d52117c77f8b22b701f9e1_bf9f1862-3854-4224-a342-988849831fde-300x300.jpg 300w, https:\/\/1dronas.lt\/wp-content\/uploads\/2026\/01\/890d4ec9e2d52117c77f8b22b701f9e1_bf9f1862-3854-4224-a342-988849831fde-150x150.jpg 150w, https:\/\/1dronas.lt\/wp-content\/uploads\/2026\/01\/890d4ec9e2d52117c77f8b22b701f9e1_bf9f1862-3854-4224-a342-988849831fde-768x768.jpg 768w, https:\/\/1dronas.lt\/wp-content\/uploads\/2026\/01\/890d4ec9e2d52117c77f8b22b701f9e1_bf9f1862-3854-4224-a342-988849831fde-1536x1536.jpg 1536w, https:\/\/1dronas.lt\/wp-content\/uploads\/2026\/01\/890d4ec9e2d52117c77f8b22b701f9e1_bf9f1862-3854-4224-a342-988849831fde-12x12.jpg 12w, https:\/\/1dronas.lt\/wp-content\/uploads\/2026\/01\/890d4ec9e2d52117c77f8b22b701f9e1_bf9f1862-3854-4224-a342-988849831fde-247x247.jpg 247w, https:\/\/1dronas.lt\/wp-content\/uploads\/2026\/01\/890d4ec9e2d52117c77f8b22b701f9e1_bf9f1862-3854-4224-a342-988849831fde-510x510.jpg 510w, https:\/\/1dronas.lt\/wp-content\/uploads\/2026\/01\/890d4ec9e2d52117c77f8b22b701f9e1_bf9f1862-3854-4224-a342-988849831fde-100x100.jpg 100w, https:\/\/1dronas.lt\/wp-content\/uploads\/2026\/01\/890d4ec9e2d52117c77f8b22b701f9e1_bf9f1862-3854-4224-a342-988849831fde.jpg 1800w\" sizes=\"auto, (max-width: 630px) 100vw, 630px\" \/><\/p>","protected":false},"excerpt":{"rendered":"<p><span style=\"color: #000000;\">The Moonlight camera ensures bright and stable 4K images even in low light, has EIS stabilization, an ND8 filter, and dual antennas that guarantee a strong signal and seamless integration with the Walksnail Avatar HD glasses.<\/span><\/p>\n<p><span style=\"color: #000000; font-size: 90%;\"><img loading=\"lazy\" decoding=\"async\" class=\"alignnone wp-image-1806\" src=\"https:\/\/1dronas.lt\/wp-content\/uploads\/2021\/05\/delivery-icon.png\" alt=\"\" width=\"24\" height=\"24\" srcset=\"https:\/\/1dronas.lt\/wp-content\/uploads\/2021\/05\/delivery-icon.png 35w, https:\/\/1dronas.lt\/wp-content\/uploads\/2021\/05\/delivery-icon-12x12.png 12w\" sizes=\"auto, (max-width: 24px) 100vw, 24px\" \/><strong>\u00a0 1 \u2013 2 days<\/strong><\/span><\/p>","protected":false},"featured_media":15399,"comment_status":"open","ping_status":"closed","template":"","meta":[],"product_brand":[1151],"product_cat":[218],"product_tag":[1119,1113,1121,1120,1118,1117],"class_list":{"0":"post-15387","1":"product","2":"type-product","3":"status-publish","4":"has-post-thumbnail","6":"product_brand-walksnail","7":"product_cat-vaizdo-siustuvai-vtx","8":"product_tag-4k","9":"product_tag-caddxfpv","10":"product_tag-eis","11":"product_tag-gyroflow","12":"product_tag-moonlight","13":"product_tag-walksnail","15":"first","16":"instock","17":"taxable","18":"shipping-taxable","19":"purchasable","20":"product-type-simple"},"yoast_head":"<!-- This site is optimized with the Yoast SEO plugin v27.4 - https:\/\/yoast.com\/product\/yoast-seo-wordpress\/ -->\n<title>Walksnail Moonlight Kit - 1dronas.lt<\/title>\n<meta name=\"robots\" content=\"index, follow, max-snippet:-1, max-image-preview:large, max-video-preview:-1\" \/>\n<link rel=\"canonical\" href=\"https:\/\/1dronas.lt\/en\/produktas\/caddxfpv-walksnail-moonlight-kit-only\/\" \/>\n<meta property=\"og:locale\" content=\"en_US\" \/>\n<meta property=\"og:type\" content=\"article\" \/>\n<meta property=\"og:title\" content=\"Walksnail Moonlight Kit - 1dronas.lt\" \/>\n<meta property=\"og:description\" content=\"Moonlight kamera u\u017etikrina ry\u0161k\u0173 ir stabil\u0173 4K vaizd\u0105 net esant silpnam ap\u0161vietimui, turi EIS stabilizacij\u0105, ND8 filtr\u0105 ir dual antenas, garantuojan\u010dias tvirt\u0105 signal\u0105 bei skland\u017ei\u0105 integracij\u0105 su Walksnail Avatar HD akiniais.  \u00a0 1 \u2013 2 d. d.\" \/>\n<meta property=\"og:url\" content=\"https:\/\/1dronas.lt\/en\/produktas\/caddxfpv-walksnail-moonlight-kit-only\/\" \/>\n<meta property=\"og:site_name\" content=\"1dronas.lt\" \/>\n<meta property=\"article:publisher\" content=\"https:\/\/www.facebook.com\/1dronas\/\" \/>\n<meta property=\"article:modified_time\" content=\"2026-01-30T10:27:01+00:00\" \/>\n<meta property=\"og:image\" content=\"https:\/\/1dronas.lt\/wp-content\/uploads\/2026\/01\/Moonlight-Kit-1.jpg\" \/>\n\t<meta property=\"og:image:width\" content=\"1600\" \/>\n\t<meta property=\"og:image:height\" content=\"1600\" \/>\n\t<meta property=\"og:image:type\" content=\"image\/jpeg\" \/>\n<meta name=\"twitter:card\" content=\"summary_large_image\" \/>\n<meta name=\"twitter:label1\" content=\"Est. reading time\" \/>\n\t<meta name=\"twitter:data1\" content=\"5 minutes\" \/>\n<script type=\"application\/ld+json\" class=\"yoast-schema-graph\">{\"@context\":\"https:\\\/\\\/schema.org\",\"@graph\":[{\"@type\":\"WebPage\",\"@id\":\"https:\\\/\\\/1dronas.lt\\\/en\\\/produktas\\\/caddxfpv-walksnail-moonlight-kit-only\\\/\",\"url\":\"https:\\\/\\\/1dronas.lt\\\/en\\\/produktas\\\/caddxfpv-walksnail-moonlight-kit-only\\\/\",\"name\":\"Walksnail Moonlight Kit - 1dronas.lt\",\"isPartOf\":{\"@id\":\"https:\\\/\\\/1dronas.lt\\\/en\\\/#website\"},\"primaryImageOfPage\":{\"@id\":\"https:\\\/\\\/1dronas.lt\\\/en\\\/produktas\\\/caddxfpv-walksnail-moonlight-kit-only\\\/#primaryimage\"},\"image\":{\"@id\":\"https:\\\/\\\/1dronas.lt\\\/en\\\/produktas\\\/caddxfpv-walksnail-moonlight-kit-only\\\/#primaryimage\"},\"thumbnailUrl\":\"https:\\\/\\\/1dronas.lt\\\/wp-content\\\/uploads\\\/2026\\\/01\\\/Moonlight-Kit-1.jpg\",\"datePublished\":\"2026-01-15T17:37:17+00:00\",\"dateModified\":\"2026-01-30T10:27:01+00:00\",\"breadcrumb\":{\"@id\":\"https:\\\/\\\/1dronas.lt\\\/en\\\/produktas\\\/caddxfpv-walksnail-moonlight-kit-only\\\/#breadcrumb\"},\"inLanguage\":\"en-US\",\"potentialAction\":[{\"@type\":\"ReadAction\",\"target\":[\"https:\\\/\\\/1dronas.lt\\\/en\\\/produktas\\\/caddxfpv-walksnail-moonlight-kit-only\\\/\"]}]},{\"@type\":\"ImageObject\",\"inLanguage\":\"en-US\",\"@id\":\"https:\\\/\\\/1dronas.lt\\\/en\\\/produktas\\\/caddxfpv-walksnail-moonlight-kit-only\\\/#primaryimage\",\"url\":\"https:\\\/\\\/1dronas.lt\\\/wp-content\\\/uploads\\\/2026\\\/01\\\/Moonlight-Kit-1.jpg\",\"contentUrl\":\"https:\\\/\\\/1dronas.lt\\\/wp-content\\\/uploads\\\/2026\\\/01\\\/Moonlight-Kit-1.jpg\",\"width\":1600,\"height\":1600},{\"@type\":\"BreadcrumbList\",\"@id\":\"https:\\\/\\\/1dronas.lt\\\/en\\\/produktas\\\/caddxfpv-walksnail-moonlight-kit-only\\\/#breadcrumb\",\"itemListElement\":[{\"@type\":\"ListItem\",\"position\":1,\"name\":\"Home\",\"item\":\"https:\\\/\\\/1dronas.lt\\\/\"},{\"@type\":\"ListItem\",\"position\":2,\"name\":\"Parduotuv\u0117\",\"item\":\"https:\\\/\\\/1dronas.lt\\\/parduotuve\\\/\"},{\"@type\":\"ListItem\",\"position\":3,\"name\":\"Walksnail Moonlight Kit\"}]},{\"@type\":\"WebSite\",\"@id\":\"https:\\\/\\\/1dronas.lt\\\/en\\\/#website\",\"url\":\"https:\\\/\\\/1dronas.lt\\\/en\\\/\",\"name\":\"1dronas.lt\",\"description\":\"Internetin\u0117 parduotuv\u0117\",\"publisher\":{\"@id\":\"https:\\\/\\\/1dronas.lt\\\/en\\\/#organization\"},\"potentialAction\":[{\"@type\":\"SearchAction\",\"target\":{\"@type\":\"EntryPoint\",\"urlTemplate\":\"https:\\\/\\\/1dronas.lt\\\/en\\\/?s={search_term_string}\"},\"query-input\":{\"@type\":\"PropertyValueSpecification\",\"valueRequired\":true,\"valueName\":\"search_term_string\"}}],\"inLanguage\":\"en-US\"},{\"@type\":\"Organization\",\"@id\":\"https:\\\/\\\/1dronas.lt\\\/en\\\/#organization\",\"name\":\"1dronas.lt\",\"url\":\"https:\\\/\\\/1dronas.lt\\\/en\\\/\",\"logo\":{\"@type\":\"ImageObject\",\"inLanguage\":\"en-US\",\"@id\":\"https:\\\/\\\/1dronas.lt\\\/en\\\/#\\\/schema\\\/logo\\\/image\\\/\",\"url\":\"https:\\\/\\\/1dronas.lt\\\/wp-content\\\/uploads\\\/2020\\\/12\\\/Ekrano_kopija__2_-removebg-preview-1-1.png\",\"contentUrl\":\"https:\\\/\\\/1dronas.lt\\\/wp-content\\\/uploads\\\/2020\\\/12\\\/Ekrano_kopija__2_-removebg-preview-1-1.png\",\"width\":234,\"height\":81,\"caption\":\"1dronas.lt\"},\"image\":{\"@id\":\"https:\\\/\\\/1dronas.lt\\\/en\\\/#\\\/schema\\\/logo\\\/image\\\/\"},\"sameAs\":[\"https:\\\/\\\/www.facebook.com\\\/1dronas\\\/\"]}]}<\/script>\n<!-- \/ Yoast SEO plugin. -->","yoast_head_json":{"title":"Walksnail Moonlight Kit - 1dronas.lt","robots":{"index":"index","follow":"follow","max-snippet":"max-snippet:-1","max-image-preview":"max-image-preview:large","max-video-preview":"max-video-preview:-1"},"canonical":"https:\/\/1dronas.lt\/en\/produktas\/caddxfpv-walksnail-moonlight-kit-only\/","og_locale":"en_US","og_type":"article","og_title":"Walksnail Moonlight Kit - 1dronas.lt","og_description":"Moonlight kamera u\u017etikrina ry\u0161k\u0173 ir stabil\u0173 4K vaizd\u0105 net esant silpnam ap\u0161vietimui, turi EIS stabilizacij\u0105, ND8 filtr\u0105 ir dual antenas, garantuojan\u010dias tvirt\u0105 signal\u0105 bei skland\u017ei\u0105 integracij\u0105 su Walksnail Avatar HD akiniais.  \u00a0 1 \u2013 2 d. d.","og_url":"https:\/\/1dronas.lt\/en\/produktas\/caddxfpv-walksnail-moonlight-kit-only\/","og_site_name":"1dronas.lt","article_publisher":"https:\/\/www.facebook.com\/1dronas\/","article_modified_time":"2026-01-30T10:27:01+00:00","og_image":[{"width":1600,"height":1600,"url":"https:\/\/1dronas.lt\/wp-content\/uploads\/2026\/01\/Moonlight-Kit-1.jpg","type":"image\/jpeg"}],"twitter_card":"summary_large_image","twitter_misc":{"Est. reading time":"5 minutes"},"schema":{"@context":"https:\/\/schema.org","@graph":[{"@type":"WebPage","@id":"https:\/\/1dronas.lt\/en\/produktas\/caddxfpv-walksnail-moonlight-kit-only\/","url":"https:\/\/1dronas.lt\/en\/produktas\/caddxfpv-walksnail-moonlight-kit-only\/","name":"Walksnail Moonlight Kit - 1dronas.lt","isPartOf":{"@id":"https:\/\/1dronas.lt\/en\/#website"},"primaryImageOfPage":{"@id":"https:\/\/1dronas.lt\/en\/produktas\/caddxfpv-walksnail-moonlight-kit-only\/#primaryimage"},"image":{"@id":"https:\/\/1dronas.lt\/en\/produktas\/caddxfpv-walksnail-moonlight-kit-only\/#primaryimage"},"thumbnailUrl":"https:\/\/1dronas.lt\/wp-content\/uploads\/2026\/01\/Moonlight-Kit-1.jpg","datePublished":"2026-01-15T17:37:17+00:00","dateModified":"2026-01-30T10:27:01+00:00","breadcrumb":{"@id":"https:\/\/1dronas.lt\/en\/produktas\/caddxfpv-walksnail-moonlight-kit-only\/#breadcrumb"},"inLanguage":"en-US","potentialAction":[{"@type":"ReadAction","target":["https:\/\/1dronas.lt\/en\/produktas\/caddxfpv-walksnail-moonlight-kit-only\/"]}]},{"@type":"ImageObject","inLanguage":"en-US","@id":"https:\/\/1dronas.lt\/en\/produktas\/caddxfpv-walksnail-moonlight-kit-only\/#primaryimage","url":"https:\/\/1dronas.lt\/wp-content\/uploads\/2026\/01\/Moonlight-Kit-1.jpg","contentUrl":"https:\/\/1dronas.lt\/wp-content\/uploads\/2026\/01\/Moonlight-Kit-1.jpg","width":1600,"height":1600},{"@type":"BreadcrumbList","@id":"https:\/\/1dronas.lt\/en\/produktas\/caddxfpv-walksnail-moonlight-kit-only\/#breadcrumb","itemListElement":[{"@type":"ListItem","position":1,"name":"Home","item":"https:\/\/1dronas.lt\/"},{"@type":"ListItem","position":2,"name":"Parduotuv\u0117","item":"https:\/\/1dronas.lt\/parduotuve\/"},{"@type":"ListItem","position":3,"name":"Walksnail Moonlight Kit"}]},{"@type":"WebSite","@id":"https:\/\/1dronas.lt\/en\/#website","url":"https:\/\/1dronas.lt\/en\/","name":"1dronas.lt","description":"Online store","publisher":{"@id":"https:\/\/1dronas.lt\/en\/#organization"},"potentialAction":[{"@type":"SearchAction","target":{"@type":"EntryPoint","urlTemplate":"https:\/\/1dronas.lt\/en\/?s={search_term_string}"},"query-input":{"@type":"PropertyValueSpecification","valueRequired":true,"valueName":"search_term_string"}}],"inLanguage":"en-US"},{"@type":"Organization","@id":"https:\/\/1dronas.lt\/en\/#organization","name":"1dronas.lt","url":"https:\/\/1dronas.lt\/en\/","logo":{"@type":"ImageObject","inLanguage":"en-US","@id":"https:\/\/1dronas.lt\/en\/#\/schema\/logo\/image\/","url":"https:\/\/1dronas.lt\/wp-content\/uploads\/2020\/12\/Ekrano_kopija__2_-removebg-preview-1-1.png","contentUrl":"https:\/\/1dronas.lt\/wp-content\/uploads\/2020\/12\/Ekrano_kopija__2_-removebg-preview-1-1.png","width":234,"height":81,"caption":"1dronas.lt"},"image":{"@id":"https:\/\/1dronas.lt\/en\/#\/schema\/logo\/image\/"},"sameAs":["https:\/\/www.facebook.com\/1dronas\/"]}]}},"jetpack_sharing_enabled":true,"_links":{"self":[{"href":"https:\/\/1dronas.lt\/en\/wp-json\/wp\/v2\/product\/15387","targetHints":{"allow":["GET"]}}],"collection":[{"href":"https:\/\/1dronas.lt\/en\/wp-json\/wp\/v2\/product"}],"about":[{"href":"https:\/\/1dronas.lt\/en\/wp-json\/wp\/v2\/types\/product"}],"replies":[{"embeddable":true,"href":"https:\/\/1dronas.lt\/en\/wp-json\/wp\/v2\/comments?post=15387"}],"wp:featuredmedia":[{"embeddable":true,"href":"https:\/\/1dronas.lt\/en\/wp-json\/wp\/v2\/media\/15399"}],"wp:attachment":[{"href":"https:\/\/1dronas.lt\/en\/wp-json\/wp\/v2\/media?parent=15387"}],"wp:term":[{"taxonomy":"product_brand","embeddable":true,"href":"https:\/\/1dronas.lt\/en\/wp-json\/wp\/v2\/product_brand?post=15387"},{"taxonomy":"product_cat","embeddable":true,"href":"https:\/\/1dronas.lt\/en\/wp-json\/wp\/v2\/product_cat?post=15387"},{"taxonomy":"product_tag","embeddable":true,"href":"https:\/\/1dronas.lt\/en\/wp-json\/wp\/v2\/product_tag?post=15387"}],"curies":[{"name":"wp","href":"https:\/\/api.w.org\/{rel}","templated":true}]}}