{"id":15311,"date":"2026-01-13T23:11:40","date_gmt":"2026-01-13T21:11:40","guid":{"rendered":"https:\/\/1dronas.lt\/?post_type=product&#038;p=15311"},"modified":"2026-04-29T17:20:26","modified_gmt":"2026-04-29T14:20:26","slug":"runcam-nusileidimo-kilimelis","status":"publish","type":"product","link":"https:\/\/1dronas.lt\/en\/produktas\/runcam-nusileidimo-kilimelis\/","title":{"rendered":"RunCam landing pad"},"content":{"rendered":"<p><img loading=\"lazy\" decoding=\"async\" class=\"alignnone wp-image-15314\" src=\"https:\/\/1dronas.lt\/wp-content\/uploads\/2026\/01\/RC-PAD-5.jpg\" alt=\"\" width=\"535\" height=\"535\" srcset=\"https:\/\/1dronas.lt\/wp-content\/uploads\/2026\/01\/RC-PAD-5.jpg 700w, https:\/\/1dronas.lt\/wp-content\/uploads\/2026\/01\/RC-PAD-5-300x300.jpg 300w, https:\/\/1dronas.lt\/wp-content\/uploads\/2026\/01\/RC-PAD-5-150x150.jpg 150w, https:\/\/1dronas.lt\/wp-content\/uploads\/2026\/01\/RC-PAD-5-12x12.jpg 12w, https:\/\/1dronas.lt\/wp-content\/uploads\/2026\/01\/RC-PAD-5-247x247.jpg 247w, https:\/\/1dronas.lt\/wp-content\/uploads\/2026\/01\/RC-PAD-5-510x510.jpg 510w, https:\/\/1dronas.lt\/wp-content\/uploads\/2026\/01\/RC-PAD-5-100x100.jpg 100w\" sizes=\"auto, (max-width: 535px) 100vw, 535px\" \/><\/p>\n<p>This is a special mat designed for drone takeoff and landing. It helps protect the drone&#039;s cameras, motors, and other sensitive components from dust, sand, dirt, and small stones. The mat is made of durable, easy-to-clean material, and its non-slip base ensures stability even on uneven terrain.<\/p>\n<p><strong>Specification:<\/strong><\/p>\n<p>\u2022 Size: 400 \u00d7 450 \u00d7 4 mm;<br data-start=\"154\" data-end=\"157\" \/>\u2022 Weight: about 430 g.<\/p>\n<p><img loading=\"lazy\" decoding=\"async\" class=\"alignnone wp-image-15313 size-full\" src=\"https:\/\/1dronas.lt\/wp-content\/uploads\/2026\/01\/RC-PAD-4.jpg\" alt=\"\" width=\"700\" height=\"627\" srcset=\"https:\/\/1dronas.lt\/wp-content\/uploads\/2026\/01\/RC-PAD-4.jpg 700w, https:\/\/1dronas.lt\/wp-content\/uploads\/2026\/01\/RC-PAD-4-300x269.jpg 300w, https:\/\/1dronas.lt\/wp-content\/uploads\/2026\/01\/RC-PAD-4-13x12.jpg 13w, https:\/\/1dronas.lt\/wp-content\/uploads\/2026\/01\/RC-PAD-4-510x457.jpg 510w\" sizes=\"auto, (max-width: 700px) 100vw, 700px\" \/><\/p>\n<p><strong>Package:<\/strong><\/p>\n<p>1x RunCam landing pad.<\/p>","protected":false},"excerpt":{"rendered":"<p><span style=\"color: #000000;\">The mat is made of durable, easy-to-clean material, and its non-slip base ensures stability even on uneven terrain.<\/span><\/p>\n<p><span style=\"color: #000000;\"><img loading=\"lazy\" decoding=\"async\" class=\"alignnone wp-image-1806\" src=\"https:\/\/1dronas.lt\/wp-content\/uploads\/2021\/05\/delivery-icon.png\" alt=\"\" width=\"24\" height=\"24\" srcset=\"https:\/\/1dronas.lt\/wp-content\/uploads\/2021\/05\/delivery-icon.png 35w, https:\/\/1dronas.lt\/wp-content\/uploads\/2021\/05\/delivery-icon-12x12.png 12w\" sizes=\"auto, (max-width: 24px) 100vw, 24px\" \/><strong>\u00a01 \u2013 2 days<\/strong><\/span><\/p>","protected":false},"featured_media":15315,"comment_status":"open","ping_status":"closed","template":"","meta":[],"product_brand":[499],"product_cat":[21],"product_tag":[632],"class_list":{"0":"post-15311","1":"product","2":"type-product","3":"status-publish","4":"has-post-thumbnail","6":"product_brand-runcam","7":"product_cat-aksesuarai","8":"product_tag-runcam","10":"first","11":"instock","12":"taxable","13":"shipping-taxable","14":"purchasable","15":"product-type-simple"},"yoast_head":"<!-- This site is optimized with the Yoast SEO plugin v27.5 - https:\/\/yoast.com\/product\/yoast-seo-wordpress\/ -->\n<title>RunCam nusileidimo kilim\u0117lis - 1dronas.lt<\/title>\n<meta name=\"robots\" content=\"index, follow, max-snippet:-1, max-image-preview:large, max-video-preview:-1\" \/>\n<link rel=\"canonical\" href=\"https:\/\/1dronas.lt\/en\/produktas\/runcam-nusileidimo-kilimelis\/\" \/>\n<meta property=\"og:locale\" content=\"en_US\" \/>\n<meta property=\"og:type\" content=\"article\" \/>\n<meta property=\"og:title\" content=\"RunCam nusileidimo kilim\u0117lis - 1dronas.lt\" \/>\n<meta property=\"og:description\" content=\"Kilim\u0117lis pagamintas i\u0161 patvarios, lengvai valomos med\u017eiagos, o jo neslystantis pagrindas u\u017etikrina stabilum\u0105 net ir nelygioje vietov\u0117je.  \u00a01 \u2013 2 d. d.\" \/>\n<meta property=\"og:url\" content=\"https:\/\/1dronas.lt\/en\/produktas\/runcam-nusileidimo-kilimelis\/\" \/>\n<meta property=\"og:site_name\" content=\"1dronas.lt\" \/>\n<meta property=\"article:publisher\" content=\"https:\/\/www.facebook.com\/1dronas\/\" \/>\n<meta property=\"article:modified_time\" content=\"2026-04-29T14:20:26+00:00\" \/>\n<meta property=\"og:image\" content=\"https:\/\/1dronas.lt\/wp-content\/uploads\/2026\/01\/RC-PAD-1__65197.jpg\" \/>\n\t<meta property=\"og:image:width\" content=\"700\" \/>\n\t<meta property=\"og:image:height\" content=\"700\" \/>\n\t<meta property=\"og:image:type\" content=\"image\/jpeg\" \/>\n<meta name=\"twitter:card\" content=\"summary_large_image\" \/>\n<meta name=\"twitter:label1\" content=\"Est. reading time\" \/>\n\t<meta name=\"twitter:data1\" content=\"1 minute\" \/>\n<script type=\"application\/ld+json\" class=\"yoast-schema-graph\">{\"@context\":\"https:\\\/\\\/schema.org\",\"@graph\":[{\"@type\":\"WebPage\",\"@id\":\"https:\\\/\\\/1dronas.lt\\\/en\\\/produktas\\\/runcam-nusileidimo-kilimelis\\\/\",\"url\":\"https:\\\/\\\/1dronas.lt\\\/en\\\/produktas\\\/runcam-nusileidimo-kilimelis\\\/\",\"name\":\"RunCam nusileidimo kilim\u0117lis - 1dronas.lt\",\"isPartOf\":{\"@id\":\"https:\\\/\\\/1dronas.lt\\\/en\\\/#website\"},\"primaryImageOfPage\":{\"@id\":\"https:\\\/\\\/1dronas.lt\\\/en\\\/produktas\\\/runcam-nusileidimo-kilimelis\\\/#primaryimage\"},\"image\":{\"@id\":\"https:\\\/\\\/1dronas.lt\\\/en\\\/produktas\\\/runcam-nusileidimo-kilimelis\\\/#primaryimage\"},\"thumbnailUrl\":\"https:\\\/\\\/1dronas.lt\\\/wp-content\\\/uploads\\\/2026\\\/01\\\/RC-PAD-1__65197.jpg\",\"datePublished\":\"2026-01-13T21:11:40+00:00\",\"dateModified\":\"2026-04-29T14:20:26+00:00\",\"breadcrumb\":{\"@id\":\"https:\\\/\\\/1dronas.lt\\\/en\\\/produktas\\\/runcam-nusileidimo-kilimelis\\\/#breadcrumb\"},\"inLanguage\":\"en-US\",\"potentialAction\":[{\"@type\":\"ReadAction\",\"target\":[\"https:\\\/\\\/1dronas.lt\\\/en\\\/produktas\\\/runcam-nusileidimo-kilimelis\\\/\"]}]},{\"@type\":\"ImageObject\",\"inLanguage\":\"en-US\",\"@id\":\"https:\\\/\\\/1dronas.lt\\\/en\\\/produktas\\\/runcam-nusileidimo-kilimelis\\\/#primaryimage\",\"url\":\"https:\\\/\\\/1dronas.lt\\\/wp-content\\\/uploads\\\/2026\\\/01\\\/RC-PAD-1__65197.jpg\",\"contentUrl\":\"https:\\\/\\\/1dronas.lt\\\/wp-content\\\/uploads\\\/2026\\\/01\\\/RC-PAD-1__65197.jpg\",\"width\":700,\"height\":700},{\"@type\":\"BreadcrumbList\",\"@id\":\"https:\\\/\\\/1dronas.lt\\\/en\\\/produktas\\\/runcam-nusileidimo-kilimelis\\\/#breadcrumb\",\"itemListElement\":[{\"@type\":\"ListItem\",\"position\":1,\"name\":\"Home\",\"item\":\"https:\\\/\\\/1dronas.lt\\\/\"},{\"@type\":\"ListItem\",\"position\":2,\"name\":\"Parduotuv\u0117\",\"item\":\"https:\\\/\\\/1dronas.lt\\\/parduotuve\\\/\"},{\"@type\":\"ListItem\",\"position\":3,\"name\":\"RunCam nusileidimo kilim\u0117lis\"}]},{\"@type\":\"WebSite\",\"@id\":\"https:\\\/\\\/1dronas.lt\\\/en\\\/#website\",\"url\":\"https:\\\/\\\/1dronas.lt\\\/en\\\/\",\"name\":\"1dronas.lt\",\"description\":\"Internetin\u0117 parduotuv\u0117\",\"publisher\":{\"@id\":\"https:\\\/\\\/1dronas.lt\\\/en\\\/#organization\"},\"potentialAction\":[{\"@type\":\"SearchAction\",\"target\":{\"@type\":\"EntryPoint\",\"urlTemplate\":\"https:\\\/\\\/1dronas.lt\\\/en\\\/?s={search_term_string}\"},\"query-input\":{\"@type\":\"PropertyValueSpecification\",\"valueRequired\":true,\"valueName\":\"search_term_string\"}}],\"inLanguage\":\"en-US\"},{\"@type\":\"Organization\",\"@id\":\"https:\\\/\\\/1dronas.lt\\\/en\\\/#organization\",\"name\":\"1dronas.lt\",\"url\":\"https:\\\/\\\/1dronas.lt\\\/en\\\/\",\"logo\":{\"@type\":\"ImageObject\",\"inLanguage\":\"en-US\",\"@id\":\"https:\\\/\\\/1dronas.lt\\\/en\\\/#\\\/schema\\\/logo\\\/image\\\/\",\"url\":\"https:\\\/\\\/1dronas.lt\\\/wp-content\\\/uploads\\\/2020\\\/12\\\/Ekrano_kopija__2_-removebg-preview-1-1.png\",\"contentUrl\":\"https:\\\/\\\/1dronas.lt\\\/wp-content\\\/uploads\\\/2020\\\/12\\\/Ekrano_kopija__2_-removebg-preview-1-1.png\",\"width\":234,\"height\":81,\"caption\":\"1dronas.lt\"},\"image\":{\"@id\":\"https:\\\/\\\/1dronas.lt\\\/en\\\/#\\\/schema\\\/logo\\\/image\\\/\"},\"sameAs\":[\"https:\\\/\\\/www.facebook.com\\\/1dronas\\\/\"]}]}<\/script>\n<!-- \/ Yoast SEO plugin. -->","yoast_head_json":{"title":"RunCam nusileidimo kilim\u0117lis - 1dronas.lt","robots":{"index":"index","follow":"follow","max-snippet":"max-snippet:-1","max-image-preview":"max-image-preview:large","max-video-preview":"max-video-preview:-1"},"canonical":"https:\/\/1dronas.lt\/en\/produktas\/runcam-nusileidimo-kilimelis\/","og_locale":"en_US","og_type":"article","og_title":"RunCam nusileidimo kilim\u0117lis - 1dronas.lt","og_description":"Kilim\u0117lis pagamintas i\u0161 patvarios, lengvai valomos med\u017eiagos, o jo neslystantis pagrindas u\u017etikrina stabilum\u0105 net ir nelygioje vietov\u0117je.  \u00a01 \u2013 2 d. d.","og_url":"https:\/\/1dronas.lt\/en\/produktas\/runcam-nusileidimo-kilimelis\/","og_site_name":"1dronas.lt","article_publisher":"https:\/\/www.facebook.com\/1dronas\/","article_modified_time":"2026-04-29T14:20:26+00:00","og_image":[{"width":700,"height":700,"url":"https:\/\/1dronas.lt\/wp-content\/uploads\/2026\/01\/RC-PAD-1__65197.jpg","type":"image\/jpeg"}],"twitter_card":"summary_large_image","twitter_misc":{"Est. reading time":"1 minute"},"schema":{"@context":"https:\/\/schema.org","@graph":[{"@type":"WebPage","@id":"https:\/\/1dronas.lt\/en\/produktas\/runcam-nusileidimo-kilimelis\/","url":"https:\/\/1dronas.lt\/en\/produktas\/runcam-nusileidimo-kilimelis\/","name":"RunCam nusileidimo kilim\u0117lis - 1dronas.lt","isPartOf":{"@id":"https:\/\/1dronas.lt\/en\/#website"},"primaryImageOfPage":{"@id":"https:\/\/1dronas.lt\/en\/produktas\/runcam-nusileidimo-kilimelis\/#primaryimage"},"image":{"@id":"https:\/\/1dronas.lt\/en\/produktas\/runcam-nusileidimo-kilimelis\/#primaryimage"},"thumbnailUrl":"https:\/\/1dronas.lt\/wp-content\/uploads\/2026\/01\/RC-PAD-1__65197.jpg","datePublished":"2026-01-13T21:11:40+00:00","dateModified":"2026-04-29T14:20:26+00:00","breadcrumb":{"@id":"https:\/\/1dronas.lt\/en\/produktas\/runcam-nusileidimo-kilimelis\/#breadcrumb"},"inLanguage":"en-US","potentialAction":[{"@type":"ReadAction","target":["https:\/\/1dronas.lt\/en\/produktas\/runcam-nusileidimo-kilimelis\/"]}]},{"@type":"ImageObject","inLanguage":"en-US","@id":"https:\/\/1dronas.lt\/en\/produktas\/runcam-nusileidimo-kilimelis\/#primaryimage","url":"https:\/\/1dronas.lt\/wp-content\/uploads\/2026\/01\/RC-PAD-1__65197.jpg","contentUrl":"https:\/\/1dronas.lt\/wp-content\/uploads\/2026\/01\/RC-PAD-1__65197.jpg","width":700,"height":700},{"@type":"BreadcrumbList","@id":"https:\/\/1dronas.lt\/en\/produktas\/runcam-nusileidimo-kilimelis\/#breadcrumb","itemListElement":[{"@type":"ListItem","position":1,"name":"Home","item":"https:\/\/1dronas.lt\/"},{"@type":"ListItem","position":2,"name":"Parduotuv\u0117","item":"https:\/\/1dronas.lt\/parduotuve\/"},{"@type":"ListItem","position":3,"name":"RunCam nusileidimo kilim\u0117lis"}]},{"@type":"WebSite","@id":"https:\/\/1dronas.lt\/en\/#website","url":"https:\/\/1dronas.lt\/en\/","name":"1dronas.lt","description":"Online store","publisher":{"@id":"https:\/\/1dronas.lt\/en\/#organization"},"potentialAction":[{"@type":"SearchAction","target":{"@type":"EntryPoint","urlTemplate":"https:\/\/1dronas.lt\/en\/?s={search_term_string}"},"query-input":{"@type":"PropertyValueSpecification","valueRequired":true,"valueName":"search_term_string"}}],"inLanguage":"en-US"},{"@type":"Organization","@id":"https:\/\/1dronas.lt\/en\/#organization","name":"1dronas.lt","url":"https:\/\/1dronas.lt\/en\/","logo":{"@type":"ImageObject","inLanguage":"en-US","@id":"https:\/\/1dronas.lt\/en\/#\/schema\/logo\/image\/","url":"https:\/\/1dronas.lt\/wp-content\/uploads\/2020\/12\/Ekrano_kopija__2_-removebg-preview-1-1.png","contentUrl":"https:\/\/1dronas.lt\/wp-content\/uploads\/2020\/12\/Ekrano_kopija__2_-removebg-preview-1-1.png","width":234,"height":81,"caption":"1dronas.lt"},"image":{"@id":"https:\/\/1dronas.lt\/en\/#\/schema\/logo\/image\/"},"sameAs":["https:\/\/www.facebook.com\/1dronas\/"]}]}},"jetpack_sharing_enabled":true,"_links":{"self":[{"href":"https:\/\/1dronas.lt\/en\/wp-json\/wp\/v2\/product\/15311","targetHints":{"allow":["GET"]}}],"collection":[{"href":"https:\/\/1dronas.lt\/en\/wp-json\/wp\/v2\/product"}],"about":[{"href":"https:\/\/1dronas.lt\/en\/wp-json\/wp\/v2\/types\/product"}],"replies":[{"embeddable":true,"href":"https:\/\/1dronas.lt\/en\/wp-json\/wp\/v2\/comments?post=15311"}],"wp:featuredmedia":[{"embeddable":true,"href":"https:\/\/1dronas.lt\/en\/wp-json\/wp\/v2\/media\/15315"}],"wp:attachment":[{"href":"https:\/\/1dronas.lt\/en\/wp-json\/wp\/v2\/media?parent=15311"}],"wp:term":[{"taxonomy":"product_brand","embeddable":true,"href":"https:\/\/1dronas.lt\/en\/wp-json\/wp\/v2\/product_brand?post=15311"},{"taxonomy":"product_cat","embeddable":true,"href":"https:\/\/1dronas.lt\/en\/wp-json\/wp\/v2\/product_cat?post=15311"},{"taxonomy":"product_tag","embeddable":true,"href":"https:\/\/1dronas.lt\/en\/wp-json\/wp\/v2\/product_tag?post=15311"}],"curies":[{"name":"wp","href":"https:\/\/api.w.org\/{rel}","templated":true}]}}