{"id":15292,"date":"2026-01-13T00:14:12","date_gmt":"2026-01-12T22:14:12","guid":{"rendered":"https:\/\/1dronas.lt\/?post_type=product&#038;p=15292"},"modified":"2026-03-30T18:23:23","modified_gmt":"2026-03-30T15:23:23","slug":"runcam-nano-2-kamera","status":"publish","type":"product","link":"https:\/\/1dronas.lt\/en\/produktas\/runcam-nano-2-kamera\/","title":{"rendered":"RunCam Nano 2 camera"},"content":{"rendered":"<p data-start=\"174\" data-end=\"439\">This compact FPV camera is designed for RC models and drones, where low weight, high image quality and a wide field of view are important. The camera has a 1\/3\u2033 CMOS image sensor and 700 TVL resolution, ensuring a clear and detailed image in real time. The lens has a wide viewing angle of 170\u00b0 (1.8 mm), allowing you to see more details of the track and better orient yourself in space.<\/p>\n<p><img loading=\"lazy\" decoding=\"async\" class=\"alignnone size-full wp-image-4893\" src=\"https:\/\/1dronas.lt\/wp-content\/uploads\/2023\/05\/NANO2-1-min.jpg\" sizes=\"auto, (max-width: 1920px) 100vw, 1920px\" srcset=\"https:\/\/1dronas.lt\/wp-content\/uploads\/2023\/05\/NANO2-1-min.jpg 1920w, https:\/\/1dronas.lt\/wp-content\/uploads\/2023\/05\/NANO2-1-min-510x202.jpg 510w, https:\/\/1dronas.lt\/wp-content\/uploads\/2023\/05\/NANO2-1-min-300x119.jpg 300w, https:\/\/1dronas.lt\/wp-content\/uploads\/2023\/05\/NANO2-1-min-1024x405.jpg 1024w, https:\/\/1dronas.lt\/wp-content\/uploads\/2023\/05\/NANO2-1-min-768x304.jpg 768w, https:\/\/1dronas.lt\/wp-content\/uploads\/2023\/05\/NANO2-1-min-1536x608.jpg 1536w, https:\/\/1dronas.lt\/wp-content\/uploads\/2023\/05\/NANO2-1-min-18x7.jpg 18w\" alt=\"\" width=\"1920\" height=\"760\" \/><\/p>\n<p><img loading=\"lazy\" decoding=\"async\" class=\"alignnone size-full wp-image-4894\" src=\"https:\/\/1dronas.lt\/wp-content\/uploads\/2023\/05\/NANO2-2-min.jpg\" sizes=\"auto, (max-width: 1920px) 100vw, 1920px\" srcset=\"https:\/\/1dronas.lt\/wp-content\/uploads\/2023\/05\/NANO2-2-min.jpg 1920w, https:\/\/1dronas.lt\/wp-content\/uploads\/2023\/05\/NANO2-2-min-510x228.jpg 510w, https:\/\/1dronas.lt\/wp-content\/uploads\/2023\/05\/NANO2-2-min-300x134.jpg 300w, https:\/\/1dronas.lt\/wp-content\/uploads\/2023\/05\/NANO2-2-min-1024x459.jpg 1024w, https:\/\/1dronas.lt\/wp-content\/uploads\/2023\/05\/NANO2-2-min-768x344.jpg 768w, https:\/\/1dronas.lt\/wp-content\/uploads\/2023\/05\/NANO2-2-min-1536x688.jpg 1536w, https:\/\/1dronas.lt\/wp-content\/uploads\/2023\/05\/NANO2-2-min-18x8.jpg 18w\" alt=\"\" width=\"1920\" height=\"860\" \/><\/p>\n<p><strong>Measurements:<\/strong><\/p>\n<p><img loading=\"lazy\" decoding=\"async\" class=\"alignnone size-full wp-image-4895\" src=\"https:\/\/1dronas.lt\/wp-content\/uploads\/2023\/05\/NANO2-3-min.jpg\" sizes=\"auto, (max-width: 960px) 100vw, 960px\" srcset=\"https:\/\/1dronas.lt\/wp-content\/uploads\/2023\/05\/NANO2-3-min.jpg 960w, https:\/\/1dronas.lt\/wp-content\/uploads\/2023\/05\/NANO2-3-min-510x159.jpg 510w, https:\/\/1dronas.lt\/wp-content\/uploads\/2023\/05\/NANO2-3-min-300x94.jpg 300w, https:\/\/1dronas.lt\/wp-content\/uploads\/2023\/05\/NANO2-3-min-768x240.jpg 768w, https:\/\/1dronas.lt\/wp-content\/uploads\/2023\/05\/NANO2-3-min-18x6.jpg 18w\" alt=\"\" width=\"960\" height=\"300\" \/><\/p>\n<p><strong>Specification:<\/strong><\/p>\n<p>\u2022 Product name: RunCam Nano 2;<br \/>\n\u2022 Image sensor: 1\/3\u2033 CMOS;<br \/>\n\u2022 Horizontal resolution: 700 TV lines (TVL);<br \/>\n\u2022 Lens: 1.8 mm (M8), FOV 170\u00b0;<br \/>\n\u2022 Video signal system: PAL\/NTSC (not switchable);<br \/>\n\u2022 Signal-to-noise ratio (S\/N): &gt; 50 dB;<br \/>\n\u2022 Electronic shutter speed: Automatic;<br \/>\n\u2022 Automatic Gain Control (AGC): Automatic;<br \/>\n\u2022 Minimum illumination: 0.01 Lux @ F1.2;<br \/>\n\u2022 Wide Dynamic Range (D-WDR): Automatic;<br \/>\n\u2022 Day\/night modes: Color image;<br \/>\n\u2022 Power supply: DC 3-5 V;<br \/>\n\u2022 Current strength:<br \/>\n110mA @ 5V;<br \/>\n120mA @ 3.3V;<br \/>\n\u2022 Housing material: ABS plastic;<br \/>\n\u2022 Net weight: 3.2 g;<br \/>\n\u2022 Dimensions: 14 mm \u00d7 14 mm \u00d7 16 mm.<\/p>\n<p><strong>Package:<\/strong><\/p>\n<p>1x RunCam Nano 2 camera;<br \/>\n1x Mounting bracket;<br data-start=\"147\" data-end=\"150\" \/>1x Mounting screws.<\/p>\n<p><img loading=\"lazy\" decoding=\"async\" class=\"alignnone wp-image-15296 size-full\" src=\"https:\/\/1dronas.lt\/wp-content\/uploads\/2026\/01\/Untitled-design-2.jpg\" alt=\"\" width=\"574\" height=\"460\" srcset=\"https:\/\/1dronas.lt\/wp-content\/uploads\/2026\/01\/Untitled-design-2.jpg 574w, https:\/\/1dronas.lt\/wp-content\/uploads\/2026\/01\/Untitled-design-2-300x240.jpg 300w, https:\/\/1dronas.lt\/wp-content\/uploads\/2026\/01\/Untitled-design-2-15x12.jpg 15w, https:\/\/1dronas.lt\/wp-content\/uploads\/2026\/01\/Untitled-design-2-510x409.jpg 510w\" sizes=\"auto, (max-width: 574px) 100vw, 574px\" \/><\/p>","protected":false},"excerpt":{"rendered":"<p><span style=\"color: #000000;\">This compact FPV camera is designed for RC models and drones, where low weight, high image quality, and a wide field of view are important.<\/span><\/p>\n<p><span style=\"color: #000000;\"><img loading=\"lazy\" decoding=\"async\" class=\"alignnone wp-image-1806\" src=\"https:\/\/1dronas.lt\/wp-content\/uploads\/2021\/05\/delivery-icon.png.webp\" alt=\"\" width=\"24\" height=\"24\" srcset=\"https:\/\/1dronas.lt\/wp-content\/uploads\/2021\/05\/delivery-icon.png 35w, https:\/\/1dronas.lt\/wp-content\/uploads\/2021\/05\/delivery-icon-12x12.png 12w\" sizes=\"auto, (max-width: 24px) 100vw, 24px\" \/> \u00a0<strong>1 \u2013 2 days<\/strong><\/span><\/p>","protected":false},"featured_media":15295,"comment_status":"open","ping_status":"closed","template":"","meta":[],"product_brand":[499],"product_cat":[191],"product_tag":[1111],"class_list":{"0":"post-15292","1":"product","2":"type-product","3":"status-publish","4":"has-post-thumbnail","6":"product_brand-runcam","7":"product_cat-kameros","8":"product_tag-runcam-nano-2","10":"first","11":"instock","12":"taxable","13":"shipping-taxable","14":"purchasable","15":"product-type-simple"},"yoast_head":"<!-- This site is optimized with the Yoast SEO plugin v27.4 - https:\/\/yoast.com\/product\/yoast-seo-wordpress\/ -->\n<title>RunCam Nano 2 kamera - 1dronas.lt<\/title>\n<meta name=\"robots\" content=\"index, follow, max-snippet:-1, max-image-preview:large, max-video-preview:-1\" \/>\n<link rel=\"canonical\" href=\"https:\/\/1dronas.lt\/en\/produktas\/runcam-nano-2-kamera\/\" \/>\n<meta property=\"og:locale\" content=\"en_US\" \/>\n<meta property=\"og:type\" content=\"article\" \/>\n<meta property=\"og:title\" content=\"RunCam Nano 2 kamera - 1dronas.lt\" \/>\n<meta property=\"og:description\" content=\"\u0160i kompakti\u0161ka FPV kamera yra skirta RC modeliams ir dronams, kur svarbus ma\u017eas svoris, auk\u0161ta vaizdo kokyb\u0117 ir platus matymo laukas.   \u00a01 \u2013 2 d. d.\" \/>\n<meta property=\"og:url\" content=\"https:\/\/1dronas.lt\/en\/produktas\/runcam-nano-2-kamera\/\" \/>\n<meta property=\"og:site_name\" content=\"1dronas.lt\" \/>\n<meta property=\"article:publisher\" content=\"https:\/\/www.facebook.com\/1dronas\/\" \/>\n<meta property=\"article:modified_time\" content=\"2026-03-30T15:23:23+00:00\" \/>\n<meta property=\"og:image\" content=\"https:\/\/1dronas.lt\/wp-content\/uploads\/2026\/01\/NKD_1724__11543.jpg\" \/>\n\t<meta property=\"og:image:width\" content=\"1000\" \/>\n\t<meta property=\"og:image:height\" content=\"1000\" \/>\n\t<meta property=\"og:image:type\" content=\"image\/jpeg\" \/>\n<meta name=\"twitter:card\" content=\"summary_large_image\" \/>\n<meta name=\"twitter:label1\" content=\"Est. reading time\" \/>\n\t<meta name=\"twitter:data1\" content=\"2 minutes\" \/>\n<script type=\"application\/ld+json\" class=\"yoast-schema-graph\">{\"@context\":\"https:\\\/\\\/schema.org\",\"@graph\":[{\"@type\":\"WebPage\",\"@id\":\"https:\\\/\\\/1dronas.lt\\\/en\\\/produktas\\\/runcam-nano-2-kamera\\\/\",\"url\":\"https:\\\/\\\/1dronas.lt\\\/en\\\/produktas\\\/runcam-nano-2-kamera\\\/\",\"name\":\"RunCam Nano 2 kamera - 1dronas.lt\",\"isPartOf\":{\"@id\":\"https:\\\/\\\/1dronas.lt\\\/en\\\/#website\"},\"primaryImageOfPage\":{\"@id\":\"https:\\\/\\\/1dronas.lt\\\/en\\\/produktas\\\/runcam-nano-2-kamera\\\/#primaryimage\"},\"image\":{\"@id\":\"https:\\\/\\\/1dronas.lt\\\/en\\\/produktas\\\/runcam-nano-2-kamera\\\/#primaryimage\"},\"thumbnailUrl\":\"https:\\\/\\\/1dronas.lt\\\/wp-content\\\/uploads\\\/2026\\\/01\\\/NKD_1724__11543.jpg\",\"datePublished\":\"2026-01-12T22:14:12+00:00\",\"dateModified\":\"2026-03-30T15:23:23+00:00\",\"breadcrumb\":{\"@id\":\"https:\\\/\\\/1dronas.lt\\\/en\\\/produktas\\\/runcam-nano-2-kamera\\\/#breadcrumb\"},\"inLanguage\":\"en-US\",\"potentialAction\":[{\"@type\":\"ReadAction\",\"target\":[\"https:\\\/\\\/1dronas.lt\\\/en\\\/produktas\\\/runcam-nano-2-kamera\\\/\"]}]},{\"@type\":\"ImageObject\",\"inLanguage\":\"en-US\",\"@id\":\"https:\\\/\\\/1dronas.lt\\\/en\\\/produktas\\\/runcam-nano-2-kamera\\\/#primaryimage\",\"url\":\"https:\\\/\\\/1dronas.lt\\\/wp-content\\\/uploads\\\/2026\\\/01\\\/NKD_1724__11543.jpg\",\"contentUrl\":\"https:\\\/\\\/1dronas.lt\\\/wp-content\\\/uploads\\\/2026\\\/01\\\/NKD_1724__11543.jpg\",\"width\":1000,\"height\":1000},{\"@type\":\"BreadcrumbList\",\"@id\":\"https:\\\/\\\/1dronas.lt\\\/en\\\/produktas\\\/runcam-nano-2-kamera\\\/#breadcrumb\",\"itemListElement\":[{\"@type\":\"ListItem\",\"position\":1,\"name\":\"Home\",\"item\":\"https:\\\/\\\/1dronas.lt\\\/\"},{\"@type\":\"ListItem\",\"position\":2,\"name\":\"Parduotuv\u0117\",\"item\":\"https:\\\/\\\/1dronas.lt\\\/parduotuve\\\/\"},{\"@type\":\"ListItem\",\"position\":3,\"name\":\"RunCam Nano 2 kamera\"}]},{\"@type\":\"WebSite\",\"@id\":\"https:\\\/\\\/1dronas.lt\\\/en\\\/#website\",\"url\":\"https:\\\/\\\/1dronas.lt\\\/en\\\/\",\"name\":\"1dronas.lt\",\"description\":\"Internetin\u0117 parduotuv\u0117\",\"publisher\":{\"@id\":\"https:\\\/\\\/1dronas.lt\\\/en\\\/#organization\"},\"potentialAction\":[{\"@type\":\"SearchAction\",\"target\":{\"@type\":\"EntryPoint\",\"urlTemplate\":\"https:\\\/\\\/1dronas.lt\\\/en\\\/?s={search_term_string}\"},\"query-input\":{\"@type\":\"PropertyValueSpecification\",\"valueRequired\":true,\"valueName\":\"search_term_string\"}}],\"inLanguage\":\"en-US\"},{\"@type\":\"Organization\",\"@id\":\"https:\\\/\\\/1dronas.lt\\\/en\\\/#organization\",\"name\":\"1dronas.lt\",\"url\":\"https:\\\/\\\/1dronas.lt\\\/en\\\/\",\"logo\":{\"@type\":\"ImageObject\",\"inLanguage\":\"en-US\",\"@id\":\"https:\\\/\\\/1dronas.lt\\\/en\\\/#\\\/schema\\\/logo\\\/image\\\/\",\"url\":\"https:\\\/\\\/1dronas.lt\\\/wp-content\\\/uploads\\\/2020\\\/12\\\/Ekrano_kopija__2_-removebg-preview-1-1.png\",\"contentUrl\":\"https:\\\/\\\/1dronas.lt\\\/wp-content\\\/uploads\\\/2020\\\/12\\\/Ekrano_kopija__2_-removebg-preview-1-1.png\",\"width\":234,\"height\":81,\"caption\":\"1dronas.lt\"},\"image\":{\"@id\":\"https:\\\/\\\/1dronas.lt\\\/en\\\/#\\\/schema\\\/logo\\\/image\\\/\"},\"sameAs\":[\"https:\\\/\\\/www.facebook.com\\\/1dronas\\\/\"]}]}<\/script>\n<!-- \/ Yoast SEO plugin. -->","yoast_head_json":{"title":"RunCam Nano 2 camera - 1dronas.lt","robots":{"index":"index","follow":"follow","max-snippet":"max-snippet:-1","max-image-preview":"max-image-preview:large","max-video-preview":"max-video-preview:-1"},"canonical":"https:\/\/1dronas.lt\/en\/produktas\/runcam-nano-2-kamera\/","og_locale":"en_US","og_type":"article","og_title":"RunCam Nano 2 kamera - 1dronas.lt","og_description":"\u0160i kompakti\u0161ka FPV kamera yra skirta RC modeliams ir dronams, kur svarbus ma\u017eas svoris, auk\u0161ta vaizdo kokyb\u0117 ir platus matymo laukas.   \u00a01 \u2013 2 d. d.","og_url":"https:\/\/1dronas.lt\/en\/produktas\/runcam-nano-2-kamera\/","og_site_name":"1dronas.lt","article_publisher":"https:\/\/www.facebook.com\/1dronas\/","article_modified_time":"2026-03-30T15:23:23+00:00","og_image":[{"width":1000,"height":1000,"url":"https:\/\/1dronas.lt\/wp-content\/uploads\/2026\/01\/NKD_1724__11543.jpg","type":"image\/jpeg"}],"twitter_card":"summary_large_image","twitter_misc":{"Est. reading time":"2 minutes"},"schema":{"@context":"https:\/\/schema.org","@graph":[{"@type":"WebPage","@id":"https:\/\/1dronas.lt\/en\/produktas\/runcam-nano-2-kamera\/","url":"https:\/\/1dronas.lt\/en\/produktas\/runcam-nano-2-kamera\/","name":"RunCam Nano 2 camera - 1dronas.lt","isPartOf":{"@id":"https:\/\/1dronas.lt\/en\/#website"},"primaryImageOfPage":{"@id":"https:\/\/1dronas.lt\/en\/produktas\/runcam-nano-2-kamera\/#primaryimage"},"image":{"@id":"https:\/\/1dronas.lt\/en\/produktas\/runcam-nano-2-kamera\/#primaryimage"},"thumbnailUrl":"https:\/\/1dronas.lt\/wp-content\/uploads\/2026\/01\/NKD_1724__11543.jpg","datePublished":"2026-01-12T22:14:12+00:00","dateModified":"2026-03-30T15:23:23+00:00","breadcrumb":{"@id":"https:\/\/1dronas.lt\/en\/produktas\/runcam-nano-2-kamera\/#breadcrumb"},"inLanguage":"en-US","potentialAction":[{"@type":"ReadAction","target":["https:\/\/1dronas.lt\/en\/produktas\/runcam-nano-2-kamera\/"]}]},{"@type":"ImageObject","inLanguage":"en-US","@id":"https:\/\/1dronas.lt\/en\/produktas\/runcam-nano-2-kamera\/#primaryimage","url":"https:\/\/1dronas.lt\/wp-content\/uploads\/2026\/01\/NKD_1724__11543.jpg","contentUrl":"https:\/\/1dronas.lt\/wp-content\/uploads\/2026\/01\/NKD_1724__11543.jpg","width":1000,"height":1000},{"@type":"BreadcrumbList","@id":"https:\/\/1dronas.lt\/en\/produktas\/runcam-nano-2-kamera\/#breadcrumb","itemListElement":[{"@type":"ListItem","position":1,"name":"Home","item":"https:\/\/1dronas.lt\/"},{"@type":"ListItem","position":2,"name":"Parduotuv\u0117","item":"https:\/\/1dronas.lt\/parduotuve\/"},{"@type":"ListItem","position":3,"name":"RunCam Nano 2 kamera"}]},{"@type":"WebSite","@id":"https:\/\/1dronas.lt\/en\/#website","url":"https:\/\/1dronas.lt\/en\/","name":"1dronas.lt","description":"Online store","publisher":{"@id":"https:\/\/1dronas.lt\/en\/#organization"},"potentialAction":[{"@type":"SearchAction","target":{"@type":"EntryPoint","urlTemplate":"https:\/\/1dronas.lt\/en\/?s={search_term_string}"},"query-input":{"@type":"PropertyValueSpecification","valueRequired":true,"valueName":"search_term_string"}}],"inLanguage":"en-US"},{"@type":"Organization","@id":"https:\/\/1dronas.lt\/en\/#organization","name":"1dronas.lt","url":"https:\/\/1dronas.lt\/en\/","logo":{"@type":"ImageObject","inLanguage":"en-US","@id":"https:\/\/1dronas.lt\/en\/#\/schema\/logo\/image\/","url":"https:\/\/1dronas.lt\/wp-content\/uploads\/2020\/12\/Ekrano_kopija__2_-removebg-preview-1-1.png","contentUrl":"https:\/\/1dronas.lt\/wp-content\/uploads\/2020\/12\/Ekrano_kopija__2_-removebg-preview-1-1.png","width":234,"height":81,"caption":"1dronas.lt"},"image":{"@id":"https:\/\/1dronas.lt\/en\/#\/schema\/logo\/image\/"},"sameAs":["https:\/\/www.facebook.com\/1dronas\/"]}]}},"jetpack_sharing_enabled":true,"_links":{"self":[{"href":"https:\/\/1dronas.lt\/en\/wp-json\/wp\/v2\/product\/15292","targetHints":{"allow":["GET"]}}],"collection":[{"href":"https:\/\/1dronas.lt\/en\/wp-json\/wp\/v2\/product"}],"about":[{"href":"https:\/\/1dronas.lt\/en\/wp-json\/wp\/v2\/types\/product"}],"replies":[{"embeddable":true,"href":"https:\/\/1dronas.lt\/en\/wp-json\/wp\/v2\/comments?post=15292"}],"wp:featuredmedia":[{"embeddable":true,"href":"https:\/\/1dronas.lt\/en\/wp-json\/wp\/v2\/media\/15295"}],"wp:attachment":[{"href":"https:\/\/1dronas.lt\/en\/wp-json\/wp\/v2\/media?parent=15292"}],"wp:term":[{"taxonomy":"product_brand","embeddable":true,"href":"https:\/\/1dronas.lt\/en\/wp-json\/wp\/v2\/product_brand?post=15292"},{"taxonomy":"product_cat","embeddable":true,"href":"https:\/\/1dronas.lt\/en\/wp-json\/wp\/v2\/product_cat?post=15292"},{"taxonomy":"product_tag","embeddable":true,"href":"https:\/\/1dronas.lt\/en\/wp-json\/wp\/v2\/product_tag?post=15292"}],"curies":[{"name":"wp","href":"https:\/\/api.w.org\/{rel}","templated":true}]}}