{"id":15272,"date":"2026-01-12T23:02:43","date_gmt":"2026-01-12T21:02:43","guid":{"rendered":"https:\/\/1dronas.lt\/?post_type=product&#038;p=15272"},"modified":"2026-04-09T08:47:57","modified_gmt":"2026-04-09T05:47:57","slug":"runcam-nano-4-ntsc-kamera","status":"publish","type":"product","link":"https:\/\/1dronas.lt\/en\/produktas\/runcam-nano-4-ntsc-kamera\/","title":{"rendered":"RunCam Nano 4 (NTSC) camera"},"content":{"rendered":"<p data-start=\"226\" data-end=\"410\"><span style=\"color: #ed1c24;\"><strong>The camera is only compatible with the NTSC system.<\/strong><\/span><\/p>\n<p data-start=\"226\" data-end=\"410\">RunCam Nano 4 is a lightweight and very small analog FPV camera with 800 TVL resolution, 155\u00b0 field of view and automatic image enhancement functions. Compatible with NTSC system only<strong>,<\/strong> operates at DC 3.3-5.5 V, has automatic AGC and D-WDR modes for good image quality in both day and night conditions. Its light weight and compact size make it easy to install in FPV drones or other RC projects.<\/p>\n<p><img loading=\"lazy\" decoding=\"async\" class=\"alignnone wp-image-15279 size-full\" src=\"https:\/\/1dronas.lt\/wp-content\/uploads\/2026\/01\/NANO4-WEB-1.jpg\" alt=\"\" width=\"1920\" height=\"1080\" srcset=\"https:\/\/1dronas.lt\/wp-content\/uploads\/2026\/01\/NANO4-WEB-1.jpg 1920w, https:\/\/1dronas.lt\/wp-content\/uploads\/2026\/01\/NANO4-WEB-1-300x169.jpg 300w, https:\/\/1dronas.lt\/wp-content\/uploads\/2026\/01\/NANO4-WEB-1-1024x576.jpg 1024w, https:\/\/1dronas.lt\/wp-content\/uploads\/2026\/01\/NANO4-WEB-1-768x432.jpg 768w, https:\/\/1dronas.lt\/wp-content\/uploads\/2026\/01\/NANO4-WEB-1-1536x864.jpg 1536w, https:\/\/1dronas.lt\/wp-content\/uploads\/2026\/01\/NANO4-WEB-1-18x10.jpg 18w, https:\/\/1dronas.lt\/wp-content\/uploads\/2026\/01\/NANO4-WEB-1-510x287.jpg 510w\" sizes=\"auto, (max-width: 1920px) 100vw, 1920px\" \/><\/p>\n<p><strong>Specification:<\/strong><\/p>\n<p data-start=\"85\" data-end=\"662\">\u2022 Product name: RunCam Nano 4;<br \/>\n\u2022 Image sensor: 1\/3\u2033 CMOS;<br \/>\n\u2022 Horizontal resolution: 800 TV lines (TVL);<br \/>\n\u2022 Lens: 2.1 mm (M8), FOV 155\u00b0;<br \/>\n\u2022 Video signal system: NTSC;<br \/>\n\u2022 Signal-to-noise ratio (S\/N): &gt; 50 dB;<br \/>\n\u2022 Electronic shutter speed: Automatic;<br \/>\n\u2022 Automatic Gain Control (AGC): Automatic;<br \/>\n\u2022 Minimum illumination: 0.01 Lux @ F1.2;<br \/>\n\u2022 Day\/night modes: Color image;<br \/>\n\u2022 Power supply: DC 3.3-5.5V;<br \/>\n\u2022 Current strength:<br \/>\n160mA @ 5V;<br \/>\n180mA @ 3.3V;<br \/>\n\u2022 Housing material: ABS plastic;<br \/>\n\u2022 Net weight: 2.9 g;<br \/>\n\u2022 Dimensions: 14 mm \u00d7 14 mm \u00d7 14 mm.<\/p>\n<p data-start=\"85\" data-end=\"662\"><strong>Measurements:<\/strong><\/p>\n<p data-start=\"85\" data-end=\"662\"><img loading=\"lazy\" decoding=\"async\" class=\"alignnone wp-image-15273 size-full\" src=\"https:\/\/1dronas.lt\/wp-content\/uploads\/2026\/01\/NANO4-WEB-B3.jpg\" alt=\"\" width=\"956\" height=\"630\" srcset=\"https:\/\/1dronas.lt\/wp-content\/uploads\/2026\/01\/NANO4-WEB-B3.jpg 956w, https:\/\/1dronas.lt\/wp-content\/uploads\/2026\/01\/NANO4-WEB-B3-300x198.jpg 300w, https:\/\/1dronas.lt\/wp-content\/uploads\/2026\/01\/NANO4-WEB-B3-768x506.jpg 768w, https:\/\/1dronas.lt\/wp-content\/uploads\/2026\/01\/NANO4-WEB-B3-18x12.jpg 18w, https:\/\/1dronas.lt\/wp-content\/uploads\/2026\/01\/NANO4-WEB-B3-510x336.jpg 510w\" sizes=\"auto, (max-width: 956px) 100vw, 956px\" \/><\/p>\n<p data-start=\"85\" data-end=\"662\"><strong>Package:<\/strong><\/p>\n<p data-start=\"85\" data-end=\"662\">\u2022 RunCam Nano 4 (NTSC ONLY) camera<br data-start=\"212\" data-end=\"215\" \/>\u2022 Instructions for use.<\/p>\n<p data-start=\"85\" data-end=\"662\"><span style=\"color: #ed1c24;\"><strong>The camera is only compatible with the NTSC system.<\/strong><\/span><\/p>","protected":false},"excerpt":{"rendered":"<p><span style=\"color: #000000;\">The RunCam Nano 4 is a compact analog FPV camera with a 1\/3\u2033 CMOS image sensor, featuring realistic colors and better viewing quality in low light.<\/span><\/p>\n<p><span style=\"color: #000000;\"><strong><img loading=\"lazy\" decoding=\"async\" class=\"alignnone wp-image-1806\" src=\"https:\/\/1dronas.lt\/wp-content\/uploads\/2021\/05\/delivery-icon.png.webp\" alt=\"\" width=\"24\" height=\"24\" srcset=\"https:\/\/1dronas.lt\/wp-content\/uploads\/2021\/05\/delivery-icon.png 35w, https:\/\/1dronas.lt\/wp-content\/uploads\/2021\/05\/delivery-icon-12x12.png 12w\" sizes=\"auto, (max-width: 24px) 100vw, 24px\" \/>\u00a0\u00a01 \u2013 2 days<\/strong><\/span><\/p>","protected":false},"featured_media":15278,"comment_status":"open","ping_status":"closed","template":"","meta":[],"product_brand":[499],"product_cat":[191],"product_tag":[188],"class_list":{"0":"post-15272","1":"product","2":"type-product","3":"status-publish","4":"has-post-thumbnail","6":"product_brand-runcam","7":"product_cat-kameros","8":"product_tag-runcam-nano-4","10":"first","11":"instock","12":"taxable","13":"shipping-taxable","14":"purchasable","15":"product-type-simple"},"yoast_head":"<!-- This site is optimized with the Yoast SEO plugin v27.4 - https:\/\/yoast.com\/product\/yoast-seo-wordpress\/ -->\n<title>RunCam Nano 4 (NTSC) kamera - 1dronas.lt<\/title>\n<meta name=\"robots\" content=\"index, follow, max-snippet:-1, max-image-preview:large, max-video-preview:-1\" \/>\n<link rel=\"canonical\" href=\"https:\/\/1dronas.lt\/en\/produktas\/runcam-nano-4-ntsc-kamera\/\" \/>\n<meta property=\"og:locale\" content=\"en_US\" \/>\n<meta property=\"og:type\" content=\"article\" \/>\n<meta property=\"og:title\" content=\"RunCam Nano 4 (NTSC) kamera - 1dronas.lt\" \/>\n<meta property=\"og:description\" content=\"RunCam Nano 4 \u00a0yra kompakti\u0161ka analogin\u0117 FPV kamera su 1\/3\u2033 CMOS vaizdo jutikliu, pasi\u017eymi realisti\u0161komis spalvomis ir geresne matymo kokybe esant silpnam ap\u0161vietimui.  \u00a0\u00a01 \u2013 2 d.d.\" \/>\n<meta property=\"og:url\" content=\"https:\/\/1dronas.lt\/en\/produktas\/runcam-nano-4-ntsc-kamera\/\" \/>\n<meta property=\"og:site_name\" content=\"1dronas.lt\" \/>\n<meta property=\"article:publisher\" content=\"https:\/\/www.facebook.com\/1dronas\/\" \/>\n<meta property=\"article:modified_time\" content=\"2026-04-09T05:47:57+00:00\" \/>\n<meta property=\"og:image\" content=\"https:\/\/1dronas.lt\/wp-content\/uploads\/2026\/01\/RunCam-Nano4-1__63949.jpg\" \/>\n\t<meta property=\"og:image:width\" content=\"1000\" \/>\n\t<meta property=\"og:image:height\" content=\"1000\" \/>\n\t<meta property=\"og:image:type\" content=\"image\/jpeg\" \/>\n<meta name=\"twitter:card\" content=\"summary_large_image\" \/>\n<meta name=\"twitter:label1\" content=\"Est. reading time\" \/>\n\t<meta name=\"twitter:data1\" content=\"2 minutes\" \/>\n<script type=\"application\/ld+json\" class=\"yoast-schema-graph\">{\"@context\":\"https:\\\/\\\/schema.org\",\"@graph\":[{\"@type\":\"WebPage\",\"@id\":\"https:\\\/\\\/1dronas.lt\\\/en\\\/produktas\\\/runcam-nano-4-ntsc-kamera\\\/\",\"url\":\"https:\\\/\\\/1dronas.lt\\\/en\\\/produktas\\\/runcam-nano-4-ntsc-kamera\\\/\",\"name\":\"RunCam Nano 4 (NTSC) kamera - 1dronas.lt\",\"isPartOf\":{\"@id\":\"https:\\\/\\\/1dronas.lt\\\/en\\\/#website\"},\"primaryImageOfPage\":{\"@id\":\"https:\\\/\\\/1dronas.lt\\\/en\\\/produktas\\\/runcam-nano-4-ntsc-kamera\\\/#primaryimage\"},\"image\":{\"@id\":\"https:\\\/\\\/1dronas.lt\\\/en\\\/produktas\\\/runcam-nano-4-ntsc-kamera\\\/#primaryimage\"},\"thumbnailUrl\":\"https:\\\/\\\/1dronas.lt\\\/wp-content\\\/uploads\\\/2026\\\/01\\\/RunCam-Nano4-1__63949.jpg\",\"datePublished\":\"2026-01-12T21:02:43+00:00\",\"dateModified\":\"2026-04-09T05:47:57+00:00\",\"breadcrumb\":{\"@id\":\"https:\\\/\\\/1dronas.lt\\\/en\\\/produktas\\\/runcam-nano-4-ntsc-kamera\\\/#breadcrumb\"},\"inLanguage\":\"en-US\",\"potentialAction\":[{\"@type\":\"ReadAction\",\"target\":[\"https:\\\/\\\/1dronas.lt\\\/en\\\/produktas\\\/runcam-nano-4-ntsc-kamera\\\/\"]}]},{\"@type\":\"ImageObject\",\"inLanguage\":\"en-US\",\"@id\":\"https:\\\/\\\/1dronas.lt\\\/en\\\/produktas\\\/runcam-nano-4-ntsc-kamera\\\/#primaryimage\",\"url\":\"https:\\\/\\\/1dronas.lt\\\/wp-content\\\/uploads\\\/2026\\\/01\\\/RunCam-Nano4-1__63949.jpg\",\"contentUrl\":\"https:\\\/\\\/1dronas.lt\\\/wp-content\\\/uploads\\\/2026\\\/01\\\/RunCam-Nano4-1__63949.jpg\",\"width\":1000,\"height\":1000},{\"@type\":\"BreadcrumbList\",\"@id\":\"https:\\\/\\\/1dronas.lt\\\/en\\\/produktas\\\/runcam-nano-4-ntsc-kamera\\\/#breadcrumb\",\"itemListElement\":[{\"@type\":\"ListItem\",\"position\":1,\"name\":\"Home\",\"item\":\"https:\\\/\\\/1dronas.lt\\\/\"},{\"@type\":\"ListItem\",\"position\":2,\"name\":\"Parduotuv\u0117\",\"item\":\"https:\\\/\\\/1dronas.lt\\\/parduotuve\\\/\"},{\"@type\":\"ListItem\",\"position\":3,\"name\":\"RunCam Nano 4 (NTSC) kamera\"}]},{\"@type\":\"WebSite\",\"@id\":\"https:\\\/\\\/1dronas.lt\\\/en\\\/#website\",\"url\":\"https:\\\/\\\/1dronas.lt\\\/en\\\/\",\"name\":\"1dronas.lt\",\"description\":\"Internetin\u0117 parduotuv\u0117\",\"publisher\":{\"@id\":\"https:\\\/\\\/1dronas.lt\\\/en\\\/#organization\"},\"potentialAction\":[{\"@type\":\"SearchAction\",\"target\":{\"@type\":\"EntryPoint\",\"urlTemplate\":\"https:\\\/\\\/1dronas.lt\\\/en\\\/?s={search_term_string}\"},\"query-input\":{\"@type\":\"PropertyValueSpecification\",\"valueRequired\":true,\"valueName\":\"search_term_string\"}}],\"inLanguage\":\"en-US\"},{\"@type\":\"Organization\",\"@id\":\"https:\\\/\\\/1dronas.lt\\\/en\\\/#organization\",\"name\":\"1dronas.lt\",\"url\":\"https:\\\/\\\/1dronas.lt\\\/en\\\/\",\"logo\":{\"@type\":\"ImageObject\",\"inLanguage\":\"en-US\",\"@id\":\"https:\\\/\\\/1dronas.lt\\\/en\\\/#\\\/schema\\\/logo\\\/image\\\/\",\"url\":\"https:\\\/\\\/1dronas.lt\\\/wp-content\\\/uploads\\\/2020\\\/12\\\/Ekrano_kopija__2_-removebg-preview-1-1.png\",\"contentUrl\":\"https:\\\/\\\/1dronas.lt\\\/wp-content\\\/uploads\\\/2020\\\/12\\\/Ekrano_kopija__2_-removebg-preview-1-1.png\",\"width\":234,\"height\":81,\"caption\":\"1dronas.lt\"},\"image\":{\"@id\":\"https:\\\/\\\/1dronas.lt\\\/en\\\/#\\\/schema\\\/logo\\\/image\\\/\"},\"sameAs\":[\"https:\\\/\\\/www.facebook.com\\\/1dronas\\\/\"]}]}<\/script>\n<!-- \/ Yoast SEO plugin. -->","yoast_head_json":{"title":"RunCam Nano 4 (NTSC) kamera - 1dronas.lt","robots":{"index":"index","follow":"follow","max-snippet":"max-snippet:-1","max-image-preview":"max-image-preview:large","max-video-preview":"max-video-preview:-1"},"canonical":"https:\/\/1dronas.lt\/en\/produktas\/runcam-nano-4-ntsc-kamera\/","og_locale":"en_US","og_type":"article","og_title":"RunCam Nano 4 (NTSC) kamera - 1dronas.lt","og_description":"RunCam Nano 4 \u00a0yra kompakti\u0161ka analogin\u0117 FPV kamera su 1\/3\u2033 CMOS vaizdo jutikliu, pasi\u017eymi realisti\u0161komis spalvomis ir geresne matymo kokybe esant silpnam ap\u0161vietimui.  \u00a0\u00a01 \u2013 2 d.d.","og_url":"https:\/\/1dronas.lt\/en\/produktas\/runcam-nano-4-ntsc-kamera\/","og_site_name":"1dronas.lt","article_publisher":"https:\/\/www.facebook.com\/1dronas\/","article_modified_time":"2026-04-09T05:47:57+00:00","og_image":[{"width":1000,"height":1000,"url":"https:\/\/1dronas.lt\/wp-content\/uploads\/2026\/01\/RunCam-Nano4-1__63949.jpg","type":"image\/jpeg"}],"twitter_card":"summary_large_image","twitter_misc":{"Est. reading time":"2 minutes"},"schema":{"@context":"https:\/\/schema.org","@graph":[{"@type":"WebPage","@id":"https:\/\/1dronas.lt\/en\/produktas\/runcam-nano-4-ntsc-kamera\/","url":"https:\/\/1dronas.lt\/en\/produktas\/runcam-nano-4-ntsc-kamera\/","name":"RunCam Nano 4 (NTSC) kamera - 1dronas.lt","isPartOf":{"@id":"https:\/\/1dronas.lt\/en\/#website"},"primaryImageOfPage":{"@id":"https:\/\/1dronas.lt\/en\/produktas\/runcam-nano-4-ntsc-kamera\/#primaryimage"},"image":{"@id":"https:\/\/1dronas.lt\/en\/produktas\/runcam-nano-4-ntsc-kamera\/#primaryimage"},"thumbnailUrl":"https:\/\/1dronas.lt\/wp-content\/uploads\/2026\/01\/RunCam-Nano4-1__63949.jpg","datePublished":"2026-01-12T21:02:43+00:00","dateModified":"2026-04-09T05:47:57+00:00","breadcrumb":{"@id":"https:\/\/1dronas.lt\/en\/produktas\/runcam-nano-4-ntsc-kamera\/#breadcrumb"},"inLanguage":"en-US","potentialAction":[{"@type":"ReadAction","target":["https:\/\/1dronas.lt\/en\/produktas\/runcam-nano-4-ntsc-kamera\/"]}]},{"@type":"ImageObject","inLanguage":"en-US","@id":"https:\/\/1dronas.lt\/en\/produktas\/runcam-nano-4-ntsc-kamera\/#primaryimage","url":"https:\/\/1dronas.lt\/wp-content\/uploads\/2026\/01\/RunCam-Nano4-1__63949.jpg","contentUrl":"https:\/\/1dronas.lt\/wp-content\/uploads\/2026\/01\/RunCam-Nano4-1__63949.jpg","width":1000,"height":1000},{"@type":"BreadcrumbList","@id":"https:\/\/1dronas.lt\/en\/produktas\/runcam-nano-4-ntsc-kamera\/#breadcrumb","itemListElement":[{"@type":"ListItem","position":1,"name":"Home","item":"https:\/\/1dronas.lt\/"},{"@type":"ListItem","position":2,"name":"Parduotuv\u0117","item":"https:\/\/1dronas.lt\/parduotuve\/"},{"@type":"ListItem","position":3,"name":"RunCam Nano 4 (NTSC) kamera"}]},{"@type":"WebSite","@id":"https:\/\/1dronas.lt\/en\/#website","url":"https:\/\/1dronas.lt\/en\/","name":"1dronas.lt","description":"Online store","publisher":{"@id":"https:\/\/1dronas.lt\/en\/#organization"},"potentialAction":[{"@type":"SearchAction","target":{"@type":"EntryPoint","urlTemplate":"https:\/\/1dronas.lt\/en\/?s={search_term_string}"},"query-input":{"@type":"PropertyValueSpecification","valueRequired":true,"valueName":"search_term_string"}}],"inLanguage":"en-US"},{"@type":"Organization","@id":"https:\/\/1dronas.lt\/en\/#organization","name":"1dronas.lt","url":"https:\/\/1dronas.lt\/en\/","logo":{"@type":"ImageObject","inLanguage":"en-US","@id":"https:\/\/1dronas.lt\/en\/#\/schema\/logo\/image\/","url":"https:\/\/1dronas.lt\/wp-content\/uploads\/2020\/12\/Ekrano_kopija__2_-removebg-preview-1-1.png","contentUrl":"https:\/\/1dronas.lt\/wp-content\/uploads\/2020\/12\/Ekrano_kopija__2_-removebg-preview-1-1.png","width":234,"height":81,"caption":"1dronas.lt"},"image":{"@id":"https:\/\/1dronas.lt\/en\/#\/schema\/logo\/image\/"},"sameAs":["https:\/\/www.facebook.com\/1dronas\/"]}]}},"jetpack_sharing_enabled":true,"_links":{"self":[{"href":"https:\/\/1dronas.lt\/en\/wp-json\/wp\/v2\/product\/15272","targetHints":{"allow":["GET"]}}],"collection":[{"href":"https:\/\/1dronas.lt\/en\/wp-json\/wp\/v2\/product"}],"about":[{"href":"https:\/\/1dronas.lt\/en\/wp-json\/wp\/v2\/types\/product"}],"replies":[{"embeddable":true,"href":"https:\/\/1dronas.lt\/en\/wp-json\/wp\/v2\/comments?post=15272"}],"wp:featuredmedia":[{"embeddable":true,"href":"https:\/\/1dronas.lt\/en\/wp-json\/wp\/v2\/media\/15278"}],"wp:attachment":[{"href":"https:\/\/1dronas.lt\/en\/wp-json\/wp\/v2\/media?parent=15272"}],"wp:term":[{"taxonomy":"product_brand","embeddable":true,"href":"https:\/\/1dronas.lt\/en\/wp-json\/wp\/v2\/product_brand?post=15272"},{"taxonomy":"product_cat","embeddable":true,"href":"https:\/\/1dronas.lt\/en\/wp-json\/wp\/v2\/product_cat?post=15272"},{"taxonomy":"product_tag","embeddable":true,"href":"https:\/\/1dronas.lt\/en\/wp-json\/wp\/v2\/product_tag?post=15272"}],"curies":[{"name":"wp","href":"https:\/\/api.w.org\/{rel}","templated":true}]}}