{"id":15235,"date":"2026-01-12T20:44:57","date_gmt":"2026-01-12T18:44:57","guid":{"rendered":"https:\/\/1dronas.lt\/?post_type=product&#038;p=15235"},"modified":"2026-04-08T09:25:54","modified_gmt":"2026-04-08T06:25:54","slug":"runcam-racer-nano-4-kamera","status":"publish","type":"product","link":"https:\/\/1dronas.lt\/en\/produktas\/runcam-racer-nano-4-kamera\/","title":{"rendered":"RunCam Racer Nano 4 camera"},"content":{"rendered":"<p data-start=\"73\" data-end=\"287\">RUNCAM RACER NANO 4 is a professional racing camera with LED lighting, designed to work in all weather conditions. It is specially adapted for rainy weather, has a sealed, dust- and waterproof housing, and an additional rear cover effectively protects against short circuits and provides moderate protection against impacts, thus increasing the durability and longevity of electronic components.<\/p>\n<p><img loading=\"lazy\" decoding=\"async\" class=\"alignnone wp-image-15271 size-full\" src=\"https:\/\/1dronas.lt\/wp-content\/uploads\/2026\/01\/COd1.jpg\" alt=\"\" width=\"1424\" height=\"450\" srcset=\"https:\/\/1dronas.lt\/wp-content\/uploads\/2026\/01\/COd1.jpg 1424w, https:\/\/1dronas.lt\/wp-content\/uploads\/2026\/01\/COd1-300x95.jpg 300w, https:\/\/1dronas.lt\/wp-content\/uploads\/2026\/01\/COd1-1024x324.jpg 1024w, https:\/\/1dronas.lt\/wp-content\/uploads\/2026\/01\/COd1-768x243.jpg 768w, https:\/\/1dronas.lt\/wp-content\/uploads\/2026\/01\/COd1-18x6.jpg 18w, https:\/\/1dronas.lt\/wp-content\/uploads\/2026\/01\/COd1-510x161.jpg 510w\" sizes=\"auto, (max-width: 1424px) 100vw, 1424px\" \/><\/p>\n<p data-start=\"56\" data-end=\"200\">The low-distortion lens camera provides up to 97\u00b0 vertical viewing angle, which provides a wider and clearer field of view. The integrated LED lighting with Track Mode allows the camera to perform well even in difficult lighting and weather conditions, making it a true all-season racing camera.<\/p>\n<p data-start=\"56\" data-end=\"200\"><img loading=\"lazy\" decoding=\"async\" class=\"alignnone wp-image-15270 size-full\" src=\"https:\/\/1dronas.lt\/wp-content\/uploads\/2026\/01\/co1fgh-copy.jpg\" alt=\"\" width=\"1424\" height=\"450\" srcset=\"https:\/\/1dronas.lt\/wp-content\/uploads\/2026\/01\/co1fgh-copy.jpg 1424w, https:\/\/1dronas.lt\/wp-content\/uploads\/2026\/01\/co1fgh-copy-300x95.jpg 300w, https:\/\/1dronas.lt\/wp-content\/uploads\/2026\/01\/co1fgh-copy-1024x324.jpg 1024w, https:\/\/1dronas.lt\/wp-content\/uploads\/2026\/01\/co1fgh-copy-768x243.jpg 768w, https:\/\/1dronas.lt\/wp-content\/uploads\/2026\/01\/co1fgh-copy-18x6.jpg 18w, https:\/\/1dronas.lt\/wp-content\/uploads\/2026\/01\/co1fgh-copy-510x161.jpg 510w\" sizes=\"auto, (max-width: 1424px) 100vw, 1424px\" \/><\/p>\n<p data-start=\"56\" data-end=\"200\"><strong>Specification:<\/strong><\/p>\n<p>\u2022 Product name: RunCam Racer Nano 4;<br \/>\n\u2022 Image sensor: Super WDR CMOS;<br \/>\n\u2022 Horizontal resolution: 1200 TV lines (TVL);<br \/>\n\u2022 Lens: D 160\u00b0 \/ H 125\u00b0 \/ V 97\u00b0;<br \/>\n\u2022 Screen format: 4:3 \/ widescreen (switchable);<br \/>\n\u2022 Mirror Image \/ Flip: Can be enabled;<br \/>\n\u2022 Video signal system: PAL \/ NTSC, switchable;<br \/>\n\u2022 Wide Dynamic Range (WDR): Super WDR;<br \/>\n\u2022 Day\/night modes: Color image;<br \/>\n\u2022 Menu control: Wired control;<br \/>\n\u2022 Power supply: DC 5-36 V;<br \/>\n\u2022 Current strength:<br \/>\n120mA @ 5V;<br \/>\n70mA @ 12V;<br \/>\n\u2022 Housing material: ABS plastic;<br \/>\n\u2022 Net weight: 4.5 g;<br \/>\n\u2022 Dimensions: 14 mm \u00d7 14 mm \u00d7 20 mm.<\/p>\n<p><strong>Measurements:<\/strong><\/p>\n<p><img loading=\"lazy\" decoding=\"async\" class=\"alignnone wp-image-15259 size-full\" src=\"https:\/\/1dronas.lt\/wp-content\/uploads\/2026\/01\/Untitled-design.jpg\" alt=\"\" width=\"574\" height=\"460\" srcset=\"https:\/\/1dronas.lt\/wp-content\/uploads\/2026\/01\/Untitled-design.jpg 574w, https:\/\/1dronas.lt\/wp-content\/uploads\/2026\/01\/Untitled-design-300x240.jpg 300w, https:\/\/1dronas.lt\/wp-content\/uploads\/2026\/01\/Untitled-design-15x12.jpg 15w, https:\/\/1dronas.lt\/wp-content\/uploads\/2026\/01\/Untitled-design-510x409.jpg 510w\" sizes=\"auto, (max-width: 574px) 100vw, 574px\" \/><\/p>\n<p><strong>Package:<\/strong><\/p>\n<p>1x RUNCAM Racer Nano 4 camera;<br data-start=\"123\" data-end=\"126\" \/>1x Mounting bracket;<br data-start=\"147\" data-end=\"150\" \/>1x Mounting screws;<br data-start=\"169\" data-end=\"172\" \/>1x Power and video cable;<br data-start=\"201\" data-end=\"204\" \/>1x Control cable (OSD\/menu);<br data-start=\"268\" data-end=\"271\" \/>1x User manual.<\/p>\n<p><img loading=\"lazy\" decoding=\"async\" class=\"alignnone wp-image-15261 size-full\" src=\"https:\/\/1dronas.lt\/wp-content\/uploads\/2026\/01\/SCDVG.jpg\" alt=\"\" width=\"567\" height=\"461\" srcset=\"https:\/\/1dronas.lt\/wp-content\/uploads\/2026\/01\/SCDVG.jpg 567w, https:\/\/1dronas.lt\/wp-content\/uploads\/2026\/01\/SCDVG-300x244.jpg 300w, https:\/\/1dronas.lt\/wp-content\/uploads\/2026\/01\/SCDVG-15x12.jpg 15w, https:\/\/1dronas.lt\/wp-content\/uploads\/2026\/01\/SCDVG-510x415.jpg 510w\" sizes=\"auto, (max-width: 567px) 100vw, 567px\" \/><\/p>","protected":false},"excerpt":{"rendered":"<p><span style=\"color: #000000;\">An ultra-light, compact and professional racing camera designed to operate in all weather conditions.<\/span><\/p>\n<p><span style=\"color: #000000;\"><img loading=\"lazy\" decoding=\"async\" class=\"alignnone wp-image-1806\" src=\"https:\/\/1dronas.lt\/wp-content\/uploads\/2021\/05\/delivery-icon.png.webp\" alt=\"\" width=\"24\" height=\"24\" srcset=\"https:\/\/1dronas.lt\/wp-content\/uploads\/2021\/05\/delivery-icon.png 35w, https:\/\/1dronas.lt\/wp-content\/uploads\/2021\/05\/delivery-icon-12x12.png 12w\" sizes=\"auto, (max-width: 24px) 100vw, 24px\" \/> \u00a0<strong>1 \u2013 2 days<\/strong><\/span><\/p>","protected":false},"featured_media":15269,"comment_status":"open","ping_status":"closed","template":"","meta":[],"product_brand":[499],"product_cat":[191],"product_tag":[632],"class_list":{"0":"post-15235","1":"product","2":"type-product","3":"status-publish","4":"has-post-thumbnail","6":"product_brand-runcam","7":"product_cat-kameros","8":"product_tag-runcam","10":"first","11":"instock","12":"taxable","13":"shipping-taxable","14":"purchasable","15":"product-type-simple"},"yoast_head":"<!-- This site is optimized with the Yoast SEO plugin v27.4 - https:\/\/yoast.com\/product\/yoast-seo-wordpress\/ -->\n<title>RunCam Racer Nano 4 kamera - 1dronas.lt<\/title>\n<meta name=\"robots\" content=\"index, follow, max-snippet:-1, max-image-preview:large, max-video-preview:-1\" \/>\n<link rel=\"canonical\" href=\"https:\/\/1dronas.lt\/en\/produktas\/runcam-racer-nano-4-kamera\/\" \/>\n<meta property=\"og:locale\" content=\"en_US\" \/>\n<meta property=\"og:type\" content=\"article\" \/>\n<meta property=\"og:title\" content=\"RunCam Racer Nano 4 kamera - 1dronas.lt\" \/>\n<meta property=\"og:description\" content=\"Itin lengva, kompakti\u0161ka ir profesionali lenktyni\u0173 kamera, sukurta veikti bet kokiomis oro s\u0105lygomis.   \u00a01 \u2013 2 d. d.\" \/>\n<meta property=\"og:url\" content=\"https:\/\/1dronas.lt\/en\/produktas\/runcam-racer-nano-4-kamera\/\" \/>\n<meta property=\"og:site_name\" content=\"1dronas.lt\" \/>\n<meta property=\"article:publisher\" content=\"https:\/\/www.facebook.com\/1dronas\/\" \/>\n<meta property=\"article:modified_time\" content=\"2026-04-08T06:25:54+00:00\" \/>\n<meta property=\"og:image\" content=\"https:\/\/1dronas.lt\/wp-content\/uploads\/2026\/01\/007__16479.jpg\" \/>\n\t<meta property=\"og:image:width\" content=\"1000\" \/>\n\t<meta property=\"og:image:height\" content=\"1000\" \/>\n\t<meta property=\"og:image:type\" content=\"image\/jpeg\" \/>\n<meta name=\"twitter:card\" content=\"summary_large_image\" \/>\n<meta name=\"twitter:label1\" content=\"Est. reading time\" \/>\n\t<meta name=\"twitter:data1\" content=\"3 minutes\" \/>\n<script type=\"application\/ld+json\" class=\"yoast-schema-graph\">{\"@context\":\"https:\\\/\\\/schema.org\",\"@graph\":[{\"@type\":\"WebPage\",\"@id\":\"https:\\\/\\\/1dronas.lt\\\/en\\\/produktas\\\/runcam-racer-nano-4-kamera\\\/\",\"url\":\"https:\\\/\\\/1dronas.lt\\\/en\\\/produktas\\\/runcam-racer-nano-4-kamera\\\/\",\"name\":\"RunCam Racer Nano 4 kamera - 1dronas.lt\",\"isPartOf\":{\"@id\":\"https:\\\/\\\/1dronas.lt\\\/en\\\/#website\"},\"primaryImageOfPage\":{\"@id\":\"https:\\\/\\\/1dronas.lt\\\/en\\\/produktas\\\/runcam-racer-nano-4-kamera\\\/#primaryimage\"},\"image\":{\"@id\":\"https:\\\/\\\/1dronas.lt\\\/en\\\/produktas\\\/runcam-racer-nano-4-kamera\\\/#primaryimage\"},\"thumbnailUrl\":\"https:\\\/\\\/1dronas.lt\\\/wp-content\\\/uploads\\\/2026\\\/01\\\/007__16479.jpg\",\"datePublished\":\"2026-01-12T18:44:57+00:00\",\"dateModified\":\"2026-04-08T06:25:54+00:00\",\"breadcrumb\":{\"@id\":\"https:\\\/\\\/1dronas.lt\\\/en\\\/produktas\\\/runcam-racer-nano-4-kamera\\\/#breadcrumb\"},\"inLanguage\":\"en-US\",\"potentialAction\":[{\"@type\":\"ReadAction\",\"target\":[\"https:\\\/\\\/1dronas.lt\\\/en\\\/produktas\\\/runcam-racer-nano-4-kamera\\\/\"]}]},{\"@type\":\"ImageObject\",\"inLanguage\":\"en-US\",\"@id\":\"https:\\\/\\\/1dronas.lt\\\/en\\\/produktas\\\/runcam-racer-nano-4-kamera\\\/#primaryimage\",\"url\":\"https:\\\/\\\/1dronas.lt\\\/wp-content\\\/uploads\\\/2026\\\/01\\\/007__16479.jpg\",\"contentUrl\":\"https:\\\/\\\/1dronas.lt\\\/wp-content\\\/uploads\\\/2026\\\/01\\\/007__16479.jpg\",\"width\":1000,\"height\":1000},{\"@type\":\"BreadcrumbList\",\"@id\":\"https:\\\/\\\/1dronas.lt\\\/en\\\/produktas\\\/runcam-racer-nano-4-kamera\\\/#breadcrumb\",\"itemListElement\":[{\"@type\":\"ListItem\",\"position\":1,\"name\":\"Home\",\"item\":\"https:\\\/\\\/1dronas.lt\\\/\"},{\"@type\":\"ListItem\",\"position\":2,\"name\":\"Parduotuv\u0117\",\"item\":\"https:\\\/\\\/1dronas.lt\\\/parduotuve\\\/\"},{\"@type\":\"ListItem\",\"position\":3,\"name\":\"RunCam Racer Nano 4 kamera\"}]},{\"@type\":\"WebSite\",\"@id\":\"https:\\\/\\\/1dronas.lt\\\/en\\\/#website\",\"url\":\"https:\\\/\\\/1dronas.lt\\\/en\\\/\",\"name\":\"1dronas.lt\",\"description\":\"Internetin\u0117 parduotuv\u0117\",\"publisher\":{\"@id\":\"https:\\\/\\\/1dronas.lt\\\/en\\\/#organization\"},\"potentialAction\":[{\"@type\":\"SearchAction\",\"target\":{\"@type\":\"EntryPoint\",\"urlTemplate\":\"https:\\\/\\\/1dronas.lt\\\/en\\\/?s={search_term_string}\"},\"query-input\":{\"@type\":\"PropertyValueSpecification\",\"valueRequired\":true,\"valueName\":\"search_term_string\"}}],\"inLanguage\":\"en-US\"},{\"@type\":\"Organization\",\"@id\":\"https:\\\/\\\/1dronas.lt\\\/en\\\/#organization\",\"name\":\"1dronas.lt\",\"url\":\"https:\\\/\\\/1dronas.lt\\\/en\\\/\",\"logo\":{\"@type\":\"ImageObject\",\"inLanguage\":\"en-US\",\"@id\":\"https:\\\/\\\/1dronas.lt\\\/en\\\/#\\\/schema\\\/logo\\\/image\\\/\",\"url\":\"https:\\\/\\\/1dronas.lt\\\/wp-content\\\/uploads\\\/2020\\\/12\\\/Ekrano_kopija__2_-removebg-preview-1-1.png\",\"contentUrl\":\"https:\\\/\\\/1dronas.lt\\\/wp-content\\\/uploads\\\/2020\\\/12\\\/Ekrano_kopija__2_-removebg-preview-1-1.png\",\"width\":234,\"height\":81,\"caption\":\"1dronas.lt\"},\"image\":{\"@id\":\"https:\\\/\\\/1dronas.lt\\\/en\\\/#\\\/schema\\\/logo\\\/image\\\/\"},\"sameAs\":[\"https:\\\/\\\/www.facebook.com\\\/1dronas\\\/\"]}]}<\/script>\n<!-- \/ Yoast SEO plugin. -->","yoast_head_json":{"title":"RunCam Racer Nano 4 kamera - 1dronas.lt","robots":{"index":"index","follow":"follow","max-snippet":"max-snippet:-1","max-image-preview":"max-image-preview:large","max-video-preview":"max-video-preview:-1"},"canonical":"https:\/\/1dronas.lt\/en\/produktas\/runcam-racer-nano-4-kamera\/","og_locale":"en_US","og_type":"article","og_title":"RunCam Racer Nano 4 kamera - 1dronas.lt","og_description":"Itin lengva, kompakti\u0161ka ir profesionali lenktyni\u0173 kamera, sukurta veikti bet kokiomis oro s\u0105lygomis.   \u00a01 \u2013 2 d. d.","og_url":"https:\/\/1dronas.lt\/en\/produktas\/runcam-racer-nano-4-kamera\/","og_site_name":"1dronas.lt","article_publisher":"https:\/\/www.facebook.com\/1dronas\/","article_modified_time":"2026-04-08T06:25:54+00:00","og_image":[{"width":1000,"height":1000,"url":"https:\/\/1dronas.lt\/wp-content\/uploads\/2026\/01\/007__16479.jpg","type":"image\/jpeg"}],"twitter_card":"summary_large_image","twitter_misc":{"Est. reading time":"3 minutes"},"schema":{"@context":"https:\/\/schema.org","@graph":[{"@type":"WebPage","@id":"https:\/\/1dronas.lt\/en\/produktas\/runcam-racer-nano-4-kamera\/","url":"https:\/\/1dronas.lt\/en\/produktas\/runcam-racer-nano-4-kamera\/","name":"RunCam Racer Nano 4 kamera - 1dronas.lt","isPartOf":{"@id":"https:\/\/1dronas.lt\/en\/#website"},"primaryImageOfPage":{"@id":"https:\/\/1dronas.lt\/en\/produktas\/runcam-racer-nano-4-kamera\/#primaryimage"},"image":{"@id":"https:\/\/1dronas.lt\/en\/produktas\/runcam-racer-nano-4-kamera\/#primaryimage"},"thumbnailUrl":"https:\/\/1dronas.lt\/wp-content\/uploads\/2026\/01\/007__16479.jpg","datePublished":"2026-01-12T18:44:57+00:00","dateModified":"2026-04-08T06:25:54+00:00","breadcrumb":{"@id":"https:\/\/1dronas.lt\/en\/produktas\/runcam-racer-nano-4-kamera\/#breadcrumb"},"inLanguage":"en-US","potentialAction":[{"@type":"ReadAction","target":["https:\/\/1dronas.lt\/en\/produktas\/runcam-racer-nano-4-kamera\/"]}]},{"@type":"ImageObject","inLanguage":"en-US","@id":"https:\/\/1dronas.lt\/en\/produktas\/runcam-racer-nano-4-kamera\/#primaryimage","url":"https:\/\/1dronas.lt\/wp-content\/uploads\/2026\/01\/007__16479.jpg","contentUrl":"https:\/\/1dronas.lt\/wp-content\/uploads\/2026\/01\/007__16479.jpg","width":1000,"height":1000},{"@type":"BreadcrumbList","@id":"https:\/\/1dronas.lt\/en\/produktas\/runcam-racer-nano-4-kamera\/#breadcrumb","itemListElement":[{"@type":"ListItem","position":1,"name":"Home","item":"https:\/\/1dronas.lt\/"},{"@type":"ListItem","position":2,"name":"Parduotuv\u0117","item":"https:\/\/1dronas.lt\/parduotuve\/"},{"@type":"ListItem","position":3,"name":"RunCam Racer Nano 4 kamera"}]},{"@type":"WebSite","@id":"https:\/\/1dronas.lt\/en\/#website","url":"https:\/\/1dronas.lt\/en\/","name":"1dronas.lt","description":"Online store","publisher":{"@id":"https:\/\/1dronas.lt\/en\/#organization"},"potentialAction":[{"@type":"SearchAction","target":{"@type":"EntryPoint","urlTemplate":"https:\/\/1dronas.lt\/en\/?s={search_term_string}"},"query-input":{"@type":"PropertyValueSpecification","valueRequired":true,"valueName":"search_term_string"}}],"inLanguage":"en-US"},{"@type":"Organization","@id":"https:\/\/1dronas.lt\/en\/#organization","name":"1dronas.lt","url":"https:\/\/1dronas.lt\/en\/","logo":{"@type":"ImageObject","inLanguage":"en-US","@id":"https:\/\/1dronas.lt\/en\/#\/schema\/logo\/image\/","url":"https:\/\/1dronas.lt\/wp-content\/uploads\/2020\/12\/Ekrano_kopija__2_-removebg-preview-1-1.png","contentUrl":"https:\/\/1dronas.lt\/wp-content\/uploads\/2020\/12\/Ekrano_kopija__2_-removebg-preview-1-1.png","width":234,"height":81,"caption":"1dronas.lt"},"image":{"@id":"https:\/\/1dronas.lt\/en\/#\/schema\/logo\/image\/"},"sameAs":["https:\/\/www.facebook.com\/1dronas\/"]}]}},"jetpack_sharing_enabled":true,"_links":{"self":[{"href":"https:\/\/1dronas.lt\/en\/wp-json\/wp\/v2\/product\/15235","targetHints":{"allow":["GET"]}}],"collection":[{"href":"https:\/\/1dronas.lt\/en\/wp-json\/wp\/v2\/product"}],"about":[{"href":"https:\/\/1dronas.lt\/en\/wp-json\/wp\/v2\/types\/product"}],"replies":[{"embeddable":true,"href":"https:\/\/1dronas.lt\/en\/wp-json\/wp\/v2\/comments?post=15235"}],"wp:featuredmedia":[{"embeddable":true,"href":"https:\/\/1dronas.lt\/en\/wp-json\/wp\/v2\/media\/15269"}],"wp:attachment":[{"href":"https:\/\/1dronas.lt\/en\/wp-json\/wp\/v2\/media?parent=15235"}],"wp:term":[{"taxonomy":"product_brand","embeddable":true,"href":"https:\/\/1dronas.lt\/en\/wp-json\/wp\/v2\/product_brand?post=15235"},{"taxonomy":"product_cat","embeddable":true,"href":"https:\/\/1dronas.lt\/en\/wp-json\/wp\/v2\/product_cat?post=15235"},{"taxonomy":"product_tag","embeddable":true,"href":"https:\/\/1dronas.lt\/en\/wp-json\/wp\/v2\/product_tag?post=15235"}],"curies":[{"name":"wp","href":"https:\/\/api.w.org\/{rel}","templated":true}]}}