{"id":15200,"date":"2026-01-10T17:32:45","date_gmt":"2026-01-10T15:32:45","guid":{"rendered":"https:\/\/1dronas.lt\/?post_type=product&#038;p=15200"},"modified":"2026-04-09T08:38:49","modified_gmt":"2026-04-09T05:38:49","slug":"akumuliatorius-tattu-r-line-850mah-3s-11-4v-95c-xt30u-f-plug","status":"publish","type":"product","link":"https:\/\/1dronas.lt\/en\/produktas\/akumuliatorius-tattu-r-line-850mah-3s-11-4v-95c-xt30u-f-plug\/","title":{"rendered":"Battery Tattu R-Line 850mAh 3S 11.4V 95C \u2013 XT30"},"content":{"rendered":"<p data-start=\"74\" data-end=\"319\">This version improves flight performance and maneuverability. The Tattu R-Line Version 850mAh 3S 95C LiPo battery is designed for efficient and reliable operation. It is perfect for 3-5 inch FPV drones, providing the optimal weight and power balance for competition. It uses unique Al Boehmite technology, which improves overall performance and ensures a more stable power delivery.<\/p>\n<p data-start=\"74\" data-end=\"319\"><strong>Features:<\/strong><\/p>\n<p data-start=\"74\" data-end=\"319\"><strong>\u2022\u00a0<\/strong>Suitable for 3-5 inch FPV drones;<br \/>\n<strong>\u2022\u00a0<\/strong>Optimal balance of weight and power;<br \/>\n<strong>\u2022\u00a0<\/strong>Uses Al Boehmite technology to ensure stable power and performance;<br \/>\n<strong>\u2022\u00a0<\/strong>Improves flight performance and maneuverability.<\/p>\n<p data-start=\"74\" data-end=\"319\"><strong>Specification:<\/strong><\/p>\n<p data-start=\"58\" data-end=\"74\"><strong>\u2022\u00a0<\/strong>Capacity: 850 mAh;<br \/>\n<strong>\u2022\u00a0<\/strong>Voltage: 11.4V\/3S;<br \/>\n<strong>\u2022\u00a0<\/strong>Discharge current: 95C;<br \/>\n\u2022 Discharge connector: XT30U-F.<br \/>\n\u2022 Charging connector: JST-XHR-4P;<br \/>\n<strong>\u2022\u00a0<\/strong>Weight: 58g;<br \/>\n<strong>\u2022\u00a0<\/strong>Dimensions: approx. 73 \u00d7 17 \u00d7 23 mm.<\/p>\n<p data-start=\"58\" data-end=\"74\"><strong>Package:<\/strong><\/p>\n<p data-start=\"58\" data-end=\"74\">1x Battery Tattu R-Line 850mAh 3S 11.4V 95C XT30U-F plug.<\/p>","protected":false},"excerpt":{"rendered":"<p><span style=\"color: #000000;\">The battery is perfect for 3-5 inch FPV drones, providing an optimal balance of weight and power.<\/span><\/p>\n<p><span style=\"color: #000000;\"><strong><img loading=\"lazy\" decoding=\"async\" class=\"alignnone wp-image-1806\" src=\"https:\/\/1dronas.lt\/wp-content\/uploads\/2021\/05\/delivery-icon.png.webp\" alt=\"\" width=\"24\" height=\"24\" srcset=\"https:\/\/1dronas.lt\/wp-content\/uploads\/2021\/05\/delivery-icon.png 35w, https:\/\/1dronas.lt\/wp-content\/uploads\/2021\/05\/delivery-icon-12x12.png 12w\" sizes=\"auto, (max-width: 24px) 100vw, 24px\" \/>\u00a0 1 \u2013 2 days<\/strong><\/span><\/p>","protected":false},"featured_media":15202,"comment_status":"open","ping_status":"closed","template":"","meta":[],"product_brand":[706],"product_cat":[739],"product_tag":[1107,708,446,720,716,707,111],"class_list":{"0":"post-15200","1":"product","2":"type-product","3":"status-publish","4":"has-post-thumbnail","6":"product_brand-tattu","7":"product_cat-3s-lipo-akumuliatoriai","8":"product_tag-11-4v","9":"product_tag-3s","10":"product_tag-850mah","11":"product_tag-95c","12":"product_tag-r-line","13":"product_tag-tattu","14":"product_tag-xt30u","16":"first","17":"instock","18":"taxable","19":"shipping-taxable","20":"purchasable","21":"product-type-simple"},"yoast_head":"<!-- This site is optimized with the Yoast SEO plugin v27.3 - https:\/\/yoast.com\/product\/yoast-seo-wordpress\/ -->\n<title>Akumuliatorius Tattu R-Line 850mAh 3S 11.4V 95C - XT30 - 1dronas.lt<\/title>\n<meta name=\"robots\" content=\"index, follow, max-snippet:-1, max-image-preview:large, max-video-preview:-1\" \/>\n<link rel=\"canonical\" href=\"https:\/\/1dronas.lt\/en\/produktas\/akumuliatorius-tattu-r-line-850mah-3s-11-4v-95c-xt30u-f-plug\/\" \/>\n<meta property=\"og:locale\" content=\"en_US\" \/>\n<meta property=\"og:type\" content=\"article\" \/>\n<meta property=\"og:title\" content=\"Akumuliatorius Tattu R-Line 850mAh 3S 11.4V 95C - XT30 - 1dronas.lt\" \/>\n<meta property=\"og:description\" content=\"Akumuliatorius puikiai tinka 3\u20135 coli\u0173 FPV dronams, u\u017etikrindama optimal\u0173 svorio ir galios balans\u0105.  \u00a0 1 \u2013 2 d.d.\" \/>\n<meta property=\"og:url\" content=\"https:\/\/1dronas.lt\/en\/produktas\/akumuliatorius-tattu-r-line-850mah-3s-11-4v-95c-xt30u-f-plug\/\" \/>\n<meta property=\"og:site_name\" content=\"1dronas.lt\" \/>\n<meta property=\"article:publisher\" content=\"https:\/\/www.facebook.com\/1dronas\/\" \/>\n<meta property=\"article:modified_time\" content=\"2026-04-09T05:38:49+00:00\" \/>\n<meta property=\"og:image\" content=\"https:\/\/1dronas.lt\/wp-content\/uploads\/2026\/01\/2_400681b6-4895-4467-8ee1-e37f7c2601a7.jpg\" \/>\n\t<meta property=\"og:image:width\" content=\"1001\" \/>\n\t<meta property=\"og:image:height\" content=\"1000\" \/>\n\t<meta property=\"og:image:type\" content=\"image\/jpeg\" \/>\n<meta name=\"twitter:card\" content=\"summary_large_image\" \/>\n<meta name=\"twitter:label1\" content=\"Est. reading time\" \/>\n\t<meta name=\"twitter:data1\" content=\"1 minute\" \/>\n<script type=\"application\/ld+json\" class=\"yoast-schema-graph\">{\"@context\":\"https:\\\/\\\/schema.org\",\"@graph\":[{\"@type\":\"WebPage\",\"@id\":\"https:\\\/\\\/1dronas.lt\\\/en\\\/produktas\\\/akumuliatorius-tattu-r-line-850mah-3s-11-4v-95c-xt30u-f-plug\\\/\",\"url\":\"https:\\\/\\\/1dronas.lt\\\/en\\\/produktas\\\/akumuliatorius-tattu-r-line-850mah-3s-11-4v-95c-xt30u-f-plug\\\/\",\"name\":\"Akumuliatorius Tattu R-Line 850mAh 3S 11.4V 95C - XT30 - 1dronas.lt\",\"isPartOf\":{\"@id\":\"https:\\\/\\\/1dronas.lt\\\/en\\\/#website\"},\"primaryImageOfPage\":{\"@id\":\"https:\\\/\\\/1dronas.lt\\\/en\\\/produktas\\\/akumuliatorius-tattu-r-line-850mah-3s-11-4v-95c-xt30u-f-plug\\\/#primaryimage\"},\"image\":{\"@id\":\"https:\\\/\\\/1dronas.lt\\\/en\\\/produktas\\\/akumuliatorius-tattu-r-line-850mah-3s-11-4v-95c-xt30u-f-plug\\\/#primaryimage\"},\"thumbnailUrl\":\"https:\\\/\\\/1dronas.lt\\\/wp-content\\\/uploads\\\/2026\\\/01\\\/2_400681b6-4895-4467-8ee1-e37f7c2601a7.jpg\",\"datePublished\":\"2026-01-10T15:32:45+00:00\",\"dateModified\":\"2026-04-09T05:38:49+00:00\",\"breadcrumb\":{\"@id\":\"https:\\\/\\\/1dronas.lt\\\/en\\\/produktas\\\/akumuliatorius-tattu-r-line-850mah-3s-11-4v-95c-xt30u-f-plug\\\/#breadcrumb\"},\"inLanguage\":\"en-US\",\"potentialAction\":[{\"@type\":\"ReadAction\",\"target\":[\"https:\\\/\\\/1dronas.lt\\\/en\\\/produktas\\\/akumuliatorius-tattu-r-line-850mah-3s-11-4v-95c-xt30u-f-plug\\\/\"]}]},{\"@type\":\"ImageObject\",\"inLanguage\":\"en-US\",\"@id\":\"https:\\\/\\\/1dronas.lt\\\/en\\\/produktas\\\/akumuliatorius-tattu-r-line-850mah-3s-11-4v-95c-xt30u-f-plug\\\/#primaryimage\",\"url\":\"https:\\\/\\\/1dronas.lt\\\/wp-content\\\/uploads\\\/2026\\\/01\\\/2_400681b6-4895-4467-8ee1-e37f7c2601a7.jpg\",\"contentUrl\":\"https:\\\/\\\/1dronas.lt\\\/wp-content\\\/uploads\\\/2026\\\/01\\\/2_400681b6-4895-4467-8ee1-e37f7c2601a7.jpg\",\"width\":1001,\"height\":1000},{\"@type\":\"BreadcrumbList\",\"@id\":\"https:\\\/\\\/1dronas.lt\\\/en\\\/produktas\\\/akumuliatorius-tattu-r-line-850mah-3s-11-4v-95c-xt30u-f-plug\\\/#breadcrumb\",\"itemListElement\":[{\"@type\":\"ListItem\",\"position\":1,\"name\":\"Home\",\"item\":\"https:\\\/\\\/1dronas.lt\\\/\"},{\"@type\":\"ListItem\",\"position\":2,\"name\":\"Parduotuv\u0117\",\"item\":\"https:\\\/\\\/1dronas.lt\\\/parduotuve\\\/\"},{\"@type\":\"ListItem\",\"position\":3,\"name\":\"Akumuliatorius Tattu R-Line 850mAh 3S 11.4V 95C &#8211; XT30\"}]},{\"@type\":\"WebSite\",\"@id\":\"https:\\\/\\\/1dronas.lt\\\/en\\\/#website\",\"url\":\"https:\\\/\\\/1dronas.lt\\\/en\\\/\",\"name\":\"1dronas.lt\",\"description\":\"Internetin\u0117 parduotuv\u0117\",\"publisher\":{\"@id\":\"https:\\\/\\\/1dronas.lt\\\/en\\\/#organization\"},\"potentialAction\":[{\"@type\":\"SearchAction\",\"target\":{\"@type\":\"EntryPoint\",\"urlTemplate\":\"https:\\\/\\\/1dronas.lt\\\/en\\\/?s={search_term_string}\"},\"query-input\":{\"@type\":\"PropertyValueSpecification\",\"valueRequired\":true,\"valueName\":\"search_term_string\"}}],\"inLanguage\":\"en-US\"},{\"@type\":\"Organization\",\"@id\":\"https:\\\/\\\/1dronas.lt\\\/en\\\/#organization\",\"name\":\"1dronas.lt\",\"url\":\"https:\\\/\\\/1dronas.lt\\\/en\\\/\",\"logo\":{\"@type\":\"ImageObject\",\"inLanguage\":\"en-US\",\"@id\":\"https:\\\/\\\/1dronas.lt\\\/en\\\/#\\\/schema\\\/logo\\\/image\\\/\",\"url\":\"https:\\\/\\\/1dronas.lt\\\/wp-content\\\/uploads\\\/2020\\\/12\\\/Ekrano_kopija__2_-removebg-preview-1-1.png\",\"contentUrl\":\"https:\\\/\\\/1dronas.lt\\\/wp-content\\\/uploads\\\/2020\\\/12\\\/Ekrano_kopija__2_-removebg-preview-1-1.png\",\"width\":234,\"height\":81,\"caption\":\"1dronas.lt\"},\"image\":{\"@id\":\"https:\\\/\\\/1dronas.lt\\\/en\\\/#\\\/schema\\\/logo\\\/image\\\/\"},\"sameAs\":[\"https:\\\/\\\/www.facebook.com\\\/1dronas\\\/\"]}]}<\/script>\n<!-- \/ Yoast SEO plugin. -->","yoast_head_json":{"title":"Akumuliatorius Tattu R-Line 850mAh 3S 11.4V 95C - XT30 - 1dronas.lt","robots":{"index":"index","follow":"follow","max-snippet":"max-snippet:-1","max-image-preview":"max-image-preview:large","max-video-preview":"max-video-preview:-1"},"canonical":"https:\/\/1dronas.lt\/en\/produktas\/akumuliatorius-tattu-r-line-850mah-3s-11-4v-95c-xt30u-f-plug\/","og_locale":"en_US","og_type":"article","og_title":"Akumuliatorius Tattu R-Line 850mAh 3S 11.4V 95C - XT30 - 1dronas.lt","og_description":"Akumuliatorius puikiai tinka 3\u20135 coli\u0173 FPV dronams, u\u017etikrindama optimal\u0173 svorio ir galios balans\u0105.  \u00a0 1 \u2013 2 d.d.","og_url":"https:\/\/1dronas.lt\/en\/produktas\/akumuliatorius-tattu-r-line-850mah-3s-11-4v-95c-xt30u-f-plug\/","og_site_name":"1dronas.lt","article_publisher":"https:\/\/www.facebook.com\/1dronas\/","article_modified_time":"2026-04-09T05:38:49+00:00","og_image":[{"width":1001,"height":1000,"url":"https:\/\/1dronas.lt\/wp-content\/uploads\/2026\/01\/2_400681b6-4895-4467-8ee1-e37f7c2601a7.jpg","type":"image\/jpeg"}],"twitter_card":"summary_large_image","twitter_misc":{"Est. reading time":"1 minute"},"schema":{"@context":"https:\/\/schema.org","@graph":[{"@type":"WebPage","@id":"https:\/\/1dronas.lt\/en\/produktas\/akumuliatorius-tattu-r-line-850mah-3s-11-4v-95c-xt30u-f-plug\/","url":"https:\/\/1dronas.lt\/en\/produktas\/akumuliatorius-tattu-r-line-850mah-3s-11-4v-95c-xt30u-f-plug\/","name":"Akumuliatorius Tattu R-Line 850mAh 3S 11.4V 95C - XT30 - 1dronas.lt","isPartOf":{"@id":"https:\/\/1dronas.lt\/en\/#website"},"primaryImageOfPage":{"@id":"https:\/\/1dronas.lt\/en\/produktas\/akumuliatorius-tattu-r-line-850mah-3s-11-4v-95c-xt30u-f-plug\/#primaryimage"},"image":{"@id":"https:\/\/1dronas.lt\/en\/produktas\/akumuliatorius-tattu-r-line-850mah-3s-11-4v-95c-xt30u-f-plug\/#primaryimage"},"thumbnailUrl":"https:\/\/1dronas.lt\/wp-content\/uploads\/2026\/01\/2_400681b6-4895-4467-8ee1-e37f7c2601a7.jpg","datePublished":"2026-01-10T15:32:45+00:00","dateModified":"2026-04-09T05:38:49+00:00","breadcrumb":{"@id":"https:\/\/1dronas.lt\/en\/produktas\/akumuliatorius-tattu-r-line-850mah-3s-11-4v-95c-xt30u-f-plug\/#breadcrumb"},"inLanguage":"en-US","potentialAction":[{"@type":"ReadAction","target":["https:\/\/1dronas.lt\/en\/produktas\/akumuliatorius-tattu-r-line-850mah-3s-11-4v-95c-xt30u-f-plug\/"]}]},{"@type":"ImageObject","inLanguage":"en-US","@id":"https:\/\/1dronas.lt\/en\/produktas\/akumuliatorius-tattu-r-line-850mah-3s-11-4v-95c-xt30u-f-plug\/#primaryimage","url":"https:\/\/1dronas.lt\/wp-content\/uploads\/2026\/01\/2_400681b6-4895-4467-8ee1-e37f7c2601a7.jpg","contentUrl":"https:\/\/1dronas.lt\/wp-content\/uploads\/2026\/01\/2_400681b6-4895-4467-8ee1-e37f7c2601a7.jpg","width":1001,"height":1000},{"@type":"BreadcrumbList","@id":"https:\/\/1dronas.lt\/en\/produktas\/akumuliatorius-tattu-r-line-850mah-3s-11-4v-95c-xt30u-f-plug\/#breadcrumb","itemListElement":[{"@type":"ListItem","position":1,"name":"Home","item":"https:\/\/1dronas.lt\/"},{"@type":"ListItem","position":2,"name":"Parduotuv\u0117","item":"https:\/\/1dronas.lt\/parduotuve\/"},{"@type":"ListItem","position":3,"name":"Akumuliatorius Tattu R-Line 850mAh 3S 11.4V 95C &#8211; XT30"}]},{"@type":"WebSite","@id":"https:\/\/1dronas.lt\/en\/#website","url":"https:\/\/1dronas.lt\/en\/","name":"1dronas.lt","description":"Online store","publisher":{"@id":"https:\/\/1dronas.lt\/en\/#organization"},"potentialAction":[{"@type":"SearchAction","target":{"@type":"EntryPoint","urlTemplate":"https:\/\/1dronas.lt\/en\/?s={search_term_string}"},"query-input":{"@type":"PropertyValueSpecification","valueRequired":true,"valueName":"search_term_string"}}],"inLanguage":"en-US"},{"@type":"Organization","@id":"https:\/\/1dronas.lt\/en\/#organization","name":"1dronas.lt","url":"https:\/\/1dronas.lt\/en\/","logo":{"@type":"ImageObject","inLanguage":"en-US","@id":"https:\/\/1dronas.lt\/en\/#\/schema\/logo\/image\/","url":"https:\/\/1dronas.lt\/wp-content\/uploads\/2020\/12\/Ekrano_kopija__2_-removebg-preview-1-1.png","contentUrl":"https:\/\/1dronas.lt\/wp-content\/uploads\/2020\/12\/Ekrano_kopija__2_-removebg-preview-1-1.png","width":234,"height":81,"caption":"1dronas.lt"},"image":{"@id":"https:\/\/1dronas.lt\/en\/#\/schema\/logo\/image\/"},"sameAs":["https:\/\/www.facebook.com\/1dronas\/"]}]}},"jetpack_sharing_enabled":true,"_links":{"self":[{"href":"https:\/\/1dronas.lt\/en\/wp-json\/wp\/v2\/product\/15200","targetHints":{"allow":["GET"]}}],"collection":[{"href":"https:\/\/1dronas.lt\/en\/wp-json\/wp\/v2\/product"}],"about":[{"href":"https:\/\/1dronas.lt\/en\/wp-json\/wp\/v2\/types\/product"}],"replies":[{"embeddable":true,"href":"https:\/\/1dronas.lt\/en\/wp-json\/wp\/v2\/comments?post=15200"}],"wp:featuredmedia":[{"embeddable":true,"href":"https:\/\/1dronas.lt\/en\/wp-json\/wp\/v2\/media\/15202"}],"wp:attachment":[{"href":"https:\/\/1dronas.lt\/en\/wp-json\/wp\/v2\/media?parent=15200"}],"wp:term":[{"taxonomy":"product_brand","embeddable":true,"href":"https:\/\/1dronas.lt\/en\/wp-json\/wp\/v2\/product_brand?post=15200"},{"taxonomy":"product_cat","embeddable":true,"href":"https:\/\/1dronas.lt\/en\/wp-json\/wp\/v2\/product_cat?post=15200"},{"taxonomy":"product_tag","embeddable":true,"href":"https:\/\/1dronas.lt\/en\/wp-json\/wp\/v2\/product_tag?post=15200"}],"curies":[{"name":"wp","href":"https:\/\/api.w.org\/{rel}","templated":true}]}}