{"id":15192,"date":"2026-01-10T16:43:39","date_gmt":"2026-01-10T14:43:39","guid":{"rendered":"https:\/\/1dronas.lt\/?post_type=product&#038;p=15192"},"modified":"2026-03-24T21:16:49","modified_gmt":"2026-03-24T19:16:49","slug":"skyzone-fpv-5-8g-mushroom-antennas","status":"publish","type":"product","link":"https:\/\/1dronas.lt\/en\/produktas\/skyzone-fpv-5-8g-mushroom-antennas\/","title":{"rendered":"SKYZONE FPV 5.8G Mushroom antenna"},"content":{"rendered":"<p data-start=\"44\" data-end=\"238\">SKYZONE FPV 5.8G Mushroom antennas are compact, reliable antennas designed for 5.8 GHz FPV systems. They ensure a stable signal, less interference and good communication quality during flight. The antennas have a mushroom-shaped design, which helps to more evenly receive and send the signal in various directions. Due to their small size, they are convenient to use for both drones and FPV goggles or receivers. Perfect for everyday flying, training and racing.<\/p>\n<p data-start=\"44\" data-end=\"238\"><strong>Features:<\/strong><\/p>\n<p data-start=\"54\" data-end=\"85\">\u2022 Designed for 5.8 GHz FPV systems;<br \/>\n\u2022 Compact mushroom-shaped design;<br \/>\n\u2022 Good signal stability and reliability;<br \/>\n\u2022 Even signal reception in various directions;<br \/>\n\u2022 Less interference and better image quality;<br \/>\n\u2022 Lightweight and small in size;<br \/>\n\u2022 Suitable for both drones and FPV goggles or receivers.<\/p>\n<p data-start=\"54\" data-end=\"85\"><strong>Specification:<\/strong><\/p>\n<p data-start=\"101\" data-end=\"118\">\u2022 Frequency: 5.8 GHz;<br \/>\n\u2022 Polarization: RHCP;<br \/>\n\u2022 Type: omnidirectional;<br \/>\n\u2022 Gain: about 3.8 dBi;<br \/>\n\u2022 Connector: SMA;<br \/>\n\u2022 Length: 160 mm;<br \/>\n\u2022 Color: black;<br \/>\n\u2022 Weight: about 18\u201320 g;<br \/>\n\u2022 Design: mushroom;<br \/>\n\u2022 Purpose: for sending and receiving FPV video signals.<\/p>\n<p data-start=\"101\" data-end=\"118\"><strong>Package:<\/strong><\/p>\n<p data-start=\"101\" data-end=\"118\">1x SKYZONE FPV 5.8G Mushroom Antennas.<\/p>","protected":false},"excerpt":{"rendered":"<p><span style=\"color: #000000;\">The mushroom shape helps to receive and send the signal more evenly in various directions.<\/span><\/p>\n<p><span style=\"color: #000000;\"><img loading=\"lazy\" decoding=\"async\" class=\"alignnone wp-image-1806\" src=\"https:\/\/1dronas.lt\/wp-content\/uploads\/2021\/05\/delivery-icon.png\" alt=\"\" width=\"24\" height=\"24\" srcset=\"https:\/\/1dronas.lt\/wp-content\/uploads\/2021\/05\/delivery-icon.png 35w, https:\/\/1dronas.lt\/wp-content\/uploads\/2021\/05\/delivery-icon-12x12.png 12w\" sizes=\"auto, (max-width: 24px) 100vw, 24px\" \/>\u00a0<strong>1 \u2013 2 days<\/strong><\/span><\/p>","protected":false},"featured_media":15193,"comment_status":"open","ping_status":"closed","template":"","meta":[],"product_brand":[576],"product_cat":[161],"product_tag":[439,487,54,1105,572],"class_list":{"0":"post-15192","1":"product","2":"type-product","3":"status-publish","4":"has-post-thumbnail","6":"product_brand-skyzone","7":"product_cat-antenos","8":"product_tag-5-8g","9":"product_tag-antena","10":"product_tag-fpv","11":"product_tag-mushroom","12":"product_tag-skyzone","14":"first","15":"outofstock","16":"taxable","17":"shipping-taxable","18":"purchasable","19":"product-type-simple"},"yoast_head":"<!-- This site is optimized with the Yoast SEO plugin v27.4 - https:\/\/yoast.com\/product\/yoast-seo-wordpress\/ -->\n<title>SKYZONE FPV 5.8G Mushroom antena - 1dronas.lt<\/title>\n<meta name=\"robots\" content=\"index, follow, max-snippet:-1, max-image-preview:large, max-video-preview:-1\" \/>\n<link rel=\"canonical\" href=\"https:\/\/1dronas.lt\/en\/produktas\/skyzone-fpv-5-8g-mushroom-antennas\/\" \/>\n<meta property=\"og:locale\" content=\"en_US\" \/>\n<meta property=\"og:type\" content=\"article\" \/>\n<meta property=\"og:title\" content=\"SKYZONE FPV 5.8G Mushroom antena - 1dronas.lt\" \/>\n<meta property=\"og:description\" content=\"Grybo forma padeda tolygiau priimti ir si\u0173sti signal\u0105 \u012fvairiomis kryptimis.  \u00a01 \u2013 2 d. d.\" \/>\n<meta property=\"og:url\" content=\"https:\/\/1dronas.lt\/en\/produktas\/skyzone-fpv-5-8g-mushroom-antennas\/\" \/>\n<meta property=\"og:site_name\" content=\"1dronas.lt\" \/>\n<meta property=\"article:publisher\" content=\"https:\/\/www.facebook.com\/1dronas\/\" \/>\n<meta property=\"article:modified_time\" content=\"2026-03-24T19:16:49+00:00\" \/>\n<meta property=\"og:image\" content=\"https:\/\/1dronas.lt\/wp-content\/uploads\/2026\/01\/5.8g_mushroom_antenna.jpg\" \/>\n\t<meta property=\"og:image:width\" content=\"1000\" \/>\n\t<meta property=\"og:image:height\" content=\"1000\" \/>\n\t<meta property=\"og:image:type\" content=\"image\/jpeg\" \/>\n<meta name=\"twitter:card\" content=\"summary_large_image\" \/>\n<meta name=\"twitter:label1\" content=\"Est. reading time\" \/>\n\t<meta name=\"twitter:data1\" content=\"2 minutes\" \/>\n<script type=\"application\/ld+json\" class=\"yoast-schema-graph\">{\"@context\":\"https:\\\/\\\/schema.org\",\"@graph\":[{\"@type\":\"WebPage\",\"@id\":\"https:\\\/\\\/1dronas.lt\\\/en\\\/produktas\\\/skyzone-fpv-5-8g-mushroom-antennas\\\/\",\"url\":\"https:\\\/\\\/1dronas.lt\\\/en\\\/produktas\\\/skyzone-fpv-5-8g-mushroom-antennas\\\/\",\"name\":\"SKYZONE FPV 5.8G Mushroom antena - 1dronas.lt\",\"isPartOf\":{\"@id\":\"https:\\\/\\\/1dronas.lt\\\/en\\\/#website\"},\"primaryImageOfPage\":{\"@id\":\"https:\\\/\\\/1dronas.lt\\\/en\\\/produktas\\\/skyzone-fpv-5-8g-mushroom-antennas\\\/#primaryimage\"},\"image\":{\"@id\":\"https:\\\/\\\/1dronas.lt\\\/en\\\/produktas\\\/skyzone-fpv-5-8g-mushroom-antennas\\\/#primaryimage\"},\"thumbnailUrl\":\"https:\\\/\\\/1dronas.lt\\\/wp-content\\\/uploads\\\/2026\\\/01\\\/5.8g_mushroom_antenna.jpg\",\"datePublished\":\"2026-01-10T14:43:39+00:00\",\"dateModified\":\"2026-03-24T19:16:49+00:00\",\"breadcrumb\":{\"@id\":\"https:\\\/\\\/1dronas.lt\\\/en\\\/produktas\\\/skyzone-fpv-5-8g-mushroom-antennas\\\/#breadcrumb\"},\"inLanguage\":\"en-US\",\"potentialAction\":[{\"@type\":\"ReadAction\",\"target\":[\"https:\\\/\\\/1dronas.lt\\\/en\\\/produktas\\\/skyzone-fpv-5-8g-mushroom-antennas\\\/\"]}]},{\"@type\":\"ImageObject\",\"inLanguage\":\"en-US\",\"@id\":\"https:\\\/\\\/1dronas.lt\\\/en\\\/produktas\\\/skyzone-fpv-5-8g-mushroom-antennas\\\/#primaryimage\",\"url\":\"https:\\\/\\\/1dronas.lt\\\/wp-content\\\/uploads\\\/2026\\\/01\\\/5.8g_mushroom_antenna.jpg\",\"contentUrl\":\"https:\\\/\\\/1dronas.lt\\\/wp-content\\\/uploads\\\/2026\\\/01\\\/5.8g_mushroom_antenna.jpg\",\"width\":1000,\"height\":1000},{\"@type\":\"BreadcrumbList\",\"@id\":\"https:\\\/\\\/1dronas.lt\\\/en\\\/produktas\\\/skyzone-fpv-5-8g-mushroom-antennas\\\/#breadcrumb\",\"itemListElement\":[{\"@type\":\"ListItem\",\"position\":1,\"name\":\"Home\",\"item\":\"https:\\\/\\\/1dronas.lt\\\/\"},{\"@type\":\"ListItem\",\"position\":2,\"name\":\"Parduotuv\u0117\",\"item\":\"https:\\\/\\\/1dronas.lt\\\/parduotuve\\\/\"},{\"@type\":\"ListItem\",\"position\":3,\"name\":\"SKYZONE FPV 5.8G Mushroom antena\"}]},{\"@type\":\"WebSite\",\"@id\":\"https:\\\/\\\/1dronas.lt\\\/en\\\/#website\",\"url\":\"https:\\\/\\\/1dronas.lt\\\/en\\\/\",\"name\":\"1dronas.lt\",\"description\":\"Internetin\u0117 parduotuv\u0117\",\"publisher\":{\"@id\":\"https:\\\/\\\/1dronas.lt\\\/en\\\/#organization\"},\"potentialAction\":[{\"@type\":\"SearchAction\",\"target\":{\"@type\":\"EntryPoint\",\"urlTemplate\":\"https:\\\/\\\/1dronas.lt\\\/en\\\/?s={search_term_string}\"},\"query-input\":{\"@type\":\"PropertyValueSpecification\",\"valueRequired\":true,\"valueName\":\"search_term_string\"}}],\"inLanguage\":\"en-US\"},{\"@type\":\"Organization\",\"@id\":\"https:\\\/\\\/1dronas.lt\\\/en\\\/#organization\",\"name\":\"1dronas.lt\",\"url\":\"https:\\\/\\\/1dronas.lt\\\/en\\\/\",\"logo\":{\"@type\":\"ImageObject\",\"inLanguage\":\"en-US\",\"@id\":\"https:\\\/\\\/1dronas.lt\\\/en\\\/#\\\/schema\\\/logo\\\/image\\\/\",\"url\":\"https:\\\/\\\/1dronas.lt\\\/wp-content\\\/uploads\\\/2020\\\/12\\\/Ekrano_kopija__2_-removebg-preview-1-1.png\",\"contentUrl\":\"https:\\\/\\\/1dronas.lt\\\/wp-content\\\/uploads\\\/2020\\\/12\\\/Ekrano_kopija__2_-removebg-preview-1-1.png\",\"width\":234,\"height\":81,\"caption\":\"1dronas.lt\"},\"image\":{\"@id\":\"https:\\\/\\\/1dronas.lt\\\/en\\\/#\\\/schema\\\/logo\\\/image\\\/\"},\"sameAs\":[\"https:\\\/\\\/www.facebook.com\\\/1dronas\\\/\"]}]}<\/script>\n<!-- \/ Yoast SEO plugin. -->","yoast_head_json":{"title":"SKYZONE FPV 5.8G Mushroom antena - 1dronas.lt","robots":{"index":"index","follow":"follow","max-snippet":"max-snippet:-1","max-image-preview":"max-image-preview:large","max-video-preview":"max-video-preview:-1"},"canonical":"https:\/\/1dronas.lt\/en\/produktas\/skyzone-fpv-5-8g-mushroom-antennas\/","og_locale":"en_US","og_type":"article","og_title":"SKYZONE FPV 5.8G Mushroom antena - 1dronas.lt","og_description":"Grybo forma padeda tolygiau priimti ir si\u0173sti signal\u0105 \u012fvairiomis kryptimis.  \u00a01 \u2013 2 d. d.","og_url":"https:\/\/1dronas.lt\/en\/produktas\/skyzone-fpv-5-8g-mushroom-antennas\/","og_site_name":"1dronas.lt","article_publisher":"https:\/\/www.facebook.com\/1dronas\/","article_modified_time":"2026-03-24T19:16:49+00:00","og_image":[{"width":1000,"height":1000,"url":"https:\/\/1dronas.lt\/wp-content\/uploads\/2026\/01\/5.8g_mushroom_antenna.jpg","type":"image\/jpeg"}],"twitter_card":"summary_large_image","twitter_misc":{"Est. reading time":"2 minutes"},"schema":{"@context":"https:\/\/schema.org","@graph":[{"@type":"WebPage","@id":"https:\/\/1dronas.lt\/en\/produktas\/skyzone-fpv-5-8g-mushroom-antennas\/","url":"https:\/\/1dronas.lt\/en\/produktas\/skyzone-fpv-5-8g-mushroom-antennas\/","name":"SKYZONE FPV 5.8G Mushroom antena - 1dronas.lt","isPartOf":{"@id":"https:\/\/1dronas.lt\/en\/#website"},"primaryImageOfPage":{"@id":"https:\/\/1dronas.lt\/en\/produktas\/skyzone-fpv-5-8g-mushroom-antennas\/#primaryimage"},"image":{"@id":"https:\/\/1dronas.lt\/en\/produktas\/skyzone-fpv-5-8g-mushroom-antennas\/#primaryimage"},"thumbnailUrl":"https:\/\/1dronas.lt\/wp-content\/uploads\/2026\/01\/5.8g_mushroom_antenna.jpg","datePublished":"2026-01-10T14:43:39+00:00","dateModified":"2026-03-24T19:16:49+00:00","breadcrumb":{"@id":"https:\/\/1dronas.lt\/en\/produktas\/skyzone-fpv-5-8g-mushroom-antennas\/#breadcrumb"},"inLanguage":"en-US","potentialAction":[{"@type":"ReadAction","target":["https:\/\/1dronas.lt\/en\/produktas\/skyzone-fpv-5-8g-mushroom-antennas\/"]}]},{"@type":"ImageObject","inLanguage":"en-US","@id":"https:\/\/1dronas.lt\/en\/produktas\/skyzone-fpv-5-8g-mushroom-antennas\/#primaryimage","url":"https:\/\/1dronas.lt\/wp-content\/uploads\/2026\/01\/5.8g_mushroom_antenna.jpg","contentUrl":"https:\/\/1dronas.lt\/wp-content\/uploads\/2026\/01\/5.8g_mushroom_antenna.jpg","width":1000,"height":1000},{"@type":"BreadcrumbList","@id":"https:\/\/1dronas.lt\/en\/produktas\/skyzone-fpv-5-8g-mushroom-antennas\/#breadcrumb","itemListElement":[{"@type":"ListItem","position":1,"name":"Home","item":"https:\/\/1dronas.lt\/"},{"@type":"ListItem","position":2,"name":"Parduotuv\u0117","item":"https:\/\/1dronas.lt\/parduotuve\/"},{"@type":"ListItem","position":3,"name":"SKYZONE FPV 5.8G Mushroom antena"}]},{"@type":"WebSite","@id":"https:\/\/1dronas.lt\/en\/#website","url":"https:\/\/1dronas.lt\/en\/","name":"1dronas.lt","description":"Online store","publisher":{"@id":"https:\/\/1dronas.lt\/en\/#organization"},"potentialAction":[{"@type":"SearchAction","target":{"@type":"EntryPoint","urlTemplate":"https:\/\/1dronas.lt\/en\/?s={search_term_string}"},"query-input":{"@type":"PropertyValueSpecification","valueRequired":true,"valueName":"search_term_string"}}],"inLanguage":"en-US"},{"@type":"Organization","@id":"https:\/\/1dronas.lt\/en\/#organization","name":"1dronas.lt","url":"https:\/\/1dronas.lt\/en\/","logo":{"@type":"ImageObject","inLanguage":"en-US","@id":"https:\/\/1dronas.lt\/en\/#\/schema\/logo\/image\/","url":"https:\/\/1dronas.lt\/wp-content\/uploads\/2020\/12\/Ekrano_kopija__2_-removebg-preview-1-1.png","contentUrl":"https:\/\/1dronas.lt\/wp-content\/uploads\/2020\/12\/Ekrano_kopija__2_-removebg-preview-1-1.png","width":234,"height":81,"caption":"1dronas.lt"},"image":{"@id":"https:\/\/1dronas.lt\/en\/#\/schema\/logo\/image\/"},"sameAs":["https:\/\/www.facebook.com\/1dronas\/"]}]}},"jetpack_sharing_enabled":true,"_links":{"self":[{"href":"https:\/\/1dronas.lt\/en\/wp-json\/wp\/v2\/product\/15192","targetHints":{"allow":["GET"]}}],"collection":[{"href":"https:\/\/1dronas.lt\/en\/wp-json\/wp\/v2\/product"}],"about":[{"href":"https:\/\/1dronas.lt\/en\/wp-json\/wp\/v2\/types\/product"}],"replies":[{"embeddable":true,"href":"https:\/\/1dronas.lt\/en\/wp-json\/wp\/v2\/comments?post=15192"}],"wp:featuredmedia":[{"embeddable":true,"href":"https:\/\/1dronas.lt\/en\/wp-json\/wp\/v2\/media\/15193"}],"wp:attachment":[{"href":"https:\/\/1dronas.lt\/en\/wp-json\/wp\/v2\/media?parent=15192"}],"wp:term":[{"taxonomy":"product_brand","embeddable":true,"href":"https:\/\/1dronas.lt\/en\/wp-json\/wp\/v2\/product_brand?post=15192"},{"taxonomy":"product_cat","embeddable":true,"href":"https:\/\/1dronas.lt\/en\/wp-json\/wp\/v2\/product_cat?post=15192"},{"taxonomy":"product_tag","embeddable":true,"href":"https:\/\/1dronas.lt\/en\/wp-json\/wp\/v2\/product_tag?post=15192"}],"curies":[{"name":"wp","href":"https:\/\/api.w.org\/{rel}","templated":true}]}}