{"id":15178,"date":"2026-01-10T16:11:34","date_gmt":"2026-01-10T14:11:34","guid":{"rendered":"https:\/\/1dronas.lt\/?post_type=product&#038;p=15178"},"modified":"2026-04-06T18:15:01","modified_gmt":"2026-04-06T15:15:01","slug":"runcam-phoenix-2-joshua-edition-kamera","status":"publish","type":"product","link":"https:\/\/1dronas.lt\/en\/produktas\/runcam-phoenix-2-joshua-edition-kamera\/","title":{"rendered":"RunCam Phoenix 2 Joshua Edition camera"},"content":{"rendered":"<p><iframe loading=\"lazy\" title=\"Runcam Phoenix V2 JB Special Edition - My new favorite FPV camera\" width=\"1020\" height=\"574\" src=\"https:\/\/www.youtube.com\/embed\/2I6q8U6YyzE?feature=oembed\" frameborder=\"0\" allow=\"accelerometer; autoplay; clipboard-write; encrypted-media; gyroscope; picture-in-picture; web-share\" referrerpolicy=\"strict-origin-when-cross-origin\" allowfullscreen><\/iframe><\/p>\n<p><strong>Joshua Edition \u2013 UART control version. <\/strong><\/p>\n<p>The current control mode will be displayed briefly in the upper left corner of the screen.<br \/>\nThe default mode is joystick control.<\/p>\n<p><img loading=\"lazy\" decoding=\"async\" class=\"alignnone wp-image-15186 size-full\" src=\"https:\/\/1dronas.lt\/wp-content\/uploads\/2026\/01\/PHOENIX2_0-e1768053871972.jpg\" alt=\"\" width=\"1920\" height=\"630\" srcset=\"https:\/\/1dronas.lt\/wp-content\/uploads\/2026\/01\/PHOENIX2_0-e1768053871972.jpg 1920w, https:\/\/1dronas.lt\/wp-content\/uploads\/2026\/01\/PHOENIX2_0-e1768053871972-300x98.jpg 300w, https:\/\/1dronas.lt\/wp-content\/uploads\/2026\/01\/PHOENIX2_0-e1768053871972-1024x336.jpg 1024w, https:\/\/1dronas.lt\/wp-content\/uploads\/2026\/01\/PHOENIX2_0-e1768053871972-768x252.jpg 768w, https:\/\/1dronas.lt\/wp-content\/uploads\/2026\/01\/PHOENIX2_0-e1768053871972-1536x504.jpg 1536w, https:\/\/1dronas.lt\/wp-content\/uploads\/2026\/01\/PHOENIX2_0-e1768053871972-18x6.jpg 18w, https:\/\/1dronas.lt\/wp-content\/uploads\/2026\/01\/PHOENIX2_0-e1768053871972-510x167.jpg 510w\" sizes=\"auto, (max-width: 1920px) 100vw, 1920px\" \/><\/p>\n<p><strong>RunCam Phoenix 2 Day &amp; Night freestyle FPV camera<\/strong><\/p>\n<p>The RunCam Phoenix 2 is a day and night FPV camera with a large 1\/2\u2033 image sensor and a wide \u0192\/2.0 aperture, ensuring excellent visibility even in low light conditions. The camera features reduced digital image jitter and a clean, sharp image, making it perfect for freestyle flights at any time of day.<\/p>\n<p><img loading=\"lazy\" decoding=\"async\" class=\"alignnone size-full wp-image-15185\" src=\"https:\/\/1dronas.lt\/wp-content\/uploads\/2026\/01\/PHOENIX2_1.jpg\" alt=\"\" width=\"1920\" height=\"760\" srcset=\"https:\/\/1dronas.lt\/wp-content\/uploads\/2026\/01\/PHOENIX2_1.jpg 1920w, https:\/\/1dronas.lt\/wp-content\/uploads\/2026\/01\/PHOENIX2_1-300x119.jpg 300w, https:\/\/1dronas.lt\/wp-content\/uploads\/2026\/01\/PHOENIX2_1-1024x405.jpg 1024w, https:\/\/1dronas.lt\/wp-content\/uploads\/2026\/01\/PHOENIX2_1-768x304.jpg 768w, https:\/\/1dronas.lt\/wp-content\/uploads\/2026\/01\/PHOENIX2_1-1536x608.jpg 1536w, https:\/\/1dronas.lt\/wp-content\/uploads\/2026\/01\/PHOENIX2_1-18x7.jpg 18w, https:\/\/1dronas.lt\/wp-content\/uploads\/2026\/01\/PHOENIX2_1-510x202.jpg 510w\" sizes=\"auto, (max-width: 1920px) 100vw, 1920px\" \/><\/p>\n<p><strong>Rich and natural colors<\/strong><\/p>\n<p>An updated processor and high-end 1\/2\u2033 image sensor allow the RunCam Phoenix 2 to capture bright, high-definition images with rich yet natural colors, ensuring excellent image quality on every flight.<\/p>\n<p><img loading=\"lazy\" decoding=\"async\" class=\"alignnone size-full wp-image-15184\" src=\"https:\/\/1dronas.lt\/wp-content\/uploads\/2026\/01\/PHOENIX2_2.jpg\" alt=\"\" width=\"1920\" height=\"760\" srcset=\"https:\/\/1dronas.lt\/wp-content\/uploads\/2026\/01\/PHOENIX2_2.jpg 1920w, https:\/\/1dronas.lt\/wp-content\/uploads\/2026\/01\/PHOENIX2_2-300x119.jpg 300w, https:\/\/1dronas.lt\/wp-content\/uploads\/2026\/01\/PHOENIX2_2-1024x405.jpg 1024w, https:\/\/1dronas.lt\/wp-content\/uploads\/2026\/01\/PHOENIX2_2-768x304.jpg 768w, https:\/\/1dronas.lt\/wp-content\/uploads\/2026\/01\/PHOENIX2_2-1536x608.jpg 1536w, https:\/\/1dronas.lt\/wp-content\/uploads\/2026\/01\/PHOENIX2_2-18x7.jpg 18w, https:\/\/1dronas.lt\/wp-content\/uploads\/2026\/01\/PHOENIX2_2-510x202.jpg 510w\" sizes=\"auto, (max-width: 1920px) 100vw, 1920px\" \/><\/p>\n<p><strong>Improved performance in low light environments<\/strong><\/p>\n<p>Thanks to its advanced 1\/2\u2033 Super Global WDR image sensor, the RunCam Phoenix 2 provides even better low-light vision than the RunCam Eagle, allowing you to fly confidently even at dusk or in challenging lighting conditions.<\/p>\n<p><img loading=\"lazy\" decoding=\"async\" class=\"alignnone size-full wp-image-15183\" src=\"https:\/\/1dronas.lt\/wp-content\/uploads\/2026\/01\/PHOENIX2_3.jpg\" alt=\"\" width=\"1920\" height=\"760\" srcset=\"https:\/\/1dronas.lt\/wp-content\/uploads\/2026\/01\/PHOENIX2_3.jpg 1920w, https:\/\/1dronas.lt\/wp-content\/uploads\/2026\/01\/PHOENIX2_3-300x119.jpg 300w, https:\/\/1dronas.lt\/wp-content\/uploads\/2026\/01\/PHOENIX2_3-1024x405.jpg 1024w, https:\/\/1dronas.lt\/wp-content\/uploads\/2026\/01\/PHOENIX2_3-768x304.jpg 768w, https:\/\/1dronas.lt\/wp-content\/uploads\/2026\/01\/PHOENIX2_3-1536x608.jpg 1536w, https:\/\/1dronas.lt\/wp-content\/uploads\/2026\/01\/PHOENIX2_3-18x7.jpg 18w, https:\/\/1dronas.lt\/wp-content\/uploads\/2026\/01\/PHOENIX2_3-510x202.jpg 510w\" sizes=\"auto, (max-width: 1920px) 100vw, 1920px\" \/><\/p>\n<p><strong><em>F<\/em>\/2.0 wide lens with 6-layer glass<\/strong><\/p>\n<p>A high-quality 6-layer glass lens with an \u0192\/2.0 aperture reduces red reflections and purple outlines, so the image remains cleaner, sharper and with more natural colors.<\/p>\n<p><img loading=\"lazy\" decoding=\"async\" class=\"alignnone size-full wp-image-15182\" src=\"https:\/\/1dronas.lt\/wp-content\/uploads\/2026\/01\/PHOENIX2_4.jpg\" alt=\"\" width=\"1920\" height=\"760\" srcset=\"https:\/\/1dronas.lt\/wp-content\/uploads\/2026\/01\/PHOENIX2_4.jpg 1920w, https:\/\/1dronas.lt\/wp-content\/uploads\/2026\/01\/PHOENIX2_4-300x119.jpg 300w, https:\/\/1dronas.lt\/wp-content\/uploads\/2026\/01\/PHOENIX2_4-1024x405.jpg 1024w, https:\/\/1dronas.lt\/wp-content\/uploads\/2026\/01\/PHOENIX2_4-768x304.jpg 768w, https:\/\/1dronas.lt\/wp-content\/uploads\/2026\/01\/PHOENIX2_4-1536x608.jpg 1536w, https:\/\/1dronas.lt\/wp-content\/uploads\/2026\/01\/PHOENIX2_4-18x7.jpg 18w, https:\/\/1dronas.lt\/wp-content\/uploads\/2026\/01\/PHOENIX2_4-510x202.jpg 510w\" sizes=\"auto, (max-width: 1920px) 100vw, 1920px\" \/><\/p>\n<p><strong>Low video latency<\/strong><\/p>\n<p>The camera features extremely low video transmission latency, comparable to the RunCam Eagle model, making it perfect for smooth and precise freestyle flights.<\/p>\n<p><img loading=\"lazy\" decoding=\"async\" class=\"alignnone wp-image-15181 size-full\" src=\"https:\/\/1dronas.lt\/wp-content\/uploads\/2026\/01\/PHOENIX2_5-e1768061521406.jpg\" alt=\"\" width=\"1920\" height=\"608\" srcset=\"https:\/\/1dronas.lt\/wp-content\/uploads\/2026\/01\/PHOENIX2_5-e1768061521406.jpg 1920w, https:\/\/1dronas.lt\/wp-content\/uploads\/2026\/01\/PHOENIX2_5-e1768061521406-300x95.jpg 300w, https:\/\/1dronas.lt\/wp-content\/uploads\/2026\/01\/PHOENIX2_5-e1768061521406-1024x324.jpg 1024w, https:\/\/1dronas.lt\/wp-content\/uploads\/2026\/01\/PHOENIX2_5-e1768061521406-768x243.jpg 768w, https:\/\/1dronas.lt\/wp-content\/uploads\/2026\/01\/PHOENIX2_5-e1768061521406-1536x486.jpg 1536w, https:\/\/1dronas.lt\/wp-content\/uploads\/2026\/01\/PHOENIX2_5-e1768061521406-18x6.jpg 18w, https:\/\/1dronas.lt\/wp-content\/uploads\/2026\/01\/PHOENIX2_5-e1768061521406-510x162.jpg 510w\" sizes=\"auto, (max-width: 1920px) 100vw, 1920px\" \/><\/p>\n<p><strong>Specification:<\/strong><\/p>\n<p>\u2022 Product name: RunCam Phoenix 2 Joshua Edition;<br \/>\n\u2022 Image sensor: 1\/2\u2033 CMOS;<br \/>\n\u2022 Horizontal resolution: 1000 TV lines (TVL);<br \/>\n\u2022 Lens: 2.1 mm (M12), FOV 155\u00b0 (4:3);<br \/>\n\u2022 Screen format: 4:3 \/ 16:9, switchable;<br \/>\n\u2022 Mirror Image \/ Flip: Can be enabled;<br \/>\n\u2022 Video signal system: PAL \/ NTSC, switchable;<br \/>\n\u2022 Signal-to-noise ratio (S\/N): &gt; 50 dB (AGC off);<br \/>\n\u2022 Electronic shutter speed: Automatic;<br \/>\n\u2022 Automatic Gain Control (AGC): Automatic;<br \/>\n\u2022 Minimum illumination: 0.001 Lux @ F1.2;<br \/>\n\u2022 Wide Dynamic Range (WDR): Global WDR;<br \/>\n\u2022 Day\/night modes: Color\/Black and white\/External\/Auto;<br \/>\n\u2022 Menu control: Wired control;<br \/>\n\u2022 Power supply: DC 5-36 V;<br \/>\n\u2022 Current strength:<br \/>\n200mA @ 5V;<br \/>\n85mA @ 12V;<br \/>\n\u2022 Housing material: ABS plastic;<br \/>\n\u2022 Net weight: 9 g;<br \/>\n\u2022 Dimensions: 19 mm \u00d7 19 mm \u00d7 19 mm.<\/p>\n<p><strong>Measurements:<\/strong><\/p>\n<p><img loading=\"lazy\" decoding=\"async\" class=\"alignnone  wp-image-15231\" src=\"https:\/\/1dronas.lt\/wp-content\/uploads\/2026\/01\/PHOENIX2_6.jpg\" alt=\"\" width=\"948\" height=\"333\" srcset=\"https:\/\/1dronas.lt\/wp-content\/uploads\/2026\/01\/PHOENIX2_6.jpg 1448w, https:\/\/1dronas.lt\/wp-content\/uploads\/2026\/01\/PHOENIX2_6-300x105.jpg 300w, https:\/\/1dronas.lt\/wp-content\/uploads\/2026\/01\/PHOENIX2_6-1024x360.jpg 1024w, https:\/\/1dronas.lt\/wp-content\/uploads\/2026\/01\/PHOENIX2_6-768x270.jpg 768w, https:\/\/1dronas.lt\/wp-content\/uploads\/2026\/01\/PHOENIX2_6-18x6.jpg 18w, https:\/\/1dronas.lt\/wp-content\/uploads\/2026\/01\/PHOENIX2_6-510x179.jpg 510w\" sizes=\"auto, (max-width: 948px) 100vw, 948px\" \/><\/p>\n<p><strong>Package:<\/strong><\/p>\n<p>1 x RunCam Phoenix 2 Joshua Edition camera;<br \/>\n1 x 6-pin FPV silicone cable;<br \/>\n1 x set of mounting screws;<br \/>\n1 x user manual.<\/p>","protected":false},"excerpt":{"rendered":"<p><span style=\"color: #282828;\">The high-end FPV camera with a 1\/2\u2033 CMOS sensor, \u0192\/2.0 lens and Global WDR will ensure a sharp image, rich colors and excellent visibility even in low light.<\/span><\/p>\n<p><span style=\"font-size: 90%; color: #282828;\"><img loading=\"lazy\" decoding=\"async\" class=\"alignnone wp-image-1806\" src=\"https:\/\/1dronas.lt\/wp-content\/uploads\/2021\/05\/delivery-icon.png.webp\" alt=\"\" width=\"24\" height=\"24\" srcset=\"https:\/\/1dronas.lt\/wp-content\/uploads\/2021\/05\/delivery-icon.png 35w, https:\/\/1dronas.lt\/wp-content\/uploads\/2021\/05\/delivery-icon-12x12.png 12w\" sizes=\"auto, (max-width: 24px) 100vw, 24px\" \/> \u00a0<strong>1 \u2013 2 days<\/strong><\/span><\/p>","protected":false},"featured_media":15190,"comment_status":"open","ping_status":"closed","template":"","meta":[],"product_brand":[499],"product_cat":[191],"product_tag":[401,1109,632],"class_list":{"0":"post-15178","1":"product","2":"type-product","3":"status-publish","4":"has-post-thumbnail","6":"product_brand-runcam","7":"product_cat-kameros","8":"product_tag-joshua-bardwell","9":"product_tag-phoenix-2","10":"product_tag-runcam","12":"first","13":"instock","14":"taxable","15":"shipping-taxable","16":"purchasable","17":"product-type-simple"},"yoast_head":"<!-- This site is optimized with the Yoast SEO plugin v27.4 - https:\/\/yoast.com\/product\/yoast-seo-wordpress\/ -->\n<title>RunCam Phoenix 2 Joshua Edition kamera - 1dronas.lt<\/title>\n<meta name=\"robots\" content=\"index, follow, max-snippet:-1, max-image-preview:large, max-video-preview:-1\" \/>\n<link rel=\"canonical\" href=\"https:\/\/1dronas.lt\/en\/produktas\/runcam-phoenix-2-joshua-edition-kamera\/\" \/>\n<meta property=\"og:locale\" content=\"en_US\" \/>\n<meta property=\"og:type\" content=\"article\" \/>\n<meta property=\"og:title\" content=\"RunCam Phoenix 2 Joshua Edition kamera - 1dronas.lt\" \/>\n<meta property=\"og:description\" content=\"Auk\u0161tos klas\u0117s FPV kamera su 1\/2&quot; CMOS jutikliu, \u0192\/2.0 objektyvu ir Global WDR u\u017etikrins ry\u0161k\u0173 vaizd\u0105, sodrias spalvas ir puik\u0173 matomum\u0105 net esant prastam ap\u0161vietimui.   \u00a01 \u2013 2 d. d.\" \/>\n<meta property=\"og:url\" content=\"https:\/\/1dronas.lt\/en\/produktas\/runcam-phoenix-2-joshua-edition-kamera\/\" \/>\n<meta property=\"og:site_name\" content=\"1dronas.lt\" \/>\n<meta property=\"article:publisher\" content=\"https:\/\/www.facebook.com\/1dronas\/\" \/>\n<meta property=\"article:modified_time\" content=\"2026-04-06T15:15:01+00:00\" \/>\n<meta property=\"og:image\" content=\"https:\/\/1dronas.lt\/wp-content\/uploads\/2026\/01\/006__59698.jpg\" \/>\n\t<meta property=\"og:image:width\" content=\"1000\" \/>\n\t<meta property=\"og:image:height\" content=\"1000\" \/>\n\t<meta property=\"og:image:type\" content=\"image\/jpeg\" \/>\n<meta name=\"twitter:card\" content=\"summary_large_image\" \/>\n<meta name=\"twitter:label1\" content=\"Est. reading time\" \/>\n\t<meta name=\"twitter:data1\" content=\"4 minutes\" \/>\n<script type=\"application\/ld+json\" class=\"yoast-schema-graph\">{\"@context\":\"https:\\\/\\\/schema.org\",\"@graph\":[{\"@type\":\"WebPage\",\"@id\":\"https:\\\/\\\/1dronas.lt\\\/en\\\/produktas\\\/runcam-phoenix-2-joshua-edition-kamera\\\/\",\"url\":\"https:\\\/\\\/1dronas.lt\\\/en\\\/produktas\\\/runcam-phoenix-2-joshua-edition-kamera\\\/\",\"name\":\"RunCam Phoenix 2 Joshua Edition kamera - 1dronas.lt\",\"isPartOf\":{\"@id\":\"https:\\\/\\\/1dronas.lt\\\/en\\\/#website\"},\"primaryImageOfPage\":{\"@id\":\"https:\\\/\\\/1dronas.lt\\\/en\\\/produktas\\\/runcam-phoenix-2-joshua-edition-kamera\\\/#primaryimage\"},\"image\":{\"@id\":\"https:\\\/\\\/1dronas.lt\\\/en\\\/produktas\\\/runcam-phoenix-2-joshua-edition-kamera\\\/#primaryimage\"},\"thumbnailUrl\":\"https:\\\/\\\/1dronas.lt\\\/wp-content\\\/uploads\\\/2026\\\/01\\\/006__59698.jpg\",\"datePublished\":\"2026-01-10T14:11:34+00:00\",\"dateModified\":\"2026-04-06T15:15:01+00:00\",\"breadcrumb\":{\"@id\":\"https:\\\/\\\/1dronas.lt\\\/en\\\/produktas\\\/runcam-phoenix-2-joshua-edition-kamera\\\/#breadcrumb\"},\"inLanguage\":\"en-US\",\"potentialAction\":[{\"@type\":\"ReadAction\",\"target\":[\"https:\\\/\\\/1dronas.lt\\\/en\\\/produktas\\\/runcam-phoenix-2-joshua-edition-kamera\\\/\"]}]},{\"@type\":\"ImageObject\",\"inLanguage\":\"en-US\",\"@id\":\"https:\\\/\\\/1dronas.lt\\\/en\\\/produktas\\\/runcam-phoenix-2-joshua-edition-kamera\\\/#primaryimage\",\"url\":\"https:\\\/\\\/1dronas.lt\\\/wp-content\\\/uploads\\\/2026\\\/01\\\/006__59698.jpg\",\"contentUrl\":\"https:\\\/\\\/1dronas.lt\\\/wp-content\\\/uploads\\\/2026\\\/01\\\/006__59698.jpg\",\"width\":1000,\"height\":1000},{\"@type\":\"BreadcrumbList\",\"@id\":\"https:\\\/\\\/1dronas.lt\\\/en\\\/produktas\\\/runcam-phoenix-2-joshua-edition-kamera\\\/#breadcrumb\",\"itemListElement\":[{\"@type\":\"ListItem\",\"position\":1,\"name\":\"Home\",\"item\":\"https:\\\/\\\/1dronas.lt\\\/\"},{\"@type\":\"ListItem\",\"position\":2,\"name\":\"Parduotuv\u0117\",\"item\":\"https:\\\/\\\/1dronas.lt\\\/parduotuve\\\/\"},{\"@type\":\"ListItem\",\"position\":3,\"name\":\"RunCam Phoenix 2 Joshua Edition kamera\"}]},{\"@type\":\"WebSite\",\"@id\":\"https:\\\/\\\/1dronas.lt\\\/en\\\/#website\",\"url\":\"https:\\\/\\\/1dronas.lt\\\/en\\\/\",\"name\":\"1dronas.lt\",\"description\":\"Internetin\u0117 parduotuv\u0117\",\"publisher\":{\"@id\":\"https:\\\/\\\/1dronas.lt\\\/en\\\/#organization\"},\"potentialAction\":[{\"@type\":\"SearchAction\",\"target\":{\"@type\":\"EntryPoint\",\"urlTemplate\":\"https:\\\/\\\/1dronas.lt\\\/en\\\/?s={search_term_string}\"},\"query-input\":{\"@type\":\"PropertyValueSpecification\",\"valueRequired\":true,\"valueName\":\"search_term_string\"}}],\"inLanguage\":\"en-US\"},{\"@type\":\"Organization\",\"@id\":\"https:\\\/\\\/1dronas.lt\\\/en\\\/#organization\",\"name\":\"1dronas.lt\",\"url\":\"https:\\\/\\\/1dronas.lt\\\/en\\\/\",\"logo\":{\"@type\":\"ImageObject\",\"inLanguage\":\"en-US\",\"@id\":\"https:\\\/\\\/1dronas.lt\\\/en\\\/#\\\/schema\\\/logo\\\/image\\\/\",\"url\":\"https:\\\/\\\/1dronas.lt\\\/wp-content\\\/uploads\\\/2020\\\/12\\\/Ekrano_kopija__2_-removebg-preview-1-1.png\",\"contentUrl\":\"https:\\\/\\\/1dronas.lt\\\/wp-content\\\/uploads\\\/2020\\\/12\\\/Ekrano_kopija__2_-removebg-preview-1-1.png\",\"width\":234,\"height\":81,\"caption\":\"1dronas.lt\"},\"image\":{\"@id\":\"https:\\\/\\\/1dronas.lt\\\/en\\\/#\\\/schema\\\/logo\\\/image\\\/\"},\"sameAs\":[\"https:\\\/\\\/www.facebook.com\\\/1dronas\\\/\"]}]}<\/script>\n<!-- \/ Yoast SEO plugin. -->","yoast_head_json":{"title":"RunCam Phoenix 2 Joshua Edition kamera - 1dronas.lt","robots":{"index":"index","follow":"follow","max-snippet":"max-snippet:-1","max-image-preview":"max-image-preview:large","max-video-preview":"max-video-preview:-1"},"canonical":"https:\/\/1dronas.lt\/en\/produktas\/runcam-phoenix-2-joshua-edition-kamera\/","og_locale":"en_US","og_type":"article","og_title":"RunCam Phoenix 2 Joshua Edition kamera - 1dronas.lt","og_description":"Auk\u0161tos klas\u0117s FPV kamera su 1\/2\" CMOS jutikliu, \u0192\/2.0 objektyvu ir Global WDR u\u017etikrins ry\u0161k\u0173 vaizd\u0105, sodrias spalvas ir puik\u0173 matomum\u0105 net esant prastam ap\u0161vietimui.   \u00a01 \u2013 2 d. d.","og_url":"https:\/\/1dronas.lt\/en\/produktas\/runcam-phoenix-2-joshua-edition-kamera\/","og_site_name":"1dronas.lt","article_publisher":"https:\/\/www.facebook.com\/1dronas\/","article_modified_time":"2026-04-06T15:15:01+00:00","og_image":[{"width":1000,"height":1000,"url":"https:\/\/1dronas.lt\/wp-content\/uploads\/2026\/01\/006__59698.jpg","type":"image\/jpeg"}],"twitter_card":"summary_large_image","twitter_misc":{"Est. reading time":"4 minutes"},"schema":{"@context":"https:\/\/schema.org","@graph":[{"@type":"WebPage","@id":"https:\/\/1dronas.lt\/en\/produktas\/runcam-phoenix-2-joshua-edition-kamera\/","url":"https:\/\/1dronas.lt\/en\/produktas\/runcam-phoenix-2-joshua-edition-kamera\/","name":"RunCam Phoenix 2 Joshua Edition kamera - 1dronas.lt","isPartOf":{"@id":"https:\/\/1dronas.lt\/en\/#website"},"primaryImageOfPage":{"@id":"https:\/\/1dronas.lt\/en\/produktas\/runcam-phoenix-2-joshua-edition-kamera\/#primaryimage"},"image":{"@id":"https:\/\/1dronas.lt\/en\/produktas\/runcam-phoenix-2-joshua-edition-kamera\/#primaryimage"},"thumbnailUrl":"https:\/\/1dronas.lt\/wp-content\/uploads\/2026\/01\/006__59698.jpg","datePublished":"2026-01-10T14:11:34+00:00","dateModified":"2026-04-06T15:15:01+00:00","breadcrumb":{"@id":"https:\/\/1dronas.lt\/en\/produktas\/runcam-phoenix-2-joshua-edition-kamera\/#breadcrumb"},"inLanguage":"en-US","potentialAction":[{"@type":"ReadAction","target":["https:\/\/1dronas.lt\/en\/produktas\/runcam-phoenix-2-joshua-edition-kamera\/"]}]},{"@type":"ImageObject","inLanguage":"en-US","@id":"https:\/\/1dronas.lt\/en\/produktas\/runcam-phoenix-2-joshua-edition-kamera\/#primaryimage","url":"https:\/\/1dronas.lt\/wp-content\/uploads\/2026\/01\/006__59698.jpg","contentUrl":"https:\/\/1dronas.lt\/wp-content\/uploads\/2026\/01\/006__59698.jpg","width":1000,"height":1000},{"@type":"BreadcrumbList","@id":"https:\/\/1dronas.lt\/en\/produktas\/runcam-phoenix-2-joshua-edition-kamera\/#breadcrumb","itemListElement":[{"@type":"ListItem","position":1,"name":"Home","item":"https:\/\/1dronas.lt\/"},{"@type":"ListItem","position":2,"name":"Parduotuv\u0117","item":"https:\/\/1dronas.lt\/parduotuve\/"},{"@type":"ListItem","position":3,"name":"RunCam Phoenix 2 Joshua Edition kamera"}]},{"@type":"WebSite","@id":"https:\/\/1dronas.lt\/en\/#website","url":"https:\/\/1dronas.lt\/en\/","name":"1dronas.lt","description":"Online store","publisher":{"@id":"https:\/\/1dronas.lt\/en\/#organization"},"potentialAction":[{"@type":"SearchAction","target":{"@type":"EntryPoint","urlTemplate":"https:\/\/1dronas.lt\/en\/?s={search_term_string}"},"query-input":{"@type":"PropertyValueSpecification","valueRequired":true,"valueName":"search_term_string"}}],"inLanguage":"en-US"},{"@type":"Organization","@id":"https:\/\/1dronas.lt\/en\/#organization","name":"1dronas.lt","url":"https:\/\/1dronas.lt\/en\/","logo":{"@type":"ImageObject","inLanguage":"en-US","@id":"https:\/\/1dronas.lt\/en\/#\/schema\/logo\/image\/","url":"https:\/\/1dronas.lt\/wp-content\/uploads\/2020\/12\/Ekrano_kopija__2_-removebg-preview-1-1.png","contentUrl":"https:\/\/1dronas.lt\/wp-content\/uploads\/2020\/12\/Ekrano_kopija__2_-removebg-preview-1-1.png","width":234,"height":81,"caption":"1dronas.lt"},"image":{"@id":"https:\/\/1dronas.lt\/en\/#\/schema\/logo\/image\/"},"sameAs":["https:\/\/www.facebook.com\/1dronas\/"]}]}},"jetpack_sharing_enabled":true,"_links":{"self":[{"href":"https:\/\/1dronas.lt\/en\/wp-json\/wp\/v2\/product\/15178","targetHints":{"allow":["GET"]}}],"collection":[{"href":"https:\/\/1dronas.lt\/en\/wp-json\/wp\/v2\/product"}],"about":[{"href":"https:\/\/1dronas.lt\/en\/wp-json\/wp\/v2\/types\/product"}],"replies":[{"embeddable":true,"href":"https:\/\/1dronas.lt\/en\/wp-json\/wp\/v2\/comments?post=15178"}],"wp:featuredmedia":[{"embeddable":true,"href":"https:\/\/1dronas.lt\/en\/wp-json\/wp\/v2\/media\/15190"}],"wp:attachment":[{"href":"https:\/\/1dronas.lt\/en\/wp-json\/wp\/v2\/media?parent=15178"}],"wp:term":[{"taxonomy":"product_brand","embeddable":true,"href":"https:\/\/1dronas.lt\/en\/wp-json\/wp\/v2\/product_brand?post=15178"},{"taxonomy":"product_cat","embeddable":true,"href":"https:\/\/1dronas.lt\/en\/wp-json\/wp\/v2\/product_cat?post=15178"},{"taxonomy":"product_tag","embeddable":true,"href":"https:\/\/1dronas.lt\/en\/wp-json\/wp\/v2\/product_tag?post=15178"}],"curies":[{"name":"wp","href":"https:\/\/api.w.org\/{rel}","templated":true}]}}