{"id":15164,"date":"2026-01-10T14:33:18","date_gmt":"2026-01-10T12:33:18","guid":{"rendered":"https:\/\/1dronas.lt\/?post_type=product&#038;p=15164"},"modified":"2026-02-06T18:17:02","modified_gmt":"2026-02-06T16:17:02","slug":"runcam-robin3-kamera","status":"publish","type":"product","link":"https:\/\/1dronas.lt\/en\/produktas\/runcam-robin3-kamera\/","title":{"rendered":"RunCam Robin3 camera"},"content":{"rendered":"<p><strong>RunCam Robin 3 - 1200TVL FPV camera<\/strong><\/p>\n<p>Compact and lightweight FPV camera with 1200TVL resolution, designed to provide bright, stable and reliable images for everyday FPV flights. Ideal for both beginners and experienced pilots.<\/p>\n<p><img loading=\"lazy\" decoding=\"async\" class=\"alignnone size-full wp-image-15168\" src=\"https:\/\/1dronas.lt\/wp-content\/uploads\/2026\/01\/RoBin-EN_01.jpg\" alt=\"\" width=\"960\" height=\"1039\" srcset=\"https:\/\/1dronas.lt\/wp-content\/uploads\/2026\/01\/RoBin-EN_01.jpg 960w, https:\/\/1dronas.lt\/wp-content\/uploads\/2026\/01\/RoBin-EN_01-277x300.jpg 277w, https:\/\/1dronas.lt\/wp-content\/uploads\/2026\/01\/RoBin-EN_01-946x1024.jpg 946w, https:\/\/1dronas.lt\/wp-content\/uploads\/2026\/01\/RoBin-EN_01-768x831.jpg 768w, https:\/\/1dronas.lt\/wp-content\/uploads\/2026\/01\/RoBin-EN_01-11x12.jpg 11w, https:\/\/1dronas.lt\/wp-content\/uploads\/2026\/01\/RoBin-EN_01-510x552.jpg 510w\" sizes=\"auto, (max-width: 960px) 100vw, 960px\" \/><\/p>\n<p><strong>1\/3\u2033 CMOS sensor and sturdy sandwich construction<\/strong><\/p>\n<p>The RunCam Robin 3 uses a 1\/3\u2033 4:3 CMOS sensor, which provides a larger vertical angle of view and allows for better visibility of the track during FPV flights. The robust \u201esandwich\u201c type construction \u2013 the front part, main board and rear cover, connected by four corner screws \u2013 ensures greater reliability, dust resistance and a longer camera life.<\/p>\n<p>&nbsp;<\/p>\n<p><img loading=\"lazy\" decoding=\"async\" class=\"alignnone size-full wp-image-15167\" src=\"https:\/\/1dronas.lt\/wp-content\/uploads\/2026\/01\/RoBin-EN_02.jpg\" alt=\"\" width=\"960\" height=\"1483\" srcset=\"https:\/\/1dronas.lt\/wp-content\/uploads\/2026\/01\/RoBin-EN_02.jpg 960w, https:\/\/1dronas.lt\/wp-content\/uploads\/2026\/01\/RoBin-EN_02-194x300.jpg 194w, https:\/\/1dronas.lt\/wp-content\/uploads\/2026\/01\/RoBin-EN_02-663x1024.jpg 663w, https:\/\/1dronas.lt\/wp-content\/uploads\/2026\/01\/RoBin-EN_02-768x1186.jpg 768w, https:\/\/1dronas.lt\/wp-content\/uploads\/2026\/01\/RoBin-EN_02-8x12.jpg 8w, https:\/\/1dronas.lt\/wp-content\/uploads\/2026\/01\/RoBin-EN_02-510x788.jpg 510w\" sizes=\"auto, (max-width: 960px) 100vw, 960px\" \/><\/p>\n<p><strong>Universal 6-pin socket<\/strong><\/p>\n<p>RunCam&#039;s 6-pin universal connector supports menu settings and allows for easy configuration of the camera via cable. Supports 5-23V power, video output, and menu control with a single cable.<\/p>\n<p><img loading=\"lazy\" decoding=\"async\" class=\"alignnone size-full wp-image-15174\" src=\"https:\/\/1dronas.lt\/wp-content\/uploads\/2026\/01\/RoBin-EN_03.jpg\" alt=\"\" width=\"960\" height=\"609\" srcset=\"https:\/\/1dronas.lt\/wp-content\/uploads\/2026\/01\/RoBin-EN_03.jpg 960w, https:\/\/1dronas.lt\/wp-content\/uploads\/2026\/01\/RoBin-EN_03-300x190.jpg 300w, https:\/\/1dronas.lt\/wp-content\/uploads\/2026\/01\/RoBin-EN_03-768x487.jpg 768w, https:\/\/1dronas.lt\/wp-content\/uploads\/2026\/01\/RoBin-EN_03-18x12.jpg 18w, https:\/\/1dronas.lt\/wp-content\/uploads\/2026\/01\/RoBin-EN_03-510x324.jpg 510w\" sizes=\"auto, (max-width: 960px) 100vw, 960px\" \/><\/p>\n<p><strong>Specification:<\/strong><\/p>\n<p>\u2022 Model: RunCam Robin 3;<br \/>\n\u2022 Image sensor: 1\/3\u2033 CMOS;<br \/>\n\u2022 Horizontal resolution: 1200 TV lines (TVL);<br \/>\n\u2022 Lens:<br \/>\nField of view FOV \u2013 Diagonal: 150\u00b0, Horizontal: 120\u00b0, Vertical: 87\u00b0;<br \/>\n\u2022 Screen format: 4:3;<br \/>\n\u2022 Mirror Image \/ Flip: Can be enabled;<br \/>\n\u2022 Video signal system: NTSC \/ PAL;<br \/>\n\u2022 Shutter: Rolling Shutter;<br \/>\n\u2022 Day\/Night mode: Color\/Black and white;<br \/>\n\u2022 Menu control: Wired control;<br \/>\n\u2022 Power supply: DC 5-23 V;<br \/>\n\u2022 Current strength:<br \/>\n120mA @ 5V;<br \/>\n60mA @ 12V;<br \/>\n\u2022 Housing material: ABS plastic;<br \/>\n\u2022 Net weight: 5.3 g;<br \/>\n\u2022 Dimensions: 19 mm \u00d7 19 mm \u00d7 19 mm.<\/p>\n<p><strong>Package:<\/strong><\/p>\n<p>1 x RunCam Robin 3 camera;<br \/>\n1 x 6-pin FPV silicone cable;<br \/>\n1 x set of mounting screws;<br \/>\n1 x user manual.<\/p>\n<p><img loading=\"lazy\" decoding=\"async\" class=\"alignnone wp-image-15175\" src=\"https:\/\/1dronas.lt\/wp-content\/uploads\/2026\/01\/Untitled-design-1-e1768047791220.jpg\" alt=\"\" width=\"812\" height=\"390\" srcset=\"https:\/\/1dronas.lt\/wp-content\/uploads\/2026\/01\/Untitled-design-1-e1768047791220.jpg 960w, https:\/\/1dronas.lt\/wp-content\/uploads\/2026\/01\/Untitled-design-1-e1768047791220-300x144.jpg 300w, https:\/\/1dronas.lt\/wp-content\/uploads\/2026\/01\/Untitled-design-1-e1768047791220-768x369.jpg 768w, https:\/\/1dronas.lt\/wp-content\/uploads\/2026\/01\/Untitled-design-1-e1768047791220-18x9.jpg 18w, https:\/\/1dronas.lt\/wp-content\/uploads\/2026\/01\/Untitled-design-1-e1768047791220-510x245.jpg 510w\" sizes=\"auto, (max-width: 812px) 100vw, 812px\" \/><\/p>","protected":false},"excerpt":{"rendered":"<p><span style=\"color: #282828;\">Compact FPV camera with 1200TVL resolution and 1\/3\u2033 CMOS sensor, providing a wide viewing angle and bright, stable image for everyday FPV flights.<\/span><\/p>\n<p><span style=\"font-size: 90%; color: #282828;\"><strong><img loading=\"lazy\" decoding=\"async\" class=\"alignnone wp-image-1806\" src=\"https:\/\/1dronas.lt\/wp-content\/uploads\/2021\/05\/delivery-icon.png.webp\" alt=\"\" width=\"24\" height=\"24\" srcset=\"https:\/\/1dronas.lt\/wp-content\/uploads\/2021\/05\/delivery-icon.png 35w, https:\/\/1dronas.lt\/wp-content\/uploads\/2021\/05\/delivery-icon-12x12.png 12w\" sizes=\"auto, (max-width: 24px) 100vw, 24px\" \/>\u00a0\u00a01 \u2013 2 days<\/strong><\/span><\/p>","protected":false},"featured_media":15171,"comment_status":"open","ping_status":"closed","template":"","meta":[],"product_brand":[499],"product_cat":[191],"product_tag":[1101,1102,437,433,1100,632],"class_list":{"0":"post-15164","1":"product","2":"type-product","3":"status-publish","4":"has-post-thumbnail","6":"product_brand-runcam","7":"product_cat-kameros","8":"product_tag-1200tvl","9":"product_tag-43-cmos","10":"product_tag-camera","11":"product_tag-kamera","12":"product_tag-robin-3","13":"product_tag-runcam","15":"first","16":"instock","17":"taxable","18":"shipping-taxable","19":"purchasable","20":"product-type-simple"},"yoast_head":"<!-- This site is optimized with the Yoast SEO plugin v27.4 - https:\/\/yoast.com\/product\/yoast-seo-wordpress\/ -->\n<title>RunCam Robin3 kamera - 1dronas.lt<\/title>\n<meta name=\"robots\" content=\"index, follow, max-snippet:-1, max-image-preview:large, max-video-preview:-1\" \/>\n<link rel=\"canonical\" href=\"https:\/\/1dronas.lt\/en\/produktas\/runcam-robin3-kamera\/\" \/>\n<meta property=\"og:locale\" content=\"en_US\" \/>\n<meta property=\"og:type\" content=\"article\" \/>\n<meta property=\"og:title\" content=\"RunCam Robin3 kamera - 1dronas.lt\" \/>\n<meta property=\"og:description\" content=\"Kompakti\u0161ka FPV kamera su 1200TVL rai\u0161ka ir 1\/3&quot; CMOS jutikliu, u\u017etikrinanti plat\u0173 matymo kamp\u0105 bei ry\u0161k\u0173, stabil\u0173 vaizd\u0105 kasdieniams FPV skryd\u017eiams.  \u00a0\u00a01 \u2013 2 d.d.\" \/>\n<meta property=\"og:url\" content=\"https:\/\/1dronas.lt\/en\/produktas\/runcam-robin3-kamera\/\" \/>\n<meta property=\"og:site_name\" content=\"1dronas.lt\" \/>\n<meta property=\"article:publisher\" content=\"https:\/\/www.facebook.com\/1dronas\/\" \/>\n<meta property=\"article:modified_time\" content=\"2026-02-06T16:17:02+00:00\" \/>\n<meta property=\"og:image\" content=\"https:\/\/1dronas.lt\/wp-content\/uploads\/2026\/01\/1__46081.jpg\" \/>\n\t<meta property=\"og:image:width\" content=\"1000\" \/>\n\t<meta property=\"og:image:height\" content=\"1000\" \/>\n\t<meta property=\"og:image:type\" content=\"image\/jpeg\" \/>\n<meta name=\"twitter:card\" content=\"summary_large_image\" \/>\n<meta name=\"twitter:label1\" content=\"Est. reading time\" \/>\n\t<meta name=\"twitter:data1\" content=\"3 minutes\" \/>\n<script type=\"application\/ld+json\" class=\"yoast-schema-graph\">{\"@context\":\"https:\\\/\\\/schema.org\",\"@graph\":[{\"@type\":\"WebPage\",\"@id\":\"https:\\\/\\\/1dronas.lt\\\/en\\\/produktas\\\/runcam-robin3-kamera\\\/\",\"url\":\"https:\\\/\\\/1dronas.lt\\\/en\\\/produktas\\\/runcam-robin3-kamera\\\/\",\"name\":\"RunCam Robin3 kamera - 1dronas.lt\",\"isPartOf\":{\"@id\":\"https:\\\/\\\/1dronas.lt\\\/en\\\/#website\"},\"primaryImageOfPage\":{\"@id\":\"https:\\\/\\\/1dronas.lt\\\/en\\\/produktas\\\/runcam-robin3-kamera\\\/#primaryimage\"},\"image\":{\"@id\":\"https:\\\/\\\/1dronas.lt\\\/en\\\/produktas\\\/runcam-robin3-kamera\\\/#primaryimage\"},\"thumbnailUrl\":\"https:\\\/\\\/1dronas.lt\\\/wp-content\\\/uploads\\\/2026\\\/01\\\/1__46081.jpg\",\"datePublished\":\"2026-01-10T12:33:18+00:00\",\"dateModified\":\"2026-02-06T16:17:02+00:00\",\"breadcrumb\":{\"@id\":\"https:\\\/\\\/1dronas.lt\\\/en\\\/produktas\\\/runcam-robin3-kamera\\\/#breadcrumb\"},\"inLanguage\":\"en-US\",\"potentialAction\":[{\"@type\":\"ReadAction\",\"target\":[\"https:\\\/\\\/1dronas.lt\\\/en\\\/produktas\\\/runcam-robin3-kamera\\\/\"]}]},{\"@type\":\"ImageObject\",\"inLanguage\":\"en-US\",\"@id\":\"https:\\\/\\\/1dronas.lt\\\/en\\\/produktas\\\/runcam-robin3-kamera\\\/#primaryimage\",\"url\":\"https:\\\/\\\/1dronas.lt\\\/wp-content\\\/uploads\\\/2026\\\/01\\\/1__46081.jpg\",\"contentUrl\":\"https:\\\/\\\/1dronas.lt\\\/wp-content\\\/uploads\\\/2026\\\/01\\\/1__46081.jpg\",\"width\":1000,\"height\":1000},{\"@type\":\"BreadcrumbList\",\"@id\":\"https:\\\/\\\/1dronas.lt\\\/en\\\/produktas\\\/runcam-robin3-kamera\\\/#breadcrumb\",\"itemListElement\":[{\"@type\":\"ListItem\",\"position\":1,\"name\":\"Home\",\"item\":\"https:\\\/\\\/1dronas.lt\\\/\"},{\"@type\":\"ListItem\",\"position\":2,\"name\":\"Parduotuv\u0117\",\"item\":\"https:\\\/\\\/1dronas.lt\\\/parduotuve\\\/\"},{\"@type\":\"ListItem\",\"position\":3,\"name\":\"RunCam Robin3 kamera\"}]},{\"@type\":\"WebSite\",\"@id\":\"https:\\\/\\\/1dronas.lt\\\/en\\\/#website\",\"url\":\"https:\\\/\\\/1dronas.lt\\\/en\\\/\",\"name\":\"1dronas.lt\",\"description\":\"Internetin\u0117 parduotuv\u0117\",\"publisher\":{\"@id\":\"https:\\\/\\\/1dronas.lt\\\/en\\\/#organization\"},\"potentialAction\":[{\"@type\":\"SearchAction\",\"target\":{\"@type\":\"EntryPoint\",\"urlTemplate\":\"https:\\\/\\\/1dronas.lt\\\/en\\\/?s={search_term_string}\"},\"query-input\":{\"@type\":\"PropertyValueSpecification\",\"valueRequired\":true,\"valueName\":\"search_term_string\"}}],\"inLanguage\":\"en-US\"},{\"@type\":\"Organization\",\"@id\":\"https:\\\/\\\/1dronas.lt\\\/en\\\/#organization\",\"name\":\"1dronas.lt\",\"url\":\"https:\\\/\\\/1dronas.lt\\\/en\\\/\",\"logo\":{\"@type\":\"ImageObject\",\"inLanguage\":\"en-US\",\"@id\":\"https:\\\/\\\/1dronas.lt\\\/en\\\/#\\\/schema\\\/logo\\\/image\\\/\",\"url\":\"https:\\\/\\\/1dronas.lt\\\/wp-content\\\/uploads\\\/2020\\\/12\\\/Ekrano_kopija__2_-removebg-preview-1-1.png\",\"contentUrl\":\"https:\\\/\\\/1dronas.lt\\\/wp-content\\\/uploads\\\/2020\\\/12\\\/Ekrano_kopija__2_-removebg-preview-1-1.png\",\"width\":234,\"height\":81,\"caption\":\"1dronas.lt\"},\"image\":{\"@id\":\"https:\\\/\\\/1dronas.lt\\\/en\\\/#\\\/schema\\\/logo\\\/image\\\/\"},\"sameAs\":[\"https:\\\/\\\/www.facebook.com\\\/1dronas\\\/\"]}]}<\/script>\n<!-- \/ Yoast SEO plugin. -->","yoast_head_json":{"title":"RunCam Robin3 kamera - 1dronas.lt","robots":{"index":"index","follow":"follow","max-snippet":"max-snippet:-1","max-image-preview":"max-image-preview:large","max-video-preview":"max-video-preview:-1"},"canonical":"https:\/\/1dronas.lt\/en\/produktas\/runcam-robin3-kamera\/","og_locale":"en_US","og_type":"article","og_title":"RunCam Robin3 kamera - 1dronas.lt","og_description":"Kompakti\u0161ka FPV kamera su 1200TVL rai\u0161ka ir 1\/3\" CMOS jutikliu, u\u017etikrinanti plat\u0173 matymo kamp\u0105 bei ry\u0161k\u0173, stabil\u0173 vaizd\u0105 kasdieniams FPV skryd\u017eiams.  \u00a0\u00a01 \u2013 2 d.d.","og_url":"https:\/\/1dronas.lt\/en\/produktas\/runcam-robin3-kamera\/","og_site_name":"1dronas.lt","article_publisher":"https:\/\/www.facebook.com\/1dronas\/","article_modified_time":"2026-02-06T16:17:02+00:00","og_image":[{"width":1000,"height":1000,"url":"https:\/\/1dronas.lt\/wp-content\/uploads\/2026\/01\/1__46081.jpg","type":"image\/jpeg"}],"twitter_card":"summary_large_image","twitter_misc":{"Est. reading time":"3 minutes"},"schema":{"@context":"https:\/\/schema.org","@graph":[{"@type":"WebPage","@id":"https:\/\/1dronas.lt\/en\/produktas\/runcam-robin3-kamera\/","url":"https:\/\/1dronas.lt\/en\/produktas\/runcam-robin3-kamera\/","name":"RunCam Robin3 kamera - 1dronas.lt","isPartOf":{"@id":"https:\/\/1dronas.lt\/en\/#website"},"primaryImageOfPage":{"@id":"https:\/\/1dronas.lt\/en\/produktas\/runcam-robin3-kamera\/#primaryimage"},"image":{"@id":"https:\/\/1dronas.lt\/en\/produktas\/runcam-robin3-kamera\/#primaryimage"},"thumbnailUrl":"https:\/\/1dronas.lt\/wp-content\/uploads\/2026\/01\/1__46081.jpg","datePublished":"2026-01-10T12:33:18+00:00","dateModified":"2026-02-06T16:17:02+00:00","breadcrumb":{"@id":"https:\/\/1dronas.lt\/en\/produktas\/runcam-robin3-kamera\/#breadcrumb"},"inLanguage":"en-US","potentialAction":[{"@type":"ReadAction","target":["https:\/\/1dronas.lt\/en\/produktas\/runcam-robin3-kamera\/"]}]},{"@type":"ImageObject","inLanguage":"en-US","@id":"https:\/\/1dronas.lt\/en\/produktas\/runcam-robin3-kamera\/#primaryimage","url":"https:\/\/1dronas.lt\/wp-content\/uploads\/2026\/01\/1__46081.jpg","contentUrl":"https:\/\/1dronas.lt\/wp-content\/uploads\/2026\/01\/1__46081.jpg","width":1000,"height":1000},{"@type":"BreadcrumbList","@id":"https:\/\/1dronas.lt\/en\/produktas\/runcam-robin3-kamera\/#breadcrumb","itemListElement":[{"@type":"ListItem","position":1,"name":"Home","item":"https:\/\/1dronas.lt\/"},{"@type":"ListItem","position":2,"name":"Parduotuv\u0117","item":"https:\/\/1dronas.lt\/parduotuve\/"},{"@type":"ListItem","position":3,"name":"RunCam Robin3 kamera"}]},{"@type":"WebSite","@id":"https:\/\/1dronas.lt\/en\/#website","url":"https:\/\/1dronas.lt\/en\/","name":"1dronas.lt","description":"Online store","publisher":{"@id":"https:\/\/1dronas.lt\/en\/#organization"},"potentialAction":[{"@type":"SearchAction","target":{"@type":"EntryPoint","urlTemplate":"https:\/\/1dronas.lt\/en\/?s={search_term_string}"},"query-input":{"@type":"PropertyValueSpecification","valueRequired":true,"valueName":"search_term_string"}}],"inLanguage":"en-US"},{"@type":"Organization","@id":"https:\/\/1dronas.lt\/en\/#organization","name":"1dronas.lt","url":"https:\/\/1dronas.lt\/en\/","logo":{"@type":"ImageObject","inLanguage":"en-US","@id":"https:\/\/1dronas.lt\/en\/#\/schema\/logo\/image\/","url":"https:\/\/1dronas.lt\/wp-content\/uploads\/2020\/12\/Ekrano_kopija__2_-removebg-preview-1-1.png","contentUrl":"https:\/\/1dronas.lt\/wp-content\/uploads\/2020\/12\/Ekrano_kopija__2_-removebg-preview-1-1.png","width":234,"height":81,"caption":"1dronas.lt"},"image":{"@id":"https:\/\/1dronas.lt\/en\/#\/schema\/logo\/image\/"},"sameAs":["https:\/\/www.facebook.com\/1dronas\/"]}]}},"jetpack_sharing_enabled":true,"_links":{"self":[{"href":"https:\/\/1dronas.lt\/en\/wp-json\/wp\/v2\/product\/15164","targetHints":{"allow":["GET"]}}],"collection":[{"href":"https:\/\/1dronas.lt\/en\/wp-json\/wp\/v2\/product"}],"about":[{"href":"https:\/\/1dronas.lt\/en\/wp-json\/wp\/v2\/types\/product"}],"replies":[{"embeddable":true,"href":"https:\/\/1dronas.lt\/en\/wp-json\/wp\/v2\/comments?post=15164"}],"wp:featuredmedia":[{"embeddable":true,"href":"https:\/\/1dronas.lt\/en\/wp-json\/wp\/v2\/media\/15171"}],"wp:attachment":[{"href":"https:\/\/1dronas.lt\/en\/wp-json\/wp\/v2\/media?parent=15164"}],"wp:term":[{"taxonomy":"product_brand","embeddable":true,"href":"https:\/\/1dronas.lt\/en\/wp-json\/wp\/v2\/product_brand?post=15164"},{"taxonomy":"product_cat","embeddable":true,"href":"https:\/\/1dronas.lt\/en\/wp-json\/wp\/v2\/product_cat?post=15164"},{"taxonomy":"product_tag","embeddable":true,"href":"https:\/\/1dronas.lt\/en\/wp-json\/wp\/v2\/product_tag?post=15164"}],"curies":[{"name":"wp","href":"https:\/\/api.w.org\/{rel}","templated":true}]}}