{"id":15124,"date":"2026-01-08T20:26:38","date_gmt":"2026-01-08T18:26:38","guid":{"rendered":"https:\/\/1dronas.lt\/?post_type=product&#038;p=15124"},"modified":"2026-02-03T08:56:38","modified_gmt":"2026-02-03T06:56:38","slug":"betafpv-literadio-transmitter-nano-gimbal","status":"publish","type":"product","link":"https:\/\/1dronas.lt\/en\/produktas\/betafpv-literadio-transmitter-nano-gimbal\/","title":{"rendered":"BETAFPV LiteRadio Transmitter Nano Gimbal"},"content":{"rendered":"<p><img loading=\"lazy\" decoding=\"async\" class=\"alignnone wp-image-15131 size-full\" src=\"https:\/\/1dronas.lt\/wp-content\/uploads\/2026\/01\/FB_83946ef5-11f6-4039-af0d-5ee2c790d6bf_1024x1024.jpg\" alt=\"\" width=\"1024\" height=\"576\" srcset=\"https:\/\/1dronas.lt\/wp-content\/uploads\/2026\/01\/FB_83946ef5-11f6-4039-af0d-5ee2c790d6bf_1024x1024.jpg 1024w, https:\/\/1dronas.lt\/wp-content\/uploads\/2026\/01\/FB_83946ef5-11f6-4039-af0d-5ee2c790d6bf_1024x1024-300x169.jpg 300w, https:\/\/1dronas.lt\/wp-content\/uploads\/2026\/01\/FB_83946ef5-11f6-4039-af0d-5ee2c790d6bf_1024x1024-768x432.jpg 768w, https:\/\/1dronas.lt\/wp-content\/uploads\/2026\/01\/FB_83946ef5-11f6-4039-af0d-5ee2c790d6bf_1024x1024-18x10.jpg 18w, https:\/\/1dronas.lt\/wp-content\/uploads\/2026\/01\/FB_83946ef5-11f6-4039-af0d-5ee2c790d6bf_1024x1024-510x287.jpg 510w\" sizes=\"auto, (max-width: 1024px) 100vw, 1024px\" \/><\/p>\n<p><strong>Features:<\/strong><\/p>\n<p data-start=\"77\" data-end=\"210\">\u2022 Made of high quality plastic and metal. Ergonomic lever ends, removable, non-slip and height-adjustable lever;<br \/>\n\u2022 The controller has a long service life of up to 120,000 rotations. The controller with the cable is very easy to replace. The potentiometer has precise positioning and fast response, ensuring a smooth control experience;<br \/>\n\u2022 The Throttle\/Yaw lever is used for acceleration and cannot return to the center position automatically, while the Pitch\/Roll lever controls direction and automatically returns to the center.<\/p>\n<p data-start=\"77\" data-end=\"210\"><strong>Specification:<\/strong><\/p>\n<p data-start=\"77\" data-end=\"210\">\u2022 Sensor: Potentiometric;<br data-start=\"123\" data-end=\"126\" \/>\u2022 Color: Black;<br data-start=\"143\" data-end=\"146\" \/>\u2022 Size: 35mm \u00d7 42mm.<\/p>\n<p data-start=\"77\" data-end=\"210\"><img loading=\"lazy\" decoding=\"async\" class=\"alignnone wp-image-15127\" src=\"https:\/\/1dronas.lt\/wp-content\/uploads\/2026\/01\/9f129dc471796112f26615522eb4b389_360x360.jpg\" alt=\"\" width=\"277\" height=\"277\" srcset=\"https:\/\/1dronas.lt\/wp-content\/uploads\/2026\/01\/9f129dc471796112f26615522eb4b389_360x360.jpg 360w, https:\/\/1dronas.lt\/wp-content\/uploads\/2026\/01\/9f129dc471796112f26615522eb4b389_360x360-300x300.jpg 300w, https:\/\/1dronas.lt\/wp-content\/uploads\/2026\/01\/9f129dc471796112f26615522eb4b389_360x360-150x150.jpg 150w, https:\/\/1dronas.lt\/wp-content\/uploads\/2026\/01\/9f129dc471796112f26615522eb4b389_360x360-12x12.jpg 12w, https:\/\/1dronas.lt\/wp-content\/uploads\/2026\/01\/9f129dc471796112f26615522eb4b389_360x360-247x247.jpg 247w, https:\/\/1dronas.lt\/wp-content\/uploads\/2026\/01\/9f129dc471796112f26615522eb4b389_360x360-100x100.jpg 100w\" sizes=\"auto, (max-width: 277px) 100vw, 277px\" \/><\/p>\n<p>Below is a controller connection diagram. An example is shown for LiteRadio 2 SE (Mode 2).<\/p>\n<p><img loading=\"lazy\" decoding=\"async\" class=\"\" src=\"https:\/\/cdn.shopify.com\/s\/files\/1\/1778\/6615\/files\/LR2_SE_df5d35b1-75b4-479d-b4b0-3cd7f6c2b81b_600x600.jpg?v=1642156940\" alt=\"\" width=\"550\" height=\"310\" \/><\/p>\n<p data-start=\"77\" data-end=\"210\"><strong>Package:<\/strong><\/p>\n<p data-start=\"77\" data-end=\"210\">1x BETAFPV LiteRadio Transmitter Nano Gimbal.<\/p>\n<p data-start=\"77\" data-end=\"210\"><img loading=\"lazy\" decoding=\"async\" class=\"\" src=\"https:\/\/cdn.shopifycdn.net\/s\/files\/1\/1778\/6615\/files\/6eb2ab31c9740a336bea84a383c93ceb_45ea877a-f851-48b0-b9f3-c482076ec541_1024x1024.jpg?v=1639572484\" alt=\"\" width=\"618\" height=\"347\" \/><\/p>","protected":false},"excerpt":{"rendered":"<p><span style=\"color: #000000;\">Made of high quality plastic and metal. <\/span><\/p>\n<p><span style=\"color: #000000;\"><img loading=\"lazy\" decoding=\"async\" class=\"alignnone wp-image-1806\" src=\"https:\/\/1dronas.lt\/wp-content\/uploads\/2021\/05\/delivery-icon.png\" alt=\"\" width=\"24\" height=\"24\" srcset=\"https:\/\/1dronas.lt\/wp-content\/uploads\/2021\/05\/delivery-icon.png 35w, https:\/\/1dronas.lt\/wp-content\/uploads\/2021\/05\/delivery-icon-12x12.png 12w\" sizes=\"auto, (max-width: 24px) 100vw, 24px\" \/>\u00a0<strong>1 \u2013 2 days<\/strong><\/span><\/p>","protected":false},"featured_media":15130,"comment_status":"open","ping_status":"closed","template":"","meta":[],"product_brand":[489],"product_cat":[388],"product_tag":[69,350,989,181,965],"class_list":{"0":"post-15124","1":"product","2":"type-product","3":"status-publish","4":"has-post-thumbnail","6":"product_brand-betafpv","7":"product_cat-vairasvirtes","8":"product_tag-betafpv","9":"product_tag-gimbal","10":"product_tag-literadio-2","11":"product_tag-literadio-3","12":"product_tag-nano","14":"first","15":"instock","16":"taxable","17":"shipping-taxable","18":"purchasable","19":"product-type-variable","20":"has-default-attributes"},"yoast_head":"<!-- This site is optimized with the Yoast SEO plugin v27.3 - https:\/\/yoast.com\/product\/yoast-seo-wordpress\/ -->\n<title>BETAFPV LiteRadio Transmitter Nano Gimbal - 1dronas.lt<\/title>\n<meta name=\"robots\" content=\"index, follow, max-snippet:-1, max-image-preview:large, max-video-preview:-1\" \/>\n<link rel=\"canonical\" href=\"https:\/\/1dronas.lt\/en\/produktas\/betafpv-literadio-transmitter-nano-gimbal\/\" \/>\n<meta property=\"og:locale\" content=\"en_US\" \/>\n<meta property=\"og:type\" content=\"article\" \/>\n<meta property=\"og:title\" content=\"BETAFPV LiteRadio Transmitter Nano Gimbal - 1dronas.lt\" \/>\n<meta property=\"og:description\" content=\"Pagamintas i\u0161 auk\u0161tos kokyb\u0117s plastiko ir metalo.   \u00a01 \u2013 2 d. d.\" \/>\n<meta property=\"og:url\" content=\"https:\/\/1dronas.lt\/en\/produktas\/betafpv-literadio-transmitter-nano-gimbal\/\" \/>\n<meta property=\"og:site_name\" content=\"1dronas.lt\" \/>\n<meta property=\"article:publisher\" content=\"https:\/\/www.facebook.com\/1dronas\/\" \/>\n<meta property=\"article:modified_time\" content=\"2026-02-03T06:56:38+00:00\" \/>\n<meta property=\"og:image\" content=\"https:\/\/1dronas.lt\/wp-content\/uploads\/2026\/01\/dd553fe811f35f5a8cea2db7062702a8_720x.jpg\" \/>\n\t<meta property=\"og:image:width\" content=\"720\" \/>\n\t<meta property=\"og:image:height\" content=\"720\" \/>\n\t<meta property=\"og:image:type\" content=\"image\/jpeg\" \/>\n<meta name=\"twitter:card\" content=\"summary_large_image\" \/>\n<meta name=\"twitter:label1\" content=\"Est. reading time\" \/>\n\t<meta name=\"twitter:data1\" content=\"2 minutes\" \/>\n<script type=\"application\/ld+json\" class=\"yoast-schema-graph\">{\"@context\":\"https:\\\/\\\/schema.org\",\"@graph\":[{\"@type\":\"WebPage\",\"@id\":\"https:\\\/\\\/1dronas.lt\\\/en\\\/produktas\\\/betafpv-literadio-transmitter-nano-gimbal\\\/\",\"url\":\"https:\\\/\\\/1dronas.lt\\\/en\\\/produktas\\\/betafpv-literadio-transmitter-nano-gimbal\\\/\",\"name\":\"BETAFPV LiteRadio Transmitter Nano Gimbal - 1dronas.lt\",\"isPartOf\":{\"@id\":\"https:\\\/\\\/1dronas.lt\\\/en\\\/#website\"},\"primaryImageOfPage\":{\"@id\":\"https:\\\/\\\/1dronas.lt\\\/en\\\/produktas\\\/betafpv-literadio-transmitter-nano-gimbal\\\/#primaryimage\"},\"image\":{\"@id\":\"https:\\\/\\\/1dronas.lt\\\/en\\\/produktas\\\/betafpv-literadio-transmitter-nano-gimbal\\\/#primaryimage\"},\"thumbnailUrl\":\"https:\\\/\\\/1dronas.lt\\\/wp-content\\\/uploads\\\/2026\\\/01\\\/dd553fe811f35f5a8cea2db7062702a8_720x.jpg\",\"datePublished\":\"2026-01-08T18:26:38+00:00\",\"dateModified\":\"2026-02-03T06:56:38+00:00\",\"breadcrumb\":{\"@id\":\"https:\\\/\\\/1dronas.lt\\\/en\\\/produktas\\\/betafpv-literadio-transmitter-nano-gimbal\\\/#breadcrumb\"},\"inLanguage\":\"en-US\",\"potentialAction\":[{\"@type\":\"ReadAction\",\"target\":[\"https:\\\/\\\/1dronas.lt\\\/en\\\/produktas\\\/betafpv-literadio-transmitter-nano-gimbal\\\/\"]}]},{\"@type\":\"ImageObject\",\"inLanguage\":\"en-US\",\"@id\":\"https:\\\/\\\/1dronas.lt\\\/en\\\/produktas\\\/betafpv-literadio-transmitter-nano-gimbal\\\/#primaryimage\",\"url\":\"https:\\\/\\\/1dronas.lt\\\/wp-content\\\/uploads\\\/2026\\\/01\\\/dd553fe811f35f5a8cea2db7062702a8_720x.jpg\",\"contentUrl\":\"https:\\\/\\\/1dronas.lt\\\/wp-content\\\/uploads\\\/2026\\\/01\\\/dd553fe811f35f5a8cea2db7062702a8_720x.jpg\",\"width\":720,\"height\":720},{\"@type\":\"BreadcrumbList\",\"@id\":\"https:\\\/\\\/1dronas.lt\\\/en\\\/produktas\\\/betafpv-literadio-transmitter-nano-gimbal\\\/#breadcrumb\",\"itemListElement\":[{\"@type\":\"ListItem\",\"position\":1,\"name\":\"Home\",\"item\":\"https:\\\/\\\/1dronas.lt\\\/\"},{\"@type\":\"ListItem\",\"position\":2,\"name\":\"Parduotuv\u0117\",\"item\":\"https:\\\/\\\/1dronas.lt\\\/parduotuve\\\/\"},{\"@type\":\"ListItem\",\"position\":3,\"name\":\"BETAFPV LiteRadio Transmitter Nano Gimbal\"}]},{\"@type\":\"WebSite\",\"@id\":\"https:\\\/\\\/1dronas.lt\\\/en\\\/#website\",\"url\":\"https:\\\/\\\/1dronas.lt\\\/en\\\/\",\"name\":\"1dronas.lt\",\"description\":\"Internetin\u0117 parduotuv\u0117\",\"publisher\":{\"@id\":\"https:\\\/\\\/1dronas.lt\\\/en\\\/#organization\"},\"potentialAction\":[{\"@type\":\"SearchAction\",\"target\":{\"@type\":\"EntryPoint\",\"urlTemplate\":\"https:\\\/\\\/1dronas.lt\\\/en\\\/?s={search_term_string}\"},\"query-input\":{\"@type\":\"PropertyValueSpecification\",\"valueRequired\":true,\"valueName\":\"search_term_string\"}}],\"inLanguage\":\"en-US\"},{\"@type\":\"Organization\",\"@id\":\"https:\\\/\\\/1dronas.lt\\\/en\\\/#organization\",\"name\":\"1dronas.lt\",\"url\":\"https:\\\/\\\/1dronas.lt\\\/en\\\/\",\"logo\":{\"@type\":\"ImageObject\",\"inLanguage\":\"en-US\",\"@id\":\"https:\\\/\\\/1dronas.lt\\\/en\\\/#\\\/schema\\\/logo\\\/image\\\/\",\"url\":\"https:\\\/\\\/1dronas.lt\\\/wp-content\\\/uploads\\\/2020\\\/12\\\/Ekrano_kopija__2_-removebg-preview-1-1.png\",\"contentUrl\":\"https:\\\/\\\/1dronas.lt\\\/wp-content\\\/uploads\\\/2020\\\/12\\\/Ekrano_kopija__2_-removebg-preview-1-1.png\",\"width\":234,\"height\":81,\"caption\":\"1dronas.lt\"},\"image\":{\"@id\":\"https:\\\/\\\/1dronas.lt\\\/en\\\/#\\\/schema\\\/logo\\\/image\\\/\"},\"sameAs\":[\"https:\\\/\\\/www.facebook.com\\\/1dronas\\\/\"]}]}<\/script>\n<!-- \/ Yoast SEO plugin. -->","yoast_head_json":{"title":"BETAFPV LiteRadio Transmitter Nano Gimbal - 1dronas.lt","robots":{"index":"index","follow":"follow","max-snippet":"max-snippet:-1","max-image-preview":"max-image-preview:large","max-video-preview":"max-video-preview:-1"},"canonical":"https:\/\/1dronas.lt\/en\/produktas\/betafpv-literadio-transmitter-nano-gimbal\/","og_locale":"en_US","og_type":"article","og_title":"BETAFPV LiteRadio Transmitter Nano Gimbal - 1dronas.lt","og_description":"Pagamintas i\u0161 auk\u0161tos kokyb\u0117s plastiko ir metalo.   \u00a01 \u2013 2 d. d.","og_url":"https:\/\/1dronas.lt\/en\/produktas\/betafpv-literadio-transmitter-nano-gimbal\/","og_site_name":"1dronas.lt","article_publisher":"https:\/\/www.facebook.com\/1dronas\/","article_modified_time":"2026-02-03T06:56:38+00:00","og_image":[{"width":720,"height":720,"url":"https:\/\/1dronas.lt\/wp-content\/uploads\/2026\/01\/dd553fe811f35f5a8cea2db7062702a8_720x.jpg","type":"image\/jpeg"}],"twitter_card":"summary_large_image","twitter_misc":{"Est. reading time":"2 minutes"},"schema":{"@context":"https:\/\/schema.org","@graph":[{"@type":"WebPage","@id":"https:\/\/1dronas.lt\/en\/produktas\/betafpv-literadio-transmitter-nano-gimbal\/","url":"https:\/\/1dronas.lt\/en\/produktas\/betafpv-literadio-transmitter-nano-gimbal\/","name":"BETAFPV LiteRadio Transmitter Nano Gimbal - 1dronas.lt","isPartOf":{"@id":"https:\/\/1dronas.lt\/en\/#website"},"primaryImageOfPage":{"@id":"https:\/\/1dronas.lt\/en\/produktas\/betafpv-literadio-transmitter-nano-gimbal\/#primaryimage"},"image":{"@id":"https:\/\/1dronas.lt\/en\/produktas\/betafpv-literadio-transmitter-nano-gimbal\/#primaryimage"},"thumbnailUrl":"https:\/\/1dronas.lt\/wp-content\/uploads\/2026\/01\/dd553fe811f35f5a8cea2db7062702a8_720x.jpg","datePublished":"2026-01-08T18:26:38+00:00","dateModified":"2026-02-03T06:56:38+00:00","breadcrumb":{"@id":"https:\/\/1dronas.lt\/en\/produktas\/betafpv-literadio-transmitter-nano-gimbal\/#breadcrumb"},"inLanguage":"en-US","potentialAction":[{"@type":"ReadAction","target":["https:\/\/1dronas.lt\/en\/produktas\/betafpv-literadio-transmitter-nano-gimbal\/"]}]},{"@type":"ImageObject","inLanguage":"en-US","@id":"https:\/\/1dronas.lt\/en\/produktas\/betafpv-literadio-transmitter-nano-gimbal\/#primaryimage","url":"https:\/\/1dronas.lt\/wp-content\/uploads\/2026\/01\/dd553fe811f35f5a8cea2db7062702a8_720x.jpg","contentUrl":"https:\/\/1dronas.lt\/wp-content\/uploads\/2026\/01\/dd553fe811f35f5a8cea2db7062702a8_720x.jpg","width":720,"height":720},{"@type":"BreadcrumbList","@id":"https:\/\/1dronas.lt\/en\/produktas\/betafpv-literadio-transmitter-nano-gimbal\/#breadcrumb","itemListElement":[{"@type":"ListItem","position":1,"name":"Home","item":"https:\/\/1dronas.lt\/"},{"@type":"ListItem","position":2,"name":"Parduotuv\u0117","item":"https:\/\/1dronas.lt\/parduotuve\/"},{"@type":"ListItem","position":3,"name":"BETAFPV LiteRadio Transmitter Nano Gimbal"}]},{"@type":"WebSite","@id":"https:\/\/1dronas.lt\/en\/#website","url":"https:\/\/1dronas.lt\/en\/","name":"1dronas.lt","description":"Online store","publisher":{"@id":"https:\/\/1dronas.lt\/en\/#organization"},"potentialAction":[{"@type":"SearchAction","target":{"@type":"EntryPoint","urlTemplate":"https:\/\/1dronas.lt\/en\/?s={search_term_string}"},"query-input":{"@type":"PropertyValueSpecification","valueRequired":true,"valueName":"search_term_string"}}],"inLanguage":"en-US"},{"@type":"Organization","@id":"https:\/\/1dronas.lt\/en\/#organization","name":"1dronas.lt","url":"https:\/\/1dronas.lt\/en\/","logo":{"@type":"ImageObject","inLanguage":"en-US","@id":"https:\/\/1dronas.lt\/en\/#\/schema\/logo\/image\/","url":"https:\/\/1dronas.lt\/wp-content\/uploads\/2020\/12\/Ekrano_kopija__2_-removebg-preview-1-1.png","contentUrl":"https:\/\/1dronas.lt\/wp-content\/uploads\/2020\/12\/Ekrano_kopija__2_-removebg-preview-1-1.png","width":234,"height":81,"caption":"1dronas.lt"},"image":{"@id":"https:\/\/1dronas.lt\/en\/#\/schema\/logo\/image\/"},"sameAs":["https:\/\/www.facebook.com\/1dronas\/"]}]}},"jetpack_sharing_enabled":true,"_links":{"self":[{"href":"https:\/\/1dronas.lt\/en\/wp-json\/wp\/v2\/product\/15124","targetHints":{"allow":["GET"]}}],"collection":[{"href":"https:\/\/1dronas.lt\/en\/wp-json\/wp\/v2\/product"}],"about":[{"href":"https:\/\/1dronas.lt\/en\/wp-json\/wp\/v2\/types\/product"}],"replies":[{"embeddable":true,"href":"https:\/\/1dronas.lt\/en\/wp-json\/wp\/v2\/comments?post=15124"}],"wp:featuredmedia":[{"embeddable":true,"href":"https:\/\/1dronas.lt\/en\/wp-json\/wp\/v2\/media\/15130"}],"wp:attachment":[{"href":"https:\/\/1dronas.lt\/en\/wp-json\/wp\/v2\/media?parent=15124"}],"wp:term":[{"taxonomy":"product_brand","embeddable":true,"href":"https:\/\/1dronas.lt\/en\/wp-json\/wp\/v2\/product_brand?post=15124"},{"taxonomy":"product_cat","embeddable":true,"href":"https:\/\/1dronas.lt\/en\/wp-json\/wp\/v2\/product_cat?post=15124"},{"taxonomy":"product_tag","embeddable":true,"href":"https:\/\/1dronas.lt\/en\/wp-json\/wp\/v2\/product_tag?post=15124"}],"curies":[{"name":"wp","href":"https:\/\/api.w.org\/{rel}","templated":true}]}}