{"id":15114,"date":"2026-01-08T19:51:44","date_gmt":"2026-01-08T17:51:44","guid":{"rendered":"https:\/\/1dronas.lt\/?post_type=product&#038;p=15114"},"modified":"2026-01-08T19:54:04","modified_gmt":"2026-01-08T17:54:04","slug":"betafpv-2s-bateriju-ikroviklis-bt3-0","status":"publish","type":"product","link":"https:\/\/1dronas.lt\/en\/produktas\/betafpv-2s-bateriju-ikroviklis-bt3-0\/","title":{"rendered":"BETAFPV 2S Battery Charger \u2013 BT3.0"},"content":{"rendered":"<p><img loading=\"lazy\" decoding=\"async\" class=\"alignnone wp-image-15118 size-full\" src=\"https:\/\/1dronas.lt\/wp-content\/uploads\/2026\/01\/BT3.0_ec81675b-7b1e-48be-951a-c58790f160b7_1024x1024.jpg\" alt=\"\" width=\"1024\" height=\"576\" srcset=\"https:\/\/1dronas.lt\/wp-content\/uploads\/2026\/01\/BT3.0_ec81675b-7b1e-48be-951a-c58790f160b7_1024x1024.jpg 1024w, https:\/\/1dronas.lt\/wp-content\/uploads\/2026\/01\/BT3.0_ec81675b-7b1e-48be-951a-c58790f160b7_1024x1024-300x169.jpg 300w, https:\/\/1dronas.lt\/wp-content\/uploads\/2026\/01\/BT3.0_ec81675b-7b1e-48be-951a-c58790f160b7_1024x1024-768x432.jpg 768w, https:\/\/1dronas.lt\/wp-content\/uploads\/2026\/01\/BT3.0_ec81675b-7b1e-48be-951a-c58790f160b7_1024x1024-18x10.jpg 18w, https:\/\/1dronas.lt\/wp-content\/uploads\/2026\/01\/BT3.0_ec81675b-7b1e-48be-951a-c58790f160b7_1024x1024-510x287.jpg 510w\" sizes=\"auto, (max-width: 1024px) 100vw, 1024px\" \/><\/p>\n<p><strong>Features:<\/strong><\/p>\n<p data-start=\"122\" data-end=\"168\"><b>\u2022 <\/b>BT3.0 connector \u2013 for BT3.0 type batteries;<br \/>\n<b>\u2022 <\/b>Supports 2S batteries (LiHV 8.7V and LiPo 8.4V);<br \/>\n<b>\u2022 <\/b>Supports PD3.0 fast charging protocol - higher power and faster charging;<br \/>\n<b>\u2022 <\/b>Digital display \u2013 shows charging information and voltage;<br \/>\n<b>\u2022 <\/b>Voltage monitoring during charging;<br \/>\n<b>\u2022 <\/b>Multiple charging modes \u2013 for safer and more efficient charging;<br \/>\n<b>\u2022 <\/b>Type-C connector \u2013 more charging options than regular USB;<br \/>\n<b>\u2022 <\/b>Compact and portable - convenient for use while traveling.<\/p>\n<p data-start=\"122\" data-end=\"168\"><strong>Specification:<\/strong><\/p>\n<p data-start=\"142\" data-end=\"199\"><b>\u2022 <\/b>Battery type: BT3.0-LiHV (charging voltage: 8.7V);<br \/>\n<b>\u2022 <\/b>Color: White;<br \/>\n<b>\u2022 <\/b>Input connector: Type-C USB;<br \/>\n<b>\u2022 <\/b>Input voltage range: 5-12V;<br \/>\n<b>\u2022 <\/b>Input power: Max. 15W;<br \/>\n<b>\u2022 <\/b>Maximum input current: 2.5A;<br \/>\n<b>\u2022 <\/b>Charging protocol: PD3.0;<br \/>\n<b>\u2022 <\/b>Weight: 17.0 \u00b1 1.0 g;<br \/>\n<b>\u2022 <\/b>Dimensions (L\u00d7W\u00d7H): 61 \u00d7 25 \u00d7 17 mm;<br \/>\n<b>\u2022 <\/b>Battery capacity display: LED digital display shows the total voltage of the 2S battery and the voltage of individual cells;<br \/>\n<b>\u2022 <\/b>Charging status: LED digital display and red LED light indicate charging status.<\/p>\n<p>LED digital display and red LED indicator show charging status:<\/p>\n<table style=\"float: left;\" width=\"100%\">\n<tbody>\n<tr>\n<td style=\"width: 25.9152%;\">\n<div style=\"text-align: left;\">LED digital display<\/div>\n<\/td>\n<td style=\"width: 18.0848%;\">\n<div>Indicator status<\/div>\n<\/td>\n<td style=\"width: 21%;\">\n<div>Description<\/div>\n<\/td>\n<\/tr>\n<tr style=\"text-align: left;\">\n<td style=\"width: 25.9152%;\">\n<div>On the screen<\/div>\n<\/td>\n<td style=\"width: 18.0848%;\">Red light off<\/td>\n<td style=\"width: 21%;\">\n<div>Not charging<\/div>\n<\/td>\n<\/tr>\n<tr style=\"text-align: left;\">\n<td style=\"width: 25.9152%;\">\n<div>Total voltage<\/div>\n<\/td>\n<td style=\"width: 18.0848%;\">Red light on<\/td>\n<td style=\"width: 21%;\">\n<div>Loading<\/div>\n<\/td>\n<\/tr>\n<tr style=\"text-align: left;\">\n<td style=\"width: 25.9152%;\">\n<div>Rectangular symbol<\/div>\n<\/td>\n<td style=\"width: 18.0848%;\">Red light off<\/td>\n<td style=\"width: 21%;\">\n<div>Charging complete<\/div>\n<\/td>\n<\/tr>\n<tr style=\"text-align: left;\">\n<td style=\"width: 25.9152%;\">\n<div>No screen display<\/div>\n<\/td>\n<td style=\"width: 18.0848%;\">Red light is flashing<\/td>\n<td style=\"width: 21%;\">\n<div>Defective battery<\/div>\n<\/td>\n<\/tr>\n<\/tbody>\n<\/table>\n<p><strong>Package:<\/strong><\/p>\n<p>1x BETAFPV battery charger-BT3.0.<\/p>\n<p><img loading=\"lazy\" decoding=\"async\" class=\"alignnone wp-image-15115 size-full\" src=\"https:\/\/1dronas.lt\/wp-content\/uploads\/2026\/01\/3f89305fb1dabad87b9b93324e3c25cd_e337b9ae-f87a-450c-adaa-b86b1d328c53_480x480.jpg\" alt=\"\" width=\"480\" height=\"480\" srcset=\"https:\/\/1dronas.lt\/wp-content\/uploads\/2026\/01\/3f89305fb1dabad87b9b93324e3c25cd_e337b9ae-f87a-450c-adaa-b86b1d328c53_480x480.jpg 480w, https:\/\/1dronas.lt\/wp-content\/uploads\/2026\/01\/3f89305fb1dabad87b9b93324e3c25cd_e337b9ae-f87a-450c-adaa-b86b1d328c53_480x480-300x300.jpg 300w, https:\/\/1dronas.lt\/wp-content\/uploads\/2026\/01\/3f89305fb1dabad87b9b93324e3c25cd_e337b9ae-f87a-450c-adaa-b86b1d328c53_480x480-150x150.jpg 150w, https:\/\/1dronas.lt\/wp-content\/uploads\/2026\/01\/3f89305fb1dabad87b9b93324e3c25cd_e337b9ae-f87a-450c-adaa-b86b1d328c53_480x480-12x12.jpg 12w, https:\/\/1dronas.lt\/wp-content\/uploads\/2026\/01\/3f89305fb1dabad87b9b93324e3c25cd_e337b9ae-f87a-450c-adaa-b86b1d328c53_480x480-247x247.jpg 247w, https:\/\/1dronas.lt\/wp-content\/uploads\/2026\/01\/3f89305fb1dabad87b9b93324e3c25cd_e337b9ae-f87a-450c-adaa-b86b1d328c53_480x480-100x100.jpg 100w\" sizes=\"auto, (max-width: 480px) 100vw, 480px\" \/><\/p>","protected":false},"excerpt":{"rendered":"<p><span style=\"color: #000000;\">Equipped with a digital display function that allows you to monitor battery voltage during charging<\/span><\/p>\n<p><span style=\"color: #000000;\"><strong><img loading=\"lazy\" decoding=\"async\" class=\"alignnone wp-image-1806\" src=\"https:\/\/1dronas.lt\/wp-content\/uploads\/2021\/05\/delivery-icon.png\" alt=\"\" width=\"24\" height=\"24\" srcset=\"https:\/\/1dronas.lt\/wp-content\/uploads\/2021\/05\/delivery-icon.png 35w, https:\/\/1dronas.lt\/wp-content\/uploads\/2021\/05\/delivery-icon-12x12.png 12w\" sizes=\"auto, (max-width: 24px) 100vw, 24px\" \/> 1 \u2013 2 days<\/strong><\/span><\/p>","protected":false},"featured_media":15116,"comment_status":"open","ping_status":"closed","template":"","meta":[],"product_brand":[489],"product_cat":[157],"product_tag":[138,69,1097,372],"class_list":{"0":"post-15114","1":"product","2":"type-product","3":"status-publish","4":"has-post-thumbnail","6":"product_brand-betafpv","7":"product_cat-ikrovikliai","8":"product_tag-2s","9":"product_tag-betafpv","10":"product_tag-bt3-0","11":"product_tag-ikroviklis","13":"first","14":"instock","15":"taxable","16":"shipping-taxable","17":"purchasable","18":"product-type-simple"},"yoast_head":"<!-- This site is optimized with the Yoast SEO plugin v27.3 - https:\/\/yoast.com\/product\/yoast-seo-wordpress\/ -->\n<title>BETAFPV 2S baterij\u0173 \u012fkroviklis - BT3.0 - 1dronas.lt<\/title>\n<meta name=\"robots\" content=\"index, follow, max-snippet:-1, max-image-preview:large, max-video-preview:-1\" \/>\n<link rel=\"canonical\" href=\"https:\/\/1dronas.lt\/en\/produktas\/betafpv-2s-bateriju-ikroviklis-bt3-0\/\" \/>\n<meta property=\"og:locale\" content=\"en_US\" \/>\n<meta property=\"og:type\" content=\"article\" \/>\n<meta property=\"og:title\" content=\"BETAFPV 2S baterij\u0173 \u012fkroviklis - BT3.0 - 1dronas.lt\" \/>\n<meta property=\"og:description\" content=\"\u012erengtas skaitmeninio ekrano funkcija, leid\u017eian\u010dia steb\u0117ti baterijos \u012ftamp\u0105 \u012fkrovimo metu   1 \u2013 2 d. d.\" \/>\n<meta property=\"og:url\" content=\"https:\/\/1dronas.lt\/en\/produktas\/betafpv-2s-bateriju-ikroviklis-bt3-0\/\" \/>\n<meta property=\"og:site_name\" content=\"1dronas.lt\" \/>\n<meta property=\"article:publisher\" content=\"https:\/\/www.facebook.com\/1dronas\/\" \/>\n<meta property=\"article:modified_time\" content=\"2026-01-08T17:54:04+00:00\" \/>\n<meta property=\"og:image\" content=\"https:\/\/1dronas.lt\/wp-content\/uploads\/2026\/01\/BT3.0_0ceedc3b-b7bd-44ea-8dde-a62ecea635f6_720x.jpg\" \/>\n\t<meta property=\"og:image:width\" content=\"720\" \/>\n\t<meta property=\"og:image:height\" content=\"720\" \/>\n\t<meta property=\"og:image:type\" content=\"image\/jpeg\" \/>\n<meta name=\"twitter:card\" content=\"summary_large_image\" \/>\n<meta name=\"twitter:label1\" content=\"Est. reading time\" \/>\n\t<meta name=\"twitter:data1\" content=\"2 minutes\" \/>\n<script type=\"application\/ld+json\" class=\"yoast-schema-graph\">{\"@context\":\"https:\\\/\\\/schema.org\",\"@graph\":[{\"@type\":\"WebPage\",\"@id\":\"https:\\\/\\\/1dronas.lt\\\/en\\\/produktas\\\/betafpv-2s-bateriju-ikroviklis-bt3-0\\\/\",\"url\":\"https:\\\/\\\/1dronas.lt\\\/en\\\/produktas\\\/betafpv-2s-bateriju-ikroviklis-bt3-0\\\/\",\"name\":\"BETAFPV 2S baterij\u0173 \u012fkroviklis - BT3.0 - 1dronas.lt\",\"isPartOf\":{\"@id\":\"https:\\\/\\\/1dronas.lt\\\/en\\\/#website\"},\"primaryImageOfPage\":{\"@id\":\"https:\\\/\\\/1dronas.lt\\\/en\\\/produktas\\\/betafpv-2s-bateriju-ikroviklis-bt3-0\\\/#primaryimage\"},\"image\":{\"@id\":\"https:\\\/\\\/1dronas.lt\\\/en\\\/produktas\\\/betafpv-2s-bateriju-ikroviklis-bt3-0\\\/#primaryimage\"},\"thumbnailUrl\":\"https:\\\/\\\/1dronas.lt\\\/wp-content\\\/uploads\\\/2026\\\/01\\\/BT3.0_0ceedc3b-b7bd-44ea-8dde-a62ecea635f6_720x.jpg\",\"datePublished\":\"2026-01-08T17:51:44+00:00\",\"dateModified\":\"2026-01-08T17:54:04+00:00\",\"breadcrumb\":{\"@id\":\"https:\\\/\\\/1dronas.lt\\\/en\\\/produktas\\\/betafpv-2s-bateriju-ikroviklis-bt3-0\\\/#breadcrumb\"},\"inLanguage\":\"en-US\",\"potentialAction\":[{\"@type\":\"ReadAction\",\"target\":[\"https:\\\/\\\/1dronas.lt\\\/en\\\/produktas\\\/betafpv-2s-bateriju-ikroviklis-bt3-0\\\/\"]}]},{\"@type\":\"ImageObject\",\"inLanguage\":\"en-US\",\"@id\":\"https:\\\/\\\/1dronas.lt\\\/en\\\/produktas\\\/betafpv-2s-bateriju-ikroviklis-bt3-0\\\/#primaryimage\",\"url\":\"https:\\\/\\\/1dronas.lt\\\/wp-content\\\/uploads\\\/2026\\\/01\\\/BT3.0_0ceedc3b-b7bd-44ea-8dde-a62ecea635f6_720x.jpg\",\"contentUrl\":\"https:\\\/\\\/1dronas.lt\\\/wp-content\\\/uploads\\\/2026\\\/01\\\/BT3.0_0ceedc3b-b7bd-44ea-8dde-a62ecea635f6_720x.jpg\",\"width\":720,\"height\":720},{\"@type\":\"BreadcrumbList\",\"@id\":\"https:\\\/\\\/1dronas.lt\\\/en\\\/produktas\\\/betafpv-2s-bateriju-ikroviklis-bt3-0\\\/#breadcrumb\",\"itemListElement\":[{\"@type\":\"ListItem\",\"position\":1,\"name\":\"Home\",\"item\":\"https:\\\/\\\/1dronas.lt\\\/\"},{\"@type\":\"ListItem\",\"position\":2,\"name\":\"Parduotuv\u0117\",\"item\":\"https:\\\/\\\/1dronas.lt\\\/parduotuve\\\/\"},{\"@type\":\"ListItem\",\"position\":3,\"name\":\"BETAFPV 2S baterij\u0173 \u012fkroviklis &#8211; BT3.0\"}]},{\"@type\":\"WebSite\",\"@id\":\"https:\\\/\\\/1dronas.lt\\\/en\\\/#website\",\"url\":\"https:\\\/\\\/1dronas.lt\\\/en\\\/\",\"name\":\"1dronas.lt\",\"description\":\"Internetin\u0117 parduotuv\u0117\",\"publisher\":{\"@id\":\"https:\\\/\\\/1dronas.lt\\\/en\\\/#organization\"},\"potentialAction\":[{\"@type\":\"SearchAction\",\"target\":{\"@type\":\"EntryPoint\",\"urlTemplate\":\"https:\\\/\\\/1dronas.lt\\\/en\\\/?s={search_term_string}\"},\"query-input\":{\"@type\":\"PropertyValueSpecification\",\"valueRequired\":true,\"valueName\":\"search_term_string\"}}],\"inLanguage\":\"en-US\"},{\"@type\":\"Organization\",\"@id\":\"https:\\\/\\\/1dronas.lt\\\/en\\\/#organization\",\"name\":\"1dronas.lt\",\"url\":\"https:\\\/\\\/1dronas.lt\\\/en\\\/\",\"logo\":{\"@type\":\"ImageObject\",\"inLanguage\":\"en-US\",\"@id\":\"https:\\\/\\\/1dronas.lt\\\/en\\\/#\\\/schema\\\/logo\\\/image\\\/\",\"url\":\"https:\\\/\\\/1dronas.lt\\\/wp-content\\\/uploads\\\/2020\\\/12\\\/Ekrano_kopija__2_-removebg-preview-1-1.png\",\"contentUrl\":\"https:\\\/\\\/1dronas.lt\\\/wp-content\\\/uploads\\\/2020\\\/12\\\/Ekrano_kopija__2_-removebg-preview-1-1.png\",\"width\":234,\"height\":81,\"caption\":\"1dronas.lt\"},\"image\":{\"@id\":\"https:\\\/\\\/1dronas.lt\\\/en\\\/#\\\/schema\\\/logo\\\/image\\\/\"},\"sameAs\":[\"https:\\\/\\\/www.facebook.com\\\/1dronas\\\/\"]}]}<\/script>\n<!-- \/ Yoast SEO plugin. -->","yoast_head_json":{"title":"BETAFPV 2S baterij\u0173 \u012fkroviklis - BT3.0 - 1dronas.lt","robots":{"index":"index","follow":"follow","max-snippet":"max-snippet:-1","max-image-preview":"max-image-preview:large","max-video-preview":"max-video-preview:-1"},"canonical":"https:\/\/1dronas.lt\/en\/produktas\/betafpv-2s-bateriju-ikroviklis-bt3-0\/","og_locale":"en_US","og_type":"article","og_title":"BETAFPV 2S baterij\u0173 \u012fkroviklis - BT3.0 - 1dronas.lt","og_description":"\u012erengtas skaitmeninio ekrano funkcija, leid\u017eian\u010dia steb\u0117ti baterijos \u012ftamp\u0105 \u012fkrovimo metu   1 \u2013 2 d. d.","og_url":"https:\/\/1dronas.lt\/en\/produktas\/betafpv-2s-bateriju-ikroviklis-bt3-0\/","og_site_name":"1dronas.lt","article_publisher":"https:\/\/www.facebook.com\/1dronas\/","article_modified_time":"2026-01-08T17:54:04+00:00","og_image":[{"width":720,"height":720,"url":"https:\/\/1dronas.lt\/wp-content\/uploads\/2026\/01\/BT3.0_0ceedc3b-b7bd-44ea-8dde-a62ecea635f6_720x.jpg","type":"image\/jpeg"}],"twitter_card":"summary_large_image","twitter_misc":{"Est. reading time":"2 minutes"},"schema":{"@context":"https:\/\/schema.org","@graph":[{"@type":"WebPage","@id":"https:\/\/1dronas.lt\/en\/produktas\/betafpv-2s-bateriju-ikroviklis-bt3-0\/","url":"https:\/\/1dronas.lt\/en\/produktas\/betafpv-2s-bateriju-ikroviklis-bt3-0\/","name":"BETAFPV 2S baterij\u0173 \u012fkroviklis - BT3.0 - 1dronas.lt","isPartOf":{"@id":"https:\/\/1dronas.lt\/en\/#website"},"primaryImageOfPage":{"@id":"https:\/\/1dronas.lt\/en\/produktas\/betafpv-2s-bateriju-ikroviklis-bt3-0\/#primaryimage"},"image":{"@id":"https:\/\/1dronas.lt\/en\/produktas\/betafpv-2s-bateriju-ikroviklis-bt3-0\/#primaryimage"},"thumbnailUrl":"https:\/\/1dronas.lt\/wp-content\/uploads\/2026\/01\/BT3.0_0ceedc3b-b7bd-44ea-8dde-a62ecea635f6_720x.jpg","datePublished":"2026-01-08T17:51:44+00:00","dateModified":"2026-01-08T17:54:04+00:00","breadcrumb":{"@id":"https:\/\/1dronas.lt\/en\/produktas\/betafpv-2s-bateriju-ikroviklis-bt3-0\/#breadcrumb"},"inLanguage":"en-US","potentialAction":[{"@type":"ReadAction","target":["https:\/\/1dronas.lt\/en\/produktas\/betafpv-2s-bateriju-ikroviklis-bt3-0\/"]}]},{"@type":"ImageObject","inLanguage":"en-US","@id":"https:\/\/1dronas.lt\/en\/produktas\/betafpv-2s-bateriju-ikroviklis-bt3-0\/#primaryimage","url":"https:\/\/1dronas.lt\/wp-content\/uploads\/2026\/01\/BT3.0_0ceedc3b-b7bd-44ea-8dde-a62ecea635f6_720x.jpg","contentUrl":"https:\/\/1dronas.lt\/wp-content\/uploads\/2026\/01\/BT3.0_0ceedc3b-b7bd-44ea-8dde-a62ecea635f6_720x.jpg","width":720,"height":720},{"@type":"BreadcrumbList","@id":"https:\/\/1dronas.lt\/en\/produktas\/betafpv-2s-bateriju-ikroviklis-bt3-0\/#breadcrumb","itemListElement":[{"@type":"ListItem","position":1,"name":"Home","item":"https:\/\/1dronas.lt\/"},{"@type":"ListItem","position":2,"name":"Parduotuv\u0117","item":"https:\/\/1dronas.lt\/parduotuve\/"},{"@type":"ListItem","position":3,"name":"BETAFPV 2S baterij\u0173 \u012fkroviklis &#8211; BT3.0"}]},{"@type":"WebSite","@id":"https:\/\/1dronas.lt\/en\/#website","url":"https:\/\/1dronas.lt\/en\/","name":"1dronas.lt","description":"Online store","publisher":{"@id":"https:\/\/1dronas.lt\/en\/#organization"},"potentialAction":[{"@type":"SearchAction","target":{"@type":"EntryPoint","urlTemplate":"https:\/\/1dronas.lt\/en\/?s={search_term_string}"},"query-input":{"@type":"PropertyValueSpecification","valueRequired":true,"valueName":"search_term_string"}}],"inLanguage":"en-US"},{"@type":"Organization","@id":"https:\/\/1dronas.lt\/en\/#organization","name":"1dronas.lt","url":"https:\/\/1dronas.lt\/en\/","logo":{"@type":"ImageObject","inLanguage":"en-US","@id":"https:\/\/1dronas.lt\/en\/#\/schema\/logo\/image\/","url":"https:\/\/1dronas.lt\/wp-content\/uploads\/2020\/12\/Ekrano_kopija__2_-removebg-preview-1-1.png","contentUrl":"https:\/\/1dronas.lt\/wp-content\/uploads\/2020\/12\/Ekrano_kopija__2_-removebg-preview-1-1.png","width":234,"height":81,"caption":"1dronas.lt"},"image":{"@id":"https:\/\/1dronas.lt\/en\/#\/schema\/logo\/image\/"},"sameAs":["https:\/\/www.facebook.com\/1dronas\/"]}]}},"jetpack_sharing_enabled":true,"_links":{"self":[{"href":"https:\/\/1dronas.lt\/en\/wp-json\/wp\/v2\/product\/15114","targetHints":{"allow":["GET"]}}],"collection":[{"href":"https:\/\/1dronas.lt\/en\/wp-json\/wp\/v2\/product"}],"about":[{"href":"https:\/\/1dronas.lt\/en\/wp-json\/wp\/v2\/types\/product"}],"replies":[{"embeddable":true,"href":"https:\/\/1dronas.lt\/en\/wp-json\/wp\/v2\/comments?post=15114"}],"wp:featuredmedia":[{"embeddable":true,"href":"https:\/\/1dronas.lt\/en\/wp-json\/wp\/v2\/media\/15116"}],"wp:attachment":[{"href":"https:\/\/1dronas.lt\/en\/wp-json\/wp\/v2\/media?parent=15114"}],"wp:term":[{"taxonomy":"product_brand","embeddable":true,"href":"https:\/\/1dronas.lt\/en\/wp-json\/wp\/v2\/product_brand?post=15114"},{"taxonomy":"product_cat","embeddable":true,"href":"https:\/\/1dronas.lt\/en\/wp-json\/wp\/v2\/product_cat?post=15114"},{"taxonomy":"product_tag","embeddable":true,"href":"https:\/\/1dronas.lt\/en\/wp-json\/wp\/v2\/product_tag?post=15114"}],"curies":[{"name":"wp","href":"https:\/\/api.w.org\/{rel}","templated":true}]}}