{"id":15078,"date":"2026-01-08T11:54:49","date_gmt":"2026-01-08T09:54:49","guid":{"rendered":"https:\/\/1dronas.lt\/?post_type=product&#038;p=15078"},"modified":"2026-03-15T12:01:36","modified_gmt":"2026-03-15T10:01:36","slug":"runcam-phoenix-2-sp-v5-kamera","status":"publish","type":"product","link":"https:\/\/1dronas.lt\/en\/produktas\/runcam-phoenix-2-sp-v5-kamera\/","title":{"rendered":"RunCam Phoenix 2 SP V5 camera"},"content":{"rendered":"<p><strong>Designed for a true FPV experience<\/strong><\/p>\n<p>The RunCam Phoenix 2 SPV5 delivers a stable, natural, and realistic image that helps you navigate your way around and get fully immersed in your flight. It&#039;s a camera you can trust for every maneuver, from slow-motion footage to extreme FPV racing.<\/p>\n<p><img loading=\"lazy\" decoding=\"async\" class=\"alignnone size-full wp-image-15089\" src=\"https:\/\/1dronas.lt\/wp-content\/uploads\/2026\/01\/Phoenix-2-SPV-EN_01.jpg\" alt=\"\" width=\"1280\" height=\"1650\" srcset=\"https:\/\/1dronas.lt\/wp-content\/uploads\/2026\/01\/Phoenix-2-SPV-EN_01.jpg 1280w, https:\/\/1dronas.lt\/wp-content\/uploads\/2026\/01\/Phoenix-2-SPV-EN_01-233x300.jpg 233w, https:\/\/1dronas.lt\/wp-content\/uploads\/2026\/01\/Phoenix-2-SPV-EN_01-794x1024.jpg 794w, https:\/\/1dronas.lt\/wp-content\/uploads\/2026\/01\/Phoenix-2-SPV-EN_01-768x990.jpg 768w, https:\/\/1dronas.lt\/wp-content\/uploads\/2026\/01\/Phoenix-2-SPV-EN_01-1192x1536.jpg 1192w, https:\/\/1dronas.lt\/wp-content\/uploads\/2026\/01\/Phoenix-2-SPV-EN_01-9x12.jpg 9w, https:\/\/1dronas.lt\/wp-content\/uploads\/2026\/01\/Phoenix-2-SPV-EN_01-510x657.jpg 510w\" sizes=\"auto, (max-width: 1280px) 100vw, 1280px\" \/><\/p>\n<p><strong>BSI sensor \u2013 great vision in low light conditions<\/strong><\/p>\n<p>The integrated latest generation BSI (Backside Illuminated) sensor has extremely high sensitivity \u2013 up to 13,000 mV\/lux\u00b7s. This allows you to obtain a clear and detailed image even in the dark, so you can confidently fly early in the morning, evening or in complete darkness without losing image quality.<\/p>\n<p><img loading=\"lazy\" decoding=\"async\" class=\"alignnone size-full wp-image-15088\" src=\"https:\/\/1dronas.lt\/wp-content\/uploads\/2026\/01\/Phoenix-2-SPV-EN_02.jpg\" alt=\"\" width=\"1280\" height=\"1639\" srcset=\"https:\/\/1dronas.lt\/wp-content\/uploads\/2026\/01\/Phoenix-2-SPV-EN_02.jpg 1280w, https:\/\/1dronas.lt\/wp-content\/uploads\/2026\/01\/Phoenix-2-SPV-EN_02-234x300.jpg 234w, https:\/\/1dronas.lt\/wp-content\/uploads\/2026\/01\/Phoenix-2-SPV-EN_02-800x1024.jpg 800w, https:\/\/1dronas.lt\/wp-content\/uploads\/2026\/01\/Phoenix-2-SPV-EN_02-768x983.jpg 768w, https:\/\/1dronas.lt\/wp-content\/uploads\/2026\/01\/Phoenix-2-SPV-EN_02-1200x1536.jpg 1200w, https:\/\/1dronas.lt\/wp-content\/uploads\/2026\/01\/Phoenix-2-SPV-EN_02-9x12.jpg 9w, https:\/\/1dronas.lt\/wp-content\/uploads\/2026\/01\/Phoenix-2-SPV-EN_02-510x653.jpg 510w\" sizes=\"auto, (max-width: 1280px) 100vw, 1280px\" \/><\/p>\n<p><strong>Advanced 6G lens \u2013 crystal clear image<\/strong><\/p>\n<p>The high-quality 6G lens system captures every detail with exceptional precision. It effectively reduces purple outlines and red haze, so the image remains clean, sharp and with natural colors even in difficult lighting conditions.<\/p>\n<p><img loading=\"lazy\" decoding=\"async\" class=\"alignnone size-full wp-image-15087\" src=\"https:\/\/1dronas.lt\/wp-content\/uploads\/2026\/01\/Phoenix-2-SPV-EN_03.jpg\" alt=\"\" width=\"1280\" height=\"1699\" srcset=\"https:\/\/1dronas.lt\/wp-content\/uploads\/2026\/01\/Phoenix-2-SPV-EN_03.jpg 1280w, https:\/\/1dronas.lt\/wp-content\/uploads\/2026\/01\/Phoenix-2-SPV-EN_03-226x300.jpg 226w, https:\/\/1dronas.lt\/wp-content\/uploads\/2026\/01\/Phoenix-2-SPV-EN_03-771x1024.jpg 771w, https:\/\/1dronas.lt\/wp-content\/uploads\/2026\/01\/Phoenix-2-SPV-EN_03-768x1019.jpg 768w, https:\/\/1dronas.lt\/wp-content\/uploads\/2026\/01\/Phoenix-2-SPV-EN_03-1157x1536.jpg 1157w, https:\/\/1dronas.lt\/wp-content\/uploads\/2026\/01\/Phoenix-2-SPV-EN_03-9x12.jpg 9w, https:\/\/1dronas.lt\/wp-content\/uploads\/2026\/01\/Phoenix-2-SPV-EN_03-510x677.jpg 510w\" sizes=\"auto, (max-width: 1280px) 100vw, 1280px\" \/><\/p>\n<p><strong>RunCam Phoenix 2 SPV5 \u2013 a flawless view on every flight<\/strong><\/p>\n<p>The RunCam Phoenix 2 SPV5 is a high-end FPV camera designed for pilots who demand maximum image clarity and reliability in all conditions. The standard 19mm width design ensures full compatibility with most FPV drone frames and allows the camera to be installed quickly and without additional modifications.<\/p>\n<p><img loading=\"lazy\" decoding=\"async\" class=\"alignnone size-full wp-image-15086\" src=\"https:\/\/1dronas.lt\/wp-content\/uploads\/2026\/01\/Phoenix-2-SPV-EN_04.jpg\" alt=\"\" width=\"1280\" height=\"1614\" srcset=\"https:\/\/1dronas.lt\/wp-content\/uploads\/2026\/01\/Phoenix-2-SPV-EN_04.jpg 1280w, https:\/\/1dronas.lt\/wp-content\/uploads\/2026\/01\/Phoenix-2-SPV-EN_04-238x300.jpg 238w, https:\/\/1dronas.lt\/wp-content\/uploads\/2026\/01\/Phoenix-2-SPV-EN_04-812x1024.jpg 812w, https:\/\/1dronas.lt\/wp-content\/uploads\/2026\/01\/Phoenix-2-SPV-EN_04-768x968.jpg 768w, https:\/\/1dronas.lt\/wp-content\/uploads\/2026\/01\/Phoenix-2-SPV-EN_04-1218x1536.jpg 1218w, https:\/\/1dronas.lt\/wp-content\/uploads\/2026\/01\/Phoenix-2-SPV-EN_04-10x12.jpg 10w, https:\/\/1dronas.lt\/wp-content\/uploads\/2026\/01\/Phoenix-2-SPV-EN_04-510x643.jpg 510w\" sizes=\"auto, (max-width: 1280px) 100vw, 1280px\" \/><\/p>\n<p><strong>Specification:<\/strong><\/p>\n<p>\u2022 Product name: RunCam Phoenix 2 SP V5;<br \/>\n\u2022 Image sensor: 1\/3\u2033 BSI CMOS;<br \/>\n\u2022 Horizontal resolution: 1200 TV lines (TVL);<br \/>\n\u2022 Lens:<br \/>\nViewing angle FOV (4:3) \u2013 Diagonal: 155\u00b0, Horizontal: 123\u00b0, Vertical: 96\u00b0;<br \/>\nViewing angle FOV (16:9) \u2013 Diagonal: 140\u00b0, Horizontal: 123\u00b0, Vertical: 74\u00b0;<br \/>\n\u2022 Screen format:<br \/>\n4:3;<br \/>\n16:9;<br \/>\n\u2022 Mirror Image \/ Flip: Can be enabled;<br \/>\n\u2022 Video signal system: NTSC \/ PAL;<br \/>\n\u2022 Shutter: Rolling Shutter;<br \/>\n\u2022 Sensitivity: 13000 mV\/Lux\u2022s;<br \/>\n\u2022 Wide Dynamic Range (WDR): Global WDR;<br \/>\n\u2022 Day\/night mode: Color;<br \/>\n\u2022 Menu control: Cable Control;<br \/>\n\u2022 Power supply: DC 5-36 V;<br \/>\n\u2022 Current strength:<br \/>\n95mA @ 5V;<br \/>\n45mA @ 12V;<br \/>\n\u2022 Housing material: ABS plastic;<br \/>\n\u2022 Net weight: 7.5 g (without cable);<br \/>\n\u2022 Dimensions: 19 mm \u00d7 19 mm \u00d7 19 mm (M2 screws).<\/p>\n<p><strong>Package:<\/strong><\/p>\n<p>1 x RunCam Phoenix 2 SPV5 camera;<br \/>\n1 x 4-pin silicone cable;<br \/>\n1 x set of mounting screws;<br \/>\n1 x user manual card.<\/p>\n<p><img loading=\"lazy\" decoding=\"async\" class=\"alignnone wp-image-15085\" src=\"https:\/\/1dronas.lt\/wp-content\/uploads\/2026\/01\/Phoenix-2-SPV-EN_05-e1767866193635.jpg\" alt=\"\" width=\"814\" height=\"477\" srcset=\"https:\/\/1dronas.lt\/wp-content\/uploads\/2026\/01\/Phoenix-2-SPV-EN_05-e1767866193635.jpg 1280w, https:\/\/1dronas.lt\/wp-content\/uploads\/2026\/01\/Phoenix-2-SPV-EN_05-e1767866193635-300x176.jpg 300w, https:\/\/1dronas.lt\/wp-content\/uploads\/2026\/01\/Phoenix-2-SPV-EN_05-e1767866193635-1024x600.jpg 1024w, https:\/\/1dronas.lt\/wp-content\/uploads\/2026\/01\/Phoenix-2-SPV-EN_05-e1767866193635-768x450.jpg 768w, https:\/\/1dronas.lt\/wp-content\/uploads\/2026\/01\/Phoenix-2-SPV-EN_05-e1767866193635-18x12.jpg 18w, https:\/\/1dronas.lt\/wp-content\/uploads\/2026\/01\/Phoenix-2-SPV-EN_05-e1767866193635-510x299.jpg 510w\" sizes=\"auto, (max-width: 814px) 100vw, 814px\" \/><\/p>","protected":false},"excerpt":{"rendered":"<p><span style=\"color: #282828;\">Compact FPV camera with 1200TVL resolution, advanced 6G lens and highly sensitive BSI sensor, ensuring bright and natural color images even in low light conditions.<\/span><\/p>\n<p><span style=\"color: #282828; font-size: 90%;\"><strong><img loading=\"lazy\" decoding=\"async\" class=\"alignnone wp-image-1806\" src=\"https:\/\/1dronas.lt\/wp-content\/uploads\/2021\/05\/delivery-icon.png.webp\" alt=\"\" width=\"24\" height=\"24\" srcset=\"https:\/\/1dronas.lt\/wp-content\/uploads\/2021\/05\/delivery-icon.png 35w, https:\/\/1dronas.lt\/wp-content\/uploads\/2021\/05\/delivery-icon-12x12.png 12w\" sizes=\"auto, (max-width: 24px) 100vw, 24px\" \/>\u00a0\u00a01 \u2013 2 days<\/strong><\/span><\/p>","protected":false},"featured_media":15084,"comment_status":"open","ping_status":"closed","template":"","meta":[],"product_brand":[499],"product_cat":[191],"product_tag":[437,433,1104,632],"class_list":{"0":"post-15078","1":"product","2":"type-product","3":"status-publish","4":"has-post-thumbnail","6":"product_brand-runcam","7":"product_cat-kameros","8":"product_tag-camera","9":"product_tag-kamera","10":"product_tag-phoenix-2-sp-v5","11":"product_tag-runcam","13":"first","14":"outofstock","15":"taxable","16":"shipping-taxable","17":"purchasable","18":"product-type-simple"},"yoast_head":"<!-- This site is optimized with the Yoast SEO plugin v27.4 - https:\/\/yoast.com\/product\/yoast-seo-wordpress\/ -->\n<title>RunCam Phoenix 2 SP V5 kamera - 1dronas.lt<\/title>\n<meta name=\"robots\" content=\"index, follow, max-snippet:-1, max-image-preview:large, max-video-preview:-1\" \/>\n<link rel=\"canonical\" href=\"https:\/\/1dronas.lt\/en\/produktas\/runcam-phoenix-2-sp-v5-kamera\/\" \/>\n<meta property=\"og:locale\" content=\"en_US\" \/>\n<meta property=\"og:type\" content=\"article\" \/>\n<meta property=\"og:title\" content=\"RunCam Phoenix 2 SP V5 kamera - 1dronas.lt\" \/>\n<meta property=\"og:description\" content=\"Kompakti\u0161ka FPV kamera su 1200TVL rai\u0161ka, pa\u017eangiu 6G objektyvu ir itin jautriu BSI jutikliu, u\u017etikrinanti ry\u0161k\u0173 bei nat\u016brali\u0173 spalv\u0173 vaizd\u0105 net prasto ap\u0161vietimo s\u0105lygomis.  \u00a0\u00a01 \u2013 2 d.d.\" \/>\n<meta property=\"og:url\" content=\"https:\/\/1dronas.lt\/en\/produktas\/runcam-phoenix-2-sp-v5-kamera\/\" \/>\n<meta property=\"og:site_name\" content=\"1dronas.lt\" \/>\n<meta property=\"article:publisher\" content=\"https:\/\/www.facebook.com\/1dronas\/\" \/>\n<meta property=\"article:modified_time\" content=\"2026-03-15T10:01:36+00:00\" \/>\n<meta property=\"og:image\" content=\"https:\/\/1dronas.lt\/wp-content\/uploads\/2026\/01\/5__59811.jpg\" \/>\n\t<meta property=\"og:image:width\" content=\"1280\" \/>\n\t<meta property=\"og:image:height\" content=\"1280\" \/>\n\t<meta property=\"og:image:type\" content=\"image\/jpeg\" \/>\n<meta name=\"twitter:card\" content=\"summary_large_image\" \/>\n<meta name=\"twitter:label1\" content=\"Est. reading time\" \/>\n\t<meta name=\"twitter:data1\" content=\"3 minutes\" \/>\n<script type=\"application\/ld+json\" class=\"yoast-schema-graph\">{\"@context\":\"https:\\\/\\\/schema.org\",\"@graph\":[{\"@type\":\"WebPage\",\"@id\":\"https:\\\/\\\/1dronas.lt\\\/en\\\/produktas\\\/runcam-phoenix-2-sp-v5-kamera\\\/\",\"url\":\"https:\\\/\\\/1dronas.lt\\\/en\\\/produktas\\\/runcam-phoenix-2-sp-v5-kamera\\\/\",\"name\":\"RunCam Phoenix 2 SP V5 kamera - 1dronas.lt\",\"isPartOf\":{\"@id\":\"https:\\\/\\\/1dronas.lt\\\/en\\\/#website\"},\"primaryImageOfPage\":{\"@id\":\"https:\\\/\\\/1dronas.lt\\\/en\\\/produktas\\\/runcam-phoenix-2-sp-v5-kamera\\\/#primaryimage\"},\"image\":{\"@id\":\"https:\\\/\\\/1dronas.lt\\\/en\\\/produktas\\\/runcam-phoenix-2-sp-v5-kamera\\\/#primaryimage\"},\"thumbnailUrl\":\"https:\\\/\\\/1dronas.lt\\\/wp-content\\\/uploads\\\/2026\\\/01\\\/5__59811.jpg\",\"datePublished\":\"2026-01-08T09:54:49+00:00\",\"dateModified\":\"2026-03-15T10:01:36+00:00\",\"breadcrumb\":{\"@id\":\"https:\\\/\\\/1dronas.lt\\\/en\\\/produktas\\\/runcam-phoenix-2-sp-v5-kamera\\\/#breadcrumb\"},\"inLanguage\":\"en-US\",\"potentialAction\":[{\"@type\":\"ReadAction\",\"target\":[\"https:\\\/\\\/1dronas.lt\\\/en\\\/produktas\\\/runcam-phoenix-2-sp-v5-kamera\\\/\"]}]},{\"@type\":\"ImageObject\",\"inLanguage\":\"en-US\",\"@id\":\"https:\\\/\\\/1dronas.lt\\\/en\\\/produktas\\\/runcam-phoenix-2-sp-v5-kamera\\\/#primaryimage\",\"url\":\"https:\\\/\\\/1dronas.lt\\\/wp-content\\\/uploads\\\/2026\\\/01\\\/5__59811.jpg\",\"contentUrl\":\"https:\\\/\\\/1dronas.lt\\\/wp-content\\\/uploads\\\/2026\\\/01\\\/5__59811.jpg\",\"width\":1280,\"height\":1280},{\"@type\":\"BreadcrumbList\",\"@id\":\"https:\\\/\\\/1dronas.lt\\\/en\\\/produktas\\\/runcam-phoenix-2-sp-v5-kamera\\\/#breadcrumb\",\"itemListElement\":[{\"@type\":\"ListItem\",\"position\":1,\"name\":\"Home\",\"item\":\"https:\\\/\\\/1dronas.lt\\\/\"},{\"@type\":\"ListItem\",\"position\":2,\"name\":\"Parduotuv\u0117\",\"item\":\"https:\\\/\\\/1dronas.lt\\\/parduotuve\\\/\"},{\"@type\":\"ListItem\",\"position\":3,\"name\":\"RunCam Phoenix 2 SP V5 kamera\"}]},{\"@type\":\"WebSite\",\"@id\":\"https:\\\/\\\/1dronas.lt\\\/en\\\/#website\",\"url\":\"https:\\\/\\\/1dronas.lt\\\/en\\\/\",\"name\":\"1dronas.lt\",\"description\":\"Internetin\u0117 parduotuv\u0117\",\"publisher\":{\"@id\":\"https:\\\/\\\/1dronas.lt\\\/en\\\/#organization\"},\"potentialAction\":[{\"@type\":\"SearchAction\",\"target\":{\"@type\":\"EntryPoint\",\"urlTemplate\":\"https:\\\/\\\/1dronas.lt\\\/en\\\/?s={search_term_string}\"},\"query-input\":{\"@type\":\"PropertyValueSpecification\",\"valueRequired\":true,\"valueName\":\"search_term_string\"}}],\"inLanguage\":\"en-US\"},{\"@type\":\"Organization\",\"@id\":\"https:\\\/\\\/1dronas.lt\\\/en\\\/#organization\",\"name\":\"1dronas.lt\",\"url\":\"https:\\\/\\\/1dronas.lt\\\/en\\\/\",\"logo\":{\"@type\":\"ImageObject\",\"inLanguage\":\"en-US\",\"@id\":\"https:\\\/\\\/1dronas.lt\\\/en\\\/#\\\/schema\\\/logo\\\/image\\\/\",\"url\":\"https:\\\/\\\/1dronas.lt\\\/wp-content\\\/uploads\\\/2020\\\/12\\\/Ekrano_kopija__2_-removebg-preview-1-1.png\",\"contentUrl\":\"https:\\\/\\\/1dronas.lt\\\/wp-content\\\/uploads\\\/2020\\\/12\\\/Ekrano_kopija__2_-removebg-preview-1-1.png\",\"width\":234,\"height\":81,\"caption\":\"1dronas.lt\"},\"image\":{\"@id\":\"https:\\\/\\\/1dronas.lt\\\/en\\\/#\\\/schema\\\/logo\\\/image\\\/\"},\"sameAs\":[\"https:\\\/\\\/www.facebook.com\\\/1dronas\\\/\"]}]}<\/script>\n<!-- \/ Yoast SEO plugin. -->","yoast_head_json":{"title":"RunCam Phoenix 2 SP V5 kamera - 1dronas.lt","robots":{"index":"index","follow":"follow","max-snippet":"max-snippet:-1","max-image-preview":"max-image-preview:large","max-video-preview":"max-video-preview:-1"},"canonical":"https:\/\/1dronas.lt\/en\/produktas\/runcam-phoenix-2-sp-v5-kamera\/","og_locale":"en_US","og_type":"article","og_title":"RunCam Phoenix 2 SP V5 kamera - 1dronas.lt","og_description":"Kompakti\u0161ka FPV kamera su 1200TVL rai\u0161ka, pa\u017eangiu 6G objektyvu ir itin jautriu BSI jutikliu, u\u017etikrinanti ry\u0161k\u0173 bei nat\u016brali\u0173 spalv\u0173 vaizd\u0105 net prasto ap\u0161vietimo s\u0105lygomis.  \u00a0\u00a01 \u2013 2 d.d.","og_url":"https:\/\/1dronas.lt\/en\/produktas\/runcam-phoenix-2-sp-v5-kamera\/","og_site_name":"1dronas.lt","article_publisher":"https:\/\/www.facebook.com\/1dronas\/","article_modified_time":"2026-03-15T10:01:36+00:00","og_image":[{"width":1280,"height":1280,"url":"https:\/\/1dronas.lt\/wp-content\/uploads\/2026\/01\/5__59811.jpg","type":"image\/jpeg"}],"twitter_card":"summary_large_image","twitter_misc":{"Est. reading time":"3 minutes"},"schema":{"@context":"https:\/\/schema.org","@graph":[{"@type":"WebPage","@id":"https:\/\/1dronas.lt\/en\/produktas\/runcam-phoenix-2-sp-v5-kamera\/","url":"https:\/\/1dronas.lt\/en\/produktas\/runcam-phoenix-2-sp-v5-kamera\/","name":"RunCam Phoenix 2 SP V5 kamera - 1dronas.lt","isPartOf":{"@id":"https:\/\/1dronas.lt\/en\/#website"},"primaryImageOfPage":{"@id":"https:\/\/1dronas.lt\/en\/produktas\/runcam-phoenix-2-sp-v5-kamera\/#primaryimage"},"image":{"@id":"https:\/\/1dronas.lt\/en\/produktas\/runcam-phoenix-2-sp-v5-kamera\/#primaryimage"},"thumbnailUrl":"https:\/\/1dronas.lt\/wp-content\/uploads\/2026\/01\/5__59811.jpg","datePublished":"2026-01-08T09:54:49+00:00","dateModified":"2026-03-15T10:01:36+00:00","breadcrumb":{"@id":"https:\/\/1dronas.lt\/en\/produktas\/runcam-phoenix-2-sp-v5-kamera\/#breadcrumb"},"inLanguage":"en-US","potentialAction":[{"@type":"ReadAction","target":["https:\/\/1dronas.lt\/en\/produktas\/runcam-phoenix-2-sp-v5-kamera\/"]}]},{"@type":"ImageObject","inLanguage":"en-US","@id":"https:\/\/1dronas.lt\/en\/produktas\/runcam-phoenix-2-sp-v5-kamera\/#primaryimage","url":"https:\/\/1dronas.lt\/wp-content\/uploads\/2026\/01\/5__59811.jpg","contentUrl":"https:\/\/1dronas.lt\/wp-content\/uploads\/2026\/01\/5__59811.jpg","width":1280,"height":1280},{"@type":"BreadcrumbList","@id":"https:\/\/1dronas.lt\/en\/produktas\/runcam-phoenix-2-sp-v5-kamera\/#breadcrumb","itemListElement":[{"@type":"ListItem","position":1,"name":"Home","item":"https:\/\/1dronas.lt\/"},{"@type":"ListItem","position":2,"name":"Parduotuv\u0117","item":"https:\/\/1dronas.lt\/parduotuve\/"},{"@type":"ListItem","position":3,"name":"RunCam Phoenix 2 SP V5 kamera"}]},{"@type":"WebSite","@id":"https:\/\/1dronas.lt\/en\/#website","url":"https:\/\/1dronas.lt\/en\/","name":"1dronas.lt","description":"Online store","publisher":{"@id":"https:\/\/1dronas.lt\/en\/#organization"},"potentialAction":[{"@type":"SearchAction","target":{"@type":"EntryPoint","urlTemplate":"https:\/\/1dronas.lt\/en\/?s={search_term_string}"},"query-input":{"@type":"PropertyValueSpecification","valueRequired":true,"valueName":"search_term_string"}}],"inLanguage":"en-US"},{"@type":"Organization","@id":"https:\/\/1dronas.lt\/en\/#organization","name":"1dronas.lt","url":"https:\/\/1dronas.lt\/en\/","logo":{"@type":"ImageObject","inLanguage":"en-US","@id":"https:\/\/1dronas.lt\/en\/#\/schema\/logo\/image\/","url":"https:\/\/1dronas.lt\/wp-content\/uploads\/2020\/12\/Ekrano_kopija__2_-removebg-preview-1-1.png","contentUrl":"https:\/\/1dronas.lt\/wp-content\/uploads\/2020\/12\/Ekrano_kopija__2_-removebg-preview-1-1.png","width":234,"height":81,"caption":"1dronas.lt"},"image":{"@id":"https:\/\/1dronas.lt\/en\/#\/schema\/logo\/image\/"},"sameAs":["https:\/\/www.facebook.com\/1dronas\/"]}]}},"jetpack_sharing_enabled":true,"_links":{"self":[{"href":"https:\/\/1dronas.lt\/en\/wp-json\/wp\/v2\/product\/15078","targetHints":{"allow":["GET"]}}],"collection":[{"href":"https:\/\/1dronas.lt\/en\/wp-json\/wp\/v2\/product"}],"about":[{"href":"https:\/\/1dronas.lt\/en\/wp-json\/wp\/v2\/types\/product"}],"replies":[{"embeddable":true,"href":"https:\/\/1dronas.lt\/en\/wp-json\/wp\/v2\/comments?post=15078"}],"wp:featuredmedia":[{"embeddable":true,"href":"https:\/\/1dronas.lt\/en\/wp-json\/wp\/v2\/media\/15084"}],"wp:attachment":[{"href":"https:\/\/1dronas.lt\/en\/wp-json\/wp\/v2\/media?parent=15078"}],"wp:term":[{"taxonomy":"product_brand","embeddable":true,"href":"https:\/\/1dronas.lt\/en\/wp-json\/wp\/v2\/product_brand?post=15078"},{"taxonomy":"product_cat","embeddable":true,"href":"https:\/\/1dronas.lt\/en\/wp-json\/wp\/v2\/product_cat?post=15078"},{"taxonomy":"product_tag","embeddable":true,"href":"https:\/\/1dronas.lt\/en\/wp-json\/wp\/v2\/product_tag?post=15078"}],"curies":[{"name":"wp","href":"https:\/\/api.w.org\/{rel}","templated":true}]}}