{"id":15058,"date":"2026-01-06T23:58:06","date_gmt":"2026-01-06T21:58:06","guid":{"rendered":"https:\/\/1dronas.lt\/?post_type=product&#038;p=15058"},"modified":"2026-04-04T10:44:50","modified_gmt":"2026-04-04T07:44:50","slug":"newbeedrone-nitro-nectar-nx69-300mah-1s-80c-hv-lipo-battery-4vnt","status":"publish","type":"product","link":"https:\/\/1dronas.lt\/en\/produktas\/newbeedrone-nitro-nectar-nx69-300mah-1s-80c-hv-lipo-battery-4vnt\/","title":{"rendered":"Battery NewBeeDrone Nitro Nectar 300mAh HV 1S 80C \u2013 NX69 (4pcs)"},"content":{"rendered":"<p data-start=\"149\" data-end=\"481\"><img loading=\"lazy\" decoding=\"async\" class=\"alignnone wp-image-15059 size-full\" src=\"https:\/\/1dronas.lt\/wp-content\/uploads\/2026\/01\/NBD-NX69-Nitro-Nectar-Gold-300mAh_01.jpg\" alt=\"\" width=\"1240\" height=\"850\" srcset=\"https:\/\/1dronas.lt\/wp-content\/uploads\/2026\/01\/NBD-NX69-Nitro-Nectar-Gold-300mAh_01.jpg 1240w, https:\/\/1dronas.lt\/wp-content\/uploads\/2026\/01\/NBD-NX69-Nitro-Nectar-Gold-300mAh_01-300x206.jpg 300w, https:\/\/1dronas.lt\/wp-content\/uploads\/2026\/01\/NBD-NX69-Nitro-Nectar-Gold-300mAh_01-1024x702.jpg 1024w, https:\/\/1dronas.lt\/wp-content\/uploads\/2026\/01\/NBD-NX69-Nitro-Nectar-Gold-300mAh_01-768x526.jpg 768w, https:\/\/1dronas.lt\/wp-content\/uploads\/2026\/01\/NBD-NX69-Nitro-Nectar-Gold-300mAh_01-18x12.jpg 18w, https:\/\/1dronas.lt\/wp-content\/uploads\/2026\/01\/NBD-NX69-Nitro-Nectar-Gold-300mAh_01-510x350.jpg 510w\" sizes=\"auto, (max-width: 1240px) 100vw, 1240px\" \/><\/p>\n<p data-start=\"149\" data-end=\"481\">NewBeeDrone Nitro Nectar NX69 300mAh 1S 80C HV LiPo battery is designed for maximum power for 1S FPV racing and freestyle drones. The new generation NX69 connector provides higher real current transfer than BT2.0, resulting in a sharper response to higher loads on the drone, more stable power throughout the flight. The advanced connector design with pure copper and increased brass contacts provides up to 69.6 % better theoretical conductivity compared to BT2.0. At the same time, the NX69 remains compatible with PH2.0 systems, allowing easy equipment upgrades without additional costs.<\/p>\n<p data-start=\"149\" data-end=\"481\"><strong>Features:<\/strong><\/p>\n<p data-start=\"908\" data-end=\"985\"><strong><b>\u2022 <\/b><\/strong>80C high discharge capacity \u2013 ideal for FPV racing and freestyle;<br \/>\n<strong><b>\u2022 <\/b><\/strong>NX69 connector \u2013 4.81 % higher real peak current than BT2.0;<br \/>\n<strong><b>\u2022 <\/b><\/strong>Excellent gas response;<br \/>\n<strong><b>\u2022 <\/b><\/strong>Advanced conductivity \u2013 69.6 % better current transfer;<br \/>\n<strong><b>\u2022 <\/b><\/strong>Compatibility with PH2.0 \u2013 seamless transition without additional equipment;<br \/>\n<strong><b>\u2022 <\/b><\/strong>Lightweight and compact \u2013 perfect for micro whoop drones;<br \/>\n<strong><b>\u2022 <\/b><\/strong>HV technology \u2013 charging up to 4.35 V.<\/p>\n<p data-start=\"908\" data-end=\"985\"><strong>Specification:<\/strong><\/p>\n<p data-start=\"1404\" data-end=\"1429\"><strong><b>\u2022 <\/b><\/strong>Manufacturer: NewBeeDrone;<br \/>\n<strong><b>\u2022 <\/b><\/strong>Model: Nitro Nectar NX69;<br \/>\n<strong><b>\u2022 <\/b><\/strong>Capacity: 1S 300mAh;<br \/>\n<strong><b>\u2022 <\/b><\/strong>Discharge rating: 80C;<br \/>\n<strong><b>\u2022 <\/b><\/strong>Type: HV LiPo;<br \/>\n<strong><b>\u2022 <\/b><\/strong>Maximum voltage: 4.35 V;<br \/>\n<strong><b>\u2022 <\/b><\/strong>Minimum recommended voltage: 3.7 V;<br \/>\n<strong><b>\u2022 <\/b><\/strong>Connector: NX69;<br \/>\n<strong><b>\u2022 <\/b><\/strong>Compatibility: PH2.0 (backward);<br \/>\n<strong><b>\u2022 <\/b><\/strong>Weight: ~8.3\u20138.4 g (one battery).<\/p>\n<p><strong>Warning<\/strong><\/p>\n<p><em>\u2022 Fully charge a new battery before use.<\/em><br \/>\n<em>\u2022 Only use a charger designed for lithium polymer\/lithium ion batteries and never leave the battery unattended while charging.<\/em><br \/>\n<em>\u2022 Always keep the battery away from flammable and explosive materials while charging.<\/em><br \/>\n<em>\u2022 Never overcharge a battery. The maximum voltage for a LiPo battery is 4.2 V per cell and for a LiHV battery it is 4.35 V per cell.<\/em><br \/>\n<em>\u2022 Never discharge the battery to a voltage below 3 V per cell under load.<\/em><br \/>\n<em>\u2022 Do not store fully charged batteries for more than 3 days. For long-term storage, maintain a voltage of 3.8-3.9 V.<\/em><br \/>\n<em>\u2022 Do not disassemble, crush, crush, expose to flame or other sources of ignition.<\/em><br \/>\n<em>\u2022 Do not use deformed or swollen batteries.<\/em><\/p>\n<p data-start=\"1404\" data-end=\"1429\"><strong>Package:<\/strong><\/p>\n<p data-start=\"1802\" data-end=\"1869\">4\u00d7 NewBeeDrone Nitro Nectar NX69 300mAh 1S 80C HV LiPo batteries;<br \/>\n1\u00d7 NX69 cable (pigtail).<\/p>\n<p data-start=\"1802\" data-end=\"1869\"><img loading=\"lazy\" decoding=\"async\" class=\"alignnone wp-image-15066 size-large\" src=\"https:\/\/1dronas.lt\/wp-content\/uploads\/2026\/01\/NewBeeDrone-Nitro-Nectar-NX69-300mAh-1S-80C-HV-LiPo-Battery-4xBatteries-NewBeeDrone-150828927_1906x-1024x1024.jpg\" alt=\"\" width=\"1020\" height=\"1020\" srcset=\"https:\/\/1dronas.lt\/wp-content\/uploads\/2026\/01\/NewBeeDrone-Nitro-Nectar-NX69-300mAh-1S-80C-HV-LiPo-Battery-4xBatteries-NewBeeDrone-150828927_1906x-1024x1024.jpg 1024w, https:\/\/1dronas.lt\/wp-content\/uploads\/2026\/01\/NewBeeDrone-Nitro-Nectar-NX69-300mAh-1S-80C-HV-LiPo-Battery-4xBatteries-NewBeeDrone-150828927_1906x-300x300.jpg 300w, https:\/\/1dronas.lt\/wp-content\/uploads\/2026\/01\/NewBeeDrone-Nitro-Nectar-NX69-300mAh-1S-80C-HV-LiPo-Battery-4xBatteries-NewBeeDrone-150828927_1906x-150x150.jpg 150w, https:\/\/1dronas.lt\/wp-content\/uploads\/2026\/01\/NewBeeDrone-Nitro-Nectar-NX69-300mAh-1S-80C-HV-LiPo-Battery-4xBatteries-NewBeeDrone-150828927_1906x-768x768.jpg 768w, https:\/\/1dronas.lt\/wp-content\/uploads\/2026\/01\/NewBeeDrone-Nitro-Nectar-NX69-300mAh-1S-80C-HV-LiPo-Battery-4xBatteries-NewBeeDrone-150828927_1906x-1536x1536.jpg 1536w, https:\/\/1dronas.lt\/wp-content\/uploads\/2026\/01\/NewBeeDrone-Nitro-Nectar-NX69-300mAh-1S-80C-HV-LiPo-Battery-4xBatteries-NewBeeDrone-150828927_1906x-12x12.jpg 12w, https:\/\/1dronas.lt\/wp-content\/uploads\/2026\/01\/NewBeeDrone-Nitro-Nectar-NX69-300mAh-1S-80C-HV-LiPo-Battery-4xBatteries-NewBeeDrone-150828927_1906x-247x247.jpg 247w, https:\/\/1dronas.lt\/wp-content\/uploads\/2026\/01\/NewBeeDrone-Nitro-Nectar-NX69-300mAh-1S-80C-HV-LiPo-Battery-4xBatteries-NewBeeDrone-150828927_1906x-510x510.jpg 510w, https:\/\/1dronas.lt\/wp-content\/uploads\/2026\/01\/NewBeeDrone-Nitro-Nectar-NX69-300mAh-1S-80C-HV-LiPo-Battery-4xBatteries-NewBeeDrone-150828927_1906x-100x100.jpg 100w, https:\/\/1dronas.lt\/wp-content\/uploads\/2026\/01\/NewBeeDrone-Nitro-Nectar-NX69-300mAh-1S-80C-HV-LiPo-Battery-4xBatteries-NewBeeDrone-150828927_1906x.jpg 1906w\" sizes=\"auto, (max-width: 1020px) 100vw, 1020px\" \/><\/p>","protected":false},"excerpt":{"rendered":"<p><span style=\"color: #000000\">These are high-end HV batteries designed for pilots who demand maximum performance, reliability and durability.<\/span><\/p>\n<p><span style=\"color: #000000\"><strong><img loading=\"lazy\" decoding=\"async\" class=\"alignnone wp-image-1806\" src=\"https:\/\/1dronas.lt\/wp-content\/uploads\/2021\/05\/delivery-icon.png.webp\" alt=\"\" width=\"24\" height=\"24\" srcset=\"https:\/\/1dronas.lt\/wp-content\/uploads\/2021\/05\/delivery-icon.png 35w, https:\/\/1dronas.lt\/wp-content\/uploads\/2021\/05\/delivery-icon-12x12.png 12w\" sizes=\"auto, (max-width: 24px) 100vw, 24px\" \/>\u00a0\u00a01 \u2013 2 days<\/strong><\/span><\/p>","protected":false},"featured_media":15064,"comment_status":"open","ping_status":"closed","template":"","meta":[],"product_brand":[1037],"product_cat":[737],"product_tag":[95,445,753,239,817,558,1048,1038,1050],"class_list":{"0":"post-15058","1":"product","2":"type-product","3":"status-publish","4":"has-post-thumbnail","6":"product_brand-newbeedrone","7":"product_cat-1s-lipo-akumuliatoriai","8":"product_tag-1s","9":"product_tag-300mah","10":"product_tag-80c","11":"product_tag-baterija","12":"product_tag-hv","13":"product_tag-lipo","14":"product_tag-nectar","15":"product_tag-newbeedrone","16":"product_tag-nx69","18":"first","19":"instock","20":"taxable","21":"shipping-taxable","22":"purchasable","23":"product-type-simple"},"yoast_head":"<!-- This site is optimized with the Yoast SEO plugin v27.3 - https:\/\/yoast.com\/product\/yoast-seo-wordpress\/ -->\n<title>Akumuliatorius NewBeeDrone Nitro Nectar 300mAh HV 1S 80C - NX69 (4vnt) - 1dronas.lt<\/title>\n<meta name=\"robots\" content=\"index, follow, max-snippet:-1, max-image-preview:large, max-video-preview:-1\" \/>\n<link rel=\"canonical\" href=\"https:\/\/1dronas.lt\/en\/produktas\/newbeedrone-nitro-nectar-nx69-300mah-1s-80c-hv-lipo-battery-4vnt\/\" \/>\n<meta property=\"og:locale\" content=\"en_US\" \/>\n<meta property=\"og:type\" content=\"article\" \/>\n<meta property=\"og:title\" content=\"Akumuliatorius NewBeeDrone Nitro Nectar 300mAh HV 1S 80C - NX69 (4vnt) - 1dronas.lt\" \/>\n<meta property=\"og:description\" content=\"Tai auk\u0161tos klas\u0117s HV baterijos, sukurtos pilotams, kurie reikalauja maksimalaus na\u0161umo, patikimumo ir ilgaam\u017ei\u0161kumo.  \u00a0\u00a01 \u2013 2 d.d.\" \/>\n<meta property=\"og:url\" content=\"https:\/\/1dronas.lt\/en\/produktas\/newbeedrone-nitro-nectar-nx69-300mah-1s-80c-hv-lipo-battery-4vnt\/\" \/>\n<meta property=\"og:site_name\" content=\"1dronas.lt\" \/>\n<meta property=\"article:publisher\" content=\"https:\/\/www.facebook.com\/1dronas\/\" \/>\n<meta property=\"article:modified_time\" content=\"2026-04-04T07:44:50+00:00\" \/>\n<meta property=\"og:image\" content=\"https:\/\/1dronas.lt\/wp-content\/uploads\/2026\/01\/NewBeeDrone-Nitro-Nectar-NX69-300mAh-1S-80C-HV-LiPo-Battery-4xBatteries-NewBeeDrone-150828724_1906x.jpg\" \/>\n\t<meta property=\"og:image:width\" content=\"1906\" \/>\n\t<meta property=\"og:image:height\" content=\"1906\" \/>\n\t<meta property=\"og:image:type\" content=\"image\/jpeg\" \/>\n<meta name=\"twitter:card\" content=\"summary_large_image\" \/>\n<meta name=\"twitter:label1\" content=\"Est. reading time\" \/>\n\t<meta name=\"twitter:data1\" content=\"3 minutes\" \/>\n<script type=\"application\/ld+json\" class=\"yoast-schema-graph\">{\"@context\":\"https:\\\/\\\/schema.org\",\"@graph\":[{\"@type\":\"WebPage\",\"@id\":\"https:\\\/\\\/1dronas.lt\\\/en\\\/produktas\\\/newbeedrone-nitro-nectar-nx69-300mah-1s-80c-hv-lipo-battery-4vnt\\\/\",\"url\":\"https:\\\/\\\/1dronas.lt\\\/en\\\/produktas\\\/newbeedrone-nitro-nectar-nx69-300mah-1s-80c-hv-lipo-battery-4vnt\\\/\",\"name\":\"Akumuliatorius NewBeeDrone Nitro Nectar 300mAh HV 1S 80C - NX69 (4vnt) - 1dronas.lt\",\"isPartOf\":{\"@id\":\"https:\\\/\\\/1dronas.lt\\\/en\\\/#website\"},\"primaryImageOfPage\":{\"@id\":\"https:\\\/\\\/1dronas.lt\\\/en\\\/produktas\\\/newbeedrone-nitro-nectar-nx69-300mah-1s-80c-hv-lipo-battery-4vnt\\\/#primaryimage\"},\"image\":{\"@id\":\"https:\\\/\\\/1dronas.lt\\\/en\\\/produktas\\\/newbeedrone-nitro-nectar-nx69-300mah-1s-80c-hv-lipo-battery-4vnt\\\/#primaryimage\"},\"thumbnailUrl\":\"https:\\\/\\\/1dronas.lt\\\/wp-content\\\/uploads\\\/2026\\\/01\\\/NewBeeDrone-Nitro-Nectar-NX69-300mAh-1S-80C-HV-LiPo-Battery-4xBatteries-NewBeeDrone-150828724_1906x.jpg\",\"datePublished\":\"2026-01-06T21:58:06+00:00\",\"dateModified\":\"2026-04-04T07:44:50+00:00\",\"breadcrumb\":{\"@id\":\"https:\\\/\\\/1dronas.lt\\\/en\\\/produktas\\\/newbeedrone-nitro-nectar-nx69-300mah-1s-80c-hv-lipo-battery-4vnt\\\/#breadcrumb\"},\"inLanguage\":\"en-US\",\"potentialAction\":[{\"@type\":\"ReadAction\",\"target\":[\"https:\\\/\\\/1dronas.lt\\\/en\\\/produktas\\\/newbeedrone-nitro-nectar-nx69-300mah-1s-80c-hv-lipo-battery-4vnt\\\/\"]}]},{\"@type\":\"ImageObject\",\"inLanguage\":\"en-US\",\"@id\":\"https:\\\/\\\/1dronas.lt\\\/en\\\/produktas\\\/newbeedrone-nitro-nectar-nx69-300mah-1s-80c-hv-lipo-battery-4vnt\\\/#primaryimage\",\"url\":\"https:\\\/\\\/1dronas.lt\\\/wp-content\\\/uploads\\\/2026\\\/01\\\/NewBeeDrone-Nitro-Nectar-NX69-300mAh-1S-80C-HV-LiPo-Battery-4xBatteries-NewBeeDrone-150828724_1906x.jpg\",\"contentUrl\":\"https:\\\/\\\/1dronas.lt\\\/wp-content\\\/uploads\\\/2026\\\/01\\\/NewBeeDrone-Nitro-Nectar-NX69-300mAh-1S-80C-HV-LiPo-Battery-4xBatteries-NewBeeDrone-150828724_1906x.jpg\",\"width\":1906,\"height\":1906},{\"@type\":\"BreadcrumbList\",\"@id\":\"https:\\\/\\\/1dronas.lt\\\/en\\\/produktas\\\/newbeedrone-nitro-nectar-nx69-300mah-1s-80c-hv-lipo-battery-4vnt\\\/#breadcrumb\",\"itemListElement\":[{\"@type\":\"ListItem\",\"position\":1,\"name\":\"Home\",\"item\":\"https:\\\/\\\/1dronas.lt\\\/\"},{\"@type\":\"ListItem\",\"position\":2,\"name\":\"Parduotuv\u0117\",\"item\":\"https:\\\/\\\/1dronas.lt\\\/parduotuve\\\/\"},{\"@type\":\"ListItem\",\"position\":3,\"name\":\"Akumuliatorius NewBeeDrone Nitro Nectar 300mAh HV 1S 80C &#8211; NX69 (4vnt)\"}]},{\"@type\":\"WebSite\",\"@id\":\"https:\\\/\\\/1dronas.lt\\\/en\\\/#website\",\"url\":\"https:\\\/\\\/1dronas.lt\\\/en\\\/\",\"name\":\"1dronas.lt\",\"description\":\"Internetin\u0117 parduotuv\u0117\",\"publisher\":{\"@id\":\"https:\\\/\\\/1dronas.lt\\\/en\\\/#organization\"},\"potentialAction\":[{\"@type\":\"SearchAction\",\"target\":{\"@type\":\"EntryPoint\",\"urlTemplate\":\"https:\\\/\\\/1dronas.lt\\\/en\\\/?s={search_term_string}\"},\"query-input\":{\"@type\":\"PropertyValueSpecification\",\"valueRequired\":true,\"valueName\":\"search_term_string\"}}],\"inLanguage\":\"en-US\"},{\"@type\":\"Organization\",\"@id\":\"https:\\\/\\\/1dronas.lt\\\/en\\\/#organization\",\"name\":\"1dronas.lt\",\"url\":\"https:\\\/\\\/1dronas.lt\\\/en\\\/\",\"logo\":{\"@type\":\"ImageObject\",\"inLanguage\":\"en-US\",\"@id\":\"https:\\\/\\\/1dronas.lt\\\/en\\\/#\\\/schema\\\/logo\\\/image\\\/\",\"url\":\"https:\\\/\\\/1dronas.lt\\\/wp-content\\\/uploads\\\/2020\\\/12\\\/Ekrano_kopija__2_-removebg-preview-1-1.png\",\"contentUrl\":\"https:\\\/\\\/1dronas.lt\\\/wp-content\\\/uploads\\\/2020\\\/12\\\/Ekrano_kopija__2_-removebg-preview-1-1.png\",\"width\":234,\"height\":81,\"caption\":\"1dronas.lt\"},\"image\":{\"@id\":\"https:\\\/\\\/1dronas.lt\\\/en\\\/#\\\/schema\\\/logo\\\/image\\\/\"},\"sameAs\":[\"https:\\\/\\\/www.facebook.com\\\/1dronas\\\/\"]}]}<\/script>\n<!-- \/ Yoast SEO plugin. -->","yoast_head_json":{"title":"Akumuliatorius NewBeeDrone Nitro Nectar 300mAh HV 1S 80C - NX69 (4vnt) - 1dronas.lt","robots":{"index":"index","follow":"follow","max-snippet":"max-snippet:-1","max-image-preview":"max-image-preview:large","max-video-preview":"max-video-preview:-1"},"canonical":"https:\/\/1dronas.lt\/en\/produktas\/newbeedrone-nitro-nectar-nx69-300mah-1s-80c-hv-lipo-battery-4vnt\/","og_locale":"en_US","og_type":"article","og_title":"Akumuliatorius NewBeeDrone Nitro Nectar 300mAh HV 1S 80C - NX69 (4vnt) - 1dronas.lt","og_description":"Tai auk\u0161tos klas\u0117s HV baterijos, sukurtos pilotams, kurie reikalauja maksimalaus na\u0161umo, patikimumo ir ilgaam\u017ei\u0161kumo.  \u00a0\u00a01 \u2013 2 d.d.","og_url":"https:\/\/1dronas.lt\/en\/produktas\/newbeedrone-nitro-nectar-nx69-300mah-1s-80c-hv-lipo-battery-4vnt\/","og_site_name":"1dronas.lt","article_publisher":"https:\/\/www.facebook.com\/1dronas\/","article_modified_time":"2026-04-04T07:44:50+00:00","og_image":[{"width":1906,"height":1906,"url":"https:\/\/1dronas.lt\/wp-content\/uploads\/2026\/01\/NewBeeDrone-Nitro-Nectar-NX69-300mAh-1S-80C-HV-LiPo-Battery-4xBatteries-NewBeeDrone-150828724_1906x.jpg","type":"image\/jpeg"}],"twitter_card":"summary_large_image","twitter_misc":{"Est. reading time":"3 minutes"},"schema":{"@context":"https:\/\/schema.org","@graph":[{"@type":"WebPage","@id":"https:\/\/1dronas.lt\/en\/produktas\/newbeedrone-nitro-nectar-nx69-300mah-1s-80c-hv-lipo-battery-4vnt\/","url":"https:\/\/1dronas.lt\/en\/produktas\/newbeedrone-nitro-nectar-nx69-300mah-1s-80c-hv-lipo-battery-4vnt\/","name":"Akumuliatorius NewBeeDrone Nitro Nectar 300mAh HV 1S 80C - NX69 (4vnt) - 1dronas.lt","isPartOf":{"@id":"https:\/\/1dronas.lt\/en\/#website"},"primaryImageOfPage":{"@id":"https:\/\/1dronas.lt\/en\/produktas\/newbeedrone-nitro-nectar-nx69-300mah-1s-80c-hv-lipo-battery-4vnt\/#primaryimage"},"image":{"@id":"https:\/\/1dronas.lt\/en\/produktas\/newbeedrone-nitro-nectar-nx69-300mah-1s-80c-hv-lipo-battery-4vnt\/#primaryimage"},"thumbnailUrl":"https:\/\/1dronas.lt\/wp-content\/uploads\/2026\/01\/NewBeeDrone-Nitro-Nectar-NX69-300mAh-1S-80C-HV-LiPo-Battery-4xBatteries-NewBeeDrone-150828724_1906x.jpg","datePublished":"2026-01-06T21:58:06+00:00","dateModified":"2026-04-04T07:44:50+00:00","breadcrumb":{"@id":"https:\/\/1dronas.lt\/en\/produktas\/newbeedrone-nitro-nectar-nx69-300mah-1s-80c-hv-lipo-battery-4vnt\/#breadcrumb"},"inLanguage":"en-US","potentialAction":[{"@type":"ReadAction","target":["https:\/\/1dronas.lt\/en\/produktas\/newbeedrone-nitro-nectar-nx69-300mah-1s-80c-hv-lipo-battery-4vnt\/"]}]},{"@type":"ImageObject","inLanguage":"en-US","@id":"https:\/\/1dronas.lt\/en\/produktas\/newbeedrone-nitro-nectar-nx69-300mah-1s-80c-hv-lipo-battery-4vnt\/#primaryimage","url":"https:\/\/1dronas.lt\/wp-content\/uploads\/2026\/01\/NewBeeDrone-Nitro-Nectar-NX69-300mAh-1S-80C-HV-LiPo-Battery-4xBatteries-NewBeeDrone-150828724_1906x.jpg","contentUrl":"https:\/\/1dronas.lt\/wp-content\/uploads\/2026\/01\/NewBeeDrone-Nitro-Nectar-NX69-300mAh-1S-80C-HV-LiPo-Battery-4xBatteries-NewBeeDrone-150828724_1906x.jpg","width":1906,"height":1906},{"@type":"BreadcrumbList","@id":"https:\/\/1dronas.lt\/en\/produktas\/newbeedrone-nitro-nectar-nx69-300mah-1s-80c-hv-lipo-battery-4vnt\/#breadcrumb","itemListElement":[{"@type":"ListItem","position":1,"name":"Home","item":"https:\/\/1dronas.lt\/"},{"@type":"ListItem","position":2,"name":"Parduotuv\u0117","item":"https:\/\/1dronas.lt\/parduotuve\/"},{"@type":"ListItem","position":3,"name":"Akumuliatorius NewBeeDrone Nitro Nectar 300mAh HV 1S 80C &#8211; NX69 (4vnt)"}]},{"@type":"WebSite","@id":"https:\/\/1dronas.lt\/en\/#website","url":"https:\/\/1dronas.lt\/en\/","name":"1dronas.lt","description":"Online store","publisher":{"@id":"https:\/\/1dronas.lt\/en\/#organization"},"potentialAction":[{"@type":"SearchAction","target":{"@type":"EntryPoint","urlTemplate":"https:\/\/1dronas.lt\/en\/?s={search_term_string}"},"query-input":{"@type":"PropertyValueSpecification","valueRequired":true,"valueName":"search_term_string"}}],"inLanguage":"en-US"},{"@type":"Organization","@id":"https:\/\/1dronas.lt\/en\/#organization","name":"1dronas.lt","url":"https:\/\/1dronas.lt\/en\/","logo":{"@type":"ImageObject","inLanguage":"en-US","@id":"https:\/\/1dronas.lt\/en\/#\/schema\/logo\/image\/","url":"https:\/\/1dronas.lt\/wp-content\/uploads\/2020\/12\/Ekrano_kopija__2_-removebg-preview-1-1.png","contentUrl":"https:\/\/1dronas.lt\/wp-content\/uploads\/2020\/12\/Ekrano_kopija__2_-removebg-preview-1-1.png","width":234,"height":81,"caption":"1dronas.lt"},"image":{"@id":"https:\/\/1dronas.lt\/en\/#\/schema\/logo\/image\/"},"sameAs":["https:\/\/www.facebook.com\/1dronas\/"]}]}},"jetpack_sharing_enabled":true,"_links":{"self":[{"href":"https:\/\/1dronas.lt\/en\/wp-json\/wp\/v2\/product\/15058","targetHints":{"allow":["GET"]}}],"collection":[{"href":"https:\/\/1dronas.lt\/en\/wp-json\/wp\/v2\/product"}],"about":[{"href":"https:\/\/1dronas.lt\/en\/wp-json\/wp\/v2\/types\/product"}],"replies":[{"embeddable":true,"href":"https:\/\/1dronas.lt\/en\/wp-json\/wp\/v2\/comments?post=15058"}],"wp:featuredmedia":[{"embeddable":true,"href":"https:\/\/1dronas.lt\/en\/wp-json\/wp\/v2\/media\/15064"}],"wp:attachment":[{"href":"https:\/\/1dronas.lt\/en\/wp-json\/wp\/v2\/media?parent=15058"}],"wp:term":[{"taxonomy":"product_brand","embeddable":true,"href":"https:\/\/1dronas.lt\/en\/wp-json\/wp\/v2\/product_brand?post=15058"},{"taxonomy":"product_cat","embeddable":true,"href":"https:\/\/1dronas.lt\/en\/wp-json\/wp\/v2\/product_cat?post=15058"},{"taxonomy":"product_tag","embeddable":true,"href":"https:\/\/1dronas.lt\/en\/wp-json\/wp\/v2\/product_tag?post=15058"}],"curies":[{"name":"wp","href":"https:\/\/api.w.org\/{rel}","templated":true}]}}