{"id":15025,"date":"2026-01-05T22:25:35","date_gmt":"2026-01-05T20:25:35","guid":{"rendered":"https:\/\/1dronas.lt\/?post_type=product&#038;p=15025"},"modified":"2026-03-30T20:25:28","modified_gmt":"2026-03-30T17:25:28","slug":"beatfpv-nd-filter-kit-for-dji-o4-pro-camera","status":"publish","type":"product","link":"https:\/\/1dronas.lt\/en\/produktas\/beatfpv-nd-filter-kit-for-dji-o4-pro-camera\/","title":{"rendered":"BEATFPV ND Filter Kit for DJI O4 Pro Camera"},"content":{"rendered":"<p>The ND filter for the DJI O4 Pro camera improves video recording by ensuring proper exposure and natural motion blur. The set includes ND8, ND16, ND32 filters and a UV filter to protect the lens from scratches, dust and UV rays. Easy to install, lightweight and durable, the filters help you smoothly adapt to various lighting conditions, making your flights a true visual masterpiece.<\/p>\n<p><img loading=\"lazy\" decoding=\"async\" class=\"alignnone wp-image-15033 size-full\" src=\"https:\/\/1dronas.lt\/wp-content\/uploads\/2026\/01\/ND_filter_for_O4_Pro_camera.jpg\" alt=\"\" width=\"1600\" height=\"900\" srcset=\"https:\/\/1dronas.lt\/wp-content\/uploads\/2026\/01\/ND_filter_for_O4_Pro_camera.jpg 1600w, https:\/\/1dronas.lt\/wp-content\/uploads\/2026\/01\/ND_filter_for_O4_Pro_camera-300x169.jpg 300w, https:\/\/1dronas.lt\/wp-content\/uploads\/2026\/01\/ND_filter_for_O4_Pro_camera-1024x576.jpg 1024w, https:\/\/1dronas.lt\/wp-content\/uploads\/2026\/01\/ND_filter_for_O4_Pro_camera-768x432.jpg 768w, https:\/\/1dronas.lt\/wp-content\/uploads\/2026\/01\/ND_filter_for_O4_Pro_camera-1536x864.jpg 1536w, https:\/\/1dronas.lt\/wp-content\/uploads\/2026\/01\/ND_filter_for_O4_Pro_camera-18x10.jpg 18w, https:\/\/1dronas.lt\/wp-content\/uploads\/2026\/01\/ND_filter_for_O4_Pro_camera-510x287.jpg 510w\" sizes=\"auto, (max-width: 1600px) 100vw, 1600px\" \/><\/p>\n<p><strong>Features:<\/strong><\/p>\n<p><strong><b>\u2022 <\/b><\/strong>ND8, ND16 and ND32 filters reduce reflections, protect against excessive light and ensure perfect lighting;<br data-start=\"233\" data-end=\"236\" data-is-only-node=\"\" \/><strong><b>\u2022 <\/b><\/strong>The UV filter protects the DJI O4 Pro lens from scratches, dust, and UV haze, ensuring a clear image;<br data-start=\"422\" data-end=\"425\" \/><strong><b>\u2022 <\/b><\/strong>Easily attached and removed for convenient use during flight;<br \/>\n<strong><b>\u2022 <\/b><\/strong>Specially designed for use with the DJI O4 Air Unit Pro camera module and Pavo20 Pro.<\/p>\n<p><strong>Specification:<\/strong><\/p>\n<p><strong><b>\u2022 <\/b><\/strong>Item: Filter set \/ UV filter \/ ND8 filter \/ ND16 filter \/ ND32 filter;<br data-start=\"83\" data-end=\"86\" \/><strong><b>\u2022 <\/b><\/strong>Weight: 1.0 g;<br data-start=\"99\" data-end=\"102\" \/><strong><b>\u2022 <\/b><\/strong>Compatible with camera: DJI O4 Air Unit Pro.<\/p>\n<p><img loading=\"lazy\" decoding=\"async\" class=\"alignnone wp-image-15034 size-full\" src=\"https:\/\/1dronas.lt\/wp-content\/uploads\/2026\/01\/O4_Pro_Filter_diagram_480x480.jpg\" alt=\"\" width=\"480\" height=\"457\" srcset=\"https:\/\/1dronas.lt\/wp-content\/uploads\/2026\/01\/O4_Pro_Filter_diagram_480x480.jpg 480w, https:\/\/1dronas.lt\/wp-content\/uploads\/2026\/01\/O4_Pro_Filter_diagram_480x480-300x286.jpg 300w, https:\/\/1dronas.lt\/wp-content\/uploads\/2026\/01\/O4_Pro_Filter_diagram_480x480-13x12.jpg 13w\" sizes=\"auto, (max-width: 480px) 100vw, 480px\" \/><\/p>\n<p><img loading=\"lazy\" decoding=\"async\" class=\"alignnone wp-image-15026 size-full\" src=\"https:\/\/1dronas.lt\/wp-content\/uploads\/2026\/01\/ND_filter_effects.jpg\" alt=\"\" width=\"1600\" height=\"900\" srcset=\"https:\/\/1dronas.lt\/wp-content\/uploads\/2026\/01\/ND_filter_effects.jpg 1600w, https:\/\/1dronas.lt\/wp-content\/uploads\/2026\/01\/ND_filter_effects-300x169.jpg 300w, https:\/\/1dronas.lt\/wp-content\/uploads\/2026\/01\/ND_filter_effects-1024x576.jpg 1024w, https:\/\/1dronas.lt\/wp-content\/uploads\/2026\/01\/ND_filter_effects-768x432.jpg 768w, https:\/\/1dronas.lt\/wp-content\/uploads\/2026\/01\/ND_filter_effects-1536x864.jpg 1536w, https:\/\/1dronas.lt\/wp-content\/uploads\/2026\/01\/ND_filter_effects-18x10.jpg 18w, https:\/\/1dronas.lt\/wp-content\/uploads\/2026\/01\/ND_filter_effects-510x287.jpg 510w\" sizes=\"auto, (max-width: 1600px) 100vw, 1600px\" \/><\/p>\n<p><strong>Package:<\/strong><\/p>\n<p>1x BEATFPV ND Filter Kit for DJI O4 Pro Camera.<\/p>","protected":false},"excerpt":{"rendered":"<p><span style=\"color: #000000;\">The ND8\/16\/32 + UV filter set allows you to adapt to different lighting.<\/span><\/p>\n<p><span style=\"color: #000000;\"><img loading=\"lazy\" decoding=\"async\" class=\"alignnone wp-image-1806\" src=\"https:\/\/1dronas.lt\/wp-content\/uploads\/2021\/05\/delivery-icon.png\" alt=\"\" width=\"24\" height=\"24\" srcset=\"https:\/\/1dronas.lt\/wp-content\/uploads\/2021\/05\/delivery-icon.png 35w, https:\/\/1dronas.lt\/wp-content\/uploads\/2021\/05\/delivery-icon-12x12.png 12w\" sizes=\"auto, (max-width: 24px) 100vw, 24px\" \/> \u00a0<strong>1 \u2013 2 days<\/strong><\/span><\/p>","protected":false},"featured_media":15035,"comment_status":"open","ping_status":"closed","template":"","meta":[],"product_brand":[489],"product_cat":[21],"product_tag":[69,493,1096,704],"class_list":{"0":"post-15025","1":"product","2":"type-product","3":"status-publish","4":"has-post-thumbnail","6":"product_brand-betafpv","7":"product_cat-aksesuarai","8":"product_tag-betafpv","9":"product_tag-dji-o4-air-unit-pro","10":"product_tag-nd-filter-kit","11":"product_tag-pavo-20-pro","13":"first","14":"outofstock","15":"taxable","16":"shipping-taxable","17":"purchasable","18":"product-type-simple"},"yoast_head":"<!-- This site is optimized with the Yoast SEO plugin v27.4 - https:\/\/yoast.com\/product\/yoast-seo-wordpress\/ -->\n<title>BEATFPV ND Filter Kit for DJI O4 Pro Camera - 1dronas.lt<\/title>\n<meta name=\"robots\" content=\"index, follow, max-snippet:-1, max-image-preview:large, max-video-preview:-1\" \/>\n<link rel=\"canonical\" href=\"https:\/\/1dronas.lt\/en\/produktas\/beatfpv-nd-filter-kit-for-dji-o4-pro-camera\/\" \/>\n<meta property=\"og:locale\" content=\"en_US\" \/>\n<meta property=\"og:type\" content=\"article\" \/>\n<meta property=\"og:title\" content=\"BEATFPV ND Filter Kit for DJI O4 Pro Camera - 1dronas.lt\" \/>\n<meta property=\"og:description\" content=\"ND8\/16\/32 + UV filtr\u0173 komplektas leid\u017eia prisitaikyti prie \u012fvairaus ap\u0161vietimo.   \u00a01 \u2013 2 d. d.\" \/>\n<meta property=\"og:url\" content=\"https:\/\/1dronas.lt\/en\/produktas\/beatfpv-nd-filter-kit-for-dji-o4-pro-camera\/\" \/>\n<meta property=\"og:site_name\" content=\"1dronas.lt\" \/>\n<meta property=\"article:publisher\" content=\"https:\/\/www.facebook.com\/1dronas\/\" \/>\n<meta property=\"article:modified_time\" content=\"2026-03-30T17:25:28+00:00\" \/>\n<meta property=\"og:image\" content=\"https:\/\/1dronas.lt\/wp-content\/uploads\/2026\/01\/O4_Pro_Filter_set_720x.jpg\" \/>\n\t<meta property=\"og:image:width\" content=\"720\" \/>\n\t<meta property=\"og:image:height\" content=\"720\" \/>\n\t<meta property=\"og:image:type\" content=\"image\/jpeg\" \/>\n<meta name=\"twitter:card\" content=\"summary_large_image\" \/>\n<meta name=\"twitter:label1\" content=\"Est. reading time\" \/>\n\t<meta name=\"twitter:data1\" content=\"2 minutes\" \/>\n<script type=\"application\/ld+json\" class=\"yoast-schema-graph\">{\"@context\":\"https:\\\/\\\/schema.org\",\"@graph\":[{\"@type\":\"WebPage\",\"@id\":\"https:\\\/\\\/1dronas.lt\\\/en\\\/produktas\\\/beatfpv-nd-filter-kit-for-dji-o4-pro-camera\\\/\",\"url\":\"https:\\\/\\\/1dronas.lt\\\/en\\\/produktas\\\/beatfpv-nd-filter-kit-for-dji-o4-pro-camera\\\/\",\"name\":\"BEATFPV ND Filter Kit for DJI O4 Pro Camera - 1dronas.lt\",\"isPartOf\":{\"@id\":\"https:\\\/\\\/1dronas.lt\\\/en\\\/#website\"},\"primaryImageOfPage\":{\"@id\":\"https:\\\/\\\/1dronas.lt\\\/en\\\/produktas\\\/beatfpv-nd-filter-kit-for-dji-o4-pro-camera\\\/#primaryimage\"},\"image\":{\"@id\":\"https:\\\/\\\/1dronas.lt\\\/en\\\/produktas\\\/beatfpv-nd-filter-kit-for-dji-o4-pro-camera\\\/#primaryimage\"},\"thumbnailUrl\":\"https:\\\/\\\/1dronas.lt\\\/wp-content\\\/uploads\\\/2026\\\/01\\\/O4_Pro_Filter_set_720x.jpg\",\"datePublished\":\"2026-01-05T20:25:35+00:00\",\"dateModified\":\"2026-03-30T17:25:28+00:00\",\"breadcrumb\":{\"@id\":\"https:\\\/\\\/1dronas.lt\\\/en\\\/produktas\\\/beatfpv-nd-filter-kit-for-dji-o4-pro-camera\\\/#breadcrumb\"},\"inLanguage\":\"en-US\",\"potentialAction\":[{\"@type\":\"ReadAction\",\"target\":[\"https:\\\/\\\/1dronas.lt\\\/en\\\/produktas\\\/beatfpv-nd-filter-kit-for-dji-o4-pro-camera\\\/\"]}]},{\"@type\":\"ImageObject\",\"inLanguage\":\"en-US\",\"@id\":\"https:\\\/\\\/1dronas.lt\\\/en\\\/produktas\\\/beatfpv-nd-filter-kit-for-dji-o4-pro-camera\\\/#primaryimage\",\"url\":\"https:\\\/\\\/1dronas.lt\\\/wp-content\\\/uploads\\\/2026\\\/01\\\/O4_Pro_Filter_set_720x.jpg\",\"contentUrl\":\"https:\\\/\\\/1dronas.lt\\\/wp-content\\\/uploads\\\/2026\\\/01\\\/O4_Pro_Filter_set_720x.jpg\",\"width\":720,\"height\":720},{\"@type\":\"BreadcrumbList\",\"@id\":\"https:\\\/\\\/1dronas.lt\\\/en\\\/produktas\\\/beatfpv-nd-filter-kit-for-dji-o4-pro-camera\\\/#breadcrumb\",\"itemListElement\":[{\"@type\":\"ListItem\",\"position\":1,\"name\":\"Home\",\"item\":\"https:\\\/\\\/1dronas.lt\\\/\"},{\"@type\":\"ListItem\",\"position\":2,\"name\":\"Parduotuv\u0117\",\"item\":\"https:\\\/\\\/1dronas.lt\\\/parduotuve\\\/\"},{\"@type\":\"ListItem\",\"position\":3,\"name\":\"BEATFPV ND Filter Kit for DJI O4 Pro Camera\"}]},{\"@type\":\"WebSite\",\"@id\":\"https:\\\/\\\/1dronas.lt\\\/en\\\/#website\",\"url\":\"https:\\\/\\\/1dronas.lt\\\/en\\\/\",\"name\":\"1dronas.lt\",\"description\":\"Internetin\u0117 parduotuv\u0117\",\"publisher\":{\"@id\":\"https:\\\/\\\/1dronas.lt\\\/en\\\/#organization\"},\"potentialAction\":[{\"@type\":\"SearchAction\",\"target\":{\"@type\":\"EntryPoint\",\"urlTemplate\":\"https:\\\/\\\/1dronas.lt\\\/en\\\/?s={search_term_string}\"},\"query-input\":{\"@type\":\"PropertyValueSpecification\",\"valueRequired\":true,\"valueName\":\"search_term_string\"}}],\"inLanguage\":\"en-US\"},{\"@type\":\"Organization\",\"@id\":\"https:\\\/\\\/1dronas.lt\\\/en\\\/#organization\",\"name\":\"1dronas.lt\",\"url\":\"https:\\\/\\\/1dronas.lt\\\/en\\\/\",\"logo\":{\"@type\":\"ImageObject\",\"inLanguage\":\"en-US\",\"@id\":\"https:\\\/\\\/1dronas.lt\\\/en\\\/#\\\/schema\\\/logo\\\/image\\\/\",\"url\":\"https:\\\/\\\/1dronas.lt\\\/wp-content\\\/uploads\\\/2020\\\/12\\\/Ekrano_kopija__2_-removebg-preview-1-1.png\",\"contentUrl\":\"https:\\\/\\\/1dronas.lt\\\/wp-content\\\/uploads\\\/2020\\\/12\\\/Ekrano_kopija__2_-removebg-preview-1-1.png\",\"width\":234,\"height\":81,\"caption\":\"1dronas.lt\"},\"image\":{\"@id\":\"https:\\\/\\\/1dronas.lt\\\/en\\\/#\\\/schema\\\/logo\\\/image\\\/\"},\"sameAs\":[\"https:\\\/\\\/www.facebook.com\\\/1dronas\\\/\"]}]}<\/script>\n<!-- \/ Yoast SEO plugin. -->","yoast_head_json":{"title":"BEATFPV ND Filter Kit for DJI O4 Pro Camera - 1dronas.lt","robots":{"index":"index","follow":"follow","max-snippet":"max-snippet:-1","max-image-preview":"max-image-preview:large","max-video-preview":"max-video-preview:-1"},"canonical":"https:\/\/1dronas.lt\/en\/produktas\/beatfpv-nd-filter-kit-for-dji-o4-pro-camera\/","og_locale":"en_US","og_type":"article","og_title":"BEATFPV ND Filter Kit for DJI O4 Pro Camera - 1dronas.lt","og_description":"ND8\/16\/32 + UV filtr\u0173 komplektas leid\u017eia prisitaikyti prie \u012fvairaus ap\u0161vietimo.   \u00a01 \u2013 2 d. d.","og_url":"https:\/\/1dronas.lt\/en\/produktas\/beatfpv-nd-filter-kit-for-dji-o4-pro-camera\/","og_site_name":"1dronas.lt","article_publisher":"https:\/\/www.facebook.com\/1dronas\/","article_modified_time":"2026-03-30T17:25:28+00:00","og_image":[{"width":720,"height":720,"url":"https:\/\/1dronas.lt\/wp-content\/uploads\/2026\/01\/O4_Pro_Filter_set_720x.jpg","type":"image\/jpeg"}],"twitter_card":"summary_large_image","twitter_misc":{"Est. reading time":"2 minutes"},"schema":{"@context":"https:\/\/schema.org","@graph":[{"@type":"WebPage","@id":"https:\/\/1dronas.lt\/en\/produktas\/beatfpv-nd-filter-kit-for-dji-o4-pro-camera\/","url":"https:\/\/1dronas.lt\/en\/produktas\/beatfpv-nd-filter-kit-for-dji-o4-pro-camera\/","name":"BEATFPV ND Filter Kit for DJI O4 Pro Camera - 1dronas.lt","isPartOf":{"@id":"https:\/\/1dronas.lt\/en\/#website"},"primaryImageOfPage":{"@id":"https:\/\/1dronas.lt\/en\/produktas\/beatfpv-nd-filter-kit-for-dji-o4-pro-camera\/#primaryimage"},"image":{"@id":"https:\/\/1dronas.lt\/en\/produktas\/beatfpv-nd-filter-kit-for-dji-o4-pro-camera\/#primaryimage"},"thumbnailUrl":"https:\/\/1dronas.lt\/wp-content\/uploads\/2026\/01\/O4_Pro_Filter_set_720x.jpg","datePublished":"2026-01-05T20:25:35+00:00","dateModified":"2026-03-30T17:25:28+00:00","breadcrumb":{"@id":"https:\/\/1dronas.lt\/en\/produktas\/beatfpv-nd-filter-kit-for-dji-o4-pro-camera\/#breadcrumb"},"inLanguage":"en-US","potentialAction":[{"@type":"ReadAction","target":["https:\/\/1dronas.lt\/en\/produktas\/beatfpv-nd-filter-kit-for-dji-o4-pro-camera\/"]}]},{"@type":"ImageObject","inLanguage":"en-US","@id":"https:\/\/1dronas.lt\/en\/produktas\/beatfpv-nd-filter-kit-for-dji-o4-pro-camera\/#primaryimage","url":"https:\/\/1dronas.lt\/wp-content\/uploads\/2026\/01\/O4_Pro_Filter_set_720x.jpg","contentUrl":"https:\/\/1dronas.lt\/wp-content\/uploads\/2026\/01\/O4_Pro_Filter_set_720x.jpg","width":720,"height":720},{"@type":"BreadcrumbList","@id":"https:\/\/1dronas.lt\/en\/produktas\/beatfpv-nd-filter-kit-for-dji-o4-pro-camera\/#breadcrumb","itemListElement":[{"@type":"ListItem","position":1,"name":"Home","item":"https:\/\/1dronas.lt\/"},{"@type":"ListItem","position":2,"name":"Parduotuv\u0117","item":"https:\/\/1dronas.lt\/parduotuve\/"},{"@type":"ListItem","position":3,"name":"BEATFPV ND Filter Kit for DJI O4 Pro Camera"}]},{"@type":"WebSite","@id":"https:\/\/1dronas.lt\/en\/#website","url":"https:\/\/1dronas.lt\/en\/","name":"1dronas.lt","description":"Online store","publisher":{"@id":"https:\/\/1dronas.lt\/en\/#organization"},"potentialAction":[{"@type":"SearchAction","target":{"@type":"EntryPoint","urlTemplate":"https:\/\/1dronas.lt\/en\/?s={search_term_string}"},"query-input":{"@type":"PropertyValueSpecification","valueRequired":true,"valueName":"search_term_string"}}],"inLanguage":"en-US"},{"@type":"Organization","@id":"https:\/\/1dronas.lt\/en\/#organization","name":"1dronas.lt","url":"https:\/\/1dronas.lt\/en\/","logo":{"@type":"ImageObject","inLanguage":"en-US","@id":"https:\/\/1dronas.lt\/en\/#\/schema\/logo\/image\/","url":"https:\/\/1dronas.lt\/wp-content\/uploads\/2020\/12\/Ekrano_kopija__2_-removebg-preview-1-1.png","contentUrl":"https:\/\/1dronas.lt\/wp-content\/uploads\/2020\/12\/Ekrano_kopija__2_-removebg-preview-1-1.png","width":234,"height":81,"caption":"1dronas.lt"},"image":{"@id":"https:\/\/1dronas.lt\/en\/#\/schema\/logo\/image\/"},"sameAs":["https:\/\/www.facebook.com\/1dronas\/"]}]}},"jetpack_sharing_enabled":true,"_links":{"self":[{"href":"https:\/\/1dronas.lt\/en\/wp-json\/wp\/v2\/product\/15025","targetHints":{"allow":["GET"]}}],"collection":[{"href":"https:\/\/1dronas.lt\/en\/wp-json\/wp\/v2\/product"}],"about":[{"href":"https:\/\/1dronas.lt\/en\/wp-json\/wp\/v2\/types\/product"}],"replies":[{"embeddable":true,"href":"https:\/\/1dronas.lt\/en\/wp-json\/wp\/v2\/comments?post=15025"}],"wp:featuredmedia":[{"embeddable":true,"href":"https:\/\/1dronas.lt\/en\/wp-json\/wp\/v2\/media\/15035"}],"wp:attachment":[{"href":"https:\/\/1dronas.lt\/en\/wp-json\/wp\/v2\/media?parent=15025"}],"wp:term":[{"taxonomy":"product_brand","embeddable":true,"href":"https:\/\/1dronas.lt\/en\/wp-json\/wp\/v2\/product_brand?post=15025"},{"taxonomy":"product_cat","embeddable":true,"href":"https:\/\/1dronas.lt\/en\/wp-json\/wp\/v2\/product_cat?post=15025"},{"taxonomy":"product_tag","embeddable":true,"href":"https:\/\/1dronas.lt\/en\/wp-json\/wp\/v2\/product_tag?post=15025"}],"curies":[{"name":"wp","href":"https:\/\/api.w.org\/{rel}","templated":true}]}}