{"id":14965,"date":"2026-01-05T19:52:33","date_gmt":"2026-01-05T17:52:33","guid":{"rendered":"https:\/\/1dronas.lt\/?post_type=product&#038;p=14965"},"modified":"2026-04-01T14:01:53","modified_gmt":"2026-04-01T11:01:53","slug":"betafpv-pavo20-pro-brushless-whoop-remas","status":"publish","type":"product","link":"https:\/\/1dronas.lt\/en\/produktas\/betafpv-pavo20-pro-brushless-whoop-remas\/","title":{"rendered":"BETAFPV Pavo20 Pro Brushless Whoop Frame"},"content":{"rendered":"<p>The Pavo20 Pro cinewhoop drone is compatible with DJI O3, DJI O4 Air Unit Pro, Caddx Vista and RunCam Link systems. The 93.7 mm wheelbase frame is made of impact-resistant PA12 plastic, which ensures high strength and good aerodynamic properties, allowing you to achieve 8-11 % more thrust. The frame is adapted to the powerful 3S system, making it perfect for both freestyle flights and filming. Dual camera mounting holes and rubber shock absorbers ensure stable, smooth and high-quality HD images.<\/p>\n<p><img loading=\"lazy\" decoding=\"async\" class=\"alignnone wp-image-14984 size-full\" src=\"https:\/\/1dronas.lt\/wp-content\/uploads\/2026\/01\/Pavo20_Pro_Frame-min.jpg\" alt=\"\" width=\"1600\" height=\"900\" \/><\/p>\n<p><strong>Features:<\/strong><\/p>\n<p data-start=\"0\" data-end=\"147\">\u2022 Ultra-strong PA12 thickened duct \u2013 impact-resistant construction ensures high strength and durability;<br \/>\n\u2022 Improved aerodynamic drag \u2013 optimized airflow provides 8\u201311 %;<br \/>\n\u2022 Updated camera and lens protection;<br \/>\n\u2022 DJI O3 Air Unit holder;<br \/>\n\u2022 Convenient HD VTX mounting system \u2013 integrated die-cast bracket allows for quick installation using only 8 screws;<br \/>\n\u2022 Pavo series rubber shock absorbers \u2013 a special vibration damping system guarantees extremely smooth, jitter-free HD images in all flight modes;<br \/>\n\u2022 Universal battery mounting system \u2013 open strap slot and side latches allow for secure attachment of batteries of various sizes and prevent them from moving during complex maneuvers.<\/p>\n<p data-start=\"0\" data-end=\"147\"><strong>Specification:<\/strong><\/p>\n<p data-start=\"0\" data-end=\"147\">\u2022 Wheelbase: 93.7 mm;<br data-start=\"65\" data-end=\"68\" \/>\u2022 Material: PA12\/PP;<br data-start=\"85\" data-end=\"88\" \/>\u2022 Top plate thickness: 2 mm;<br data-start=\"120\" data-end=\"123\" \/>\u2022 Frame weight: 33.3 g (with O3 Air Unit holder);<br data-start=\"208\" data-end=\"211\" \/>\u2022 Whoop duct weight: 17.8 g<br data-start=\"239\" data-end=\"242\" \/>\u2022 Holder weight: 4.6 g (O3 Air Unit holder);<br data-start=\"324\" data-end=\"327\" \/>\u2022 Color: black;<br data-start=\"365\" data-end=\"368\" \/>\u2022 Camera mounting distance: 19 mm \/ 20 mm;<br data-start=\"410\" data-end=\"413\" \/>\u2022 FC mounting hole size: 26 \u00d7 26 mm;<br data-start=\"451\" data-end=\"454\" \/>\u2022 Motor mounting hole size: 4-M2-\u03c69 mm;<br data-start=\"498\" data-end=\"501\" \/>\u2022 Battery slot width: 20 mm.<\/p>\n<p data-start=\"0\" data-end=\"147\"><strong>Pavo20 Pro Brushless Whoop Frame with O3 Air Unit Mount Diagram:<\/strong><\/p>\n<p data-start=\"0\" data-end=\"147\"><img loading=\"lazy\" decoding=\"async\" class=\"alignnone wp-image-15013 size-large\" src=\"https:\/\/1dronas.lt\/wp-content\/uploads\/2026\/01\/Pavo20_Pro_Frame_diagram_with_O3-min-1024x576.jpg\" alt=\"\" width=\"1020\" height=\"574\" srcset=\"https:\/\/1dronas.lt\/wp-content\/uploads\/2026\/01\/Pavo20_Pro_Frame_diagram_with_O3-min-1024x576.jpg 1024w, https:\/\/1dronas.lt\/wp-content\/uploads\/2026\/01\/Pavo20_Pro_Frame_diagram_with_O3-min-300x169.jpg 300w, https:\/\/1dronas.lt\/wp-content\/uploads\/2026\/01\/Pavo20_Pro_Frame_diagram_with_O3-min-768x432.jpg 768w, https:\/\/1dronas.lt\/wp-content\/uploads\/2026\/01\/Pavo20_Pro_Frame_diagram_with_O3-min-1536x864.jpg 1536w, https:\/\/1dronas.lt\/wp-content\/uploads\/2026\/01\/Pavo20_Pro_Frame_diagram_with_O3-min-18x10.jpg 18w, https:\/\/1dronas.lt\/wp-content\/uploads\/2026\/01\/Pavo20_Pro_Frame_diagram_with_O3-min-510x287.jpg 510w, https:\/\/1dronas.lt\/wp-content\/uploads\/2026\/01\/Pavo20_Pro_Frame_diagram_with_O3-min.jpg 1600w\" sizes=\"auto, (max-width: 1020px) 100vw, 1020px\" \/><\/p>\n<p data-start=\"0\" data-end=\"147\"><strong>O3 Air Unit bracket diagram:<\/strong><\/p>\n<p data-start=\"0\" data-end=\"147\"><img loading=\"lazy\" decoding=\"async\" class=\"alignnone wp-image-15008 size-large\" src=\"https:\/\/1dronas.lt\/wp-content\/uploads\/2026\/01\/O3_Air_Unit_Bracket_diagram-min-1024x576.jpg\" alt=\"\" width=\"1020\" height=\"574\" srcset=\"https:\/\/1dronas.lt\/wp-content\/uploads\/2026\/01\/O3_Air_Unit_Bracket_diagram-min-1024x576.jpg 1024w, https:\/\/1dronas.lt\/wp-content\/uploads\/2026\/01\/O3_Air_Unit_Bracket_diagram-min-300x169.jpg 300w, https:\/\/1dronas.lt\/wp-content\/uploads\/2026\/01\/O3_Air_Unit_Bracket_diagram-min-768x432.jpg 768w, https:\/\/1dronas.lt\/wp-content\/uploads\/2026\/01\/O3_Air_Unit_Bracket_diagram-min-1536x864.jpg 1536w, https:\/\/1dronas.lt\/wp-content\/uploads\/2026\/01\/O3_Air_Unit_Bracket_diagram-min-18x10.jpg 18w, https:\/\/1dronas.lt\/wp-content\/uploads\/2026\/01\/O3_Air_Unit_Bracket_diagram-min-510x287.jpg 510w, https:\/\/1dronas.lt\/wp-content\/uploads\/2026\/01\/O3_Air_Unit_Bracket_diagram-min.jpg 1600w\" sizes=\"auto, (max-width: 1020px) 100vw, 1020px\" \/><\/p>\n<p data-start=\"0\" data-end=\"147\"><img loading=\"lazy\" decoding=\"async\" class=\"alignnone wp-image-15012 size-full\" src=\"https:\/\/1dronas.lt\/wp-content\/uploads\/2026\/01\/Pavo20_Pro_compatible_with_multiple_HD_VTX-min.jpg\" alt=\"\" width=\"1600\" height=\"781\" srcset=\"https:\/\/1dronas.lt\/wp-content\/uploads\/2026\/01\/Pavo20_Pro_compatible_with_multiple_HD_VTX-min.jpg 1600w, https:\/\/1dronas.lt\/wp-content\/uploads\/2026\/01\/Pavo20_Pro_compatible_with_multiple_HD_VTX-min-300x146.jpg 300w, https:\/\/1dronas.lt\/wp-content\/uploads\/2026\/01\/Pavo20_Pro_compatible_with_multiple_HD_VTX-min-1024x500.jpg 1024w, https:\/\/1dronas.lt\/wp-content\/uploads\/2026\/01\/Pavo20_Pro_compatible_with_multiple_HD_VTX-min-768x375.jpg 768w, https:\/\/1dronas.lt\/wp-content\/uploads\/2026\/01\/Pavo20_Pro_compatible_with_multiple_HD_VTX-min-1536x750.jpg 1536w, https:\/\/1dronas.lt\/wp-content\/uploads\/2026\/01\/Pavo20_Pro_compatible_with_multiple_HD_VTX-min-18x9.jpg 18w, https:\/\/1dronas.lt\/wp-content\/uploads\/2026\/01\/Pavo20_Pro_compatible_with_multiple_HD_VTX-min-510x249.jpg 510w\" sizes=\"auto, (max-width: 1600px) 100vw, 1600px\" \/><\/p>\n<p data-start=\"0\" data-end=\"147\">The Pavo20 Pro frame is universal and supports VTX mounts: DJI O3 Air Unit, Caddx Vista, RunCam Link and DJI O4 Air Unit Pro. The modular design allows you to easily change O3 and O4 Pro mounts without changing the frame. Installation is very simple - the HD VTX mount with embedded copper nuts allows you to assemble the entire frame with just 8 screws. This not only saves time, but also improves vibration resistance and ensures stable, smooth HD images.<\/p>\n<p data-start=\"0\" data-end=\"147\"><img loading=\"lazy\" decoding=\"async\" class=\"alignnone wp-image-15009 size-full\" src=\"https:\/\/1dronas.lt\/wp-content\/uploads\/2026\/01\/O3_Air_Unit_Bracket_features-min.jpg\" alt=\"\" width=\"1600\" height=\"900\" srcset=\"https:\/\/1dronas.lt\/wp-content\/uploads\/2026\/01\/O3_Air_Unit_Bracket_features-min.jpg 1600w, https:\/\/1dronas.lt\/wp-content\/uploads\/2026\/01\/O3_Air_Unit_Bracket_features-min-300x169.jpg 300w, https:\/\/1dronas.lt\/wp-content\/uploads\/2026\/01\/O3_Air_Unit_Bracket_features-min-1024x576.jpg 1024w, https:\/\/1dronas.lt\/wp-content\/uploads\/2026\/01\/O3_Air_Unit_Bracket_features-min-768x432.jpg 768w, https:\/\/1dronas.lt\/wp-content\/uploads\/2026\/01\/O3_Air_Unit_Bracket_features-min-1536x864.jpg 1536w, https:\/\/1dronas.lt\/wp-content\/uploads\/2026\/01\/O3_Air_Unit_Bracket_features-min-18x10.jpg 18w, https:\/\/1dronas.lt\/wp-content\/uploads\/2026\/01\/O3_Air_Unit_Bracket_features-min-510x287.jpg 510w\" sizes=\"auto, (max-width: 1600px) 100vw, 1600px\" \/><\/p>\n<p data-start=\"0\" data-end=\"147\">The frame has 6 camera mounting holes, including wide-angle locations, for a clear field of view. Reinforced sides protect lenses and allow for tool-free ND filter changes. A sturdy antenna mount secures cables, while rubber shock absorbers eliminate vibrations for smooth HD images.<\/p>\n<p data-start=\"0\" data-end=\"147\"><strong>Package:<\/strong><\/p>\n<p data-start=\"0\" data-end=\"147\">1\u00d7 Pavo20 Pro top plate;<br data-start=\"106\" data-end=\"109\" \/>1\u00d7 20 \u00d7 20 mm VTX mounting plate;<br data-start=\"146\" data-end=\"149\" \/>1\u00d7 Pavo20 Whoop duct;<br data-start=\"173\" data-end=\"176\" \/>1\u00d7 O3 Air Unit holder;<br data-start=\"201\" data-end=\"204\" \/>1\u00d7 130 mm battery strap;<br data-start=\"233\" data-end=\"236\" \/>2\u00d7 battery non-slip mats;<br data-start=\"270\" data-end=\"273\" \/>2\u00d7 5.8G antennas;<br data-start=\"289\" data-end=\"292\" \/>8\u00d7 M2 nuts;<br data-start=\"306\" data-end=\"309\" \/>10\u00d7 rubber shock absorbers;<br data-start=\"337\" data-end=\"340\" \/>6\u00d7 M2\u00d710 screws;<br data-start=\"359\" data-end=\"362\" \/>6\u00d7 M2\u00d74 screws;<br data-start=\"380\" data-end=\"383\" \/>4\u00d7 M2\u00d714 screws;<br data-start=\"402\" data-end=\"405\" \/>4\u00d7 M2\u00d715 screws.<\/p>\n<p data-start=\"0\" data-end=\"147\"><img loading=\"lazy\" decoding=\"async\" class=\"alignnone wp-image-15006 size-full\" src=\"https:\/\/1dronas.lt\/wp-content\/uploads\/2026\/01\/070f3d7f73794becc85890ccfa84c3a4_7c592a0e-e81e-486c-84db-9393a66e050d_480x480-min.jpg\" alt=\"\" width=\"480\" height=\"480\" srcset=\"https:\/\/1dronas.lt\/wp-content\/uploads\/2026\/01\/070f3d7f73794becc85890ccfa84c3a4_7c592a0e-e81e-486c-84db-9393a66e050d_480x480-min.jpg 480w, https:\/\/1dronas.lt\/wp-content\/uploads\/2026\/01\/070f3d7f73794becc85890ccfa84c3a4_7c592a0e-e81e-486c-84db-9393a66e050d_480x480-min-300x300.jpg 300w, https:\/\/1dronas.lt\/wp-content\/uploads\/2026\/01\/070f3d7f73794becc85890ccfa84c3a4_7c592a0e-e81e-486c-84db-9393a66e050d_480x480-min-150x150.jpg 150w, https:\/\/1dronas.lt\/wp-content\/uploads\/2026\/01\/070f3d7f73794becc85890ccfa84c3a4_7c592a0e-e81e-486c-84db-9393a66e050d_480x480-min-12x12.jpg 12w, https:\/\/1dronas.lt\/wp-content\/uploads\/2026\/01\/070f3d7f73794becc85890ccfa84c3a4_7c592a0e-e81e-486c-84db-9393a66e050d_480x480-min-247x247.jpg 247w, https:\/\/1dronas.lt\/wp-content\/uploads\/2026\/01\/070f3d7f73794becc85890ccfa84c3a4_7c592a0e-e81e-486c-84db-9393a66e050d_480x480-min-100x100.jpg 100w\" sizes=\"auto, (max-width: 480px) 100vw, 480px\" \/><\/p>\n<p data-start=\"0\" data-end=\"147\">","protected":false},"excerpt":{"rendered":"<p><span style=\"color: #000000;\">The frame is made of impact-resistant PA12 plastic, which ensures high strength and good aerodynamic properties, allowing for 8\u201311 % more thrust.<\/span><\/p>\n<p><span style=\"color: #000000;\"><strong><img loading=\"lazy\" decoding=\"async\" class=\"alignnone wp-image-1806\" src=\"https:\/\/1dronas.lt\/wp-content\/uploads\/2021\/05\/delivery-icon.png\" alt=\"\" width=\"24\" height=\"24\" srcset=\"https:\/\/1dronas.lt\/wp-content\/uploads\/2021\/05\/delivery-icon.png 35w, https:\/\/1dronas.lt\/wp-content\/uploads\/2021\/05\/delivery-icon-12x12.png 12w\" sizes=\"auto, (max-width: 24px) 100vw, 24px\" \/> \u00a01 \u2013 2 days<\/strong><\/span><\/p>","protected":false},"featured_media":15010,"comment_status":"open","ping_status":"closed","template":"","meta":[],"product_brand":[489],"product_cat":[872,687],"product_tag":[69,103,110,552,704,113],"class_list":{"0":"post-14965","1":"product","2":"type-product","3":"status-publish","4":"has-post-thumbnail","6":"product_brand-betafpv","7":"product_cat-cinewhoop-remai","8":"product_cat-whoop-remai","9":"product_tag-betafpv","10":"product_tag-brushless","11":"product_tag-cinewhoop","12":"product_tag-dji-o3-air-unit","13":"product_tag-pavo-20-pro","14":"product_tag-whoop","16":"first","17":"outofstock","18":"taxable","19":"shipping-taxable","20":"purchasable","21":"product-type-simple"},"yoast_head":"<!-- This site is optimized with the Yoast SEO plugin v27.4 - https:\/\/yoast.com\/product\/yoast-seo-wordpress\/ -->\n<title>BETAFPV Pavo20 Pro Brushless Whoop r\u0117mas - 1dronas.lt<\/title>\n<meta name=\"robots\" content=\"index, follow, max-snippet:-1, max-image-preview:large, max-video-preview:-1\" \/>\n<link rel=\"canonical\" href=\"https:\/\/1dronas.lt\/en\/produktas\/betafpv-pavo20-pro-brushless-whoop-remas\/\" \/>\n<meta property=\"og:locale\" content=\"en_US\" \/>\n<meta property=\"og:type\" content=\"article\" \/>\n<meta property=\"og:title\" content=\"BETAFPV Pavo20 Pro Brushless Whoop r\u0117mas - 1dronas.lt\" \/>\n<meta property=\"og:description\" content=\"R\u0117mas pagamintas i\u0161 sm\u016bgiams atsparaus PA12 plastiko, kuris u\u017etikrina didel\u012f tvirtum\u0105 ir geras aerodinamines savybes, leid\u017eian\u010dias pasiekti 8\u201311 % didesn\u0119 trauk\u0105.   \u00a01 \u2013 2 d. d.\" \/>\n<meta property=\"og:url\" content=\"https:\/\/1dronas.lt\/en\/produktas\/betafpv-pavo20-pro-brushless-whoop-remas\/\" \/>\n<meta property=\"og:site_name\" content=\"1dronas.lt\" \/>\n<meta property=\"article:publisher\" content=\"https:\/\/www.facebook.com\/1dronas\/\" \/>\n<meta property=\"article:modified_time\" content=\"2026-04-01T11:01:53+00:00\" \/>\n<meta property=\"og:image\" content=\"https:\/\/1dronas.lt\/wp-content\/uploads\/2026\/01\/O3_Air_Unit_Frame_Black_720x-min.jpg\" \/>\n\t<meta property=\"og:image:width\" content=\"720\" \/>\n\t<meta property=\"og:image:height\" content=\"720\" \/>\n\t<meta property=\"og:image:type\" content=\"image\/jpeg\" \/>\n<meta name=\"twitter:card\" content=\"summary_large_image\" \/>\n<meta name=\"twitter:label1\" content=\"Est. reading time\" \/>\n\t<meta name=\"twitter:data1\" content=\"4 minutes\" \/>\n<script type=\"application\/ld+json\" class=\"yoast-schema-graph\">{\"@context\":\"https:\\\/\\\/schema.org\",\"@graph\":[{\"@type\":\"WebPage\",\"@id\":\"https:\\\/\\\/1dronas.lt\\\/en\\\/produktas\\\/betafpv-pavo20-pro-brushless-whoop-remas\\\/\",\"url\":\"https:\\\/\\\/1dronas.lt\\\/en\\\/produktas\\\/betafpv-pavo20-pro-brushless-whoop-remas\\\/\",\"name\":\"BETAFPV Pavo20 Pro Brushless Whoop r\u0117mas - 1dronas.lt\",\"isPartOf\":{\"@id\":\"https:\\\/\\\/1dronas.lt\\\/en\\\/#website\"},\"primaryImageOfPage\":{\"@id\":\"https:\\\/\\\/1dronas.lt\\\/en\\\/produktas\\\/betafpv-pavo20-pro-brushless-whoop-remas\\\/#primaryimage\"},\"image\":{\"@id\":\"https:\\\/\\\/1dronas.lt\\\/en\\\/produktas\\\/betafpv-pavo20-pro-brushless-whoop-remas\\\/#primaryimage\"},\"thumbnailUrl\":\"https:\\\/\\\/1dronas.lt\\\/wp-content\\\/uploads\\\/2026\\\/01\\\/O3_Air_Unit_Frame_Black_720x-min.jpg\",\"datePublished\":\"2026-01-05T17:52:33+00:00\",\"dateModified\":\"2026-04-01T11:01:53+00:00\",\"breadcrumb\":{\"@id\":\"https:\\\/\\\/1dronas.lt\\\/en\\\/produktas\\\/betafpv-pavo20-pro-brushless-whoop-remas\\\/#breadcrumb\"},\"inLanguage\":\"en-US\",\"potentialAction\":[{\"@type\":\"ReadAction\",\"target\":[\"https:\\\/\\\/1dronas.lt\\\/en\\\/produktas\\\/betafpv-pavo20-pro-brushless-whoop-remas\\\/\"]}]},{\"@type\":\"ImageObject\",\"inLanguage\":\"en-US\",\"@id\":\"https:\\\/\\\/1dronas.lt\\\/en\\\/produktas\\\/betafpv-pavo20-pro-brushless-whoop-remas\\\/#primaryimage\",\"url\":\"https:\\\/\\\/1dronas.lt\\\/wp-content\\\/uploads\\\/2026\\\/01\\\/O3_Air_Unit_Frame_Black_720x-min.jpg\",\"contentUrl\":\"https:\\\/\\\/1dronas.lt\\\/wp-content\\\/uploads\\\/2026\\\/01\\\/O3_Air_Unit_Frame_Black_720x-min.jpg\",\"width\":720,\"height\":720},{\"@type\":\"BreadcrumbList\",\"@id\":\"https:\\\/\\\/1dronas.lt\\\/en\\\/produktas\\\/betafpv-pavo20-pro-brushless-whoop-remas\\\/#breadcrumb\",\"itemListElement\":[{\"@type\":\"ListItem\",\"position\":1,\"name\":\"Home\",\"item\":\"https:\\\/\\\/1dronas.lt\\\/\"},{\"@type\":\"ListItem\",\"position\":2,\"name\":\"Parduotuv\u0117\",\"item\":\"https:\\\/\\\/1dronas.lt\\\/parduotuve\\\/\"},{\"@type\":\"ListItem\",\"position\":3,\"name\":\"BETAFPV Pavo20 Pro Brushless Whoop r\u0117mas\"}]},{\"@type\":\"WebSite\",\"@id\":\"https:\\\/\\\/1dronas.lt\\\/en\\\/#website\",\"url\":\"https:\\\/\\\/1dronas.lt\\\/en\\\/\",\"name\":\"1dronas.lt\",\"description\":\"Internetin\u0117 parduotuv\u0117\",\"publisher\":{\"@id\":\"https:\\\/\\\/1dronas.lt\\\/en\\\/#organization\"},\"potentialAction\":[{\"@type\":\"SearchAction\",\"target\":{\"@type\":\"EntryPoint\",\"urlTemplate\":\"https:\\\/\\\/1dronas.lt\\\/en\\\/?s={search_term_string}\"},\"query-input\":{\"@type\":\"PropertyValueSpecification\",\"valueRequired\":true,\"valueName\":\"search_term_string\"}}],\"inLanguage\":\"en-US\"},{\"@type\":\"Organization\",\"@id\":\"https:\\\/\\\/1dronas.lt\\\/en\\\/#organization\",\"name\":\"1dronas.lt\",\"url\":\"https:\\\/\\\/1dronas.lt\\\/en\\\/\",\"logo\":{\"@type\":\"ImageObject\",\"inLanguage\":\"en-US\",\"@id\":\"https:\\\/\\\/1dronas.lt\\\/en\\\/#\\\/schema\\\/logo\\\/image\\\/\",\"url\":\"https:\\\/\\\/1dronas.lt\\\/wp-content\\\/uploads\\\/2020\\\/12\\\/Ekrano_kopija__2_-removebg-preview-1-1.png\",\"contentUrl\":\"https:\\\/\\\/1dronas.lt\\\/wp-content\\\/uploads\\\/2020\\\/12\\\/Ekrano_kopija__2_-removebg-preview-1-1.png\",\"width\":234,\"height\":81,\"caption\":\"1dronas.lt\"},\"image\":{\"@id\":\"https:\\\/\\\/1dronas.lt\\\/en\\\/#\\\/schema\\\/logo\\\/image\\\/\"},\"sameAs\":[\"https:\\\/\\\/www.facebook.com\\\/1dronas\\\/\"]}]}<\/script>\n<!-- \/ Yoast SEO plugin. -->","yoast_head_json":{"title":"BETAFPV Pavo20 Pro Brushless Whoop r\u0117mas - 1dronas.lt","robots":{"index":"index","follow":"follow","max-snippet":"max-snippet:-1","max-image-preview":"max-image-preview:large","max-video-preview":"max-video-preview:-1"},"canonical":"https:\/\/1dronas.lt\/en\/produktas\/betafpv-pavo20-pro-brushless-whoop-remas\/","og_locale":"en_US","og_type":"article","og_title":"BETAFPV Pavo20 Pro Brushless Whoop r\u0117mas - 1dronas.lt","og_description":"R\u0117mas pagamintas i\u0161 sm\u016bgiams atsparaus PA12 plastiko, kuris u\u017etikrina didel\u012f tvirtum\u0105 ir geras aerodinamines savybes, leid\u017eian\u010dias pasiekti 8\u201311 % didesn\u0119 trauk\u0105.   \u00a01 \u2013 2 d. d.","og_url":"https:\/\/1dronas.lt\/en\/produktas\/betafpv-pavo20-pro-brushless-whoop-remas\/","og_site_name":"1dronas.lt","article_publisher":"https:\/\/www.facebook.com\/1dronas\/","article_modified_time":"2026-04-01T11:01:53+00:00","og_image":[{"width":720,"height":720,"url":"https:\/\/1dronas.lt\/wp-content\/uploads\/2026\/01\/O3_Air_Unit_Frame_Black_720x-min.jpg","type":"image\/jpeg"}],"twitter_card":"summary_large_image","twitter_misc":{"Est. reading time":"4 minutes"},"schema":{"@context":"https:\/\/schema.org","@graph":[{"@type":"WebPage","@id":"https:\/\/1dronas.lt\/en\/produktas\/betafpv-pavo20-pro-brushless-whoop-remas\/","url":"https:\/\/1dronas.lt\/en\/produktas\/betafpv-pavo20-pro-brushless-whoop-remas\/","name":"BETAFPV Pavo20 Pro Brushless Whoop r\u0117mas - 1dronas.lt","isPartOf":{"@id":"https:\/\/1dronas.lt\/en\/#website"},"primaryImageOfPage":{"@id":"https:\/\/1dronas.lt\/en\/produktas\/betafpv-pavo20-pro-brushless-whoop-remas\/#primaryimage"},"image":{"@id":"https:\/\/1dronas.lt\/en\/produktas\/betafpv-pavo20-pro-brushless-whoop-remas\/#primaryimage"},"thumbnailUrl":"https:\/\/1dronas.lt\/wp-content\/uploads\/2026\/01\/O3_Air_Unit_Frame_Black_720x-min.jpg","datePublished":"2026-01-05T17:52:33+00:00","dateModified":"2026-04-01T11:01:53+00:00","breadcrumb":{"@id":"https:\/\/1dronas.lt\/en\/produktas\/betafpv-pavo20-pro-brushless-whoop-remas\/#breadcrumb"},"inLanguage":"en-US","potentialAction":[{"@type":"ReadAction","target":["https:\/\/1dronas.lt\/en\/produktas\/betafpv-pavo20-pro-brushless-whoop-remas\/"]}]},{"@type":"ImageObject","inLanguage":"en-US","@id":"https:\/\/1dronas.lt\/en\/produktas\/betafpv-pavo20-pro-brushless-whoop-remas\/#primaryimage","url":"https:\/\/1dronas.lt\/wp-content\/uploads\/2026\/01\/O3_Air_Unit_Frame_Black_720x-min.jpg","contentUrl":"https:\/\/1dronas.lt\/wp-content\/uploads\/2026\/01\/O3_Air_Unit_Frame_Black_720x-min.jpg","width":720,"height":720},{"@type":"BreadcrumbList","@id":"https:\/\/1dronas.lt\/en\/produktas\/betafpv-pavo20-pro-brushless-whoop-remas\/#breadcrumb","itemListElement":[{"@type":"ListItem","position":1,"name":"Home","item":"https:\/\/1dronas.lt\/"},{"@type":"ListItem","position":2,"name":"Parduotuv\u0117","item":"https:\/\/1dronas.lt\/parduotuve\/"},{"@type":"ListItem","position":3,"name":"BETAFPV Pavo20 Pro Brushless Whoop r\u0117mas"}]},{"@type":"WebSite","@id":"https:\/\/1dronas.lt\/en\/#website","url":"https:\/\/1dronas.lt\/en\/","name":"1dronas.lt","description":"Online store","publisher":{"@id":"https:\/\/1dronas.lt\/en\/#organization"},"potentialAction":[{"@type":"SearchAction","target":{"@type":"EntryPoint","urlTemplate":"https:\/\/1dronas.lt\/en\/?s={search_term_string}"},"query-input":{"@type":"PropertyValueSpecification","valueRequired":true,"valueName":"search_term_string"}}],"inLanguage":"en-US"},{"@type":"Organization","@id":"https:\/\/1dronas.lt\/en\/#organization","name":"1dronas.lt","url":"https:\/\/1dronas.lt\/en\/","logo":{"@type":"ImageObject","inLanguage":"en-US","@id":"https:\/\/1dronas.lt\/en\/#\/schema\/logo\/image\/","url":"https:\/\/1dronas.lt\/wp-content\/uploads\/2020\/12\/Ekrano_kopija__2_-removebg-preview-1-1.png","contentUrl":"https:\/\/1dronas.lt\/wp-content\/uploads\/2020\/12\/Ekrano_kopija__2_-removebg-preview-1-1.png","width":234,"height":81,"caption":"1dronas.lt"},"image":{"@id":"https:\/\/1dronas.lt\/en\/#\/schema\/logo\/image\/"},"sameAs":["https:\/\/www.facebook.com\/1dronas\/"]}]}},"jetpack_sharing_enabled":true,"_links":{"self":[{"href":"https:\/\/1dronas.lt\/en\/wp-json\/wp\/v2\/product\/14965","targetHints":{"allow":["GET"]}}],"collection":[{"href":"https:\/\/1dronas.lt\/en\/wp-json\/wp\/v2\/product"}],"about":[{"href":"https:\/\/1dronas.lt\/en\/wp-json\/wp\/v2\/types\/product"}],"replies":[{"embeddable":true,"href":"https:\/\/1dronas.lt\/en\/wp-json\/wp\/v2\/comments?post=14965"}],"wp:featuredmedia":[{"embeddable":true,"href":"https:\/\/1dronas.lt\/en\/wp-json\/wp\/v2\/media\/15010"}],"wp:attachment":[{"href":"https:\/\/1dronas.lt\/en\/wp-json\/wp\/v2\/media?parent=14965"}],"wp:term":[{"taxonomy":"product_brand","embeddable":true,"href":"https:\/\/1dronas.lt\/en\/wp-json\/wp\/v2\/product_brand?post=14965"},{"taxonomy":"product_cat","embeddable":true,"href":"https:\/\/1dronas.lt\/en\/wp-json\/wp\/v2\/product_cat?post=14965"},{"taxonomy":"product_tag","embeddable":true,"href":"https:\/\/1dronas.lt\/en\/wp-json\/wp\/v2\/product_tag?post=14965"}],"curies":[{"name":"wp","href":"https:\/\/api.w.org\/{rel}","templated":true}]}}