{"id":14913,"date":"2026-01-04T12:59:04","date_gmt":"2026-01-04T10:59:04","guid":{"rendered":"https:\/\/1dronas.lt\/?post_type=product&#038;p=14913"},"modified":"2026-04-08T11:32:33","modified_gmt":"2026-04-08T08:32:33","slug":"vifly-shortsaver-v2-smart-smoke-stopper","status":"publish","type":"product","link":"https:\/\/1dronas.lt\/en\/produktas\/vifly-shortsaver-v2-smart-smoke-stopper\/","title":{"rendered":"VIFLY ShortSaver V2 \u2013 Smart Smoke Stopper"},"content":{"rendered":"<p data-start=\"172\" data-end=\"506\">VIFLY ShortSaver 2 is a reliable safety device designed to protect RC model electronics from short circuits and incorrect connections. Unlike conventional &quot;smoke stopper&quot; devices that only limit current, this device uses an electronic fuse and completely cuts off power when it detects a problem, thus protecting sensitive components from damage.<\/p>\n<p data-start=\"172\" data-end=\"506\"><strong>Features:<\/strong><\/p>\n<p data-start=\"172\" data-end=\"506\"><strong>\u2022<\/strong> VIFLY ShortSaver 2 completely cuts off the current and protects against so-called \u201emagic smoke\u201c. Unlike bulbs or resettable fuses that only limit current, this device uses an electronic fuse and instantly cuts off the power when it detects a short circuit or connection error, thus protecting electronic components;<br \/>\n<strong>\u2022<\/strong> The device reacts extremely quickly - the power is disconnected in just 3 ms when the set limit of 1 A or 2 A is exceeded. The shorter the response time, the greater the protection for your RC model;<br \/>\n<strong>\u2022<\/strong> Integrated on\/off switch makes it easy to pair the receiver, eliminating the need to simultaneously hold down the button and turn on the power. VIFLY ShortSaver 2 allows you to select a current limit of 1 A or 2 A;<br \/>\n<strong>\u2022<\/strong> The device has Amass XT30 and XT60 input and output connectors, making it compatible with a variety of batteries;<\/p>\n<p data-start=\"172\" data-end=\"506\"><strong>Specification:<\/strong><\/p>\n<p data-start=\"172\" data-end=\"506\"><strong>\u2022<\/strong> Size: 42 \u00d7 30 \u00d7 10 mm;<br data-start=\"119\" data-end=\"122\" \/><strong>\u2022<\/strong> Connectors: XT30 and XT60;<br data-start=\"169\" data-end=\"172\" \/><strong>\u2022<\/strong> Switchable current limit: 1 A \/ 2 A;<br data-start=\"210\" data-end=\"213\" \/><strong>\u2022<\/strong> Disconnection time: 3 ms (short circuit) \/ 10 ms (overcurrent);<br data-start=\"287\" data-end=\"290\" \/><strong>\u2022<\/strong> Input voltage: 7-25V (2-6S).<\/p>\n<p data-start=\"172\" data-end=\"506\"><img loading=\"lazy\" decoding=\"async\" class=\"alignnone wp-image-14914 size-large\" src=\"https:\/\/1dronas.lt\/wp-content\/uploads\/2026\/01\/VIFLY-shortsaver-smoke-stopper-02-min-1024x408.jpg\" alt=\"\" width=\"1020\" height=\"406\" srcset=\"https:\/\/1dronas.lt\/wp-content\/uploads\/2026\/01\/VIFLY-shortsaver-smoke-stopper-02-min-1024x408.jpg 1024w, https:\/\/1dronas.lt\/wp-content\/uploads\/2026\/01\/VIFLY-shortsaver-smoke-stopper-02-min-300x120.jpg 300w, https:\/\/1dronas.lt\/wp-content\/uploads\/2026\/01\/VIFLY-shortsaver-smoke-stopper-02-min-768x306.jpg 768w, https:\/\/1dronas.lt\/wp-content\/uploads\/2026\/01\/VIFLY-shortsaver-smoke-stopper-02-min-18x7.jpg 18w, https:\/\/1dronas.lt\/wp-content\/uploads\/2026\/01\/VIFLY-shortsaver-smoke-stopper-02-min-510x203.jpg 510w, https:\/\/1dronas.lt\/wp-content\/uploads\/2026\/01\/VIFLY-shortsaver-smoke-stopper-02-min.jpg 1200w\" sizes=\"auto, (max-width: 1020px) 100vw, 1020px\" \/><\/p>\n<p data-start=\"172\" data-end=\"506\"><strong>Package:<\/strong><\/p>\n<p data-start=\"172\" data-end=\"506\">1x VIFLY ShortSaver V2 - Smart Smoke Stopper<\/p>\n<p data-start=\"172\" data-end=\"506\"><img loading=\"lazy\" decoding=\"async\" class=\"alignnone wp-image-14915 size-large\" src=\"https:\/\/1dronas.lt\/wp-content\/uploads\/2026\/01\/VIFLY-shortsaver-smoke-stopper-03-min-1024x829.jpg\" alt=\"\" width=\"1020\" height=\"826\" srcset=\"https:\/\/1dronas.lt\/wp-content\/uploads\/2026\/01\/VIFLY-shortsaver-smoke-stopper-03-min-1024x829.jpg 1024w, https:\/\/1dronas.lt\/wp-content\/uploads\/2026\/01\/VIFLY-shortsaver-smoke-stopper-03-min-300x243.jpg 300w, https:\/\/1dronas.lt\/wp-content\/uploads\/2026\/01\/VIFLY-shortsaver-smoke-stopper-03-min-768x622.jpg 768w, https:\/\/1dronas.lt\/wp-content\/uploads\/2026\/01\/VIFLY-shortsaver-smoke-stopper-03-min-15x12.jpg 15w, https:\/\/1dronas.lt\/wp-content\/uploads\/2026\/01\/VIFLY-shortsaver-smoke-stopper-03-min-510x413.jpg 510w, https:\/\/1dronas.lt\/wp-content\/uploads\/2026\/01\/VIFLY-shortsaver-smoke-stopper-03-min.jpg 1200w\" sizes=\"auto, (max-width: 1020px) 100vw, 1020px\" \/><\/p>","protected":false},"excerpt":{"rendered":"<p><span style=\"color: #000000;\">ShortSaver 2 responds extremely quickly - it detects a short circuit and disconnects the current in just 3 ms, and in the event of an excessive current - within 10 ms.<\/span><\/p>\n<p><span style=\"color: #000000;\"><img loading=\"lazy\" decoding=\"async\" class=\"alignnone wp-image-1806\" src=\"https:\/\/1dronas.lt\/wp-content\/uploads\/2021\/05\/delivery-icon.png\" alt=\"\" width=\"24\" height=\"24\" srcset=\"https:\/\/1dronas.lt\/wp-content\/uploads\/2021\/05\/delivery-icon.png 35w, https:\/\/1dronas.lt\/wp-content\/uploads\/2021\/05\/delivery-icon-12x12.png 12w\" sizes=\"auto, (max-width: 24px) 100vw, 24px\" \/> \u00a0<strong>1 \u2013 2 days<\/strong><\/span><\/p>","protected":false},"featured_media":14916,"comment_status":"open","ping_status":"closed","template":"","meta":[],"product_brand":[1082],"product_cat":[683],"product_tag":[1091,1092,480,1083],"class_list":{"0":"post-14913","1":"product","2":"type-product","3":"status-publish","4":"has-post-thumbnail","6":"product_brand-vifly","7":"product_cat-smoke-stopper","8":"product_tag-shortsaver-v2","9":"product_tag-smart","10":"product_tag-smoke-stopper","11":"product_tag-vifly","13":"first","14":"instock","15":"taxable","16":"shipping-taxable","17":"purchasable","18":"product-type-simple"},"yoast_head":"<!-- This site is optimized with the Yoast SEO plugin v27.3 - https:\/\/yoast.com\/product\/yoast-seo-wordpress\/ -->\n<title>VIFLY ShortSaver V2 - Smart Smoke Stopper - 1dronas.lt<\/title>\n<meta name=\"robots\" content=\"index, follow, max-snippet:-1, max-image-preview:large, max-video-preview:-1\" \/>\n<link rel=\"canonical\" href=\"https:\/\/1dronas.lt\/en\/produktas\/vifly-shortsaver-v2-smart-smoke-stopper\/\" \/>\n<meta property=\"og:locale\" content=\"en_US\" \/>\n<meta property=\"og:type\" content=\"article\" \/>\n<meta property=\"og:title\" content=\"VIFLY ShortSaver V2 - Smart Smoke Stopper - 1dronas.lt\" \/>\n<meta property=\"og:description\" content=\"ShortSaver 2 reaguoja itin greitai \u2013 trump\u0105j\u012f jungim\u0105 aptinka ir srov\u0119 atjungia vos per 3 ms, o esant per didelei srovei \u2013 per 10 ms.   \u00a01 \u2013 2 d. d.\" \/>\n<meta property=\"og:url\" content=\"https:\/\/1dronas.lt\/en\/produktas\/vifly-shortsaver-v2-smart-smoke-stopper\/\" \/>\n<meta property=\"og:site_name\" content=\"1dronas.lt\" \/>\n<meta property=\"article:publisher\" content=\"https:\/\/www.facebook.com\/1dronas\/\" \/>\n<meta property=\"article:modified_time\" content=\"2026-04-08T08:32:33+00:00\" \/>\n<meta property=\"og:image\" content=\"https:\/\/1dronas.lt\/wp-content\/uploads\/2026\/01\/VIFLY-shortsaver-smoke-stopper-image02-min.jpg\" \/>\n\t<meta property=\"og:image:width\" content=\"1065\" \/>\n\t<meta property=\"og:image:height\" content=\"965\" \/>\n\t<meta property=\"og:image:type\" content=\"image\/jpeg\" \/>\n<meta name=\"twitter:card\" content=\"summary_large_image\" \/>\n<meta name=\"twitter:label1\" content=\"Est. reading time\" \/>\n\t<meta name=\"twitter:data1\" content=\"2 minutes\" \/>\n<script type=\"application\/ld+json\" class=\"yoast-schema-graph\">{\"@context\":\"https:\\\/\\\/schema.org\",\"@graph\":[{\"@type\":\"WebPage\",\"@id\":\"https:\\\/\\\/1dronas.lt\\\/en\\\/produktas\\\/vifly-shortsaver-v2-smart-smoke-stopper\\\/\",\"url\":\"https:\\\/\\\/1dronas.lt\\\/en\\\/produktas\\\/vifly-shortsaver-v2-smart-smoke-stopper\\\/\",\"name\":\"VIFLY ShortSaver V2 - Smart Smoke Stopper - 1dronas.lt\",\"isPartOf\":{\"@id\":\"https:\\\/\\\/1dronas.lt\\\/en\\\/#website\"},\"primaryImageOfPage\":{\"@id\":\"https:\\\/\\\/1dronas.lt\\\/en\\\/produktas\\\/vifly-shortsaver-v2-smart-smoke-stopper\\\/#primaryimage\"},\"image\":{\"@id\":\"https:\\\/\\\/1dronas.lt\\\/en\\\/produktas\\\/vifly-shortsaver-v2-smart-smoke-stopper\\\/#primaryimage\"},\"thumbnailUrl\":\"https:\\\/\\\/1dronas.lt\\\/wp-content\\\/uploads\\\/2026\\\/01\\\/VIFLY-shortsaver-smoke-stopper-image02-min.jpg\",\"datePublished\":\"2026-01-04T10:59:04+00:00\",\"dateModified\":\"2026-04-08T08:32:33+00:00\",\"breadcrumb\":{\"@id\":\"https:\\\/\\\/1dronas.lt\\\/en\\\/produktas\\\/vifly-shortsaver-v2-smart-smoke-stopper\\\/#breadcrumb\"},\"inLanguage\":\"en-US\",\"potentialAction\":[{\"@type\":\"ReadAction\",\"target\":[\"https:\\\/\\\/1dronas.lt\\\/en\\\/produktas\\\/vifly-shortsaver-v2-smart-smoke-stopper\\\/\"]}]},{\"@type\":\"ImageObject\",\"inLanguage\":\"en-US\",\"@id\":\"https:\\\/\\\/1dronas.lt\\\/en\\\/produktas\\\/vifly-shortsaver-v2-smart-smoke-stopper\\\/#primaryimage\",\"url\":\"https:\\\/\\\/1dronas.lt\\\/wp-content\\\/uploads\\\/2026\\\/01\\\/VIFLY-shortsaver-smoke-stopper-image02-min.jpg\",\"contentUrl\":\"https:\\\/\\\/1dronas.lt\\\/wp-content\\\/uploads\\\/2026\\\/01\\\/VIFLY-shortsaver-smoke-stopper-image02-min.jpg\",\"width\":1065,\"height\":965},{\"@type\":\"BreadcrumbList\",\"@id\":\"https:\\\/\\\/1dronas.lt\\\/en\\\/produktas\\\/vifly-shortsaver-v2-smart-smoke-stopper\\\/#breadcrumb\",\"itemListElement\":[{\"@type\":\"ListItem\",\"position\":1,\"name\":\"Home\",\"item\":\"https:\\\/\\\/1dronas.lt\\\/\"},{\"@type\":\"ListItem\",\"position\":2,\"name\":\"Parduotuv\u0117\",\"item\":\"https:\\\/\\\/1dronas.lt\\\/parduotuve\\\/\"},{\"@type\":\"ListItem\",\"position\":3,\"name\":\"VIFLY ShortSaver V2 &#8211; Smart Smoke Stopper\"}]},{\"@type\":\"WebSite\",\"@id\":\"https:\\\/\\\/1dronas.lt\\\/en\\\/#website\",\"url\":\"https:\\\/\\\/1dronas.lt\\\/en\\\/\",\"name\":\"1dronas.lt\",\"description\":\"Internetin\u0117 parduotuv\u0117\",\"publisher\":{\"@id\":\"https:\\\/\\\/1dronas.lt\\\/en\\\/#organization\"},\"potentialAction\":[{\"@type\":\"SearchAction\",\"target\":{\"@type\":\"EntryPoint\",\"urlTemplate\":\"https:\\\/\\\/1dronas.lt\\\/en\\\/?s={search_term_string}\"},\"query-input\":{\"@type\":\"PropertyValueSpecification\",\"valueRequired\":true,\"valueName\":\"search_term_string\"}}],\"inLanguage\":\"en-US\"},{\"@type\":\"Organization\",\"@id\":\"https:\\\/\\\/1dronas.lt\\\/en\\\/#organization\",\"name\":\"1dronas.lt\",\"url\":\"https:\\\/\\\/1dronas.lt\\\/en\\\/\",\"logo\":{\"@type\":\"ImageObject\",\"inLanguage\":\"en-US\",\"@id\":\"https:\\\/\\\/1dronas.lt\\\/en\\\/#\\\/schema\\\/logo\\\/image\\\/\",\"url\":\"https:\\\/\\\/1dronas.lt\\\/wp-content\\\/uploads\\\/2020\\\/12\\\/Ekrano_kopija__2_-removebg-preview-1-1.png\",\"contentUrl\":\"https:\\\/\\\/1dronas.lt\\\/wp-content\\\/uploads\\\/2020\\\/12\\\/Ekrano_kopija__2_-removebg-preview-1-1.png\",\"width\":234,\"height\":81,\"caption\":\"1dronas.lt\"},\"image\":{\"@id\":\"https:\\\/\\\/1dronas.lt\\\/en\\\/#\\\/schema\\\/logo\\\/image\\\/\"},\"sameAs\":[\"https:\\\/\\\/www.facebook.com\\\/1dronas\\\/\"]}]}<\/script>\n<!-- \/ Yoast SEO plugin. -->","yoast_head_json":{"title":"VIFLY ShortSaver V2 - Smart Smoke Stopper - 1dronas.lt","robots":{"index":"index","follow":"follow","max-snippet":"max-snippet:-1","max-image-preview":"max-image-preview:large","max-video-preview":"max-video-preview:-1"},"canonical":"https:\/\/1dronas.lt\/en\/produktas\/vifly-shortsaver-v2-smart-smoke-stopper\/","og_locale":"en_US","og_type":"article","og_title":"VIFLY ShortSaver V2 - Smart Smoke Stopper - 1dronas.lt","og_description":"ShortSaver 2 reaguoja itin greitai \u2013 trump\u0105j\u012f jungim\u0105 aptinka ir srov\u0119 atjungia vos per 3 ms, o esant per didelei srovei \u2013 per 10 ms.   \u00a01 \u2013 2 d. d.","og_url":"https:\/\/1dronas.lt\/en\/produktas\/vifly-shortsaver-v2-smart-smoke-stopper\/","og_site_name":"1dronas.lt","article_publisher":"https:\/\/www.facebook.com\/1dronas\/","article_modified_time":"2026-04-08T08:32:33+00:00","og_image":[{"width":1065,"height":965,"url":"https:\/\/1dronas.lt\/wp-content\/uploads\/2026\/01\/VIFLY-shortsaver-smoke-stopper-image02-min.jpg","type":"image\/jpeg"}],"twitter_card":"summary_large_image","twitter_misc":{"Est. reading time":"2 minutes"},"schema":{"@context":"https:\/\/schema.org","@graph":[{"@type":"WebPage","@id":"https:\/\/1dronas.lt\/en\/produktas\/vifly-shortsaver-v2-smart-smoke-stopper\/","url":"https:\/\/1dronas.lt\/en\/produktas\/vifly-shortsaver-v2-smart-smoke-stopper\/","name":"VIFLY ShortSaver V2 - Smart Smoke Stopper - 1dronas.lt","isPartOf":{"@id":"https:\/\/1dronas.lt\/en\/#website"},"primaryImageOfPage":{"@id":"https:\/\/1dronas.lt\/en\/produktas\/vifly-shortsaver-v2-smart-smoke-stopper\/#primaryimage"},"image":{"@id":"https:\/\/1dronas.lt\/en\/produktas\/vifly-shortsaver-v2-smart-smoke-stopper\/#primaryimage"},"thumbnailUrl":"https:\/\/1dronas.lt\/wp-content\/uploads\/2026\/01\/VIFLY-shortsaver-smoke-stopper-image02-min.jpg","datePublished":"2026-01-04T10:59:04+00:00","dateModified":"2026-04-08T08:32:33+00:00","breadcrumb":{"@id":"https:\/\/1dronas.lt\/en\/produktas\/vifly-shortsaver-v2-smart-smoke-stopper\/#breadcrumb"},"inLanguage":"en-US","potentialAction":[{"@type":"ReadAction","target":["https:\/\/1dronas.lt\/en\/produktas\/vifly-shortsaver-v2-smart-smoke-stopper\/"]}]},{"@type":"ImageObject","inLanguage":"en-US","@id":"https:\/\/1dronas.lt\/en\/produktas\/vifly-shortsaver-v2-smart-smoke-stopper\/#primaryimage","url":"https:\/\/1dronas.lt\/wp-content\/uploads\/2026\/01\/VIFLY-shortsaver-smoke-stopper-image02-min.jpg","contentUrl":"https:\/\/1dronas.lt\/wp-content\/uploads\/2026\/01\/VIFLY-shortsaver-smoke-stopper-image02-min.jpg","width":1065,"height":965},{"@type":"BreadcrumbList","@id":"https:\/\/1dronas.lt\/en\/produktas\/vifly-shortsaver-v2-smart-smoke-stopper\/#breadcrumb","itemListElement":[{"@type":"ListItem","position":1,"name":"Home","item":"https:\/\/1dronas.lt\/"},{"@type":"ListItem","position":2,"name":"Parduotuv\u0117","item":"https:\/\/1dronas.lt\/parduotuve\/"},{"@type":"ListItem","position":3,"name":"VIFLY ShortSaver V2 &#8211; Smart Smoke Stopper"}]},{"@type":"WebSite","@id":"https:\/\/1dronas.lt\/en\/#website","url":"https:\/\/1dronas.lt\/en\/","name":"1dronas.lt","description":"Online store","publisher":{"@id":"https:\/\/1dronas.lt\/en\/#organization"},"potentialAction":[{"@type":"SearchAction","target":{"@type":"EntryPoint","urlTemplate":"https:\/\/1dronas.lt\/en\/?s={search_term_string}"},"query-input":{"@type":"PropertyValueSpecification","valueRequired":true,"valueName":"search_term_string"}}],"inLanguage":"en-US"},{"@type":"Organization","@id":"https:\/\/1dronas.lt\/en\/#organization","name":"1dronas.lt","url":"https:\/\/1dronas.lt\/en\/","logo":{"@type":"ImageObject","inLanguage":"en-US","@id":"https:\/\/1dronas.lt\/en\/#\/schema\/logo\/image\/","url":"https:\/\/1dronas.lt\/wp-content\/uploads\/2020\/12\/Ekrano_kopija__2_-removebg-preview-1-1.png","contentUrl":"https:\/\/1dronas.lt\/wp-content\/uploads\/2020\/12\/Ekrano_kopija__2_-removebg-preview-1-1.png","width":234,"height":81,"caption":"1dronas.lt"},"image":{"@id":"https:\/\/1dronas.lt\/en\/#\/schema\/logo\/image\/"},"sameAs":["https:\/\/www.facebook.com\/1dronas\/"]}]}},"jetpack_sharing_enabled":true,"_links":{"self":[{"href":"https:\/\/1dronas.lt\/en\/wp-json\/wp\/v2\/product\/14913","targetHints":{"allow":["GET"]}}],"collection":[{"href":"https:\/\/1dronas.lt\/en\/wp-json\/wp\/v2\/product"}],"about":[{"href":"https:\/\/1dronas.lt\/en\/wp-json\/wp\/v2\/types\/product"}],"replies":[{"embeddable":true,"href":"https:\/\/1dronas.lt\/en\/wp-json\/wp\/v2\/comments?post=14913"}],"wp:featuredmedia":[{"embeddable":true,"href":"https:\/\/1dronas.lt\/en\/wp-json\/wp\/v2\/media\/14916"}],"wp:attachment":[{"href":"https:\/\/1dronas.lt\/en\/wp-json\/wp\/v2\/media?parent=14913"}],"wp:term":[{"taxonomy":"product_brand","embeddable":true,"href":"https:\/\/1dronas.lt\/en\/wp-json\/wp\/v2\/product_brand?post=14913"},{"taxonomy":"product_cat","embeddable":true,"href":"https:\/\/1dronas.lt\/en\/wp-json\/wp\/v2\/product_cat?post=14913"},{"taxonomy":"product_tag","embeddable":true,"href":"https:\/\/1dronas.lt\/en\/wp-json\/wp\/v2\/product_tag?post=14913"}],"curies":[{"name":"wp","href":"https:\/\/api.w.org\/{rel}","templated":true}]}}