{"id":14895,"date":"2026-01-03T19:57:08","date_gmt":"2026-01-03T17:57:08","guid":{"rendered":"https:\/\/1dronas.lt\/?post_type=product&#038;p=14895"},"modified":"2026-02-26T21:17:04","modified_gmt":"2026-02-26T19:17:04","slug":"vifly-finder-v2-fpv-racing-drone-buzzer","status":"publish","type":"product","link":"https:\/\/1dronas.lt\/en\/produktas\/vifly-finder-v2-fpv-racing-drone-buzzer\/","title":{"rendered":"VIFLY Finder V2 - FPV Racing Drone Buzzer"},"content":{"rendered":"<p>VIFLY Finder 2 is a compact and extremely loud drone finder. The device uses advanced ViSense technology, so it can emit an audible signal even when the drone&#039;s main battery is disconnected or discharged. The built-in light sensor automatically controls the LED flashing and activates an energy-saving sleep mode at night so as not to disturb others.<\/p>\n<p><strong>Features:<\/strong><\/p>\n<p data-start=\"160\" data-end=\"417\"><strong>\u2022<\/strong> VIFLY Finder 2 uses advanced ViSense technology, so it can beep even when the main battery is removed. The built-in light sensor automatically adjusts the LED light and puts the buzzer into &quot;sleep mode&quot; at night, saving energy and not disturbing others;<br \/>\n<strong>\u2022<\/strong> The buzzer volume reaches up to 110 dB, so a lost drone can be easily found even from a long distance. The device can be turned off in two ways: by holding the button for 1-5 seconds or by connecting and disconnecting the main battery for 3-6 seconds. When the buzzer is successfully turned off, it will beep three times.<br \/>\n<strong>\u2022<\/strong> VIFLY Finder 2 is compatible with any FPV drone flight controllers and RC airplane receivers. No additional settings are required - the device automatically recognizes the connected device.<\/p>\n<p data-start=\"160\" data-end=\"417\"><strong>Specification:<\/strong><\/p>\n<p data-start=\"160\" data-end=\"417\"><strong>\u2022<\/strong> Weight: 5 g;<br data-start=\"97\" data-end=\"100\" \/><strong>\u2022<\/strong> Battery type: 80 mAh LiPo;<br data-start=\"132\" data-end=\"135\" \/><strong>\u2022<\/strong> Battery capacity: 0.3 Wh;<br data-start=\"195\" data-end=\"198\" \/><strong>\u2022<\/strong> Product dimensions: 2.39 \u00d7 1.6 \u00d7 1.3 cm;<br data-start=\"264\" data-end=\"267\" \/><strong>\u2022<\/strong> Sound level: up to 110 dB;<br data-start=\"294\" data-end=\"297\" \/><strong>\u2022<\/strong> Operating time: up to 30 hours;<br data-start=\"331\" data-end=\"334\" \/><strong>\u2022<\/strong> Product size: 22 \u00d7 13 \u00d7 16 mm.<\/p>\n<p data-start=\"160\" data-end=\"417\"><strong>Wiring Diagram<\/strong><\/p>\n<p data-start=\"160\" data-end=\"417\"><img loading=\"lazy\" decoding=\"async\" class=\"alignnone wp-image-14898 size-large\" src=\"https:\/\/1dronas.lt\/wp-content\/uploads\/2026\/01\/vifly-drone-finder2-drone-buzzer_5-min-1024x239.jpg\" alt=\"\" width=\"1020\" height=\"238\" srcset=\"https:\/\/1dronas.lt\/wp-content\/uploads\/2026\/01\/vifly-drone-finder2-drone-buzzer_5-min-1024x239.jpg 1024w, https:\/\/1dronas.lt\/wp-content\/uploads\/2026\/01\/vifly-drone-finder2-drone-buzzer_5-min-300x70.jpg 300w, https:\/\/1dronas.lt\/wp-content\/uploads\/2026\/01\/vifly-drone-finder2-drone-buzzer_5-min-768x179.jpg 768w, https:\/\/1dronas.lt\/wp-content\/uploads\/2026\/01\/vifly-drone-finder2-drone-buzzer_5-min-18x4.jpg 18w, https:\/\/1dronas.lt\/wp-content\/uploads\/2026\/01\/vifly-drone-finder2-drone-buzzer_5-min-510x119.jpg 510w, https:\/\/1dronas.lt\/wp-content\/uploads\/2026\/01\/vifly-drone-finder2-drone-buzzer_5-min.jpg 1054w\" sizes=\"auto, (max-width: 1020px) 100vw, 1020px\" \/><\/p>\n<p data-start=\"160\" data-end=\"417\"><strong>Package:<\/strong><\/p>\n<p data-start=\"160\" data-end=\"417\">1x VIFLY Finder V2 - FPV Racing Drone Buzzer<\/p>\n<p data-start=\"160\" data-end=\"417\">","protected":false},"excerpt":{"rendered":"<p><span style=\"color: #000000;\">The device uses advanced ViSense technology, so it can emit an audible signal even when the drone&#039;s main battery is disconnected or discharged.<\/span><\/p>\n<p><span style=\"color: #000000;\"><img loading=\"lazy\" decoding=\"async\" class=\"alignnone wp-image-1806\" src=\"https:\/\/1dronas.lt\/wp-content\/uploads\/2021\/05\/delivery-icon.png\" alt=\"\" width=\"24\" height=\"24\" srcset=\"https:\/\/1dronas.lt\/wp-content\/uploads\/2021\/05\/delivery-icon.png 35w, https:\/\/1dronas.lt\/wp-content\/uploads\/2021\/05\/delivery-icon-12x12.png 12w\" sizes=\"auto, (max-width: 24px) 100vw, 24px\" \/> \u00a0<strong>1 \u2013 2 days<\/strong><\/span><\/p>","protected":false},"featured_media":14899,"comment_status":"open","ping_status":"closed","template":"","meta":[],"product_brand":[1082],"product_cat":[219],"product_tag":[1087,1088,1083],"class_list":{"0":"post-14895","1":"product","2":"type-product","3":"status-publish","4":"has-post-thumbnail","6":"product_brand-vifly","7":"product_cat-buzzer","8":"product_tag-finder-v2","9":"product_tag-fpv-racing-drone-buzzer","10":"product_tag-vifly","12":"first","13":"instock","14":"taxable","15":"shipping-taxable","16":"purchasable","17":"product-type-simple"},"yoast_head":"<!-- This site is optimized with the Yoast SEO plugin v27.3 - https:\/\/yoast.com\/product\/yoast-seo-wordpress\/ -->\n<title>VIFLY Finder V2 - FPV Racing Drone Buzzer - 1dronas.lt<\/title>\n<meta name=\"robots\" content=\"index, follow, max-snippet:-1, max-image-preview:large, max-video-preview:-1\" \/>\n<link rel=\"canonical\" href=\"https:\/\/1dronas.lt\/en\/produktas\/vifly-finder-v2-fpv-racing-drone-buzzer\/\" \/>\n<meta property=\"og:locale\" content=\"en_US\" \/>\n<meta property=\"og:type\" content=\"article\" \/>\n<meta property=\"og:title\" content=\"VIFLY Finder V2 - FPV Racing Drone Buzzer - 1dronas.lt\" \/>\n<meta property=\"og:description\" content=\"\u012erenginys naudoja pa\u017eangi\u0105 ViSense technologij\u0105, tod\u0117l gali skleisti garsin\u012f signal\u0105 net ir tada, kai pagrindin\u0117 drono baterija yra atjungta ar i\u0161kritusi.   \u00a01 \u2013 2 d. d.\" \/>\n<meta property=\"og:url\" content=\"https:\/\/1dronas.lt\/en\/produktas\/vifly-finder-v2-fpv-racing-drone-buzzer\/\" \/>\n<meta property=\"og:site_name\" content=\"1dronas.lt\" \/>\n<meta property=\"article:publisher\" content=\"https:\/\/www.facebook.com\/1dronas\/\" \/>\n<meta property=\"article:modified_time\" content=\"2026-02-26T19:17:04+00:00\" \/>\n<meta property=\"og:image\" content=\"https:\/\/1dronas.lt\/wp-content\/uploads\/2026\/01\/VIFLY-Finder-2-drone-buzzer-01-min.jpg\" \/>\n\t<meta property=\"og:image:width\" content=\"698\" \/>\n\t<meta property=\"og:image:height\" content=\"605\" \/>\n\t<meta property=\"og:image:type\" content=\"image\/jpeg\" \/>\n<meta name=\"twitter:card\" content=\"summary_large_image\" \/>\n<meta name=\"twitter:label1\" content=\"Est. reading time\" \/>\n\t<meta name=\"twitter:data1\" content=\"2 minutes\" \/>\n<script type=\"application\/ld+json\" class=\"yoast-schema-graph\">{\"@context\":\"https:\\\/\\\/schema.org\",\"@graph\":[{\"@type\":\"WebPage\",\"@id\":\"https:\\\/\\\/1dronas.lt\\\/en\\\/produktas\\\/vifly-finder-v2-fpv-racing-drone-buzzer\\\/\",\"url\":\"https:\\\/\\\/1dronas.lt\\\/en\\\/produktas\\\/vifly-finder-v2-fpv-racing-drone-buzzer\\\/\",\"name\":\"VIFLY Finder V2 - FPV Racing Drone Buzzer - 1dronas.lt\",\"isPartOf\":{\"@id\":\"https:\\\/\\\/1dronas.lt\\\/en\\\/#website\"},\"primaryImageOfPage\":{\"@id\":\"https:\\\/\\\/1dronas.lt\\\/en\\\/produktas\\\/vifly-finder-v2-fpv-racing-drone-buzzer\\\/#primaryimage\"},\"image\":{\"@id\":\"https:\\\/\\\/1dronas.lt\\\/en\\\/produktas\\\/vifly-finder-v2-fpv-racing-drone-buzzer\\\/#primaryimage\"},\"thumbnailUrl\":\"https:\\\/\\\/1dronas.lt\\\/wp-content\\\/uploads\\\/2026\\\/01\\\/VIFLY-Finder-2-drone-buzzer-01-min.jpg\",\"datePublished\":\"2026-01-03T17:57:08+00:00\",\"dateModified\":\"2026-02-26T19:17:04+00:00\",\"breadcrumb\":{\"@id\":\"https:\\\/\\\/1dronas.lt\\\/en\\\/produktas\\\/vifly-finder-v2-fpv-racing-drone-buzzer\\\/#breadcrumb\"},\"inLanguage\":\"en-US\",\"potentialAction\":[{\"@type\":\"ReadAction\",\"target\":[\"https:\\\/\\\/1dronas.lt\\\/en\\\/produktas\\\/vifly-finder-v2-fpv-racing-drone-buzzer\\\/\"]}]},{\"@type\":\"ImageObject\",\"inLanguage\":\"en-US\",\"@id\":\"https:\\\/\\\/1dronas.lt\\\/en\\\/produktas\\\/vifly-finder-v2-fpv-racing-drone-buzzer\\\/#primaryimage\",\"url\":\"https:\\\/\\\/1dronas.lt\\\/wp-content\\\/uploads\\\/2026\\\/01\\\/VIFLY-Finder-2-drone-buzzer-01-min.jpg\",\"contentUrl\":\"https:\\\/\\\/1dronas.lt\\\/wp-content\\\/uploads\\\/2026\\\/01\\\/VIFLY-Finder-2-drone-buzzer-01-min.jpg\",\"width\":698,\"height\":605},{\"@type\":\"BreadcrumbList\",\"@id\":\"https:\\\/\\\/1dronas.lt\\\/en\\\/produktas\\\/vifly-finder-v2-fpv-racing-drone-buzzer\\\/#breadcrumb\",\"itemListElement\":[{\"@type\":\"ListItem\",\"position\":1,\"name\":\"Home\",\"item\":\"https:\\\/\\\/1dronas.lt\\\/\"},{\"@type\":\"ListItem\",\"position\":2,\"name\":\"Parduotuv\u0117\",\"item\":\"https:\\\/\\\/1dronas.lt\\\/parduotuve\\\/\"},{\"@type\":\"ListItem\",\"position\":3,\"name\":\"VIFLY Finder V2 &#8211; FPV Racing Drone Buzzer\"}]},{\"@type\":\"WebSite\",\"@id\":\"https:\\\/\\\/1dronas.lt\\\/en\\\/#website\",\"url\":\"https:\\\/\\\/1dronas.lt\\\/en\\\/\",\"name\":\"1dronas.lt\",\"description\":\"Internetin\u0117 parduotuv\u0117\",\"publisher\":{\"@id\":\"https:\\\/\\\/1dronas.lt\\\/en\\\/#organization\"},\"potentialAction\":[{\"@type\":\"SearchAction\",\"target\":{\"@type\":\"EntryPoint\",\"urlTemplate\":\"https:\\\/\\\/1dronas.lt\\\/en\\\/?s={search_term_string}\"},\"query-input\":{\"@type\":\"PropertyValueSpecification\",\"valueRequired\":true,\"valueName\":\"search_term_string\"}}],\"inLanguage\":\"en-US\"},{\"@type\":\"Organization\",\"@id\":\"https:\\\/\\\/1dronas.lt\\\/en\\\/#organization\",\"name\":\"1dronas.lt\",\"url\":\"https:\\\/\\\/1dronas.lt\\\/en\\\/\",\"logo\":{\"@type\":\"ImageObject\",\"inLanguage\":\"en-US\",\"@id\":\"https:\\\/\\\/1dronas.lt\\\/en\\\/#\\\/schema\\\/logo\\\/image\\\/\",\"url\":\"https:\\\/\\\/1dronas.lt\\\/wp-content\\\/uploads\\\/2020\\\/12\\\/Ekrano_kopija__2_-removebg-preview-1-1.png\",\"contentUrl\":\"https:\\\/\\\/1dronas.lt\\\/wp-content\\\/uploads\\\/2020\\\/12\\\/Ekrano_kopija__2_-removebg-preview-1-1.png\",\"width\":234,\"height\":81,\"caption\":\"1dronas.lt\"},\"image\":{\"@id\":\"https:\\\/\\\/1dronas.lt\\\/en\\\/#\\\/schema\\\/logo\\\/image\\\/\"},\"sameAs\":[\"https:\\\/\\\/www.facebook.com\\\/1dronas\\\/\"]}]}<\/script>\n<!-- \/ Yoast SEO plugin. -->","yoast_head_json":{"title":"VIFLY Finder V2 - FPV Racing Drone Buzzer - 1dronas.lt","robots":{"index":"index","follow":"follow","max-snippet":"max-snippet:-1","max-image-preview":"max-image-preview:large","max-video-preview":"max-video-preview:-1"},"canonical":"https:\/\/1dronas.lt\/en\/produktas\/vifly-finder-v2-fpv-racing-drone-buzzer\/","og_locale":"en_US","og_type":"article","og_title":"VIFLY Finder V2 - FPV Racing Drone Buzzer - 1dronas.lt","og_description":"\u012erenginys naudoja pa\u017eangi\u0105 ViSense technologij\u0105, tod\u0117l gali skleisti garsin\u012f signal\u0105 net ir tada, kai pagrindin\u0117 drono baterija yra atjungta ar i\u0161kritusi.   \u00a01 \u2013 2 d. d.","og_url":"https:\/\/1dronas.lt\/en\/produktas\/vifly-finder-v2-fpv-racing-drone-buzzer\/","og_site_name":"1dronas.lt","article_publisher":"https:\/\/www.facebook.com\/1dronas\/","article_modified_time":"2026-02-26T19:17:04+00:00","og_image":[{"width":698,"height":605,"url":"https:\/\/1dronas.lt\/wp-content\/uploads\/2026\/01\/VIFLY-Finder-2-drone-buzzer-01-min.jpg","type":"image\/jpeg"}],"twitter_card":"summary_large_image","twitter_misc":{"Est. reading time":"2 minutes"},"schema":{"@context":"https:\/\/schema.org","@graph":[{"@type":"WebPage","@id":"https:\/\/1dronas.lt\/en\/produktas\/vifly-finder-v2-fpv-racing-drone-buzzer\/","url":"https:\/\/1dronas.lt\/en\/produktas\/vifly-finder-v2-fpv-racing-drone-buzzer\/","name":"VIFLY Finder V2 - FPV Racing Drone Buzzer - 1dronas.lt","isPartOf":{"@id":"https:\/\/1dronas.lt\/en\/#website"},"primaryImageOfPage":{"@id":"https:\/\/1dronas.lt\/en\/produktas\/vifly-finder-v2-fpv-racing-drone-buzzer\/#primaryimage"},"image":{"@id":"https:\/\/1dronas.lt\/en\/produktas\/vifly-finder-v2-fpv-racing-drone-buzzer\/#primaryimage"},"thumbnailUrl":"https:\/\/1dronas.lt\/wp-content\/uploads\/2026\/01\/VIFLY-Finder-2-drone-buzzer-01-min.jpg","datePublished":"2026-01-03T17:57:08+00:00","dateModified":"2026-02-26T19:17:04+00:00","breadcrumb":{"@id":"https:\/\/1dronas.lt\/en\/produktas\/vifly-finder-v2-fpv-racing-drone-buzzer\/#breadcrumb"},"inLanguage":"en-US","potentialAction":[{"@type":"ReadAction","target":["https:\/\/1dronas.lt\/en\/produktas\/vifly-finder-v2-fpv-racing-drone-buzzer\/"]}]},{"@type":"ImageObject","inLanguage":"en-US","@id":"https:\/\/1dronas.lt\/en\/produktas\/vifly-finder-v2-fpv-racing-drone-buzzer\/#primaryimage","url":"https:\/\/1dronas.lt\/wp-content\/uploads\/2026\/01\/VIFLY-Finder-2-drone-buzzer-01-min.jpg","contentUrl":"https:\/\/1dronas.lt\/wp-content\/uploads\/2026\/01\/VIFLY-Finder-2-drone-buzzer-01-min.jpg","width":698,"height":605},{"@type":"BreadcrumbList","@id":"https:\/\/1dronas.lt\/en\/produktas\/vifly-finder-v2-fpv-racing-drone-buzzer\/#breadcrumb","itemListElement":[{"@type":"ListItem","position":1,"name":"Home","item":"https:\/\/1dronas.lt\/"},{"@type":"ListItem","position":2,"name":"Parduotuv\u0117","item":"https:\/\/1dronas.lt\/parduotuve\/"},{"@type":"ListItem","position":3,"name":"VIFLY Finder V2 &#8211; FPV Racing Drone Buzzer"}]},{"@type":"WebSite","@id":"https:\/\/1dronas.lt\/en\/#website","url":"https:\/\/1dronas.lt\/en\/","name":"1dronas.lt","description":"Online store","publisher":{"@id":"https:\/\/1dronas.lt\/en\/#organization"},"potentialAction":[{"@type":"SearchAction","target":{"@type":"EntryPoint","urlTemplate":"https:\/\/1dronas.lt\/en\/?s={search_term_string}"},"query-input":{"@type":"PropertyValueSpecification","valueRequired":true,"valueName":"search_term_string"}}],"inLanguage":"en-US"},{"@type":"Organization","@id":"https:\/\/1dronas.lt\/en\/#organization","name":"1dronas.lt","url":"https:\/\/1dronas.lt\/en\/","logo":{"@type":"ImageObject","inLanguage":"en-US","@id":"https:\/\/1dronas.lt\/en\/#\/schema\/logo\/image\/","url":"https:\/\/1dronas.lt\/wp-content\/uploads\/2020\/12\/Ekrano_kopija__2_-removebg-preview-1-1.png","contentUrl":"https:\/\/1dronas.lt\/wp-content\/uploads\/2020\/12\/Ekrano_kopija__2_-removebg-preview-1-1.png","width":234,"height":81,"caption":"1dronas.lt"},"image":{"@id":"https:\/\/1dronas.lt\/en\/#\/schema\/logo\/image\/"},"sameAs":["https:\/\/www.facebook.com\/1dronas\/"]}]}},"jetpack_sharing_enabled":true,"_links":{"self":[{"href":"https:\/\/1dronas.lt\/en\/wp-json\/wp\/v2\/product\/14895","targetHints":{"allow":["GET"]}}],"collection":[{"href":"https:\/\/1dronas.lt\/en\/wp-json\/wp\/v2\/product"}],"about":[{"href":"https:\/\/1dronas.lt\/en\/wp-json\/wp\/v2\/types\/product"}],"replies":[{"embeddable":true,"href":"https:\/\/1dronas.lt\/en\/wp-json\/wp\/v2\/comments?post=14895"}],"wp:featuredmedia":[{"embeddable":true,"href":"https:\/\/1dronas.lt\/en\/wp-json\/wp\/v2\/media\/14899"}],"wp:attachment":[{"href":"https:\/\/1dronas.lt\/en\/wp-json\/wp\/v2\/media?parent=14895"}],"wp:term":[{"taxonomy":"product_brand","embeddable":true,"href":"https:\/\/1dronas.lt\/en\/wp-json\/wp\/v2\/product_brand?post=14895"},{"taxonomy":"product_cat","embeddable":true,"href":"https:\/\/1dronas.lt\/en\/wp-json\/wp\/v2\/product_cat?post=14895"},{"taxonomy":"product_tag","embeddable":true,"href":"https:\/\/1dronas.lt\/en\/wp-json\/wp\/v2\/product_tag?post=14895"}],"curies":[{"name":"wp","href":"https:\/\/api.w.org\/{rel}","templated":true}]}}