{"id":14883,"date":"2026-01-03T17:56:11","date_gmt":"2026-01-03T15:56:11","guid":{"rendered":"https:\/\/1dronas.lt\/?post_type=product&#038;p=14883"},"modified":"2026-04-10T21:42:59","modified_gmt":"2026-04-10T18:42:59","slug":"vifly-whoopstor-3-1s-bateriju-ikroviklis","status":"publish","type":"product","link":"https:\/\/1dronas.lt\/en\/produktas\/vifly-whoopstor-3-1s-bateriju-ikroviklis\/","title":{"rendered":"VIFLY WhoopStor 3 \u2013 1S battery charger"},"content":{"rendered":"<p data-start=\"183\" data-end=\"541\">VIFLY WhoopStor 3 is a compact 1S LiPo charger that allows you to charge or discharge up to 6 batteries simultaneously through separate channels. The device automatically selects the target voltage, so batteries can be of different voltages or capacities. The color LCD screen clearly shows the charging status, and the intuitive interface allows you to easily control the charger. The charging current ranges from 0.3 A to 1.3 A, so you can choose the appropriate current according to the battery size, charging at 2C current is recommended. The device supports multiple power inputs: Type-C (fast charging with PD\/QC protocols 9V\/12V), XT60 and DC, but does not support standard 5V USB charging. WhoopStor 3 remembers the last settings, so you do not need to reset them each time. When charging is complete, the device beeps.<\/p>\n<p><strong>Features:<\/strong><\/p>\n<p data-start=\"169\" data-end=\"332\"><b>\u2022 <\/b>Charging and discharging: One of the first 1S LiPo chargers with storage function. Select the target voltage and the device will automatically charge or discharge the battery;<br \/>\n<b>\u2022 <\/b>Color LCD display: clearly displays charging status, and the intuitive interface makes it easy to operate the charger;<br \/>\n<b>\u2022 <\/b>Fast charging: charging current from 0.3A to 1.3A, can be selected according to battery size; 2C charging current is recommended;<br \/>\n<b>\u2022 <\/b>6 independent channels: batteries can be of different voltages and capacities. You can remove one charged battery and connect another while the others are still charging;<br \/>\n<b>\u2022 <\/b>Multi-power supply: supports Type-C (PD\/QC protocols - fast charging 9V\/12V), XT60 and DC inputs. 5V USB charging is not supported;<br \/>\n<b>\u2022 <\/b>Memory function: remembers the last settings - no need to set the charging current every time;<br \/>\n<b>\u2022 <\/b>Alarm: beep at the end of charging, which can be turned off.<\/p>\n<p data-start=\"169\" data-end=\"332\"><strong>Specification:<\/strong><\/p>\n<p data-start=\"95\" data-end=\"244\"><b>\u2022 <\/b>Dimensions: 108 \u00d7 55 \u00d7 30 mm;<br data-start=\"125\" data-end=\"128\" \/><b>\u2022 <\/b>Weight: 140g;<br data-start=\"145\" data-end=\"148\" \/><b>\u2022 <\/b>Power connectors: XT60, DC (5.5 \u00d7 2.1 mm), USB-C (PD3.0);<br data-start=\"209\" data-end=\"212\" data-is-only-node=\"\" \/><b>\u2022 <\/b>Input voltage range: 6V\u201326V (XT60 for 2S\u20136S batteries, DC) \/ 9V\u201320V (USB-C);<br \/>\n<b>\u2022\u00a0<\/b>Color: White \/ Red \/ Black (Optional)<br data-start=\"300\" data-end=\"303\" \/><b>\u2022 <\/b>Minimum input power: 40 W;<br data-start=\"340\" data-end=\"343\" \/><b>\u2022 <\/b>Maximum charging current: 1.3 A\/port;<br data-start=\"386\" data-end=\"389\" \/><b>\u2022 <\/b>Supported battery connectors: PH2.0 and BT2.0;<br data-start=\"436\" data-end=\"439\" \/><b>\u2022 <\/b>Battery type: LiPo 4.20 V (\u00b10.05 V) \/ LiHV 4.35 V (\u00b10.05 V);<br data-start=\"504\" data-end=\"507\" \/><b>\u2022 <\/b>Holding voltage: 3.80 V (\u00b10.05 V) \/ 3.85 V (\u00b10.05 V);<br data-start=\"562\" data-end=\"565\" \/><b>\u2022 <\/b>Maximum discharge power: 1.1 W\/port.<\/p>\n<p data-start=\"95\" data-end=\"244\"><strong>Package:<\/strong><\/p>\n<p data-start=\"95\" data-end=\"244\">1x VIFLY WhoopStor 3 \u2013 1S battery charger<\/p>\n<p data-start=\"95\" data-end=\"244\"><img loading=\"lazy\" decoding=\"async\" class=\"alignnone wp-image-14885 size-large\" src=\"https:\/\/1dronas.lt\/wp-content\/uploads\/2026\/01\/02-min-1024x1024.jpg\" alt=\"\" width=\"1020\" height=\"1020\" srcset=\"https:\/\/1dronas.lt\/wp-content\/uploads\/2026\/01\/02-min-1024x1024.jpg 1024w, https:\/\/1dronas.lt\/wp-content\/uploads\/2026\/01\/02-min-300x300.jpg 300w, https:\/\/1dronas.lt\/wp-content\/uploads\/2026\/01\/02-min-150x150.jpg 150w, https:\/\/1dronas.lt\/wp-content\/uploads\/2026\/01\/02-min-768x768.jpg 768w, https:\/\/1dronas.lt\/wp-content\/uploads\/2026\/01\/02-min-12x12.jpg 12w, https:\/\/1dronas.lt\/wp-content\/uploads\/2026\/01\/02-min-247x247.jpg 247w, https:\/\/1dronas.lt\/wp-content\/uploads\/2026\/01\/02-min-510x510.jpg 510w, https:\/\/1dronas.lt\/wp-content\/uploads\/2026\/01\/02-min-100x100.jpg 100w, https:\/\/1dronas.lt\/wp-content\/uploads\/2026\/01\/02-min.jpg 1200w\" sizes=\"auto, (max-width: 1020px) 100vw, 1020px\" \/> <img loading=\"lazy\" decoding=\"async\" class=\"alignnone wp-image-14886 size-large\" src=\"https:\/\/1dronas.lt\/wp-content\/uploads\/2026\/01\/03_737d5d5c-e8e5-404e-8990-2fd9a90627c9-min-1024x1024.jpg\" alt=\"\" width=\"1020\" height=\"1020\" srcset=\"https:\/\/1dronas.lt\/wp-content\/uploads\/2026\/01\/03_737d5d5c-e8e5-404e-8990-2fd9a90627c9-min-1024x1024.jpg 1024w, https:\/\/1dronas.lt\/wp-content\/uploads\/2026\/01\/03_737d5d5c-e8e5-404e-8990-2fd9a90627c9-min-300x300.jpg 300w, https:\/\/1dronas.lt\/wp-content\/uploads\/2026\/01\/03_737d5d5c-e8e5-404e-8990-2fd9a90627c9-min-150x150.jpg 150w, https:\/\/1dronas.lt\/wp-content\/uploads\/2026\/01\/03_737d5d5c-e8e5-404e-8990-2fd9a90627c9-min-768x768.jpg 768w, https:\/\/1dronas.lt\/wp-content\/uploads\/2026\/01\/03_737d5d5c-e8e5-404e-8990-2fd9a90627c9-min-12x12.jpg 12w, https:\/\/1dronas.lt\/wp-content\/uploads\/2026\/01\/03_737d5d5c-e8e5-404e-8990-2fd9a90627c9-min-247x247.jpg 247w, https:\/\/1dronas.lt\/wp-content\/uploads\/2026\/01\/03_737d5d5c-e8e5-404e-8990-2fd9a90627c9-min-510x510.jpg 510w, https:\/\/1dronas.lt\/wp-content\/uploads\/2026\/01\/03_737d5d5c-e8e5-404e-8990-2fd9a90627c9-min-100x100.jpg 100w, https:\/\/1dronas.lt\/wp-content\/uploads\/2026\/01\/03_737d5d5c-e8e5-404e-8990-2fd9a90627c9-min.jpg 1200w\" sizes=\"auto, (max-width: 1020px) 100vw, 1020px\" \/> <img loading=\"lazy\" decoding=\"async\" class=\"alignnone wp-image-14887 size-large\" src=\"https:\/\/1dronas.lt\/wp-content\/uploads\/2026\/01\/04-min-1024x1024.jpg\" alt=\"\" width=\"1020\" height=\"1020\" srcset=\"https:\/\/1dronas.lt\/wp-content\/uploads\/2026\/01\/04-min-1024x1024.jpg 1024w, https:\/\/1dronas.lt\/wp-content\/uploads\/2026\/01\/04-min-300x300.jpg 300w, https:\/\/1dronas.lt\/wp-content\/uploads\/2026\/01\/04-min-150x150.jpg 150w, https:\/\/1dronas.lt\/wp-content\/uploads\/2026\/01\/04-min-768x768.jpg 768w, https:\/\/1dronas.lt\/wp-content\/uploads\/2026\/01\/04-min-12x12.jpg 12w, https:\/\/1dronas.lt\/wp-content\/uploads\/2026\/01\/04-min-247x247.jpg 247w, https:\/\/1dronas.lt\/wp-content\/uploads\/2026\/01\/04-min-510x510.jpg 510w, https:\/\/1dronas.lt\/wp-content\/uploads\/2026\/01\/04-min-100x100.jpg 100w, https:\/\/1dronas.lt\/wp-content\/uploads\/2026\/01\/04-min.jpg 1200w\" sizes=\"auto, (max-width: 1020px) 100vw, 1020px\" \/> <img loading=\"lazy\" decoding=\"async\" class=\"alignnone wp-image-14888 size-large\" src=\"https:\/\/1dronas.lt\/wp-content\/uploads\/2026\/01\/05-min-1024x1024.jpg\" alt=\"\" width=\"1020\" height=\"1020\" srcset=\"https:\/\/1dronas.lt\/wp-content\/uploads\/2026\/01\/05-min-1024x1024.jpg 1024w, https:\/\/1dronas.lt\/wp-content\/uploads\/2026\/01\/05-min-300x300.jpg 300w, https:\/\/1dronas.lt\/wp-content\/uploads\/2026\/01\/05-min-150x150.jpg 150w, https:\/\/1dronas.lt\/wp-content\/uploads\/2026\/01\/05-min-768x768.jpg 768w, https:\/\/1dronas.lt\/wp-content\/uploads\/2026\/01\/05-min-12x12.jpg 12w, https:\/\/1dronas.lt\/wp-content\/uploads\/2026\/01\/05-min-247x247.jpg 247w, https:\/\/1dronas.lt\/wp-content\/uploads\/2026\/01\/05-min-510x510.jpg 510w, https:\/\/1dronas.lt\/wp-content\/uploads\/2026\/01\/05-min-100x100.jpg 100w, https:\/\/1dronas.lt\/wp-content\/uploads\/2026\/01\/05-min.jpg 1200w\" sizes=\"auto, (max-width: 1020px) 100vw, 1020px\" \/><\/p>","protected":false},"excerpt":{"rendered":"<p><span style=\"color: #000000;\">The device automatically selects the target voltage, so batteries of different voltages or capacities can be used. The color LCD screen clearly shows the charging status, and the simple interface makes it easy to operate the charger.<\/span><\/p>\n<p><span style=\"color: #000000;\"><strong><img loading=\"lazy\" decoding=\"async\" class=\"alignnone wp-image-1806\" src=\"https:\/\/1dronas.lt\/wp-content\/uploads\/2021\/05\/delivery-icon.png\" alt=\"\" width=\"24\" height=\"24\" srcset=\"https:\/\/1dronas.lt\/wp-content\/uploads\/2021\/05\/delivery-icon.png 35w, https:\/\/1dronas.lt\/wp-content\/uploads\/2021\/05\/delivery-icon-12x12.png 12w\" sizes=\"auto, (max-width: 24px) 100vw, 24px\" \/> 1 \u2013 2 days<\/strong><\/span><\/p>","protected":false},"featured_media":14939,"comment_status":"open","ping_status":"closed","template":"","meta":[],"product_brand":[1082],"product_cat":[157],"product_tag":[95,166,96,575,100,1083,1086],"class_list":{"0":"post-14883","1":"product","2":"type-product","3":"status-publish","4":"has-post-thumbnail","6":"product_brand-vifly","7":"product_cat-ikrovikliai","8":"product_tag-1s","9":"product_tag-6-jungciu-1s-bateriju-ikroviklis","10":"product_tag-bt2-0","11":"product_tag-lcd","12":"product_tag-ph2-0","13":"product_tag-vifly","14":"product_tag-whoopstor-3","16":"first","17":"instock","18":"taxable","19":"shipping-taxable","20":"purchasable","21":"product-type-variable","22":"has-default-attributes"},"yoast_head":"<!-- This site is optimized with the Yoast SEO plugin v27.3 - https:\/\/yoast.com\/product\/yoast-seo-wordpress\/ -->\n<title>VIFLY WhoopStor 3 - 1S baterij\u0173 \u012fkroviklis - 1dronas.lt<\/title>\n<meta name=\"robots\" content=\"index, follow, max-snippet:-1, max-image-preview:large, max-video-preview:-1\" \/>\n<link rel=\"canonical\" href=\"https:\/\/1dronas.lt\/en\/produktas\/vifly-whoopstor-3-1s-bateriju-ikroviklis\/\" \/>\n<meta property=\"og:locale\" content=\"en_US\" \/>\n<meta property=\"og:type\" content=\"article\" \/>\n<meta property=\"og:title\" content=\"VIFLY WhoopStor 3 - 1S baterij\u0173 \u012fkroviklis - 1dronas.lt\" \/>\n<meta property=\"og:description\" content=\"\u012erenginys automati\u0161kai parenka tikslin\u0119 \u012ftamp\u0105, tod\u0117l baterijos gali b\u016bti skirtingos \u012ftampos ar talpos. Spalvotas LCD ekranas ai\u0161kiai rodo \u012fkrovimo b\u016bsen\u0105, o paprasta s\u0105saja leid\u017eia lengvai valdyti \u012fkrovikl\u012f.   1 \u2013 2 d. d.\" \/>\n<meta property=\"og:url\" content=\"https:\/\/1dronas.lt\/en\/produktas\/vifly-whoopstor-3-1s-bateriju-ikroviklis\/\" \/>\n<meta property=\"og:site_name\" content=\"1dronas.lt\" \/>\n<meta property=\"article:publisher\" content=\"https:\/\/www.facebook.com\/1dronas\/\" \/>\n<meta property=\"article:modified_time\" content=\"2026-04-10T18:42:59+00:00\" \/>\n<meta property=\"og:image\" content=\"https:\/\/1dronas.lt\/wp-content\/uploads\/2026\/01\/vifly-whoopstor-3-white.jpg\" \/>\n\t<meta property=\"og:image:width\" content=\"1000\" \/>\n\t<meta property=\"og:image:height\" content=\"1000\" \/>\n\t<meta property=\"og:image:type\" content=\"image\/jpeg\" \/>\n<meta name=\"twitter:card\" content=\"summary_large_image\" \/>\n<meta name=\"twitter:label1\" content=\"Est. reading time\" \/>\n\t<meta name=\"twitter:data1\" content=\"3 minutes\" \/>\n<script type=\"application\/ld+json\" class=\"yoast-schema-graph\">{\"@context\":\"https:\\\/\\\/schema.org\",\"@graph\":[{\"@type\":\"WebPage\",\"@id\":\"https:\\\/\\\/1dronas.lt\\\/en\\\/produktas\\\/vifly-whoopstor-3-1s-bateriju-ikroviklis\\\/\",\"url\":\"https:\\\/\\\/1dronas.lt\\\/en\\\/produktas\\\/vifly-whoopstor-3-1s-bateriju-ikroviklis\\\/\",\"name\":\"VIFLY WhoopStor 3 - 1S baterij\u0173 \u012fkroviklis - 1dronas.lt\",\"isPartOf\":{\"@id\":\"https:\\\/\\\/1dronas.lt\\\/en\\\/#website\"},\"primaryImageOfPage\":{\"@id\":\"https:\\\/\\\/1dronas.lt\\\/en\\\/produktas\\\/vifly-whoopstor-3-1s-bateriju-ikroviklis\\\/#primaryimage\"},\"image\":{\"@id\":\"https:\\\/\\\/1dronas.lt\\\/en\\\/produktas\\\/vifly-whoopstor-3-1s-bateriju-ikroviklis\\\/#primaryimage\"},\"thumbnailUrl\":\"https:\\\/\\\/1dronas.lt\\\/wp-content\\\/uploads\\\/2026\\\/01\\\/vifly-whoopstor-3-white.jpg\",\"datePublished\":\"2026-01-03T15:56:11+00:00\",\"dateModified\":\"2026-04-10T18:42:59+00:00\",\"breadcrumb\":{\"@id\":\"https:\\\/\\\/1dronas.lt\\\/en\\\/produktas\\\/vifly-whoopstor-3-1s-bateriju-ikroviklis\\\/#breadcrumb\"},\"inLanguage\":\"en-US\",\"potentialAction\":[{\"@type\":\"ReadAction\",\"target\":[\"https:\\\/\\\/1dronas.lt\\\/en\\\/produktas\\\/vifly-whoopstor-3-1s-bateriju-ikroviklis\\\/\"]}]},{\"@type\":\"ImageObject\",\"inLanguage\":\"en-US\",\"@id\":\"https:\\\/\\\/1dronas.lt\\\/en\\\/produktas\\\/vifly-whoopstor-3-1s-bateriju-ikroviklis\\\/#primaryimage\",\"url\":\"https:\\\/\\\/1dronas.lt\\\/wp-content\\\/uploads\\\/2026\\\/01\\\/vifly-whoopstor-3-white.jpg\",\"contentUrl\":\"https:\\\/\\\/1dronas.lt\\\/wp-content\\\/uploads\\\/2026\\\/01\\\/vifly-whoopstor-3-white.jpg\",\"width\":1000,\"height\":1000},{\"@type\":\"BreadcrumbList\",\"@id\":\"https:\\\/\\\/1dronas.lt\\\/en\\\/produktas\\\/vifly-whoopstor-3-1s-bateriju-ikroviklis\\\/#breadcrumb\",\"itemListElement\":[{\"@type\":\"ListItem\",\"position\":1,\"name\":\"Home\",\"item\":\"https:\\\/\\\/1dronas.lt\\\/\"},{\"@type\":\"ListItem\",\"position\":2,\"name\":\"Parduotuv\u0117\",\"item\":\"https:\\\/\\\/1dronas.lt\\\/parduotuve\\\/\"},{\"@type\":\"ListItem\",\"position\":3,\"name\":\"VIFLY WhoopStor 3 &#8211; 1S baterij\u0173 \u012fkroviklis\"}]},{\"@type\":\"WebSite\",\"@id\":\"https:\\\/\\\/1dronas.lt\\\/en\\\/#website\",\"url\":\"https:\\\/\\\/1dronas.lt\\\/en\\\/\",\"name\":\"1dronas.lt\",\"description\":\"Internetin\u0117 parduotuv\u0117\",\"publisher\":{\"@id\":\"https:\\\/\\\/1dronas.lt\\\/en\\\/#organization\"},\"potentialAction\":[{\"@type\":\"SearchAction\",\"target\":{\"@type\":\"EntryPoint\",\"urlTemplate\":\"https:\\\/\\\/1dronas.lt\\\/en\\\/?s={search_term_string}\"},\"query-input\":{\"@type\":\"PropertyValueSpecification\",\"valueRequired\":true,\"valueName\":\"search_term_string\"}}],\"inLanguage\":\"en-US\"},{\"@type\":\"Organization\",\"@id\":\"https:\\\/\\\/1dronas.lt\\\/en\\\/#organization\",\"name\":\"1dronas.lt\",\"url\":\"https:\\\/\\\/1dronas.lt\\\/en\\\/\",\"logo\":{\"@type\":\"ImageObject\",\"inLanguage\":\"en-US\",\"@id\":\"https:\\\/\\\/1dronas.lt\\\/en\\\/#\\\/schema\\\/logo\\\/image\\\/\",\"url\":\"https:\\\/\\\/1dronas.lt\\\/wp-content\\\/uploads\\\/2020\\\/12\\\/Ekrano_kopija__2_-removebg-preview-1-1.png\",\"contentUrl\":\"https:\\\/\\\/1dronas.lt\\\/wp-content\\\/uploads\\\/2020\\\/12\\\/Ekrano_kopija__2_-removebg-preview-1-1.png\",\"width\":234,\"height\":81,\"caption\":\"1dronas.lt\"},\"image\":{\"@id\":\"https:\\\/\\\/1dronas.lt\\\/en\\\/#\\\/schema\\\/logo\\\/image\\\/\"},\"sameAs\":[\"https:\\\/\\\/www.facebook.com\\\/1dronas\\\/\"]}]}<\/script>\n<!-- \/ Yoast SEO plugin. -->","yoast_head_json":{"title":"VIFLY WhoopStor 3 - 1S baterij\u0173 \u012fkroviklis - 1dronas.lt","robots":{"index":"index","follow":"follow","max-snippet":"max-snippet:-1","max-image-preview":"max-image-preview:large","max-video-preview":"max-video-preview:-1"},"canonical":"https:\/\/1dronas.lt\/en\/produktas\/vifly-whoopstor-3-1s-bateriju-ikroviklis\/","og_locale":"en_US","og_type":"article","og_title":"VIFLY WhoopStor 3 - 1S baterij\u0173 \u012fkroviklis - 1dronas.lt","og_description":"\u012erenginys automati\u0161kai parenka tikslin\u0119 \u012ftamp\u0105, tod\u0117l baterijos gali b\u016bti skirtingos \u012ftampos ar talpos. Spalvotas LCD ekranas ai\u0161kiai rodo \u012fkrovimo b\u016bsen\u0105, o paprasta s\u0105saja leid\u017eia lengvai valdyti \u012fkrovikl\u012f.   1 \u2013 2 d. d.","og_url":"https:\/\/1dronas.lt\/en\/produktas\/vifly-whoopstor-3-1s-bateriju-ikroviklis\/","og_site_name":"1dronas.lt","article_publisher":"https:\/\/www.facebook.com\/1dronas\/","article_modified_time":"2026-04-10T18:42:59+00:00","og_image":[{"width":1000,"height":1000,"url":"https:\/\/1dronas.lt\/wp-content\/uploads\/2026\/01\/vifly-whoopstor-3-white.jpg","type":"image\/jpeg"}],"twitter_card":"summary_large_image","twitter_misc":{"Est. reading time":"3 minutes"},"schema":{"@context":"https:\/\/schema.org","@graph":[{"@type":"WebPage","@id":"https:\/\/1dronas.lt\/en\/produktas\/vifly-whoopstor-3-1s-bateriju-ikroviklis\/","url":"https:\/\/1dronas.lt\/en\/produktas\/vifly-whoopstor-3-1s-bateriju-ikroviklis\/","name":"VIFLY WhoopStor 3 - 1S baterij\u0173 \u012fkroviklis - 1dronas.lt","isPartOf":{"@id":"https:\/\/1dronas.lt\/en\/#website"},"primaryImageOfPage":{"@id":"https:\/\/1dronas.lt\/en\/produktas\/vifly-whoopstor-3-1s-bateriju-ikroviklis\/#primaryimage"},"image":{"@id":"https:\/\/1dronas.lt\/en\/produktas\/vifly-whoopstor-3-1s-bateriju-ikroviklis\/#primaryimage"},"thumbnailUrl":"https:\/\/1dronas.lt\/wp-content\/uploads\/2026\/01\/vifly-whoopstor-3-white.jpg","datePublished":"2026-01-03T15:56:11+00:00","dateModified":"2026-04-10T18:42:59+00:00","breadcrumb":{"@id":"https:\/\/1dronas.lt\/en\/produktas\/vifly-whoopstor-3-1s-bateriju-ikroviklis\/#breadcrumb"},"inLanguage":"en-US","potentialAction":[{"@type":"ReadAction","target":["https:\/\/1dronas.lt\/en\/produktas\/vifly-whoopstor-3-1s-bateriju-ikroviklis\/"]}]},{"@type":"ImageObject","inLanguage":"en-US","@id":"https:\/\/1dronas.lt\/en\/produktas\/vifly-whoopstor-3-1s-bateriju-ikroviklis\/#primaryimage","url":"https:\/\/1dronas.lt\/wp-content\/uploads\/2026\/01\/vifly-whoopstor-3-white.jpg","contentUrl":"https:\/\/1dronas.lt\/wp-content\/uploads\/2026\/01\/vifly-whoopstor-3-white.jpg","width":1000,"height":1000},{"@type":"BreadcrumbList","@id":"https:\/\/1dronas.lt\/en\/produktas\/vifly-whoopstor-3-1s-bateriju-ikroviklis\/#breadcrumb","itemListElement":[{"@type":"ListItem","position":1,"name":"Home","item":"https:\/\/1dronas.lt\/"},{"@type":"ListItem","position":2,"name":"Parduotuv\u0117","item":"https:\/\/1dronas.lt\/parduotuve\/"},{"@type":"ListItem","position":3,"name":"VIFLY WhoopStor 3 &#8211; 1S baterij\u0173 \u012fkroviklis"}]},{"@type":"WebSite","@id":"https:\/\/1dronas.lt\/en\/#website","url":"https:\/\/1dronas.lt\/en\/","name":"1dronas.lt","description":"Online store","publisher":{"@id":"https:\/\/1dronas.lt\/en\/#organization"},"potentialAction":[{"@type":"SearchAction","target":{"@type":"EntryPoint","urlTemplate":"https:\/\/1dronas.lt\/en\/?s={search_term_string}"},"query-input":{"@type":"PropertyValueSpecification","valueRequired":true,"valueName":"search_term_string"}}],"inLanguage":"en-US"},{"@type":"Organization","@id":"https:\/\/1dronas.lt\/en\/#organization","name":"1dronas.lt","url":"https:\/\/1dronas.lt\/en\/","logo":{"@type":"ImageObject","inLanguage":"en-US","@id":"https:\/\/1dronas.lt\/en\/#\/schema\/logo\/image\/","url":"https:\/\/1dronas.lt\/wp-content\/uploads\/2020\/12\/Ekrano_kopija__2_-removebg-preview-1-1.png","contentUrl":"https:\/\/1dronas.lt\/wp-content\/uploads\/2020\/12\/Ekrano_kopija__2_-removebg-preview-1-1.png","width":234,"height":81,"caption":"1dronas.lt"},"image":{"@id":"https:\/\/1dronas.lt\/en\/#\/schema\/logo\/image\/"},"sameAs":["https:\/\/www.facebook.com\/1dronas\/"]}]}},"jetpack_sharing_enabled":true,"_links":{"self":[{"href":"https:\/\/1dronas.lt\/en\/wp-json\/wp\/v2\/product\/14883","targetHints":{"allow":["GET"]}}],"collection":[{"href":"https:\/\/1dronas.lt\/en\/wp-json\/wp\/v2\/product"}],"about":[{"href":"https:\/\/1dronas.lt\/en\/wp-json\/wp\/v2\/types\/product"}],"replies":[{"embeddable":true,"href":"https:\/\/1dronas.lt\/en\/wp-json\/wp\/v2\/comments?post=14883"}],"wp:featuredmedia":[{"embeddable":true,"href":"https:\/\/1dronas.lt\/en\/wp-json\/wp\/v2\/media\/14939"}],"wp:attachment":[{"href":"https:\/\/1dronas.lt\/en\/wp-json\/wp\/v2\/media?parent=14883"}],"wp:term":[{"taxonomy":"product_brand","embeddable":true,"href":"https:\/\/1dronas.lt\/en\/wp-json\/wp\/v2\/product_brand?post=14883"},{"taxonomy":"product_cat","embeddable":true,"href":"https:\/\/1dronas.lt\/en\/wp-json\/wp\/v2\/product_cat?post=14883"},{"taxonomy":"product_tag","embeddable":true,"href":"https:\/\/1dronas.lt\/en\/wp-json\/wp\/v2\/product_tag?post=14883"}],"curies":[{"name":"wp","href":"https:\/\/api.w.org\/{rel}","templated":true}]}}