{"id":14870,"date":"2026-01-03T17:03:04","date_gmt":"2026-01-03T15:03:04","guid":{"rendered":"https:\/\/1dronas.lt\/?post_type=product&#038;p=14870"},"modified":"2026-03-31T11:03:17","modified_gmt":"2026-03-31T08:03:17","slug":"vifly-toothstor-4-jungciu-2s-bateriju-ikroviklis","status":"publish","type":"product","link":"https:\/\/1dronas.lt\/en\/produktas\/vifly-toothstor-4-jungciu-2s-bateriju-ikroviklis\/","title":{"rendered":"VIFLY ToothStor \u2013 4 Port 2S Battery Charger"},"content":{"rendered":"<p data-start=\"97\" data-end=\"304\">VIFLY ToothStor is a compact and powerful 4-port 2S battery balance charger that allows you to charge or prepare for storage up to 4 LiPo\/LiHV 2S batteries simultaneously. The device has separate channels for each battery \u2014 batteries can be of different voltage or capacity. The LCD display and intuitive interface ensure easy operation, and multiple power connectors provide greater versatility of use.<\/p>\n<p data-start=\"97\" data-end=\"304\"><strong>Features:<\/strong><\/p>\n<p data-start=\"97\" data-end=\"304\">\u2022 4-channel 2S balance charger with storage mode \u2013 you can charge four batteries at the same time, regardless of their voltage or size. Can be fully charged or prepared for long-term storage;<br \/>\n\u2022 Color LCD screen and intuitive interface \u2013 charging status is clearly visible, and operation is very simple;<br \/>\n\u2022 Charging only via the balancing connector \u2013 no need to connect additional power cables (XT30, T-plugs, etc.);<br \/>\n\u2022 Effective heat dissipation \u2013 fan prevents overheating and speeds up discharge;<br \/>\n\u2022 Multi-power supply \u2013 supports Type-C (PD3.0, &gt;65W), XT60 and DC inputs;<br \/>\n\u2022 Memory function \u2013 the device remembers the last settings;<br \/>\n\u2022 Buzzer signal \u2013 a signal indicating the end of charging, which can be turned off if necessary.<\/p>\n<p data-start=\"97\" data-end=\"304\"><strong>Specification:<\/strong><\/p>\n<p data-start=\"82\" data-end=\"561\">\u2022 Dimensions: 109 \u00d7 56 \u00d7 30 mm;<br data-start=\"112\" data-end=\"115\" \/>\u2022 Weight: 142 g;<br data-start=\"132\" data-end=\"135\" \/>\u2022 Power connectors: XT60, DC (5.5 \u00d7 2.1 mm), USB-C (PD3.0);<br data-start=\"196\" data-end=\"199\" \/>\u2022 Input voltage range: 10 V \u2013 26 V;<br data-start=\"241\" data-end=\"244\" \/>\u2022 Minimum input power: 65 W;<br data-start=\"281\" data-end=\"284\" \/>\u2022 Maximum charging current: 1.5 A\/channel;<br data-start=\"328\" data-end=\"331\" \/>\u2022 Supported battery connectors: XH2.54 3Pin and BT3.0;<br data-start=\"384\" data-end=\"387\" \/>\u2022 Battery type: LiHV \/ LiPo;<br data-start=\"418\" data-end=\"421\" \/>\u2022 Storage voltage: 3.80V\/cell \/ 3.85 V\/cell;<br data-start=\"481\" data-end=\"484\" \/>\u2022 Maximum discharge current: 0.2 A \/ port;<br data-start=\"528\" data-end=\"531\" \/>\u2022 Balancing current: 0.2 A.<\/p>\n<p data-start=\"82\" data-end=\"561\"><strong>Package:<\/strong><\/p>\n<p data-start=\"82\" data-end=\"561\">1x VIFLY ToothStor \u2013 4 Port 2S Battery Charger.<\/p>\n<p data-start=\"82\" data-end=\"561\"><img loading=\"lazy\" decoding=\"async\" class=\"alignnone wp-image-14873 size-large\" src=\"https:\/\/1dronas.lt\/wp-content\/uploads\/2026\/01\/02_b6b630a2-3e09-4c69-8bba-a6a68a3d6471-min-1024x1024.jpg\" alt=\"\" width=\"1020\" height=\"1020\" srcset=\"https:\/\/1dronas.lt\/wp-content\/uploads\/2026\/01\/02_b6b630a2-3e09-4c69-8bba-a6a68a3d6471-min-1024x1024.jpg 1024w, https:\/\/1dronas.lt\/wp-content\/uploads\/2026\/01\/02_b6b630a2-3e09-4c69-8bba-a6a68a3d6471-min-300x300.jpg 300w, https:\/\/1dronas.lt\/wp-content\/uploads\/2026\/01\/02_b6b630a2-3e09-4c69-8bba-a6a68a3d6471-min-150x150.jpg 150w, https:\/\/1dronas.lt\/wp-content\/uploads\/2026\/01\/02_b6b630a2-3e09-4c69-8bba-a6a68a3d6471-min-768x768.jpg 768w, https:\/\/1dronas.lt\/wp-content\/uploads\/2026\/01\/02_b6b630a2-3e09-4c69-8bba-a6a68a3d6471-min-12x12.jpg 12w, https:\/\/1dronas.lt\/wp-content\/uploads\/2026\/01\/02_b6b630a2-3e09-4c69-8bba-a6a68a3d6471-min-247x247.jpg 247w, https:\/\/1dronas.lt\/wp-content\/uploads\/2026\/01\/02_b6b630a2-3e09-4c69-8bba-a6a68a3d6471-min-510x510.jpg 510w, https:\/\/1dronas.lt\/wp-content\/uploads\/2026\/01\/02_b6b630a2-3e09-4c69-8bba-a6a68a3d6471-min-100x100.jpg 100w, https:\/\/1dronas.lt\/wp-content\/uploads\/2026\/01\/02_b6b630a2-3e09-4c69-8bba-a6a68a3d6471-min.jpg 1200w\" sizes=\"auto, (max-width: 1020px) 100vw, 1020px\" \/> <img loading=\"lazy\" decoding=\"async\" class=\"alignnone wp-image-14874 size-large\" src=\"https:\/\/1dronas.lt\/wp-content\/uploads\/2026\/01\/03_49814b76-1e11-4e09-9099-864572493e9f-min-1024x1024.jpg\" alt=\"\" width=\"1020\" height=\"1020\" srcset=\"https:\/\/1dronas.lt\/wp-content\/uploads\/2026\/01\/03_49814b76-1e11-4e09-9099-864572493e9f-min-1024x1024.jpg 1024w, https:\/\/1dronas.lt\/wp-content\/uploads\/2026\/01\/03_49814b76-1e11-4e09-9099-864572493e9f-min-300x300.jpg 300w, https:\/\/1dronas.lt\/wp-content\/uploads\/2026\/01\/03_49814b76-1e11-4e09-9099-864572493e9f-min-150x150.jpg 150w, https:\/\/1dronas.lt\/wp-content\/uploads\/2026\/01\/03_49814b76-1e11-4e09-9099-864572493e9f-min-768x768.jpg 768w, https:\/\/1dronas.lt\/wp-content\/uploads\/2026\/01\/03_49814b76-1e11-4e09-9099-864572493e9f-min-12x12.jpg 12w, https:\/\/1dronas.lt\/wp-content\/uploads\/2026\/01\/03_49814b76-1e11-4e09-9099-864572493e9f-min-247x247.jpg 247w, https:\/\/1dronas.lt\/wp-content\/uploads\/2026\/01\/03_49814b76-1e11-4e09-9099-864572493e9f-min-510x510.jpg 510w, https:\/\/1dronas.lt\/wp-content\/uploads\/2026\/01\/03_49814b76-1e11-4e09-9099-864572493e9f-min-100x100.jpg 100w, https:\/\/1dronas.lt\/wp-content\/uploads\/2026\/01\/03_49814b76-1e11-4e09-9099-864572493e9f-min.jpg 1200w\" sizes=\"auto, (max-width: 1020px) 100vw, 1020px\" \/> <img loading=\"lazy\" decoding=\"async\" class=\"alignnone wp-image-14875 size-large\" src=\"https:\/\/1dronas.lt\/wp-content\/uploads\/2026\/01\/04_75837e5c-eb56-4a77-9871-20e3bf7b7f8d-min-1024x1024.jpg\" alt=\"\" width=\"1020\" height=\"1020\" srcset=\"https:\/\/1dronas.lt\/wp-content\/uploads\/2026\/01\/04_75837e5c-eb56-4a77-9871-20e3bf7b7f8d-min-1024x1024.jpg 1024w, https:\/\/1dronas.lt\/wp-content\/uploads\/2026\/01\/04_75837e5c-eb56-4a77-9871-20e3bf7b7f8d-min-300x300.jpg 300w, https:\/\/1dronas.lt\/wp-content\/uploads\/2026\/01\/04_75837e5c-eb56-4a77-9871-20e3bf7b7f8d-min-150x150.jpg 150w, https:\/\/1dronas.lt\/wp-content\/uploads\/2026\/01\/04_75837e5c-eb56-4a77-9871-20e3bf7b7f8d-min-768x768.jpg 768w, https:\/\/1dronas.lt\/wp-content\/uploads\/2026\/01\/04_75837e5c-eb56-4a77-9871-20e3bf7b7f8d-min-12x12.jpg 12w, https:\/\/1dronas.lt\/wp-content\/uploads\/2026\/01\/04_75837e5c-eb56-4a77-9871-20e3bf7b7f8d-min-247x247.jpg 247w, https:\/\/1dronas.lt\/wp-content\/uploads\/2026\/01\/04_75837e5c-eb56-4a77-9871-20e3bf7b7f8d-min-510x510.jpg 510w, https:\/\/1dronas.lt\/wp-content\/uploads\/2026\/01\/04_75837e5c-eb56-4a77-9871-20e3bf7b7f8d-min-100x100.jpg 100w, https:\/\/1dronas.lt\/wp-content\/uploads\/2026\/01\/04_75837e5c-eb56-4a77-9871-20e3bf7b7f8d-min.jpg 1200w\" sizes=\"auto, (max-width: 1020px) 100vw, 1020px\" \/> <img loading=\"lazy\" decoding=\"async\" class=\"alignnone wp-image-14876 size-large\" src=\"https:\/\/1dronas.lt\/wp-content\/uploads\/2026\/01\/05_b6b1c42b-4c50-4d97-af4d-4be35596612f-min-1024x1024.jpg\" alt=\"\" width=\"1020\" height=\"1020\" srcset=\"https:\/\/1dronas.lt\/wp-content\/uploads\/2026\/01\/05_b6b1c42b-4c50-4d97-af4d-4be35596612f-min-1024x1024.jpg 1024w, https:\/\/1dronas.lt\/wp-content\/uploads\/2026\/01\/05_b6b1c42b-4c50-4d97-af4d-4be35596612f-min-300x300.jpg 300w, https:\/\/1dronas.lt\/wp-content\/uploads\/2026\/01\/05_b6b1c42b-4c50-4d97-af4d-4be35596612f-min-150x150.jpg 150w, https:\/\/1dronas.lt\/wp-content\/uploads\/2026\/01\/05_b6b1c42b-4c50-4d97-af4d-4be35596612f-min-768x768.jpg 768w, https:\/\/1dronas.lt\/wp-content\/uploads\/2026\/01\/05_b6b1c42b-4c50-4d97-af4d-4be35596612f-min-12x12.jpg 12w, https:\/\/1dronas.lt\/wp-content\/uploads\/2026\/01\/05_b6b1c42b-4c50-4d97-af4d-4be35596612f-min-247x247.jpg 247w, https:\/\/1dronas.lt\/wp-content\/uploads\/2026\/01\/05_b6b1c42b-4c50-4d97-af4d-4be35596612f-min-510x510.jpg 510w, https:\/\/1dronas.lt\/wp-content\/uploads\/2026\/01\/05_b6b1c42b-4c50-4d97-af4d-4be35596612f-min-100x100.jpg 100w, https:\/\/1dronas.lt\/wp-content\/uploads\/2026\/01\/05_b6b1c42b-4c50-4d97-af4d-4be35596612f-min.jpg 1200w\" sizes=\"auto, (max-width: 1020px) 100vw, 1020px\" \/><\/p>","protected":false},"excerpt":{"rendered":"<p><span style=\"color: #000000;\">VIFLY ToothStor is a compact and powerful 4-terminal 2S battery balance charger that allows you to simultaneously charge or prepare for storage up to 4 LiPo\/LiHV 2S batteries.<\/span><\/p>\n<p><span style=\"color: #000000;\"><strong><img loading=\"lazy\" decoding=\"async\" class=\"alignnone wp-image-1806\" src=\"https:\/\/1dronas.lt\/wp-content\/uploads\/2021\/05\/delivery-icon.png\" alt=\"\" width=\"24\" height=\"24\" srcset=\"https:\/\/1dronas.lt\/wp-content\/uploads\/2021\/05\/delivery-icon.png 35w, https:\/\/1dronas.lt\/wp-content\/uploads\/2021\/05\/delivery-icon-12x12.png 12w\" sizes=\"auto, (max-width: 24px) 100vw, 24px\" \/>\u00a0 1 \u2013 2 days<\/strong><\/span><\/p>","protected":false},"featured_media":14938,"comment_status":"open","ping_status":"closed","template":"","meta":[],"product_brand":[1082],"product_cat":[157],"product_tag":[138,1085,575,587,1084,1083],"class_list":{"0":"post-14870","1":"product","2":"type-product","3":"status-publish","4":"has-post-thumbnail","6":"product_brand-vifly","7":"product_cat-ikrovikliai","8":"product_tag-2s","9":"product_tag-4-jungciu-2s-bateriju-ikroviklis","10":"product_tag-lcd","11":"product_tag-smart-charger","12":"product_tag-toothstor","13":"product_tag-vifly","15":"first","16":"instock","17":"taxable","18":"shipping-taxable","19":"purchasable","20":"product-type-simple"},"yoast_head":"<!-- This site is optimized with the Yoast SEO plugin v27.3 - https:\/\/yoast.com\/product\/yoast-seo-wordpress\/ -->\n<title>VIFLY ToothStor - 4 Jung\u010di\u0173 2S baterij\u0173 \u012fkroviklis - 1dronas.lt<\/title>\n<meta name=\"robots\" content=\"index, follow, max-snippet:-1, max-image-preview:large, max-video-preview:-1\" \/>\n<link rel=\"canonical\" href=\"https:\/\/1dronas.lt\/en\/produktas\/vifly-toothstor-4-jungciu-2s-bateriju-ikroviklis\/\" \/>\n<meta property=\"og:locale\" content=\"en_US\" \/>\n<meta property=\"og:type\" content=\"article\" \/>\n<meta property=\"og:title\" content=\"VIFLY ToothStor - 4 Jung\u010di\u0173 2S baterij\u0173 \u012fkroviklis - 1dronas.lt\" \/>\n<meta property=\"og:description\" content=\"VIFLY ToothStor yra kompakti\u0161kas ir galingas 4\u2011jung\u010di\u0173 2S baterij\u0173 balansavimo \u012fkroviklis, leid\u017eiantis vienu metu \u012fkrauti arba paruo\u0161ti saugojimui iki 4 LiPo\/LiHV 2S akumuliatori\u0173.  \u00a0 1 \u2013 2 d.d.\" \/>\n<meta property=\"og:url\" content=\"https:\/\/1dronas.lt\/en\/produktas\/vifly-toothstor-4-jungciu-2s-bateriju-ikroviklis\/\" \/>\n<meta property=\"og:site_name\" content=\"1dronas.lt\" \/>\n<meta property=\"article:publisher\" content=\"https:\/\/www.facebook.com\/1dronas\/\" \/>\n<meta property=\"article:modified_time\" content=\"2026-03-31T08:03:17+00:00\" \/>\n<meta property=\"og:image\" content=\"https:\/\/1dronas.lt\/wp-content\/uploads\/2026\/01\/vifly-whoopstor-2s.jpg\" \/>\n\t<meta property=\"og:image:width\" content=\"1000\" \/>\n\t<meta property=\"og:image:height\" content=\"1000\" \/>\n\t<meta property=\"og:image:type\" content=\"image\/jpeg\" \/>\n<meta name=\"twitter:card\" content=\"summary_large_image\" \/>\n<meta name=\"twitter:label1\" content=\"Est. reading time\" \/>\n\t<meta name=\"twitter:data1\" content=\"3 minutes\" \/>\n<script type=\"application\/ld+json\" class=\"yoast-schema-graph\">{\"@context\":\"https:\\\/\\\/schema.org\",\"@graph\":[{\"@type\":\"WebPage\",\"@id\":\"https:\\\/\\\/1dronas.lt\\\/en\\\/produktas\\\/vifly-toothstor-4-jungciu-2s-bateriju-ikroviklis\\\/\",\"url\":\"https:\\\/\\\/1dronas.lt\\\/en\\\/produktas\\\/vifly-toothstor-4-jungciu-2s-bateriju-ikroviklis\\\/\",\"name\":\"VIFLY ToothStor - 4 Jung\u010di\u0173 2S baterij\u0173 \u012fkroviklis - 1dronas.lt\",\"isPartOf\":{\"@id\":\"https:\\\/\\\/1dronas.lt\\\/en\\\/#website\"},\"primaryImageOfPage\":{\"@id\":\"https:\\\/\\\/1dronas.lt\\\/en\\\/produktas\\\/vifly-toothstor-4-jungciu-2s-bateriju-ikroviklis\\\/#primaryimage\"},\"image\":{\"@id\":\"https:\\\/\\\/1dronas.lt\\\/en\\\/produktas\\\/vifly-toothstor-4-jungciu-2s-bateriju-ikroviklis\\\/#primaryimage\"},\"thumbnailUrl\":\"https:\\\/\\\/1dronas.lt\\\/wp-content\\\/uploads\\\/2026\\\/01\\\/vifly-whoopstor-2s.jpg\",\"datePublished\":\"2026-01-03T15:03:04+00:00\",\"dateModified\":\"2026-03-31T08:03:17+00:00\",\"breadcrumb\":{\"@id\":\"https:\\\/\\\/1dronas.lt\\\/en\\\/produktas\\\/vifly-toothstor-4-jungciu-2s-bateriju-ikroviklis\\\/#breadcrumb\"},\"inLanguage\":\"en-US\",\"potentialAction\":[{\"@type\":\"ReadAction\",\"target\":[\"https:\\\/\\\/1dronas.lt\\\/en\\\/produktas\\\/vifly-toothstor-4-jungciu-2s-bateriju-ikroviklis\\\/\"]}]},{\"@type\":\"ImageObject\",\"inLanguage\":\"en-US\",\"@id\":\"https:\\\/\\\/1dronas.lt\\\/en\\\/produktas\\\/vifly-toothstor-4-jungciu-2s-bateriju-ikroviklis\\\/#primaryimage\",\"url\":\"https:\\\/\\\/1dronas.lt\\\/wp-content\\\/uploads\\\/2026\\\/01\\\/vifly-whoopstor-2s.jpg\",\"contentUrl\":\"https:\\\/\\\/1dronas.lt\\\/wp-content\\\/uploads\\\/2026\\\/01\\\/vifly-whoopstor-2s.jpg\",\"width\":1000,\"height\":1000},{\"@type\":\"BreadcrumbList\",\"@id\":\"https:\\\/\\\/1dronas.lt\\\/en\\\/produktas\\\/vifly-toothstor-4-jungciu-2s-bateriju-ikroviklis\\\/#breadcrumb\",\"itemListElement\":[{\"@type\":\"ListItem\",\"position\":1,\"name\":\"Home\",\"item\":\"https:\\\/\\\/1dronas.lt\\\/\"},{\"@type\":\"ListItem\",\"position\":2,\"name\":\"Parduotuv\u0117\",\"item\":\"https:\\\/\\\/1dronas.lt\\\/parduotuve\\\/\"},{\"@type\":\"ListItem\",\"position\":3,\"name\":\"VIFLY ToothStor &#8211; 4 Jung\u010di\u0173 2S baterij\u0173 \u012fkroviklis\"}]},{\"@type\":\"WebSite\",\"@id\":\"https:\\\/\\\/1dronas.lt\\\/en\\\/#website\",\"url\":\"https:\\\/\\\/1dronas.lt\\\/en\\\/\",\"name\":\"1dronas.lt\",\"description\":\"Internetin\u0117 parduotuv\u0117\",\"publisher\":{\"@id\":\"https:\\\/\\\/1dronas.lt\\\/en\\\/#organization\"},\"potentialAction\":[{\"@type\":\"SearchAction\",\"target\":{\"@type\":\"EntryPoint\",\"urlTemplate\":\"https:\\\/\\\/1dronas.lt\\\/en\\\/?s={search_term_string}\"},\"query-input\":{\"@type\":\"PropertyValueSpecification\",\"valueRequired\":true,\"valueName\":\"search_term_string\"}}],\"inLanguage\":\"en-US\"},{\"@type\":\"Organization\",\"@id\":\"https:\\\/\\\/1dronas.lt\\\/en\\\/#organization\",\"name\":\"1dronas.lt\",\"url\":\"https:\\\/\\\/1dronas.lt\\\/en\\\/\",\"logo\":{\"@type\":\"ImageObject\",\"inLanguage\":\"en-US\",\"@id\":\"https:\\\/\\\/1dronas.lt\\\/en\\\/#\\\/schema\\\/logo\\\/image\\\/\",\"url\":\"https:\\\/\\\/1dronas.lt\\\/wp-content\\\/uploads\\\/2020\\\/12\\\/Ekrano_kopija__2_-removebg-preview-1-1.png\",\"contentUrl\":\"https:\\\/\\\/1dronas.lt\\\/wp-content\\\/uploads\\\/2020\\\/12\\\/Ekrano_kopija__2_-removebg-preview-1-1.png\",\"width\":234,\"height\":81,\"caption\":\"1dronas.lt\"},\"image\":{\"@id\":\"https:\\\/\\\/1dronas.lt\\\/en\\\/#\\\/schema\\\/logo\\\/image\\\/\"},\"sameAs\":[\"https:\\\/\\\/www.facebook.com\\\/1dronas\\\/\"]}]}<\/script>\n<!-- \/ Yoast SEO plugin. -->","yoast_head_json":{"title":"VIFLY ToothStor - 4 Jung\u010di\u0173 2S baterij\u0173 \u012fkroviklis - 1dronas.lt","robots":{"index":"index","follow":"follow","max-snippet":"max-snippet:-1","max-image-preview":"max-image-preview:large","max-video-preview":"max-video-preview:-1"},"canonical":"https:\/\/1dronas.lt\/en\/produktas\/vifly-toothstor-4-jungciu-2s-bateriju-ikroviklis\/","og_locale":"en_US","og_type":"article","og_title":"VIFLY ToothStor - 4 Jung\u010di\u0173 2S baterij\u0173 \u012fkroviklis - 1dronas.lt","og_description":"VIFLY ToothStor yra kompakti\u0161kas ir galingas 4\u2011jung\u010di\u0173 2S baterij\u0173 balansavimo \u012fkroviklis, leid\u017eiantis vienu metu \u012fkrauti arba paruo\u0161ti saugojimui iki 4 LiPo\/LiHV 2S akumuliatori\u0173.  \u00a0 1 \u2013 2 d.d.","og_url":"https:\/\/1dronas.lt\/en\/produktas\/vifly-toothstor-4-jungciu-2s-bateriju-ikroviklis\/","og_site_name":"1dronas.lt","article_publisher":"https:\/\/www.facebook.com\/1dronas\/","article_modified_time":"2026-03-31T08:03:17+00:00","og_image":[{"width":1000,"height":1000,"url":"https:\/\/1dronas.lt\/wp-content\/uploads\/2026\/01\/vifly-whoopstor-2s.jpg","type":"image\/jpeg"}],"twitter_card":"summary_large_image","twitter_misc":{"Est. reading time":"3 minutes"},"schema":{"@context":"https:\/\/schema.org","@graph":[{"@type":"WebPage","@id":"https:\/\/1dronas.lt\/en\/produktas\/vifly-toothstor-4-jungciu-2s-bateriju-ikroviklis\/","url":"https:\/\/1dronas.lt\/en\/produktas\/vifly-toothstor-4-jungciu-2s-bateriju-ikroviklis\/","name":"VIFLY ToothStor - 4 Jung\u010di\u0173 2S baterij\u0173 \u012fkroviklis - 1dronas.lt","isPartOf":{"@id":"https:\/\/1dronas.lt\/en\/#website"},"primaryImageOfPage":{"@id":"https:\/\/1dronas.lt\/en\/produktas\/vifly-toothstor-4-jungciu-2s-bateriju-ikroviklis\/#primaryimage"},"image":{"@id":"https:\/\/1dronas.lt\/en\/produktas\/vifly-toothstor-4-jungciu-2s-bateriju-ikroviklis\/#primaryimage"},"thumbnailUrl":"https:\/\/1dronas.lt\/wp-content\/uploads\/2026\/01\/vifly-whoopstor-2s.jpg","datePublished":"2026-01-03T15:03:04+00:00","dateModified":"2026-03-31T08:03:17+00:00","breadcrumb":{"@id":"https:\/\/1dronas.lt\/en\/produktas\/vifly-toothstor-4-jungciu-2s-bateriju-ikroviklis\/#breadcrumb"},"inLanguage":"en-US","potentialAction":[{"@type":"ReadAction","target":["https:\/\/1dronas.lt\/en\/produktas\/vifly-toothstor-4-jungciu-2s-bateriju-ikroviklis\/"]}]},{"@type":"ImageObject","inLanguage":"en-US","@id":"https:\/\/1dronas.lt\/en\/produktas\/vifly-toothstor-4-jungciu-2s-bateriju-ikroviklis\/#primaryimage","url":"https:\/\/1dronas.lt\/wp-content\/uploads\/2026\/01\/vifly-whoopstor-2s.jpg","contentUrl":"https:\/\/1dronas.lt\/wp-content\/uploads\/2026\/01\/vifly-whoopstor-2s.jpg","width":1000,"height":1000},{"@type":"BreadcrumbList","@id":"https:\/\/1dronas.lt\/en\/produktas\/vifly-toothstor-4-jungciu-2s-bateriju-ikroviklis\/#breadcrumb","itemListElement":[{"@type":"ListItem","position":1,"name":"Home","item":"https:\/\/1dronas.lt\/"},{"@type":"ListItem","position":2,"name":"Parduotuv\u0117","item":"https:\/\/1dronas.lt\/parduotuve\/"},{"@type":"ListItem","position":3,"name":"VIFLY ToothStor &#8211; 4 Jung\u010di\u0173 2S baterij\u0173 \u012fkroviklis"}]},{"@type":"WebSite","@id":"https:\/\/1dronas.lt\/en\/#website","url":"https:\/\/1dronas.lt\/en\/","name":"1dronas.lt","description":"Online store","publisher":{"@id":"https:\/\/1dronas.lt\/en\/#organization"},"potentialAction":[{"@type":"SearchAction","target":{"@type":"EntryPoint","urlTemplate":"https:\/\/1dronas.lt\/en\/?s={search_term_string}"},"query-input":{"@type":"PropertyValueSpecification","valueRequired":true,"valueName":"search_term_string"}}],"inLanguage":"en-US"},{"@type":"Organization","@id":"https:\/\/1dronas.lt\/en\/#organization","name":"1dronas.lt","url":"https:\/\/1dronas.lt\/en\/","logo":{"@type":"ImageObject","inLanguage":"en-US","@id":"https:\/\/1dronas.lt\/en\/#\/schema\/logo\/image\/","url":"https:\/\/1dronas.lt\/wp-content\/uploads\/2020\/12\/Ekrano_kopija__2_-removebg-preview-1-1.png","contentUrl":"https:\/\/1dronas.lt\/wp-content\/uploads\/2020\/12\/Ekrano_kopija__2_-removebg-preview-1-1.png","width":234,"height":81,"caption":"1dronas.lt"},"image":{"@id":"https:\/\/1dronas.lt\/en\/#\/schema\/logo\/image\/"},"sameAs":["https:\/\/www.facebook.com\/1dronas\/"]}]}},"jetpack_sharing_enabled":true,"_links":{"self":[{"href":"https:\/\/1dronas.lt\/en\/wp-json\/wp\/v2\/product\/14870","targetHints":{"allow":["GET"]}}],"collection":[{"href":"https:\/\/1dronas.lt\/en\/wp-json\/wp\/v2\/product"}],"about":[{"href":"https:\/\/1dronas.lt\/en\/wp-json\/wp\/v2\/types\/product"}],"replies":[{"embeddable":true,"href":"https:\/\/1dronas.lt\/en\/wp-json\/wp\/v2\/comments?post=14870"}],"wp:featuredmedia":[{"embeddable":true,"href":"https:\/\/1dronas.lt\/en\/wp-json\/wp\/v2\/media\/14938"}],"wp:attachment":[{"href":"https:\/\/1dronas.lt\/en\/wp-json\/wp\/v2\/media?parent=14870"}],"wp:term":[{"taxonomy":"product_brand","embeddable":true,"href":"https:\/\/1dronas.lt\/en\/wp-json\/wp\/v2\/product_brand?post=14870"},{"taxonomy":"product_cat","embeddable":true,"href":"https:\/\/1dronas.lt\/en\/wp-json\/wp\/v2\/product_cat?post=14870"},{"taxonomy":"product_tag","embeddable":true,"href":"https:\/\/1dronas.lt\/en\/wp-json\/wp\/v2\/product_tag?post=14870"}],"curies":[{"name":"wp","href":"https:\/\/api.w.org\/{rel}","templated":true}]}}