{"id":14812,"date":"2026-01-02T14:37:41","date_gmt":"2026-01-02T12:37:41","guid":{"rendered":"https:\/\/1dronas.lt\/?post_type=product&#038;p=14812"},"modified":"2026-03-10T10:16:35","modified_gmt":"2026-03-10T08:16:35","slug":"speedybee-master3x-modular-fpv-racing-drone-freestyle-o4p-remas","status":"publish","type":"product","link":"https:\/\/1dronas.lt\/en\/produktas\/speedybee-master3x-modular-fpv-racing-drone-freestyle-o4p-remas\/","title":{"rendered":"SpeedyBee Master3X Modular FPV Racing Drone Freestyle O4P Frame"},"content":{"rendered":"<p>SpeedyBee Master 3X Frame O4P (Aluminum Alloy Head) is a durable and versatile FPV drone frame system made of strong 3K carbon fiber. The modular design allows you to easily adapt the frame to the flight system you use, such as the DJI O4 Pro Air Unit, or change the heads as needed.<\/p>\n<p><strong>Features:<\/strong><\/p>\n<p data-start=\"580\" data-end=\"641\">\u2022 Modular design \u2013 possibility to change heads and accessories;<br \/>\n\u2022 Aluminum alloy head O4P \u2013 stronger than plastic;<br \/>\n\u2022 Compatible with DJI O4 Pro Air Unit;<br \/>\n\u2022 Carbon fiber construction \u2013 lightweight and vibration resistant;<br \/>\n\u2022 Quick-change arm system.<\/p>\n<p data-start=\"580\" data-end=\"641\"><strong>Specification:<\/strong><\/p>\n<p data-start=\"580\" data-end=\"641\">\u2022 Frame: SpeedyBee Master3X;<br data-start=\"969\" data-end=\"972\" \/>\u2022 Head: Aluminum alloy O4P;<br data-start=\"1036\" data-end=\"1039\" \/>\u2022 Wheelbase: 171.3 mm;<br data-start=\"1069\" data-end=\"1072\" \/>\u2022 Top plate thickness: 2.0 mm;<br data-start=\"1097\" data-end=\"1100\" \/>\u2022 Middle plate thickness: 2.0 mm;<br data-start=\"1124\" data-end=\"1127\" \/>\u2022 Bottom plate thickness: 2.0 mm;<br data-start=\"1150\" data-end=\"1153\" \/>\u2022 Arm thickness: 4.0 mm;<br data-start=\"1174\" data-end=\"1177\" \/>\u2022 Camera (pitch): 19\/20 mm;<br \/>\n\u2022 Compatible propellers: 3-3.6 inches;<br data-start=\"1201\" data-end=\"1204\" \/>\u2022 Flight controller (FC) supported height: 11 mm;<br data-start=\"1235\" data-end=\"1238\" \/>\u2022 Flight controller (FC) mounting holes: 25.5 \u00d7 25.5 mm;<br data-start=\"1274\" data-end=\"1277\" \/>\u2022 Motor mounting holes: 9\u201312 mm;<br data-start=\"1309\" data-end=\"1312\" \/>\u2022 Recommended engines: 1507 \/ 1804 \/ 2004 \/ 2006 \/ 2105.5;<br data-start=\"1372\" data-end=\"1375\" \/>\u2022 Recommended KV: 4S: 3000\u20133600 KV; 6S: 2200\u20132750 KV;<br data-start=\"1429\" data-end=\"1432\" \/>\u2022 Maximum battery size: 67\u00d731\u00d740 mm;<br data-start=\"1464\" data-end=\"1467\" \/>\u2022 Recommended battery: 4S LiPo \/ LiHv 750\u20131100 mAh; 6S 650\u2013850 mAh;<br data-start=\"1533\" data-end=\"1536\" \/>\u2022 Standard GPS base dimensions: 18.1\u00d718.1 mm<br data-start=\"1564\" data-end=\"1567\" \/>\u2022 Frame material: 3K carbon fiber + aluminum head;<br data-start=\"1621\" data-end=\"1624\" \/>\u2022 Frame weight: ~87\u2013103 g (without head).<\/p>\n<p data-start=\"580\" data-end=\"641\"><img loading=\"lazy\" decoding=\"async\" class=\"alignnone wp-image-14835 size-large\" src=\"https:\/\/1dronas.lt\/wp-content\/uploads\/2025\/12\/SBee_master3x-5__37830-min-1024x1024.jpg\" alt=\"\" width=\"1020\" height=\"1020\" srcset=\"https:\/\/1dronas.lt\/wp-content\/uploads\/2025\/12\/SBee_master3x-5__37830-min-1024x1024.jpg 1024w, https:\/\/1dronas.lt\/wp-content\/uploads\/2025\/12\/SBee_master3x-5__37830-min-300x300.jpg 300w, https:\/\/1dronas.lt\/wp-content\/uploads\/2025\/12\/SBee_master3x-5__37830-min-150x150.jpg 150w, https:\/\/1dronas.lt\/wp-content\/uploads\/2025\/12\/SBee_master3x-5__37830-min-768x768.jpg 768w, https:\/\/1dronas.lt\/wp-content\/uploads\/2025\/12\/SBee_master3x-5__37830-min-12x12.jpg 12w, https:\/\/1dronas.lt\/wp-content\/uploads\/2025\/12\/SBee_master3x-5__37830-min-247x247.jpg 247w, https:\/\/1dronas.lt\/wp-content\/uploads\/2025\/12\/SBee_master3x-5__37830-min-510x510.jpg 510w, https:\/\/1dronas.lt\/wp-content\/uploads\/2025\/12\/SBee_master3x-5__37830-min-100x100.jpg 100w, https:\/\/1dronas.lt\/wp-content\/uploads\/2025\/12\/SBee_master3x-5__37830-min.jpg 1280w\" sizes=\"auto, (max-width: 1020px) 100vw, 1020px\" \/><\/p>\n<p data-start=\"136\" data-end=\"508\"><strong>Package:<\/strong><\/p>\n<p data-start=\"154\" data-end=\"186\">1\u00d7 Carbon fiber top plate;<br \/>\n1\u00d7 Middle carbon fiber plate;<br \/>\n1\u00d7 Bottom carbon fiber plate;<br \/>\n4\u00d7 Frame arms;<br \/>\n1\u00d7 Battery strap (150 \u00d7 15 mm);<br \/>\n1\u00d7 Front injection support;<br \/>\n1\u00d7 Receiver holder;<br \/>\n1\u00d7 Multifunctional printed part;<br \/>\n1\u00d7 CNC strap mounting kit (2 pcs.);<br \/>\n1\u00d7 O4 Pro aluminum alloy radiator set (left + right).<\/p>\n<p data-start=\"154\" data-end=\"186\"><strong>3D Printed Parts:<\/strong><\/p>\n<p data-start=\"154\" data-end=\"186\">1\u00d7 Multifunctional 3D printed part;<br \/>\n1\u00d7 Receiver bay;<\/p>\n<p data-start=\"154\" data-end=\"186\"><strong>Other parts:<\/strong><\/p>\n<p data-start=\"700\" data-end=\"749\">1\u00d7 Side panels (left + right);<br \/>\n1\u00d7 Engine mounting pads set (4 pcs.);<br \/>\n4\u00d7 Engine wiring tubes;<br \/>\n1\u00d7 Buzzer holder;<br \/>\n1\u00d7 Signal sound signal (buzzer);<br \/>\n1\u00d7 2.4G receiver antenna;<br \/>\n2\u00d7 O3 copper antennas;<br \/>\n1\u00d7 Antenna holder (left + right);<br \/>\n6\u00d7 Camera lens vibration damping silicones;<br \/>\n1\u00d7 Red silicone cable (80 mm);<br \/>\n1\u00d7 Black silicone cable (80 mm);<br \/>\n4\u00d7 SH1.25-4P male connectors (25 mm);<br \/>\n1\u00d7 SH1.25-4P female connector (70 mm);<\/p>\n<p data-start=\"700\" data-end=\"749\"><strong>Screws and fasteners:<\/strong><\/p>\n<p data-start=\"1277\" data-end=\"1319\">6\u00d7 M2.5\u00d78 mm button head screws;<br \/>\n8\u00d7 M2\u00d76 mm button head screws;<br \/>\n29\u00d7 M2\u00d78 mm button head screws;<br \/>\n2\u00d7 M2\u00d710 mm button head screws;<br \/>\n4\u00d7 M2\u00d75 mm button head screws;<br \/>\n10\u00d7 M2\u00d712 mm button head screws;<br \/>\n3\u00d7 M2\u00d713 mm button head screws;<br \/>\n4\u00d7 M1.6\u00d74 mm flat head cross screws;<br \/>\n4\u00d7 M1.6\u00d78 mm hex screws;<br \/>\n5\u00d7 M2 anti-slip nuts;<br \/>\n6\u00d7 M2\u00d711 mm aluminum spacers;<br \/>\n2\u00d7 M2\u00d710 mm aluminum spacers;<br \/>\n1\u00d7 M2\u00d722 mm aluminum spacer.<\/p>\n<p data-start=\"1277\" data-end=\"1319\"><img loading=\"lazy\" decoding=\"async\" class=\"alignnone wp-image-14836 size-large\" src=\"https:\/\/1dronas.lt\/wp-content\/uploads\/2025\/12\/SBee_master3xfra-16-min-683x1024.jpg\" alt=\"\" width=\"683\" height=\"1024\" srcset=\"https:\/\/1dronas.lt\/wp-content\/uploads\/2025\/12\/SBee_master3xfra-16-min-683x1024.jpg 683w, https:\/\/1dronas.lt\/wp-content\/uploads\/2025\/12\/SBee_master3xfra-16-min-200x300.jpg 200w, https:\/\/1dronas.lt\/wp-content\/uploads\/2025\/12\/SBee_master3xfra-16-min-768x1151.jpg 768w, https:\/\/1dronas.lt\/wp-content\/uploads\/2025\/12\/SBee_master3xfra-16-min-1025x1536.jpg 1025w, https:\/\/1dronas.lt\/wp-content\/uploads\/2025\/12\/SBee_master3xfra-16-min-8x12.jpg 8w, https:\/\/1dronas.lt\/wp-content\/uploads\/2025\/12\/SBee_master3xfra-16-min-510x764.jpg 510w, https:\/\/1dronas.lt\/wp-content\/uploads\/2025\/12\/SBee_master3xfra-16-min.jpg 1116w\" sizes=\"auto, (max-width: 683px) 100vw, 683px\" \/><\/p>","protected":false},"excerpt":{"rendered":"<p><span style=\"color: #000000;\">The frame structure is designed to place the main electronics components closer to the weight balance point, this solution improves flight control and stability.<\/span><\/p>\n<p><span style=\"color: #000000;\"><strong><img loading=\"lazy\" decoding=\"async\" class=\"alignnone wp-image-1806\" src=\"https:\/\/1dronas.lt\/wp-content\/uploads\/2021\/05\/delivery-icon.png\" alt=\"\" width=\"24\" height=\"24\" srcset=\"https:\/\/1dronas.lt\/wp-content\/uploads\/2021\/05\/delivery-icon.png 35w, https:\/\/1dronas.lt\/wp-content\/uploads\/2021\/05\/delivery-icon-12x12.png 12w\" sizes=\"auto, (max-width: 24px) 100vw, 24px\" \/>\u00a0 1 \u2013 2 days<\/strong><\/span><\/p>","protected":false},"featured_media":14832,"comment_status":"open","ping_status":"closed","template":"","meta":[],"product_brand":[638],"product_cat":[1079],"product_tag":[493,54,1075,1076,1077,1078],"class_list":{"0":"post-14812","1":"product","2":"type-product","3":"status-publish","4":"has-post-thumbnail","6":"product_brand-speedybee","7":"product_cat-3-coliu-remai","8":"product_tag-dji-o4-air-unit-pro","9":"product_tag-fpv","10":"product_tag-master3x","11":"product_tag-modular","12":"product_tag-racing-drone-frame","13":"product_tag-speedybee","15":"first","16":"instock","17":"taxable","18":"shipping-taxable","19":"purchasable","20":"product-type-simple"},"yoast_head":"<!-- This site is optimized with the Yoast SEO plugin v27.3 - https:\/\/yoast.com\/product\/yoast-seo-wordpress\/ -->\n<title>SpeedyBee Master3X Modular FPV Racing Drone Freestyle O4P r\u0117mas - 1dronas.lt<\/title>\n<meta name=\"robots\" content=\"index, follow, max-snippet:-1, max-image-preview:large, max-video-preview:-1\" \/>\n<link rel=\"canonical\" href=\"https:\/\/1dronas.lt\/en\/produktas\/speedybee-master3x-modular-fpv-racing-drone-freestyle-o4p-remas\/\" \/>\n<meta property=\"og:locale\" content=\"en_US\" \/>\n<meta property=\"og:type\" content=\"article\" \/>\n<meta property=\"og:title\" content=\"SpeedyBee Master3X Modular FPV Racing Drone Freestyle O4P r\u0117mas - 1dronas.lt\" \/>\n<meta property=\"og:description\" content=\"R\u0117mo konstrukcija suprojektuota taip, kad pagrindiniai elektronikos komponentai b\u016bt\u0173 i\u0161d\u0117styti ar\u010diau svorio balanso ta\u0161ko, \u0161is sprendimas pagerina skryd\u017eio kontrol\u0119 ir stabilum\u0105.  \u00a0 1 \u2013 2 d. d.\" \/>\n<meta property=\"og:url\" content=\"https:\/\/1dronas.lt\/en\/produktas\/speedybee-master3x-modular-fpv-racing-drone-freestyle-o4p-remas\/\" \/>\n<meta property=\"og:site_name\" content=\"1dronas.lt\" \/>\n<meta property=\"article:publisher\" content=\"https:\/\/www.facebook.com\/1dronas\/\" \/>\n<meta property=\"article:modified_time\" content=\"2026-03-10T08:16:35+00:00\" \/>\n<meta property=\"og:image\" content=\"https:\/\/1dronas.lt\/wp-content\/uploads\/2025\/12\/SBee_master3x-1__85431-min.jpg\" \/>\n\t<meta property=\"og:image:width\" content=\"1000\" \/>\n\t<meta property=\"og:image:height\" content=\"1000\" \/>\n\t<meta property=\"og:image:type\" content=\"image\/jpeg\" \/>\n<meta name=\"twitter:card\" content=\"summary_large_image\" \/>\n<meta name=\"twitter:label1\" content=\"Est. reading time\" \/>\n\t<meta name=\"twitter:data1\" content=\"3 minutes\" \/>\n<script type=\"application\/ld+json\" class=\"yoast-schema-graph\">{\"@context\":\"https:\\\/\\\/schema.org\",\"@graph\":[{\"@type\":\"WebPage\",\"@id\":\"https:\\\/\\\/1dronas.lt\\\/en\\\/produktas\\\/speedybee-master3x-modular-fpv-racing-drone-freestyle-o4p-remas\\\/\",\"url\":\"https:\\\/\\\/1dronas.lt\\\/en\\\/produktas\\\/speedybee-master3x-modular-fpv-racing-drone-freestyle-o4p-remas\\\/\",\"name\":\"SpeedyBee Master3X Modular FPV Racing Drone Freestyle O4P r\u0117mas - 1dronas.lt\",\"isPartOf\":{\"@id\":\"https:\\\/\\\/1dronas.lt\\\/en\\\/#website\"},\"primaryImageOfPage\":{\"@id\":\"https:\\\/\\\/1dronas.lt\\\/en\\\/produktas\\\/speedybee-master3x-modular-fpv-racing-drone-freestyle-o4p-remas\\\/#primaryimage\"},\"image\":{\"@id\":\"https:\\\/\\\/1dronas.lt\\\/en\\\/produktas\\\/speedybee-master3x-modular-fpv-racing-drone-freestyle-o4p-remas\\\/#primaryimage\"},\"thumbnailUrl\":\"https:\\\/\\\/1dronas.lt\\\/wp-content\\\/uploads\\\/2025\\\/12\\\/SBee_master3x-1__85431-min.jpg\",\"datePublished\":\"2026-01-02T12:37:41+00:00\",\"dateModified\":\"2026-03-10T08:16:35+00:00\",\"breadcrumb\":{\"@id\":\"https:\\\/\\\/1dronas.lt\\\/en\\\/produktas\\\/speedybee-master3x-modular-fpv-racing-drone-freestyle-o4p-remas\\\/#breadcrumb\"},\"inLanguage\":\"en-US\",\"potentialAction\":[{\"@type\":\"ReadAction\",\"target\":[\"https:\\\/\\\/1dronas.lt\\\/en\\\/produktas\\\/speedybee-master3x-modular-fpv-racing-drone-freestyle-o4p-remas\\\/\"]}]},{\"@type\":\"ImageObject\",\"inLanguage\":\"en-US\",\"@id\":\"https:\\\/\\\/1dronas.lt\\\/en\\\/produktas\\\/speedybee-master3x-modular-fpv-racing-drone-freestyle-o4p-remas\\\/#primaryimage\",\"url\":\"https:\\\/\\\/1dronas.lt\\\/wp-content\\\/uploads\\\/2025\\\/12\\\/SBee_master3x-1__85431-min.jpg\",\"contentUrl\":\"https:\\\/\\\/1dronas.lt\\\/wp-content\\\/uploads\\\/2025\\\/12\\\/SBee_master3x-1__85431-min.jpg\",\"width\":1000,\"height\":1000},{\"@type\":\"BreadcrumbList\",\"@id\":\"https:\\\/\\\/1dronas.lt\\\/en\\\/produktas\\\/speedybee-master3x-modular-fpv-racing-drone-freestyle-o4p-remas\\\/#breadcrumb\",\"itemListElement\":[{\"@type\":\"ListItem\",\"position\":1,\"name\":\"Home\",\"item\":\"https:\\\/\\\/1dronas.lt\\\/\"},{\"@type\":\"ListItem\",\"position\":2,\"name\":\"Parduotuv\u0117\",\"item\":\"https:\\\/\\\/1dronas.lt\\\/parduotuve\\\/\"},{\"@type\":\"ListItem\",\"position\":3,\"name\":\"SpeedyBee Master3X Modular FPV Racing Drone Freestyle O4P r\u0117mas\"}]},{\"@type\":\"WebSite\",\"@id\":\"https:\\\/\\\/1dronas.lt\\\/en\\\/#website\",\"url\":\"https:\\\/\\\/1dronas.lt\\\/en\\\/\",\"name\":\"1dronas.lt\",\"description\":\"Internetin\u0117 parduotuv\u0117\",\"publisher\":{\"@id\":\"https:\\\/\\\/1dronas.lt\\\/en\\\/#organization\"},\"potentialAction\":[{\"@type\":\"SearchAction\",\"target\":{\"@type\":\"EntryPoint\",\"urlTemplate\":\"https:\\\/\\\/1dronas.lt\\\/en\\\/?s={search_term_string}\"},\"query-input\":{\"@type\":\"PropertyValueSpecification\",\"valueRequired\":true,\"valueName\":\"search_term_string\"}}],\"inLanguage\":\"en-US\"},{\"@type\":\"Organization\",\"@id\":\"https:\\\/\\\/1dronas.lt\\\/en\\\/#organization\",\"name\":\"1dronas.lt\",\"url\":\"https:\\\/\\\/1dronas.lt\\\/en\\\/\",\"logo\":{\"@type\":\"ImageObject\",\"inLanguage\":\"en-US\",\"@id\":\"https:\\\/\\\/1dronas.lt\\\/en\\\/#\\\/schema\\\/logo\\\/image\\\/\",\"url\":\"https:\\\/\\\/1dronas.lt\\\/wp-content\\\/uploads\\\/2020\\\/12\\\/Ekrano_kopija__2_-removebg-preview-1-1.png\",\"contentUrl\":\"https:\\\/\\\/1dronas.lt\\\/wp-content\\\/uploads\\\/2020\\\/12\\\/Ekrano_kopija__2_-removebg-preview-1-1.png\",\"width\":234,\"height\":81,\"caption\":\"1dronas.lt\"},\"image\":{\"@id\":\"https:\\\/\\\/1dronas.lt\\\/en\\\/#\\\/schema\\\/logo\\\/image\\\/\"},\"sameAs\":[\"https:\\\/\\\/www.facebook.com\\\/1dronas\\\/\"]}]}<\/script>\n<!-- \/ Yoast SEO plugin. -->","yoast_head_json":{"title":"SpeedyBee Master3X Modular FPV Racing Drone Freestyle O4P r\u0117mas - 1dronas.lt","robots":{"index":"index","follow":"follow","max-snippet":"max-snippet:-1","max-image-preview":"max-image-preview:large","max-video-preview":"max-video-preview:-1"},"canonical":"https:\/\/1dronas.lt\/en\/produktas\/speedybee-master3x-modular-fpv-racing-drone-freestyle-o4p-remas\/","og_locale":"en_US","og_type":"article","og_title":"SpeedyBee Master3X Modular FPV Racing Drone Freestyle O4P r\u0117mas - 1dronas.lt","og_description":"R\u0117mo konstrukcija suprojektuota taip, kad pagrindiniai elektronikos komponentai b\u016bt\u0173 i\u0161d\u0117styti ar\u010diau svorio balanso ta\u0161ko, \u0161is sprendimas pagerina skryd\u017eio kontrol\u0119 ir stabilum\u0105.  \u00a0 1 \u2013 2 d. d.","og_url":"https:\/\/1dronas.lt\/en\/produktas\/speedybee-master3x-modular-fpv-racing-drone-freestyle-o4p-remas\/","og_site_name":"1dronas.lt","article_publisher":"https:\/\/www.facebook.com\/1dronas\/","article_modified_time":"2026-03-10T08:16:35+00:00","og_image":[{"width":1000,"height":1000,"url":"https:\/\/1dronas.lt\/wp-content\/uploads\/2025\/12\/SBee_master3x-1__85431-min.jpg","type":"image\/jpeg"}],"twitter_card":"summary_large_image","twitter_misc":{"Est. reading time":"3 minutes"},"schema":{"@context":"https:\/\/schema.org","@graph":[{"@type":"WebPage","@id":"https:\/\/1dronas.lt\/en\/produktas\/speedybee-master3x-modular-fpv-racing-drone-freestyle-o4p-remas\/","url":"https:\/\/1dronas.lt\/en\/produktas\/speedybee-master3x-modular-fpv-racing-drone-freestyle-o4p-remas\/","name":"SpeedyBee Master3X Modular FPV Racing Drone Freestyle O4P r\u0117mas - 1dronas.lt","isPartOf":{"@id":"https:\/\/1dronas.lt\/en\/#website"},"primaryImageOfPage":{"@id":"https:\/\/1dronas.lt\/en\/produktas\/speedybee-master3x-modular-fpv-racing-drone-freestyle-o4p-remas\/#primaryimage"},"image":{"@id":"https:\/\/1dronas.lt\/en\/produktas\/speedybee-master3x-modular-fpv-racing-drone-freestyle-o4p-remas\/#primaryimage"},"thumbnailUrl":"https:\/\/1dronas.lt\/wp-content\/uploads\/2025\/12\/SBee_master3x-1__85431-min.jpg","datePublished":"2026-01-02T12:37:41+00:00","dateModified":"2026-03-10T08:16:35+00:00","breadcrumb":{"@id":"https:\/\/1dronas.lt\/en\/produktas\/speedybee-master3x-modular-fpv-racing-drone-freestyle-o4p-remas\/#breadcrumb"},"inLanguage":"en-US","potentialAction":[{"@type":"ReadAction","target":["https:\/\/1dronas.lt\/en\/produktas\/speedybee-master3x-modular-fpv-racing-drone-freestyle-o4p-remas\/"]}]},{"@type":"ImageObject","inLanguage":"en-US","@id":"https:\/\/1dronas.lt\/en\/produktas\/speedybee-master3x-modular-fpv-racing-drone-freestyle-o4p-remas\/#primaryimage","url":"https:\/\/1dronas.lt\/wp-content\/uploads\/2025\/12\/SBee_master3x-1__85431-min.jpg","contentUrl":"https:\/\/1dronas.lt\/wp-content\/uploads\/2025\/12\/SBee_master3x-1__85431-min.jpg","width":1000,"height":1000},{"@type":"BreadcrumbList","@id":"https:\/\/1dronas.lt\/en\/produktas\/speedybee-master3x-modular-fpv-racing-drone-freestyle-o4p-remas\/#breadcrumb","itemListElement":[{"@type":"ListItem","position":1,"name":"Home","item":"https:\/\/1dronas.lt\/"},{"@type":"ListItem","position":2,"name":"Parduotuv\u0117","item":"https:\/\/1dronas.lt\/parduotuve\/"},{"@type":"ListItem","position":3,"name":"SpeedyBee Master3X Modular FPV Racing Drone Freestyle O4P r\u0117mas"}]},{"@type":"WebSite","@id":"https:\/\/1dronas.lt\/en\/#website","url":"https:\/\/1dronas.lt\/en\/","name":"1dronas.lt","description":"Online store","publisher":{"@id":"https:\/\/1dronas.lt\/en\/#organization"},"potentialAction":[{"@type":"SearchAction","target":{"@type":"EntryPoint","urlTemplate":"https:\/\/1dronas.lt\/en\/?s={search_term_string}"},"query-input":{"@type":"PropertyValueSpecification","valueRequired":true,"valueName":"search_term_string"}}],"inLanguage":"en-US"},{"@type":"Organization","@id":"https:\/\/1dronas.lt\/en\/#organization","name":"1dronas.lt","url":"https:\/\/1dronas.lt\/en\/","logo":{"@type":"ImageObject","inLanguage":"en-US","@id":"https:\/\/1dronas.lt\/en\/#\/schema\/logo\/image\/","url":"https:\/\/1dronas.lt\/wp-content\/uploads\/2020\/12\/Ekrano_kopija__2_-removebg-preview-1-1.png","contentUrl":"https:\/\/1dronas.lt\/wp-content\/uploads\/2020\/12\/Ekrano_kopija__2_-removebg-preview-1-1.png","width":234,"height":81,"caption":"1dronas.lt"},"image":{"@id":"https:\/\/1dronas.lt\/en\/#\/schema\/logo\/image\/"},"sameAs":["https:\/\/www.facebook.com\/1dronas\/"]}]}},"jetpack_sharing_enabled":true,"_links":{"self":[{"href":"https:\/\/1dronas.lt\/en\/wp-json\/wp\/v2\/product\/14812","targetHints":{"allow":["GET"]}}],"collection":[{"href":"https:\/\/1dronas.lt\/en\/wp-json\/wp\/v2\/product"}],"about":[{"href":"https:\/\/1dronas.lt\/en\/wp-json\/wp\/v2\/types\/product"}],"replies":[{"embeddable":true,"href":"https:\/\/1dronas.lt\/en\/wp-json\/wp\/v2\/comments?post=14812"}],"wp:featuredmedia":[{"embeddable":true,"href":"https:\/\/1dronas.lt\/en\/wp-json\/wp\/v2\/media\/14832"}],"wp:attachment":[{"href":"https:\/\/1dronas.lt\/en\/wp-json\/wp\/v2\/media?parent=14812"}],"wp:term":[{"taxonomy":"product_brand","embeddable":true,"href":"https:\/\/1dronas.lt\/en\/wp-json\/wp\/v2\/product_brand?post=14812"},{"taxonomy":"product_cat","embeddable":true,"href":"https:\/\/1dronas.lt\/en\/wp-json\/wp\/v2\/product_cat?post=14812"},{"taxonomy":"product_tag","embeddable":true,"href":"https:\/\/1dronas.lt\/en\/wp-json\/wp\/v2\/product_tag?post=14812"}],"curies":[{"name":"wp","href":"https:\/\/api.w.org\/{rel}","templated":true}]}}