{"id":14739,"date":"2025-12-28T12:27:59","date_gmt":"2025-12-28T10:27:59","guid":{"rendered":"https:\/\/1dronas.lt\/?post_type=product&#038;p=14739"},"modified":"2026-01-02T14:45:43","modified_gmt":"2026-01-02T12:45:43","slug":"newbeedrone-whip-antenna-mmcx-for-dji","status":"publish","type":"product","link":"https:\/\/1dronas.lt\/en\/produktas\/newbeedrone-whip-antenna-mmcx-for-dji\/","title":{"rendered":"NewBeeDrone Whip Antenna MMCX for DJI"},"content":{"rendered":"<p data-start=\"121\" data-end=\"411\">The NewBeeDrone Whip antenna is designed for DJI systems with MMCX connectors, ensuring better signal transmission and reception, helping to achieve greater flight distance and reliable communication. The antennas are sturdy and easy to install.<\/p>\n<p data-start=\"121\" data-end=\"411\"><strong>Features:<\/strong><\/p>\n<p data-start=\"430\" data-end=\"475\">\u2022 Compatible with DJI drones with MMCX connectors;<br \/>\n\u2022 Improves signal quality and flight distance;<br \/>\n\u2022 Sturdy construction;<br \/>\n\u2022 Easy to install \u2013 plug-and-play.<\/p>\n<p data-start=\"430\" data-end=\"475\"><strong>Specification:<\/strong><\/p>\n<p data-start=\"430\" data-end=\"475\">\u2022 Type: Whip antenna;<br data-start=\"656\" data-end=\"659\" \/>\u2022 Connector: MMCX;<br data-start=\"676\" data-end=\"679\" \/>\u2022 Compatibility: DJI drones with MMCX connectors.<\/p>\n<p data-start=\"430\" data-end=\"475\"><strong>Package:<\/strong><\/p>\n<p data-start=\"430\" data-end=\"475\">2x NewBeeDrone Whip antennas.<\/p>","protected":false},"excerpt":{"rendered":"<p><span style=\"color: #000000;\">The antenna ensures better signal transmission and reception, helping to achieve greater flight distance.<\/span><\/p>\n<p><span style=\"color: #000000;\"><strong><img loading=\"lazy\" decoding=\"async\" class=\"alignnone wp-image-1806\" src=\"https:\/\/1dronas.lt\/wp-content\/uploads\/2021\/05\/delivery-icon.png.webp\" alt=\"\" width=\"24\" height=\"24\" srcset=\"https:\/\/1dronas.lt\/wp-content\/uploads\/2021\/05\/delivery-icon.png 35w, https:\/\/1dronas.lt\/wp-content\/uploads\/2021\/05\/delivery-icon-12x12.png 12w\" sizes=\"auto, (max-width: 24px) 100vw, 24px\" \/><\/strong> \u00a0<strong>1 \u2013 2 days<\/strong><\/span><\/p>","protected":false},"featured_media":14740,"comment_status":"open","ping_status":"closed","template":"","meta":[],"product_brand":[1037],"product_cat":[161],"product_tag":[487,325,842,1038,1072],"class_list":{"0":"post-14739","1":"product","2":"type-product","3":"status-publish","4":"has-post-thumbnail","6":"product_brand-newbeedrone","7":"product_cat-antenos","8":"product_tag-antena","9":"product_tag-dji","10":"product_tag-mmcx","11":"product_tag-newbeedrone","12":"product_tag-whip","14":"first","15":"instock","16":"taxable","17":"shipping-taxable","18":"purchasable","19":"product-type-simple"},"yoast_head":"<!-- This site is optimized with the Yoast SEO plugin v27.4 - https:\/\/yoast.com\/product\/yoast-seo-wordpress\/ -->\n<title>NewBeeDrone Whip Antenna MMCX for DJI - 1dronas.lt<\/title>\n<meta name=\"robots\" content=\"index, follow, max-snippet:-1, max-image-preview:large, max-video-preview:-1\" \/>\n<link rel=\"canonical\" href=\"https:\/\/1dronas.lt\/en\/produktas\/newbeedrone-whip-antenna-mmcx-for-dji\/\" \/>\n<meta property=\"og:locale\" content=\"en_US\" \/>\n<meta property=\"og:type\" content=\"article\" \/>\n<meta property=\"og:title\" content=\"NewBeeDrone Whip Antenna MMCX for DJI - 1dronas.lt\" \/>\n<meta property=\"og:description\" content=\"Antena u\u017etikrina geresn\u012f signalo perdavim\u0105 ir pri\u0117mim\u0105, padeda pasiekti didesn\u012f skryd\u017eio nuotol\u012f.   \u00a01 \u2013 2 d. d.\" \/>\n<meta property=\"og:url\" content=\"https:\/\/1dronas.lt\/en\/produktas\/newbeedrone-whip-antenna-mmcx-for-dji\/\" \/>\n<meta property=\"og:site_name\" content=\"1dronas.lt\" \/>\n<meta property=\"article:publisher\" content=\"https:\/\/www.facebook.com\/1dronas\/\" \/>\n<meta property=\"article:modified_time\" content=\"2026-01-02T12:45:43+00:00\" \/>\n<meta property=\"og:image\" content=\"https:\/\/1dronas.lt\/wp-content\/uploads\/2025\/12\/20200422_182331_8caeb87b-b39f-49f4-83e0-5527edd0f706_3392x-min.jpg\" \/>\n\t<meta property=\"og:image:width\" content=\"1000\" \/>\n\t<meta property=\"og:image:height\" content=\"1000\" \/>\n\t<meta property=\"og:image:type\" content=\"image\/jpeg\" \/>\n<meta name=\"twitter:card\" content=\"summary_large_image\" \/>\n<meta name=\"twitter:label1\" content=\"Est. reading time\" \/>\n\t<meta name=\"twitter:data1\" content=\"1 minute\" \/>\n<script type=\"application\/ld+json\" class=\"yoast-schema-graph\">{\"@context\":\"https:\\\/\\\/schema.org\",\"@graph\":[{\"@type\":\"WebPage\",\"@id\":\"https:\\\/\\\/1dronas.lt\\\/en\\\/produktas\\\/newbeedrone-whip-antenna-mmcx-for-dji\\\/\",\"url\":\"https:\\\/\\\/1dronas.lt\\\/en\\\/produktas\\\/newbeedrone-whip-antenna-mmcx-for-dji\\\/\",\"name\":\"NewBeeDrone Whip Antenna MMCX for DJI - 1dronas.lt\",\"isPartOf\":{\"@id\":\"https:\\\/\\\/1dronas.lt\\\/en\\\/#website\"},\"primaryImageOfPage\":{\"@id\":\"https:\\\/\\\/1dronas.lt\\\/en\\\/produktas\\\/newbeedrone-whip-antenna-mmcx-for-dji\\\/#primaryimage\"},\"image\":{\"@id\":\"https:\\\/\\\/1dronas.lt\\\/en\\\/produktas\\\/newbeedrone-whip-antenna-mmcx-for-dji\\\/#primaryimage\"},\"thumbnailUrl\":\"https:\\\/\\\/1dronas.lt\\\/wp-content\\\/uploads\\\/2025\\\/12\\\/20200422_182331_8caeb87b-b39f-49f4-83e0-5527edd0f706_3392x-min.jpg\",\"datePublished\":\"2025-12-28T10:27:59+00:00\",\"dateModified\":\"2026-01-02T12:45:43+00:00\",\"breadcrumb\":{\"@id\":\"https:\\\/\\\/1dronas.lt\\\/en\\\/produktas\\\/newbeedrone-whip-antenna-mmcx-for-dji\\\/#breadcrumb\"},\"inLanguage\":\"en-US\",\"potentialAction\":[{\"@type\":\"ReadAction\",\"target\":[\"https:\\\/\\\/1dronas.lt\\\/en\\\/produktas\\\/newbeedrone-whip-antenna-mmcx-for-dji\\\/\"]}]},{\"@type\":\"ImageObject\",\"inLanguage\":\"en-US\",\"@id\":\"https:\\\/\\\/1dronas.lt\\\/en\\\/produktas\\\/newbeedrone-whip-antenna-mmcx-for-dji\\\/#primaryimage\",\"url\":\"https:\\\/\\\/1dronas.lt\\\/wp-content\\\/uploads\\\/2025\\\/12\\\/20200422_182331_8caeb87b-b39f-49f4-83e0-5527edd0f706_3392x-min.jpg\",\"contentUrl\":\"https:\\\/\\\/1dronas.lt\\\/wp-content\\\/uploads\\\/2025\\\/12\\\/20200422_182331_8caeb87b-b39f-49f4-83e0-5527edd0f706_3392x-min.jpg\",\"width\":1000,\"height\":1000},{\"@type\":\"BreadcrumbList\",\"@id\":\"https:\\\/\\\/1dronas.lt\\\/en\\\/produktas\\\/newbeedrone-whip-antenna-mmcx-for-dji\\\/#breadcrumb\",\"itemListElement\":[{\"@type\":\"ListItem\",\"position\":1,\"name\":\"Home\",\"item\":\"https:\\\/\\\/1dronas.lt\\\/\"},{\"@type\":\"ListItem\",\"position\":2,\"name\":\"Parduotuv\u0117\",\"item\":\"https:\\\/\\\/1dronas.lt\\\/parduotuve\\\/\"},{\"@type\":\"ListItem\",\"position\":3,\"name\":\"NewBeeDrone Whip Antenna MMCX for DJI\"}]},{\"@type\":\"WebSite\",\"@id\":\"https:\\\/\\\/1dronas.lt\\\/en\\\/#website\",\"url\":\"https:\\\/\\\/1dronas.lt\\\/en\\\/\",\"name\":\"1dronas.lt\",\"description\":\"Internetin\u0117 parduotuv\u0117\",\"publisher\":{\"@id\":\"https:\\\/\\\/1dronas.lt\\\/en\\\/#organization\"},\"potentialAction\":[{\"@type\":\"SearchAction\",\"target\":{\"@type\":\"EntryPoint\",\"urlTemplate\":\"https:\\\/\\\/1dronas.lt\\\/en\\\/?s={search_term_string}\"},\"query-input\":{\"@type\":\"PropertyValueSpecification\",\"valueRequired\":true,\"valueName\":\"search_term_string\"}}],\"inLanguage\":\"en-US\"},{\"@type\":\"Organization\",\"@id\":\"https:\\\/\\\/1dronas.lt\\\/en\\\/#organization\",\"name\":\"1dronas.lt\",\"url\":\"https:\\\/\\\/1dronas.lt\\\/en\\\/\",\"logo\":{\"@type\":\"ImageObject\",\"inLanguage\":\"en-US\",\"@id\":\"https:\\\/\\\/1dronas.lt\\\/en\\\/#\\\/schema\\\/logo\\\/image\\\/\",\"url\":\"https:\\\/\\\/1dronas.lt\\\/wp-content\\\/uploads\\\/2020\\\/12\\\/Ekrano_kopija__2_-removebg-preview-1-1.png\",\"contentUrl\":\"https:\\\/\\\/1dronas.lt\\\/wp-content\\\/uploads\\\/2020\\\/12\\\/Ekrano_kopija__2_-removebg-preview-1-1.png\",\"width\":234,\"height\":81,\"caption\":\"1dronas.lt\"},\"image\":{\"@id\":\"https:\\\/\\\/1dronas.lt\\\/en\\\/#\\\/schema\\\/logo\\\/image\\\/\"},\"sameAs\":[\"https:\\\/\\\/www.facebook.com\\\/1dronas\\\/\"]}]}<\/script>\n<!-- \/ Yoast SEO plugin. -->","yoast_head_json":{"title":"NewBeeDrone Whip Antenna MMCX for DJI - 1dronas.lt","robots":{"index":"index","follow":"follow","max-snippet":"max-snippet:-1","max-image-preview":"max-image-preview:large","max-video-preview":"max-video-preview:-1"},"canonical":"https:\/\/1dronas.lt\/en\/produktas\/newbeedrone-whip-antenna-mmcx-for-dji\/","og_locale":"en_US","og_type":"article","og_title":"NewBeeDrone Whip Antenna MMCX for DJI - 1dronas.lt","og_description":"Antena u\u017etikrina geresn\u012f signalo perdavim\u0105 ir pri\u0117mim\u0105, padeda pasiekti didesn\u012f skryd\u017eio nuotol\u012f.   \u00a01 \u2013 2 d. d.","og_url":"https:\/\/1dronas.lt\/en\/produktas\/newbeedrone-whip-antenna-mmcx-for-dji\/","og_site_name":"1dronas.lt","article_publisher":"https:\/\/www.facebook.com\/1dronas\/","article_modified_time":"2026-01-02T12:45:43+00:00","og_image":[{"width":1000,"height":1000,"url":"https:\/\/1dronas.lt\/wp-content\/uploads\/2025\/12\/20200422_182331_8caeb87b-b39f-49f4-83e0-5527edd0f706_3392x-min.jpg","type":"image\/jpeg"}],"twitter_card":"summary_large_image","twitter_misc":{"Est. reading time":"1 minute"},"schema":{"@context":"https:\/\/schema.org","@graph":[{"@type":"WebPage","@id":"https:\/\/1dronas.lt\/en\/produktas\/newbeedrone-whip-antenna-mmcx-for-dji\/","url":"https:\/\/1dronas.lt\/en\/produktas\/newbeedrone-whip-antenna-mmcx-for-dji\/","name":"NewBeeDrone Whip Antenna MMCX for DJI - 1dronas.lt","isPartOf":{"@id":"https:\/\/1dronas.lt\/en\/#website"},"primaryImageOfPage":{"@id":"https:\/\/1dronas.lt\/en\/produktas\/newbeedrone-whip-antenna-mmcx-for-dji\/#primaryimage"},"image":{"@id":"https:\/\/1dronas.lt\/en\/produktas\/newbeedrone-whip-antenna-mmcx-for-dji\/#primaryimage"},"thumbnailUrl":"https:\/\/1dronas.lt\/wp-content\/uploads\/2025\/12\/20200422_182331_8caeb87b-b39f-49f4-83e0-5527edd0f706_3392x-min.jpg","datePublished":"2025-12-28T10:27:59+00:00","dateModified":"2026-01-02T12:45:43+00:00","breadcrumb":{"@id":"https:\/\/1dronas.lt\/en\/produktas\/newbeedrone-whip-antenna-mmcx-for-dji\/#breadcrumb"},"inLanguage":"en-US","potentialAction":[{"@type":"ReadAction","target":["https:\/\/1dronas.lt\/en\/produktas\/newbeedrone-whip-antenna-mmcx-for-dji\/"]}]},{"@type":"ImageObject","inLanguage":"en-US","@id":"https:\/\/1dronas.lt\/en\/produktas\/newbeedrone-whip-antenna-mmcx-for-dji\/#primaryimage","url":"https:\/\/1dronas.lt\/wp-content\/uploads\/2025\/12\/20200422_182331_8caeb87b-b39f-49f4-83e0-5527edd0f706_3392x-min.jpg","contentUrl":"https:\/\/1dronas.lt\/wp-content\/uploads\/2025\/12\/20200422_182331_8caeb87b-b39f-49f4-83e0-5527edd0f706_3392x-min.jpg","width":1000,"height":1000},{"@type":"BreadcrumbList","@id":"https:\/\/1dronas.lt\/en\/produktas\/newbeedrone-whip-antenna-mmcx-for-dji\/#breadcrumb","itemListElement":[{"@type":"ListItem","position":1,"name":"Home","item":"https:\/\/1dronas.lt\/"},{"@type":"ListItem","position":2,"name":"Parduotuv\u0117","item":"https:\/\/1dronas.lt\/parduotuve\/"},{"@type":"ListItem","position":3,"name":"NewBeeDrone Whip Antenna MMCX for DJI"}]},{"@type":"WebSite","@id":"https:\/\/1dronas.lt\/en\/#website","url":"https:\/\/1dronas.lt\/en\/","name":"1dronas.lt","description":"Online store","publisher":{"@id":"https:\/\/1dronas.lt\/en\/#organization"},"potentialAction":[{"@type":"SearchAction","target":{"@type":"EntryPoint","urlTemplate":"https:\/\/1dronas.lt\/en\/?s={search_term_string}"},"query-input":{"@type":"PropertyValueSpecification","valueRequired":true,"valueName":"search_term_string"}}],"inLanguage":"en-US"},{"@type":"Organization","@id":"https:\/\/1dronas.lt\/en\/#organization","name":"1dronas.lt","url":"https:\/\/1dronas.lt\/en\/","logo":{"@type":"ImageObject","inLanguage":"en-US","@id":"https:\/\/1dronas.lt\/en\/#\/schema\/logo\/image\/","url":"https:\/\/1dronas.lt\/wp-content\/uploads\/2020\/12\/Ekrano_kopija__2_-removebg-preview-1-1.png","contentUrl":"https:\/\/1dronas.lt\/wp-content\/uploads\/2020\/12\/Ekrano_kopija__2_-removebg-preview-1-1.png","width":234,"height":81,"caption":"1dronas.lt"},"image":{"@id":"https:\/\/1dronas.lt\/en\/#\/schema\/logo\/image\/"},"sameAs":["https:\/\/www.facebook.com\/1dronas\/"]}]}},"jetpack_sharing_enabled":true,"_links":{"self":[{"href":"https:\/\/1dronas.lt\/en\/wp-json\/wp\/v2\/product\/14739","targetHints":{"allow":["GET"]}}],"collection":[{"href":"https:\/\/1dronas.lt\/en\/wp-json\/wp\/v2\/product"}],"about":[{"href":"https:\/\/1dronas.lt\/en\/wp-json\/wp\/v2\/types\/product"}],"replies":[{"embeddable":true,"href":"https:\/\/1dronas.lt\/en\/wp-json\/wp\/v2\/comments?post=14739"}],"wp:featuredmedia":[{"embeddable":true,"href":"https:\/\/1dronas.lt\/en\/wp-json\/wp\/v2\/media\/14740"}],"wp:attachment":[{"href":"https:\/\/1dronas.lt\/en\/wp-json\/wp\/v2\/media?parent=14739"}],"wp:term":[{"taxonomy":"product_brand","embeddable":true,"href":"https:\/\/1dronas.lt\/en\/wp-json\/wp\/v2\/product_brand?post=14739"},{"taxonomy":"product_cat","embeddable":true,"href":"https:\/\/1dronas.lt\/en\/wp-json\/wp\/v2\/product_cat?post=14739"},{"taxonomy":"product_tag","embeddable":true,"href":"https:\/\/1dronas.lt\/en\/wp-json\/wp\/v2\/product_tag?post=14739"}],"curies":[{"name":"wp","href":"https:\/\/api.w.org\/{rel}","templated":true}]}}