{"id":14693,"date":"2025-12-26T12:42:30","date_gmt":"2025-12-26T10:42:30","guid":{"rendered":"https:\/\/1dronas.lt\/?post_type=product&#038;p=14693"},"modified":"2026-04-10T19:55:34","modified_gmt":"2026-04-10T16:55:34","slug":"newbeedrone-azi-4-menciu-31mm-propeleriai-1-0mm","status":"publish","type":"product","link":"https:\/\/1dronas.lt\/en\/produktas\/newbeedrone-azi-4-menciu-31mm-propeleriai-1-0mm\/","title":{"rendered":"NewBeeDrone Azi 4-blade 31mm propellers 1.0mm"},"content":{"rendered":"<p data-start=\"83\" data-end=\"444\">NewBeeDrone Azi 4-blade Micro propellers are designed for maximum thrust, stability and precise control. The 31 mm four-blade design provides greater lift and more stable flight, making these propellers perfect for both FPV racing and freestyle flights. The propellers are designed for micro drones with a 1.0 mm shaft diameter. Thanks to high-quality materials and advanced construction, Azi propellers are durable. The four-blade design improves control during complex maneuvers, making it easier to maintain trajectory and stability even during aggressive flight.<\/p>\n<p data-start=\"83\" data-end=\"444\"><strong>Features:<\/strong><\/p>\n<p data-start=\"868\" data-end=\"947\">\u2022 Four-blade design for greater lifting capacity and stability;<br \/>\n\u2022 Faster acceleration;<br \/>\n\u2022 Excellent maneuverability and easier trajectory maintenance;<br \/>\n\u2022 Higher speed on straight sections;<br \/>\n\u2022 Strong low-end traction for quick recovery;<br \/>\n\u2022 Balance between power and speed.<\/p>\n<p data-start=\"868\" data-end=\"947\"><strong>Specification:<\/strong><\/p>\n<p data-start=\"1603\" data-end=\"1632\">\u2022 Manufacturer: NewBeeDrone;<br \/>\n\u2022 Model: Azi Micro Propellers;<br \/>\n\u2022 Type: Four-blade;<br \/>\n\u2022 Diameter: 31 mm;<br \/>\n\u2022 Shaft hole size: 1.0 mm;<br \/>\n\u2022 Pitch: 30.3 mm.<\/p>\n<p data-start=\"1603\" data-end=\"1632\"><strong>Package:<\/strong><\/p>\n<p data-start=\"1603\" data-end=\"1632\">4 \u00d7 CW NewBeeDrone Azi Micro Propellers;<br data-start=\"86\" data-end=\"89\" \/>4 \u00d7 CCW NewBeeDrone Azi Micro Propellers.<\/p>","protected":false},"excerpt":{"rendered":"<p><span style=\"color: #000000;\">The four-blade design improves control, making it easier to maintain trajectory and stability even during aggressive flight.<\/span><\/p>\n<p><span style=\"color: #000000;\"><strong><img loading=\"lazy\" decoding=\"async\" class=\"alignnone wp-image-1806\" src=\"https:\/\/1dronas.lt\/wp-content\/uploads\/2021\/05\/delivery-icon.png\" alt=\"\" width=\"24\" height=\"24\" srcset=\"https:\/\/1dronas.lt\/wp-content\/uploads\/2021\/05\/delivery-icon.png 35w, https:\/\/1dronas.lt\/wp-content\/uploads\/2021\/05\/delivery-icon-12x12.png 12w\" sizes=\"auto, (max-width: 24px) 100vw, 24px\" \/>\u00a0 \u00a01 \u2013 2 days<\/strong><\/span><\/p>","protected":false},"featured_media":14701,"comment_status":"open","ping_status":"closed","template":"","meta":[],"product_brand":[1037],"product_cat":[691],"product_tag":[1064,1063,1065,1061,1038],"class_list":{"0":"post-14693","1":"product","2":"type-product","3":"status-publish","4":"has-post-thumbnail","6":"product_brand-newbeedrone","7":"product_cat-whoop-propeleriai-31-49-mm","8":"product_tag-1-0mm","9":"product_tag-31mm","10":"product_tag-4-menciu","11":"product_tag-azi","12":"product_tag-newbeedrone","14":"first","15":"instock","16":"taxable","17":"shipping-taxable","18":"purchasable","19":"product-type-variable"},"yoast_head":"<!-- This site is optimized with the Yoast SEO plugin v27.4 - https:\/\/yoast.com\/product\/yoast-seo-wordpress\/ -->\n<title>NewBeeDrone Azi 4-men\u010di\u0173 31mm propeleriai 1.0mm - 1dronas.lt<\/title>\n<meta name=\"robots\" content=\"index, follow, max-snippet:-1, max-image-preview:large, max-video-preview:-1\" \/>\n<link rel=\"canonical\" href=\"https:\/\/1dronas.lt\/en\/produktas\/newbeedrone-azi-4-menciu-31mm-propeleriai-1-0mm\/\" \/>\n<meta property=\"og:locale\" content=\"en_US\" \/>\n<meta property=\"og:type\" content=\"article\" \/>\n<meta property=\"og:title\" content=\"NewBeeDrone Azi 4-men\u010di\u0173 31mm propeleriai 1.0mm - 1dronas.lt\" \/>\n<meta property=\"og:description\" content=\"Keturi\u0173 men\u010di\u0173 dizainas pagerina kontrol\u0119, leid\u017eia lengviau i\u0161laikyti trajektorij\u0105 ir stabilum\u0105 net agresyvaus skryd\u017eio metu.  \u00a0 \u00a01 \u2013 2 d. d.\" \/>\n<meta property=\"og:url\" content=\"https:\/\/1dronas.lt\/en\/produktas\/newbeedrone-azi-4-menciu-31mm-propeleriai-1-0mm\/\" \/>\n<meta property=\"og:site_name\" content=\"1dronas.lt\" \/>\n<meta property=\"article:publisher\" content=\"https:\/\/www.facebook.com\/1dronas\/\" \/>\n<meta property=\"article:modified_time\" content=\"2026-04-10T16:55:34+00:00\" \/>\n<meta property=\"og:image\" content=\"https:\/\/1dronas.lt\/wp-content\/uploads\/2025\/12\/NewBeeDrone-Azi-_Quad-Blade_-Micro-Propellers-31mm-1.0mm-Shaft-_4CCW_4CW_-NewBeeDrone-52354542_3392x-min.jpg\" \/>\n\t<meta property=\"og:image:width\" content=\"2268\" \/>\n\t<meta property=\"og:image:height\" content=\"2268\" \/>\n\t<meta property=\"og:image:type\" content=\"image\/jpeg\" \/>\n<meta name=\"twitter:card\" content=\"summary_large_image\" \/>\n<meta name=\"twitter:label1\" content=\"Est. reading time\" \/>\n\t<meta name=\"twitter:data1\" content=\"2 minutes\" \/>\n<script type=\"application\/ld+json\" class=\"yoast-schema-graph\">{\"@context\":\"https:\\\/\\\/schema.org\",\"@graph\":[{\"@type\":\"WebPage\",\"@id\":\"https:\\\/\\\/1dronas.lt\\\/en\\\/produktas\\\/newbeedrone-azi-4-menciu-31mm-propeleriai-1-0mm\\\/\",\"url\":\"https:\\\/\\\/1dronas.lt\\\/en\\\/produktas\\\/newbeedrone-azi-4-menciu-31mm-propeleriai-1-0mm\\\/\",\"name\":\"NewBeeDrone Azi 4-men\u010di\u0173 31mm propeleriai 1.0mm - 1dronas.lt\",\"isPartOf\":{\"@id\":\"https:\\\/\\\/1dronas.lt\\\/en\\\/#website\"},\"primaryImageOfPage\":{\"@id\":\"https:\\\/\\\/1dronas.lt\\\/en\\\/produktas\\\/newbeedrone-azi-4-menciu-31mm-propeleriai-1-0mm\\\/#primaryimage\"},\"image\":{\"@id\":\"https:\\\/\\\/1dronas.lt\\\/en\\\/produktas\\\/newbeedrone-azi-4-menciu-31mm-propeleriai-1-0mm\\\/#primaryimage\"},\"thumbnailUrl\":\"https:\\\/\\\/1dronas.lt\\\/wp-content\\\/uploads\\\/2025\\\/12\\\/NewBeeDrone-Azi-_Quad-Blade_-Micro-Propellers-31mm-1.0mm-Shaft-_4CCW_4CW_-NewBeeDrone-52354542_3392x-min.jpg\",\"datePublished\":\"2025-12-26T10:42:30+00:00\",\"dateModified\":\"2026-04-10T16:55:34+00:00\",\"breadcrumb\":{\"@id\":\"https:\\\/\\\/1dronas.lt\\\/en\\\/produktas\\\/newbeedrone-azi-4-menciu-31mm-propeleriai-1-0mm\\\/#breadcrumb\"},\"inLanguage\":\"en-US\",\"potentialAction\":[{\"@type\":\"ReadAction\",\"target\":[\"https:\\\/\\\/1dronas.lt\\\/en\\\/produktas\\\/newbeedrone-azi-4-menciu-31mm-propeleriai-1-0mm\\\/\"]}]},{\"@type\":\"ImageObject\",\"inLanguage\":\"en-US\",\"@id\":\"https:\\\/\\\/1dronas.lt\\\/en\\\/produktas\\\/newbeedrone-azi-4-menciu-31mm-propeleriai-1-0mm\\\/#primaryimage\",\"url\":\"https:\\\/\\\/1dronas.lt\\\/wp-content\\\/uploads\\\/2025\\\/12\\\/NewBeeDrone-Azi-_Quad-Blade_-Micro-Propellers-31mm-1.0mm-Shaft-_4CCW_4CW_-NewBeeDrone-52354542_3392x-min.jpg\",\"contentUrl\":\"https:\\\/\\\/1dronas.lt\\\/wp-content\\\/uploads\\\/2025\\\/12\\\/NewBeeDrone-Azi-_Quad-Blade_-Micro-Propellers-31mm-1.0mm-Shaft-_4CCW_4CW_-NewBeeDrone-52354542_3392x-min.jpg\",\"width\":2268,\"height\":2268},{\"@type\":\"BreadcrumbList\",\"@id\":\"https:\\\/\\\/1dronas.lt\\\/en\\\/produktas\\\/newbeedrone-azi-4-menciu-31mm-propeleriai-1-0mm\\\/#breadcrumb\",\"itemListElement\":[{\"@type\":\"ListItem\",\"position\":1,\"name\":\"Home\",\"item\":\"https:\\\/\\\/1dronas.lt\\\/\"},{\"@type\":\"ListItem\",\"position\":2,\"name\":\"Parduotuv\u0117\",\"item\":\"https:\\\/\\\/1dronas.lt\\\/parduotuve\\\/\"},{\"@type\":\"ListItem\",\"position\":3,\"name\":\"NewBeeDrone Azi 4-men\u010di\u0173 31mm propeleriai 1.0mm\"}]},{\"@type\":\"WebSite\",\"@id\":\"https:\\\/\\\/1dronas.lt\\\/en\\\/#website\",\"url\":\"https:\\\/\\\/1dronas.lt\\\/en\\\/\",\"name\":\"1dronas.lt\",\"description\":\"Internetin\u0117 parduotuv\u0117\",\"publisher\":{\"@id\":\"https:\\\/\\\/1dronas.lt\\\/en\\\/#organization\"},\"potentialAction\":[{\"@type\":\"SearchAction\",\"target\":{\"@type\":\"EntryPoint\",\"urlTemplate\":\"https:\\\/\\\/1dronas.lt\\\/en\\\/?s={search_term_string}\"},\"query-input\":{\"@type\":\"PropertyValueSpecification\",\"valueRequired\":true,\"valueName\":\"search_term_string\"}}],\"inLanguage\":\"en-US\"},{\"@type\":\"Organization\",\"@id\":\"https:\\\/\\\/1dronas.lt\\\/en\\\/#organization\",\"name\":\"1dronas.lt\",\"url\":\"https:\\\/\\\/1dronas.lt\\\/en\\\/\",\"logo\":{\"@type\":\"ImageObject\",\"inLanguage\":\"en-US\",\"@id\":\"https:\\\/\\\/1dronas.lt\\\/en\\\/#\\\/schema\\\/logo\\\/image\\\/\",\"url\":\"https:\\\/\\\/1dronas.lt\\\/wp-content\\\/uploads\\\/2020\\\/12\\\/Ekrano_kopija__2_-removebg-preview-1-1.png\",\"contentUrl\":\"https:\\\/\\\/1dronas.lt\\\/wp-content\\\/uploads\\\/2020\\\/12\\\/Ekrano_kopija__2_-removebg-preview-1-1.png\",\"width\":234,\"height\":81,\"caption\":\"1dronas.lt\"},\"image\":{\"@id\":\"https:\\\/\\\/1dronas.lt\\\/en\\\/#\\\/schema\\\/logo\\\/image\\\/\"},\"sameAs\":[\"https:\\\/\\\/www.facebook.com\\\/1dronas\\\/\"]}]}<\/script>\n<!-- \/ Yoast SEO plugin. -->","yoast_head_json":{"title":"NewBeeDrone Azi 4-men\u010di\u0173 31mm propeleriai 1.0mm - 1dronas.lt","robots":{"index":"index","follow":"follow","max-snippet":"max-snippet:-1","max-image-preview":"max-image-preview:large","max-video-preview":"max-video-preview:-1"},"canonical":"https:\/\/1dronas.lt\/en\/produktas\/newbeedrone-azi-4-menciu-31mm-propeleriai-1-0mm\/","og_locale":"en_US","og_type":"article","og_title":"NewBeeDrone Azi 4-men\u010di\u0173 31mm propeleriai 1.0mm - 1dronas.lt","og_description":"Keturi\u0173 men\u010di\u0173 dizainas pagerina kontrol\u0119, leid\u017eia lengviau i\u0161laikyti trajektorij\u0105 ir stabilum\u0105 net agresyvaus skryd\u017eio metu.  \u00a0 \u00a01 \u2013 2 d. d.","og_url":"https:\/\/1dronas.lt\/en\/produktas\/newbeedrone-azi-4-menciu-31mm-propeleriai-1-0mm\/","og_site_name":"1dronas.lt","article_publisher":"https:\/\/www.facebook.com\/1dronas\/","article_modified_time":"2026-04-10T16:55:34+00:00","og_image":[{"width":2268,"height":2268,"url":"https:\/\/1dronas.lt\/wp-content\/uploads\/2025\/12\/NewBeeDrone-Azi-_Quad-Blade_-Micro-Propellers-31mm-1.0mm-Shaft-_4CCW_4CW_-NewBeeDrone-52354542_3392x-min.jpg","type":"image\/jpeg"}],"twitter_card":"summary_large_image","twitter_misc":{"Est. reading time":"2 minutes"},"schema":{"@context":"https:\/\/schema.org","@graph":[{"@type":"WebPage","@id":"https:\/\/1dronas.lt\/en\/produktas\/newbeedrone-azi-4-menciu-31mm-propeleriai-1-0mm\/","url":"https:\/\/1dronas.lt\/en\/produktas\/newbeedrone-azi-4-menciu-31mm-propeleriai-1-0mm\/","name":"NewBeeDrone Azi 4-men\u010di\u0173 31mm propeleriai 1.0mm - 1dronas.lt","isPartOf":{"@id":"https:\/\/1dronas.lt\/en\/#website"},"primaryImageOfPage":{"@id":"https:\/\/1dronas.lt\/en\/produktas\/newbeedrone-azi-4-menciu-31mm-propeleriai-1-0mm\/#primaryimage"},"image":{"@id":"https:\/\/1dronas.lt\/en\/produktas\/newbeedrone-azi-4-menciu-31mm-propeleriai-1-0mm\/#primaryimage"},"thumbnailUrl":"https:\/\/1dronas.lt\/wp-content\/uploads\/2025\/12\/NewBeeDrone-Azi-_Quad-Blade_-Micro-Propellers-31mm-1.0mm-Shaft-_4CCW_4CW_-NewBeeDrone-52354542_3392x-min.jpg","datePublished":"2025-12-26T10:42:30+00:00","dateModified":"2026-04-10T16:55:34+00:00","breadcrumb":{"@id":"https:\/\/1dronas.lt\/en\/produktas\/newbeedrone-azi-4-menciu-31mm-propeleriai-1-0mm\/#breadcrumb"},"inLanguage":"en-US","potentialAction":[{"@type":"ReadAction","target":["https:\/\/1dronas.lt\/en\/produktas\/newbeedrone-azi-4-menciu-31mm-propeleriai-1-0mm\/"]}]},{"@type":"ImageObject","inLanguage":"en-US","@id":"https:\/\/1dronas.lt\/en\/produktas\/newbeedrone-azi-4-menciu-31mm-propeleriai-1-0mm\/#primaryimage","url":"https:\/\/1dronas.lt\/wp-content\/uploads\/2025\/12\/NewBeeDrone-Azi-_Quad-Blade_-Micro-Propellers-31mm-1.0mm-Shaft-_4CCW_4CW_-NewBeeDrone-52354542_3392x-min.jpg","contentUrl":"https:\/\/1dronas.lt\/wp-content\/uploads\/2025\/12\/NewBeeDrone-Azi-_Quad-Blade_-Micro-Propellers-31mm-1.0mm-Shaft-_4CCW_4CW_-NewBeeDrone-52354542_3392x-min.jpg","width":2268,"height":2268},{"@type":"BreadcrumbList","@id":"https:\/\/1dronas.lt\/en\/produktas\/newbeedrone-azi-4-menciu-31mm-propeleriai-1-0mm\/#breadcrumb","itemListElement":[{"@type":"ListItem","position":1,"name":"Home","item":"https:\/\/1dronas.lt\/"},{"@type":"ListItem","position":2,"name":"Parduotuv\u0117","item":"https:\/\/1dronas.lt\/parduotuve\/"},{"@type":"ListItem","position":3,"name":"NewBeeDrone Azi 4-men\u010di\u0173 31mm propeleriai 1.0mm"}]},{"@type":"WebSite","@id":"https:\/\/1dronas.lt\/en\/#website","url":"https:\/\/1dronas.lt\/en\/","name":"1dronas.lt","description":"Online store","publisher":{"@id":"https:\/\/1dronas.lt\/en\/#organization"},"potentialAction":[{"@type":"SearchAction","target":{"@type":"EntryPoint","urlTemplate":"https:\/\/1dronas.lt\/en\/?s={search_term_string}"},"query-input":{"@type":"PropertyValueSpecification","valueRequired":true,"valueName":"search_term_string"}}],"inLanguage":"en-US"},{"@type":"Organization","@id":"https:\/\/1dronas.lt\/en\/#organization","name":"1dronas.lt","url":"https:\/\/1dronas.lt\/en\/","logo":{"@type":"ImageObject","inLanguage":"en-US","@id":"https:\/\/1dronas.lt\/en\/#\/schema\/logo\/image\/","url":"https:\/\/1dronas.lt\/wp-content\/uploads\/2020\/12\/Ekrano_kopija__2_-removebg-preview-1-1.png","contentUrl":"https:\/\/1dronas.lt\/wp-content\/uploads\/2020\/12\/Ekrano_kopija__2_-removebg-preview-1-1.png","width":234,"height":81,"caption":"1dronas.lt"},"image":{"@id":"https:\/\/1dronas.lt\/en\/#\/schema\/logo\/image\/"},"sameAs":["https:\/\/www.facebook.com\/1dronas\/"]}]}},"jetpack_sharing_enabled":true,"_links":{"self":[{"href":"https:\/\/1dronas.lt\/en\/wp-json\/wp\/v2\/product\/14693","targetHints":{"allow":["GET"]}}],"collection":[{"href":"https:\/\/1dronas.lt\/en\/wp-json\/wp\/v2\/product"}],"about":[{"href":"https:\/\/1dronas.lt\/en\/wp-json\/wp\/v2\/types\/product"}],"replies":[{"embeddable":true,"href":"https:\/\/1dronas.lt\/en\/wp-json\/wp\/v2\/comments?post=14693"}],"wp:featuredmedia":[{"embeddable":true,"href":"https:\/\/1dronas.lt\/en\/wp-json\/wp\/v2\/media\/14701"}],"wp:attachment":[{"href":"https:\/\/1dronas.lt\/en\/wp-json\/wp\/v2\/media?parent=14693"}],"wp:term":[{"taxonomy":"product_brand","embeddable":true,"href":"https:\/\/1dronas.lt\/en\/wp-json\/wp\/v2\/product_brand?post=14693"},{"taxonomy":"product_cat","embeddable":true,"href":"https:\/\/1dronas.lt\/en\/wp-json\/wp\/v2\/product_cat?post=14693"},{"taxonomy":"product_tag","embeddable":true,"href":"https:\/\/1dronas.lt\/en\/wp-json\/wp\/v2\/product_tag?post=14693"}],"curies":[{"name":"wp","href":"https:\/\/api.w.org\/{rel}","templated":true}]}}