{"id":14568,"date":"2025-12-21T15:02:20","date_gmt":"2025-12-21T13:02:20","guid":{"rendered":"https:\/\/1dronas.lt\/?post_type=product&#038;p=14568"},"modified":"2025-12-21T15:05:32","modified_gmt":"2025-12-21T13:05:32","slug":"newbeedrone-nx69-whoop-pigtail-cable-20awg","status":"publish","type":"product","link":"https:\/\/1dronas.lt\/en\/produktas\/newbeedrone-nx69-whoop-pigtail-cable-20awg\/","title":{"rendered":"NewBeeDrone NX69 Whoop Pigtail Cable 20AWG"},"content":{"rendered":"<p>The pigtail set specifically designed for the NX69 system uses 20 AWG ultra-low impedance wire \u2013 the largest diameter power cable ever used in the whoop drone industry. Weighing just 1g per wire, the optimized length of 40mm ensures an ideal weight ratio and excellent current transfer.<\/p>\n<p><strong>Features:<\/strong><\/p>\n<p data-start=\"0\" data-end=\"159\">\u2022 Factory soldered next-generation NX69 connector, ensuring seamless integration with NX69 batteries and chargers;<br \/>\n\u2022 The cable connector is designed with a right angle arrangement, facilitating cable routing in tight frames and saving space;<br \/>\n\u2022 Only 40 mm long (cable only), minimizing excess length, reducing weight and without compromising functionality.<\/p>\n<p data-start=\"0\" data-end=\"159\"><strong>Specification:<\/strong><\/p>\n<p data-start=\"0\" data-end=\"159\">\u2022 Connector: NX69;<br data-start=\"165\" data-end=\"168\" \/>\u2022 Wire type: 20 AWG silicone power wire;<br data-start=\"274\" data-end=\"277\" \/>\u2022 Cable angle: 90\u00b0<br data-start=\"296\" data-end=\"299\" \/>\u2022 Cable length: 40 mm (cable only);<br \/>\n\u2022 Total length: 43 mm (with connector);<br data-start=\"332\" data-end=\"335\" \/>\u2022 Weight: ~2 g;<br data-start=\"361\" data-end=\"364\" \/>\u2022 Compatibility: NX69 batteries and chargers;<br data-start=\"408\" data-end=\"411\" \/>\u2022 Purpose: power pigtail cable for whoop drones.<\/p>\n<p data-start=\"0\" data-end=\"159\"><strong>Package:<\/strong><\/p>\n<p data-start=\"0\" data-end=\"159\">2x NewBeeDrone NX69 Whoop Pigtail Cable 20AWG.<\/p>","protected":false},"excerpt":{"rendered":"<p><span style=\"color: #000000;\">The next-generation NX69 connector is factory soldered, ensuring seamless integration with NX69 batteries and chargers.<\/span><\/p>\n<p><span style=\"color: #000000;\"><strong><img loading=\"lazy\" decoding=\"async\" class=\"alignnone wp-image-1806\" src=\"https:\/\/1dronas.lt\/wp-content\/uploads\/2021\/05\/delivery-icon.png\" alt=\"\" width=\"24\" height=\"24\" srcset=\"https:\/\/1dronas.lt\/wp-content\/uploads\/2021\/05\/delivery-icon.png 35w, https:\/\/1dronas.lt\/wp-content\/uploads\/2021\/05\/delivery-icon-12x12.png 12w\" sizes=\"auto, (max-width: 24px) 100vw, 24px\" \/><\/strong><strong>\u00a0\u00a0<\/strong><strong>1 \u2013 2 days<\/strong><\/span><\/p>","protected":false},"featured_media":14571,"comment_status":"open","ping_status":"closed","template":"","meta":[],"product_brand":[1037],"product_cat":[676],"product_tag":[1051,1038,1050,432],"class_list":{"0":"post-14568","1":"product","2":"type-product","3":"status-publish","4":"has-post-thumbnail","6":"product_brand-newbeedrone","7":"product_cat-laidai-jungtys","8":"product_tag-20awg","9":"product_tag-newbeedrone","10":"product_tag-nx69","11":"product_tag-pigtail-cable","13":"first","14":"instock","15":"taxable","16":"shipping-taxable","17":"purchasable","18":"product-type-simple"},"yoast_head":"<!-- This site is optimized with the Yoast SEO plugin v27.5 - https:\/\/yoast.com\/product\/yoast-seo-wordpress\/ -->\n<title>NewBeeDrone NX69 Whoop Pigtail Cable 20AWG - 1dronas.lt<\/title>\n<meta name=\"robots\" content=\"index, follow, max-snippet:-1, max-image-preview:large, max-video-preview:-1\" \/>\n<link rel=\"canonical\" href=\"https:\/\/1dronas.lt\/en\/produktas\/newbeedrone-nx69-whoop-pigtail-cable-20awg\/\" \/>\n<meta property=\"og:locale\" content=\"en_US\" \/>\n<meta property=\"og:type\" content=\"article\" \/>\n<meta property=\"og:title\" content=\"NewBeeDrone NX69 Whoop Pigtail Cable 20AWG - 1dronas.lt\" \/>\n<meta property=\"og:description\" content=\"Gamykloje prilituota naujos kartos NX69 jungtis, u\u017etikrinanti skland\u017ei\u0105 integracij\u0105 su NX69 baterijomis ir \u012fkrovikliais.  \u00a0\u00a01 \u2013 2 d. d.\" \/>\n<meta property=\"og:url\" content=\"https:\/\/1dronas.lt\/en\/produktas\/newbeedrone-nx69-whoop-pigtail-cable-20awg\/\" \/>\n<meta property=\"og:site_name\" content=\"1dronas.lt\" \/>\n<meta property=\"article:publisher\" content=\"https:\/\/www.facebook.com\/1dronas\/\" \/>\n<meta property=\"article:modified_time\" content=\"2025-12-21T13:05:32+00:00\" \/>\n<meta property=\"og:image\" content=\"https:\/\/1dronas.lt\/wp-content\/uploads\/2025\/12\/NewBeeDrone-NX69-Whoop-Pigtail-Cable-20AWG-40mm-x2-NewBeeDrone-150915863_3392x-min.jpg\" \/>\n\t<meta property=\"og:image:width\" content=\"2268\" \/>\n\t<meta property=\"og:image:height\" content=\"2268\" \/>\n\t<meta property=\"og:image:type\" content=\"image\/jpeg\" \/>\n<meta name=\"twitter:card\" content=\"summary_large_image\" \/>\n<meta name=\"twitter:label1\" content=\"Est. reading time\" \/>\n\t<meta name=\"twitter:data1\" content=\"1 minute\" \/>\n<script type=\"application\/ld+json\" class=\"yoast-schema-graph\">{\"@context\":\"https:\\\/\\\/schema.org\",\"@graph\":[{\"@type\":\"WebPage\",\"@id\":\"https:\\\/\\\/1dronas.lt\\\/en\\\/produktas\\\/newbeedrone-nx69-whoop-pigtail-cable-20awg\\\/\",\"url\":\"https:\\\/\\\/1dronas.lt\\\/en\\\/produktas\\\/newbeedrone-nx69-whoop-pigtail-cable-20awg\\\/\",\"name\":\"NewBeeDrone NX69 Whoop Pigtail Cable 20AWG - 1dronas.lt\",\"isPartOf\":{\"@id\":\"https:\\\/\\\/1dronas.lt\\\/en\\\/#website\"},\"primaryImageOfPage\":{\"@id\":\"https:\\\/\\\/1dronas.lt\\\/en\\\/produktas\\\/newbeedrone-nx69-whoop-pigtail-cable-20awg\\\/#primaryimage\"},\"image\":{\"@id\":\"https:\\\/\\\/1dronas.lt\\\/en\\\/produktas\\\/newbeedrone-nx69-whoop-pigtail-cable-20awg\\\/#primaryimage\"},\"thumbnailUrl\":\"https:\\\/\\\/1dronas.lt\\\/wp-content\\\/uploads\\\/2025\\\/12\\\/NewBeeDrone-NX69-Whoop-Pigtail-Cable-20AWG-40mm-x2-NewBeeDrone-150915863_3392x-min.jpg\",\"datePublished\":\"2025-12-21T13:02:20+00:00\",\"dateModified\":\"2025-12-21T13:05:32+00:00\",\"breadcrumb\":{\"@id\":\"https:\\\/\\\/1dronas.lt\\\/en\\\/produktas\\\/newbeedrone-nx69-whoop-pigtail-cable-20awg\\\/#breadcrumb\"},\"inLanguage\":\"en-US\",\"potentialAction\":[{\"@type\":\"ReadAction\",\"target\":[\"https:\\\/\\\/1dronas.lt\\\/en\\\/produktas\\\/newbeedrone-nx69-whoop-pigtail-cable-20awg\\\/\"]}]},{\"@type\":\"ImageObject\",\"inLanguage\":\"en-US\",\"@id\":\"https:\\\/\\\/1dronas.lt\\\/en\\\/produktas\\\/newbeedrone-nx69-whoop-pigtail-cable-20awg\\\/#primaryimage\",\"url\":\"https:\\\/\\\/1dronas.lt\\\/wp-content\\\/uploads\\\/2025\\\/12\\\/NewBeeDrone-NX69-Whoop-Pigtail-Cable-20AWG-40mm-x2-NewBeeDrone-150915863_3392x-min.jpg\",\"contentUrl\":\"https:\\\/\\\/1dronas.lt\\\/wp-content\\\/uploads\\\/2025\\\/12\\\/NewBeeDrone-NX69-Whoop-Pigtail-Cable-20AWG-40mm-x2-NewBeeDrone-150915863_3392x-min.jpg\",\"width\":2268,\"height\":2268},{\"@type\":\"BreadcrumbList\",\"@id\":\"https:\\\/\\\/1dronas.lt\\\/en\\\/produktas\\\/newbeedrone-nx69-whoop-pigtail-cable-20awg\\\/#breadcrumb\",\"itemListElement\":[{\"@type\":\"ListItem\",\"position\":1,\"name\":\"Home\",\"item\":\"https:\\\/\\\/1dronas.lt\\\/\"},{\"@type\":\"ListItem\",\"position\":2,\"name\":\"Parduotuv\u0117\",\"item\":\"https:\\\/\\\/1dronas.lt\\\/parduotuve\\\/\"},{\"@type\":\"ListItem\",\"position\":3,\"name\":\"NewBeeDrone NX69 Whoop Pigtail Cable 20AWG\"}]},{\"@type\":\"WebSite\",\"@id\":\"https:\\\/\\\/1dronas.lt\\\/en\\\/#website\",\"url\":\"https:\\\/\\\/1dronas.lt\\\/en\\\/\",\"name\":\"1dronas.lt\",\"description\":\"Internetin\u0117 parduotuv\u0117\",\"publisher\":{\"@id\":\"https:\\\/\\\/1dronas.lt\\\/en\\\/#organization\"},\"potentialAction\":[{\"@type\":\"SearchAction\",\"target\":{\"@type\":\"EntryPoint\",\"urlTemplate\":\"https:\\\/\\\/1dronas.lt\\\/en\\\/?s={search_term_string}\"},\"query-input\":{\"@type\":\"PropertyValueSpecification\",\"valueRequired\":true,\"valueName\":\"search_term_string\"}}],\"inLanguage\":\"en-US\"},{\"@type\":\"Organization\",\"@id\":\"https:\\\/\\\/1dronas.lt\\\/en\\\/#organization\",\"name\":\"1dronas.lt\",\"url\":\"https:\\\/\\\/1dronas.lt\\\/en\\\/\",\"logo\":{\"@type\":\"ImageObject\",\"inLanguage\":\"en-US\",\"@id\":\"https:\\\/\\\/1dronas.lt\\\/en\\\/#\\\/schema\\\/logo\\\/image\\\/\",\"url\":\"https:\\\/\\\/1dronas.lt\\\/wp-content\\\/uploads\\\/2020\\\/12\\\/Ekrano_kopija__2_-removebg-preview-1-1.png\",\"contentUrl\":\"https:\\\/\\\/1dronas.lt\\\/wp-content\\\/uploads\\\/2020\\\/12\\\/Ekrano_kopija__2_-removebg-preview-1-1.png\",\"width\":234,\"height\":81,\"caption\":\"1dronas.lt\"},\"image\":{\"@id\":\"https:\\\/\\\/1dronas.lt\\\/en\\\/#\\\/schema\\\/logo\\\/image\\\/\"},\"sameAs\":[\"https:\\\/\\\/www.facebook.com\\\/1dronas\\\/\"]}]}<\/script>\n<!-- \/ Yoast SEO plugin. -->","yoast_head_json":{"title":"NewBeeDrone NX69 Whoop Pigtail Cable 20AWG - 1dronas.lt","robots":{"index":"index","follow":"follow","max-snippet":"max-snippet:-1","max-image-preview":"max-image-preview:large","max-video-preview":"max-video-preview:-1"},"canonical":"https:\/\/1dronas.lt\/en\/produktas\/newbeedrone-nx69-whoop-pigtail-cable-20awg\/","og_locale":"en_US","og_type":"article","og_title":"NewBeeDrone NX69 Whoop Pigtail Cable 20AWG - 1dronas.lt","og_description":"Gamykloje prilituota naujos kartos NX69 jungtis, u\u017etikrinanti skland\u017ei\u0105 integracij\u0105 su NX69 baterijomis ir \u012fkrovikliais.  \u00a0\u00a01 \u2013 2 d. d.","og_url":"https:\/\/1dronas.lt\/en\/produktas\/newbeedrone-nx69-whoop-pigtail-cable-20awg\/","og_site_name":"1dronas.lt","article_publisher":"https:\/\/www.facebook.com\/1dronas\/","article_modified_time":"2025-12-21T13:05:32+00:00","og_image":[{"width":2268,"height":2268,"url":"https:\/\/1dronas.lt\/wp-content\/uploads\/2025\/12\/NewBeeDrone-NX69-Whoop-Pigtail-Cable-20AWG-40mm-x2-NewBeeDrone-150915863_3392x-min.jpg","type":"image\/jpeg"}],"twitter_card":"summary_large_image","twitter_misc":{"Est. reading time":"1 minute"},"schema":{"@context":"https:\/\/schema.org","@graph":[{"@type":"WebPage","@id":"https:\/\/1dronas.lt\/en\/produktas\/newbeedrone-nx69-whoop-pigtail-cable-20awg\/","url":"https:\/\/1dronas.lt\/en\/produktas\/newbeedrone-nx69-whoop-pigtail-cable-20awg\/","name":"NewBeeDrone NX69 Whoop Pigtail Cable 20AWG - 1dronas.lt","isPartOf":{"@id":"https:\/\/1dronas.lt\/en\/#website"},"primaryImageOfPage":{"@id":"https:\/\/1dronas.lt\/en\/produktas\/newbeedrone-nx69-whoop-pigtail-cable-20awg\/#primaryimage"},"image":{"@id":"https:\/\/1dronas.lt\/en\/produktas\/newbeedrone-nx69-whoop-pigtail-cable-20awg\/#primaryimage"},"thumbnailUrl":"https:\/\/1dronas.lt\/wp-content\/uploads\/2025\/12\/NewBeeDrone-NX69-Whoop-Pigtail-Cable-20AWG-40mm-x2-NewBeeDrone-150915863_3392x-min.jpg","datePublished":"2025-12-21T13:02:20+00:00","dateModified":"2025-12-21T13:05:32+00:00","breadcrumb":{"@id":"https:\/\/1dronas.lt\/en\/produktas\/newbeedrone-nx69-whoop-pigtail-cable-20awg\/#breadcrumb"},"inLanguage":"en-US","potentialAction":[{"@type":"ReadAction","target":["https:\/\/1dronas.lt\/en\/produktas\/newbeedrone-nx69-whoop-pigtail-cable-20awg\/"]}]},{"@type":"ImageObject","inLanguage":"en-US","@id":"https:\/\/1dronas.lt\/en\/produktas\/newbeedrone-nx69-whoop-pigtail-cable-20awg\/#primaryimage","url":"https:\/\/1dronas.lt\/wp-content\/uploads\/2025\/12\/NewBeeDrone-NX69-Whoop-Pigtail-Cable-20AWG-40mm-x2-NewBeeDrone-150915863_3392x-min.jpg","contentUrl":"https:\/\/1dronas.lt\/wp-content\/uploads\/2025\/12\/NewBeeDrone-NX69-Whoop-Pigtail-Cable-20AWG-40mm-x2-NewBeeDrone-150915863_3392x-min.jpg","width":2268,"height":2268},{"@type":"BreadcrumbList","@id":"https:\/\/1dronas.lt\/en\/produktas\/newbeedrone-nx69-whoop-pigtail-cable-20awg\/#breadcrumb","itemListElement":[{"@type":"ListItem","position":1,"name":"Home","item":"https:\/\/1dronas.lt\/"},{"@type":"ListItem","position":2,"name":"Parduotuv\u0117","item":"https:\/\/1dronas.lt\/parduotuve\/"},{"@type":"ListItem","position":3,"name":"NewBeeDrone NX69 Whoop Pigtail Cable 20AWG"}]},{"@type":"WebSite","@id":"https:\/\/1dronas.lt\/en\/#website","url":"https:\/\/1dronas.lt\/en\/","name":"1dronas.lt","description":"Online store","publisher":{"@id":"https:\/\/1dronas.lt\/en\/#organization"},"potentialAction":[{"@type":"SearchAction","target":{"@type":"EntryPoint","urlTemplate":"https:\/\/1dronas.lt\/en\/?s={search_term_string}"},"query-input":{"@type":"PropertyValueSpecification","valueRequired":true,"valueName":"search_term_string"}}],"inLanguage":"en-US"},{"@type":"Organization","@id":"https:\/\/1dronas.lt\/en\/#organization","name":"1dronas.lt","url":"https:\/\/1dronas.lt\/en\/","logo":{"@type":"ImageObject","inLanguage":"en-US","@id":"https:\/\/1dronas.lt\/en\/#\/schema\/logo\/image\/","url":"https:\/\/1dronas.lt\/wp-content\/uploads\/2020\/12\/Ekrano_kopija__2_-removebg-preview-1-1.png","contentUrl":"https:\/\/1dronas.lt\/wp-content\/uploads\/2020\/12\/Ekrano_kopija__2_-removebg-preview-1-1.png","width":234,"height":81,"caption":"1dronas.lt"},"image":{"@id":"https:\/\/1dronas.lt\/en\/#\/schema\/logo\/image\/"},"sameAs":["https:\/\/www.facebook.com\/1dronas\/"]}]}},"jetpack_sharing_enabled":true,"_links":{"self":[{"href":"https:\/\/1dronas.lt\/en\/wp-json\/wp\/v2\/product\/14568","targetHints":{"allow":["GET"]}}],"collection":[{"href":"https:\/\/1dronas.lt\/en\/wp-json\/wp\/v2\/product"}],"about":[{"href":"https:\/\/1dronas.lt\/en\/wp-json\/wp\/v2\/types\/product"}],"replies":[{"embeddable":true,"href":"https:\/\/1dronas.lt\/en\/wp-json\/wp\/v2\/comments?post=14568"}],"wp:featuredmedia":[{"embeddable":true,"href":"https:\/\/1dronas.lt\/en\/wp-json\/wp\/v2\/media\/14571"}],"wp:attachment":[{"href":"https:\/\/1dronas.lt\/en\/wp-json\/wp\/v2\/media?parent=14568"}],"wp:term":[{"taxonomy":"product_brand","embeddable":true,"href":"https:\/\/1dronas.lt\/en\/wp-json\/wp\/v2\/product_brand?post=14568"},{"taxonomy":"product_cat","embeddable":true,"href":"https:\/\/1dronas.lt\/en\/wp-json\/wp\/v2\/product_cat?post=14568"},{"taxonomy":"product_tag","embeddable":true,"href":"https:\/\/1dronas.lt\/en\/wp-json\/wp\/v2\/product_tag?post=14568"}],"curies":[{"name":"wp","href":"https:\/\/api.w.org\/{rel}","templated":true}]}}