{"id":14554,"date":"2025-12-21T12:15:43","date_gmt":"2025-12-21T10:15:43","guid":{"rendered":"https:\/\/1dronas.lt\/?post_type=product&#038;p=14554"},"modified":"2026-05-05T10:26:35","modified_gmt":"2026-05-05T07:26:35","slug":"newbeedrone-whoop-propypop-propeleriu-nuemimo-irankis","status":"publish","type":"product","link":"https:\/\/1dronas.lt\/en\/produktas\/newbeedrone-whoop-propypop-propeleriu-nuemimo-irankis\/","title":{"rendered":"NewBeeDrone Whoop PropyPop Propeller Removal Tool"},"content":{"rendered":"<p><iframe loading=\"lazy\" title=\"Full CNC Whoop Prop Popper | NewBeeDrone PropyPop Tool\" width=\"1020\" height=\"574\" src=\"https:\/\/www.youtube.com\/embed\/wt1WVCb_EmE?feature=oembed\" frameborder=\"0\" allow=\"accelerometer; autoplay; clipboard-write; encrypted-media; gyroscope; picture-in-picture; web-share\" referrerpolicy=\"strict-origin-when-cross-origin\" allowfullscreen><\/iframe><\/p>\n<p data-start=\"34\" data-end=\"223\"><strong>Features:<\/strong><\/p>\n<p data-start=\"34\" data-end=\"223\"><strong>\u2022\u00a0<\/strong>The NewBeeDrone Whoop PropyPop tool is designed to easily remove press-fit whoop propellers from 0.8 mm and 1.0 mm motor shafts.<br \/>\n<strong>\u2022\u00a0<\/strong>Interchangeable tips (0.7 mm and 0.9 mm diameter) ensure compatibility with different motor shafts and do not get stuck in screws;<br \/>\n<strong>\u2022\u00a0<\/strong>The precision-machined, anodized CNC aluminum housing ensures smooth gliding and reduces wobble when pressing the shaft down;<br \/>\n<strong>\u2022\u00a0<\/strong>Use a 0.7 mm tip for 0.8 mm shafts and a 0.9 mm tip for 1.0 mm shafts;<\/p>\n<p data-start=\"34\" data-end=\"223\"><img loading=\"lazy\" decoding=\"async\" class=\"alignnone wp-image-14558 size-large\" src=\"https:\/\/1dronas.lt\/wp-content\/uploads\/2025\/12\/NewBeeDrone-Whoop-PropyPop-Tool-for-Easy-Propeller-Removal-NewBeeDrone-150779269_3392x-min-1024x1024.jpg\" alt=\"\" width=\"1020\" height=\"1020\" srcset=\"https:\/\/1dronas.lt\/wp-content\/uploads\/2025\/12\/NewBeeDrone-Whoop-PropyPop-Tool-for-Easy-Propeller-Removal-NewBeeDrone-150779269_3392x-min-1024x1024.jpg 1024w, https:\/\/1dronas.lt\/wp-content\/uploads\/2025\/12\/NewBeeDrone-Whoop-PropyPop-Tool-for-Easy-Propeller-Removal-NewBeeDrone-150779269_3392x-min-300x300.jpg 300w, https:\/\/1dronas.lt\/wp-content\/uploads\/2025\/12\/NewBeeDrone-Whoop-PropyPop-Tool-for-Easy-Propeller-Removal-NewBeeDrone-150779269_3392x-min-150x150.jpg 150w, https:\/\/1dronas.lt\/wp-content\/uploads\/2025\/12\/NewBeeDrone-Whoop-PropyPop-Tool-for-Easy-Propeller-Removal-NewBeeDrone-150779269_3392x-min-768x768.jpg 768w, https:\/\/1dronas.lt\/wp-content\/uploads\/2025\/12\/NewBeeDrone-Whoop-PropyPop-Tool-for-Easy-Propeller-Removal-NewBeeDrone-150779269_3392x-min-1536x1536.jpg 1536w, https:\/\/1dronas.lt\/wp-content\/uploads\/2025\/12\/NewBeeDrone-Whoop-PropyPop-Tool-for-Easy-Propeller-Removal-NewBeeDrone-150779269_3392x-min-2048x2048.jpg 2048w, https:\/\/1dronas.lt\/wp-content\/uploads\/2025\/12\/NewBeeDrone-Whoop-PropyPop-Tool-for-Easy-Propeller-Removal-NewBeeDrone-150779269_3392x-min-12x12.jpg 12w, https:\/\/1dronas.lt\/wp-content\/uploads\/2025\/12\/NewBeeDrone-Whoop-PropyPop-Tool-for-Easy-Propeller-Removal-NewBeeDrone-150779269_3392x-min-247x247.jpg 247w, https:\/\/1dronas.lt\/wp-content\/uploads\/2025\/12\/NewBeeDrone-Whoop-PropyPop-Tool-for-Easy-Propeller-Removal-NewBeeDrone-150779269_3392x-min-510x510.jpg 510w, https:\/\/1dronas.lt\/wp-content\/uploads\/2025\/12\/NewBeeDrone-Whoop-PropyPop-Tool-for-Easy-Propeller-Removal-NewBeeDrone-150779269_3392x-min-100x100.jpg 100w\" sizes=\"auto, (max-width: 1020px) 100vw, 1020px\" \/><\/p>\n<p data-start=\"34\" data-end=\"223\"><strong>Package:<\/strong><\/p>\n<p data-start=\"34\" data-end=\"223\">1x NewBeeDrone PropyPop propeller removal tool;<br \/>\n2x 0.7mm anvils;<br \/>\n3x 0.9mm tips.<\/p>","protected":false},"excerpt":{"rendered":"<p><span style=\"color: #000000;\">This will be the only screw removal tool you will ever need!<\/span><\/p>\n<p><span style=\"color: #000000;\"><strong><img loading=\"lazy\" decoding=\"async\" class=\"alignnone wp-image-1806\" src=\"https:\/\/1dronas.lt\/wp-content\/uploads\/2021\/05\/delivery-icon.png.webp\" alt=\"\" width=\"24\" height=\"24\" srcset=\"https:\/\/1dronas.lt\/wp-content\/uploads\/2021\/05\/delivery-icon.png 35w, https:\/\/1dronas.lt\/wp-content\/uploads\/2021\/05\/delivery-icon-12x12.png 12w\" sizes=\"auto, (max-width: 24px) 100vw, 24px\" \/>\u00a0 1 \u2013 2 days<\/strong><\/span><\/p>","protected":false},"featured_media":14555,"comment_status":"open","ping_status":"closed","template":"","meta":[],"product_brand":[1037],"product_cat":[679],"product_tag":[1038,1047,1046,113],"class_list":{"0":"post-14554","1":"product","2":"type-product","3":"status-publish","4":"has-post-thumbnail","6":"product_brand-newbeedrone","7":"product_cat-irankiai","8":"product_tag-newbeedrone","9":"product_tag-propeleriu-nuemimo-irankis","10":"product_tag-propypop","11":"product_tag-whoop","13":"first","14":"instock","15":"taxable","16":"shipping-taxable","17":"purchasable","18":"product-type-simple"},"yoast_head":"<!-- This site is optimized with the Yoast SEO plugin v27.5 - https:\/\/yoast.com\/product\/yoast-seo-wordpress\/ -->\n<title>NewBeeDrone Whoop PropyPop Propeleri\u0173 nu\u0117mimo \u012frankis - 1dronas.lt<\/title>\n<meta name=\"robots\" content=\"index, follow, max-snippet:-1, max-image-preview:large, max-video-preview:-1\" \/>\n<link rel=\"canonical\" href=\"https:\/\/1dronas.lt\/en\/produktas\/newbeedrone-whoop-propypop-propeleriu-nuemimo-irankis\/\" \/>\n<meta property=\"og:locale\" content=\"en_US\" \/>\n<meta property=\"og:type\" content=\"article\" \/>\n<meta property=\"og:title\" content=\"NewBeeDrone Whoop PropyPop Propeleri\u0173 nu\u0117mimo \u012frankis - 1dronas.lt\" \/>\n<meta property=\"og:description\" content=\"Tai taps vieninteliu sraigt\u0173 nu\u0117mimo \u012frankiu, kokio jums kada nors reik\u0117s!  \u00a0 1 \u2013 2 d. d.\" \/>\n<meta property=\"og:url\" content=\"https:\/\/1dronas.lt\/en\/produktas\/newbeedrone-whoop-propypop-propeleriu-nuemimo-irankis\/\" \/>\n<meta property=\"og:site_name\" content=\"1dronas.lt\" \/>\n<meta property=\"article:publisher\" content=\"https:\/\/www.facebook.com\/1dronas\/\" \/>\n<meta property=\"article:modified_time\" content=\"2026-05-05T07:26:35+00:00\" \/>\n<meta property=\"og:image\" content=\"https:\/\/1dronas.lt\/wp-content\/uploads\/2025\/12\/NewBeeDrone-Whoop-PropyPop-Tool-for-Easy-Propeller-Removal-NewBeeDrone-150778969_3392x-min.jpg\" \/>\n\t<meta property=\"og:image:width\" content=\"2268\" \/>\n\t<meta property=\"og:image:height\" content=\"2268\" \/>\n\t<meta property=\"og:image:type\" content=\"image\/jpeg\" \/>\n<meta name=\"twitter:card\" content=\"summary_large_image\" \/>\n<meta name=\"twitter:label1\" content=\"Est. reading time\" \/>\n\t<meta name=\"twitter:data1\" content=\"1 minute\" \/>\n<script type=\"application\/ld+json\" class=\"yoast-schema-graph\">{\"@context\":\"https:\\\/\\\/schema.org\",\"@graph\":[{\"@type\":\"WebPage\",\"@id\":\"https:\\\/\\\/1dronas.lt\\\/en\\\/produktas\\\/newbeedrone-whoop-propypop-propeleriu-nuemimo-irankis\\\/\",\"url\":\"https:\\\/\\\/1dronas.lt\\\/en\\\/produktas\\\/newbeedrone-whoop-propypop-propeleriu-nuemimo-irankis\\\/\",\"name\":\"NewBeeDrone Whoop PropyPop Propeleri\u0173 nu\u0117mimo \u012frankis - 1dronas.lt\",\"isPartOf\":{\"@id\":\"https:\\\/\\\/1dronas.lt\\\/en\\\/#website\"},\"primaryImageOfPage\":{\"@id\":\"https:\\\/\\\/1dronas.lt\\\/en\\\/produktas\\\/newbeedrone-whoop-propypop-propeleriu-nuemimo-irankis\\\/#primaryimage\"},\"image\":{\"@id\":\"https:\\\/\\\/1dronas.lt\\\/en\\\/produktas\\\/newbeedrone-whoop-propypop-propeleriu-nuemimo-irankis\\\/#primaryimage\"},\"thumbnailUrl\":\"https:\\\/\\\/1dronas.lt\\\/wp-content\\\/uploads\\\/2025\\\/12\\\/NewBeeDrone-Whoop-PropyPop-Tool-for-Easy-Propeller-Removal-NewBeeDrone-150778969_3392x-min.jpg\",\"datePublished\":\"2025-12-21T10:15:43+00:00\",\"dateModified\":\"2026-05-05T07:26:35+00:00\",\"breadcrumb\":{\"@id\":\"https:\\\/\\\/1dronas.lt\\\/en\\\/produktas\\\/newbeedrone-whoop-propypop-propeleriu-nuemimo-irankis\\\/#breadcrumb\"},\"inLanguage\":\"en-US\",\"potentialAction\":[{\"@type\":\"ReadAction\",\"target\":[\"https:\\\/\\\/1dronas.lt\\\/en\\\/produktas\\\/newbeedrone-whoop-propypop-propeleriu-nuemimo-irankis\\\/\"]}]},{\"@type\":\"ImageObject\",\"inLanguage\":\"en-US\",\"@id\":\"https:\\\/\\\/1dronas.lt\\\/en\\\/produktas\\\/newbeedrone-whoop-propypop-propeleriu-nuemimo-irankis\\\/#primaryimage\",\"url\":\"https:\\\/\\\/1dronas.lt\\\/wp-content\\\/uploads\\\/2025\\\/12\\\/NewBeeDrone-Whoop-PropyPop-Tool-for-Easy-Propeller-Removal-NewBeeDrone-150778969_3392x-min.jpg\",\"contentUrl\":\"https:\\\/\\\/1dronas.lt\\\/wp-content\\\/uploads\\\/2025\\\/12\\\/NewBeeDrone-Whoop-PropyPop-Tool-for-Easy-Propeller-Removal-NewBeeDrone-150778969_3392x-min.jpg\",\"width\":2268,\"height\":2268},{\"@type\":\"BreadcrumbList\",\"@id\":\"https:\\\/\\\/1dronas.lt\\\/en\\\/produktas\\\/newbeedrone-whoop-propypop-propeleriu-nuemimo-irankis\\\/#breadcrumb\",\"itemListElement\":[{\"@type\":\"ListItem\",\"position\":1,\"name\":\"Home\",\"item\":\"https:\\\/\\\/1dronas.lt\\\/\"},{\"@type\":\"ListItem\",\"position\":2,\"name\":\"Parduotuv\u0117\",\"item\":\"https:\\\/\\\/1dronas.lt\\\/parduotuve\\\/\"},{\"@type\":\"ListItem\",\"position\":3,\"name\":\"NewBeeDrone Whoop PropyPop Propeleri\u0173 nu\u0117mimo \u012frankis\"}]},{\"@type\":\"WebSite\",\"@id\":\"https:\\\/\\\/1dronas.lt\\\/en\\\/#website\",\"url\":\"https:\\\/\\\/1dronas.lt\\\/en\\\/\",\"name\":\"1dronas.lt\",\"description\":\"Internetin\u0117 parduotuv\u0117\",\"publisher\":{\"@id\":\"https:\\\/\\\/1dronas.lt\\\/en\\\/#organization\"},\"potentialAction\":[{\"@type\":\"SearchAction\",\"target\":{\"@type\":\"EntryPoint\",\"urlTemplate\":\"https:\\\/\\\/1dronas.lt\\\/en\\\/?s={search_term_string}\"},\"query-input\":{\"@type\":\"PropertyValueSpecification\",\"valueRequired\":true,\"valueName\":\"search_term_string\"}}],\"inLanguage\":\"en-US\"},{\"@type\":\"Organization\",\"@id\":\"https:\\\/\\\/1dronas.lt\\\/en\\\/#organization\",\"name\":\"1dronas.lt\",\"url\":\"https:\\\/\\\/1dronas.lt\\\/en\\\/\",\"logo\":{\"@type\":\"ImageObject\",\"inLanguage\":\"en-US\",\"@id\":\"https:\\\/\\\/1dronas.lt\\\/en\\\/#\\\/schema\\\/logo\\\/image\\\/\",\"url\":\"https:\\\/\\\/1dronas.lt\\\/wp-content\\\/uploads\\\/2020\\\/12\\\/Ekrano_kopija__2_-removebg-preview-1-1.png\",\"contentUrl\":\"https:\\\/\\\/1dronas.lt\\\/wp-content\\\/uploads\\\/2020\\\/12\\\/Ekrano_kopija__2_-removebg-preview-1-1.png\",\"width\":234,\"height\":81,\"caption\":\"1dronas.lt\"},\"image\":{\"@id\":\"https:\\\/\\\/1dronas.lt\\\/en\\\/#\\\/schema\\\/logo\\\/image\\\/\"},\"sameAs\":[\"https:\\\/\\\/www.facebook.com\\\/1dronas\\\/\"]}]}<\/script>\n<!-- \/ Yoast SEO plugin. -->","yoast_head_json":{"title":"NewBeeDrone Whoop PropyPop Propeleri\u0173 nu\u0117mimo \u012frankis - 1dronas.lt","robots":{"index":"index","follow":"follow","max-snippet":"max-snippet:-1","max-image-preview":"max-image-preview:large","max-video-preview":"max-video-preview:-1"},"canonical":"https:\/\/1dronas.lt\/en\/produktas\/newbeedrone-whoop-propypop-propeleriu-nuemimo-irankis\/","og_locale":"en_US","og_type":"article","og_title":"NewBeeDrone Whoop PropyPop Propeleri\u0173 nu\u0117mimo \u012frankis - 1dronas.lt","og_description":"Tai taps vieninteliu sraigt\u0173 nu\u0117mimo \u012frankiu, kokio jums kada nors reik\u0117s!  \u00a0 1 \u2013 2 d. d.","og_url":"https:\/\/1dronas.lt\/en\/produktas\/newbeedrone-whoop-propypop-propeleriu-nuemimo-irankis\/","og_site_name":"1dronas.lt","article_publisher":"https:\/\/www.facebook.com\/1dronas\/","article_modified_time":"2026-05-05T07:26:35+00:00","og_image":[{"width":2268,"height":2268,"url":"https:\/\/1dronas.lt\/wp-content\/uploads\/2025\/12\/NewBeeDrone-Whoop-PropyPop-Tool-for-Easy-Propeller-Removal-NewBeeDrone-150778969_3392x-min.jpg","type":"image\/jpeg"}],"twitter_card":"summary_large_image","twitter_misc":{"Est. reading time":"1 minute"},"schema":{"@context":"https:\/\/schema.org","@graph":[{"@type":"WebPage","@id":"https:\/\/1dronas.lt\/en\/produktas\/newbeedrone-whoop-propypop-propeleriu-nuemimo-irankis\/","url":"https:\/\/1dronas.lt\/en\/produktas\/newbeedrone-whoop-propypop-propeleriu-nuemimo-irankis\/","name":"NewBeeDrone Whoop PropyPop Propeleri\u0173 nu\u0117mimo \u012frankis - 1dronas.lt","isPartOf":{"@id":"https:\/\/1dronas.lt\/en\/#website"},"primaryImageOfPage":{"@id":"https:\/\/1dronas.lt\/en\/produktas\/newbeedrone-whoop-propypop-propeleriu-nuemimo-irankis\/#primaryimage"},"image":{"@id":"https:\/\/1dronas.lt\/en\/produktas\/newbeedrone-whoop-propypop-propeleriu-nuemimo-irankis\/#primaryimage"},"thumbnailUrl":"https:\/\/1dronas.lt\/wp-content\/uploads\/2025\/12\/NewBeeDrone-Whoop-PropyPop-Tool-for-Easy-Propeller-Removal-NewBeeDrone-150778969_3392x-min.jpg","datePublished":"2025-12-21T10:15:43+00:00","dateModified":"2026-05-05T07:26:35+00:00","breadcrumb":{"@id":"https:\/\/1dronas.lt\/en\/produktas\/newbeedrone-whoop-propypop-propeleriu-nuemimo-irankis\/#breadcrumb"},"inLanguage":"en-US","potentialAction":[{"@type":"ReadAction","target":["https:\/\/1dronas.lt\/en\/produktas\/newbeedrone-whoop-propypop-propeleriu-nuemimo-irankis\/"]}]},{"@type":"ImageObject","inLanguage":"en-US","@id":"https:\/\/1dronas.lt\/en\/produktas\/newbeedrone-whoop-propypop-propeleriu-nuemimo-irankis\/#primaryimage","url":"https:\/\/1dronas.lt\/wp-content\/uploads\/2025\/12\/NewBeeDrone-Whoop-PropyPop-Tool-for-Easy-Propeller-Removal-NewBeeDrone-150778969_3392x-min.jpg","contentUrl":"https:\/\/1dronas.lt\/wp-content\/uploads\/2025\/12\/NewBeeDrone-Whoop-PropyPop-Tool-for-Easy-Propeller-Removal-NewBeeDrone-150778969_3392x-min.jpg","width":2268,"height":2268},{"@type":"BreadcrumbList","@id":"https:\/\/1dronas.lt\/en\/produktas\/newbeedrone-whoop-propypop-propeleriu-nuemimo-irankis\/#breadcrumb","itemListElement":[{"@type":"ListItem","position":1,"name":"Home","item":"https:\/\/1dronas.lt\/"},{"@type":"ListItem","position":2,"name":"Parduotuv\u0117","item":"https:\/\/1dronas.lt\/parduotuve\/"},{"@type":"ListItem","position":3,"name":"NewBeeDrone Whoop PropyPop Propeleri\u0173 nu\u0117mimo \u012frankis"}]},{"@type":"WebSite","@id":"https:\/\/1dronas.lt\/en\/#website","url":"https:\/\/1dronas.lt\/en\/","name":"1dronas.lt","description":"Online store","publisher":{"@id":"https:\/\/1dronas.lt\/en\/#organization"},"potentialAction":[{"@type":"SearchAction","target":{"@type":"EntryPoint","urlTemplate":"https:\/\/1dronas.lt\/en\/?s={search_term_string}"},"query-input":{"@type":"PropertyValueSpecification","valueRequired":true,"valueName":"search_term_string"}}],"inLanguage":"en-US"},{"@type":"Organization","@id":"https:\/\/1dronas.lt\/en\/#organization","name":"1dronas.lt","url":"https:\/\/1dronas.lt\/en\/","logo":{"@type":"ImageObject","inLanguage":"en-US","@id":"https:\/\/1dronas.lt\/en\/#\/schema\/logo\/image\/","url":"https:\/\/1dronas.lt\/wp-content\/uploads\/2020\/12\/Ekrano_kopija__2_-removebg-preview-1-1.png","contentUrl":"https:\/\/1dronas.lt\/wp-content\/uploads\/2020\/12\/Ekrano_kopija__2_-removebg-preview-1-1.png","width":234,"height":81,"caption":"1dronas.lt"},"image":{"@id":"https:\/\/1dronas.lt\/en\/#\/schema\/logo\/image\/"},"sameAs":["https:\/\/www.facebook.com\/1dronas\/"]}]}},"jetpack_sharing_enabled":true,"_links":{"self":[{"href":"https:\/\/1dronas.lt\/en\/wp-json\/wp\/v2\/product\/14554","targetHints":{"allow":["GET"]}}],"collection":[{"href":"https:\/\/1dronas.lt\/en\/wp-json\/wp\/v2\/product"}],"about":[{"href":"https:\/\/1dronas.lt\/en\/wp-json\/wp\/v2\/types\/product"}],"replies":[{"embeddable":true,"href":"https:\/\/1dronas.lt\/en\/wp-json\/wp\/v2\/comments?post=14554"}],"wp:featuredmedia":[{"embeddable":true,"href":"https:\/\/1dronas.lt\/en\/wp-json\/wp\/v2\/media\/14555"}],"wp:attachment":[{"href":"https:\/\/1dronas.lt\/en\/wp-json\/wp\/v2\/media?parent=14554"}],"wp:term":[{"taxonomy":"product_brand","embeddable":true,"href":"https:\/\/1dronas.lt\/en\/wp-json\/wp\/v2\/product_brand?post=14554"},{"taxonomy":"product_cat","embeddable":true,"href":"https:\/\/1dronas.lt\/en\/wp-json\/wp\/v2\/product_cat?post=14554"},{"taxonomy":"product_tag","embeddable":true,"href":"https:\/\/1dronas.lt\/en\/wp-json\/wp\/v2\/product_tag?post=14554"}],"curies":[{"name":"wp","href":"https:\/\/api.w.org\/{rel}","templated":true}]}}