{"id":14533,"date":"2025-12-21T01:17:23","date_gmt":"2025-12-20T23:17:23","guid":{"rendered":"https:\/\/1dronas.lt\/?post_type=product&#038;p=14533"},"modified":"2026-05-05T10:35:39","modified_gmt":"2026-05-05T07:35:39","slug":"newbeedrone-hummingbird-v4-bnf-whoop-elrs","status":"publish","type":"product","link":"https:\/\/1dronas.lt\/en\/produktas\/newbeedrone-hummingbird-v4-bnf-whoop-elrs\/","title":{"rendered":"NewBeeDrone Hummingbird V4 BNF Whoop ELRS"},"content":{"rendered":"<p><iframe loading=\"lazy\" title=\"Introducing HummingBird V4 | Now With 400mw VTX!\" width=\"1020\" height=\"574\" src=\"https:\/\/www.youtube.com\/embed\/9W5uZiuEFrI?feature=oembed\" frameborder=\"0\" allow=\"accelerometer; autoplay; clipboard-write; encrypted-media; gyroscope; picture-in-picture; web-share\" referrerpolicy=\"strict-origin-when-cross-origin\" allowfullscreen><\/iframe><\/p>\n<p><img loading=\"lazy\" decoding=\"async\" class=\"alignnone wp-image-14534 size-full\" src=\"https:\/\/1dronas.lt\/wp-content\/uploads\/2025\/12\/HMB-V4-EN_01-min.jpg\" alt=\"\" width=\"2480\" height=\"1700\" srcset=\"https:\/\/1dronas.lt\/wp-content\/uploads\/2025\/12\/HMB-V4-EN_01-min.jpg 2480w, https:\/\/1dronas.lt\/wp-content\/uploads\/2025\/12\/HMB-V4-EN_01-min-300x206.jpg 300w, https:\/\/1dronas.lt\/wp-content\/uploads\/2025\/12\/HMB-V4-EN_01-min-1024x702.jpg 1024w, https:\/\/1dronas.lt\/wp-content\/uploads\/2025\/12\/HMB-V4-EN_01-min-768x526.jpg 768w, https:\/\/1dronas.lt\/wp-content\/uploads\/2025\/12\/HMB-V4-EN_01-min-1536x1053.jpg 1536w, https:\/\/1dronas.lt\/wp-content\/uploads\/2025\/12\/HMB-V4-EN_01-min-2048x1404.jpg 2048w, https:\/\/1dronas.lt\/wp-content\/uploads\/2025\/12\/HMB-V4-EN_01-min-18x12.jpg 18w, https:\/\/1dronas.lt\/wp-content\/uploads\/2025\/12\/HMB-V4-EN_01-min-510x350.jpg 510w\" sizes=\"auto, (max-width: 2480px) 100vw, 2480px\" \/><\/p>\n<p><span style=\"color: #ed1c24;\"><strong>Attention! The Hummingbird V4 drone is sold in random frame and canopy colors - each drone color is a surprise in the package.<\/strong><\/span><\/p>\n<p data-start=\"0\" data-end=\"464\"><strong>Possible drone color combinations<\/strong><\/p>\n<p data-start=\"0\" data-end=\"464\"><strong>\u2022<\/strong> Transparent white frame, transparent blue canopy;<br \/>\n<strong>\u2022<\/strong> Transparent white frame, transparent green canopy;<br \/>\n<strong>\u2022<\/strong> Transparent white frame, transparent white canopy;<br \/>\n<strong>\u2022<\/strong> Transparent white frame, transparent yellow canopy;<br \/>\n<strong>\u2022<\/strong> Transparent white frame, transparent gray canopy.<\/p>\n<p data-start=\"0\" data-end=\"464\"><span style=\"color: #ed1c24;\"><strong>There may also be color combinations not listed.<\/strong><\/span><\/p>\n<p><strong>Specification:<\/strong><\/p>\n<p data-start=\"50\" data-end=\"453\"><strong>\u2022<\/strong> Drone size: 65 mm;<br data-start=\"68\" data-end=\"71\" \/><strong>\u2022<\/strong> Flight controller: Hummingbird V4 AIO with ELRS 2.4G and SmartMax 400 mW VTX;<br data-start=\"145\" data-end=\"148\" \/><strong>\u2022<\/strong> Frame: Cockroach V3 65 mm, brushless;<br data-start=\"198\" data-end=\"201\" \/><strong>\u2022<\/strong> Motors: Hummingbird 0702 30000KV;<br data-start=\"257\" data-end=\"260\" \/><strong>\u2022<\/strong> Propellers: Azi Tri-Blade 31 mm;<br data-start=\"312\" data-end=\"315\" \/><strong>\u2022<\/strong> Camera: BeeEye;<br data-start=\"329\" data-end=\"332\" \/><strong>\u2022<\/strong> Canopy: Goober V2 with 3D adapter;<br data-start=\"396\" data-end=\"399\" \/><strong>\u2022<\/strong> Weight without battery: ~19.5 g;<br \/>\n<strong>\u2022<\/strong> MCU: STM32F411;<br \/>\n<strong>\u2022<\/strong> Color: Surprise:<br data-start=\"505\" data-end=\"508\" \/><strong>\u2022<\/strong> Gyroscope: BMI270;<br data-start=\"526\" data-end=\"529\" \/><strong>\u2022<\/strong> VTX: 25 mW \/ 100 mW \/ up to 400 mW SmartMax;<br data-start=\"594\" data-end=\"597\" \/><strong>\u2022<\/strong> Antenna type: BeeTX 5.8 GHz;<br data-start=\"625\" data-end=\"628\" \/><strong>\u2022<\/strong> ESC: 12A BLHeli-S with BlueJay 0.19.2 (OH-10, 48kHz);<br data-start=\"680\" data-end=\"683\" \/><strong>\u2022<\/strong> ESC connector: JST-1.0 3 pin;<br data-start=\"709\" data-end=\"712\" \/><strong>\u2022<\/strong> OSD: NBD7456 graphical OSD compatible with Betaflight;<br data-start=\"763\" data-end=\"766\" \/><strong>\u2022<\/strong> Receiver: 2.4 GHz antenna with MHF3 connector;<br data-start=\"806\" data-end=\"809\" \/><strong>\u2022<\/strong> Flight controller weight: ~4.57 g (with antennas and battery connector);<br data-start=\"880\" data-end=\"883\" \/><strong>\u2022<\/strong> Flight controller dimensions: 29 \u00d7 29 \u00d7 7.6 mm;<br data-start=\"928\" data-end=\"931\" \/><strong>\u2022<\/strong> Mounting holes: 25.5 \u00d7 25.5 mm;<br data-start=\"964\" data-end=\"967\" \/><strong>\u2022<\/strong> Power supply: 1S only;<br data-start=\"985\" data-end=\"988\" \/><strong>\u2022<\/strong> UART1: free;<br data-start=\"1002\" data-end=\"1005\" \/><strong>\u2022<\/strong> UART2: free;<br data-start=\"1019\" data-end=\"1022\" \/><strong>\u2022<\/strong> Power connector: NewBeeDrone NX69.<\/p>\n<p data-start=\"50\" data-end=\"453\"><strong>Package:<\/strong><\/p>\n<p data-start=\"50\" data-end=\"453\">1x Hummingbird V4 BNF Whoop drone;<br \/>\n1x Propeller set;<br \/>\n1x Screw set.<\/p>\n<p data-start=\"50\" data-end=\"453\"><span style=\"color: #ed1c24;\"><strong>Attention! The Hummingbird V4 drone is sold in random frame and canopy colors - each drone color is a surprise in the package.<\/strong><\/span><\/p>","protected":false},"excerpt":{"rendered":"<p><span style=\"color: #000000;\">Unpack, connect, and launch the drone straight out of the box.<\/span><\/p>\n<p><span style=\"color: #000000;\"><strong><img loading=\"lazy\" decoding=\"async\" class=\"alignnone wp-image-1806\" src=\"https:\/\/1dronas.lt\/wp-content\/uploads\/2021\/05\/delivery-icon.png.webp\" alt=\"\" width=\"24\" height=\"24\" srcset=\"https:\/\/1dronas.lt\/wp-content\/uploads\/2021\/05\/delivery-icon.png 35w, https:\/\/1dronas.lt\/wp-content\/uploads\/2021\/05\/delivery-icon-12x12.png 12w\" sizes=\"auto, (max-width: 24px) 100vw, 24px\" \/>\u00a0\u00a01 \u2013 2 days<\/strong><\/span><\/p>","protected":false},"featured_media":14541,"comment_status":"open","ping_status":"closed","template":"","meta":[],"product_brand":[1037],"product_cat":[112],"product_tag":[114,176,1039,1038,1043,113],"class_list":{"0":"post-14533","1":"product","2":"type-product","3":"status-publish","4":"has-post-thumbnail","6":"product_brand-newbeedrone","7":"product_cat-whoop","8":"product_tag-bnf","9":"product_tag-elrs","10":"product_tag-hummingbird","11":"product_tag-newbeedrone","12":"product_tag-v4","13":"product_tag-whoop","15":"first","16":"instock","17":"taxable","18":"shipping-taxable","19":"purchasable","20":"product-type-simple"},"yoast_head":"<!-- This site is optimized with the Yoast SEO plugin v27.5 - https:\/\/yoast.com\/product\/yoast-seo-wordpress\/ -->\n<title>NewBeeDrone Hummingbird V4 BNF Whoop ELRS - 1dronas.lt<\/title>\n<meta name=\"robots\" content=\"index, follow, max-snippet:-1, max-image-preview:large, max-video-preview:-1\" \/>\n<link rel=\"canonical\" href=\"https:\/\/1dronas.lt\/en\/produktas\/newbeedrone-hummingbird-v4-bnf-whoop-elrs\/\" \/>\n<meta property=\"og:locale\" content=\"en_US\" \/>\n<meta property=\"og:type\" content=\"article\" \/>\n<meta property=\"og:title\" content=\"NewBeeDrone Hummingbird V4 BNF Whoop ELRS - 1dronas.lt\" \/>\n<meta property=\"og:description\" content=\"I\u0161pakuok, susiek ir kelk dron\u0105 \u012f or\u0105 i\u0161kart i\u0161 d\u0117\u017e\u0117s.  \u00a0\u00a01 \u2013 2 d.d.\" \/>\n<meta property=\"og:url\" content=\"https:\/\/1dronas.lt\/en\/produktas\/newbeedrone-hummingbird-v4-bnf-whoop-elrs\/\" \/>\n<meta property=\"og:site_name\" content=\"1dronas.lt\" \/>\n<meta property=\"article:publisher\" content=\"https:\/\/www.facebook.com\/1dronas\/\" \/>\n<meta property=\"article:modified_time\" content=\"2026-05-05T07:35:39+00:00\" \/>\n<meta property=\"og:image\" content=\"https:\/\/1dronas.lt\/wp-content\/uploads\/2025\/12\/Hummingbird-V4-BNF-Whoop-with-SmartMax-400mw-VTX-ELRS2.4G-_NX69_-Hummingbird-155343282_3392x-min.jpg\" \/>\n\t<meta property=\"og:image:width\" content=\"2268\" \/>\n\t<meta property=\"og:image:height\" content=\"2268\" \/>\n\t<meta property=\"og:image:type\" content=\"image\/jpeg\" \/>\n<meta name=\"twitter:card\" content=\"summary_large_image\" \/>\n<meta name=\"twitter:label1\" content=\"Est. reading time\" \/>\n\t<meta name=\"twitter:data1\" content=\"2 minutes\" \/>\n<script type=\"application\/ld+json\" class=\"yoast-schema-graph\">{\"@context\":\"https:\\\/\\\/schema.org\",\"@graph\":[{\"@type\":\"WebPage\",\"@id\":\"https:\\\/\\\/1dronas.lt\\\/en\\\/produktas\\\/newbeedrone-hummingbird-v4-bnf-whoop-elrs\\\/\",\"url\":\"https:\\\/\\\/1dronas.lt\\\/en\\\/produktas\\\/newbeedrone-hummingbird-v4-bnf-whoop-elrs\\\/\",\"name\":\"NewBeeDrone Hummingbird V4 BNF Whoop ELRS - 1dronas.lt\",\"isPartOf\":{\"@id\":\"https:\\\/\\\/1dronas.lt\\\/en\\\/#website\"},\"primaryImageOfPage\":{\"@id\":\"https:\\\/\\\/1dronas.lt\\\/en\\\/produktas\\\/newbeedrone-hummingbird-v4-bnf-whoop-elrs\\\/#primaryimage\"},\"image\":{\"@id\":\"https:\\\/\\\/1dronas.lt\\\/en\\\/produktas\\\/newbeedrone-hummingbird-v4-bnf-whoop-elrs\\\/#primaryimage\"},\"thumbnailUrl\":\"https:\\\/\\\/1dronas.lt\\\/wp-content\\\/uploads\\\/2025\\\/12\\\/Hummingbird-V4-BNF-Whoop-with-SmartMax-400mw-VTX-ELRS2.4G-_NX69_-Hummingbird-155343282_3392x-min.jpg\",\"datePublished\":\"2025-12-20T23:17:23+00:00\",\"dateModified\":\"2026-05-05T07:35:39+00:00\",\"breadcrumb\":{\"@id\":\"https:\\\/\\\/1dronas.lt\\\/en\\\/produktas\\\/newbeedrone-hummingbird-v4-bnf-whoop-elrs\\\/#breadcrumb\"},\"inLanguage\":\"en-US\",\"potentialAction\":[{\"@type\":\"ReadAction\",\"target\":[\"https:\\\/\\\/1dronas.lt\\\/en\\\/produktas\\\/newbeedrone-hummingbird-v4-bnf-whoop-elrs\\\/\"]}]},{\"@type\":\"ImageObject\",\"inLanguage\":\"en-US\",\"@id\":\"https:\\\/\\\/1dronas.lt\\\/en\\\/produktas\\\/newbeedrone-hummingbird-v4-bnf-whoop-elrs\\\/#primaryimage\",\"url\":\"https:\\\/\\\/1dronas.lt\\\/wp-content\\\/uploads\\\/2025\\\/12\\\/Hummingbird-V4-BNF-Whoop-with-SmartMax-400mw-VTX-ELRS2.4G-_NX69_-Hummingbird-155343282_3392x-min.jpg\",\"contentUrl\":\"https:\\\/\\\/1dronas.lt\\\/wp-content\\\/uploads\\\/2025\\\/12\\\/Hummingbird-V4-BNF-Whoop-with-SmartMax-400mw-VTX-ELRS2.4G-_NX69_-Hummingbird-155343282_3392x-min.jpg\",\"width\":2268,\"height\":2268},{\"@type\":\"BreadcrumbList\",\"@id\":\"https:\\\/\\\/1dronas.lt\\\/en\\\/produktas\\\/newbeedrone-hummingbird-v4-bnf-whoop-elrs\\\/#breadcrumb\",\"itemListElement\":[{\"@type\":\"ListItem\",\"position\":1,\"name\":\"Home\",\"item\":\"https:\\\/\\\/1dronas.lt\\\/\"},{\"@type\":\"ListItem\",\"position\":2,\"name\":\"Parduotuv\u0117\",\"item\":\"https:\\\/\\\/1dronas.lt\\\/parduotuve\\\/\"},{\"@type\":\"ListItem\",\"position\":3,\"name\":\"NewBeeDrone Hummingbird V4 BNF Whoop ELRS\"}]},{\"@type\":\"WebSite\",\"@id\":\"https:\\\/\\\/1dronas.lt\\\/en\\\/#website\",\"url\":\"https:\\\/\\\/1dronas.lt\\\/en\\\/\",\"name\":\"1dronas.lt\",\"description\":\"Internetin\u0117 parduotuv\u0117\",\"publisher\":{\"@id\":\"https:\\\/\\\/1dronas.lt\\\/en\\\/#organization\"},\"potentialAction\":[{\"@type\":\"SearchAction\",\"target\":{\"@type\":\"EntryPoint\",\"urlTemplate\":\"https:\\\/\\\/1dronas.lt\\\/en\\\/?s={search_term_string}\"},\"query-input\":{\"@type\":\"PropertyValueSpecification\",\"valueRequired\":true,\"valueName\":\"search_term_string\"}}],\"inLanguage\":\"en-US\"},{\"@type\":\"Organization\",\"@id\":\"https:\\\/\\\/1dronas.lt\\\/en\\\/#organization\",\"name\":\"1dronas.lt\",\"url\":\"https:\\\/\\\/1dronas.lt\\\/en\\\/\",\"logo\":{\"@type\":\"ImageObject\",\"inLanguage\":\"en-US\",\"@id\":\"https:\\\/\\\/1dronas.lt\\\/en\\\/#\\\/schema\\\/logo\\\/image\\\/\",\"url\":\"https:\\\/\\\/1dronas.lt\\\/wp-content\\\/uploads\\\/2020\\\/12\\\/Ekrano_kopija__2_-removebg-preview-1-1.png\",\"contentUrl\":\"https:\\\/\\\/1dronas.lt\\\/wp-content\\\/uploads\\\/2020\\\/12\\\/Ekrano_kopija__2_-removebg-preview-1-1.png\",\"width\":234,\"height\":81,\"caption\":\"1dronas.lt\"},\"image\":{\"@id\":\"https:\\\/\\\/1dronas.lt\\\/en\\\/#\\\/schema\\\/logo\\\/image\\\/\"},\"sameAs\":[\"https:\\\/\\\/www.facebook.com\\\/1dronas\\\/\"]}]}<\/script>\n<!-- \/ Yoast SEO plugin. -->","yoast_head_json":{"title":"NewBeeDrone Hummingbird V4 BNF Whoop ELRS - 1dronas.lt","robots":{"index":"index","follow":"follow","max-snippet":"max-snippet:-1","max-image-preview":"max-image-preview:large","max-video-preview":"max-video-preview:-1"},"canonical":"https:\/\/1dronas.lt\/en\/produktas\/newbeedrone-hummingbird-v4-bnf-whoop-elrs\/","og_locale":"en_US","og_type":"article","og_title":"NewBeeDrone Hummingbird V4 BNF Whoop ELRS - 1dronas.lt","og_description":"I\u0161pakuok, susiek ir kelk dron\u0105 \u012f or\u0105 i\u0161kart i\u0161 d\u0117\u017e\u0117s.  \u00a0\u00a01 \u2013 2 d.d.","og_url":"https:\/\/1dronas.lt\/en\/produktas\/newbeedrone-hummingbird-v4-bnf-whoop-elrs\/","og_site_name":"1dronas.lt","article_publisher":"https:\/\/www.facebook.com\/1dronas\/","article_modified_time":"2026-05-05T07:35:39+00:00","og_image":[{"width":2268,"height":2268,"url":"https:\/\/1dronas.lt\/wp-content\/uploads\/2025\/12\/Hummingbird-V4-BNF-Whoop-with-SmartMax-400mw-VTX-ELRS2.4G-_NX69_-Hummingbird-155343282_3392x-min.jpg","type":"image\/jpeg"}],"twitter_card":"summary_large_image","twitter_misc":{"Est. reading time":"2 minutes"},"schema":{"@context":"https:\/\/schema.org","@graph":[{"@type":"WebPage","@id":"https:\/\/1dronas.lt\/en\/produktas\/newbeedrone-hummingbird-v4-bnf-whoop-elrs\/","url":"https:\/\/1dronas.lt\/en\/produktas\/newbeedrone-hummingbird-v4-bnf-whoop-elrs\/","name":"NewBeeDrone Hummingbird V4 BNF Whoop ELRS - 1dronas.lt","isPartOf":{"@id":"https:\/\/1dronas.lt\/en\/#website"},"primaryImageOfPage":{"@id":"https:\/\/1dronas.lt\/en\/produktas\/newbeedrone-hummingbird-v4-bnf-whoop-elrs\/#primaryimage"},"image":{"@id":"https:\/\/1dronas.lt\/en\/produktas\/newbeedrone-hummingbird-v4-bnf-whoop-elrs\/#primaryimage"},"thumbnailUrl":"https:\/\/1dronas.lt\/wp-content\/uploads\/2025\/12\/Hummingbird-V4-BNF-Whoop-with-SmartMax-400mw-VTX-ELRS2.4G-_NX69_-Hummingbird-155343282_3392x-min.jpg","datePublished":"2025-12-20T23:17:23+00:00","dateModified":"2026-05-05T07:35:39+00:00","breadcrumb":{"@id":"https:\/\/1dronas.lt\/en\/produktas\/newbeedrone-hummingbird-v4-bnf-whoop-elrs\/#breadcrumb"},"inLanguage":"en-US","potentialAction":[{"@type":"ReadAction","target":["https:\/\/1dronas.lt\/en\/produktas\/newbeedrone-hummingbird-v4-bnf-whoop-elrs\/"]}]},{"@type":"ImageObject","inLanguage":"en-US","@id":"https:\/\/1dronas.lt\/en\/produktas\/newbeedrone-hummingbird-v4-bnf-whoop-elrs\/#primaryimage","url":"https:\/\/1dronas.lt\/wp-content\/uploads\/2025\/12\/Hummingbird-V4-BNF-Whoop-with-SmartMax-400mw-VTX-ELRS2.4G-_NX69_-Hummingbird-155343282_3392x-min.jpg","contentUrl":"https:\/\/1dronas.lt\/wp-content\/uploads\/2025\/12\/Hummingbird-V4-BNF-Whoop-with-SmartMax-400mw-VTX-ELRS2.4G-_NX69_-Hummingbird-155343282_3392x-min.jpg","width":2268,"height":2268},{"@type":"BreadcrumbList","@id":"https:\/\/1dronas.lt\/en\/produktas\/newbeedrone-hummingbird-v4-bnf-whoop-elrs\/#breadcrumb","itemListElement":[{"@type":"ListItem","position":1,"name":"Home","item":"https:\/\/1dronas.lt\/"},{"@type":"ListItem","position":2,"name":"Parduotuv\u0117","item":"https:\/\/1dronas.lt\/parduotuve\/"},{"@type":"ListItem","position":3,"name":"NewBeeDrone Hummingbird V4 BNF Whoop ELRS"}]},{"@type":"WebSite","@id":"https:\/\/1dronas.lt\/en\/#website","url":"https:\/\/1dronas.lt\/en\/","name":"1dronas.lt","description":"Online store","publisher":{"@id":"https:\/\/1dronas.lt\/en\/#organization"},"potentialAction":[{"@type":"SearchAction","target":{"@type":"EntryPoint","urlTemplate":"https:\/\/1dronas.lt\/en\/?s={search_term_string}"},"query-input":{"@type":"PropertyValueSpecification","valueRequired":true,"valueName":"search_term_string"}}],"inLanguage":"en-US"},{"@type":"Organization","@id":"https:\/\/1dronas.lt\/en\/#organization","name":"1dronas.lt","url":"https:\/\/1dronas.lt\/en\/","logo":{"@type":"ImageObject","inLanguage":"en-US","@id":"https:\/\/1dronas.lt\/en\/#\/schema\/logo\/image\/","url":"https:\/\/1dronas.lt\/wp-content\/uploads\/2020\/12\/Ekrano_kopija__2_-removebg-preview-1-1.png","contentUrl":"https:\/\/1dronas.lt\/wp-content\/uploads\/2020\/12\/Ekrano_kopija__2_-removebg-preview-1-1.png","width":234,"height":81,"caption":"1dronas.lt"},"image":{"@id":"https:\/\/1dronas.lt\/en\/#\/schema\/logo\/image\/"},"sameAs":["https:\/\/www.facebook.com\/1dronas\/"]}]}},"jetpack_sharing_enabled":true,"_links":{"self":[{"href":"https:\/\/1dronas.lt\/en\/wp-json\/wp\/v2\/product\/14533","targetHints":{"allow":["GET"]}}],"collection":[{"href":"https:\/\/1dronas.lt\/en\/wp-json\/wp\/v2\/product"}],"about":[{"href":"https:\/\/1dronas.lt\/en\/wp-json\/wp\/v2\/types\/product"}],"replies":[{"embeddable":true,"href":"https:\/\/1dronas.lt\/en\/wp-json\/wp\/v2\/comments?post=14533"}],"wp:featuredmedia":[{"embeddable":true,"href":"https:\/\/1dronas.lt\/en\/wp-json\/wp\/v2\/media\/14541"}],"wp:attachment":[{"href":"https:\/\/1dronas.lt\/en\/wp-json\/wp\/v2\/media?parent=14533"}],"wp:term":[{"taxonomy":"product_brand","embeddable":true,"href":"https:\/\/1dronas.lt\/en\/wp-json\/wp\/v2\/product_brand?post=14533"},{"taxonomy":"product_cat","embeddable":true,"href":"https:\/\/1dronas.lt\/en\/wp-json\/wp\/v2\/product_cat?post=14533"},{"taxonomy":"product_tag","embeddable":true,"href":"https:\/\/1dronas.lt\/en\/wp-json\/wp\/v2\/product_tag?post=14533"}],"curies":[{"name":"wp","href":"https:\/\/api.w.org\/{rel}","templated":true}]}}