{"id":14515,"date":"2025-12-20T20:01:22","date_gmt":"2025-12-20T18:01:22","guid":{"rendered":"https:\/\/1dronas.lt\/?post_type=product&#038;p=14515"},"modified":"2026-02-15T14:48:56","modified_gmt":"2026-02-15T12:48:56","slug":"newbeedrone-acrobee65-brushed-v2-elrs-bnf","status":"publish","type":"product","link":"https:\/\/1dronas.lt\/en\/produktas\/newbeedrone-acrobee65-brushed-v2-elrs-bnf\/","title":{"rendered":"NewBeeDrone AcroBee65 Brushed V2 ELRS BNF"},"content":{"rendered":"<p data-start=\"0\" data-end=\"464\"><img loading=\"lazy\" decoding=\"async\" class=\"alignnone wp-image-14517 size-full\" src=\"https:\/\/1dronas.lt\/wp-content\/uploads\/2025\/12\/20250411142732_ff145e3a-d5a3-4bc8-9ae8-83eeba88e35a-min.jpg\" alt=\"\" width=\"2000\" height=\"1000\" srcset=\"https:\/\/1dronas.lt\/wp-content\/uploads\/2025\/12\/20250411142732_ff145e3a-d5a3-4bc8-9ae8-83eeba88e35a-min.jpg 2000w, https:\/\/1dronas.lt\/wp-content\/uploads\/2025\/12\/20250411142732_ff145e3a-d5a3-4bc8-9ae8-83eeba88e35a-min-300x150.jpg 300w, https:\/\/1dronas.lt\/wp-content\/uploads\/2025\/12\/20250411142732_ff145e3a-d5a3-4bc8-9ae8-83eeba88e35a-min-1024x512.jpg 1024w, https:\/\/1dronas.lt\/wp-content\/uploads\/2025\/12\/20250411142732_ff145e3a-d5a3-4bc8-9ae8-83eeba88e35a-min-768x384.jpg 768w, https:\/\/1dronas.lt\/wp-content\/uploads\/2025\/12\/20250411142732_ff145e3a-d5a3-4bc8-9ae8-83eeba88e35a-min-1536x768.jpg 1536w, https:\/\/1dronas.lt\/wp-content\/uploads\/2025\/12\/20250411142732_ff145e3a-d5a3-4bc8-9ae8-83eeba88e35a-min-18x9.jpg 18w, https:\/\/1dronas.lt\/wp-content\/uploads\/2025\/12\/20250411142732_ff145e3a-d5a3-4bc8-9ae8-83eeba88e35a-min-510x255.jpg 510w\" sizes=\"auto, (max-width: 2000px) 100vw, 2000px\" \/><\/p>\n<p data-start=\"0\" data-end=\"464\">The updated version of the AcroBee65 now features a powerful new VTX system that allows you to choose between 25mW, 100mW or SmartMAX up to 400mW output, providing significantly greater range and more stable video transmission. Whether you&#039;re flying in a small room or testing the drone in a parking lot, this micro whoop is ready for any challenge. Equipped with an integrated ELRS 2.4 GHz SPI receiver, Active Braking brushed ESC system and turtle mode, the AcroBee65 V2 is a great choice for both beginners and experienced indoor racing pilots. Mounted on a sturdy Cockroach 65mm brushed frame and equipped with Gold Edition 6mm brushed motors.<\/p>\n<p data-start=\"0\" data-end=\"464\"><span style=\"color: #ed1c24;\"><strong>Attention! The AcroBee65 Brushed V2 drone is sold in random frame and canopy colors - each drone color is a surprise in the package.<\/strong><\/span><\/p>\n<p data-start=\"0\" data-end=\"464\"><strong>Possible drone color combinations<\/strong><\/p>\n<p data-start=\"0\" data-end=\"464\"><strong>\u2022<\/strong> Yellow frame, black roof;<br \/>\n<strong>\u2022<\/strong> Transparent blue frame, white transparent canopy;<br \/>\n<strong>\u2022<\/strong> White transparent frame, blue transparent canopy;<br \/>\n<strong>\u2022<\/strong> Orange frame, black canopy;<br \/>\n<strong>\u2022<\/strong> Transparent pink frame, translucent white canopy;<br \/>\n<strong>\u2022<\/strong> Transparent red frame, transparent red canopy;<br \/>\n<strong>\u2022<\/strong> Transparent white frame, transparent yellow canopy;<br \/>\n<strong>\u2022<\/strong> Transparent white frame, transparent red canopy;<br \/>\n<strong>\u2022<\/strong> Transparent blue frame, transparent blue canopy.<\/p>\n<p data-start=\"0\" data-end=\"464\"><strong><span style=\"color: #ed1c24;\">There may also be color combinations not listed.<\/span><\/strong><\/p>\n<p data-start=\"0\" data-end=\"464\"><strong>Features:<\/strong><\/p>\n<p data-start=\"0\" data-end=\"464\"><strong>\u2022<\/strong> SmartMAX VTX Power \u2013 Choose from 25mW, 100mW, or automatic thermal-based power up to 400mW;<br data-start=\"109\" data-end=\"112\" \/><strong>\u2022<\/strong> Integrated ELRS 2.4 GHz receiver \u2013 SPI-based, supports ELRS 3.0 and later versions, ensures low latency and long range;<br data-start=\"238\" data-end=\"241\" \/><strong>\u2022<\/strong> Turtle Mode \u2013 turn the drone over after a fall without having to go to rescue it;<br data-start=\"311\" data-end=\"314\" \/><strong>\u2022<\/strong> Active Braking ESC \u2013 provides a more precise and stable flight feel.<br data-start=\"383\" data-end=\"386\" \/><strong>\u2022<\/strong> Cockroach 65 mm frame \u2013 durable and lightweight.<\/p>\n<p data-start=\"0\" data-end=\"464\"><strong>Specification:<\/strong><\/p>\n<p data-start=\"0\" data-end=\"407\"><strong>\u2022<\/strong> Frame: Cockroach Brushed extra strong 65 mm;<br data-start=\"43\" data-end=\"46\" \/><strong>\u2022<\/strong> Motors: NewBeeDrone BDR Gold Edition 6 mm Brushed;<br data-start=\"98\" data-end=\"101\" \/><strong>\u2022<\/strong> Screws: Azi Tri-Blade Micro 31 mm \u2013 0.8 mm shaft;<br data-start=\"150\" data-end=\"153\" \/><strong>\u2022<\/strong> Canopy: Goober;<br data-start=\"190\" data-end=\"193\" \/><strong>\u2022<\/strong> Camera: BeeEye C03 FPV;<br data-start=\"215\" data-end=\"218\" \/><strong>\u2022<\/strong> VTX: Adjustable 25 mW \/ 100 mW \/ SmartMAX up to 400 mW;<br data-start=\"273\" data-end=\"276\" \/><strong>\u2022<\/strong> Weight: 21.2 g (without battery), 28.8 g (with battery);<br data-start=\"327\" data-end=\"330\" \/><strong>\u2022<\/strong> Recommended battery: 300 mAh 1S;<br data-start=\"383\" data-end=\"386\" \/><strong>\u2022<\/strong> Connector: PH2.0 Gold;<br \/>\n<strong>\u2022<\/strong> Color: Surprise;<br \/>\n<strong>\u2022<\/strong> Flight controller: STM32F411;<br data-start=\"438\" data-end=\"441\" \/><strong>\u2022<\/strong> Gyroscope: BMI270;<br data-start=\"459\" data-end=\"462\" \/><strong>\u2022<\/strong> ESC: 4-channel Brushed 12A with Turtle mode;<br data-start=\"504\" data-end=\"507\" \/><strong>\u2022<\/strong> Receiver: SPI ELRS 2.4 GHz (supports ELRS 3.0+);<br data-start=\"552\" data-end=\"555\" \/><strong>\u2022<\/strong> Battery voltage: 1S;<br data-start=\"575\" data-end=\"578\" \/><strong>\u2022<\/strong> Dimensions: 29 \u00d7 29 \u00d7 7.6 mm;<br data-start=\"604\" data-end=\"607\" \/><strong>\u2022<\/strong> FC Mounting holes: 25.5 \u00d7 25.5 mm;<br data-start=\"639\" data-end=\"642\" \/><strong>\u2022<\/strong> UART1 \/ UART2: Free for customization.<\/p>\n<p data-start=\"0\" data-end=\"407\"><strong>Package:<\/strong><\/p>\n<p data-start=\"0\" data-end=\"407\">1x AcroBee65 Brushed V2 ELRS drone;<br \/>\n1x Propeller set;<br \/>\n1x Set of gaskets and screws.<\/p>\n<p data-start=\"0\" data-end=\"407\"><span style=\"color: #ed1c24;\"><strong>Attention! The AcroBee65 Brushed V2 drone is sold in random frame and canopy colors - each drone color is a surprise in the package.<\/strong><\/span><\/p>","protected":false},"excerpt":{"rendered":"<p><span style=\"color: #000000;\">The AcroBee65 V2 is a great choice for both beginners and experienced indoor racing pilots.<\/span><\/p>\n<p><span style=\"color: #000000;\"><strong><span style=\"color: #000000;\"><img loading=\"lazy\" decoding=\"async\" class=\"alignnone wp-image-1806\" src=\"https:\/\/1dronas.lt\/wp-content\/uploads\/2021\/05\/delivery-icon.png.webp\" alt=\"\" width=\"24\" height=\"24\" srcset=\"https:\/\/1dronas.lt\/wp-content\/uploads\/2021\/05\/delivery-icon.png 35w, https:\/\/1dronas.lt\/wp-content\/uploads\/2021\/05\/delivery-icon-12x12.png 12w\" sizes=\"auto, (max-width: 24px) 100vw, 24px\" \/>\u00a0\u00a01 \u2013 2 days<\/span>.<\/strong><\/span><\/p>","protected":false},"featured_media":14528,"comment_status":"open","ping_status":"closed","template":"","meta":[],"product_brand":[1037],"product_cat":[112],"product_tag":[1041,114,120,176,1038,1042,536],"class_list":{"0":"post-14515","1":"product","2":"type-product","3":"status-publish","4":"has-post-thumbnail","6":"product_brand-newbeedrone","7":"product_cat-whoop","8":"product_tag-acrobee65","9":"product_tag-bnf","10":"product_tag-brushed","11":"product_tag-elrs","12":"product_tag-newbeedrone","13":"product_tag-siurprizas","14":"product_tag-v2","16":"first","17":"instock","18":"taxable","19":"shipping-taxable","20":"purchasable","21":"product-type-simple"},"yoast_head":"<!-- This site is optimized with the Yoast SEO plugin v27.5 - https:\/\/yoast.com\/product\/yoast-seo-wordpress\/ -->\n<title>NewBeeDrone AcroBee65 Brushed V2 ELRS BNF - 1dronas.lt<\/title>\n<meta name=\"robots\" content=\"index, follow, max-snippet:-1, max-image-preview:large, max-video-preview:-1\" \/>\n<link rel=\"canonical\" href=\"https:\/\/1dronas.lt\/en\/produktas\/newbeedrone-acrobee65-brushed-v2-elrs-bnf\/\" \/>\n<meta property=\"og:locale\" content=\"en_US\" \/>\n<meta property=\"og:type\" content=\"article\" \/>\n<meta property=\"og:title\" content=\"NewBeeDrone AcroBee65 Brushed V2 ELRS BNF - 1dronas.lt\" \/>\n<meta property=\"og:description\" content=\"AcroBee65 V2 yra puikus pasirinkimas tiek pradedantiesiems, tiek patyrusiems vidini\u0173 erdvi\u0173 lenktyni\u0173 pilotams.  \u00a0\u00a01 \u2013 2 d.d.\" \/>\n<meta property=\"og:url\" content=\"https:\/\/1dronas.lt\/en\/produktas\/newbeedrone-acrobee65-brushed-v2-elrs-bnf\/\" \/>\n<meta property=\"og:site_name\" content=\"1dronas.lt\" \/>\n<meta property=\"article:publisher\" content=\"https:\/\/www.facebook.com\/1dronas\/\" \/>\n<meta property=\"article:modified_time\" content=\"2026-02-15T12:48:56+00:00\" \/>\n<meta property=\"og:image\" content=\"https:\/\/1dronas.lt\/wp-content\/uploads\/2025\/12\/NewBeeDrone-AcroBee65-Brushed-V2-ELRS-BNF-with-SmartMAX-VTX-NewBeeDrone-146318496_3392x-min.jpg\" \/>\n\t<meta property=\"og:image:width\" content=\"2268\" \/>\n\t<meta property=\"og:image:height\" content=\"2268\" \/>\n\t<meta property=\"og:image:type\" content=\"image\/jpeg\" \/>\n<meta name=\"twitter:card\" content=\"summary_large_image\" \/>\n<meta name=\"twitter:label1\" content=\"Est. reading time\" \/>\n\t<meta name=\"twitter:data1\" content=\"3 minutes\" \/>\n<script type=\"application\/ld+json\" class=\"yoast-schema-graph\">{\"@context\":\"https:\\\/\\\/schema.org\",\"@graph\":[{\"@type\":\"WebPage\",\"@id\":\"https:\\\/\\\/1dronas.lt\\\/en\\\/produktas\\\/newbeedrone-acrobee65-brushed-v2-elrs-bnf\\\/\",\"url\":\"https:\\\/\\\/1dronas.lt\\\/en\\\/produktas\\\/newbeedrone-acrobee65-brushed-v2-elrs-bnf\\\/\",\"name\":\"NewBeeDrone AcroBee65 Brushed V2 ELRS BNF - 1dronas.lt\",\"isPartOf\":{\"@id\":\"https:\\\/\\\/1dronas.lt\\\/en\\\/#website\"},\"primaryImageOfPage\":{\"@id\":\"https:\\\/\\\/1dronas.lt\\\/en\\\/produktas\\\/newbeedrone-acrobee65-brushed-v2-elrs-bnf\\\/#primaryimage\"},\"image\":{\"@id\":\"https:\\\/\\\/1dronas.lt\\\/en\\\/produktas\\\/newbeedrone-acrobee65-brushed-v2-elrs-bnf\\\/#primaryimage\"},\"thumbnailUrl\":\"https:\\\/\\\/1dronas.lt\\\/wp-content\\\/uploads\\\/2025\\\/12\\\/NewBeeDrone-AcroBee65-Brushed-V2-ELRS-BNF-with-SmartMAX-VTX-NewBeeDrone-146318496_3392x-min.jpg\",\"datePublished\":\"2025-12-20T18:01:22+00:00\",\"dateModified\":\"2026-02-15T12:48:56+00:00\",\"breadcrumb\":{\"@id\":\"https:\\\/\\\/1dronas.lt\\\/en\\\/produktas\\\/newbeedrone-acrobee65-brushed-v2-elrs-bnf\\\/#breadcrumb\"},\"inLanguage\":\"en-US\",\"potentialAction\":[{\"@type\":\"ReadAction\",\"target\":[\"https:\\\/\\\/1dronas.lt\\\/en\\\/produktas\\\/newbeedrone-acrobee65-brushed-v2-elrs-bnf\\\/\"]}]},{\"@type\":\"ImageObject\",\"inLanguage\":\"en-US\",\"@id\":\"https:\\\/\\\/1dronas.lt\\\/en\\\/produktas\\\/newbeedrone-acrobee65-brushed-v2-elrs-bnf\\\/#primaryimage\",\"url\":\"https:\\\/\\\/1dronas.lt\\\/wp-content\\\/uploads\\\/2025\\\/12\\\/NewBeeDrone-AcroBee65-Brushed-V2-ELRS-BNF-with-SmartMAX-VTX-NewBeeDrone-146318496_3392x-min.jpg\",\"contentUrl\":\"https:\\\/\\\/1dronas.lt\\\/wp-content\\\/uploads\\\/2025\\\/12\\\/NewBeeDrone-AcroBee65-Brushed-V2-ELRS-BNF-with-SmartMAX-VTX-NewBeeDrone-146318496_3392x-min.jpg\",\"width\":2268,\"height\":2268},{\"@type\":\"BreadcrumbList\",\"@id\":\"https:\\\/\\\/1dronas.lt\\\/en\\\/produktas\\\/newbeedrone-acrobee65-brushed-v2-elrs-bnf\\\/#breadcrumb\",\"itemListElement\":[{\"@type\":\"ListItem\",\"position\":1,\"name\":\"Home\",\"item\":\"https:\\\/\\\/1dronas.lt\\\/\"},{\"@type\":\"ListItem\",\"position\":2,\"name\":\"Parduotuv\u0117\",\"item\":\"https:\\\/\\\/1dronas.lt\\\/parduotuve\\\/\"},{\"@type\":\"ListItem\",\"position\":3,\"name\":\"NewBeeDrone AcroBee65 Brushed V2 ELRS BNF\"}]},{\"@type\":\"WebSite\",\"@id\":\"https:\\\/\\\/1dronas.lt\\\/en\\\/#website\",\"url\":\"https:\\\/\\\/1dronas.lt\\\/en\\\/\",\"name\":\"1dronas.lt\",\"description\":\"Internetin\u0117 parduotuv\u0117\",\"publisher\":{\"@id\":\"https:\\\/\\\/1dronas.lt\\\/en\\\/#organization\"},\"potentialAction\":[{\"@type\":\"SearchAction\",\"target\":{\"@type\":\"EntryPoint\",\"urlTemplate\":\"https:\\\/\\\/1dronas.lt\\\/en\\\/?s={search_term_string}\"},\"query-input\":{\"@type\":\"PropertyValueSpecification\",\"valueRequired\":true,\"valueName\":\"search_term_string\"}}],\"inLanguage\":\"en-US\"},{\"@type\":\"Organization\",\"@id\":\"https:\\\/\\\/1dronas.lt\\\/en\\\/#organization\",\"name\":\"1dronas.lt\",\"url\":\"https:\\\/\\\/1dronas.lt\\\/en\\\/\",\"logo\":{\"@type\":\"ImageObject\",\"inLanguage\":\"en-US\",\"@id\":\"https:\\\/\\\/1dronas.lt\\\/en\\\/#\\\/schema\\\/logo\\\/image\\\/\",\"url\":\"https:\\\/\\\/1dronas.lt\\\/wp-content\\\/uploads\\\/2020\\\/12\\\/Ekrano_kopija__2_-removebg-preview-1-1.png\",\"contentUrl\":\"https:\\\/\\\/1dronas.lt\\\/wp-content\\\/uploads\\\/2020\\\/12\\\/Ekrano_kopija__2_-removebg-preview-1-1.png\",\"width\":234,\"height\":81,\"caption\":\"1dronas.lt\"},\"image\":{\"@id\":\"https:\\\/\\\/1dronas.lt\\\/en\\\/#\\\/schema\\\/logo\\\/image\\\/\"},\"sameAs\":[\"https:\\\/\\\/www.facebook.com\\\/1dronas\\\/\"]}]}<\/script>\n<!-- \/ Yoast SEO plugin. -->","yoast_head_json":{"title":"NewBeeDrone AcroBee65 Brushed V2 ELRS BNF - 1dronas.lt","robots":{"index":"index","follow":"follow","max-snippet":"max-snippet:-1","max-image-preview":"max-image-preview:large","max-video-preview":"max-video-preview:-1"},"canonical":"https:\/\/1dronas.lt\/en\/produktas\/newbeedrone-acrobee65-brushed-v2-elrs-bnf\/","og_locale":"en_US","og_type":"article","og_title":"NewBeeDrone AcroBee65 Brushed V2 ELRS BNF - 1dronas.lt","og_description":"AcroBee65 V2 yra puikus pasirinkimas tiek pradedantiesiems, tiek patyrusiems vidini\u0173 erdvi\u0173 lenktyni\u0173 pilotams.  \u00a0\u00a01 \u2013 2 d.d.","og_url":"https:\/\/1dronas.lt\/en\/produktas\/newbeedrone-acrobee65-brushed-v2-elrs-bnf\/","og_site_name":"1dronas.lt","article_publisher":"https:\/\/www.facebook.com\/1dronas\/","article_modified_time":"2026-02-15T12:48:56+00:00","og_image":[{"width":2268,"height":2268,"url":"https:\/\/1dronas.lt\/wp-content\/uploads\/2025\/12\/NewBeeDrone-AcroBee65-Brushed-V2-ELRS-BNF-with-SmartMAX-VTX-NewBeeDrone-146318496_3392x-min.jpg","type":"image\/jpeg"}],"twitter_card":"summary_large_image","twitter_misc":{"Est. reading time":"3 minutes"},"schema":{"@context":"https:\/\/schema.org","@graph":[{"@type":"WebPage","@id":"https:\/\/1dronas.lt\/en\/produktas\/newbeedrone-acrobee65-brushed-v2-elrs-bnf\/","url":"https:\/\/1dronas.lt\/en\/produktas\/newbeedrone-acrobee65-brushed-v2-elrs-bnf\/","name":"NewBeeDrone AcroBee65 Brushed V2 ELRS BNF - 1dronas.lt","isPartOf":{"@id":"https:\/\/1dronas.lt\/en\/#website"},"primaryImageOfPage":{"@id":"https:\/\/1dronas.lt\/en\/produktas\/newbeedrone-acrobee65-brushed-v2-elrs-bnf\/#primaryimage"},"image":{"@id":"https:\/\/1dronas.lt\/en\/produktas\/newbeedrone-acrobee65-brushed-v2-elrs-bnf\/#primaryimage"},"thumbnailUrl":"https:\/\/1dronas.lt\/wp-content\/uploads\/2025\/12\/NewBeeDrone-AcroBee65-Brushed-V2-ELRS-BNF-with-SmartMAX-VTX-NewBeeDrone-146318496_3392x-min.jpg","datePublished":"2025-12-20T18:01:22+00:00","dateModified":"2026-02-15T12:48:56+00:00","breadcrumb":{"@id":"https:\/\/1dronas.lt\/en\/produktas\/newbeedrone-acrobee65-brushed-v2-elrs-bnf\/#breadcrumb"},"inLanguage":"en-US","potentialAction":[{"@type":"ReadAction","target":["https:\/\/1dronas.lt\/en\/produktas\/newbeedrone-acrobee65-brushed-v2-elrs-bnf\/"]}]},{"@type":"ImageObject","inLanguage":"en-US","@id":"https:\/\/1dronas.lt\/en\/produktas\/newbeedrone-acrobee65-brushed-v2-elrs-bnf\/#primaryimage","url":"https:\/\/1dronas.lt\/wp-content\/uploads\/2025\/12\/NewBeeDrone-AcroBee65-Brushed-V2-ELRS-BNF-with-SmartMAX-VTX-NewBeeDrone-146318496_3392x-min.jpg","contentUrl":"https:\/\/1dronas.lt\/wp-content\/uploads\/2025\/12\/NewBeeDrone-AcroBee65-Brushed-V2-ELRS-BNF-with-SmartMAX-VTX-NewBeeDrone-146318496_3392x-min.jpg","width":2268,"height":2268},{"@type":"BreadcrumbList","@id":"https:\/\/1dronas.lt\/en\/produktas\/newbeedrone-acrobee65-brushed-v2-elrs-bnf\/#breadcrumb","itemListElement":[{"@type":"ListItem","position":1,"name":"Home","item":"https:\/\/1dronas.lt\/"},{"@type":"ListItem","position":2,"name":"Parduotuv\u0117","item":"https:\/\/1dronas.lt\/parduotuve\/"},{"@type":"ListItem","position":3,"name":"NewBeeDrone AcroBee65 Brushed V2 ELRS BNF"}]},{"@type":"WebSite","@id":"https:\/\/1dronas.lt\/en\/#website","url":"https:\/\/1dronas.lt\/en\/","name":"1dronas.lt","description":"Online store","publisher":{"@id":"https:\/\/1dronas.lt\/en\/#organization"},"potentialAction":[{"@type":"SearchAction","target":{"@type":"EntryPoint","urlTemplate":"https:\/\/1dronas.lt\/en\/?s={search_term_string}"},"query-input":{"@type":"PropertyValueSpecification","valueRequired":true,"valueName":"search_term_string"}}],"inLanguage":"en-US"},{"@type":"Organization","@id":"https:\/\/1dronas.lt\/en\/#organization","name":"1dronas.lt","url":"https:\/\/1dronas.lt\/en\/","logo":{"@type":"ImageObject","inLanguage":"en-US","@id":"https:\/\/1dronas.lt\/en\/#\/schema\/logo\/image\/","url":"https:\/\/1dronas.lt\/wp-content\/uploads\/2020\/12\/Ekrano_kopija__2_-removebg-preview-1-1.png","contentUrl":"https:\/\/1dronas.lt\/wp-content\/uploads\/2020\/12\/Ekrano_kopija__2_-removebg-preview-1-1.png","width":234,"height":81,"caption":"1dronas.lt"},"image":{"@id":"https:\/\/1dronas.lt\/en\/#\/schema\/logo\/image\/"},"sameAs":["https:\/\/www.facebook.com\/1dronas\/"]}]}},"jetpack_sharing_enabled":true,"_links":{"self":[{"href":"https:\/\/1dronas.lt\/en\/wp-json\/wp\/v2\/product\/14515","targetHints":{"allow":["GET"]}}],"collection":[{"href":"https:\/\/1dronas.lt\/en\/wp-json\/wp\/v2\/product"}],"about":[{"href":"https:\/\/1dronas.lt\/en\/wp-json\/wp\/v2\/types\/product"}],"replies":[{"embeddable":true,"href":"https:\/\/1dronas.lt\/en\/wp-json\/wp\/v2\/comments?post=14515"}],"wp:featuredmedia":[{"embeddable":true,"href":"https:\/\/1dronas.lt\/en\/wp-json\/wp\/v2\/media\/14528"}],"wp:attachment":[{"href":"https:\/\/1dronas.lt\/en\/wp-json\/wp\/v2\/media?parent=14515"}],"wp:term":[{"taxonomy":"product_brand","embeddable":true,"href":"https:\/\/1dronas.lt\/en\/wp-json\/wp\/v2\/product_brand?post=14515"},{"taxonomy":"product_cat","embeddable":true,"href":"https:\/\/1dronas.lt\/en\/wp-json\/wp\/v2\/product_cat?post=14515"},{"taxonomy":"product_tag","embeddable":true,"href":"https:\/\/1dronas.lt\/en\/wp-json\/wp\/v2\/product_tag?post=14515"}],"curies":[{"name":"wp","href":"https:\/\/api.w.org\/{rel}","templated":true}]}}