{"id":14455,"date":"2025-12-20T13:59:23","date_gmt":"2025-12-20T11:59:23","guid":{"rendered":"https:\/\/1dronas.lt\/?post_type=product&#038;p=14455"},"modified":"2026-05-04T11:07:21","modified_gmt":"2026-05-04T08:07:21","slug":"betafpv-air65-ii-brushless-whoop-remas","status":"publish","type":"product","link":"https:\/\/1dronas.lt\/en\/produktas\/betafpv-air65-ii-brushless-whoop-remas\/","title":{"rendered":"BETAFPV Air65 II Brushless Whoop Frame"},"content":{"rendered":"<p data-start=\"106\" data-end=\"333\">For almost two years, the Air65 frame has become the standard for lightweight and maneuverable drones. Now, in collaboration with the global pilot community, we are introducing the updated 2.65g Air65 II frame, which has been completely redesigned from the ground up. The BETAFPV R&amp;D team has examined every part of the frame \u2013 struts, duct geometry, impact zones. The result is an improved design: instead of six struts, four, optimized ducts and a connection structure are used. This reduces structural vibrations, increases thrust 5 % and ensures more accurate PID operation. Improved PP material absorbs shocks better and protects the frame in the event of a crash. Other solutions \u2013 screw protection, enlarged FC mounting holes and a lower duct profile \u2013 provide even more reliability. The Air65 II is designed for intense, uncompromising flying without the constant fear of damage.<\/p>\n<p data-start=\"106\" data-end=\"333\"><img loading=\"lazy\" decoding=\"async\" class=\"alignnone wp-image-14480 size-full\" src=\"https:\/\/1dronas.lt\/wp-content\/uploads\/2025\/12\/Air65_II_Brushless_Whoop_Frame-min.jpg\" alt=\"\" width=\"1600\" height=\"900\" srcset=\"https:\/\/1dronas.lt\/wp-content\/uploads\/2025\/12\/Air65_II_Brushless_Whoop_Frame-min.jpg 1600w, https:\/\/1dronas.lt\/wp-content\/uploads\/2025\/12\/Air65_II_Brushless_Whoop_Frame-min-300x169.jpg 300w, https:\/\/1dronas.lt\/wp-content\/uploads\/2025\/12\/Air65_II_Brushless_Whoop_Frame-min-1024x576.jpg 1024w, https:\/\/1dronas.lt\/wp-content\/uploads\/2025\/12\/Air65_II_Brushless_Whoop_Frame-min-768x432.jpg 768w, https:\/\/1dronas.lt\/wp-content\/uploads\/2025\/12\/Air65_II_Brushless_Whoop_Frame-min-1536x864.jpg 1536w, https:\/\/1dronas.lt\/wp-content\/uploads\/2025\/12\/Air65_II_Brushless_Whoop_Frame-min-18x10.jpg 18w, https:\/\/1dronas.lt\/wp-content\/uploads\/2025\/12\/Air65_II_Brushless_Whoop_Frame-min-510x287.jpg 510w\" sizes=\"auto, (max-width: 1600px) 100vw, 1600px\" \/><\/p>\n<p data-start=\"106\" data-end=\"333\"><strong>Features:<\/strong><\/p>\n<p data-start=\"106\" data-end=\"333\">\u2022 Supports reduced from 6 to 4, and optimized channel geometry increases thrust by 5 %;<br data-start=\"143\" data-end=\"146\" \/>\u2022 Improved connecting supports reduce frame oscillation and ensure ideal PID response;<br data-start=\"235\" data-end=\"238\" \/>\u2022 Optimized PP material allows the frame to withstand impacts;<br data-start=\"294\" data-end=\"297\" \/>\u2022 Pilot-friendly details: motor locking slots, motor bolt protection structure, enlarged FC mounting holes (25.5 \u00d7 25.5 mm) and lower duct profile.<\/p>\n<p data-start=\"106\" data-end=\"333\"><strong>Specification:<\/strong><\/p>\n<p data-start=\"106\" data-end=\"333\">\u2022 Item: Air65 II Brushless Whoop Frame;<br data-start=\"76\" data-end=\"79\" data-is-only-node=\"\" \/>\u2022 Material: PP;<br data-start=\"95\" data-end=\"98\" \/>\u2022 Weight: 2.65 g;<br data-start=\"116\" data-end=\"119\" \/>\u2022 Wheelbase: 65 mm;<br data-start=\"156\" data-end=\"159\" \/>\u2022 Motor mounting: 3 \u00d7 M1.4\u20136.6 mm;<br data-start=\"200\" data-end=\"203\" \/>\u2022 Flight controller mounting hole: 25.5 \u00d7 25.5 mm;<br data-start=\"258\" data-end=\"261\" \/>\u2022 Battery slot size: 11.4 \u00d7 6.2 mm;<br data-start=\"301\" data-end=\"304\" \/>\u2022 Maximum dimensions: 82.6 \u00d7 82.6 \u00d7 15.1 mm;<br data-start=\"350\" data-end=\"353\" \/>\u2022 Colors: Black, Transparent blue, Transparent orange, Transparent purple, Transparent white.<\/p>\n<p data-start=\"106\" data-end=\"333\"><img loading=\"lazy\" decoding=\"async\" class=\"alignnone wp-image-14464 size-large\" src=\"https:\/\/1dronas.lt\/wp-content\/uploads\/2025\/12\/Air65_II_Brushless_Whoop_Frame_arm_braces-min-1024x576.jpg\" alt=\"\" width=\"1020\" height=\"574\" srcset=\"https:\/\/1dronas.lt\/wp-content\/uploads\/2025\/12\/Air65_II_Brushless_Whoop_Frame_arm_braces-min-1024x576.jpg 1024w, https:\/\/1dronas.lt\/wp-content\/uploads\/2025\/12\/Air65_II_Brushless_Whoop_Frame_arm_braces-min-300x169.jpg 300w, https:\/\/1dronas.lt\/wp-content\/uploads\/2025\/12\/Air65_II_Brushless_Whoop_Frame_arm_braces-min-768x432.jpg 768w, https:\/\/1dronas.lt\/wp-content\/uploads\/2025\/12\/Air65_II_Brushless_Whoop_Frame_arm_braces-min-1536x864.jpg 1536w, https:\/\/1dronas.lt\/wp-content\/uploads\/2025\/12\/Air65_II_Brushless_Whoop_Frame_arm_braces-min-18x10.jpg 18w, https:\/\/1dronas.lt\/wp-content\/uploads\/2025\/12\/Air65_II_Brushless_Whoop_Frame_arm_braces-min-510x287.jpg 510w, https:\/\/1dronas.lt\/wp-content\/uploads\/2025\/12\/Air65_II_Brushless_Whoop_Frame_arm_braces-min.jpg 1600w\" sizes=\"auto, (max-width: 1020px) 100vw, 1020px\" \/><\/p>\n<p data-start=\"106\" data-end=\"333\">Diagram<\/p>\n<p data-start=\"106\" data-end=\"333\"><img loading=\"lazy\" decoding=\"async\" class=\"alignnone wp-image-14468 size-full\" src=\"https:\/\/1dronas.lt\/wp-content\/uploads\/2025\/12\/Air65_II_Brushless_Whoop_Frame_diagram_600x600-min.jpg\" alt=\"\" width=\"600\" height=\"600\" srcset=\"https:\/\/1dronas.lt\/wp-content\/uploads\/2025\/12\/Air65_II_Brushless_Whoop_Frame_diagram_600x600-min.jpg 600w, https:\/\/1dronas.lt\/wp-content\/uploads\/2025\/12\/Air65_II_Brushless_Whoop_Frame_diagram_600x600-min-300x300.jpg 300w, https:\/\/1dronas.lt\/wp-content\/uploads\/2025\/12\/Air65_II_Brushless_Whoop_Frame_diagram_600x600-min-150x150.jpg 150w, https:\/\/1dronas.lt\/wp-content\/uploads\/2025\/12\/Air65_II_Brushless_Whoop_Frame_diagram_600x600-min-12x12.jpg 12w, https:\/\/1dronas.lt\/wp-content\/uploads\/2025\/12\/Air65_II_Brushless_Whoop_Frame_diagram_600x600-min-247x247.jpg 247w, https:\/\/1dronas.lt\/wp-content\/uploads\/2025\/12\/Air65_II_Brushless_Whoop_Frame_diagram_600x600-min-510x510.jpg 510w, https:\/\/1dronas.lt\/wp-content\/uploads\/2025\/12\/Air65_II_Brushless_Whoop_Frame_diagram_600x600-min-100x100.jpg 100w\" sizes=\"auto, (max-width: 600px) 100vw, 600px\" \/><\/p>\n<p data-start=\"35\" data-end=\"73\"><strong data-start=\"35\" data-end=\"71\">Redesigned frame: +5 % thrust<\/strong><\/p>\n<p data-start=\"75\" data-end=\"281\" data-is-last-node=\"\" data-is-only-node=\"\">By reducing the number of struts from 6 to 4 and improving the aerodynamics of the ducts, the Air65 II achieves 5 % more thrust than the first generation model.<\/p>\n<p data-start=\"75\" data-end=\"281\" data-is-last-node=\"\" data-is-only-node=\"\"><img loading=\"lazy\" decoding=\"async\" class=\"alignnone wp-image-14470 size-large\" src=\"https:\/\/1dronas.lt\/wp-content\/uploads\/2025\/12\/Air65_II_Brushless_Whoop_Frame_thrust_increase_5-min-1024x576.jpg\" alt=\"\" width=\"1020\" height=\"574\" srcset=\"https:\/\/1dronas.lt\/wp-content\/uploads\/2025\/12\/Air65_II_Brushless_Whoop_Frame_thrust_increase_5-min-1024x576.jpg 1024w, https:\/\/1dronas.lt\/wp-content\/uploads\/2025\/12\/Air65_II_Brushless_Whoop_Frame_thrust_increase_5-min-300x169.jpg 300w, https:\/\/1dronas.lt\/wp-content\/uploads\/2025\/12\/Air65_II_Brushless_Whoop_Frame_thrust_increase_5-min-768x432.jpg 768w, https:\/\/1dronas.lt\/wp-content\/uploads\/2025\/12\/Air65_II_Brushless_Whoop_Frame_thrust_increase_5-min-1536x864.jpg 1536w, https:\/\/1dronas.lt\/wp-content\/uploads\/2025\/12\/Air65_II_Brushless_Whoop_Frame_thrust_increase_5-min-18x10.jpg 18w, https:\/\/1dronas.lt\/wp-content\/uploads\/2025\/12\/Air65_II_Brushless_Whoop_Frame_thrust_increase_5-min-510x287.jpg 510w, https:\/\/1dronas.lt\/wp-content\/uploads\/2025\/12\/Air65_II_Brushless_Whoop_Frame_thrust_increase_5-min.jpg 1600w\" sizes=\"auto, (max-width: 1020px) 100vw, 1020px\" \/><\/p>\n<p data-start=\"35\" data-end=\"58\"><strong data-start=\"35\" data-end=\"56\">Reliable flight<\/strong><\/p>\n<p data-start=\"60\" data-end=\"339\" data-is-last-node=\"\" data-is-only-node=\"\">After numerous design improvements, the final shape of the connecting struts effectively reduces frame vibrations. Combined with the Feedforward tuning, this ensures near-perfect PID response with less than 12ms latency \u2013 meaning precise maneuverability and ultra-smooth freestyle flight.<\/p>\n<p data-start=\"60\" data-end=\"339\" data-is-last-node=\"\" data-is-only-node=\"\"><img loading=\"lazy\" decoding=\"async\" class=\"alignnone wp-image-14467 size-large\" src=\"https:\/\/1dronas.lt\/wp-content\/uploads\/2025\/12\/Air65_II_Brushless_Whoop_Frame_connecting_structure-min-1024x576.jpg\" alt=\"\" width=\"1020\" height=\"574\" srcset=\"https:\/\/1dronas.lt\/wp-content\/uploads\/2025\/12\/Air65_II_Brushless_Whoop_Frame_connecting_structure-min-1024x576.jpg 1024w, https:\/\/1dronas.lt\/wp-content\/uploads\/2025\/12\/Air65_II_Brushless_Whoop_Frame_connecting_structure-min-300x169.jpg 300w, https:\/\/1dronas.lt\/wp-content\/uploads\/2025\/12\/Air65_II_Brushless_Whoop_Frame_connecting_structure-min-768x432.jpg 768w, https:\/\/1dronas.lt\/wp-content\/uploads\/2025\/12\/Air65_II_Brushless_Whoop_Frame_connecting_structure-min-1536x864.jpg 1536w, https:\/\/1dronas.lt\/wp-content\/uploads\/2025\/12\/Air65_II_Brushless_Whoop_Frame_connecting_structure-min-18x10.jpg 18w, https:\/\/1dronas.lt\/wp-content\/uploads\/2025\/12\/Air65_II_Brushless_Whoop_Frame_connecting_structure-min-510x287.jpg 510w, https:\/\/1dronas.lt\/wp-content\/uploads\/2025\/12\/Air65_II_Brushless_Whoop_Frame_connecting_structure-min.jpg 1600w\" sizes=\"auto, (max-width: 1020px) 100vw, 1020px\" \/><\/p>\n<p><strong>Optimized, resistant material<\/strong><\/p>\n<p>The battlefield-tested PP material composition easily withstands impacts with concrete and tree branches. Survive even the toughest freestyle crashes \u2013 and get home safely.<\/p>\n<p><img loading=\"lazy\" decoding=\"async\" class=\"alignnone wp-image-14463 size-large\" src=\"https:\/\/1dronas.lt\/wp-content\/uploads\/2025\/12\/Air65_II_Brushless_Whoop_Frame_-_fly_harder_worry_less-min-1024x576.jpg\" alt=\"\" width=\"1020\" height=\"574\" srcset=\"https:\/\/1dronas.lt\/wp-content\/uploads\/2025\/12\/Air65_II_Brushless_Whoop_Frame_-_fly_harder_worry_less-min-1024x576.jpg 1024w, https:\/\/1dronas.lt\/wp-content\/uploads\/2025\/12\/Air65_II_Brushless_Whoop_Frame_-_fly_harder_worry_less-min-300x169.jpg 300w, https:\/\/1dronas.lt\/wp-content\/uploads\/2025\/12\/Air65_II_Brushless_Whoop_Frame_-_fly_harder_worry_less-min-768x432.jpg 768w, https:\/\/1dronas.lt\/wp-content\/uploads\/2025\/12\/Air65_II_Brushless_Whoop_Frame_-_fly_harder_worry_less-min-1536x864.jpg 1536w, https:\/\/1dronas.lt\/wp-content\/uploads\/2025\/12\/Air65_II_Brushless_Whoop_Frame_-_fly_harder_worry_less-min-18x10.jpg 18w, https:\/\/1dronas.lt\/wp-content\/uploads\/2025\/12\/Air65_II_Brushless_Whoop_Frame_-_fly_harder_worry_less-min-510x287.jpg 510w, https:\/\/1dronas.lt\/wp-content\/uploads\/2025\/12\/Air65_II_Brushless_Whoop_Frame_-_fly_harder_worry_less-min.jpg 1600w\" sizes=\"auto, (max-width: 1020px) 100vw, 1020px\" \/><\/p>\n<p data-start=\"35\" data-end=\"57\"><strong data-start=\"35\" data-end=\"55\">Details matter.<\/strong><\/p>\n<p data-start=\"59\" data-end=\"447\" data-is-last-node=\"\" data-is-only-node=\"\">Every detail is perfect: motor locking slots ensure precise alignment, new motor screw protection structures absorb shock, enlarged 1.2mm FC holes perfectly fit 1.4mm screws, and 12.4mm lower channels (-0.6mm) combined with 3.8mm thin short-can motors ensure an optimal design.<\/p>\n<p data-start=\"59\" data-end=\"447\" data-is-last-node=\"\" data-is-only-node=\"\"><img loading=\"lazy\" decoding=\"async\" class=\"alignnone wp-image-14462 size-large\" src=\"https:\/\/1dronas.lt\/wp-content\/uploads\/2025\/12\/Air65_II_Brushless_Whoop_Frame_-_details-min-1024x576.jpg\" alt=\"\" width=\"1020\" height=\"574\" srcset=\"https:\/\/1dronas.lt\/wp-content\/uploads\/2025\/12\/Air65_II_Brushless_Whoop_Frame_-_details-min-1024x576.jpg 1024w, https:\/\/1dronas.lt\/wp-content\/uploads\/2025\/12\/Air65_II_Brushless_Whoop_Frame_-_details-min-300x169.jpg 300w, https:\/\/1dronas.lt\/wp-content\/uploads\/2025\/12\/Air65_II_Brushless_Whoop_Frame_-_details-min-768x432.jpg 768w, https:\/\/1dronas.lt\/wp-content\/uploads\/2025\/12\/Air65_II_Brushless_Whoop_Frame_-_details-min-1536x864.jpg 1536w, https:\/\/1dronas.lt\/wp-content\/uploads\/2025\/12\/Air65_II_Brushless_Whoop_Frame_-_details-min-18x10.jpg 18w, https:\/\/1dronas.lt\/wp-content\/uploads\/2025\/12\/Air65_II_Brushless_Whoop_Frame_-_details-min-510x287.jpg 510w, https:\/\/1dronas.lt\/wp-content\/uploads\/2025\/12\/Air65_II_Brushless_Whoop_Frame_-_details-min.jpg 1600w\" sizes=\"auto, (max-width: 1020px) 100vw, 1020px\" \/><\/p>\n<p data-start=\"59\" data-end=\"447\" data-is-last-node=\"\" data-is-only-node=\"\"><strong>Package:<\/strong><\/p>\n<p data-start=\"59\" data-end=\"447\" data-is-last-node=\"\" data-is-only-node=\"\">1x Air65 II Brushless Whoop frame.<\/p>\n<p data-start=\"59\" data-end=\"447\" data-is-last-node=\"\" data-is-only-node=\"\"><img loading=\"lazy\" decoding=\"async\" class=\"alignnone wp-image-14469 size-full\" src=\"https:\/\/1dronas.lt\/wp-content\/uploads\/2025\/12\/Air65_II_Brushless_Whoop_Frame_package_600x600-min.jpg\" alt=\"\" width=\"600\" height=\"600\" srcset=\"https:\/\/1dronas.lt\/wp-content\/uploads\/2025\/12\/Air65_II_Brushless_Whoop_Frame_package_600x600-min.jpg 600w, https:\/\/1dronas.lt\/wp-content\/uploads\/2025\/12\/Air65_II_Brushless_Whoop_Frame_package_600x600-min-300x300.jpg 300w, https:\/\/1dronas.lt\/wp-content\/uploads\/2025\/12\/Air65_II_Brushless_Whoop_Frame_package_600x600-min-150x150.jpg 150w, https:\/\/1dronas.lt\/wp-content\/uploads\/2025\/12\/Air65_II_Brushless_Whoop_Frame_package_600x600-min-12x12.jpg 12w, https:\/\/1dronas.lt\/wp-content\/uploads\/2025\/12\/Air65_II_Brushless_Whoop_Frame_package_600x600-min-247x247.jpg 247w, https:\/\/1dronas.lt\/wp-content\/uploads\/2025\/12\/Air65_II_Brushless_Whoop_Frame_package_600x600-min-510x510.jpg 510w, https:\/\/1dronas.lt\/wp-content\/uploads\/2025\/12\/Air65_II_Brushless_Whoop_Frame_package_600x600-min-100x100.jpg 100w\" sizes=\"auto, (max-width: 600px) 100vw, 600px\" \/><\/p>\n<p data-start=\"106\" data-end=\"333\">","protected":false},"excerpt":{"rendered":"<p><span style=\"color: #000000;\">The improved Air65 II frame provides 5 % with greater traction and impact resistance.<\/span><\/p>\n<p><span style=\"color: #000000;\"><strong><img loading=\"lazy\" decoding=\"async\" class=\"alignnone wp-image-1806\" src=\"https:\/\/1dronas.lt\/wp-content\/uploads\/2021\/05\/delivery-icon.png\" alt=\"\" width=\"24\" height=\"24\" srcset=\"https:\/\/1dronas.lt\/wp-content\/uploads\/2021\/05\/delivery-icon.png 35w, https:\/\/1dronas.lt\/wp-content\/uploads\/2021\/05\/delivery-icon-12x12.png 12w\" sizes=\"auto, (max-width: 24px) 100vw, 24px\" \/> \u00a0<span style=\"font-size: 90%;\">1 \u2013 2 days<\/span><\/strong><\/span><\/p>","protected":false},"featured_media":14465,"comment_status":"open","ping_status":"closed","template":"","meta":[],"product_brand":[489],"product_cat":[687],"product_tag":[1035,69,103,248,113],"class_list":{"0":"post-14455","1":"product","2":"type-product","3":"status-publish","4":"has-post-thumbnail","6":"product_brand-betafpv","7":"product_cat-whoop-remai","8":"product_tag-air65-ii","9":"product_tag-betafpv","10":"product_tag-brushless","11":"product_tag-remas","12":"product_tag-whoop","14":"first","15":"instock","16":"taxable","17":"shipping-taxable","18":"purchasable","19":"product-type-variable","20":"has-default-attributes"},"yoast_head":"<!-- This site is optimized with the Yoast SEO plugin v27.5 - https:\/\/yoast.com\/product\/yoast-seo-wordpress\/ -->\n<title>BETAFPV Air65 II Brushless Whoop r\u0117mas - 1dronas.lt<\/title>\n<meta name=\"robots\" content=\"index, follow, max-snippet:-1, max-image-preview:large, max-video-preview:-1\" \/>\n<link rel=\"canonical\" href=\"https:\/\/1dronas.lt\/en\/produktas\/betafpv-air65-ii-brushless-whoop-remas\/\" \/>\n<meta property=\"og:locale\" content=\"en_US\" \/>\n<meta property=\"og:type\" content=\"article\" \/>\n<meta property=\"og:title\" content=\"BETAFPV Air65 II Brushless Whoop r\u0117mas - 1dronas.lt\" \/>\n<meta property=\"og:description\" content=\"Patobulintas Air65 II r\u0117mas u\u017etikrina 5\u202f% didesn\u0119 trauk\u0105 bei atsparum\u0105 sm\u016bgiams.   \u00a01 \u2013 2 d. d.\" \/>\n<meta property=\"og:url\" content=\"https:\/\/1dronas.lt\/en\/produktas\/betafpv-air65-ii-brushless-whoop-remas\/\" \/>\n<meta property=\"og:site_name\" content=\"1dronas.lt\" \/>\n<meta property=\"article:publisher\" content=\"https:\/\/www.facebook.com\/1dronas\/\" \/>\n<meta property=\"article:modified_time\" content=\"2026-05-04T08:07:21+00:00\" \/>\n<meta property=\"og:image\" content=\"https:\/\/1dronas.lt\/wp-content\/uploads\/2025\/12\/Air65_II_Brushless_Whoop_Frame_black_720x-min.jpg\" \/>\n\t<meta property=\"og:image:width\" content=\"720\" \/>\n\t<meta property=\"og:image:height\" content=\"720\" \/>\n\t<meta property=\"og:image:type\" content=\"image\/jpeg\" \/>\n<meta name=\"twitter:card\" content=\"summary_large_image\" \/>\n<meta name=\"twitter:label1\" content=\"Est. reading time\" \/>\n\t<meta name=\"twitter:data1\" content=\"4 minutes\" \/>\n<script type=\"application\/ld+json\" class=\"yoast-schema-graph\">{\"@context\":\"https:\\\/\\\/schema.org\",\"@graph\":[{\"@type\":\"WebPage\",\"@id\":\"https:\\\/\\\/1dronas.lt\\\/en\\\/produktas\\\/betafpv-air65-ii-brushless-whoop-remas\\\/\",\"url\":\"https:\\\/\\\/1dronas.lt\\\/en\\\/produktas\\\/betafpv-air65-ii-brushless-whoop-remas\\\/\",\"name\":\"BETAFPV Air65 II Brushless Whoop r\u0117mas - 1dronas.lt\",\"isPartOf\":{\"@id\":\"https:\\\/\\\/1dronas.lt\\\/en\\\/#website\"},\"primaryImageOfPage\":{\"@id\":\"https:\\\/\\\/1dronas.lt\\\/en\\\/produktas\\\/betafpv-air65-ii-brushless-whoop-remas\\\/#primaryimage\"},\"image\":{\"@id\":\"https:\\\/\\\/1dronas.lt\\\/en\\\/produktas\\\/betafpv-air65-ii-brushless-whoop-remas\\\/#primaryimage\"},\"thumbnailUrl\":\"https:\\\/\\\/1dronas.lt\\\/wp-content\\\/uploads\\\/2025\\\/12\\\/Air65_II_Brushless_Whoop_Frame_black_720x-min.jpg\",\"datePublished\":\"2025-12-20T11:59:23+00:00\",\"dateModified\":\"2026-05-04T08:07:21+00:00\",\"breadcrumb\":{\"@id\":\"https:\\\/\\\/1dronas.lt\\\/en\\\/produktas\\\/betafpv-air65-ii-brushless-whoop-remas\\\/#breadcrumb\"},\"inLanguage\":\"en-US\",\"potentialAction\":[{\"@type\":\"ReadAction\",\"target\":[\"https:\\\/\\\/1dronas.lt\\\/en\\\/produktas\\\/betafpv-air65-ii-brushless-whoop-remas\\\/\"]}]},{\"@type\":\"ImageObject\",\"inLanguage\":\"en-US\",\"@id\":\"https:\\\/\\\/1dronas.lt\\\/en\\\/produktas\\\/betafpv-air65-ii-brushless-whoop-remas\\\/#primaryimage\",\"url\":\"https:\\\/\\\/1dronas.lt\\\/wp-content\\\/uploads\\\/2025\\\/12\\\/Air65_II_Brushless_Whoop_Frame_black_720x-min.jpg\",\"contentUrl\":\"https:\\\/\\\/1dronas.lt\\\/wp-content\\\/uploads\\\/2025\\\/12\\\/Air65_II_Brushless_Whoop_Frame_black_720x-min.jpg\",\"width\":720,\"height\":720},{\"@type\":\"BreadcrumbList\",\"@id\":\"https:\\\/\\\/1dronas.lt\\\/en\\\/produktas\\\/betafpv-air65-ii-brushless-whoop-remas\\\/#breadcrumb\",\"itemListElement\":[{\"@type\":\"ListItem\",\"position\":1,\"name\":\"Home\",\"item\":\"https:\\\/\\\/1dronas.lt\\\/\"},{\"@type\":\"ListItem\",\"position\":2,\"name\":\"Parduotuv\u0117\",\"item\":\"https:\\\/\\\/1dronas.lt\\\/parduotuve\\\/\"},{\"@type\":\"ListItem\",\"position\":3,\"name\":\"BETAFPV Air65 II Brushless Whoop r\u0117mas\"}]},{\"@type\":\"WebSite\",\"@id\":\"https:\\\/\\\/1dronas.lt\\\/en\\\/#website\",\"url\":\"https:\\\/\\\/1dronas.lt\\\/en\\\/\",\"name\":\"1dronas.lt\",\"description\":\"Internetin\u0117 parduotuv\u0117\",\"publisher\":{\"@id\":\"https:\\\/\\\/1dronas.lt\\\/en\\\/#organization\"},\"potentialAction\":[{\"@type\":\"SearchAction\",\"target\":{\"@type\":\"EntryPoint\",\"urlTemplate\":\"https:\\\/\\\/1dronas.lt\\\/en\\\/?s={search_term_string}\"},\"query-input\":{\"@type\":\"PropertyValueSpecification\",\"valueRequired\":true,\"valueName\":\"search_term_string\"}}],\"inLanguage\":\"en-US\"},{\"@type\":\"Organization\",\"@id\":\"https:\\\/\\\/1dronas.lt\\\/en\\\/#organization\",\"name\":\"1dronas.lt\",\"url\":\"https:\\\/\\\/1dronas.lt\\\/en\\\/\",\"logo\":{\"@type\":\"ImageObject\",\"inLanguage\":\"en-US\",\"@id\":\"https:\\\/\\\/1dronas.lt\\\/en\\\/#\\\/schema\\\/logo\\\/image\\\/\",\"url\":\"https:\\\/\\\/1dronas.lt\\\/wp-content\\\/uploads\\\/2020\\\/12\\\/Ekrano_kopija__2_-removebg-preview-1-1.png\",\"contentUrl\":\"https:\\\/\\\/1dronas.lt\\\/wp-content\\\/uploads\\\/2020\\\/12\\\/Ekrano_kopija__2_-removebg-preview-1-1.png\",\"width\":234,\"height\":81,\"caption\":\"1dronas.lt\"},\"image\":{\"@id\":\"https:\\\/\\\/1dronas.lt\\\/en\\\/#\\\/schema\\\/logo\\\/image\\\/\"},\"sameAs\":[\"https:\\\/\\\/www.facebook.com\\\/1dronas\\\/\"]}]}<\/script>\n<!-- \/ Yoast SEO plugin. -->","yoast_head_json":{"title":"BETAFPV Air65 II Brushless Whoop r\u0117mas - 1dronas.lt","robots":{"index":"index","follow":"follow","max-snippet":"max-snippet:-1","max-image-preview":"max-image-preview:large","max-video-preview":"max-video-preview:-1"},"canonical":"https:\/\/1dronas.lt\/en\/produktas\/betafpv-air65-ii-brushless-whoop-remas\/","og_locale":"en_US","og_type":"article","og_title":"BETAFPV Air65 II Brushless Whoop r\u0117mas - 1dronas.lt","og_description":"Patobulintas Air65 II r\u0117mas u\u017etikrina 5\u202f% didesn\u0119 trauk\u0105 bei atsparum\u0105 sm\u016bgiams.   \u00a01 \u2013 2 d. d.","og_url":"https:\/\/1dronas.lt\/en\/produktas\/betafpv-air65-ii-brushless-whoop-remas\/","og_site_name":"1dronas.lt","article_publisher":"https:\/\/www.facebook.com\/1dronas\/","article_modified_time":"2026-05-04T08:07:21+00:00","og_image":[{"width":720,"height":720,"url":"https:\/\/1dronas.lt\/wp-content\/uploads\/2025\/12\/Air65_II_Brushless_Whoop_Frame_black_720x-min.jpg","type":"image\/jpeg"}],"twitter_card":"summary_large_image","twitter_misc":{"Est. reading time":"4 minutes"},"schema":{"@context":"https:\/\/schema.org","@graph":[{"@type":"WebPage","@id":"https:\/\/1dronas.lt\/en\/produktas\/betafpv-air65-ii-brushless-whoop-remas\/","url":"https:\/\/1dronas.lt\/en\/produktas\/betafpv-air65-ii-brushless-whoop-remas\/","name":"BETAFPV Air65 II Brushless Whoop r\u0117mas - 1dronas.lt","isPartOf":{"@id":"https:\/\/1dronas.lt\/en\/#website"},"primaryImageOfPage":{"@id":"https:\/\/1dronas.lt\/en\/produktas\/betafpv-air65-ii-brushless-whoop-remas\/#primaryimage"},"image":{"@id":"https:\/\/1dronas.lt\/en\/produktas\/betafpv-air65-ii-brushless-whoop-remas\/#primaryimage"},"thumbnailUrl":"https:\/\/1dronas.lt\/wp-content\/uploads\/2025\/12\/Air65_II_Brushless_Whoop_Frame_black_720x-min.jpg","datePublished":"2025-12-20T11:59:23+00:00","dateModified":"2026-05-04T08:07:21+00:00","breadcrumb":{"@id":"https:\/\/1dronas.lt\/en\/produktas\/betafpv-air65-ii-brushless-whoop-remas\/#breadcrumb"},"inLanguage":"en-US","potentialAction":[{"@type":"ReadAction","target":["https:\/\/1dronas.lt\/en\/produktas\/betafpv-air65-ii-brushless-whoop-remas\/"]}]},{"@type":"ImageObject","inLanguage":"en-US","@id":"https:\/\/1dronas.lt\/en\/produktas\/betafpv-air65-ii-brushless-whoop-remas\/#primaryimage","url":"https:\/\/1dronas.lt\/wp-content\/uploads\/2025\/12\/Air65_II_Brushless_Whoop_Frame_black_720x-min.jpg","contentUrl":"https:\/\/1dronas.lt\/wp-content\/uploads\/2025\/12\/Air65_II_Brushless_Whoop_Frame_black_720x-min.jpg","width":720,"height":720},{"@type":"BreadcrumbList","@id":"https:\/\/1dronas.lt\/en\/produktas\/betafpv-air65-ii-brushless-whoop-remas\/#breadcrumb","itemListElement":[{"@type":"ListItem","position":1,"name":"Home","item":"https:\/\/1dronas.lt\/"},{"@type":"ListItem","position":2,"name":"Parduotuv\u0117","item":"https:\/\/1dronas.lt\/parduotuve\/"},{"@type":"ListItem","position":3,"name":"BETAFPV Air65 II Brushless Whoop r\u0117mas"}]},{"@type":"WebSite","@id":"https:\/\/1dronas.lt\/en\/#website","url":"https:\/\/1dronas.lt\/en\/","name":"1dronas.lt","description":"Online store","publisher":{"@id":"https:\/\/1dronas.lt\/en\/#organization"},"potentialAction":[{"@type":"SearchAction","target":{"@type":"EntryPoint","urlTemplate":"https:\/\/1dronas.lt\/en\/?s={search_term_string}"},"query-input":{"@type":"PropertyValueSpecification","valueRequired":true,"valueName":"search_term_string"}}],"inLanguage":"en-US"},{"@type":"Organization","@id":"https:\/\/1dronas.lt\/en\/#organization","name":"1dronas.lt","url":"https:\/\/1dronas.lt\/en\/","logo":{"@type":"ImageObject","inLanguage":"en-US","@id":"https:\/\/1dronas.lt\/en\/#\/schema\/logo\/image\/","url":"https:\/\/1dronas.lt\/wp-content\/uploads\/2020\/12\/Ekrano_kopija__2_-removebg-preview-1-1.png","contentUrl":"https:\/\/1dronas.lt\/wp-content\/uploads\/2020\/12\/Ekrano_kopija__2_-removebg-preview-1-1.png","width":234,"height":81,"caption":"1dronas.lt"},"image":{"@id":"https:\/\/1dronas.lt\/en\/#\/schema\/logo\/image\/"},"sameAs":["https:\/\/www.facebook.com\/1dronas\/"]}]}},"jetpack_sharing_enabled":true,"_links":{"self":[{"href":"https:\/\/1dronas.lt\/en\/wp-json\/wp\/v2\/product\/14455","targetHints":{"allow":["GET"]}}],"collection":[{"href":"https:\/\/1dronas.lt\/en\/wp-json\/wp\/v2\/product"}],"about":[{"href":"https:\/\/1dronas.lt\/en\/wp-json\/wp\/v2\/types\/product"}],"replies":[{"embeddable":true,"href":"https:\/\/1dronas.lt\/en\/wp-json\/wp\/v2\/comments?post=14455"}],"wp:featuredmedia":[{"embeddable":true,"href":"https:\/\/1dronas.lt\/en\/wp-json\/wp\/v2\/media\/14465"}],"wp:attachment":[{"href":"https:\/\/1dronas.lt\/en\/wp-json\/wp\/v2\/media?parent=14455"}],"wp:term":[{"taxonomy":"product_brand","embeddable":true,"href":"https:\/\/1dronas.lt\/en\/wp-json\/wp\/v2\/product_brand?post=14455"},{"taxonomy":"product_cat","embeddable":true,"href":"https:\/\/1dronas.lt\/en\/wp-json\/wp\/v2\/product_cat?post=14455"},{"taxonomy":"product_tag","embeddable":true,"href":"https:\/\/1dronas.lt\/en\/wp-json\/wp\/v2\/product_tag?post=14455"}],"curies":[{"name":"wp","href":"https:\/\/api.w.org\/{rel}","templated":true}]}}