{"id":14352,"date":"2025-12-18T22:07:18","date_gmt":"2025-12-18T20:07:18","guid":{"rendered":"https:\/\/1dronas.lt\/?post_type=product&#038;p=14352"},"modified":"2026-04-05T12:54:09","modified_gmt":"2026-04-05T09:54:09","slug":"akumuliatorius-betafpv-lava-ii-1s-680mah-95c-bt2-0-4vnt","status":"publish","type":"product","link":"https:\/\/1dronas.lt\/en\/produktas\/akumuliatorius-betafpv-lava-ii-1s-680mah-95c-bt2-0-4vnt\/","title":{"rendered":"Battery BETAFPV LAVA II 1S 680mAh 95C \u2013 BT2.0 (4pcs)"},"content":{"rendered":"<p>The LAVA II 1S battery is designed for FPV micro drones that require fast current response and stable power delivery. The updated cell structure increases the capacity by 5.5-7.7 %, and the 95C discharge rate provides up to 35 % more instantaneous current, improving motor response and flight dynamics. Z-shaped electrode layering increases energy density and extends service life. Five capacity options are available - from 280 mAh to 680 mAh - to adapt to the weight of the drone and flight time.<\/p>\n<p><img loading=\"lazy\" decoding=\"async\" class=\"alignnone wp-image-14331 size-full\" src=\"https:\/\/1dronas.lt\/wp-content\/uploads\/2025\/12\/LAVA_II_1S_Battery_-_More_Capacity_More_Power-min.jpg\" alt=\"\" width=\"1600\" height=\"900\" srcset=\"https:\/\/1dronas.lt\/wp-content\/uploads\/2025\/12\/LAVA_II_1S_Battery_-_More_Capacity_More_Power-min.jpg 1600w, https:\/\/1dronas.lt\/wp-content\/uploads\/2025\/12\/LAVA_II_1S_Battery_-_More_Capacity_More_Power-min-300x169.jpg 300w, https:\/\/1dronas.lt\/wp-content\/uploads\/2025\/12\/LAVA_II_1S_Battery_-_More_Capacity_More_Power-min-1024x576.jpg 1024w, https:\/\/1dronas.lt\/wp-content\/uploads\/2025\/12\/LAVA_II_1S_Battery_-_More_Capacity_More_Power-min-768x432.jpg 768w, https:\/\/1dronas.lt\/wp-content\/uploads\/2025\/12\/LAVA_II_1S_Battery_-_More_Capacity_More_Power-min-1536x864.jpg 1536w, https:\/\/1dronas.lt\/wp-content\/uploads\/2025\/12\/LAVA_II_1S_Battery_-_More_Capacity_More_Power-min-18x10.jpg 18w, https:\/\/1dronas.lt\/wp-content\/uploads\/2025\/12\/LAVA_II_1S_Battery_-_More_Capacity_More_Power-min-510x287.jpg 510w\" sizes=\"auto, (max-width: 1600px) 100vw, 1600px\" \/><\/p>\n<p><strong>Features:<\/strong><\/p>\n<p data-start=\"109\" data-end=\"306\"><strong>\u2022<\/strong> Unparalleled power \u2013 up to 27.9\u201335.1 % higher current, 26.7 % higher discharge rate (95C) and 5.5\u20137.7 % higher capacity while maintaining the same size body;<br \/>\n<strong>\u2022<\/strong>\u00a0Using Z-Folding technology, the energy density increases by 5 % compared to the traditional Winding process, which extends flight time and reduces the need for frequent battery replacement.<br \/>\n<strong>\u2022<\/strong>\u00a0Exclusive new design: bright green and yellow color combination.<\/p>\n<p data-start=\"109\" data-end=\"306\"><strong>Specification:<\/strong><\/p>\n<p data-start=\"109\" data-end=\"306\"><strong>\u2022<\/strong>\u00a0Model: LAVA II 1S 680 mAh;<br data-start=\"97\" data-end=\"100\" \/><strong>\u2022<\/strong>\u00a0Capacity: 680mAh;<br data-start=\"118\" data-end=\"121\" \/><strong>\u2022<\/strong>\u00a0Weight: 16.2 g;<br data-start=\"139\" data-end=\"142\" \/><strong>\u2022<\/strong>\u00a0Dimensions (mm): 80 \u00d7 15 \u00d7 6.5;<br data-start=\"174\" data-end=\"177\" \/><strong>\u2022<\/strong>\u00a0Power: 2.58 Wh;<br data-start=\"195\" data-end=\"198\" \/><strong>\u2022<\/strong>\u00a0Compatible Whoops drones: Air75, Meteor75 Pro, Cetus Pro, Cetus X;<br data-start=\"267\" data-end=\"270\" \/><strong>\u2022<\/strong>\u00a0C-rate: 95C;<br data-start=\"285\" data-end=\"288\" \/><strong>\u2022<\/strong>\u00a0Maximum voltage: 4.35 V;<br data-start=\"316\" data-end=\"319\" \/><strong>\u2022<\/strong>\u00a0Holding voltage: 3.85 V;<br data-start=\"345\" data-end=\"348\" \/><strong>\u2022<\/strong>\u00a0Battery type: LiHV;<br data-start=\"373\" data-end=\"376\" \/><strong>\u2022<\/strong>\u00a0Connection: BT2.0.<\/p>\n<p data-start=\"109\" data-end=\"306\">The following image shows battery discharge information.<\/p>\n<p data-start=\"109\" data-end=\"306\"><img loading=\"lazy\" decoding=\"async\" class=\"alignnone wp-image-14354 size-large\" src=\"https:\/\/1dronas.lt\/wp-content\/uploads\/2025\/12\/LAVA_II_1S_680mAh_Battery_discharge_curve-min-1024x576.jpg\" alt=\"\" width=\"1020\" height=\"574\" srcset=\"https:\/\/1dronas.lt\/wp-content\/uploads\/2025\/12\/LAVA_II_1S_680mAh_Battery_discharge_curve-min-1024x576.jpg 1024w, https:\/\/1dronas.lt\/wp-content\/uploads\/2025\/12\/LAVA_II_1S_680mAh_Battery_discharge_curve-min-300x169.jpg 300w, https:\/\/1dronas.lt\/wp-content\/uploads\/2025\/12\/LAVA_II_1S_680mAh_Battery_discharge_curve-min-768x432.jpg 768w, https:\/\/1dronas.lt\/wp-content\/uploads\/2025\/12\/LAVA_II_1S_680mAh_Battery_discharge_curve-min-1536x864.jpg 1536w, https:\/\/1dronas.lt\/wp-content\/uploads\/2025\/12\/LAVA_II_1S_680mAh_Battery_discharge_curve-min-2048x1152.jpg 2048w, https:\/\/1dronas.lt\/wp-content\/uploads\/2025\/12\/LAVA_II_1S_680mAh_Battery_discharge_curve-min-18x10.jpg 18w, https:\/\/1dronas.lt\/wp-content\/uploads\/2025\/12\/LAVA_II_1S_680mAh_Battery_discharge_curve-min-510x287.jpg 510w\" sizes=\"auto, (max-width: 1020px) 100vw, 1020px\" \/><\/p>\n<p><strong>Z-Folding process<\/strong><\/p>\n<p>The Z-Folding Process battery demonstrates impressive performance and versatility. By taking advantage of low internal resistance, it enables efficient discharge of a high-current battery in a shorter time. Compared to the Winding Process battery, it achieves a 0.2V higher discharge at equivalent loads, ensuring consistent and reliable power, and also has a 5 % higher energy density in the same volume and longer cycle life. The Z-Folding Process allows for precise electrode sizes to be tailored to the dimensions of the lithium battery, optimizing control over the size and shape of the battery. The battery performance is improved, and there is a wider range of appearance and shape options, and its application possibilities are also wider compared to a battery made using the winding process.<\/p>\n<p><img loading=\"lazy\" decoding=\"async\" class=\"alignnone wp-image-14332 size-full\" src=\"https:\/\/1dronas.lt\/wp-content\/uploads\/2025\/12\/LAVA_II_1S_Battery_Z-folding_process-min.jpg\" alt=\"\" width=\"1600\" height=\"900\" srcset=\"https:\/\/1dronas.lt\/wp-content\/uploads\/2025\/12\/LAVA_II_1S_Battery_Z-folding_process-min.jpg 1600w, https:\/\/1dronas.lt\/wp-content\/uploads\/2025\/12\/LAVA_II_1S_Battery_Z-folding_process-min-300x169.jpg 300w, https:\/\/1dronas.lt\/wp-content\/uploads\/2025\/12\/LAVA_II_1S_Battery_Z-folding_process-min-1024x576.jpg 1024w, https:\/\/1dronas.lt\/wp-content\/uploads\/2025\/12\/LAVA_II_1S_Battery_Z-folding_process-min-768x432.jpg 768w, https:\/\/1dronas.lt\/wp-content\/uploads\/2025\/12\/LAVA_II_1S_Battery_Z-folding_process-min-1536x864.jpg 1536w, https:\/\/1dronas.lt\/wp-content\/uploads\/2025\/12\/LAVA_II_1S_Battery_Z-folding_process-min-18x10.jpg 18w, https:\/\/1dronas.lt\/wp-content\/uploads\/2025\/12\/LAVA_II_1S_Battery_Z-folding_process-min-510x287.jpg 510w\" sizes=\"auto, (max-width: 1600px) 100vw, 1600px\" \/><\/p>\n<p><strong>Warning<\/strong><\/p>\n<p><em>\u2022 Fully charge a new battery before use.<\/em><br \/>\n<em>\u2022 Only use a charger designed for lithium polymer\/lithium ion batteries and never leave the battery unattended while charging.<\/em><br \/>\n<em>\u2022 Always keep the battery away from flammable and explosive materials while charging.<\/em><br \/>\n<em>\u2022 Never overcharge a battery. The maximum voltage for a LiPo battery is 4.2 V per cell and for a LiHV battery it is 4.35 V per cell.<\/em><br \/>\n<em>\u2022 Never discharge the battery to a voltage below 3 V per cell under load.<\/em><br \/>\n<em>\u2022 Do not store fully charged batteries for more than 3 days. For long-term storage, maintain a voltage of 3.8-3.9 V.<\/em><br \/>\n<em>\u2022 Do not disassemble, crush, crush, expose to flame or other sources of ignition.<\/em><br \/>\n<em>\u2022 Do not use deformed or swollen batteries.<\/em><\/p>\n<p><strong>Package:<\/strong><\/p>\n<p>4x LAVA II 1S 680mAh 95C batteries.<\/p>","protected":false},"excerpt":{"rendered":"<p><span style=\"color: #000000;\">The 95C discharge rate provides up to 35% more instantaneous current, improving motor response and flight dynamics.\u00a0<\/span><\/p>\n<p><span style=\"color: #000000;\"><strong><img loading=\"lazy\" decoding=\"async\" class=\"alignnone wp-image-1806\" src=\"https:\/\/1dronas.lt\/wp-content\/uploads\/2021\/05\/delivery-icon.png.webp\" alt=\"\" width=\"24\" height=\"24\" srcset=\"https:\/\/1dronas.lt\/wp-content\/uploads\/2021\/05\/delivery-icon.png 35w, https:\/\/1dronas.lt\/wp-content\/uploads\/2021\/05\/delivery-icon-12x12.png 12w\" sizes=\"auto, (max-width: 24px) 100vw, 24px\" \/>\u00a0\u00a01 \u2013 2 days<\/strong><\/span><\/p>","protected":false},"featured_media":14355,"comment_status":"open","ping_status":"closed","template":"","meta":[],"product_brand":[489],"product_cat":[737],"product_tag":[95,1032,720,69,96,1028],"class_list":{"0":"post-14352","1":"product","2":"type-product","3":"status-publish","4":"has-post-thumbnail","6":"product_brand-betafpv","7":"product_cat-1s-lipo-akumuliatoriai","8":"product_tag-1s","9":"product_tag-680mah","10":"product_tag-95c","11":"product_tag-betafpv","12":"product_tag-bt2-0","13":"product_tag-lava-ii","15":"first","16":"instock","17":"taxable","18":"shipping-taxable","19":"purchasable","20":"product-type-simple"},"yoast_head":"<!-- This site is optimized with the Yoast SEO plugin v27.3 - https:\/\/yoast.com\/product\/yoast-seo-wordpress\/ -->\n<title>Akumuliatorius BETAFPV LAVA II 1S 680mAh 95C \u2013 BT2.0 (4vnt) - 1dronas.lt<\/title>\n<meta name=\"robots\" content=\"index, follow, max-snippet:-1, max-image-preview:large, max-video-preview:-1\" \/>\n<link rel=\"canonical\" href=\"https:\/\/1dronas.lt\/en\/produktas\/akumuliatorius-betafpv-lava-ii-1s-680mah-95c-bt2-0-4vnt\/\" \/>\n<meta property=\"og:locale\" content=\"en_US\" \/>\n<meta property=\"og:type\" content=\"article\" \/>\n<meta property=\"og:title\" content=\"Akumuliatorius BETAFPV LAVA II 1S 680mAh 95C \u2013 BT2.0 (4vnt) - 1dronas.lt\" \/>\n<meta property=\"og:description\" content=\"95C i\u0161krovos sparta suteikia iki 35 % daugiau momentin\u0117s srov\u0117s, tod\u0117l ger\u0117ja varikli\u0173 reakcija ir skryd\u017eio dinamika.\u00a0  \u00a0\u00a01 \u2013 2 d.d.\" \/>\n<meta property=\"og:url\" content=\"https:\/\/1dronas.lt\/en\/produktas\/akumuliatorius-betafpv-lava-ii-1s-680mah-95c-bt2-0-4vnt\/\" \/>\n<meta property=\"og:site_name\" content=\"1dronas.lt\" \/>\n<meta property=\"article:publisher\" content=\"https:\/\/www.facebook.com\/1dronas\/\" \/>\n<meta property=\"article:modified_time\" content=\"2026-04-05T09:54:09+00:00\" \/>\n<meta property=\"og:image\" content=\"https:\/\/1dronas.lt\/wp-content\/uploads\/2025\/12\/LAVA_II_1S_680mAh_Battery_top_view_720x-min.jpg\" \/>\n\t<meta property=\"og:image:width\" content=\"720\" \/>\n\t<meta property=\"og:image:height\" content=\"720\" \/>\n\t<meta property=\"og:image:type\" content=\"image\/jpeg\" \/>\n<meta name=\"twitter:card\" content=\"summary_large_image\" \/>\n<meta name=\"twitter:label1\" content=\"Est. reading time\" \/>\n\t<meta name=\"twitter:data1\" content=\"4 minutes\" \/>\n<script type=\"application\/ld+json\" class=\"yoast-schema-graph\">{\"@context\":\"https:\\\/\\\/schema.org\",\"@graph\":[{\"@type\":\"WebPage\",\"@id\":\"https:\\\/\\\/1dronas.lt\\\/en\\\/produktas\\\/akumuliatorius-betafpv-lava-ii-1s-680mah-95c-bt2-0-4vnt\\\/\",\"url\":\"https:\\\/\\\/1dronas.lt\\\/en\\\/produktas\\\/akumuliatorius-betafpv-lava-ii-1s-680mah-95c-bt2-0-4vnt\\\/\",\"name\":\"Akumuliatorius BETAFPV LAVA II 1S 680mAh 95C \u2013 BT2.0 (4vnt) - 1dronas.lt\",\"isPartOf\":{\"@id\":\"https:\\\/\\\/1dronas.lt\\\/en\\\/#website\"},\"primaryImageOfPage\":{\"@id\":\"https:\\\/\\\/1dronas.lt\\\/en\\\/produktas\\\/akumuliatorius-betafpv-lava-ii-1s-680mah-95c-bt2-0-4vnt\\\/#primaryimage\"},\"image\":{\"@id\":\"https:\\\/\\\/1dronas.lt\\\/en\\\/produktas\\\/akumuliatorius-betafpv-lava-ii-1s-680mah-95c-bt2-0-4vnt\\\/#primaryimage\"},\"thumbnailUrl\":\"https:\\\/\\\/1dronas.lt\\\/wp-content\\\/uploads\\\/2025\\\/12\\\/LAVA_II_1S_680mAh_Battery_top_view_720x-min.jpg\",\"datePublished\":\"2025-12-18T20:07:18+00:00\",\"dateModified\":\"2026-04-05T09:54:09+00:00\",\"breadcrumb\":{\"@id\":\"https:\\\/\\\/1dronas.lt\\\/en\\\/produktas\\\/akumuliatorius-betafpv-lava-ii-1s-680mah-95c-bt2-0-4vnt\\\/#breadcrumb\"},\"inLanguage\":\"en-US\",\"potentialAction\":[{\"@type\":\"ReadAction\",\"target\":[\"https:\\\/\\\/1dronas.lt\\\/en\\\/produktas\\\/akumuliatorius-betafpv-lava-ii-1s-680mah-95c-bt2-0-4vnt\\\/\"]}]},{\"@type\":\"ImageObject\",\"inLanguage\":\"en-US\",\"@id\":\"https:\\\/\\\/1dronas.lt\\\/en\\\/produktas\\\/akumuliatorius-betafpv-lava-ii-1s-680mah-95c-bt2-0-4vnt\\\/#primaryimage\",\"url\":\"https:\\\/\\\/1dronas.lt\\\/wp-content\\\/uploads\\\/2025\\\/12\\\/LAVA_II_1S_680mAh_Battery_top_view_720x-min.jpg\",\"contentUrl\":\"https:\\\/\\\/1dronas.lt\\\/wp-content\\\/uploads\\\/2025\\\/12\\\/LAVA_II_1S_680mAh_Battery_top_view_720x-min.jpg\",\"width\":720,\"height\":720},{\"@type\":\"BreadcrumbList\",\"@id\":\"https:\\\/\\\/1dronas.lt\\\/en\\\/produktas\\\/akumuliatorius-betafpv-lava-ii-1s-680mah-95c-bt2-0-4vnt\\\/#breadcrumb\",\"itemListElement\":[{\"@type\":\"ListItem\",\"position\":1,\"name\":\"Home\",\"item\":\"https:\\\/\\\/1dronas.lt\\\/\"},{\"@type\":\"ListItem\",\"position\":2,\"name\":\"Parduotuv\u0117\",\"item\":\"https:\\\/\\\/1dronas.lt\\\/parduotuve\\\/\"},{\"@type\":\"ListItem\",\"position\":3,\"name\":\"Akumuliatorius BETAFPV LAVA II 1S 680mAh 95C \u2013 BT2.0 (4vnt)\"}]},{\"@type\":\"WebSite\",\"@id\":\"https:\\\/\\\/1dronas.lt\\\/en\\\/#website\",\"url\":\"https:\\\/\\\/1dronas.lt\\\/en\\\/\",\"name\":\"1dronas.lt\",\"description\":\"Internetin\u0117 parduotuv\u0117\",\"publisher\":{\"@id\":\"https:\\\/\\\/1dronas.lt\\\/en\\\/#organization\"},\"potentialAction\":[{\"@type\":\"SearchAction\",\"target\":{\"@type\":\"EntryPoint\",\"urlTemplate\":\"https:\\\/\\\/1dronas.lt\\\/en\\\/?s={search_term_string}\"},\"query-input\":{\"@type\":\"PropertyValueSpecification\",\"valueRequired\":true,\"valueName\":\"search_term_string\"}}],\"inLanguage\":\"en-US\"},{\"@type\":\"Organization\",\"@id\":\"https:\\\/\\\/1dronas.lt\\\/en\\\/#organization\",\"name\":\"1dronas.lt\",\"url\":\"https:\\\/\\\/1dronas.lt\\\/en\\\/\",\"logo\":{\"@type\":\"ImageObject\",\"inLanguage\":\"en-US\",\"@id\":\"https:\\\/\\\/1dronas.lt\\\/en\\\/#\\\/schema\\\/logo\\\/image\\\/\",\"url\":\"https:\\\/\\\/1dronas.lt\\\/wp-content\\\/uploads\\\/2020\\\/12\\\/Ekrano_kopija__2_-removebg-preview-1-1.png\",\"contentUrl\":\"https:\\\/\\\/1dronas.lt\\\/wp-content\\\/uploads\\\/2020\\\/12\\\/Ekrano_kopija__2_-removebg-preview-1-1.png\",\"width\":234,\"height\":81,\"caption\":\"1dronas.lt\"},\"image\":{\"@id\":\"https:\\\/\\\/1dronas.lt\\\/en\\\/#\\\/schema\\\/logo\\\/image\\\/\"},\"sameAs\":[\"https:\\\/\\\/www.facebook.com\\\/1dronas\\\/\"]}]}<\/script>\n<!-- \/ Yoast SEO plugin. -->","yoast_head_json":{"title":"Akumuliatorius BETAFPV LAVA II 1S 680mAh 95C \u2013 BT2.0 (4vnt) - 1dronas.lt","robots":{"index":"index","follow":"follow","max-snippet":"max-snippet:-1","max-image-preview":"max-image-preview:large","max-video-preview":"max-video-preview:-1"},"canonical":"https:\/\/1dronas.lt\/en\/produktas\/akumuliatorius-betafpv-lava-ii-1s-680mah-95c-bt2-0-4vnt\/","og_locale":"en_US","og_type":"article","og_title":"Akumuliatorius BETAFPV LAVA II 1S 680mAh 95C \u2013 BT2.0 (4vnt) - 1dronas.lt","og_description":"95C i\u0161krovos sparta suteikia iki 35 % daugiau momentin\u0117s srov\u0117s, tod\u0117l ger\u0117ja varikli\u0173 reakcija ir skryd\u017eio dinamika.\u00a0  \u00a0\u00a01 \u2013 2 d.d.","og_url":"https:\/\/1dronas.lt\/en\/produktas\/akumuliatorius-betafpv-lava-ii-1s-680mah-95c-bt2-0-4vnt\/","og_site_name":"1dronas.lt","article_publisher":"https:\/\/www.facebook.com\/1dronas\/","article_modified_time":"2026-04-05T09:54:09+00:00","og_image":[{"width":720,"height":720,"url":"https:\/\/1dronas.lt\/wp-content\/uploads\/2025\/12\/LAVA_II_1S_680mAh_Battery_top_view_720x-min.jpg","type":"image\/jpeg"}],"twitter_card":"summary_large_image","twitter_misc":{"Est. reading time":"4 minutes"},"schema":{"@context":"https:\/\/schema.org","@graph":[{"@type":"WebPage","@id":"https:\/\/1dronas.lt\/en\/produktas\/akumuliatorius-betafpv-lava-ii-1s-680mah-95c-bt2-0-4vnt\/","url":"https:\/\/1dronas.lt\/en\/produktas\/akumuliatorius-betafpv-lava-ii-1s-680mah-95c-bt2-0-4vnt\/","name":"Akumuliatorius BETAFPV LAVA II 1S 680mAh 95C \u2013 BT2.0 (4vnt) - 1dronas.lt","isPartOf":{"@id":"https:\/\/1dronas.lt\/en\/#website"},"primaryImageOfPage":{"@id":"https:\/\/1dronas.lt\/en\/produktas\/akumuliatorius-betafpv-lava-ii-1s-680mah-95c-bt2-0-4vnt\/#primaryimage"},"image":{"@id":"https:\/\/1dronas.lt\/en\/produktas\/akumuliatorius-betafpv-lava-ii-1s-680mah-95c-bt2-0-4vnt\/#primaryimage"},"thumbnailUrl":"https:\/\/1dronas.lt\/wp-content\/uploads\/2025\/12\/LAVA_II_1S_680mAh_Battery_top_view_720x-min.jpg","datePublished":"2025-12-18T20:07:18+00:00","dateModified":"2026-04-05T09:54:09+00:00","breadcrumb":{"@id":"https:\/\/1dronas.lt\/en\/produktas\/akumuliatorius-betafpv-lava-ii-1s-680mah-95c-bt2-0-4vnt\/#breadcrumb"},"inLanguage":"en-US","potentialAction":[{"@type":"ReadAction","target":["https:\/\/1dronas.lt\/en\/produktas\/akumuliatorius-betafpv-lava-ii-1s-680mah-95c-bt2-0-4vnt\/"]}]},{"@type":"ImageObject","inLanguage":"en-US","@id":"https:\/\/1dronas.lt\/en\/produktas\/akumuliatorius-betafpv-lava-ii-1s-680mah-95c-bt2-0-4vnt\/#primaryimage","url":"https:\/\/1dronas.lt\/wp-content\/uploads\/2025\/12\/LAVA_II_1S_680mAh_Battery_top_view_720x-min.jpg","contentUrl":"https:\/\/1dronas.lt\/wp-content\/uploads\/2025\/12\/LAVA_II_1S_680mAh_Battery_top_view_720x-min.jpg","width":720,"height":720},{"@type":"BreadcrumbList","@id":"https:\/\/1dronas.lt\/en\/produktas\/akumuliatorius-betafpv-lava-ii-1s-680mah-95c-bt2-0-4vnt\/#breadcrumb","itemListElement":[{"@type":"ListItem","position":1,"name":"Home","item":"https:\/\/1dronas.lt\/"},{"@type":"ListItem","position":2,"name":"Parduotuv\u0117","item":"https:\/\/1dronas.lt\/parduotuve\/"},{"@type":"ListItem","position":3,"name":"Akumuliatorius BETAFPV LAVA II 1S 680mAh 95C \u2013 BT2.0 (4vnt)"}]},{"@type":"WebSite","@id":"https:\/\/1dronas.lt\/en\/#website","url":"https:\/\/1dronas.lt\/en\/","name":"1dronas.lt","description":"Online store","publisher":{"@id":"https:\/\/1dronas.lt\/en\/#organization"},"potentialAction":[{"@type":"SearchAction","target":{"@type":"EntryPoint","urlTemplate":"https:\/\/1dronas.lt\/en\/?s={search_term_string}"},"query-input":{"@type":"PropertyValueSpecification","valueRequired":true,"valueName":"search_term_string"}}],"inLanguage":"en-US"},{"@type":"Organization","@id":"https:\/\/1dronas.lt\/en\/#organization","name":"1dronas.lt","url":"https:\/\/1dronas.lt\/en\/","logo":{"@type":"ImageObject","inLanguage":"en-US","@id":"https:\/\/1dronas.lt\/en\/#\/schema\/logo\/image\/","url":"https:\/\/1dronas.lt\/wp-content\/uploads\/2020\/12\/Ekrano_kopija__2_-removebg-preview-1-1.png","contentUrl":"https:\/\/1dronas.lt\/wp-content\/uploads\/2020\/12\/Ekrano_kopija__2_-removebg-preview-1-1.png","width":234,"height":81,"caption":"1dronas.lt"},"image":{"@id":"https:\/\/1dronas.lt\/en\/#\/schema\/logo\/image\/"},"sameAs":["https:\/\/www.facebook.com\/1dronas\/"]}]}},"jetpack_sharing_enabled":true,"_links":{"self":[{"href":"https:\/\/1dronas.lt\/en\/wp-json\/wp\/v2\/product\/14352","targetHints":{"allow":["GET"]}}],"collection":[{"href":"https:\/\/1dronas.lt\/en\/wp-json\/wp\/v2\/product"}],"about":[{"href":"https:\/\/1dronas.lt\/en\/wp-json\/wp\/v2\/types\/product"}],"replies":[{"embeddable":true,"href":"https:\/\/1dronas.lt\/en\/wp-json\/wp\/v2\/comments?post=14352"}],"wp:featuredmedia":[{"embeddable":true,"href":"https:\/\/1dronas.lt\/en\/wp-json\/wp\/v2\/media\/14355"}],"wp:attachment":[{"href":"https:\/\/1dronas.lt\/en\/wp-json\/wp\/v2\/media?parent=14352"}],"wp:term":[{"taxonomy":"product_brand","embeddable":true,"href":"https:\/\/1dronas.lt\/en\/wp-json\/wp\/v2\/product_brand?post=14352"},{"taxonomy":"product_cat","embeddable":true,"href":"https:\/\/1dronas.lt\/en\/wp-json\/wp\/v2\/product_cat?post=14352"},{"taxonomy":"product_tag","embeddable":true,"href":"https:\/\/1dronas.lt\/en\/wp-json\/wp\/v2\/product_tag?post=14352"}],"curies":[{"name":"wp","href":"https:\/\/api.w.org\/{rel}","templated":true}]}}