{"id":13631,"date":"2025-12-06T17:02:38","date_gmt":"2025-12-06T15:02:38","guid":{"rendered":"https:\/\/1dronas.lt\/?post_type=product&#038;p=13631"},"modified":"2026-04-25T17:35:34","modified_gmt":"2026-04-25T14:35:34","slug":"iflight-nazgul-evoque-f5-v3-6s-o4-pro-gps-elrs-2-4ghz","status":"publish","type":"product","link":"https:\/\/1dronas.lt\/en\/produktas\/iflight-nazgul-evoque-f5-v3-6s-o4-pro-gps-elrs-2-4ghz\/","title":{"rendered":"iFlight Nazgul Evoque F5 V3 6S O4 PRO GPS ELRS 2.4GHz"},"content":{"rendered":"<p><iframe loading=\"lazy\" title=\"Introducing Nazgul Evoque F5 V3 | Dual Shapes, Endless Flights\" width=\"1020\" height=\"574\" src=\"https:\/\/www.youtube.com\/embed\/Wq2ZnhUzvwY?feature=oembed\" frameborder=\"0\" allow=\"accelerometer; autoplay; clipboard-write; encrypted-media; gyroscope; picture-in-picture; web-share\" referrerpolicy=\"strict-origin-when-cross-origin\" allowfullscreen><\/iframe><\/p>\n<p data-start=\"0\" data-end=\"691\">Each update to the Nazgul Evoque F5 V3 is designed to take the flying experience to a whole new level. This model features six key areas of improvement that significantly increase the versatility and performance of the drone. The most important of these is the innovative switchable DC\/X-type frame design, which allows you to instantly adapt to any flight scenario. Choosing DC geometry allows you to film extremely clean cinematic shots without visible propellers, while switching to X geometry opens up fast, precise and dynamic freestyle maneuvers. This allows the drone to be used for both creative filming and intense, adrenaline-filled flights.<\/p>\n<p data-start=\"0\" data-end=\"691\"><img loading=\"lazy\" decoding=\"async\" class=\"alignnone wp-image-13634 size-full\" src=\"https:\/\/1dronas.lt\/wp-content\/uploads\/2025\/12\/Nazgul-F5-V3-M3-EN-min.jpeg\" alt=\"\" width=\"1200\" height=\"1200\" srcset=\"https:\/\/1dronas.lt\/wp-content\/uploads\/2025\/12\/Nazgul-F5-V3-M3-EN-min.jpeg 1200w, https:\/\/1dronas.lt\/wp-content\/uploads\/2025\/12\/Nazgul-F5-V3-M3-EN-min-300x300.jpeg 300w, https:\/\/1dronas.lt\/wp-content\/uploads\/2025\/12\/Nazgul-F5-V3-M3-EN-min-1024x1024.jpeg 1024w, https:\/\/1dronas.lt\/wp-content\/uploads\/2025\/12\/Nazgul-F5-V3-M3-EN-min-150x150.jpeg 150w, https:\/\/1dronas.lt\/wp-content\/uploads\/2025\/12\/Nazgul-F5-V3-M3-EN-min-768x768.jpeg 768w, https:\/\/1dronas.lt\/wp-content\/uploads\/2025\/12\/Nazgul-F5-V3-M3-EN-min-12x12.jpeg 12w, https:\/\/1dronas.lt\/wp-content\/uploads\/2025\/12\/Nazgul-F5-V3-M3-EN-min-247x247.jpeg 247w, https:\/\/1dronas.lt\/wp-content\/uploads\/2025\/12\/Nazgul-F5-V3-M3-EN-min-510x510.jpeg 510w, https:\/\/1dronas.lt\/wp-content\/uploads\/2025\/12\/Nazgul-F5-V3-M3-EN-min-100x100.jpeg 100w\" sizes=\"auto, (max-width: 1200px) 100vw, 1200px\" \/><\/p>\n<p data-start=\"0\" data-end=\"691\"><strong>Features:<\/strong><\/p>\n<p data-start=\"0\" data-end=\"691\">\u2022 Innovative switchable DC\/X frame design provides exceptional versatility. The DC geometry is ideal for cinematic shots without visible propellers, while switching to X geometry makes the drone extremely maneuverable and suitable for complex freestyle flights;<br \/>\n\u2022 Improved front Air Unit mounting reduces interference and improves overall assembly quality;<br \/>\n\u2022 Newly designed cooling channels significantly improve heat dissipation. Even in hot weather, components are effectively cooled, so the drone maintains stable performance;<br \/>\n\u2022 DJI O4 Air Unit Pro, equipped with a 1\/1.3-inch image sensor, allows you to shoot extremely high-quality images, especially in low-light conditions. 4K recording is possible at high speed and with an ultra-wide 155\u00b0 viewing angle. Such a system ensures bright, detailed and stable shots even when flying at low or high speeds, making it perfect for both creative content and professional work.<\/p>\n<p data-start=\"0\" data-end=\"691\"><strong>Specification:<\/strong><\/p>\n<p data-start=\"0\" data-end=\"691\">\u2022 Products: Evoque F5 V3 O4 HD BNF;<br data-start=\"123\" data-end=\"126\" \/>\u2022 Flight Controller (FC): Borg Mini F7 Flight Controller;<br data-start=\"185\" data-end=\"188\" \/>\u2022 ESC: Borg Mini 60 ESC;<br data-start=\"213\" data-end=\"216\" \/>\u2022 Video transmission: DJI O4 Air Unit Pro;<br data-start=\"258\" data-end=\"261\" \/>\u2022 Geometry: DeadCat (default) \/ True X (changeable);<br data-start=\"315\" data-end=\"318\" \/>\u2022 Frame dimensions between motors: 236 mm (DC - default) \/ 239 mm (True X);<br data-start=\"394\" data-end=\"397\" \/>\u2022 Motors: XING2 2207 1750KV;<br data-start=\"429\" data-end=\"432\" \/>\u2022 Propellers: Nazgul F5;<br data-start=\"458\" data-end=\"461\" \/>\u2022 Weight: 492\u00b15g;<br \/>\n\u2022 GPS: Yes;<br data-start=\"480\" data-end=\"483\" \/>\u2022 Take-off weight: Approx. 736\u00b15 g (with 1480 mAh battery);<br data-start=\"547\" data-end=\"550\" \/>\u2022 Dimensions (L\u00d7W\u00d7H): 230\u00d7207\u00d754 mm (DC \u2013 default) \/ 207\u00d7199\u00d754 mm (True X);<br data-start=\"626\" data-end=\"629\" \/>\u2022 Adjustable camera angle: 10\u00b0\u201345\u00b0;<br data-start=\"670\" data-end=\"673\" \/>\u2022 Maximum speed: 190 km\/h;<br data-start=\"705\" data-end=\"708\" \/>\u2022 Maximum take-off altitude: 7000 m;<br data-start=\"747\" data-end=\"750\" \/>\u2022 Maximum hang time: Approximately 12\u201313 min (no load with 6S 1480 mAh);<br data-start=\"832\" data-end=\"835\" \/>\u2022 Operating temperature: -10\u00b0 \u2013 40\u00b0 C (14\u00b0 \u2013 104\u00b0 F);<br data-start=\"887\" data-end=\"890\" \/>\u2022 Antennas: Dual antennas.<\/p>\n<p data-start=\"0\" data-end=\"691\"><strong>Video transmission:<\/strong><\/p>\n<p data-start=\"0\" data-end=\"691\">\u2022 Product name: DJI O4 Air Unit Pro;<br data-start=\"108\" data-end=\"111\" \/>\u2022 Image sensor: 1\/1.3 inch;<br data-start=\"143\" data-end=\"146\" \/>\u2022 Lens: Field of View (FOV): 155\u00b0;<br data-start=\"187\" data-end=\"190\" \/>\u2022 ISO: 100-25600;<br data-start=\"208\" data-end=\"211\" \/>\u2022 Video resolution: 1080p\/100 fps, H.265;<br data-start=\"250\" data-end=\"253\" \/>\u2022 Video format: MP4, maximum bitrate: 130 Mbps;<br data-start=\"312\" data-end=\"315\" \/>\u2022 Color modes: Normal Mode \/ D-Log M;<br data-start=\"356\" data-end=\"359\" \/>\u2022 Stabilization: RockSteady 3.0+; can be disabled (only standard shooting angle is supported when RockSteady is enabled);<br data-start=\"476\" data-end=\"479\" \/>\u2022 Live streaming quality: 1080P @ 100 fps;<br data-start=\"532\" data-end=\"535\" \/>\u2022 Operating frequency: 5.170\u20135.250 GHz and 5.725\u20135.850 GHz;<br data-start=\"590\" data-end=\"593\" \/>\u2022 Transmitter power (EIRP): 5.1 GHz &lt; 23 dBm (CE) \/ 5.8 GHz &lt; 33 dBm (FCC) \/ &lt; 14 dBm (CE) \/ &lt; 30 dBm (SRRC);<br data-start=\"700\" data-end=\"703\" \/>\u2022 Maximum video transmission distance: with DJI Goggles 3 \/ DJI Goggles N3: 15 km (FCC), 8 km (CE), 8 km (SRRC);<br data-start=\"815\" data-end=\"818\" \/>\u2022 Communication channel width: Max. 60 MHz;<br data-start=\"855\" data-end=\"858\" \/>\u2022 Antenna: Dual antenna;<br data-start=\"884\" data-end=\"887\" \/>\u2022 Integrated memory: 4 GB;<br data-start=\"916\" data-end=\"919\" \/>\u2022 Supported SD cards: microSD (up to 512 GB);<br data-start=\"967\" data-end=\"970\" \/>\u2022 Operating temperature: -10\u00b0 \u2013 40\u00b0 C;<br data-start=\"1007\" data-end=\"1010\" \/>\u2022 Weight: Air Unit (with camera module): approx. 32 g;<br data-start=\"1062\" data-end=\"1065\" \/>\u2022 Dimensions: Transmission module: 33.5 \u00d7 33.5 \u00d7 13 mm (L \u00d7 W \u00d7 H).<\/p>\n<p data-start=\"0\" data-end=\"691\"><strong>Package:<\/strong><\/p>\n<p data-start=\"0\" data-end=\"691\">1x Nazgul Evoque F5 V3 6S O4 HD BNF;<br data-start=\"40\" data-end=\"43\" \/>2x antennas;<br data-start=\"58\" data-end=\"61\" \/>1x battery mat;<br data-start=\"88\" data-end=\"91\" \/>2x pairs of screws;<br data-start=\"112\" data-end=\"115\" \/>2x battery straps.<\/p>","protected":false},"excerpt":{"rendered":"<p><span style=\"color: #333333;\">The innovative switchable DC\/X frame design provides exceptional versatility.<\/span><\/p>\n<p><span style=\"color: #333333; font-size: 90%;\"><strong><img loading=\"lazy\" decoding=\"async\" class=\"alignnone wp-image-1806\" src=\"https:\/\/1dronas.lt\/wp-content\/uploads\/2021\/05\/delivery-icon.png\" alt=\"\" width=\"24\" height=\"24\" srcset=\"https:\/\/1dronas.lt\/wp-content\/uploads\/2021\/05\/delivery-icon.png 35w, https:\/\/1dronas.lt\/wp-content\/uploads\/2021\/05\/delivery-icon-12x12.png 12w\" sizes=\"auto, (max-width: 24px) 100vw, 24px\" \/>\u00a0 1 \u2013 2 days<\/strong><\/span><\/p>","protected":false},"featured_media":13633,"comment_status":"open","ping_status":"closed","template":"","meta":[],"product_brand":[496],"product_cat":[106],"product_tag":[519,99,493,176,165,92,40,43,91,142],"class_list":{"0":"post-13631","1":"product","2":"type-product","3":"status-publish","4":"has-post-thumbnail","6":"product_brand-iflight","7":"product_cat-freestyle","8":"product_tag-2-4ghz","9":"product_tag-6s","10":"product_tag-dji-o4-air-unit-pro","11":"product_tag-elrs","12":"product_tag-evoque","13":"product_tag-freestyle","14":"product_tag-gps","15":"product_tag-hd","16":"product_tag-iflight","17":"product_tag-nazgul","19":"first","20":"instock","21":"taxable","22":"shipping-taxable","23":"purchasable","24":"product-type-simple"},"yoast_head":"<!-- This site is optimized with the Yoast SEO plugin v27.4 - https:\/\/yoast.com\/product\/yoast-seo-wordpress\/ -->\n<title>iFlight Nazgul Evoque F5 V3 6S O4 PRO GPS ELRS 2.4GHz - 1dronas.lt<\/title>\n<meta name=\"robots\" content=\"index, follow, max-snippet:-1, max-image-preview:large, max-video-preview:-1\" \/>\n<link rel=\"canonical\" href=\"https:\/\/1dronas.lt\/en\/produktas\/iflight-nazgul-evoque-f5-v3-6s-o4-pro-gps-elrs-2-4ghz\/\" \/>\n<meta property=\"og:locale\" content=\"en_US\" \/>\n<meta property=\"og:type\" content=\"article\" \/>\n<meta property=\"og:title\" content=\"iFlight Nazgul Evoque F5 V3 6S O4 PRO GPS ELRS 2.4GHz - 1dronas.lt\" \/>\n<meta property=\"og:description\" content=\"Naujovi\u0161ka perjungiama DC\/X r\u0117mo konstrukcija suteikia i\u0161skirtin\u012f universalum\u0105.  \u00a0 1 \u2013 2 d. d.\" \/>\n<meta property=\"og:url\" content=\"https:\/\/1dronas.lt\/en\/produktas\/iflight-nazgul-evoque-f5-v3-6s-o4-pro-gps-elrs-2-4ghz\/\" \/>\n<meta property=\"og:site_name\" content=\"1dronas.lt\" \/>\n<meta property=\"article:publisher\" content=\"https:\/\/www.facebook.com\/1dronas\/\" \/>\n<meta property=\"article:modified_time\" content=\"2026-04-25T14:35:34+00:00\" \/>\n<meta property=\"og:image\" content=\"https:\/\/1dronas.lt\/wp-content\/uploads\/2025\/12\/Nazgul-F5-V3-M2-min.jpg\" \/>\n\t<meta property=\"og:image:width\" content=\"1000\" \/>\n\t<meta property=\"og:image:height\" content=\"1000\" \/>\n\t<meta property=\"og:image:type\" content=\"image\/jpeg\" \/>\n<meta name=\"twitter:card\" content=\"summary_large_image\" \/>\n<meta name=\"twitter:label1\" content=\"Est. reading time\" \/>\n\t<meta name=\"twitter:data1\" content=\"4 minutes\" \/>\n<script type=\"application\/ld+json\" class=\"yoast-schema-graph\">{\"@context\":\"https:\\\/\\\/schema.org\",\"@graph\":[{\"@type\":\"WebPage\",\"@id\":\"https:\\\/\\\/1dronas.lt\\\/en\\\/produktas\\\/iflight-nazgul-evoque-f5-v3-6s-o4-pro-gps-elrs-2-4ghz\\\/\",\"url\":\"https:\\\/\\\/1dronas.lt\\\/en\\\/produktas\\\/iflight-nazgul-evoque-f5-v3-6s-o4-pro-gps-elrs-2-4ghz\\\/\",\"name\":\"iFlight Nazgul Evoque F5 V3 6S O4 PRO GPS ELRS 2.4GHz - 1dronas.lt\",\"isPartOf\":{\"@id\":\"https:\\\/\\\/1dronas.lt\\\/en\\\/#website\"},\"primaryImageOfPage\":{\"@id\":\"https:\\\/\\\/1dronas.lt\\\/en\\\/produktas\\\/iflight-nazgul-evoque-f5-v3-6s-o4-pro-gps-elrs-2-4ghz\\\/#primaryimage\"},\"image\":{\"@id\":\"https:\\\/\\\/1dronas.lt\\\/en\\\/produktas\\\/iflight-nazgul-evoque-f5-v3-6s-o4-pro-gps-elrs-2-4ghz\\\/#primaryimage\"},\"thumbnailUrl\":\"https:\\\/\\\/1dronas.lt\\\/wp-content\\\/uploads\\\/2025\\\/12\\\/Nazgul-F5-V3-M2-min.jpg\",\"datePublished\":\"2025-12-06T15:02:38+00:00\",\"dateModified\":\"2026-04-25T14:35:34+00:00\",\"breadcrumb\":{\"@id\":\"https:\\\/\\\/1dronas.lt\\\/en\\\/produktas\\\/iflight-nazgul-evoque-f5-v3-6s-o4-pro-gps-elrs-2-4ghz\\\/#breadcrumb\"},\"inLanguage\":\"en-US\",\"potentialAction\":[{\"@type\":\"ReadAction\",\"target\":[\"https:\\\/\\\/1dronas.lt\\\/en\\\/produktas\\\/iflight-nazgul-evoque-f5-v3-6s-o4-pro-gps-elrs-2-4ghz\\\/\"]}]},{\"@type\":\"ImageObject\",\"inLanguage\":\"en-US\",\"@id\":\"https:\\\/\\\/1dronas.lt\\\/en\\\/produktas\\\/iflight-nazgul-evoque-f5-v3-6s-o4-pro-gps-elrs-2-4ghz\\\/#primaryimage\",\"url\":\"https:\\\/\\\/1dronas.lt\\\/wp-content\\\/uploads\\\/2025\\\/12\\\/Nazgul-F5-V3-M2-min.jpg\",\"contentUrl\":\"https:\\\/\\\/1dronas.lt\\\/wp-content\\\/uploads\\\/2025\\\/12\\\/Nazgul-F5-V3-M2-min.jpg\",\"width\":1000,\"height\":1000},{\"@type\":\"BreadcrumbList\",\"@id\":\"https:\\\/\\\/1dronas.lt\\\/en\\\/produktas\\\/iflight-nazgul-evoque-f5-v3-6s-o4-pro-gps-elrs-2-4ghz\\\/#breadcrumb\",\"itemListElement\":[{\"@type\":\"ListItem\",\"position\":1,\"name\":\"Home\",\"item\":\"https:\\\/\\\/1dronas.lt\\\/\"},{\"@type\":\"ListItem\",\"position\":2,\"name\":\"Parduotuv\u0117\",\"item\":\"https:\\\/\\\/1dronas.lt\\\/parduotuve\\\/\"},{\"@type\":\"ListItem\",\"position\":3,\"name\":\"iFlight Nazgul Evoque F5 V3 6S O4 PRO GPS ELRS 2.4GHz\"}]},{\"@type\":\"WebSite\",\"@id\":\"https:\\\/\\\/1dronas.lt\\\/en\\\/#website\",\"url\":\"https:\\\/\\\/1dronas.lt\\\/en\\\/\",\"name\":\"1dronas.lt\",\"description\":\"Internetin\u0117 parduotuv\u0117\",\"publisher\":{\"@id\":\"https:\\\/\\\/1dronas.lt\\\/en\\\/#organization\"},\"potentialAction\":[{\"@type\":\"SearchAction\",\"target\":{\"@type\":\"EntryPoint\",\"urlTemplate\":\"https:\\\/\\\/1dronas.lt\\\/en\\\/?s={search_term_string}\"},\"query-input\":{\"@type\":\"PropertyValueSpecification\",\"valueRequired\":true,\"valueName\":\"search_term_string\"}}],\"inLanguage\":\"en-US\"},{\"@type\":\"Organization\",\"@id\":\"https:\\\/\\\/1dronas.lt\\\/en\\\/#organization\",\"name\":\"1dronas.lt\",\"url\":\"https:\\\/\\\/1dronas.lt\\\/en\\\/\",\"logo\":{\"@type\":\"ImageObject\",\"inLanguage\":\"en-US\",\"@id\":\"https:\\\/\\\/1dronas.lt\\\/en\\\/#\\\/schema\\\/logo\\\/image\\\/\",\"url\":\"https:\\\/\\\/1dronas.lt\\\/wp-content\\\/uploads\\\/2020\\\/12\\\/Ekrano_kopija__2_-removebg-preview-1-1.png\",\"contentUrl\":\"https:\\\/\\\/1dronas.lt\\\/wp-content\\\/uploads\\\/2020\\\/12\\\/Ekrano_kopija__2_-removebg-preview-1-1.png\",\"width\":234,\"height\":81,\"caption\":\"1dronas.lt\"},\"image\":{\"@id\":\"https:\\\/\\\/1dronas.lt\\\/en\\\/#\\\/schema\\\/logo\\\/image\\\/\"},\"sameAs\":[\"https:\\\/\\\/www.facebook.com\\\/1dronas\\\/\"]}]}<\/script>\n<!-- \/ Yoast SEO plugin. -->","yoast_head_json":{"title":"iFlight Nazgul Evoque F5 V3 6S O4 PRO GPS ELRS 2.4GHz - 1dronas.lt","robots":{"index":"index","follow":"follow","max-snippet":"max-snippet:-1","max-image-preview":"max-image-preview:large","max-video-preview":"max-video-preview:-1"},"canonical":"https:\/\/1dronas.lt\/en\/produktas\/iflight-nazgul-evoque-f5-v3-6s-o4-pro-gps-elrs-2-4ghz\/","og_locale":"en_US","og_type":"article","og_title":"iFlight Nazgul Evoque F5 V3 6S O4 PRO GPS ELRS 2.4GHz - 1dronas.lt","og_description":"Naujovi\u0161ka perjungiama DC\/X r\u0117mo konstrukcija suteikia i\u0161skirtin\u012f universalum\u0105.  \u00a0 1 \u2013 2 d. d.","og_url":"https:\/\/1dronas.lt\/en\/produktas\/iflight-nazgul-evoque-f5-v3-6s-o4-pro-gps-elrs-2-4ghz\/","og_site_name":"1dronas.lt","article_publisher":"https:\/\/www.facebook.com\/1dronas\/","article_modified_time":"2026-04-25T14:35:34+00:00","og_image":[{"width":1000,"height":1000,"url":"https:\/\/1dronas.lt\/wp-content\/uploads\/2025\/12\/Nazgul-F5-V3-M2-min.jpg","type":"image\/jpeg"}],"twitter_card":"summary_large_image","twitter_misc":{"Est. reading time":"4 minutes"},"schema":{"@context":"https:\/\/schema.org","@graph":[{"@type":"WebPage","@id":"https:\/\/1dronas.lt\/en\/produktas\/iflight-nazgul-evoque-f5-v3-6s-o4-pro-gps-elrs-2-4ghz\/","url":"https:\/\/1dronas.lt\/en\/produktas\/iflight-nazgul-evoque-f5-v3-6s-o4-pro-gps-elrs-2-4ghz\/","name":"iFlight Nazgul Evoque F5 V3 6S O4 PRO GPS ELRS 2.4GHz - 1dronas.lt","isPartOf":{"@id":"https:\/\/1dronas.lt\/en\/#website"},"primaryImageOfPage":{"@id":"https:\/\/1dronas.lt\/en\/produktas\/iflight-nazgul-evoque-f5-v3-6s-o4-pro-gps-elrs-2-4ghz\/#primaryimage"},"image":{"@id":"https:\/\/1dronas.lt\/en\/produktas\/iflight-nazgul-evoque-f5-v3-6s-o4-pro-gps-elrs-2-4ghz\/#primaryimage"},"thumbnailUrl":"https:\/\/1dronas.lt\/wp-content\/uploads\/2025\/12\/Nazgul-F5-V3-M2-min.jpg","datePublished":"2025-12-06T15:02:38+00:00","dateModified":"2026-04-25T14:35:34+00:00","breadcrumb":{"@id":"https:\/\/1dronas.lt\/en\/produktas\/iflight-nazgul-evoque-f5-v3-6s-o4-pro-gps-elrs-2-4ghz\/#breadcrumb"},"inLanguage":"en-US","potentialAction":[{"@type":"ReadAction","target":["https:\/\/1dronas.lt\/en\/produktas\/iflight-nazgul-evoque-f5-v3-6s-o4-pro-gps-elrs-2-4ghz\/"]}]},{"@type":"ImageObject","inLanguage":"en-US","@id":"https:\/\/1dronas.lt\/en\/produktas\/iflight-nazgul-evoque-f5-v3-6s-o4-pro-gps-elrs-2-4ghz\/#primaryimage","url":"https:\/\/1dronas.lt\/wp-content\/uploads\/2025\/12\/Nazgul-F5-V3-M2-min.jpg","contentUrl":"https:\/\/1dronas.lt\/wp-content\/uploads\/2025\/12\/Nazgul-F5-V3-M2-min.jpg","width":1000,"height":1000},{"@type":"BreadcrumbList","@id":"https:\/\/1dronas.lt\/en\/produktas\/iflight-nazgul-evoque-f5-v3-6s-o4-pro-gps-elrs-2-4ghz\/#breadcrumb","itemListElement":[{"@type":"ListItem","position":1,"name":"Home","item":"https:\/\/1dronas.lt\/"},{"@type":"ListItem","position":2,"name":"Parduotuv\u0117","item":"https:\/\/1dronas.lt\/parduotuve\/"},{"@type":"ListItem","position":3,"name":"iFlight Nazgul Evoque F5 V3 6S O4 PRO GPS ELRS 2.4GHz"}]},{"@type":"WebSite","@id":"https:\/\/1dronas.lt\/en\/#website","url":"https:\/\/1dronas.lt\/en\/","name":"1dronas.lt","description":"Online store","publisher":{"@id":"https:\/\/1dronas.lt\/en\/#organization"},"potentialAction":[{"@type":"SearchAction","target":{"@type":"EntryPoint","urlTemplate":"https:\/\/1dronas.lt\/en\/?s={search_term_string}"},"query-input":{"@type":"PropertyValueSpecification","valueRequired":true,"valueName":"search_term_string"}}],"inLanguage":"en-US"},{"@type":"Organization","@id":"https:\/\/1dronas.lt\/en\/#organization","name":"1dronas.lt","url":"https:\/\/1dronas.lt\/en\/","logo":{"@type":"ImageObject","inLanguage":"en-US","@id":"https:\/\/1dronas.lt\/en\/#\/schema\/logo\/image\/","url":"https:\/\/1dronas.lt\/wp-content\/uploads\/2020\/12\/Ekrano_kopija__2_-removebg-preview-1-1.png","contentUrl":"https:\/\/1dronas.lt\/wp-content\/uploads\/2020\/12\/Ekrano_kopija__2_-removebg-preview-1-1.png","width":234,"height":81,"caption":"1dronas.lt"},"image":{"@id":"https:\/\/1dronas.lt\/en\/#\/schema\/logo\/image\/"},"sameAs":["https:\/\/www.facebook.com\/1dronas\/"]}]}},"jetpack_sharing_enabled":true,"_links":{"self":[{"href":"https:\/\/1dronas.lt\/en\/wp-json\/wp\/v2\/product\/13631","targetHints":{"allow":["GET"]}}],"collection":[{"href":"https:\/\/1dronas.lt\/en\/wp-json\/wp\/v2\/product"}],"about":[{"href":"https:\/\/1dronas.lt\/en\/wp-json\/wp\/v2\/types\/product"}],"replies":[{"embeddable":true,"href":"https:\/\/1dronas.lt\/en\/wp-json\/wp\/v2\/comments?post=13631"}],"wp:featuredmedia":[{"embeddable":true,"href":"https:\/\/1dronas.lt\/en\/wp-json\/wp\/v2\/media\/13633"}],"wp:attachment":[{"href":"https:\/\/1dronas.lt\/en\/wp-json\/wp\/v2\/media?parent=13631"}],"wp:term":[{"taxonomy":"product_brand","embeddable":true,"href":"https:\/\/1dronas.lt\/en\/wp-json\/wp\/v2\/product_brand?post=13631"},{"taxonomy":"product_cat","embeddable":true,"href":"https:\/\/1dronas.lt\/en\/wp-json\/wp\/v2\/product_cat?post=13631"},{"taxonomy":"product_tag","embeddable":true,"href":"https:\/\/1dronas.lt\/en\/wp-json\/wp\/v2\/product_tag?post=13631"}],"curies":[{"name":"wp","href":"https:\/\/api.w.org\/{rel}","templated":true}]}}