{"id":13606,"date":"2025-12-03T20:42:37","date_gmt":"2025-12-03T18:42:37","guid":{"rendered":"https:\/\/1dronas.lt\/?post_type=product&#038;p=13606"},"modified":"2025-12-06T19:21:39","modified_gmt":"2025-12-06T17:21:39","slug":"iflight-mach-r5-ultra-6s-analog-elrs-2-4ghz","status":"publish","type":"product","link":"https:\/\/1dronas.lt\/en\/produktas\/iflight-mach-r5-ultra-6s-analog-elrs-2-4ghz\/","title":{"rendered":"iFlight Mach R5 Ultra 6S Analog ELRS 2.4GHz"},"content":{"rendered":"<p data-start=\"0\" data-end=\"255\">The Mach R5 Ultra delivers top-notch aerial performance. It soars through the air at lightning speed, delivering impressive performance. The model reveals top-notch aerial class.<\/p>\n<p data-start=\"0\" data-end=\"255\"><strong>Features:<\/strong><\/p>\n<p data-start=\"0\" data-end=\"255\"><strong>\u2022<\/strong> H-frame design reduces cable clutter and provides a cleaner assembly;<br \/>\n<strong>\u2022<\/strong> Weight reduced to 285g, lightweight frame, lightning fast speed;<br \/>\n<strong>\u2022<\/strong> The model can reach up to 245 km\/h;<br \/>\n<strong>\u2022<\/strong> The carbon fiber plate absorbs impact energy during severe collisions or accidents, ensuring the frame&#039;s shape remains unchanged;<br \/>\n<strong>\u2022<\/strong> Built-in ELRS 2.4 GHz receiver and antenna;<br \/>\n<strong>\u2022<\/strong> Newly updated 2207 2100KV motors with Borg 60Rs ESC support up to 8S voltage with 65A peak, maximizing power reserves;<br \/>\n<strong>\u2022<\/strong> Built-in anti-spark filter and TVS voltage suppressor.<\/p>\n<p data-start=\"0\" data-end=\"255\"><strong>Specification:<\/strong><\/p>\n<p data-start=\"0\" data-end=\"255\"><strong>\u2022<\/strong> Product: Mach R5 Ultra 6S HDZero;<br data-start=\"1781\" data-end=\"1784\" \/><strong>\u2022<\/strong> FC: Borg 5S RX FC;<br data-start=\"1801\" data-end=\"1804\" \/><strong>\u2022<\/strong> ESC: Borg 60RS ESC;<br data-start=\"1822\" data-end=\"1825\" \/><strong>\u2022<\/strong> Video transmission: BLITZ RACE 5.8G 25mW VTX \/ BLITZ Mini Force 5.8G 600mW VTX;<br data-start=\"1885\" data-end=\"1888\" \/><strong>\u2022<\/strong> Frame diagonal distance: 190 mm;<br data-start=\"1921\" data-end=\"1924\" \/><strong>\u2022<\/strong> Motors: R5 2207 2100KV;<br data-start=\"1948\" data-end=\"1951\" \/><strong>\u2022<\/strong> Propellers: Nazgul R5 V2;<br data-start=\"1976\" data-end=\"1979\" \/><strong>\u2022<\/strong> Weight: 285\u00b15g;<br data-start=\"1994\" data-end=\"1997\" \/><strong>\u2022<\/strong> Take-off weight: about 527\u00b15 g (with 6S 1480 mAh battery);<br data-start=\"2052\" data-end=\"2055\" \/><strong>\u2022<\/strong> Dimensions (L\u00d7W\u00d7H): 169\u00d7161\u00d734 mm;<br data-start=\"2092\" data-end=\"2095\" \/><strong>\u2022<\/strong> Maximum speed: 245 km\/h;<br data-start=\"2123\" data-end=\"2126\" \/><strong>\u2022<\/strong> Maximum take-off altitude: 6000 m;<br data-start=\"2161\" data-end=\"2164\" \/><strong>\u2022<\/strong> Maximum parking time: about 12.5 min (with 6S 1480 mAh, no load);<br data-start=\"2236\" data-end=\"2239\" \/><strong>\u2022<\/strong> Operating temperature: -10\u00b0 to 40\u00b0 C;<br data-start=\"2274\" data-end=\"2277\" \/><strong>\u2022<\/strong> Antenna: one.<br data-start=\"2290\" data-end=\"2293\" \/><strong>\u2022<\/strong> GNSS: N\/A.<\/p>\n<p data-start=\"0\" data-end=\"255\"><strong>Video transmission:<\/strong><\/p>\n<p data-start=\"0\" data-end=\"48\">Product: BLITZ Mini Force VTX 600mW;<br \/>\nOutput power: PIT \/ 25 mW \/ 200 mW \/ 400 mW \/ 600 mW;<br \/>\nInput voltage: 5 V;<br \/>\nOperating current: \u2264PIT @80 mA, \u226425 mW @280 mA, \u2264100 mW @405 mA, \u2264400 mW @485 mA, \u2264600 mW @575 mA;<br \/>\nTransmission frequencies: 40 channels (ABEFR);<br \/>\nAntenna connector: MMCX;<br \/>\nMounting holes: 20\u00d720 \/ \u03a63 mm \/ 25\u00d725 \/ \u03a62 mm;<br \/>\nWeight: 4 g (without antenna);<br \/>\nDimensions: 29\u00d729 mm.<\/p>\n<p data-start=\"0\" data-end=\"255\"><strong>Package:<\/strong><\/p>\n<p data-start=\"0\" data-end=\"255\">1\u00d7 Mach R5 6S Ultra Analog BNF;<br data-start=\"2637\" data-end=\"2640\" \/>1\u00d7 Battery strap;<br data-start=\"2662\" data-end=\"2665\" \/>2\u00d7 R5 propellers (pairs);<br data-start=\"2691\" data-end=\"2694\" \/>1\u00d7 Battery mat.<\/p>","protected":false},"excerpt":{"rendered":"<p><span style=\"color: #333333;\">The iFlight Mach R5 Ultra reveals the highest level of class in the air.<\/span><\/p>\n<p><span style=\"color: #333333; font-size: 90%;\"><strong><img loading=\"lazy\" decoding=\"async\" class=\"alignnone wp-image-1806\" src=\"https:\/\/1dronas.lt\/wp-content\/uploads\/2021\/05\/delivery-icon.png\" alt=\"\" width=\"24\" height=\"24\" srcset=\"https:\/\/1dronas.lt\/wp-content\/uploads\/2021\/05\/delivery-icon.png 35w, https:\/\/1dronas.lt\/wp-content\/uploads\/2021\/05\/delivery-icon-12x12.png 12w\" sizes=\"auto, (max-width: 24px) 100vw, 24px\" \/>\u00a0 1 \u2013 2 days<\/strong><\/span><\/p>","protected":false},"featured_media":13590,"comment_status":"open","ping_status":"closed","template":"","meta":[],"product_brand":[496],"product_cat":[471],"product_tag":[519,99,468,176,91,1021,505,472,1022],"class_list":{"0":"post-13606","1":"product","2":"type-product","3":"status-publish","4":"has-post-thumbnail","6":"product_brand-iflight","7":"product_cat-sport","8":"product_tag-2-4ghz","9":"product_tag-6s","10":"product_tag-analog","11":"product_tag-elrs","12":"product_tag-iflight","13":"product_tag-mach","14":"product_tag-r5","15":"product_tag-sport","16":"product_tag-ultra","18":"first","19":"instock","20":"taxable","21":"shipping-taxable","22":"purchasable","23":"product-type-simple"},"yoast_head":"<!-- This site is optimized with the Yoast SEO plugin v27.5 - https:\/\/yoast.com\/product\/yoast-seo-wordpress\/ -->\n<title>iFlight Mach R5 Ultra 6S Analog ELRS 2.4GHz - 1dronas.lt<\/title>\n<meta name=\"robots\" content=\"index, follow, max-snippet:-1, max-image-preview:large, max-video-preview:-1\" \/>\n<link rel=\"canonical\" href=\"https:\/\/1dronas.lt\/en\/produktas\/iflight-mach-r5-ultra-6s-analog-elrs-2-4ghz\/\" \/>\n<meta property=\"og:locale\" content=\"en_US\" \/>\n<meta property=\"og:type\" content=\"article\" \/>\n<meta property=\"og:title\" content=\"iFlight Mach R5 Ultra 6S Analog ELRS 2.4GHz - 1dronas.lt\" \/>\n<meta property=\"og:description\" content=\"iFlight Mach R5 Ultra atskleid\u017eia auk\u0161\u010diausio lygio klas\u0119 ore.  \u00a0 1 \u2013 2 d. d.\" \/>\n<meta property=\"og:url\" content=\"https:\/\/1dronas.lt\/en\/produktas\/iflight-mach-r5-ultra-6s-analog-elrs-2-4ghz\/\" \/>\n<meta property=\"og:site_name\" content=\"1dronas.lt\" \/>\n<meta property=\"article:publisher\" content=\"https:\/\/www.facebook.com\/1dronas\/\" \/>\n<meta property=\"article:modified_time\" content=\"2025-12-06T17:21:39+00:00\" \/>\n<meta property=\"og:image\" content=\"https:\/\/1dronas.lt\/wp-content\/uploads\/2025\/12\/mach-r5-ultra-6s-hdzero-preorder-9072844-min.jpeg\" \/>\n\t<meta property=\"og:image:width\" content=\"800\" \/>\n\t<meta property=\"og:image:height\" content=\"800\" \/>\n\t<meta property=\"og:image:type\" content=\"image\/jpeg\" \/>\n<meta name=\"twitter:card\" content=\"summary_large_image\" \/>\n<meta name=\"twitter:label1\" content=\"Est. reading time\" \/>\n\t<meta name=\"twitter:data1\" content=\"2 minutes\" \/>\n<script type=\"application\/ld+json\" class=\"yoast-schema-graph\">{\"@context\":\"https:\\\/\\\/schema.org\",\"@graph\":[{\"@type\":\"WebPage\",\"@id\":\"https:\\\/\\\/1dronas.lt\\\/en\\\/produktas\\\/iflight-mach-r5-ultra-6s-analog-elrs-2-4ghz\\\/\",\"url\":\"https:\\\/\\\/1dronas.lt\\\/en\\\/produktas\\\/iflight-mach-r5-ultra-6s-analog-elrs-2-4ghz\\\/\",\"name\":\"iFlight Mach R5 Ultra 6S Analog ELRS 2.4GHz - 1dronas.lt\",\"isPartOf\":{\"@id\":\"https:\\\/\\\/1dronas.lt\\\/en\\\/#website\"},\"primaryImageOfPage\":{\"@id\":\"https:\\\/\\\/1dronas.lt\\\/en\\\/produktas\\\/iflight-mach-r5-ultra-6s-analog-elrs-2-4ghz\\\/#primaryimage\"},\"image\":{\"@id\":\"https:\\\/\\\/1dronas.lt\\\/en\\\/produktas\\\/iflight-mach-r5-ultra-6s-analog-elrs-2-4ghz\\\/#primaryimage\"},\"thumbnailUrl\":\"https:\\\/\\\/1dronas.lt\\\/wp-content\\\/uploads\\\/2025\\\/12\\\/mach-r5-ultra-6s-hdzero-preorder-9072844-min.jpeg\",\"datePublished\":\"2025-12-03T18:42:37+00:00\",\"dateModified\":\"2025-12-06T17:21:39+00:00\",\"breadcrumb\":{\"@id\":\"https:\\\/\\\/1dronas.lt\\\/en\\\/produktas\\\/iflight-mach-r5-ultra-6s-analog-elrs-2-4ghz\\\/#breadcrumb\"},\"inLanguage\":\"en-US\",\"potentialAction\":[{\"@type\":\"ReadAction\",\"target\":[\"https:\\\/\\\/1dronas.lt\\\/en\\\/produktas\\\/iflight-mach-r5-ultra-6s-analog-elrs-2-4ghz\\\/\"]}]},{\"@type\":\"ImageObject\",\"inLanguage\":\"en-US\",\"@id\":\"https:\\\/\\\/1dronas.lt\\\/en\\\/produktas\\\/iflight-mach-r5-ultra-6s-analog-elrs-2-4ghz\\\/#primaryimage\",\"url\":\"https:\\\/\\\/1dronas.lt\\\/wp-content\\\/uploads\\\/2025\\\/12\\\/mach-r5-ultra-6s-hdzero-preorder-9072844-min.jpeg\",\"contentUrl\":\"https:\\\/\\\/1dronas.lt\\\/wp-content\\\/uploads\\\/2025\\\/12\\\/mach-r5-ultra-6s-hdzero-preorder-9072844-min.jpeg\",\"width\":800,\"height\":800},{\"@type\":\"BreadcrumbList\",\"@id\":\"https:\\\/\\\/1dronas.lt\\\/en\\\/produktas\\\/iflight-mach-r5-ultra-6s-analog-elrs-2-4ghz\\\/#breadcrumb\",\"itemListElement\":[{\"@type\":\"ListItem\",\"position\":1,\"name\":\"Home\",\"item\":\"https:\\\/\\\/1dronas.lt\\\/\"},{\"@type\":\"ListItem\",\"position\":2,\"name\":\"Parduotuv\u0117\",\"item\":\"https:\\\/\\\/1dronas.lt\\\/parduotuve\\\/\"},{\"@type\":\"ListItem\",\"position\":3,\"name\":\"iFlight Mach R5 Ultra 6S Analog ELRS 2.4GHz\"}]},{\"@type\":\"WebSite\",\"@id\":\"https:\\\/\\\/1dronas.lt\\\/en\\\/#website\",\"url\":\"https:\\\/\\\/1dronas.lt\\\/en\\\/\",\"name\":\"1dronas.lt\",\"description\":\"Internetin\u0117 parduotuv\u0117\",\"publisher\":{\"@id\":\"https:\\\/\\\/1dronas.lt\\\/en\\\/#organization\"},\"potentialAction\":[{\"@type\":\"SearchAction\",\"target\":{\"@type\":\"EntryPoint\",\"urlTemplate\":\"https:\\\/\\\/1dronas.lt\\\/en\\\/?s={search_term_string}\"},\"query-input\":{\"@type\":\"PropertyValueSpecification\",\"valueRequired\":true,\"valueName\":\"search_term_string\"}}],\"inLanguage\":\"en-US\"},{\"@type\":\"Organization\",\"@id\":\"https:\\\/\\\/1dronas.lt\\\/en\\\/#organization\",\"name\":\"1dronas.lt\",\"url\":\"https:\\\/\\\/1dronas.lt\\\/en\\\/\",\"logo\":{\"@type\":\"ImageObject\",\"inLanguage\":\"en-US\",\"@id\":\"https:\\\/\\\/1dronas.lt\\\/en\\\/#\\\/schema\\\/logo\\\/image\\\/\",\"url\":\"https:\\\/\\\/1dronas.lt\\\/wp-content\\\/uploads\\\/2020\\\/12\\\/Ekrano_kopija__2_-removebg-preview-1-1.png\",\"contentUrl\":\"https:\\\/\\\/1dronas.lt\\\/wp-content\\\/uploads\\\/2020\\\/12\\\/Ekrano_kopija__2_-removebg-preview-1-1.png\",\"width\":234,\"height\":81,\"caption\":\"1dronas.lt\"},\"image\":{\"@id\":\"https:\\\/\\\/1dronas.lt\\\/en\\\/#\\\/schema\\\/logo\\\/image\\\/\"},\"sameAs\":[\"https:\\\/\\\/www.facebook.com\\\/1dronas\\\/\"]}]}<\/script>\n<!-- \/ Yoast SEO plugin. -->","yoast_head_json":{"title":"iFlight Mach R5 Ultra 6S Analog ELRS 2.4GHz - 1dronas.lt","robots":{"index":"index","follow":"follow","max-snippet":"max-snippet:-1","max-image-preview":"max-image-preview:large","max-video-preview":"max-video-preview:-1"},"canonical":"https:\/\/1dronas.lt\/en\/produktas\/iflight-mach-r5-ultra-6s-analog-elrs-2-4ghz\/","og_locale":"en_US","og_type":"article","og_title":"iFlight Mach R5 Ultra 6S Analog ELRS 2.4GHz - 1dronas.lt","og_description":"iFlight Mach R5 Ultra atskleid\u017eia auk\u0161\u010diausio lygio klas\u0119 ore.  \u00a0 1 \u2013 2 d. d.","og_url":"https:\/\/1dronas.lt\/en\/produktas\/iflight-mach-r5-ultra-6s-analog-elrs-2-4ghz\/","og_site_name":"1dronas.lt","article_publisher":"https:\/\/www.facebook.com\/1dronas\/","article_modified_time":"2025-12-06T17:21:39+00:00","og_image":[{"width":800,"height":800,"url":"https:\/\/1dronas.lt\/wp-content\/uploads\/2025\/12\/mach-r5-ultra-6s-hdzero-preorder-9072844-min.jpeg","type":"image\/jpeg"}],"twitter_card":"summary_large_image","twitter_misc":{"Est. reading time":"2 minutes"},"schema":{"@context":"https:\/\/schema.org","@graph":[{"@type":"WebPage","@id":"https:\/\/1dronas.lt\/en\/produktas\/iflight-mach-r5-ultra-6s-analog-elrs-2-4ghz\/","url":"https:\/\/1dronas.lt\/en\/produktas\/iflight-mach-r5-ultra-6s-analog-elrs-2-4ghz\/","name":"iFlight Mach R5 Ultra 6S Analog ELRS 2.4GHz - 1dronas.lt","isPartOf":{"@id":"https:\/\/1dronas.lt\/en\/#website"},"primaryImageOfPage":{"@id":"https:\/\/1dronas.lt\/en\/produktas\/iflight-mach-r5-ultra-6s-analog-elrs-2-4ghz\/#primaryimage"},"image":{"@id":"https:\/\/1dronas.lt\/en\/produktas\/iflight-mach-r5-ultra-6s-analog-elrs-2-4ghz\/#primaryimage"},"thumbnailUrl":"https:\/\/1dronas.lt\/wp-content\/uploads\/2025\/12\/mach-r5-ultra-6s-hdzero-preorder-9072844-min.jpeg","datePublished":"2025-12-03T18:42:37+00:00","dateModified":"2025-12-06T17:21:39+00:00","breadcrumb":{"@id":"https:\/\/1dronas.lt\/en\/produktas\/iflight-mach-r5-ultra-6s-analog-elrs-2-4ghz\/#breadcrumb"},"inLanguage":"en-US","potentialAction":[{"@type":"ReadAction","target":["https:\/\/1dronas.lt\/en\/produktas\/iflight-mach-r5-ultra-6s-analog-elrs-2-4ghz\/"]}]},{"@type":"ImageObject","inLanguage":"en-US","@id":"https:\/\/1dronas.lt\/en\/produktas\/iflight-mach-r5-ultra-6s-analog-elrs-2-4ghz\/#primaryimage","url":"https:\/\/1dronas.lt\/wp-content\/uploads\/2025\/12\/mach-r5-ultra-6s-hdzero-preorder-9072844-min.jpeg","contentUrl":"https:\/\/1dronas.lt\/wp-content\/uploads\/2025\/12\/mach-r5-ultra-6s-hdzero-preorder-9072844-min.jpeg","width":800,"height":800},{"@type":"BreadcrumbList","@id":"https:\/\/1dronas.lt\/en\/produktas\/iflight-mach-r5-ultra-6s-analog-elrs-2-4ghz\/#breadcrumb","itemListElement":[{"@type":"ListItem","position":1,"name":"Home","item":"https:\/\/1dronas.lt\/"},{"@type":"ListItem","position":2,"name":"Parduotuv\u0117","item":"https:\/\/1dronas.lt\/parduotuve\/"},{"@type":"ListItem","position":3,"name":"iFlight Mach R5 Ultra 6S Analog ELRS 2.4GHz"}]},{"@type":"WebSite","@id":"https:\/\/1dronas.lt\/en\/#website","url":"https:\/\/1dronas.lt\/en\/","name":"1dronas.lt","description":"Online store","publisher":{"@id":"https:\/\/1dronas.lt\/en\/#organization"},"potentialAction":[{"@type":"SearchAction","target":{"@type":"EntryPoint","urlTemplate":"https:\/\/1dronas.lt\/en\/?s={search_term_string}"},"query-input":{"@type":"PropertyValueSpecification","valueRequired":true,"valueName":"search_term_string"}}],"inLanguage":"en-US"},{"@type":"Organization","@id":"https:\/\/1dronas.lt\/en\/#organization","name":"1dronas.lt","url":"https:\/\/1dronas.lt\/en\/","logo":{"@type":"ImageObject","inLanguage":"en-US","@id":"https:\/\/1dronas.lt\/en\/#\/schema\/logo\/image\/","url":"https:\/\/1dronas.lt\/wp-content\/uploads\/2020\/12\/Ekrano_kopija__2_-removebg-preview-1-1.png","contentUrl":"https:\/\/1dronas.lt\/wp-content\/uploads\/2020\/12\/Ekrano_kopija__2_-removebg-preview-1-1.png","width":234,"height":81,"caption":"1dronas.lt"},"image":{"@id":"https:\/\/1dronas.lt\/en\/#\/schema\/logo\/image\/"},"sameAs":["https:\/\/www.facebook.com\/1dronas\/"]}]}},"jetpack_sharing_enabled":true,"_links":{"self":[{"href":"https:\/\/1dronas.lt\/en\/wp-json\/wp\/v2\/product\/13606","targetHints":{"allow":["GET"]}}],"collection":[{"href":"https:\/\/1dronas.lt\/en\/wp-json\/wp\/v2\/product"}],"about":[{"href":"https:\/\/1dronas.lt\/en\/wp-json\/wp\/v2\/types\/product"}],"replies":[{"embeddable":true,"href":"https:\/\/1dronas.lt\/en\/wp-json\/wp\/v2\/comments?post=13606"}],"wp:featuredmedia":[{"embeddable":true,"href":"https:\/\/1dronas.lt\/en\/wp-json\/wp\/v2\/media\/13590"}],"wp:attachment":[{"href":"https:\/\/1dronas.lt\/en\/wp-json\/wp\/v2\/media?parent=13606"}],"wp:term":[{"taxonomy":"product_brand","embeddable":true,"href":"https:\/\/1dronas.lt\/en\/wp-json\/wp\/v2\/product_brand?post=13606"},{"taxonomy":"product_cat","embeddable":true,"href":"https:\/\/1dronas.lt\/en\/wp-json\/wp\/v2\/product_cat?post=13606"},{"taxonomy":"product_tag","embeddable":true,"href":"https:\/\/1dronas.lt\/en\/wp-json\/wp\/v2\/product_tag?post=13606"}],"curies":[{"name":"wp","href":"https:\/\/api.w.org\/{rel}","templated":true}]}}