{"id":13579,"date":"2025-12-02T22:43:49","date_gmt":"2025-12-02T20:43:49","guid":{"rendered":"https:\/\/1dronas.lt\/?post_type=product&#038;p=13579"},"modified":"2026-04-28T18:29:04","modified_gmt":"2026-04-28T15:29:04","slug":"iflight-blitz-pcb-praktinio-litavimo-plokste","status":"publish","type":"product","link":"https:\/\/1dronas.lt\/en\/produktas\/iflight-blitz-pcb-praktinio-litavimo-plokste\/","title":{"rendered":"iFlight Blitz PCB practice soldering board"},"content":{"rendered":"<p>Still worried about messy soldering? The practice soldering board will help you quickly improve your soldering skills. This board features the most commonly used FPV soldering points, from fine pins to thicker wire connections.<\/p>\n<p><strong>Specification:<\/strong><\/p>\n<p>\u2022 Dimensions: 40 \u00d7 100 mm;<br data-start=\"21\" data-end=\"24\" \/>\u2022 Weight: 13.8 g\/pc.;<br data-start=\"43\" data-end=\"46\" \/>\u2022 Number of layers: 2;<br data-start=\"67\" data-end=\"70\" \/>\u2022 Thickness: 1.6 mm;<br data-start=\"84\" data-end=\"87\" \/>\u2022 Color: dark green;<br data-start=\"124\" data-end=\"127\" \/>\u2022 Sign color: white;<br data-start=\"147\" data-end=\"150\" \/>\u2022 Gold plating thickness: 1u;<br data-start=\"176\" data-end=\"179\" \/>\u2022 X-direction size: 100 mm;<br data-start=\"203\" data-end=\"206\" \/>\u2022 Y-direction size: 40 mm;<br data-start=\"229\" data-end=\"232\" \/>\u2022 Minimum line spacing: 0.245 mm;<br data-start=\"269\" data-end=\"272\" \/>\u2022 Minimum hole diameter: 0.250 mm;<br data-start=\"307\" data-end=\"310\" \/>\u2022 Total openings: 926.<\/p>\n<p><strong>Package:<\/strong><\/p>\n<p>1x iFlight Blitz PCB practice soldering board.<\/p>","protected":false},"excerpt":{"rendered":"<p><span style=\"color: #333333;\">On this board you will find the most commonly used FPV soldering points \u2014 from fine contacts to thicker wire connections.<\/span><\/p>\n<p><span style=\"color: #333333; font-size: 90%;\"><strong><img loading=\"lazy\" decoding=\"async\" class=\"alignnone wp-image-1806\" src=\"https:\/\/1dronas.lt\/wp-content\/uploads\/2021\/05\/delivery-icon.png\" alt=\"\" width=\"24\" height=\"24\" srcset=\"https:\/\/1dronas.lt\/wp-content\/uploads\/2021\/05\/delivery-icon.png 35w, https:\/\/1dronas.lt\/wp-content\/uploads\/2021\/05\/delivery-icon-12x12.png 12w\" sizes=\"auto, (max-width: 24px) 100vw, 24px\" \/>\u00a0 1 \u2013 2 days<\/strong><\/span><\/p>","protected":false},"featured_media":13584,"comment_status":"open","ping_status":"closed","template":"","meta":[],"product_brand":[496],"product_cat":[679],"product_tag":[777,91,1020,940],"class_list":{"0":"post-13579","1":"product","2":"type-product","3":"status-publish","4":"has-post-thumbnail","6":"product_brand-iflight","7":"product_cat-irankiai","8":"product_tag-blitz","9":"product_tag-iflight","10":"product_tag-litavimo-plokste","11":"product_tag-pcb","13":"first","14":"instock","15":"taxable","16":"shipping-taxable","17":"purchasable","18":"product-type-simple"},"yoast_head":"<!-- This site is optimized with the Yoast SEO plugin v27.5 - https:\/\/yoast.com\/product\/yoast-seo-wordpress\/ -->\n<title>iFlight Blitz PCB praktinio litavimo plok\u0161t\u0117 - 1dronas.lt<\/title>\n<meta name=\"robots\" content=\"index, follow, max-snippet:-1, max-image-preview:large, max-video-preview:-1\" \/>\n<link rel=\"canonical\" href=\"https:\/\/1dronas.lt\/en\/produktas\/iflight-blitz-pcb-praktinio-litavimo-plokste\/\" \/>\n<meta property=\"og:locale\" content=\"en_US\" \/>\n<meta property=\"og:type\" content=\"article\" \/>\n<meta property=\"og:title\" content=\"iFlight Blitz PCB praktinio litavimo plok\u0161t\u0117 - 1dronas.lt\" \/>\n<meta property=\"og:description\" content=\"\u0160ioje plok\u0161t\u0117je rasite da\u017eniausiai naudojamus FPV litavimo ta\u0161kus \u2014 nuo smulki\u0173 kontakt\u0173 iki storesni\u0173 laid\u0173 jung\u010di\u0173.  \u00a0 1 \u2013 2 d. d.\" \/>\n<meta property=\"og:url\" content=\"https:\/\/1dronas.lt\/en\/produktas\/iflight-blitz-pcb-praktinio-litavimo-plokste\/\" \/>\n<meta property=\"og:site_name\" content=\"1dronas.lt\" \/>\n<meta property=\"article:publisher\" content=\"https:\/\/www.facebook.com\/1dronas\/\" \/>\n<meta property=\"article:modified_time\" content=\"2026-04-28T15:29:04+00:00\" \/>\n<meta property=\"og:image\" content=\"https:\/\/1dronas.lt\/wp-content\/uploads\/2025\/12\/PCB-3-min.jpeg\" \/>\n\t<meta property=\"og:image:width\" content=\"1000\" \/>\n\t<meta property=\"og:image:height\" content=\"1000\" \/>\n\t<meta property=\"og:image:type\" content=\"image\/jpeg\" \/>\n<meta name=\"twitter:card\" content=\"summary_large_image\" \/>\n<meta name=\"twitter:label1\" content=\"Est. reading time\" \/>\n\t<meta name=\"twitter:data1\" content=\"1 minute\" \/>\n<script type=\"application\/ld+json\" class=\"yoast-schema-graph\">{\"@context\":\"https:\\\/\\\/schema.org\",\"@graph\":[{\"@type\":\"WebPage\",\"@id\":\"https:\\\/\\\/1dronas.lt\\\/en\\\/produktas\\\/iflight-blitz-pcb-praktinio-litavimo-plokste\\\/\",\"url\":\"https:\\\/\\\/1dronas.lt\\\/en\\\/produktas\\\/iflight-blitz-pcb-praktinio-litavimo-plokste\\\/\",\"name\":\"iFlight Blitz PCB praktinio litavimo plok\u0161t\u0117 - 1dronas.lt\",\"isPartOf\":{\"@id\":\"https:\\\/\\\/1dronas.lt\\\/en\\\/#website\"},\"primaryImageOfPage\":{\"@id\":\"https:\\\/\\\/1dronas.lt\\\/en\\\/produktas\\\/iflight-blitz-pcb-praktinio-litavimo-plokste\\\/#primaryimage\"},\"image\":{\"@id\":\"https:\\\/\\\/1dronas.lt\\\/en\\\/produktas\\\/iflight-blitz-pcb-praktinio-litavimo-plokste\\\/#primaryimage\"},\"thumbnailUrl\":\"https:\\\/\\\/1dronas.lt\\\/wp-content\\\/uploads\\\/2025\\\/12\\\/PCB-3-min.jpeg\",\"datePublished\":\"2025-12-02T20:43:49+00:00\",\"dateModified\":\"2026-04-28T15:29:04+00:00\",\"breadcrumb\":{\"@id\":\"https:\\\/\\\/1dronas.lt\\\/en\\\/produktas\\\/iflight-blitz-pcb-praktinio-litavimo-plokste\\\/#breadcrumb\"},\"inLanguage\":\"en-US\",\"potentialAction\":[{\"@type\":\"ReadAction\",\"target\":[\"https:\\\/\\\/1dronas.lt\\\/en\\\/produktas\\\/iflight-blitz-pcb-praktinio-litavimo-plokste\\\/\"]}]},{\"@type\":\"ImageObject\",\"inLanguage\":\"en-US\",\"@id\":\"https:\\\/\\\/1dronas.lt\\\/en\\\/produktas\\\/iflight-blitz-pcb-praktinio-litavimo-plokste\\\/#primaryimage\",\"url\":\"https:\\\/\\\/1dronas.lt\\\/wp-content\\\/uploads\\\/2025\\\/12\\\/PCB-3-min.jpeg\",\"contentUrl\":\"https:\\\/\\\/1dronas.lt\\\/wp-content\\\/uploads\\\/2025\\\/12\\\/PCB-3-min.jpeg\",\"width\":1000,\"height\":1000},{\"@type\":\"BreadcrumbList\",\"@id\":\"https:\\\/\\\/1dronas.lt\\\/en\\\/produktas\\\/iflight-blitz-pcb-praktinio-litavimo-plokste\\\/#breadcrumb\",\"itemListElement\":[{\"@type\":\"ListItem\",\"position\":1,\"name\":\"Home\",\"item\":\"https:\\\/\\\/1dronas.lt\\\/\"},{\"@type\":\"ListItem\",\"position\":2,\"name\":\"Parduotuv\u0117\",\"item\":\"https:\\\/\\\/1dronas.lt\\\/parduotuve\\\/\"},{\"@type\":\"ListItem\",\"position\":3,\"name\":\"iFlight Blitz PCB praktinio litavimo plok\u0161t\u0117\"}]},{\"@type\":\"WebSite\",\"@id\":\"https:\\\/\\\/1dronas.lt\\\/en\\\/#website\",\"url\":\"https:\\\/\\\/1dronas.lt\\\/en\\\/\",\"name\":\"1dronas.lt\",\"description\":\"Internetin\u0117 parduotuv\u0117\",\"publisher\":{\"@id\":\"https:\\\/\\\/1dronas.lt\\\/en\\\/#organization\"},\"potentialAction\":[{\"@type\":\"SearchAction\",\"target\":{\"@type\":\"EntryPoint\",\"urlTemplate\":\"https:\\\/\\\/1dronas.lt\\\/en\\\/?s={search_term_string}\"},\"query-input\":{\"@type\":\"PropertyValueSpecification\",\"valueRequired\":true,\"valueName\":\"search_term_string\"}}],\"inLanguage\":\"en-US\"},{\"@type\":\"Organization\",\"@id\":\"https:\\\/\\\/1dronas.lt\\\/en\\\/#organization\",\"name\":\"1dronas.lt\",\"url\":\"https:\\\/\\\/1dronas.lt\\\/en\\\/\",\"logo\":{\"@type\":\"ImageObject\",\"inLanguage\":\"en-US\",\"@id\":\"https:\\\/\\\/1dronas.lt\\\/en\\\/#\\\/schema\\\/logo\\\/image\\\/\",\"url\":\"https:\\\/\\\/1dronas.lt\\\/wp-content\\\/uploads\\\/2020\\\/12\\\/Ekrano_kopija__2_-removebg-preview-1-1.png\",\"contentUrl\":\"https:\\\/\\\/1dronas.lt\\\/wp-content\\\/uploads\\\/2020\\\/12\\\/Ekrano_kopija__2_-removebg-preview-1-1.png\",\"width\":234,\"height\":81,\"caption\":\"1dronas.lt\"},\"image\":{\"@id\":\"https:\\\/\\\/1dronas.lt\\\/en\\\/#\\\/schema\\\/logo\\\/image\\\/\"},\"sameAs\":[\"https:\\\/\\\/www.facebook.com\\\/1dronas\\\/\"]}]}<\/script>\n<!-- \/ Yoast SEO plugin. -->","yoast_head_json":{"title":"iFlight Blitz PCB Practice Soldering Board - 1dronas.lt","robots":{"index":"index","follow":"follow","max-snippet":"max-snippet:-1","max-image-preview":"max-image-preview:large","max-video-preview":"max-video-preview:-1"},"canonical":"https:\/\/1dronas.lt\/en\/produktas\/iflight-blitz-pcb-praktinio-litavimo-plokste\/","og_locale":"en_US","og_type":"article","og_title":"iFlight Blitz PCB praktinio litavimo plok\u0161t\u0117 - 1dronas.lt","og_description":"\u0160ioje plok\u0161t\u0117je rasite da\u017eniausiai naudojamus FPV litavimo ta\u0161kus \u2014 nuo smulki\u0173 kontakt\u0173 iki storesni\u0173 laid\u0173 jung\u010di\u0173.  \u00a0 1 \u2013 2 d. d.","og_url":"https:\/\/1dronas.lt\/en\/produktas\/iflight-blitz-pcb-praktinio-litavimo-plokste\/","og_site_name":"1dronas.lt","article_publisher":"https:\/\/www.facebook.com\/1dronas\/","article_modified_time":"2026-04-28T15:29:04+00:00","og_image":[{"width":1000,"height":1000,"url":"https:\/\/1dronas.lt\/wp-content\/uploads\/2025\/12\/PCB-3-min.jpeg","type":"image\/jpeg"}],"twitter_card":"summary_large_image","twitter_misc":{"Est. reading time":"1 minute"},"schema":{"@context":"https:\/\/schema.org","@graph":[{"@type":"WebPage","@id":"https:\/\/1dronas.lt\/en\/produktas\/iflight-blitz-pcb-praktinio-litavimo-plokste\/","url":"https:\/\/1dronas.lt\/en\/produktas\/iflight-blitz-pcb-praktinio-litavimo-plokste\/","name":"iFlight Blitz PCB Practice Soldering Board - 1dronas.lt","isPartOf":{"@id":"https:\/\/1dronas.lt\/en\/#website"},"primaryImageOfPage":{"@id":"https:\/\/1dronas.lt\/en\/produktas\/iflight-blitz-pcb-praktinio-litavimo-plokste\/#primaryimage"},"image":{"@id":"https:\/\/1dronas.lt\/en\/produktas\/iflight-blitz-pcb-praktinio-litavimo-plokste\/#primaryimage"},"thumbnailUrl":"https:\/\/1dronas.lt\/wp-content\/uploads\/2025\/12\/PCB-3-min.jpeg","datePublished":"2025-12-02T20:43:49+00:00","dateModified":"2026-04-28T15:29:04+00:00","breadcrumb":{"@id":"https:\/\/1dronas.lt\/en\/produktas\/iflight-blitz-pcb-praktinio-litavimo-plokste\/#breadcrumb"},"inLanguage":"en-US","potentialAction":[{"@type":"ReadAction","target":["https:\/\/1dronas.lt\/en\/produktas\/iflight-blitz-pcb-praktinio-litavimo-plokste\/"]}]},{"@type":"ImageObject","inLanguage":"en-US","@id":"https:\/\/1dronas.lt\/en\/produktas\/iflight-blitz-pcb-praktinio-litavimo-plokste\/#primaryimage","url":"https:\/\/1dronas.lt\/wp-content\/uploads\/2025\/12\/PCB-3-min.jpeg","contentUrl":"https:\/\/1dronas.lt\/wp-content\/uploads\/2025\/12\/PCB-3-min.jpeg","width":1000,"height":1000},{"@type":"BreadcrumbList","@id":"https:\/\/1dronas.lt\/en\/produktas\/iflight-blitz-pcb-praktinio-litavimo-plokste\/#breadcrumb","itemListElement":[{"@type":"ListItem","position":1,"name":"Home","item":"https:\/\/1dronas.lt\/"},{"@type":"ListItem","position":2,"name":"Parduotuv\u0117","item":"https:\/\/1dronas.lt\/parduotuve\/"},{"@type":"ListItem","position":3,"name":"iFlight Blitz PCB praktinio litavimo plok\u0161t\u0117"}]},{"@type":"WebSite","@id":"https:\/\/1dronas.lt\/en\/#website","url":"https:\/\/1dronas.lt\/en\/","name":"1dronas.lt","description":"Online store","publisher":{"@id":"https:\/\/1dronas.lt\/en\/#organization"},"potentialAction":[{"@type":"SearchAction","target":{"@type":"EntryPoint","urlTemplate":"https:\/\/1dronas.lt\/en\/?s={search_term_string}"},"query-input":{"@type":"PropertyValueSpecification","valueRequired":true,"valueName":"search_term_string"}}],"inLanguage":"en-US"},{"@type":"Organization","@id":"https:\/\/1dronas.lt\/en\/#organization","name":"1dronas.lt","url":"https:\/\/1dronas.lt\/en\/","logo":{"@type":"ImageObject","inLanguage":"en-US","@id":"https:\/\/1dronas.lt\/en\/#\/schema\/logo\/image\/","url":"https:\/\/1dronas.lt\/wp-content\/uploads\/2020\/12\/Ekrano_kopija__2_-removebg-preview-1-1.png","contentUrl":"https:\/\/1dronas.lt\/wp-content\/uploads\/2020\/12\/Ekrano_kopija__2_-removebg-preview-1-1.png","width":234,"height":81,"caption":"1dronas.lt"},"image":{"@id":"https:\/\/1dronas.lt\/en\/#\/schema\/logo\/image\/"},"sameAs":["https:\/\/www.facebook.com\/1dronas\/"]}]}},"jetpack_sharing_enabled":true,"_links":{"self":[{"href":"https:\/\/1dronas.lt\/en\/wp-json\/wp\/v2\/product\/13579","targetHints":{"allow":["GET"]}}],"collection":[{"href":"https:\/\/1dronas.lt\/en\/wp-json\/wp\/v2\/product"}],"about":[{"href":"https:\/\/1dronas.lt\/en\/wp-json\/wp\/v2\/types\/product"}],"replies":[{"embeddable":true,"href":"https:\/\/1dronas.lt\/en\/wp-json\/wp\/v2\/comments?post=13579"}],"wp:featuredmedia":[{"embeddable":true,"href":"https:\/\/1dronas.lt\/en\/wp-json\/wp\/v2\/media\/13584"}],"wp:attachment":[{"href":"https:\/\/1dronas.lt\/en\/wp-json\/wp\/v2\/media?parent=13579"}],"wp:term":[{"taxonomy":"product_brand","embeddable":true,"href":"https:\/\/1dronas.lt\/en\/wp-json\/wp\/v2\/product_brand?post=13579"},{"taxonomy":"product_cat","embeddable":true,"href":"https:\/\/1dronas.lt\/en\/wp-json\/wp\/v2\/product_cat?post=13579"},{"taxonomy":"product_tag","embeddable":true,"href":"https:\/\/1dronas.lt\/en\/wp-json\/wp\/v2\/product_tag?post=13579"}],"curies":[{"name":"wp","href":"https:\/\/api.w.org\/{rel}","templated":true}]}}