{"id":13549,"date":"2025-12-01T20:05:24","date_gmt":"2025-12-01T18:05:24","guid":{"rendered":"https:\/\/1dronas.lt\/?post_type=product&#038;p=13549"},"modified":"2026-04-30T13:35:09","modified_gmt":"2026-04-30T10:35:09","slug":"iflight-albatross-v2-1-90mm-5-8ghz-antena","status":"publish","type":"product","link":"https:\/\/1dronas.lt\/en\/produktas\/iflight-albatross-v2-1-90mm-5-8ghz-antena\/","title":{"rendered":"iFlight Albatross V2.1 90mm 5.8GHz antenna"},"content":{"rendered":"<p>Introducing the new and improved Albatross V2.1 antenna! With updated welding technology and a unique rugged design, this antenna is now lighter, more durable, and more reliable than ever before.<\/p>\n<p><strong>Features:<\/strong><\/p>\n<p data-start=\"582\" data-end=\"864\">\u2022 Hexagonal shape for greater durability;<br data-start=\"991\" data-end=\"994\" \/>\u2022 Ultrasonic welding technology is used;<br data-start=\"1096\" data-end=\"1099\" \/>\u2022 Greater antenna gain consistency has been achieved, which improves device performance and stability.<\/p>\n<p><strong>RHCP Specification:<\/strong><\/p>\n<p data-start=\"1197\" data-end=\"1892\">\u2022 Model: Albatross 5.8GHz RP-SMA FPV Antenna;<br data-start=\"1272\" data-end=\"1275\" \/>\u2022 Connector: RHCP RP-SMA;<br data-start=\"1292\" data-end=\"1295\" \/>\u2022 Frequency range: 5.3GHz\u20136GHz;<br data-start=\"1325\" data-end=\"1328\" \/>\u2022 Max. gain: 3.02 dBi (5500 MHz);<br data-start=\"1370\" data-end=\"1373\" \/>\u2022 Min. gain: 2.85 dBi (5700 MHz)<br data-start=\"1414\" data-end=\"1417\" \/>\u2022 Average gain: 2.9 dBi<br data-start=\"1445\" data-end=\"1448\" \/>\u2022 Maximum VSWR: 1.76 (6000 MHz);<br data-start=\"1481\" data-end=\"1484\" \/>\u2022 Minimum VSWR: 1.20 (5300 MHz);<br data-start=\"1516\" data-end=\"1519\" \/>\u2022 Average VSWR: 1.48;<br data-start=\"1539\" data-end=\"1542\" \/>\u2022 Max. radiation efficiency: 68.77 % (5700 MHz);<br data-start=\"1593\" data-end=\"1596\" \/>\u2022 Min. radiation efficiency: 65.17 % (5300 MHz);<br data-start=\"1646\" data-end=\"1649\" \/>\u2022 Average radiation efficiency: 66.51 %;<br data-start=\"1688\" data-end=\"1691\" \/>\u2022 Polarization: RHCP;<br data-start=\"1710\" data-end=\"1713\" \/>\u2022 Cross-polarization attenuation: \u201325 dB;<br data-start=\"1756\" data-end=\"1759\" \/>\u2022 Axial proportion: \u22643;<br data-start=\"1779\" data-end=\"1782\" \/>\u2022 Cable: RG141;<br data-start=\"1796\" data-end=\"1799\" \/>\u2022 Weight: 12.2 g (RHCP RP-SMA)<br data-start=\"1846\" data-end=\"1849\" \/>\u2022 Length: total 90 mm (\u00b12 mm), cable 60 mm.<\/p>\n<p data-start=\"1894\" data-end=\"2530\"><strong>LHCP Specification:<\/strong><\/p>\n<p data-start=\"1894\" data-end=\"2530\">\u2022 Model: Albatross 5.8GHz LHCP RP-SMA FPV Antenna;<br data-start=\"1965\" data-end=\"1968\" \/>\u2022 Connector: LHCP RP-SMA;<br data-start=\"1981\" data-end=\"1984\" \/>\u2022 Frequency range: 5.3GHz\u20136GHz;<br data-start=\"2014\" data-end=\"2017\" \/>\u2022 Max. gain: 3.05 dBi (5500 MHz);<br data-start=\"2059\" data-end=\"2062\" \/>\u2022 Min. gain: 2.88 dBi (5800 MHz);<br data-start=\"2103\" data-end=\"2106\" \/>\u2022 VId. gain: 2.95 dBi;<br data-start=\"2135\" data-end=\"2138\" \/>\u2022 Maximum VSWR: 1.74 (5700 MHz);<br data-start=\"2171\" data-end=\"2174\" \/>\u2022 Minimum VSWR: 1.19 (5300 MHz);<br data-start=\"2206\" data-end=\"2209\" \/>\u2022 Average VSWR: 1.5;<br data-start=\"2228\" data-end=\"2231\" \/>\u2022 Max. radiation efficiency: 68.89 % (5500 MHz);<br data-start=\"2282\" data-end=\"2285\" \/>\u2022 Min. radiation efficiency: 64.51 % (5300 MHz);<br data-start=\"2335\" data-end=\"2338\" \/>\u2022 Average radiation efficiency: 66.82 %;<br data-start=\"2377\" data-end=\"2380\" \/>\u2022 Polarization: LHCP;<br data-start=\"2399\" data-end=\"2402\" \/>\u2022 Cross-polarization attenuation: \u201325 dB;<br data-start=\"2445\" data-end=\"2448\" \/>\u2022 Axial proportion: \u22643;<br data-start=\"2468\" data-end=\"2471\" \/>\u2022 Cable: RG141;<br data-start=\"2485\" data-end=\"2488\" \/>\u2022 Weight: 8.5 \u00b1 0.5 g;<br data-start=\"2507\" data-end=\"2510\" \/>\u2022 Length: 90 mm (\u00b12 mm) cable 60 mm.<\/p>\n<p data-start=\"1894\" data-end=\"2530\"><img loading=\"lazy\" decoding=\"async\" class=\"alignnone wp-image-13550 size-full\" src=\"https:\/\/1dronas.lt\/wp-content\/uploads\/2025\/12\/5.8GHz-Albatross-SMA-V2-50mm-min.jpeg\" alt=\"\" width=\"1000\" height=\"1000\" srcset=\"https:\/\/1dronas.lt\/wp-content\/uploads\/2025\/12\/5.8GHz-Albatross-SMA-V2-50mm-min.jpeg 1000w, https:\/\/1dronas.lt\/wp-content\/uploads\/2025\/12\/5.8GHz-Albatross-SMA-V2-50mm-min-300x300.jpeg 300w, https:\/\/1dronas.lt\/wp-content\/uploads\/2025\/12\/5.8GHz-Albatross-SMA-V2-50mm-min-150x150.jpeg 150w, https:\/\/1dronas.lt\/wp-content\/uploads\/2025\/12\/5.8GHz-Albatross-SMA-V2-50mm-min-768x768.jpeg 768w, https:\/\/1dronas.lt\/wp-content\/uploads\/2025\/12\/5.8GHz-Albatross-SMA-V2-50mm-min-12x12.jpeg 12w, https:\/\/1dronas.lt\/wp-content\/uploads\/2025\/12\/5.8GHz-Albatross-SMA-V2-50mm-min-247x247.jpeg 247w, https:\/\/1dronas.lt\/wp-content\/uploads\/2025\/12\/5.8GHz-Albatross-SMA-V2-50mm-min-510x510.jpeg 510w, https:\/\/1dronas.lt\/wp-content\/uploads\/2025\/12\/5.8GHz-Albatross-SMA-V2-50mm-min-100x100.jpeg 100w\" sizes=\"auto, (max-width: 1000px) 100vw, 1000px\" \/><\/p>\n<p data-start=\"1894\" data-end=\"2530\"><strong>Package:<\/strong><\/p>\n<p data-start=\"1894\" data-end=\"2530\">1x Albatross V2.1 5.8GHz 90mm antenna.<\/p>","protected":false},"excerpt":{"rendered":"<p><span style=\"color: #333333;\">This antenna is now lighter, more durable and more reliable than ever before.<\/span><\/p>\n<p><span style=\"color: #333333; font-size: 90%;\"><strong><img loading=\"lazy\" decoding=\"async\" class=\"alignnone wp-image-1806\" src=\"https:\/\/1dronas.lt\/wp-content\/uploads\/2021\/05\/delivery-icon.png.webp\" alt=\"\" width=\"24\" height=\"24\" srcset=\"https:\/\/1dronas.lt\/wp-content\/uploads\/2021\/05\/delivery-icon.png 35w, https:\/\/1dronas.lt\/wp-content\/uploads\/2021\/05\/delivery-icon-12x12.png 12w\" sizes=\"auto, (max-width: 24px) 100vw, 24px\" \/><\/strong> \u00a0<strong>1 \u2013 2 days<\/strong><\/span><\/p>","protected":false},"featured_media":13551,"comment_status":"open","ping_status":"closed","template":"","meta":[],"product_brand":[496],"product_cat":[161],"product_tag":[775,630,164,487,91,776],"class_list":{"0":"post-13549","1":"product","2":"type-product","3":"status-publish","4":"has-post-thumbnail","6":"product_brand-iflight","7":"product_cat-antenos","8":"product_tag-5-8ghz","9":"product_tag-90mm","10":"product_tag-albatross","11":"product_tag-antena","12":"product_tag-iflight","13":"product_tag-v2-1","15":"first","16":"instock","17":"taxable","18":"shipping-taxable","19":"purchasable","20":"product-type-variable"},"yoast_head":"<!-- This site is optimized with the Yoast SEO plugin v27.5 - https:\/\/yoast.com\/product\/yoast-seo-wordpress\/ -->\n<title>iFlight Albatross V2.1 90mm 5.8GHz antena - 1dronas.lt<\/title>\n<meta name=\"robots\" content=\"index, follow, max-snippet:-1, max-image-preview:large, max-video-preview:-1\" \/>\n<link rel=\"canonical\" href=\"https:\/\/1dronas.lt\/en\/produktas\/iflight-albatross-v2-1-90mm-5-8ghz-antena\/\" \/>\n<meta property=\"og:locale\" content=\"en_US\" \/>\n<meta property=\"og:type\" content=\"article\" \/>\n<meta property=\"og:title\" content=\"iFlight Albatross V2.1 90mm 5.8GHz antena - 1dronas.lt\" \/>\n<meta property=\"og:description\" content=\"\u0160i antena dabar yra lengvesn\u0117, patvaresn\u0117 ir patikimesn\u0117 nei bet kada anks\u010diau.   \u00a01 \u2013 2 d. d.\" \/>\n<meta property=\"og:url\" content=\"https:\/\/1dronas.lt\/en\/produktas\/iflight-albatross-v2-1-90mm-5-8ghz-antena\/\" \/>\n<meta property=\"og:site_name\" content=\"1dronas.lt\" \/>\n<meta property=\"article:publisher\" content=\"https:\/\/www.facebook.com\/1dronas\/\" \/>\n<meta property=\"article:modified_time\" content=\"2026-04-30T10:35:09+00:00\" \/>\n<meta property=\"og:image\" content=\"https:\/\/1dronas.lt\/wp-content\/uploads\/2025\/12\/LHCP-90-V2.1-1-min.jpeg\" \/>\n\t<meta property=\"og:image:width\" content=\"1000\" \/>\n\t<meta property=\"og:image:height\" content=\"1000\" \/>\n\t<meta property=\"og:image:type\" content=\"image\/jpeg\" \/>\n<meta name=\"twitter:card\" content=\"summary_large_image\" \/>\n<meta name=\"twitter:label1\" content=\"Est. reading time\" \/>\n\t<meta name=\"twitter:data1\" content=\"2 minutes\" \/>\n<script type=\"application\/ld+json\" class=\"yoast-schema-graph\">{\"@context\":\"https:\\\/\\\/schema.org\",\"@graph\":[{\"@type\":\"WebPage\",\"@id\":\"https:\\\/\\\/1dronas.lt\\\/en\\\/produktas\\\/iflight-albatross-v2-1-90mm-5-8ghz-antena\\\/\",\"url\":\"https:\\\/\\\/1dronas.lt\\\/en\\\/produktas\\\/iflight-albatross-v2-1-90mm-5-8ghz-antena\\\/\",\"name\":\"iFlight Albatross V2.1 90mm 5.8GHz antena - 1dronas.lt\",\"isPartOf\":{\"@id\":\"https:\\\/\\\/1dronas.lt\\\/en\\\/#website\"},\"primaryImageOfPage\":{\"@id\":\"https:\\\/\\\/1dronas.lt\\\/en\\\/produktas\\\/iflight-albatross-v2-1-90mm-5-8ghz-antena\\\/#primaryimage\"},\"image\":{\"@id\":\"https:\\\/\\\/1dronas.lt\\\/en\\\/produktas\\\/iflight-albatross-v2-1-90mm-5-8ghz-antena\\\/#primaryimage\"},\"thumbnailUrl\":\"https:\\\/\\\/1dronas.lt\\\/wp-content\\\/uploads\\\/2025\\\/12\\\/LHCP-90-V2.1-1-min.jpeg\",\"datePublished\":\"2025-12-01T18:05:24+00:00\",\"dateModified\":\"2026-04-30T10:35:09+00:00\",\"breadcrumb\":{\"@id\":\"https:\\\/\\\/1dronas.lt\\\/en\\\/produktas\\\/iflight-albatross-v2-1-90mm-5-8ghz-antena\\\/#breadcrumb\"},\"inLanguage\":\"en-US\",\"potentialAction\":[{\"@type\":\"ReadAction\",\"target\":[\"https:\\\/\\\/1dronas.lt\\\/en\\\/produktas\\\/iflight-albatross-v2-1-90mm-5-8ghz-antena\\\/\"]}]},{\"@type\":\"ImageObject\",\"inLanguage\":\"en-US\",\"@id\":\"https:\\\/\\\/1dronas.lt\\\/en\\\/produktas\\\/iflight-albatross-v2-1-90mm-5-8ghz-antena\\\/#primaryimage\",\"url\":\"https:\\\/\\\/1dronas.lt\\\/wp-content\\\/uploads\\\/2025\\\/12\\\/LHCP-90-V2.1-1-min.jpeg\",\"contentUrl\":\"https:\\\/\\\/1dronas.lt\\\/wp-content\\\/uploads\\\/2025\\\/12\\\/LHCP-90-V2.1-1-min.jpeg\",\"width\":1000,\"height\":1000},{\"@type\":\"BreadcrumbList\",\"@id\":\"https:\\\/\\\/1dronas.lt\\\/en\\\/produktas\\\/iflight-albatross-v2-1-90mm-5-8ghz-antena\\\/#breadcrumb\",\"itemListElement\":[{\"@type\":\"ListItem\",\"position\":1,\"name\":\"Home\",\"item\":\"https:\\\/\\\/1dronas.lt\\\/\"},{\"@type\":\"ListItem\",\"position\":2,\"name\":\"Parduotuv\u0117\",\"item\":\"https:\\\/\\\/1dronas.lt\\\/parduotuve\\\/\"},{\"@type\":\"ListItem\",\"position\":3,\"name\":\"iFlight Albatross V2.1 90mm 5.8GHz antena\"}]},{\"@type\":\"WebSite\",\"@id\":\"https:\\\/\\\/1dronas.lt\\\/en\\\/#website\",\"url\":\"https:\\\/\\\/1dronas.lt\\\/en\\\/\",\"name\":\"1dronas.lt\",\"description\":\"Internetin\u0117 parduotuv\u0117\",\"publisher\":{\"@id\":\"https:\\\/\\\/1dronas.lt\\\/en\\\/#organization\"},\"potentialAction\":[{\"@type\":\"SearchAction\",\"target\":{\"@type\":\"EntryPoint\",\"urlTemplate\":\"https:\\\/\\\/1dronas.lt\\\/en\\\/?s={search_term_string}\"},\"query-input\":{\"@type\":\"PropertyValueSpecification\",\"valueRequired\":true,\"valueName\":\"search_term_string\"}}],\"inLanguage\":\"en-US\"},{\"@type\":\"Organization\",\"@id\":\"https:\\\/\\\/1dronas.lt\\\/en\\\/#organization\",\"name\":\"1dronas.lt\",\"url\":\"https:\\\/\\\/1dronas.lt\\\/en\\\/\",\"logo\":{\"@type\":\"ImageObject\",\"inLanguage\":\"en-US\",\"@id\":\"https:\\\/\\\/1dronas.lt\\\/en\\\/#\\\/schema\\\/logo\\\/image\\\/\",\"url\":\"https:\\\/\\\/1dronas.lt\\\/wp-content\\\/uploads\\\/2020\\\/12\\\/Ekrano_kopija__2_-removebg-preview-1-1.png\",\"contentUrl\":\"https:\\\/\\\/1dronas.lt\\\/wp-content\\\/uploads\\\/2020\\\/12\\\/Ekrano_kopija__2_-removebg-preview-1-1.png\",\"width\":234,\"height\":81,\"caption\":\"1dronas.lt\"},\"image\":{\"@id\":\"https:\\\/\\\/1dronas.lt\\\/en\\\/#\\\/schema\\\/logo\\\/image\\\/\"},\"sameAs\":[\"https:\\\/\\\/www.facebook.com\\\/1dronas\\\/\"]}]}<\/script>\n<!-- \/ Yoast SEO plugin. -->","yoast_head_json":{"title":"iFlight Albatross V2.1 90mm 5.8GHz antenna - 1dronas.lt","robots":{"index":"index","follow":"follow","max-snippet":"max-snippet:-1","max-image-preview":"max-image-preview:large","max-video-preview":"max-video-preview:-1"},"canonical":"https:\/\/1dronas.lt\/en\/produktas\/iflight-albatross-v2-1-90mm-5-8ghz-antena\/","og_locale":"en_US","og_type":"article","og_title":"iFlight Albatross V2.1 90mm 5.8GHz antena - 1dronas.lt","og_description":"\u0160i antena dabar yra lengvesn\u0117, patvaresn\u0117 ir patikimesn\u0117 nei bet kada anks\u010diau.   \u00a01 \u2013 2 d. d.","og_url":"https:\/\/1dronas.lt\/en\/produktas\/iflight-albatross-v2-1-90mm-5-8ghz-antena\/","og_site_name":"1dronas.lt","article_publisher":"https:\/\/www.facebook.com\/1dronas\/","article_modified_time":"2026-04-30T10:35:09+00:00","og_image":[{"width":1000,"height":1000,"url":"https:\/\/1dronas.lt\/wp-content\/uploads\/2025\/12\/LHCP-90-V2.1-1-min.jpeg","type":"image\/jpeg"}],"twitter_card":"summary_large_image","twitter_misc":{"Est. reading time":"2 minutes"},"schema":{"@context":"https:\/\/schema.org","@graph":[{"@type":"WebPage","@id":"https:\/\/1dronas.lt\/en\/produktas\/iflight-albatross-v2-1-90mm-5-8ghz-antena\/","url":"https:\/\/1dronas.lt\/en\/produktas\/iflight-albatross-v2-1-90mm-5-8ghz-antena\/","name":"iFlight Albatross V2.1 90mm 5.8GHz antenna - 1dronas.lt","isPartOf":{"@id":"https:\/\/1dronas.lt\/en\/#website"},"primaryImageOfPage":{"@id":"https:\/\/1dronas.lt\/en\/produktas\/iflight-albatross-v2-1-90mm-5-8ghz-antena\/#primaryimage"},"image":{"@id":"https:\/\/1dronas.lt\/en\/produktas\/iflight-albatross-v2-1-90mm-5-8ghz-antena\/#primaryimage"},"thumbnailUrl":"https:\/\/1dronas.lt\/wp-content\/uploads\/2025\/12\/LHCP-90-V2.1-1-min.jpeg","datePublished":"2025-12-01T18:05:24+00:00","dateModified":"2026-04-30T10:35:09+00:00","breadcrumb":{"@id":"https:\/\/1dronas.lt\/en\/produktas\/iflight-albatross-v2-1-90mm-5-8ghz-antena\/#breadcrumb"},"inLanguage":"en-US","potentialAction":[{"@type":"ReadAction","target":["https:\/\/1dronas.lt\/en\/produktas\/iflight-albatross-v2-1-90mm-5-8ghz-antena\/"]}]},{"@type":"ImageObject","inLanguage":"en-US","@id":"https:\/\/1dronas.lt\/en\/produktas\/iflight-albatross-v2-1-90mm-5-8ghz-antena\/#primaryimage","url":"https:\/\/1dronas.lt\/wp-content\/uploads\/2025\/12\/LHCP-90-V2.1-1-min.jpeg","contentUrl":"https:\/\/1dronas.lt\/wp-content\/uploads\/2025\/12\/LHCP-90-V2.1-1-min.jpeg","width":1000,"height":1000},{"@type":"BreadcrumbList","@id":"https:\/\/1dronas.lt\/en\/produktas\/iflight-albatross-v2-1-90mm-5-8ghz-antena\/#breadcrumb","itemListElement":[{"@type":"ListItem","position":1,"name":"Home","item":"https:\/\/1dronas.lt\/"},{"@type":"ListItem","position":2,"name":"Parduotuv\u0117","item":"https:\/\/1dronas.lt\/parduotuve\/"},{"@type":"ListItem","position":3,"name":"iFlight Albatross V2.1 90mm 5.8GHz antena"}]},{"@type":"WebSite","@id":"https:\/\/1dronas.lt\/en\/#website","url":"https:\/\/1dronas.lt\/en\/","name":"1dronas.lt","description":"Online store","publisher":{"@id":"https:\/\/1dronas.lt\/en\/#organization"},"potentialAction":[{"@type":"SearchAction","target":{"@type":"EntryPoint","urlTemplate":"https:\/\/1dronas.lt\/en\/?s={search_term_string}"},"query-input":{"@type":"PropertyValueSpecification","valueRequired":true,"valueName":"search_term_string"}}],"inLanguage":"en-US"},{"@type":"Organization","@id":"https:\/\/1dronas.lt\/en\/#organization","name":"1dronas.lt","url":"https:\/\/1dronas.lt\/en\/","logo":{"@type":"ImageObject","inLanguage":"en-US","@id":"https:\/\/1dronas.lt\/en\/#\/schema\/logo\/image\/","url":"https:\/\/1dronas.lt\/wp-content\/uploads\/2020\/12\/Ekrano_kopija__2_-removebg-preview-1-1.png","contentUrl":"https:\/\/1dronas.lt\/wp-content\/uploads\/2020\/12\/Ekrano_kopija__2_-removebg-preview-1-1.png","width":234,"height":81,"caption":"1dronas.lt"},"image":{"@id":"https:\/\/1dronas.lt\/en\/#\/schema\/logo\/image\/"},"sameAs":["https:\/\/www.facebook.com\/1dronas\/"]}]}},"jetpack_sharing_enabled":true,"_links":{"self":[{"href":"https:\/\/1dronas.lt\/en\/wp-json\/wp\/v2\/product\/13549","targetHints":{"allow":["GET"]}}],"collection":[{"href":"https:\/\/1dronas.lt\/en\/wp-json\/wp\/v2\/product"}],"about":[{"href":"https:\/\/1dronas.lt\/en\/wp-json\/wp\/v2\/types\/product"}],"replies":[{"embeddable":true,"href":"https:\/\/1dronas.lt\/en\/wp-json\/wp\/v2\/comments?post=13549"}],"wp:featuredmedia":[{"embeddable":true,"href":"https:\/\/1dronas.lt\/en\/wp-json\/wp\/v2\/media\/13551"}],"wp:attachment":[{"href":"https:\/\/1dronas.lt\/en\/wp-json\/wp\/v2\/media?parent=13549"}],"wp:term":[{"taxonomy":"product_brand","embeddable":true,"href":"https:\/\/1dronas.lt\/en\/wp-json\/wp\/v2\/product_brand?post=13549"},{"taxonomy":"product_cat","embeddable":true,"href":"https:\/\/1dronas.lt\/en\/wp-json\/wp\/v2\/product_cat?post=13549"},{"taxonomy":"product_tag","embeddable":true,"href":"https:\/\/1dronas.lt\/en\/wp-json\/wp\/v2\/product_tag?post=13549"}],"curies":[{"name":"wp","href":"https:\/\/api.w.org\/{rel}","templated":true}]}}