{"id":13453,"date":"2025-11-30T13:26:44","date_gmt":"2025-11-30T11:26:44","guid":{"rendered":"https:\/\/1dronas.lt\/?post_type=product&#038;p=13453"},"modified":"2025-12-30T03:26:53","modified_gmt":"2025-12-30T01:26:53","slug":"emax-tinyhawk-nanoscout-whoop-elrs","status":"publish","type":"product","link":"https:\/\/1dronas.lt\/en\/produktas\/emax-tinyhawk-nanoscout-whoop-elrs\/","title":{"rendered":"Emax Tinyhawk Nanoscout Whoop ELRS"},"content":{"rendered":"<p data-start=\"70\" data-end=\"303\">Tinyhawk Nanoscout is a compact 65mm whoop class FPV drone designed for indoor flying, tight spaces and beginners, but also suitable for advanced users. The sturdy, lightweight frame is impact resistant. The integrated 2.4 GHz ELRS receiver, 4-in-1 6A ESC and F4 flight controller ensure stable control, low latency and precise flight. The low weight and compact design make the drone perfect for tight spaces, whoop racing or learning to fly a drone.<\/p>\n<p data-start=\"70\" data-end=\"303\"><strong>Specification:<\/strong><\/p>\n<p data-start=\"70\" data-end=\"303\"><strong><b>\u2022 <\/b><\/strong>Model: Tinyhawk Nanoscout;<br data-start=\"168\" data-end=\"171\" \/><strong><b>\u2022 <\/b><\/strong>Frame size (wheelbase): 65 mm;<br data-start=\"200\" data-end=\"203\" \/><strong><b>\u2022 <\/b><\/strong>Weight: ~23 g (without battery);<br data-start=\"284\" data-end=\"287\" data-is-only-node=\"\" \/><strong><b>\u2022 <\/b><\/strong>Motors: 08015, 22000 KV brushless;<br data-start=\"328\" data-end=\"331\" \/><strong><b>\u2022 <\/b><\/strong>Propellers: 31 mm, four-blade (&quot;Avia&quot;);<br data-start=\"371\" data-end=\"374\" \/><strong><b>\u2022 <\/b><\/strong>Flight controller: F4, integrated with 4-in-1 6A ESC;<br data-start=\"426\" data-end=\"429\" \/><strong><b>\u2022 <\/b><\/strong>ESC: 6A, 1S;<br data-start=\"441\" data-end=\"444\" \/><strong><b>\u2022 <\/b><\/strong>Receiver: integrated 2.4 GHz ExpressLRS;<br data-start=\"483\" data-end=\"486\" \/><strong><b>\u2022 <\/b><\/strong>Camera: RunCam Nano 3;<br data-start=\"507\" data-end=\"510\" \/><strong><b>\u2022 <\/b><\/strong>VTX type: analog, 40 channels;<br data-start=\"542\" data-end=\"545\" \/><strong><b>\u2022 <\/b><\/strong>VTX power: 25 mW \/ 100 mW \/ 200 mW \/ up to 400 mW;<br data-start=\"660\" data-end=\"663\" \/><strong><b>\u2022 <\/b><\/strong>Battery connector: EM2.0;<br data-start=\"687\" data-end=\"690\" \/><strong><b>\u2022 <\/b><\/strong>Frame material: Memory Plastic (impact resistant).<\/p>\n<p data-start=\"70\" data-end=\"303\"><strong>Package:<\/strong><\/p>\n<p data-start=\"70\" data-end=\"303\">1x Tinyhawk Nanoscout drone;<br data-start=\"280\" data-end=\"283\" \/>1x 1S 320 mAh HV LiPo battery with EM2.0 connector;<br data-start=\"328\" data-end=\"331\" \/>1x USB\/EM2.0 battery charger;<br data-start=\"363\" data-end=\"366\" \/>4x Spare propellers;<br data-start=\"429\" data-end=\"432\" \/>1x Spare screw\/fastener set.<\/p>\n<p data-start=\"70\" data-end=\"303\"><img loading=\"lazy\" decoding=\"async\" class=\"alignnone wp-image-13474 size-full\" src=\"https:\/\/1dronas.lt\/wp-content\/uploads\/2025\/11\/569A2511-min.jpg\" alt=\"\" width=\"1000\" height=\"1000\" srcset=\"https:\/\/1dronas.lt\/wp-content\/uploads\/2025\/11\/569A2511-min.jpg 1000w, https:\/\/1dronas.lt\/wp-content\/uploads\/2025\/11\/569A2511-min-300x300.jpg 300w, https:\/\/1dronas.lt\/wp-content\/uploads\/2025\/11\/569A2511-min-150x150.jpg 150w, https:\/\/1dronas.lt\/wp-content\/uploads\/2025\/11\/569A2511-min-768x768.jpg 768w, https:\/\/1dronas.lt\/wp-content\/uploads\/2025\/11\/569A2511-min-12x12.jpg 12w, https:\/\/1dronas.lt\/wp-content\/uploads\/2025\/11\/569A2511-min-247x247.jpg 247w, https:\/\/1dronas.lt\/wp-content\/uploads\/2025\/11\/569A2511-min-510x510.jpg 510w, https:\/\/1dronas.lt\/wp-content\/uploads\/2025\/11\/569A2511-min-100x100.jpg 100w\" sizes=\"auto, (max-width: 1000px) 100vw, 1000px\" \/><\/p>","protected":false},"excerpt":{"rendered":"<p><span style=\"color: #333333;\"> Due to its low weight and compact design, the drone is perfect for tight spaces, whoop racing, or learning to fly a drone.<\/span><\/p>\n<p><span style=\"color: #333333; font-size: 90%;\"><strong><img loading=\"lazy\" decoding=\"async\" class=\"alignnone wp-image-1806\" src=\"https:\/\/1dronas.lt\/wp-content\/uploads\/2021\/05\/delivery-icon.png\" alt=\"\" width=\"24\" height=\"24\" srcset=\"https:\/\/1dronas.lt\/wp-content\/uploads\/2021\/05\/delivery-icon.png 35w, https:\/\/1dronas.lt\/wp-content\/uploads\/2021\/05\/delivery-icon-12x12.png 12w\" sizes=\"auto, (max-width: 24px) 100vw, 24px\" \/><\/strong> \u00a0<strong>1 \u2013 2 days<\/strong><\/span><\/p>","protected":false},"featured_media":13462,"comment_status":"open","ping_status":"closed","template":"","meta":[],"product_brand":[498],"product_cat":[112],"product_tag":[114,176,34,1009,403,113],"class_list":{"0":"post-13453","1":"product","2":"type-product","3":"status-publish","4":"has-post-thumbnail","6":"product_brand-emax","7":"product_cat-whoop","8":"product_tag-bnf","9":"product_tag-elrs","10":"product_tag-emax","11":"product_tag-nanoscout","12":"product_tag-tinyhawk","13":"product_tag-whoop","15":"first","16":"instock","17":"taxable","18":"shipping-taxable","19":"purchasable","20":"product-type-simple"},"yoast_head":"<!-- This site is optimized with the Yoast SEO plugin v27.4 - https:\/\/yoast.com\/product\/yoast-seo-wordpress\/ -->\n<title>Emax Tinyhawk Nanoscout Whoop ELRS - 1dronas.lt<\/title>\n<meta name=\"robots\" content=\"index, follow, max-snippet:-1, max-image-preview:large, max-video-preview:-1\" \/>\n<link rel=\"canonical\" href=\"https:\/\/1dronas.lt\/en\/produktas\/emax-tinyhawk-nanoscout-whoop-elrs\/\" \/>\n<meta property=\"og:locale\" content=\"en_US\" \/>\n<meta property=\"og:type\" content=\"article\" \/>\n<meta property=\"og:title\" content=\"Emax Tinyhawk Nanoscout Whoop ELRS - 1dronas.lt\" \/>\n<meta property=\"og:description\" content=\"D\u0117l ma\u017eo svorio ir kompakti\u0161kos konstrukcijos dronas puikiai tinka siaurose erdv\u0117se, \u201ewhoop\u201c lenktyn\u0117ms arba mokymuisi valdyti dron\u0105.   \u00a01 \u2013 2 d. d.\" \/>\n<meta property=\"og:url\" content=\"https:\/\/1dronas.lt\/en\/produktas\/emax-tinyhawk-nanoscout-whoop-elrs\/\" \/>\n<meta property=\"og:site_name\" content=\"1dronas.lt\" \/>\n<meta property=\"article:publisher\" content=\"https:\/\/www.facebook.com\/1dronas\/\" \/>\n<meta property=\"article:modified_time\" content=\"2025-12-30T01:26:53+00:00\" \/>\n<meta property=\"og:image\" content=\"https:\/\/1dronas.lt\/wp-content\/uploads\/2025\/11\/569A2492-min.jpg\" \/>\n\t<meta property=\"og:image:width\" content=\"1000\" \/>\n\t<meta property=\"og:image:height\" content=\"1000\" \/>\n\t<meta property=\"og:image:type\" content=\"image\/jpeg\" \/>\n<meta name=\"twitter:card\" content=\"summary_large_image\" \/>\n<meta name=\"twitter:label1\" content=\"Est. reading time\" \/>\n\t<meta name=\"twitter:data1\" content=\"2 minutes\" \/>\n<script type=\"application\/ld+json\" class=\"yoast-schema-graph\">{\"@context\":\"https:\\\/\\\/schema.org\",\"@graph\":[{\"@type\":\"WebPage\",\"@id\":\"https:\\\/\\\/1dronas.lt\\\/en\\\/produktas\\\/emax-tinyhawk-nanoscout-whoop-elrs\\\/\",\"url\":\"https:\\\/\\\/1dronas.lt\\\/en\\\/produktas\\\/emax-tinyhawk-nanoscout-whoop-elrs\\\/\",\"name\":\"Emax Tinyhawk Nanoscout Whoop ELRS - 1dronas.lt\",\"isPartOf\":{\"@id\":\"https:\\\/\\\/1dronas.lt\\\/en\\\/#website\"},\"primaryImageOfPage\":{\"@id\":\"https:\\\/\\\/1dronas.lt\\\/en\\\/produktas\\\/emax-tinyhawk-nanoscout-whoop-elrs\\\/#primaryimage\"},\"image\":{\"@id\":\"https:\\\/\\\/1dronas.lt\\\/en\\\/produktas\\\/emax-tinyhawk-nanoscout-whoop-elrs\\\/#primaryimage\"},\"thumbnailUrl\":\"https:\\\/\\\/1dronas.lt\\\/wp-content\\\/uploads\\\/2025\\\/11\\\/569A2492-min.jpg\",\"datePublished\":\"2025-11-30T11:26:44+00:00\",\"dateModified\":\"2025-12-30T01:26:53+00:00\",\"breadcrumb\":{\"@id\":\"https:\\\/\\\/1dronas.lt\\\/en\\\/produktas\\\/emax-tinyhawk-nanoscout-whoop-elrs\\\/#breadcrumb\"},\"inLanguage\":\"en-US\",\"potentialAction\":[{\"@type\":\"ReadAction\",\"target\":[\"https:\\\/\\\/1dronas.lt\\\/en\\\/produktas\\\/emax-tinyhawk-nanoscout-whoop-elrs\\\/\"]}]},{\"@type\":\"ImageObject\",\"inLanguage\":\"en-US\",\"@id\":\"https:\\\/\\\/1dronas.lt\\\/en\\\/produktas\\\/emax-tinyhawk-nanoscout-whoop-elrs\\\/#primaryimage\",\"url\":\"https:\\\/\\\/1dronas.lt\\\/wp-content\\\/uploads\\\/2025\\\/11\\\/569A2492-min.jpg\",\"contentUrl\":\"https:\\\/\\\/1dronas.lt\\\/wp-content\\\/uploads\\\/2025\\\/11\\\/569A2492-min.jpg\",\"width\":1000,\"height\":1000},{\"@type\":\"BreadcrumbList\",\"@id\":\"https:\\\/\\\/1dronas.lt\\\/en\\\/produktas\\\/emax-tinyhawk-nanoscout-whoop-elrs\\\/#breadcrumb\",\"itemListElement\":[{\"@type\":\"ListItem\",\"position\":1,\"name\":\"Home\",\"item\":\"https:\\\/\\\/1dronas.lt\\\/\"},{\"@type\":\"ListItem\",\"position\":2,\"name\":\"Parduotuv\u0117\",\"item\":\"https:\\\/\\\/1dronas.lt\\\/parduotuve\\\/\"},{\"@type\":\"ListItem\",\"position\":3,\"name\":\"Emax Tinyhawk Nanoscout Whoop ELRS\"}]},{\"@type\":\"WebSite\",\"@id\":\"https:\\\/\\\/1dronas.lt\\\/en\\\/#website\",\"url\":\"https:\\\/\\\/1dronas.lt\\\/en\\\/\",\"name\":\"1dronas.lt\",\"description\":\"Internetin\u0117 parduotuv\u0117\",\"publisher\":{\"@id\":\"https:\\\/\\\/1dronas.lt\\\/en\\\/#organization\"},\"potentialAction\":[{\"@type\":\"SearchAction\",\"target\":{\"@type\":\"EntryPoint\",\"urlTemplate\":\"https:\\\/\\\/1dronas.lt\\\/en\\\/?s={search_term_string}\"},\"query-input\":{\"@type\":\"PropertyValueSpecification\",\"valueRequired\":true,\"valueName\":\"search_term_string\"}}],\"inLanguage\":\"en-US\"},{\"@type\":\"Organization\",\"@id\":\"https:\\\/\\\/1dronas.lt\\\/en\\\/#organization\",\"name\":\"1dronas.lt\",\"url\":\"https:\\\/\\\/1dronas.lt\\\/en\\\/\",\"logo\":{\"@type\":\"ImageObject\",\"inLanguage\":\"en-US\",\"@id\":\"https:\\\/\\\/1dronas.lt\\\/en\\\/#\\\/schema\\\/logo\\\/image\\\/\",\"url\":\"https:\\\/\\\/1dronas.lt\\\/wp-content\\\/uploads\\\/2020\\\/12\\\/Ekrano_kopija__2_-removebg-preview-1-1.png\",\"contentUrl\":\"https:\\\/\\\/1dronas.lt\\\/wp-content\\\/uploads\\\/2020\\\/12\\\/Ekrano_kopija__2_-removebg-preview-1-1.png\",\"width\":234,\"height\":81,\"caption\":\"1dronas.lt\"},\"image\":{\"@id\":\"https:\\\/\\\/1dronas.lt\\\/en\\\/#\\\/schema\\\/logo\\\/image\\\/\"},\"sameAs\":[\"https:\\\/\\\/www.facebook.com\\\/1dronas\\\/\"]}]}<\/script>\n<!-- \/ Yoast SEO plugin. -->","yoast_head_json":{"title":"Emax Tinyhawk Nanoscout Whoop ELRS - 1dronas.lt","robots":{"index":"index","follow":"follow","max-snippet":"max-snippet:-1","max-image-preview":"max-image-preview:large","max-video-preview":"max-video-preview:-1"},"canonical":"https:\/\/1dronas.lt\/en\/produktas\/emax-tinyhawk-nanoscout-whoop-elrs\/","og_locale":"en_US","og_type":"article","og_title":"Emax Tinyhawk Nanoscout Whoop ELRS - 1dronas.lt","og_description":"D\u0117l ma\u017eo svorio ir kompakti\u0161kos konstrukcijos dronas puikiai tinka siaurose erdv\u0117se, \u201ewhoop\u201c lenktyn\u0117ms arba mokymuisi valdyti dron\u0105.   \u00a01 \u2013 2 d. d.","og_url":"https:\/\/1dronas.lt\/en\/produktas\/emax-tinyhawk-nanoscout-whoop-elrs\/","og_site_name":"1dronas.lt","article_publisher":"https:\/\/www.facebook.com\/1dronas\/","article_modified_time":"2025-12-30T01:26:53+00:00","og_image":[{"width":1000,"height":1000,"url":"https:\/\/1dronas.lt\/wp-content\/uploads\/2025\/11\/569A2492-min.jpg","type":"image\/jpeg"}],"twitter_card":"summary_large_image","twitter_misc":{"Est. reading time":"2 minutes"},"schema":{"@context":"https:\/\/schema.org","@graph":[{"@type":"WebPage","@id":"https:\/\/1dronas.lt\/en\/produktas\/emax-tinyhawk-nanoscout-whoop-elrs\/","url":"https:\/\/1dronas.lt\/en\/produktas\/emax-tinyhawk-nanoscout-whoop-elrs\/","name":"Emax Tinyhawk Nanoscout Whoop ELRS - 1dronas.lt","isPartOf":{"@id":"https:\/\/1dronas.lt\/en\/#website"},"primaryImageOfPage":{"@id":"https:\/\/1dronas.lt\/en\/produktas\/emax-tinyhawk-nanoscout-whoop-elrs\/#primaryimage"},"image":{"@id":"https:\/\/1dronas.lt\/en\/produktas\/emax-tinyhawk-nanoscout-whoop-elrs\/#primaryimage"},"thumbnailUrl":"https:\/\/1dronas.lt\/wp-content\/uploads\/2025\/11\/569A2492-min.jpg","datePublished":"2025-11-30T11:26:44+00:00","dateModified":"2025-12-30T01:26:53+00:00","breadcrumb":{"@id":"https:\/\/1dronas.lt\/en\/produktas\/emax-tinyhawk-nanoscout-whoop-elrs\/#breadcrumb"},"inLanguage":"en-US","potentialAction":[{"@type":"ReadAction","target":["https:\/\/1dronas.lt\/en\/produktas\/emax-tinyhawk-nanoscout-whoop-elrs\/"]}]},{"@type":"ImageObject","inLanguage":"en-US","@id":"https:\/\/1dronas.lt\/en\/produktas\/emax-tinyhawk-nanoscout-whoop-elrs\/#primaryimage","url":"https:\/\/1dronas.lt\/wp-content\/uploads\/2025\/11\/569A2492-min.jpg","contentUrl":"https:\/\/1dronas.lt\/wp-content\/uploads\/2025\/11\/569A2492-min.jpg","width":1000,"height":1000},{"@type":"BreadcrumbList","@id":"https:\/\/1dronas.lt\/en\/produktas\/emax-tinyhawk-nanoscout-whoop-elrs\/#breadcrumb","itemListElement":[{"@type":"ListItem","position":1,"name":"Home","item":"https:\/\/1dronas.lt\/"},{"@type":"ListItem","position":2,"name":"Parduotuv\u0117","item":"https:\/\/1dronas.lt\/parduotuve\/"},{"@type":"ListItem","position":3,"name":"Emax Tinyhawk Nanoscout Whoop ELRS"}]},{"@type":"WebSite","@id":"https:\/\/1dronas.lt\/en\/#website","url":"https:\/\/1dronas.lt\/en\/","name":"1dronas.lt","description":"Online store","publisher":{"@id":"https:\/\/1dronas.lt\/en\/#organization"},"potentialAction":[{"@type":"SearchAction","target":{"@type":"EntryPoint","urlTemplate":"https:\/\/1dronas.lt\/en\/?s={search_term_string}"},"query-input":{"@type":"PropertyValueSpecification","valueRequired":true,"valueName":"search_term_string"}}],"inLanguage":"en-US"},{"@type":"Organization","@id":"https:\/\/1dronas.lt\/en\/#organization","name":"1dronas.lt","url":"https:\/\/1dronas.lt\/en\/","logo":{"@type":"ImageObject","inLanguage":"en-US","@id":"https:\/\/1dronas.lt\/en\/#\/schema\/logo\/image\/","url":"https:\/\/1dronas.lt\/wp-content\/uploads\/2020\/12\/Ekrano_kopija__2_-removebg-preview-1-1.png","contentUrl":"https:\/\/1dronas.lt\/wp-content\/uploads\/2020\/12\/Ekrano_kopija__2_-removebg-preview-1-1.png","width":234,"height":81,"caption":"1dronas.lt"},"image":{"@id":"https:\/\/1dronas.lt\/en\/#\/schema\/logo\/image\/"},"sameAs":["https:\/\/www.facebook.com\/1dronas\/"]}]}},"jetpack_sharing_enabled":true,"_links":{"self":[{"href":"https:\/\/1dronas.lt\/en\/wp-json\/wp\/v2\/product\/13453","targetHints":{"allow":["GET"]}}],"collection":[{"href":"https:\/\/1dronas.lt\/en\/wp-json\/wp\/v2\/product"}],"about":[{"href":"https:\/\/1dronas.lt\/en\/wp-json\/wp\/v2\/types\/product"}],"replies":[{"embeddable":true,"href":"https:\/\/1dronas.lt\/en\/wp-json\/wp\/v2\/comments?post=13453"}],"wp:featuredmedia":[{"embeddable":true,"href":"https:\/\/1dronas.lt\/en\/wp-json\/wp\/v2\/media\/13462"}],"wp:attachment":[{"href":"https:\/\/1dronas.lt\/en\/wp-json\/wp\/v2\/media?parent=13453"}],"wp:term":[{"taxonomy":"product_brand","embeddable":true,"href":"https:\/\/1dronas.lt\/en\/wp-json\/wp\/v2\/product_brand?post=13453"},{"taxonomy":"product_cat","embeddable":true,"href":"https:\/\/1dronas.lt\/en\/wp-json\/wp\/v2\/product_cat?post=13453"},{"taxonomy":"product_tag","embeddable":true,"href":"https:\/\/1dronas.lt\/en\/wp-json\/wp\/v2\/product_tag?post=13453"}],"curies":[{"name":"wp","href":"https:\/\/api.w.org\/{rel}","templated":true}]}}