{"id":13371,"date":"2025-11-27T22:54:16","date_gmt":"2025-11-27T20:54:16","guid":{"rendered":"https:\/\/1dronas.lt\/?post_type=product&#038;p=13371"},"modified":"2026-04-15T21:37:17","modified_gmt":"2026-04-15T18:37:17","slug":"geprc-akumuliatoriaus-dirzelis","status":"publish","type":"product","link":"https:\/\/1dronas.lt\/en\/produktas\/geprc-akumuliatoriaus-dirzelis\/","title":{"rendered":"GEPRC battery strap"},"content":{"rendered":"<p data-start=\"185\" data-end=\"239\"><strong>Features:<\/strong><\/p>\n<p data-start=\"185\" data-end=\"239\"><b>\u2022 <\/b>High abrasion resistance;<\/p>\n<p data-start=\"241\" data-end=\"256\"><strong>Specification:<\/strong><\/p>\n<p data-start=\"258\" data-end=\"385\"><b>\u2022 <\/b>Manufacturer: GEPRC;<br data-start=\"275\" data-end=\"278\" \/><b>\u2022 <\/b>Size: 15mm x 150mm \/ 15mm x 200mm \/ 20mm x 220mm \/ 20mm x 250mm \/ 20mm x 300mm (optional);<br data-start=\"367\" data-end=\"370\" \/><b>\u2022 <\/b>Color: Black;<\/p>\n<p data-start=\"387\" data-end=\"398\"><strong>Package:<\/strong><\/p>\n<p data-start=\"400\" data-end=\"426\" data-is-last-node=\"\" data-is-only-node=\"\">1x GEPRC battery strap.<\/p>","protected":false},"excerpt":{"rendered":"<p><span style=\"color: #333333;\">High-quality strap with non-slip fastening, ensuring safety and stability during challenging flights.<\/span><\/p>\n<p><span style=\"color: #333333; font-size: 90%;\"><strong><img loading=\"lazy\" decoding=\"async\" class=\"alignnone wp-image-1806\" src=\"https:\/\/1dronas.lt\/wp-content\/uploads\/2021\/05\/delivery-icon.png.webp\" alt=\"\" width=\"24\" height=\"24\" srcset=\"https:\/\/1dronas.lt\/wp-content\/uploads\/2021\/05\/delivery-icon.png 35w, https:\/\/1dronas.lt\/wp-content\/uploads\/2021\/05\/delivery-icon-12x12.png 12w\" sizes=\"auto, (max-width: 24px) 100vw, 24px\" \/> \u00a01 \u2013 2 days<\/strong><\/span><\/p>","protected":false},"featured_media":13373,"comment_status":"open","ping_status":"closed","template":"","meta":[],"product_brand":[592],"product_cat":[685],"product_tag":[486,565,980,593],"class_list":{"0":"post-13371","1":"product","2":"type-product","3":"status-publish","4":"has-post-thumbnail","6":"product_brand-geprc","7":"product_cat-akumuliatoriu-dirzeliai","8":"product_tag-akumuliatoriaus-dirzelis","9":"product_tag-battery-strap","10":"product_tag-black-friday","11":"product_tag-geprc","13":"first","14":"instock","15":"taxable","16":"shipping-taxable","17":"purchasable","18":"product-type-variable","19":"has-default-attributes"},"yoast_head":"<!-- This site is optimized with the Yoast SEO plugin v27.4 - https:\/\/yoast.com\/product\/yoast-seo-wordpress\/ -->\n<title>GEPRC akumuliatoriaus dir\u017eelis - 1dronas.lt<\/title>\n<meta name=\"robots\" content=\"index, follow, max-snippet:-1, max-image-preview:large, max-video-preview:-1\" \/>\n<link rel=\"canonical\" href=\"https:\/\/1dronas.lt\/en\/produktas\/geprc-akumuliatoriaus-dirzelis\/\" \/>\n<meta property=\"og:locale\" content=\"en_US\" \/>\n<meta property=\"og:type\" content=\"article\" \/>\n<meta property=\"og:title\" content=\"GEPRC akumuliatoriaus dir\u017eelis - 1dronas.lt\" \/>\n<meta property=\"og:description\" content=\"Auk\u0161tos kokyb\u0117s dir\u017eelis neslystan\u010diu tvirtinimu, u\u017etikrinantis saugum\u0105 ir stabilum\u0105 inirting\u0173 skryd\u017ei\u0173 metu.   \u00a01 \u2013 2 d.d.\" \/>\n<meta property=\"og:url\" content=\"https:\/\/1dronas.lt\/en\/produktas\/geprc-akumuliatoriaus-dirzelis\/\" \/>\n<meta property=\"og:site_name\" content=\"1dronas.lt\" \/>\n<meta property=\"article:publisher\" content=\"https:\/\/www.facebook.com\/1dronas\/\" \/>\n<meta property=\"article:modified_time\" content=\"2026-04-15T18:37:17+00:00\" \/>\n<meta property=\"og:image\" content=\"https:\/\/1dronas.lt\/wp-content\/uploads\/2025\/11\/2-min.jpg\" \/>\n\t<meta property=\"og:image:width\" content=\"2000\" \/>\n\t<meta property=\"og:image:height\" content=\"2000\" \/>\n\t<meta property=\"og:image:type\" content=\"image\/jpeg\" \/>\n<meta name=\"twitter:card\" content=\"summary_large_image\" \/>\n<meta name=\"twitter:label1\" content=\"Est. reading time\" \/>\n\t<meta name=\"twitter:data1\" content=\"1 minute\" \/>\n<script type=\"application\/ld+json\" class=\"yoast-schema-graph\">{\"@context\":\"https:\\\/\\\/schema.org\",\"@graph\":[{\"@type\":\"WebPage\",\"@id\":\"https:\\\/\\\/1dronas.lt\\\/en\\\/produktas\\\/geprc-akumuliatoriaus-dirzelis\\\/\",\"url\":\"https:\\\/\\\/1dronas.lt\\\/en\\\/produktas\\\/geprc-akumuliatoriaus-dirzelis\\\/\",\"name\":\"GEPRC akumuliatoriaus dir\u017eelis - 1dronas.lt\",\"isPartOf\":{\"@id\":\"https:\\\/\\\/1dronas.lt\\\/en\\\/#website\"},\"primaryImageOfPage\":{\"@id\":\"https:\\\/\\\/1dronas.lt\\\/en\\\/produktas\\\/geprc-akumuliatoriaus-dirzelis\\\/#primaryimage\"},\"image\":{\"@id\":\"https:\\\/\\\/1dronas.lt\\\/en\\\/produktas\\\/geprc-akumuliatoriaus-dirzelis\\\/#primaryimage\"},\"thumbnailUrl\":\"https:\\\/\\\/1dronas.lt\\\/wp-content\\\/uploads\\\/2025\\\/11\\\/2-min.jpg\",\"datePublished\":\"2025-11-27T20:54:16+00:00\",\"dateModified\":\"2026-04-15T18:37:17+00:00\",\"breadcrumb\":{\"@id\":\"https:\\\/\\\/1dronas.lt\\\/en\\\/produktas\\\/geprc-akumuliatoriaus-dirzelis\\\/#breadcrumb\"},\"inLanguage\":\"en-US\",\"potentialAction\":[{\"@type\":\"ReadAction\",\"target\":[\"https:\\\/\\\/1dronas.lt\\\/en\\\/produktas\\\/geprc-akumuliatoriaus-dirzelis\\\/\"]}]},{\"@type\":\"ImageObject\",\"inLanguage\":\"en-US\",\"@id\":\"https:\\\/\\\/1dronas.lt\\\/en\\\/produktas\\\/geprc-akumuliatoriaus-dirzelis\\\/#primaryimage\",\"url\":\"https:\\\/\\\/1dronas.lt\\\/wp-content\\\/uploads\\\/2025\\\/11\\\/2-min.jpg\",\"contentUrl\":\"https:\\\/\\\/1dronas.lt\\\/wp-content\\\/uploads\\\/2025\\\/11\\\/2-min.jpg\",\"width\":2000,\"height\":2000},{\"@type\":\"BreadcrumbList\",\"@id\":\"https:\\\/\\\/1dronas.lt\\\/en\\\/produktas\\\/geprc-akumuliatoriaus-dirzelis\\\/#breadcrumb\",\"itemListElement\":[{\"@type\":\"ListItem\",\"position\":1,\"name\":\"Home\",\"item\":\"https:\\\/\\\/1dronas.lt\\\/\"},{\"@type\":\"ListItem\",\"position\":2,\"name\":\"Parduotuv\u0117\",\"item\":\"https:\\\/\\\/1dronas.lt\\\/parduotuve\\\/\"},{\"@type\":\"ListItem\",\"position\":3,\"name\":\"GEPRC akumuliatoriaus dir\u017eelis\"}]},{\"@type\":\"WebSite\",\"@id\":\"https:\\\/\\\/1dronas.lt\\\/en\\\/#website\",\"url\":\"https:\\\/\\\/1dronas.lt\\\/en\\\/\",\"name\":\"1dronas.lt\",\"description\":\"Internetin\u0117 parduotuv\u0117\",\"publisher\":{\"@id\":\"https:\\\/\\\/1dronas.lt\\\/en\\\/#organization\"},\"potentialAction\":[{\"@type\":\"SearchAction\",\"target\":{\"@type\":\"EntryPoint\",\"urlTemplate\":\"https:\\\/\\\/1dronas.lt\\\/en\\\/?s={search_term_string}\"},\"query-input\":{\"@type\":\"PropertyValueSpecification\",\"valueRequired\":true,\"valueName\":\"search_term_string\"}}],\"inLanguage\":\"en-US\"},{\"@type\":\"Organization\",\"@id\":\"https:\\\/\\\/1dronas.lt\\\/en\\\/#organization\",\"name\":\"1dronas.lt\",\"url\":\"https:\\\/\\\/1dronas.lt\\\/en\\\/\",\"logo\":{\"@type\":\"ImageObject\",\"inLanguage\":\"en-US\",\"@id\":\"https:\\\/\\\/1dronas.lt\\\/en\\\/#\\\/schema\\\/logo\\\/image\\\/\",\"url\":\"https:\\\/\\\/1dronas.lt\\\/wp-content\\\/uploads\\\/2020\\\/12\\\/Ekrano_kopija__2_-removebg-preview-1-1.png\",\"contentUrl\":\"https:\\\/\\\/1dronas.lt\\\/wp-content\\\/uploads\\\/2020\\\/12\\\/Ekrano_kopija__2_-removebg-preview-1-1.png\",\"width\":234,\"height\":81,\"caption\":\"1dronas.lt\"},\"image\":{\"@id\":\"https:\\\/\\\/1dronas.lt\\\/en\\\/#\\\/schema\\\/logo\\\/image\\\/\"},\"sameAs\":[\"https:\\\/\\\/www.facebook.com\\\/1dronas\\\/\"]}]}<\/script>\n<!-- \/ Yoast SEO plugin. -->","yoast_head_json":{"title":"GEPRC akumuliatoriaus dir\u017eelis - 1dronas.lt","robots":{"index":"index","follow":"follow","max-snippet":"max-snippet:-1","max-image-preview":"max-image-preview:large","max-video-preview":"max-video-preview:-1"},"canonical":"https:\/\/1dronas.lt\/en\/produktas\/geprc-akumuliatoriaus-dirzelis\/","og_locale":"en_US","og_type":"article","og_title":"GEPRC akumuliatoriaus dir\u017eelis - 1dronas.lt","og_description":"Auk\u0161tos kokyb\u0117s dir\u017eelis neslystan\u010diu tvirtinimu, u\u017etikrinantis saugum\u0105 ir stabilum\u0105 inirting\u0173 skryd\u017ei\u0173 metu.   \u00a01 \u2013 2 d.d.","og_url":"https:\/\/1dronas.lt\/en\/produktas\/geprc-akumuliatoriaus-dirzelis\/","og_site_name":"1dronas.lt","article_publisher":"https:\/\/www.facebook.com\/1dronas\/","article_modified_time":"2026-04-15T18:37:17+00:00","og_image":[{"width":2000,"height":2000,"url":"https:\/\/1dronas.lt\/wp-content\/uploads\/2025\/11\/2-min.jpg","type":"image\/jpeg"}],"twitter_card":"summary_large_image","twitter_misc":{"Est. reading time":"1 minute"},"schema":{"@context":"https:\/\/schema.org","@graph":[{"@type":"WebPage","@id":"https:\/\/1dronas.lt\/en\/produktas\/geprc-akumuliatoriaus-dirzelis\/","url":"https:\/\/1dronas.lt\/en\/produktas\/geprc-akumuliatoriaus-dirzelis\/","name":"GEPRC akumuliatoriaus dir\u017eelis - 1dronas.lt","isPartOf":{"@id":"https:\/\/1dronas.lt\/en\/#website"},"primaryImageOfPage":{"@id":"https:\/\/1dronas.lt\/en\/produktas\/geprc-akumuliatoriaus-dirzelis\/#primaryimage"},"image":{"@id":"https:\/\/1dronas.lt\/en\/produktas\/geprc-akumuliatoriaus-dirzelis\/#primaryimage"},"thumbnailUrl":"https:\/\/1dronas.lt\/wp-content\/uploads\/2025\/11\/2-min.jpg","datePublished":"2025-11-27T20:54:16+00:00","dateModified":"2026-04-15T18:37:17+00:00","breadcrumb":{"@id":"https:\/\/1dronas.lt\/en\/produktas\/geprc-akumuliatoriaus-dirzelis\/#breadcrumb"},"inLanguage":"en-US","potentialAction":[{"@type":"ReadAction","target":["https:\/\/1dronas.lt\/en\/produktas\/geprc-akumuliatoriaus-dirzelis\/"]}]},{"@type":"ImageObject","inLanguage":"en-US","@id":"https:\/\/1dronas.lt\/en\/produktas\/geprc-akumuliatoriaus-dirzelis\/#primaryimage","url":"https:\/\/1dronas.lt\/wp-content\/uploads\/2025\/11\/2-min.jpg","contentUrl":"https:\/\/1dronas.lt\/wp-content\/uploads\/2025\/11\/2-min.jpg","width":2000,"height":2000},{"@type":"BreadcrumbList","@id":"https:\/\/1dronas.lt\/en\/produktas\/geprc-akumuliatoriaus-dirzelis\/#breadcrumb","itemListElement":[{"@type":"ListItem","position":1,"name":"Home","item":"https:\/\/1dronas.lt\/"},{"@type":"ListItem","position":2,"name":"Parduotuv\u0117","item":"https:\/\/1dronas.lt\/parduotuve\/"},{"@type":"ListItem","position":3,"name":"GEPRC akumuliatoriaus dir\u017eelis"}]},{"@type":"WebSite","@id":"https:\/\/1dronas.lt\/en\/#website","url":"https:\/\/1dronas.lt\/en\/","name":"1dronas.lt","description":"Online store","publisher":{"@id":"https:\/\/1dronas.lt\/en\/#organization"},"potentialAction":[{"@type":"SearchAction","target":{"@type":"EntryPoint","urlTemplate":"https:\/\/1dronas.lt\/en\/?s={search_term_string}"},"query-input":{"@type":"PropertyValueSpecification","valueRequired":true,"valueName":"search_term_string"}}],"inLanguage":"en-US"},{"@type":"Organization","@id":"https:\/\/1dronas.lt\/en\/#organization","name":"1dronas.lt","url":"https:\/\/1dronas.lt\/en\/","logo":{"@type":"ImageObject","inLanguage":"en-US","@id":"https:\/\/1dronas.lt\/en\/#\/schema\/logo\/image\/","url":"https:\/\/1dronas.lt\/wp-content\/uploads\/2020\/12\/Ekrano_kopija__2_-removebg-preview-1-1.png","contentUrl":"https:\/\/1dronas.lt\/wp-content\/uploads\/2020\/12\/Ekrano_kopija__2_-removebg-preview-1-1.png","width":234,"height":81,"caption":"1dronas.lt"},"image":{"@id":"https:\/\/1dronas.lt\/en\/#\/schema\/logo\/image\/"},"sameAs":["https:\/\/www.facebook.com\/1dronas\/"]}]}},"jetpack_sharing_enabled":true,"_links":{"self":[{"href":"https:\/\/1dronas.lt\/en\/wp-json\/wp\/v2\/product\/13371","targetHints":{"allow":["GET"]}}],"collection":[{"href":"https:\/\/1dronas.lt\/en\/wp-json\/wp\/v2\/product"}],"about":[{"href":"https:\/\/1dronas.lt\/en\/wp-json\/wp\/v2\/types\/product"}],"replies":[{"embeddable":true,"href":"https:\/\/1dronas.lt\/en\/wp-json\/wp\/v2\/comments?post=13371"}],"wp:featuredmedia":[{"embeddable":true,"href":"https:\/\/1dronas.lt\/en\/wp-json\/wp\/v2\/media\/13373"}],"wp:attachment":[{"href":"https:\/\/1dronas.lt\/en\/wp-json\/wp\/v2\/media?parent=13371"}],"wp:term":[{"taxonomy":"product_brand","embeddable":true,"href":"https:\/\/1dronas.lt\/en\/wp-json\/wp\/v2\/product_brand?post=13371"},{"taxonomy":"product_cat","embeddable":true,"href":"https:\/\/1dronas.lt\/en\/wp-json\/wp\/v2\/product_cat?post=13371"},{"taxonomy":"product_tag","embeddable":true,"href":"https:\/\/1dronas.lt\/en\/wp-json\/wp\/v2\/product_tag?post=13371"}],"curies":[{"name":"wp","href":"https:\/\/api.w.org\/{rel}","templated":true}]}}