{"id":13311,"date":"2025-11-25T22:34:21","date_gmt":"2025-11-25T20:34:21","guid":{"rendered":"https:\/\/1dronas.lt\/?post_type=product&#038;p=13311"},"modified":"2025-12-01T00:21:43","modified_gmt":"2025-11-30T22:21:43","slug":"geprc-gep-racer-frame","status":"publish","type":"product","link":"https:\/\/1dronas.lt\/en\/produktas\/geprc-gep-racer-frame\/","title":{"rendered":"GEPRC GEP-Racer Frame"},"content":{"rendered":"<p data-start=\"33\" data-end=\"210\">The GEPRC Racer frame is a specially designed racing frame that combines 7075-T6 aircraft-grade aluminum alloy with high-quality T700 carbon fiber plate, CNC machined. The structure is extremely strong. It can be mounted with 20\u00d720 mm, 25.5\u00d725.5 mm or 30.5\u00d730.5 mm flight controls, and 16\u00d716 mm mounting holes are used for motors.<\/p>\n<p data-start=\"33\" data-end=\"210\"><img \/><img loading=\"lazy\" decoding=\"async\" class=\"alignnone wp-image-13323 size-full\" src=\"https:\/\/1dronas.lt\/wp-content\/uploads\/2025\/11\/Screenshot-2025-11-25-at-22.11.04-min-scaled.png\" alt=\"\" width=\"2560\" height=\"1142\" srcset=\"https:\/\/1dronas.lt\/wp-content\/uploads\/2025\/11\/Screenshot-2025-11-25-at-22.11.04-min-scaled.png 2560w, https:\/\/1dronas.lt\/wp-content\/uploads\/2025\/11\/Screenshot-2025-11-25-at-22.11.04-min-300x134.png 300w, https:\/\/1dronas.lt\/wp-content\/uploads\/2025\/11\/Screenshot-2025-11-25-at-22.11.04-min-1024x457.png 1024w, https:\/\/1dronas.lt\/wp-content\/uploads\/2025\/11\/Screenshot-2025-11-25-at-22.11.04-min-768x343.png 768w, https:\/\/1dronas.lt\/wp-content\/uploads\/2025\/11\/Screenshot-2025-11-25-at-22.11.04-min-1536x685.png 1536w, https:\/\/1dronas.lt\/wp-content\/uploads\/2025\/11\/Screenshot-2025-11-25-at-22.11.04-min-2048x914.png 2048w, https:\/\/1dronas.lt\/wp-content\/uploads\/2025\/11\/Screenshot-2025-11-25-at-22.11.04-min-18x8.png 18w, https:\/\/1dronas.lt\/wp-content\/uploads\/2025\/11\/Screenshot-2025-11-25-at-22.11.04-min-510x228.png 510w\" sizes=\"auto, (max-width: 2560px) 100vw, 2560px\" \/><\/p>\n<p data-start=\"33\" data-end=\"210\"><strong>Features:<\/strong><\/p>\n<p data-start=\"33\" data-end=\"210\"><strong>\u2022<\/strong> High-strength 7075 aviation aluminum alloy clamps;<br \/>\n<strong>\u2022<\/strong> T700 carbon fiber plate material;<br \/>\n<strong>\u2022<\/strong> \u201e&quot;Shark fin&quot; support design - makes it easier to flip the drone after a fall;<br \/>\n<strong>\u2022<\/strong> Quick-release lever design for more convenient maintenance;<br \/>\n<strong>\u2022<\/strong> 25.5 mm \u00d7 25.5 mm M3 flight controller mounting holes;<br \/>\n<strong>\u2022<\/strong> Compatible with HDZero VTX.<\/p>\n<p data-start=\"33\" data-end=\"210\"><strong>Specification:<\/strong><\/p>\n<p data-start=\"53\" data-end=\"83\"><strong>\u2022<\/strong> Model: RACER FPV frame;<br \/>\n<strong>\u2022<\/strong> Dimensions: 175 mm \u00d7 173 mm;<br \/>\n<strong>\u2022<\/strong> Diagonal (wheelbase): 208 mm;<br \/>\n<strong>\u2022<\/strong> Top plate: 2.0 mm;<br \/>\n<strong>\u2022<\/strong> Aluminum plate: 2.0 mm;<br \/>\n<strong>\u2022<\/strong> Bottom plate: 2.0 mm;<br \/>\n<strong>\u2022<\/strong> Lever (arm) thickness: 5.0 mm;<br \/>\n<strong>\u2022<\/strong> Aluminum support size: M3 \u00d7 6 \u00d7 24 mm;<br \/>\n<strong>\u2022<\/strong> Flight controller (FC) mounting holes: 30.5 \u00d7 30.5 mm \/ 25.5 \u00d7 25.5 mm \/ 20 \u00d7 20 mm;<br \/>\n<strong>\u2022<\/strong> VTX mounting holes: 20 \u00d7 20 mm;<br \/>\n<strong>\u2022<\/strong> Motor mounting holes: 16 \u00d7 16 mm;<br \/>\n<strong>\u2022<\/strong> Camera mounting width: 14 mm;<br \/>\n<strong>\u2022<\/strong> Propellers: 5 inches;<br \/>\n<strong>\u2022<\/strong> Weight: 78g \u00b1 2g.<\/p>\n<p data-start=\"53\" data-end=\"83\"><img loading=\"lazy\" decoding=\"async\" class=\"alignnone wp-image-13319 size-large\" src=\"https:\/\/1dronas.lt\/wp-content\/uploads\/2025\/11\/GEP-Racer-Frame-8-min-1024x1024.jpg\" alt=\"\" width=\"1020\" height=\"1020\" srcset=\"https:\/\/1dronas.lt\/wp-content\/uploads\/2025\/11\/GEP-Racer-Frame-8-min-1024x1024.jpg 1024w, https:\/\/1dronas.lt\/wp-content\/uploads\/2025\/11\/GEP-Racer-Frame-8-min-300x300.jpg 300w, https:\/\/1dronas.lt\/wp-content\/uploads\/2025\/11\/GEP-Racer-Frame-8-min-150x150.jpg 150w, https:\/\/1dronas.lt\/wp-content\/uploads\/2025\/11\/GEP-Racer-Frame-8-min-768x768.jpg 768w, https:\/\/1dronas.lt\/wp-content\/uploads\/2025\/11\/GEP-Racer-Frame-8-min-1536x1536.jpg 1536w, https:\/\/1dronas.lt\/wp-content\/uploads\/2025\/11\/GEP-Racer-Frame-8-min-12x12.jpg 12w, https:\/\/1dronas.lt\/wp-content\/uploads\/2025\/11\/GEP-Racer-Frame-8-min-247x247.jpg 247w, https:\/\/1dronas.lt\/wp-content\/uploads\/2025\/11\/GEP-Racer-Frame-8-min-510x510.jpg 510w, https:\/\/1dronas.lt\/wp-content\/uploads\/2025\/11\/GEP-Racer-Frame-8-min-100x100.jpg 100w, https:\/\/1dronas.lt\/wp-content\/uploads\/2025\/11\/GEP-Racer-Frame-8-min.jpg 2000w\" sizes=\"auto, (max-width: 1020px) 100vw, 1020px\" \/><\/p>\n<p data-start=\"53\" data-end=\"83\"><strong>Package:<\/strong><\/p>\n<p data-start=\"42\" data-end=\"69\">1\u00d7 top plate;<br \/>\n1\u00d7 bottom plate;<br \/>\n1\u00d7 aluminum plate;<br \/>\n1\u00d7 camera mount;<br \/>\n1\u00d7 VTX antenna mount;<br \/>\n1\u00d7 \u201eshark fin\u201c 3D printed part;<br \/>\n4\u00d7 M3\u00d76\u00d724 mm aluminum supports;<br \/>\n2\u00d7 20\u00d7250 mm battery straps;<br \/>\n2\u00d7 battery non-slip pads;<br \/>\n1\u00d7 set of screws;<br \/>\n1\u00d7 L-shaped 1.5 mm screwdriver;<br \/>\n1\u00d7 L-shaped 2 mm screwdriver.<\/p>\n<p data-start=\"42\" data-end=\"69\"><img loading=\"lazy\" decoding=\"async\" class=\"alignnone wp-image-13313 size-full\" src=\"https:\/\/1dronas.lt\/wp-content\/uploads\/2025\/11\/11-4-min.jpg\" alt=\"\" width=\"1200\" height=\"1543\" srcset=\"https:\/\/1dronas.lt\/wp-content\/uploads\/2025\/11\/11-4-min.jpg 1200w, https:\/\/1dronas.lt\/wp-content\/uploads\/2025\/11\/11-4-min-233x300.jpg 233w, https:\/\/1dronas.lt\/wp-content\/uploads\/2025\/11\/11-4-min-796x1024.jpg 796w, https:\/\/1dronas.lt\/wp-content\/uploads\/2025\/11\/11-4-min-768x988.jpg 768w, https:\/\/1dronas.lt\/wp-content\/uploads\/2025\/11\/11-4-min-1195x1536.jpg 1195w, https:\/\/1dronas.lt\/wp-content\/uploads\/2025\/11\/11-4-min-9x12.jpg 9w, https:\/\/1dronas.lt\/wp-content\/uploads\/2025\/11\/11-4-min-510x656.jpg 510w\" sizes=\"auto, (max-width: 1200px) 100vw, 1200px\" \/><\/p>","protected":false},"excerpt":{"rendered":"<p><span style=\"color: #333333;\">The GEPRC Racer frame is designed specifically for competition.<\/span><\/p>\n<p><span style=\"color: #333333; font-size: 90%;\"><strong><img loading=\"lazy\" decoding=\"async\" class=\"alignnone wp-image-1806\" src=\"https:\/\/1dronas.lt\/wp-content\/uploads\/2021\/05\/delivery-icon.png\" alt=\"\" width=\"24\" height=\"24\" srcset=\"https:\/\/1dronas.lt\/wp-content\/uploads\/2021\/05\/delivery-icon.png 35w, https:\/\/1dronas.lt\/wp-content\/uploads\/2021\/05\/delivery-icon-12x12.png 12w\" sizes=\"auto, (max-width: 24px) 100vw, 24px\" \/>\u00a0 1 \u2013 2 days<\/strong><\/span><\/p>","protected":false},"featured_media":13318,"comment_status":"open","ping_status":"closed","template":"","meta":[],"product_brand":[592],"product_cat":[688],"product_tag":[980,352,998,593],"class_list":{"0":"post-13311","1":"product","2":"type-product","3":"status-publish","4":"has-post-thumbnail","6":"product_brand-geprc","7":"product_cat-5-coliu-remai","8":"product_tag-black-friday","9":"product_tag-frame","10":"product_tag-gep-racer","11":"product_tag-geprc","13":"first","14":"instock","15":"taxable","16":"shipping-taxable","17":"purchasable","18":"product-type-simple"},"yoast_head":"<!-- This site is optimized with the Yoast SEO plugin v27.4 - https:\/\/yoast.com\/product\/yoast-seo-wordpress\/ -->\n<title>GEPRC GEP-Racer Frame - 1dronas.lt<\/title>\n<meta name=\"robots\" content=\"index, follow, max-snippet:-1, max-image-preview:large, max-video-preview:-1\" \/>\n<link rel=\"canonical\" href=\"https:\/\/1dronas.lt\/en\/produktas\/geprc-gep-racer-frame\/\" \/>\n<meta property=\"og:locale\" content=\"en_US\" \/>\n<meta property=\"og:type\" content=\"article\" \/>\n<meta property=\"og:title\" content=\"GEPRC GEP-Racer Frame - 1dronas.lt\" \/>\n<meta property=\"og:description\" content=\"Specialiai var\u017eyboms sukurtas GEPRC Racer r\u0117mas.  \u00a0 1 \u2013 2 d. d.\" \/>\n<meta property=\"og:url\" content=\"https:\/\/1dronas.lt\/en\/produktas\/geprc-gep-racer-frame\/\" \/>\n<meta property=\"og:site_name\" content=\"1dronas.lt\" \/>\n<meta property=\"article:publisher\" content=\"https:\/\/www.facebook.com\/1dronas\/\" \/>\n<meta property=\"article:modified_time\" content=\"2025-11-30T22:21:43+00:00\" \/>\n<meta property=\"og:image\" content=\"https:\/\/1dronas.lt\/wp-content\/uploads\/2025\/11\/GEP-Racer-Frame-5-min.jpg\" \/>\n\t<meta property=\"og:image:width\" content=\"2000\" \/>\n\t<meta property=\"og:image:height\" content=\"2000\" \/>\n\t<meta property=\"og:image:type\" content=\"image\/jpeg\" \/>\n<meta name=\"twitter:card\" content=\"summary_large_image\" \/>\n<meta name=\"twitter:label1\" content=\"Est. reading time\" \/>\n\t<meta name=\"twitter:data1\" content=\"3 minutes\" \/>\n<script type=\"application\/ld+json\" class=\"yoast-schema-graph\">{\"@context\":\"https:\\\/\\\/schema.org\",\"@graph\":[{\"@type\":\"WebPage\",\"@id\":\"https:\\\/\\\/1dronas.lt\\\/en\\\/produktas\\\/geprc-gep-racer-frame\\\/\",\"url\":\"https:\\\/\\\/1dronas.lt\\\/en\\\/produktas\\\/geprc-gep-racer-frame\\\/\",\"name\":\"GEPRC GEP-Racer Frame - 1dronas.lt\",\"isPartOf\":{\"@id\":\"https:\\\/\\\/1dronas.lt\\\/en\\\/#website\"},\"primaryImageOfPage\":{\"@id\":\"https:\\\/\\\/1dronas.lt\\\/en\\\/produktas\\\/geprc-gep-racer-frame\\\/#primaryimage\"},\"image\":{\"@id\":\"https:\\\/\\\/1dronas.lt\\\/en\\\/produktas\\\/geprc-gep-racer-frame\\\/#primaryimage\"},\"thumbnailUrl\":\"https:\\\/\\\/1dronas.lt\\\/wp-content\\\/uploads\\\/2025\\\/11\\\/GEP-Racer-Frame-5-min.jpg\",\"datePublished\":\"2025-11-25T20:34:21+00:00\",\"dateModified\":\"2025-11-30T22:21:43+00:00\",\"breadcrumb\":{\"@id\":\"https:\\\/\\\/1dronas.lt\\\/en\\\/produktas\\\/geprc-gep-racer-frame\\\/#breadcrumb\"},\"inLanguage\":\"en-US\",\"potentialAction\":[{\"@type\":\"ReadAction\",\"target\":[\"https:\\\/\\\/1dronas.lt\\\/en\\\/produktas\\\/geprc-gep-racer-frame\\\/\"]}]},{\"@type\":\"ImageObject\",\"inLanguage\":\"en-US\",\"@id\":\"https:\\\/\\\/1dronas.lt\\\/en\\\/produktas\\\/geprc-gep-racer-frame\\\/#primaryimage\",\"url\":\"https:\\\/\\\/1dronas.lt\\\/wp-content\\\/uploads\\\/2025\\\/11\\\/GEP-Racer-Frame-5-min.jpg\",\"contentUrl\":\"https:\\\/\\\/1dronas.lt\\\/wp-content\\\/uploads\\\/2025\\\/11\\\/GEP-Racer-Frame-5-min.jpg\",\"width\":2000,\"height\":2000},{\"@type\":\"BreadcrumbList\",\"@id\":\"https:\\\/\\\/1dronas.lt\\\/en\\\/produktas\\\/geprc-gep-racer-frame\\\/#breadcrumb\",\"itemListElement\":[{\"@type\":\"ListItem\",\"position\":1,\"name\":\"Home\",\"item\":\"https:\\\/\\\/1dronas.lt\\\/\"},{\"@type\":\"ListItem\",\"position\":2,\"name\":\"Parduotuv\u0117\",\"item\":\"https:\\\/\\\/1dronas.lt\\\/parduotuve\\\/\"},{\"@type\":\"ListItem\",\"position\":3,\"name\":\"GEPRC GEP-Racer Frame\"}]},{\"@type\":\"WebSite\",\"@id\":\"https:\\\/\\\/1dronas.lt\\\/en\\\/#website\",\"url\":\"https:\\\/\\\/1dronas.lt\\\/en\\\/\",\"name\":\"1dronas.lt\",\"description\":\"Internetin\u0117 parduotuv\u0117\",\"publisher\":{\"@id\":\"https:\\\/\\\/1dronas.lt\\\/en\\\/#organization\"},\"potentialAction\":[{\"@type\":\"SearchAction\",\"target\":{\"@type\":\"EntryPoint\",\"urlTemplate\":\"https:\\\/\\\/1dronas.lt\\\/en\\\/?s={search_term_string}\"},\"query-input\":{\"@type\":\"PropertyValueSpecification\",\"valueRequired\":true,\"valueName\":\"search_term_string\"}}],\"inLanguage\":\"en-US\"},{\"@type\":\"Organization\",\"@id\":\"https:\\\/\\\/1dronas.lt\\\/en\\\/#organization\",\"name\":\"1dronas.lt\",\"url\":\"https:\\\/\\\/1dronas.lt\\\/en\\\/\",\"logo\":{\"@type\":\"ImageObject\",\"inLanguage\":\"en-US\",\"@id\":\"https:\\\/\\\/1dronas.lt\\\/en\\\/#\\\/schema\\\/logo\\\/image\\\/\",\"url\":\"https:\\\/\\\/1dronas.lt\\\/wp-content\\\/uploads\\\/2020\\\/12\\\/Ekrano_kopija__2_-removebg-preview-1-1.png\",\"contentUrl\":\"https:\\\/\\\/1dronas.lt\\\/wp-content\\\/uploads\\\/2020\\\/12\\\/Ekrano_kopija__2_-removebg-preview-1-1.png\",\"width\":234,\"height\":81,\"caption\":\"1dronas.lt\"},\"image\":{\"@id\":\"https:\\\/\\\/1dronas.lt\\\/en\\\/#\\\/schema\\\/logo\\\/image\\\/\"},\"sameAs\":[\"https:\\\/\\\/www.facebook.com\\\/1dronas\\\/\"]}]}<\/script>\n<!-- \/ Yoast SEO plugin. -->","yoast_head_json":{"title":"GEPRC GEP-Racer Frame - 1dronas.lt","robots":{"index":"index","follow":"follow","max-snippet":"max-snippet:-1","max-image-preview":"max-image-preview:large","max-video-preview":"max-video-preview:-1"},"canonical":"https:\/\/1dronas.lt\/en\/produktas\/geprc-gep-racer-frame\/","og_locale":"en_US","og_type":"article","og_title":"GEPRC GEP-Racer Frame - 1dronas.lt","og_description":"Specialiai var\u017eyboms sukurtas GEPRC Racer r\u0117mas.  \u00a0 1 \u2013 2 d. d.","og_url":"https:\/\/1dronas.lt\/en\/produktas\/geprc-gep-racer-frame\/","og_site_name":"1dronas.lt","article_publisher":"https:\/\/www.facebook.com\/1dronas\/","article_modified_time":"2025-11-30T22:21:43+00:00","og_image":[{"width":2000,"height":2000,"url":"https:\/\/1dronas.lt\/wp-content\/uploads\/2025\/11\/GEP-Racer-Frame-5-min.jpg","type":"image\/jpeg"}],"twitter_card":"summary_large_image","twitter_misc":{"Est. reading time":"3 minutes"},"schema":{"@context":"https:\/\/schema.org","@graph":[{"@type":"WebPage","@id":"https:\/\/1dronas.lt\/en\/produktas\/geprc-gep-racer-frame\/","url":"https:\/\/1dronas.lt\/en\/produktas\/geprc-gep-racer-frame\/","name":"GEPRC GEP-Racer Frame - 1dronas.lt","isPartOf":{"@id":"https:\/\/1dronas.lt\/en\/#website"},"primaryImageOfPage":{"@id":"https:\/\/1dronas.lt\/en\/produktas\/geprc-gep-racer-frame\/#primaryimage"},"image":{"@id":"https:\/\/1dronas.lt\/en\/produktas\/geprc-gep-racer-frame\/#primaryimage"},"thumbnailUrl":"https:\/\/1dronas.lt\/wp-content\/uploads\/2025\/11\/GEP-Racer-Frame-5-min.jpg","datePublished":"2025-11-25T20:34:21+00:00","dateModified":"2025-11-30T22:21:43+00:00","breadcrumb":{"@id":"https:\/\/1dronas.lt\/en\/produktas\/geprc-gep-racer-frame\/#breadcrumb"},"inLanguage":"en-US","potentialAction":[{"@type":"ReadAction","target":["https:\/\/1dronas.lt\/en\/produktas\/geprc-gep-racer-frame\/"]}]},{"@type":"ImageObject","inLanguage":"en-US","@id":"https:\/\/1dronas.lt\/en\/produktas\/geprc-gep-racer-frame\/#primaryimage","url":"https:\/\/1dronas.lt\/wp-content\/uploads\/2025\/11\/GEP-Racer-Frame-5-min.jpg","contentUrl":"https:\/\/1dronas.lt\/wp-content\/uploads\/2025\/11\/GEP-Racer-Frame-5-min.jpg","width":2000,"height":2000},{"@type":"BreadcrumbList","@id":"https:\/\/1dronas.lt\/en\/produktas\/geprc-gep-racer-frame\/#breadcrumb","itemListElement":[{"@type":"ListItem","position":1,"name":"Home","item":"https:\/\/1dronas.lt\/"},{"@type":"ListItem","position":2,"name":"Parduotuv\u0117","item":"https:\/\/1dronas.lt\/parduotuve\/"},{"@type":"ListItem","position":3,"name":"GEPRC GEP-Racer Frame"}]},{"@type":"WebSite","@id":"https:\/\/1dronas.lt\/en\/#website","url":"https:\/\/1dronas.lt\/en\/","name":"1dronas.lt","description":"Online store","publisher":{"@id":"https:\/\/1dronas.lt\/en\/#organization"},"potentialAction":[{"@type":"SearchAction","target":{"@type":"EntryPoint","urlTemplate":"https:\/\/1dronas.lt\/en\/?s={search_term_string}"},"query-input":{"@type":"PropertyValueSpecification","valueRequired":true,"valueName":"search_term_string"}}],"inLanguage":"en-US"},{"@type":"Organization","@id":"https:\/\/1dronas.lt\/en\/#organization","name":"1dronas.lt","url":"https:\/\/1dronas.lt\/en\/","logo":{"@type":"ImageObject","inLanguage":"en-US","@id":"https:\/\/1dronas.lt\/en\/#\/schema\/logo\/image\/","url":"https:\/\/1dronas.lt\/wp-content\/uploads\/2020\/12\/Ekrano_kopija__2_-removebg-preview-1-1.png","contentUrl":"https:\/\/1dronas.lt\/wp-content\/uploads\/2020\/12\/Ekrano_kopija__2_-removebg-preview-1-1.png","width":234,"height":81,"caption":"1dronas.lt"},"image":{"@id":"https:\/\/1dronas.lt\/en\/#\/schema\/logo\/image\/"},"sameAs":["https:\/\/www.facebook.com\/1dronas\/"]}]}},"jetpack_sharing_enabled":true,"_links":{"self":[{"href":"https:\/\/1dronas.lt\/en\/wp-json\/wp\/v2\/product\/13311","targetHints":{"allow":["GET"]}}],"collection":[{"href":"https:\/\/1dronas.lt\/en\/wp-json\/wp\/v2\/product"}],"about":[{"href":"https:\/\/1dronas.lt\/en\/wp-json\/wp\/v2\/types\/product"}],"replies":[{"embeddable":true,"href":"https:\/\/1dronas.lt\/en\/wp-json\/wp\/v2\/comments?post=13311"}],"wp:featuredmedia":[{"embeddable":true,"href":"https:\/\/1dronas.lt\/en\/wp-json\/wp\/v2\/media\/13318"}],"wp:attachment":[{"href":"https:\/\/1dronas.lt\/en\/wp-json\/wp\/v2\/media?parent=13311"}],"wp:term":[{"taxonomy":"product_brand","embeddable":true,"href":"https:\/\/1dronas.lt\/en\/wp-json\/wp\/v2\/product_brand?post=13311"},{"taxonomy":"product_cat","embeddable":true,"href":"https:\/\/1dronas.lt\/en\/wp-json\/wp\/v2\/product_cat?post=13311"},{"taxonomy":"product_tag","embeddable":true,"href":"https:\/\/1dronas.lt\/en\/wp-json\/wp\/v2\/product_tag?post=13311"}],"curies":[{"name":"wp","href":"https:\/\/api.w.org\/{rel}","templated":true}]}}