{"id":13294,"date":"2025-11-25T21:44:49","date_gmt":"2025-11-25T19:44:49","guid":{"rendered":"https:\/\/1dronas.lt\/?post_type=product&#038;p=13294"},"modified":"2026-04-16T18:48:50","modified_gmt":"2026-04-16T15:48:50","slug":"gemfan-1219s-3-asmenu-propeleriai","status":"publish","type":"product","link":"https:\/\/1dronas.lt\/en\/produktas\/gemfan-1219s-3-asmenu-propeleriai\/","title":{"rendered":"Gemfan 1219S 3-blade propellers"},"content":{"rendered":"<p>The Gemfan 1219S 3-blade propellers are designed to provide the optimal balance of thrust, control and precision. They are lighter than the 1219 model, but maintain high quality, so the drone responds faster and does not lose power even at high speeds. This makes the 65mm whoop drone more stable, smoother and superior on the race track.<\/p>\n<p><img loading=\"lazy\" decoding=\"async\" class=\"alignnone wp-image-13295 size-full\" src=\"https:\/\/1dronas.lt\/wp-content\/uploads\/2025\/11\/1_a0ed8234-d10e-45ed-a7eb-6580bc7ed515_1024x1024-min.jpg\" alt=\"\" width=\"1024\" height=\"576\" srcset=\"https:\/\/1dronas.lt\/wp-content\/uploads\/2025\/11\/1_a0ed8234-d10e-45ed-a7eb-6580bc7ed515_1024x1024-min.jpg 1024w, https:\/\/1dronas.lt\/wp-content\/uploads\/2025\/11\/1_a0ed8234-d10e-45ed-a7eb-6580bc7ed515_1024x1024-min-300x169.jpg 300w, https:\/\/1dronas.lt\/wp-content\/uploads\/2025\/11\/1_a0ed8234-d10e-45ed-a7eb-6580bc7ed515_1024x1024-min-768x432.jpg 768w, https:\/\/1dronas.lt\/wp-content\/uploads\/2025\/11\/1_a0ed8234-d10e-45ed-a7eb-6580bc7ed515_1024x1024-min-18x10.jpg 18w, https:\/\/1dronas.lt\/wp-content\/uploads\/2025\/11\/1_a0ed8234-d10e-45ed-a7eb-6580bc7ed515_1024x1024-min-510x287.jpg 510w\" sizes=\"auto, (max-width: 1024px) 100vw, 1024px\" \/><\/p>\n<p><strong>Specification:<\/strong><\/p>\n<p>\u2022 Product: Gemfan 1219S 3-Blade Propellers (1.0mm Shaft)<br \/>\n\u2022 Weight (4pcs): 0.74g;<br \/>\n\u2022 Color: Transparent gray \/ Colorless \/ Transparent blue \/ Transparent green;<br \/>\n\u2022 Blades: 3;<br \/>\n\u2022 Material: PC;<br \/>\n\u2022 Propeller mounting hole: 1.0mm.<\/p>\n<p><img loading=\"lazy\" decoding=\"async\" class=\"alignnone wp-image-13301 size-full\" src=\"https:\/\/1dronas.lt\/wp-content\/uploads\/2025\/11\/f7d7c897f798fc44c391847188c3ac79_8291f94e-6589-41da-a89a-3b00e55739cf_480x480-min.jpg\" alt=\"\" width=\"480\" height=\"307\" srcset=\"https:\/\/1dronas.lt\/wp-content\/uploads\/2025\/11\/f7d7c897f798fc44c391847188c3ac79_8291f94e-6589-41da-a89a-3b00e55739cf_480x480-min.jpg 480w, https:\/\/1dronas.lt\/wp-content\/uploads\/2025\/11\/f7d7c897f798fc44c391847188c3ac79_8291f94e-6589-41da-a89a-3b00e55739cf_480x480-min-300x192.jpg 300w, https:\/\/1dronas.lt\/wp-content\/uploads\/2025\/11\/f7d7c897f798fc44c391847188c3ac79_8291f94e-6589-41da-a89a-3b00e55739cf_480x480-min-18x12.jpg 18w\" sizes=\"auto, (max-width: 480px) 100vw, 480px\" \/><\/p>\n<p><strong>Package:<\/strong><\/p>\n<p>2x Gemfan 1219S 3-blade propellers CW;<br \/>\n2x Gemfan 1219S 3-blade propellers CCW.<\/p>","protected":false},"excerpt":{"rendered":"<p><span style=\"color: #000000;\">The propellers are lighter than the 1219 model, so the drone responds faster and does not lose power even at high speeds.<\/span><\/p>\n<p><span style=\"color: #000000;\"><strong><img loading=\"lazy\" decoding=\"async\" class=\"alignnone wp-image-1806\" src=\"https:\/\/1dronas.lt\/wp-content\/uploads\/2021\/05\/delivery-icon.png\" alt=\"\" width=\"24\" height=\"24\" srcset=\"https:\/\/1dronas.lt\/wp-content\/uploads\/2021\/05\/delivery-icon.png 35w, https:\/\/1dronas.lt\/wp-content\/uploads\/2021\/05\/delivery-icon-12x12.png 12w\" sizes=\"auto, (max-width: 24px) 100vw, 24px\" \/>\u00a0 \u00a01 \u2013 2 days<\/strong><\/span><\/p>","protected":false},"featured_media":13308,"comment_status":"open","ping_status":"closed","template":"","meta":[],"product_brand":[503],"product_cat":[691],"product_tag":[997,338,80,79],"class_list":{"0":"post-13294","1":"product","2":"type-product","3":"status-publish","4":"has-post-thumbnail","6":"product_brand-gemfan","7":"product_cat-whoop-propeleriai-31-49-mm","8":"product_tag-1219s","9":"product_tag-3-asmenu","10":"product_tag-gemfan","11":"product_tag-propeleriai","13":"first","14":"instock","15":"taxable","16":"shipping-taxable","17":"purchasable","18":"product-type-variable","19":"has-default-attributes"},"yoast_head":"<!-- This site is optimized with the Yoast SEO plugin v27.4 - https:\/\/yoast.com\/product\/yoast-seo-wordpress\/ -->\n<title>Gemfan 1219S 3-a\u0161men\u0173 propeleriai - 1dronas.lt<\/title>\n<meta name=\"robots\" content=\"index, follow, max-snippet:-1, max-image-preview:large, max-video-preview:-1\" \/>\n<link rel=\"canonical\" href=\"https:\/\/1dronas.lt\/en\/produktas\/gemfan-1219s-3-asmenu-propeleriai\/\" \/>\n<meta property=\"og:locale\" content=\"en_US\" \/>\n<meta property=\"og:type\" content=\"article\" \/>\n<meta property=\"og:title\" content=\"Gemfan 1219S 3-a\u0161men\u0173 propeleriai - 1dronas.lt\" \/>\n<meta property=\"og:description\" content=\"Propeleriai yra lengvesni u\u017e 1219 model\u012f, tod\u0117l dronas reaguoja grei\u010diau ir nepraranda galios net esant dideliems s\u016bkiams.  \u00a0 \u00a01 \u2013 2 d. d.\" \/>\n<meta property=\"og:url\" content=\"https:\/\/1dronas.lt\/en\/produktas\/gemfan-1219s-3-asmenu-propeleriai\/\" \/>\n<meta property=\"og:site_name\" content=\"1dronas.lt\" \/>\n<meta property=\"article:publisher\" content=\"https:\/\/www.facebook.com\/1dronas\/\" \/>\n<meta property=\"article:modified_time\" content=\"2026-04-16T15:48:50+00:00\" \/>\n<meta property=\"og:image\" content=\"https:\/\/1dronas.lt\/wp-content\/uploads\/2025\/11\/27132e2021077d40d7ce9b80dafc0689_1080x-min.jpg\" \/>\n\t<meta property=\"og:image:width\" content=\"1080\" \/>\n\t<meta property=\"og:image:height\" content=\"1080\" \/>\n\t<meta property=\"og:image:type\" content=\"image\/jpeg\" \/>\n<meta name=\"twitter:card\" content=\"summary_large_image\" \/>\n<meta name=\"twitter:label1\" content=\"Est. reading time\" \/>\n\t<meta name=\"twitter:data1\" content=\"2 minutes\" \/>\n<script type=\"application\/ld+json\" class=\"yoast-schema-graph\">{\"@context\":\"https:\\\/\\\/schema.org\",\"@graph\":[{\"@type\":\"WebPage\",\"@id\":\"https:\\\/\\\/1dronas.lt\\\/en\\\/produktas\\\/gemfan-1219s-3-asmenu-propeleriai\\\/\",\"url\":\"https:\\\/\\\/1dronas.lt\\\/en\\\/produktas\\\/gemfan-1219s-3-asmenu-propeleriai\\\/\",\"name\":\"Gemfan 1219S 3-a\u0161men\u0173 propeleriai - 1dronas.lt\",\"isPartOf\":{\"@id\":\"https:\\\/\\\/1dronas.lt\\\/en\\\/#website\"},\"primaryImageOfPage\":{\"@id\":\"https:\\\/\\\/1dronas.lt\\\/en\\\/produktas\\\/gemfan-1219s-3-asmenu-propeleriai\\\/#primaryimage\"},\"image\":{\"@id\":\"https:\\\/\\\/1dronas.lt\\\/en\\\/produktas\\\/gemfan-1219s-3-asmenu-propeleriai\\\/#primaryimage\"},\"thumbnailUrl\":\"https:\\\/\\\/1dronas.lt\\\/wp-content\\\/uploads\\\/2025\\\/11\\\/27132e2021077d40d7ce9b80dafc0689_1080x-min.jpg\",\"datePublished\":\"2025-11-25T19:44:49+00:00\",\"dateModified\":\"2026-04-16T15:48:50+00:00\",\"breadcrumb\":{\"@id\":\"https:\\\/\\\/1dronas.lt\\\/en\\\/produktas\\\/gemfan-1219s-3-asmenu-propeleriai\\\/#breadcrumb\"},\"inLanguage\":\"en-US\",\"potentialAction\":[{\"@type\":\"ReadAction\",\"target\":[\"https:\\\/\\\/1dronas.lt\\\/en\\\/produktas\\\/gemfan-1219s-3-asmenu-propeleriai\\\/\"]}]},{\"@type\":\"ImageObject\",\"inLanguage\":\"en-US\",\"@id\":\"https:\\\/\\\/1dronas.lt\\\/en\\\/produktas\\\/gemfan-1219s-3-asmenu-propeleriai\\\/#primaryimage\",\"url\":\"https:\\\/\\\/1dronas.lt\\\/wp-content\\\/uploads\\\/2025\\\/11\\\/27132e2021077d40d7ce9b80dafc0689_1080x-min.jpg\",\"contentUrl\":\"https:\\\/\\\/1dronas.lt\\\/wp-content\\\/uploads\\\/2025\\\/11\\\/27132e2021077d40d7ce9b80dafc0689_1080x-min.jpg\",\"width\":1080,\"height\":1080},{\"@type\":\"BreadcrumbList\",\"@id\":\"https:\\\/\\\/1dronas.lt\\\/en\\\/produktas\\\/gemfan-1219s-3-asmenu-propeleriai\\\/#breadcrumb\",\"itemListElement\":[{\"@type\":\"ListItem\",\"position\":1,\"name\":\"Home\",\"item\":\"https:\\\/\\\/1dronas.lt\\\/\"},{\"@type\":\"ListItem\",\"position\":2,\"name\":\"Parduotuv\u0117\",\"item\":\"https:\\\/\\\/1dronas.lt\\\/parduotuve\\\/\"},{\"@type\":\"ListItem\",\"position\":3,\"name\":\"Gemfan 1219S 3-a\u0161men\u0173 propeleriai\"}]},{\"@type\":\"WebSite\",\"@id\":\"https:\\\/\\\/1dronas.lt\\\/en\\\/#website\",\"url\":\"https:\\\/\\\/1dronas.lt\\\/en\\\/\",\"name\":\"1dronas.lt\",\"description\":\"Internetin\u0117 parduotuv\u0117\",\"publisher\":{\"@id\":\"https:\\\/\\\/1dronas.lt\\\/en\\\/#organization\"},\"potentialAction\":[{\"@type\":\"SearchAction\",\"target\":{\"@type\":\"EntryPoint\",\"urlTemplate\":\"https:\\\/\\\/1dronas.lt\\\/en\\\/?s={search_term_string}\"},\"query-input\":{\"@type\":\"PropertyValueSpecification\",\"valueRequired\":true,\"valueName\":\"search_term_string\"}}],\"inLanguage\":\"en-US\"},{\"@type\":\"Organization\",\"@id\":\"https:\\\/\\\/1dronas.lt\\\/en\\\/#organization\",\"name\":\"1dronas.lt\",\"url\":\"https:\\\/\\\/1dronas.lt\\\/en\\\/\",\"logo\":{\"@type\":\"ImageObject\",\"inLanguage\":\"en-US\",\"@id\":\"https:\\\/\\\/1dronas.lt\\\/en\\\/#\\\/schema\\\/logo\\\/image\\\/\",\"url\":\"https:\\\/\\\/1dronas.lt\\\/wp-content\\\/uploads\\\/2020\\\/12\\\/Ekrano_kopija__2_-removebg-preview-1-1.png\",\"contentUrl\":\"https:\\\/\\\/1dronas.lt\\\/wp-content\\\/uploads\\\/2020\\\/12\\\/Ekrano_kopija__2_-removebg-preview-1-1.png\",\"width\":234,\"height\":81,\"caption\":\"1dronas.lt\"},\"image\":{\"@id\":\"https:\\\/\\\/1dronas.lt\\\/en\\\/#\\\/schema\\\/logo\\\/image\\\/\"},\"sameAs\":[\"https:\\\/\\\/www.facebook.com\\\/1dronas\\\/\"]}]}<\/script>\n<!-- \/ Yoast SEO plugin. -->","yoast_head_json":{"title":"Gemfan 1219S 3-blade propellers - 1dronas.lt","robots":{"index":"index","follow":"follow","max-snippet":"max-snippet:-1","max-image-preview":"max-image-preview:large","max-video-preview":"max-video-preview:-1"},"canonical":"https:\/\/1dronas.lt\/en\/produktas\/gemfan-1219s-3-asmenu-propeleriai\/","og_locale":"en_US","og_type":"article","og_title":"Gemfan 1219S 3-a\u0161men\u0173 propeleriai - 1dronas.lt","og_description":"Propeleriai yra lengvesni u\u017e 1219 model\u012f, tod\u0117l dronas reaguoja grei\u010diau ir nepraranda galios net esant dideliems s\u016bkiams.  \u00a0 \u00a01 \u2013 2 d. d.","og_url":"https:\/\/1dronas.lt\/en\/produktas\/gemfan-1219s-3-asmenu-propeleriai\/","og_site_name":"1dronas.lt","article_publisher":"https:\/\/www.facebook.com\/1dronas\/","article_modified_time":"2026-04-16T15:48:50+00:00","og_image":[{"width":1080,"height":1080,"url":"https:\/\/1dronas.lt\/wp-content\/uploads\/2025\/11\/27132e2021077d40d7ce9b80dafc0689_1080x-min.jpg","type":"image\/jpeg"}],"twitter_card":"summary_large_image","twitter_misc":{"Est. reading time":"2 minutes"},"schema":{"@context":"https:\/\/schema.org","@graph":[{"@type":"WebPage","@id":"https:\/\/1dronas.lt\/en\/produktas\/gemfan-1219s-3-asmenu-propeleriai\/","url":"https:\/\/1dronas.lt\/en\/produktas\/gemfan-1219s-3-asmenu-propeleriai\/","name":"Gemfan 1219S 3-blade propellers - 1dronas.lt","isPartOf":{"@id":"https:\/\/1dronas.lt\/en\/#website"},"primaryImageOfPage":{"@id":"https:\/\/1dronas.lt\/en\/produktas\/gemfan-1219s-3-asmenu-propeleriai\/#primaryimage"},"image":{"@id":"https:\/\/1dronas.lt\/en\/produktas\/gemfan-1219s-3-asmenu-propeleriai\/#primaryimage"},"thumbnailUrl":"https:\/\/1dronas.lt\/wp-content\/uploads\/2025\/11\/27132e2021077d40d7ce9b80dafc0689_1080x-min.jpg","datePublished":"2025-11-25T19:44:49+00:00","dateModified":"2026-04-16T15:48:50+00:00","breadcrumb":{"@id":"https:\/\/1dronas.lt\/en\/produktas\/gemfan-1219s-3-asmenu-propeleriai\/#breadcrumb"},"inLanguage":"en-US","potentialAction":[{"@type":"ReadAction","target":["https:\/\/1dronas.lt\/en\/produktas\/gemfan-1219s-3-asmenu-propeleriai\/"]}]},{"@type":"ImageObject","inLanguage":"en-US","@id":"https:\/\/1dronas.lt\/en\/produktas\/gemfan-1219s-3-asmenu-propeleriai\/#primaryimage","url":"https:\/\/1dronas.lt\/wp-content\/uploads\/2025\/11\/27132e2021077d40d7ce9b80dafc0689_1080x-min.jpg","contentUrl":"https:\/\/1dronas.lt\/wp-content\/uploads\/2025\/11\/27132e2021077d40d7ce9b80dafc0689_1080x-min.jpg","width":1080,"height":1080},{"@type":"BreadcrumbList","@id":"https:\/\/1dronas.lt\/en\/produktas\/gemfan-1219s-3-asmenu-propeleriai\/#breadcrumb","itemListElement":[{"@type":"ListItem","position":1,"name":"Home","item":"https:\/\/1dronas.lt\/"},{"@type":"ListItem","position":2,"name":"Parduotuv\u0117","item":"https:\/\/1dronas.lt\/parduotuve\/"},{"@type":"ListItem","position":3,"name":"Gemfan 1219S 3-a\u0161men\u0173 propeleriai"}]},{"@type":"WebSite","@id":"https:\/\/1dronas.lt\/en\/#website","url":"https:\/\/1dronas.lt\/en\/","name":"1dronas.lt","description":"Online store","publisher":{"@id":"https:\/\/1dronas.lt\/en\/#organization"},"potentialAction":[{"@type":"SearchAction","target":{"@type":"EntryPoint","urlTemplate":"https:\/\/1dronas.lt\/en\/?s={search_term_string}"},"query-input":{"@type":"PropertyValueSpecification","valueRequired":true,"valueName":"search_term_string"}}],"inLanguage":"en-US"},{"@type":"Organization","@id":"https:\/\/1dronas.lt\/en\/#organization","name":"1dronas.lt","url":"https:\/\/1dronas.lt\/en\/","logo":{"@type":"ImageObject","inLanguage":"en-US","@id":"https:\/\/1dronas.lt\/en\/#\/schema\/logo\/image\/","url":"https:\/\/1dronas.lt\/wp-content\/uploads\/2020\/12\/Ekrano_kopija__2_-removebg-preview-1-1.png","contentUrl":"https:\/\/1dronas.lt\/wp-content\/uploads\/2020\/12\/Ekrano_kopija__2_-removebg-preview-1-1.png","width":234,"height":81,"caption":"1dronas.lt"},"image":{"@id":"https:\/\/1dronas.lt\/en\/#\/schema\/logo\/image\/"},"sameAs":["https:\/\/www.facebook.com\/1dronas\/"]}]}},"jetpack_sharing_enabled":true,"_links":{"self":[{"href":"https:\/\/1dronas.lt\/en\/wp-json\/wp\/v2\/product\/13294","targetHints":{"allow":["GET"]}}],"collection":[{"href":"https:\/\/1dronas.lt\/en\/wp-json\/wp\/v2\/product"}],"about":[{"href":"https:\/\/1dronas.lt\/en\/wp-json\/wp\/v2\/types\/product"}],"replies":[{"embeddable":true,"href":"https:\/\/1dronas.lt\/en\/wp-json\/wp\/v2\/comments?post=13294"}],"wp:featuredmedia":[{"embeddable":true,"href":"https:\/\/1dronas.lt\/en\/wp-json\/wp\/v2\/media\/13308"}],"wp:attachment":[{"href":"https:\/\/1dronas.lt\/en\/wp-json\/wp\/v2\/media?parent=13294"}],"wp:term":[{"taxonomy":"product_brand","embeddable":true,"href":"https:\/\/1dronas.lt\/en\/wp-json\/wp\/v2\/product_brand?post=13294"},{"taxonomy":"product_cat","embeddable":true,"href":"https:\/\/1dronas.lt\/en\/wp-json\/wp\/v2\/product_cat?post=13294"},{"taxonomy":"product_tag","embeddable":true,"href":"https:\/\/1dronas.lt\/en\/wp-json\/wp\/v2\/product_tag?post=13294"}],"curies":[{"name":"wp","href":"https:\/\/api.w.org\/{rel}","templated":true}]}}