{"id":13281,"date":"2025-11-25T21:16:34","date_gmt":"2025-11-25T19:16:34","guid":{"rendered":"https:\/\/1dronas.lt\/?post_type=product&#038;p=13281"},"modified":"2026-03-31T17:42:42","modified_gmt":"2026-03-31T14:42:42","slug":"gemfan-2218-3-asmenu-propeleriai","status":"publish","type":"product","link":"https:\/\/1dronas.lt\/en\/produktas\/gemfan-2218-3-asmenu-propeleriai\/","title":{"rendered":"Gemfan 2218 3-blade propellers"},"content":{"rendered":"<p>Gemfan has developed ultra-lightweight 2.2-inch 3-blade propellers (2.32g\/set) for the Pavo20 Pro. They improve the efficiency of the propulsion system and freestyle control, surpassing conventional 2-inch propellers. The larger diameter and smaller pitch allow for higher RPM, making the drone faster and more stable.<br \/>\n<img loading=\"lazy\" decoding=\"async\" class=\"alignnone wp-image-13290 size-full\" src=\"https:\/\/1dronas.lt\/wp-content\/uploads\/2025\/11\/FB_f562587f-b6db-4d0a-b3e6-a271b95188fa_1024x1024-min.jpg\" alt=\"\" width=\"1024\" height=\"576\" srcset=\"https:\/\/1dronas.lt\/wp-content\/uploads\/2025\/11\/FB_f562587f-b6db-4d0a-b3e6-a271b95188fa_1024x1024-min.jpg 1024w, https:\/\/1dronas.lt\/wp-content\/uploads\/2025\/11\/FB_f562587f-b6db-4d0a-b3e6-a271b95188fa_1024x1024-min-300x169.jpg 300w, https:\/\/1dronas.lt\/wp-content\/uploads\/2025\/11\/FB_f562587f-b6db-4d0a-b3e6-a271b95188fa_1024x1024-min-768x432.jpg 768w, https:\/\/1dronas.lt\/wp-content\/uploads\/2025\/11\/FB_f562587f-b6db-4d0a-b3e6-a271b95188fa_1024x1024-min-18x10.jpg 18w, https:\/\/1dronas.lt\/wp-content\/uploads\/2025\/11\/FB_f562587f-b6db-4d0a-b3e6-a271b95188fa_1024x1024-min-510x287.jpg 510w\" sizes=\"auto, (max-width: 1024px) 100vw, 1024px\" \/><\/p>\n<p><strong>Specification:<\/strong><\/p>\n<p>\u2022 Item: Gemfan 2218 3-blade propellers;<br \/>\n\u2022 Weight (4pcs): 2.32g;<br \/>\n\u2022 Color: black\/transparent gray;<br \/>\n\u2022 Blades: 3;<br \/>\n\u2022 Material: PC;<br \/>\n\u2022 Propeller mounting hole: 1.5mm.<\/p>\n<p><img loading=\"lazy\" decoding=\"async\" class=\"alignnone wp-image-13287 size-full\" src=\"https:\/\/1dronas.lt\/wp-content\/uploads\/2025\/11\/468ef44610c31b5b50b747b4f9f5ee49_30d68c67-0d66-4ea8-8276-060784576c6c_480x480-min.jpg\" alt=\"\" width=\"480\" height=\"480\" srcset=\"https:\/\/1dronas.lt\/wp-content\/uploads\/2025\/11\/468ef44610c31b5b50b747b4f9f5ee49_30d68c67-0d66-4ea8-8276-060784576c6c_480x480-min.jpg 480w, https:\/\/1dronas.lt\/wp-content\/uploads\/2025\/11\/468ef44610c31b5b50b747b4f9f5ee49_30d68c67-0d66-4ea8-8276-060784576c6c_480x480-min-300x300.jpg 300w, https:\/\/1dronas.lt\/wp-content\/uploads\/2025\/11\/468ef44610c31b5b50b747b4f9f5ee49_30d68c67-0d66-4ea8-8276-060784576c6c_480x480-min-150x150.jpg 150w, https:\/\/1dronas.lt\/wp-content\/uploads\/2025\/11\/468ef44610c31b5b50b747b4f9f5ee49_30d68c67-0d66-4ea8-8276-060784576c6c_480x480-min-12x12.jpg 12w, https:\/\/1dronas.lt\/wp-content\/uploads\/2025\/11\/468ef44610c31b5b50b747b4f9f5ee49_30d68c67-0d66-4ea8-8276-060784576c6c_480x480-min-247x247.jpg 247w, https:\/\/1dronas.lt\/wp-content\/uploads\/2025\/11\/468ef44610c31b5b50b747b4f9f5ee49_30d68c67-0d66-4ea8-8276-060784576c6c_480x480-min-100x100.jpg 100w\" sizes=\"auto, (max-width: 480px) 100vw, 480px\" \/><\/p>\n<p><strong>Package:<\/strong><\/p>\n<p>2x Gemfan 2218 3-blade propellers CW;<br \/>\n2x Gemfan 2218 3-blade propellers CCW.<\/p>\n<p><img loading=\"lazy\" decoding=\"async\" class=\"alignnone wp-image-13289 size-full\" src=\"https:\/\/1dronas.lt\/wp-content\/uploads\/2025\/11\/a3bd3d88dbd1fe6b0762c444f0686db2_480x480-min.jpg\" alt=\"\" width=\"480\" height=\"480\" srcset=\"https:\/\/1dronas.lt\/wp-content\/uploads\/2025\/11\/a3bd3d88dbd1fe6b0762c444f0686db2_480x480-min.jpg 480w, https:\/\/1dronas.lt\/wp-content\/uploads\/2025\/11\/a3bd3d88dbd1fe6b0762c444f0686db2_480x480-min-300x300.jpg 300w, https:\/\/1dronas.lt\/wp-content\/uploads\/2025\/11\/a3bd3d88dbd1fe6b0762c444f0686db2_480x480-min-150x150.jpg 150w, https:\/\/1dronas.lt\/wp-content\/uploads\/2025\/11\/a3bd3d88dbd1fe6b0762c444f0686db2_480x480-min-12x12.jpg 12w, https:\/\/1dronas.lt\/wp-content\/uploads\/2025\/11\/a3bd3d88dbd1fe6b0762c444f0686db2_480x480-min-247x247.jpg 247w, https:\/\/1dronas.lt\/wp-content\/uploads\/2025\/11\/a3bd3d88dbd1fe6b0762c444f0686db2_480x480-min-100x100.jpg 100w\" sizes=\"auto, (max-width: 480px) 100vw, 480px\" \/><\/p>","protected":false},"excerpt":{"rendered":"<p><span style=\"color: #000000;\">The larger diameter and smaller pitch allow for higher speeds, making the drone faster and more stable.<\/span><\/p>\n<p><span style=\"color: #000000;\"><strong><img loading=\"lazy\" decoding=\"async\" class=\"alignnone wp-image-1806\" src=\"https:\/\/1dronas.lt\/wp-content\/uploads\/2021\/05\/delivery-icon.png\" alt=\"\" width=\"24\" height=\"24\" srcset=\"https:\/\/1dronas.lt\/wp-content\/uploads\/2021\/05\/delivery-icon.png 35w, https:\/\/1dronas.lt\/wp-content\/uploads\/2021\/05\/delivery-icon-12x12.png 12w\" sizes=\"auto, (max-width: 24px) 100vw, 24px\" \/>\u00a0 \u00a01 \u2013 2 days<\/strong><\/span><\/p>","protected":false},"featured_media":13283,"comment_status":"open","ping_status":"closed","template":"","meta":[],"product_brand":[503],"product_cat":[693],"product_tag":[996,338,80,79],"class_list":{"0":"post-13281","1":"product","2":"type-product","3":"status-publish","4":"has-post-thumbnail","6":"product_brand-gemfan","7":"product_cat-cinewhoop-propeleriai-50-99-mm","8":"product_tag-996","9":"product_tag-3-asmenu","10":"product_tag-gemfan","11":"product_tag-propeleriai","13":"first","14":"instock","15":"taxable","16":"shipping-taxable","17":"purchasable","18":"product-type-variable","19":"has-default-attributes"},"yoast_head":"<!-- This site is optimized with the Yoast SEO plugin v27.4 - https:\/\/yoast.com\/product\/yoast-seo-wordpress\/ -->\n<title>Gemfan 2218 3-a\u0161men\u0173 propeleriai - 1dronas.lt<\/title>\n<meta name=\"robots\" content=\"index, follow, max-snippet:-1, max-image-preview:large, max-video-preview:-1\" \/>\n<link rel=\"canonical\" href=\"https:\/\/1dronas.lt\/en\/produktas\/gemfan-2218-3-asmenu-propeleriai\/\" \/>\n<meta property=\"og:locale\" content=\"en_US\" \/>\n<meta property=\"og:type\" content=\"article\" \/>\n<meta property=\"og:title\" content=\"Gemfan 2218 3-a\u0161men\u0173 propeleriai - 1dronas.lt\" \/>\n<meta property=\"og:description\" content=\"Didesnis skersmuo ir ma\u017eesnis \u017eingsnis leid\u017eia pasiekti didesnius s\u016bkius, tod\u0117l dronas tampa greitesnis ir stabilesnis.  \u00a0 \u00a01 \u2013 2 d. d.\" \/>\n<meta property=\"og:url\" content=\"https:\/\/1dronas.lt\/en\/produktas\/gemfan-2218-3-asmenu-propeleriai\/\" \/>\n<meta property=\"og:site_name\" content=\"1dronas.lt\" \/>\n<meta property=\"article:publisher\" content=\"https:\/\/www.facebook.com\/1dronas\/\" \/>\n<meta property=\"article:modified_time\" content=\"2026-03-31T14:42:42+00:00\" \/>\n<meta property=\"og:image\" content=\"https:\/\/1dronas.lt\/wp-content\/uploads\/2025\/11\/8b9cc7c9808a81fc8db0eaf67a4d79d7_bb4d89fb-a7d2-4b4d-b063-af719a8a1f29_1080x-min.jpg\" \/>\n\t<meta property=\"og:image:width\" content=\"1080\" \/>\n\t<meta property=\"og:image:height\" content=\"1080\" \/>\n\t<meta property=\"og:image:type\" content=\"image\/jpeg\" \/>\n<meta name=\"twitter:card\" content=\"summary_large_image\" \/>\n<meta name=\"twitter:label1\" content=\"Est. reading time\" \/>\n\t<meta name=\"twitter:data1\" content=\"2 minutes\" \/>\n<script type=\"application\/ld+json\" class=\"yoast-schema-graph\">{\"@context\":\"https:\\\/\\\/schema.org\",\"@graph\":[{\"@type\":\"WebPage\",\"@id\":\"https:\\\/\\\/1dronas.lt\\\/en\\\/produktas\\\/gemfan-2218-3-asmenu-propeleriai\\\/\",\"url\":\"https:\\\/\\\/1dronas.lt\\\/en\\\/produktas\\\/gemfan-2218-3-asmenu-propeleriai\\\/\",\"name\":\"Gemfan 2218 3-a\u0161men\u0173 propeleriai - 1dronas.lt\",\"isPartOf\":{\"@id\":\"https:\\\/\\\/1dronas.lt\\\/en\\\/#website\"},\"primaryImageOfPage\":{\"@id\":\"https:\\\/\\\/1dronas.lt\\\/en\\\/produktas\\\/gemfan-2218-3-asmenu-propeleriai\\\/#primaryimage\"},\"image\":{\"@id\":\"https:\\\/\\\/1dronas.lt\\\/en\\\/produktas\\\/gemfan-2218-3-asmenu-propeleriai\\\/#primaryimage\"},\"thumbnailUrl\":\"https:\\\/\\\/1dronas.lt\\\/wp-content\\\/uploads\\\/2025\\\/11\\\/8b9cc7c9808a81fc8db0eaf67a4d79d7_bb4d89fb-a7d2-4b4d-b063-af719a8a1f29_1080x-min.jpg\",\"datePublished\":\"2025-11-25T19:16:34+00:00\",\"dateModified\":\"2026-03-31T14:42:42+00:00\",\"breadcrumb\":{\"@id\":\"https:\\\/\\\/1dronas.lt\\\/en\\\/produktas\\\/gemfan-2218-3-asmenu-propeleriai\\\/#breadcrumb\"},\"inLanguage\":\"en-US\",\"potentialAction\":[{\"@type\":\"ReadAction\",\"target\":[\"https:\\\/\\\/1dronas.lt\\\/en\\\/produktas\\\/gemfan-2218-3-asmenu-propeleriai\\\/\"]}]},{\"@type\":\"ImageObject\",\"inLanguage\":\"en-US\",\"@id\":\"https:\\\/\\\/1dronas.lt\\\/en\\\/produktas\\\/gemfan-2218-3-asmenu-propeleriai\\\/#primaryimage\",\"url\":\"https:\\\/\\\/1dronas.lt\\\/wp-content\\\/uploads\\\/2025\\\/11\\\/8b9cc7c9808a81fc8db0eaf67a4d79d7_bb4d89fb-a7d2-4b4d-b063-af719a8a1f29_1080x-min.jpg\",\"contentUrl\":\"https:\\\/\\\/1dronas.lt\\\/wp-content\\\/uploads\\\/2025\\\/11\\\/8b9cc7c9808a81fc8db0eaf67a4d79d7_bb4d89fb-a7d2-4b4d-b063-af719a8a1f29_1080x-min.jpg\",\"width\":1080,\"height\":1080},{\"@type\":\"BreadcrumbList\",\"@id\":\"https:\\\/\\\/1dronas.lt\\\/en\\\/produktas\\\/gemfan-2218-3-asmenu-propeleriai\\\/#breadcrumb\",\"itemListElement\":[{\"@type\":\"ListItem\",\"position\":1,\"name\":\"Home\",\"item\":\"https:\\\/\\\/1dronas.lt\\\/\"},{\"@type\":\"ListItem\",\"position\":2,\"name\":\"Parduotuv\u0117\",\"item\":\"https:\\\/\\\/1dronas.lt\\\/parduotuve\\\/\"},{\"@type\":\"ListItem\",\"position\":3,\"name\":\"Gemfan 2218 3-a\u0161men\u0173 propeleriai\"}]},{\"@type\":\"WebSite\",\"@id\":\"https:\\\/\\\/1dronas.lt\\\/en\\\/#website\",\"url\":\"https:\\\/\\\/1dronas.lt\\\/en\\\/\",\"name\":\"1dronas.lt\",\"description\":\"Internetin\u0117 parduotuv\u0117\",\"publisher\":{\"@id\":\"https:\\\/\\\/1dronas.lt\\\/en\\\/#organization\"},\"potentialAction\":[{\"@type\":\"SearchAction\",\"target\":{\"@type\":\"EntryPoint\",\"urlTemplate\":\"https:\\\/\\\/1dronas.lt\\\/en\\\/?s={search_term_string}\"},\"query-input\":{\"@type\":\"PropertyValueSpecification\",\"valueRequired\":true,\"valueName\":\"search_term_string\"}}],\"inLanguage\":\"en-US\"},{\"@type\":\"Organization\",\"@id\":\"https:\\\/\\\/1dronas.lt\\\/en\\\/#organization\",\"name\":\"1dronas.lt\",\"url\":\"https:\\\/\\\/1dronas.lt\\\/en\\\/\",\"logo\":{\"@type\":\"ImageObject\",\"inLanguage\":\"en-US\",\"@id\":\"https:\\\/\\\/1dronas.lt\\\/en\\\/#\\\/schema\\\/logo\\\/image\\\/\",\"url\":\"https:\\\/\\\/1dronas.lt\\\/wp-content\\\/uploads\\\/2020\\\/12\\\/Ekrano_kopija__2_-removebg-preview-1-1.png\",\"contentUrl\":\"https:\\\/\\\/1dronas.lt\\\/wp-content\\\/uploads\\\/2020\\\/12\\\/Ekrano_kopija__2_-removebg-preview-1-1.png\",\"width\":234,\"height\":81,\"caption\":\"1dronas.lt\"},\"image\":{\"@id\":\"https:\\\/\\\/1dronas.lt\\\/en\\\/#\\\/schema\\\/logo\\\/image\\\/\"},\"sameAs\":[\"https:\\\/\\\/www.facebook.com\\\/1dronas\\\/\"]}]}<\/script>\n<!-- \/ Yoast SEO plugin. -->","yoast_head_json":{"title":"Gemfan 2218 3-blade propellers - 1dronas.lt","robots":{"index":"index","follow":"follow","max-snippet":"max-snippet:-1","max-image-preview":"max-image-preview:large","max-video-preview":"max-video-preview:-1"},"canonical":"https:\/\/1dronas.lt\/en\/produktas\/gemfan-2218-3-asmenu-propeleriai\/","og_locale":"en_US","og_type":"article","og_title":"Gemfan 2218 3-a\u0161men\u0173 propeleriai - 1dronas.lt","og_description":"Didesnis skersmuo ir ma\u017eesnis \u017eingsnis leid\u017eia pasiekti didesnius s\u016bkius, tod\u0117l dronas tampa greitesnis ir stabilesnis.  \u00a0 \u00a01 \u2013 2 d. d.","og_url":"https:\/\/1dronas.lt\/en\/produktas\/gemfan-2218-3-asmenu-propeleriai\/","og_site_name":"1dronas.lt","article_publisher":"https:\/\/www.facebook.com\/1dronas\/","article_modified_time":"2026-03-31T14:42:42+00:00","og_image":[{"width":1080,"height":1080,"url":"https:\/\/1dronas.lt\/wp-content\/uploads\/2025\/11\/8b9cc7c9808a81fc8db0eaf67a4d79d7_bb4d89fb-a7d2-4b4d-b063-af719a8a1f29_1080x-min.jpg","type":"image\/jpeg"}],"twitter_card":"summary_large_image","twitter_misc":{"Est. reading time":"2 minutes"},"schema":{"@context":"https:\/\/schema.org","@graph":[{"@type":"WebPage","@id":"https:\/\/1dronas.lt\/en\/produktas\/gemfan-2218-3-asmenu-propeleriai\/","url":"https:\/\/1dronas.lt\/en\/produktas\/gemfan-2218-3-asmenu-propeleriai\/","name":"Gemfan 2218 3-blade propellers - 1dronas.lt","isPartOf":{"@id":"https:\/\/1dronas.lt\/en\/#website"},"primaryImageOfPage":{"@id":"https:\/\/1dronas.lt\/en\/produktas\/gemfan-2218-3-asmenu-propeleriai\/#primaryimage"},"image":{"@id":"https:\/\/1dronas.lt\/en\/produktas\/gemfan-2218-3-asmenu-propeleriai\/#primaryimage"},"thumbnailUrl":"https:\/\/1dronas.lt\/wp-content\/uploads\/2025\/11\/8b9cc7c9808a81fc8db0eaf67a4d79d7_bb4d89fb-a7d2-4b4d-b063-af719a8a1f29_1080x-min.jpg","datePublished":"2025-11-25T19:16:34+00:00","dateModified":"2026-03-31T14:42:42+00:00","breadcrumb":{"@id":"https:\/\/1dronas.lt\/en\/produktas\/gemfan-2218-3-asmenu-propeleriai\/#breadcrumb"},"inLanguage":"en-US","potentialAction":[{"@type":"ReadAction","target":["https:\/\/1dronas.lt\/en\/produktas\/gemfan-2218-3-asmenu-propeleriai\/"]}]},{"@type":"ImageObject","inLanguage":"en-US","@id":"https:\/\/1dronas.lt\/en\/produktas\/gemfan-2218-3-asmenu-propeleriai\/#primaryimage","url":"https:\/\/1dronas.lt\/wp-content\/uploads\/2025\/11\/8b9cc7c9808a81fc8db0eaf67a4d79d7_bb4d89fb-a7d2-4b4d-b063-af719a8a1f29_1080x-min.jpg","contentUrl":"https:\/\/1dronas.lt\/wp-content\/uploads\/2025\/11\/8b9cc7c9808a81fc8db0eaf67a4d79d7_bb4d89fb-a7d2-4b4d-b063-af719a8a1f29_1080x-min.jpg","width":1080,"height":1080},{"@type":"BreadcrumbList","@id":"https:\/\/1dronas.lt\/en\/produktas\/gemfan-2218-3-asmenu-propeleriai\/#breadcrumb","itemListElement":[{"@type":"ListItem","position":1,"name":"Home","item":"https:\/\/1dronas.lt\/"},{"@type":"ListItem","position":2,"name":"Parduotuv\u0117","item":"https:\/\/1dronas.lt\/parduotuve\/"},{"@type":"ListItem","position":3,"name":"Gemfan 2218 3-a\u0161men\u0173 propeleriai"}]},{"@type":"WebSite","@id":"https:\/\/1dronas.lt\/en\/#website","url":"https:\/\/1dronas.lt\/en\/","name":"1dronas.lt","description":"Online store","publisher":{"@id":"https:\/\/1dronas.lt\/en\/#organization"},"potentialAction":[{"@type":"SearchAction","target":{"@type":"EntryPoint","urlTemplate":"https:\/\/1dronas.lt\/en\/?s={search_term_string}"},"query-input":{"@type":"PropertyValueSpecification","valueRequired":true,"valueName":"search_term_string"}}],"inLanguage":"en-US"},{"@type":"Organization","@id":"https:\/\/1dronas.lt\/en\/#organization","name":"1dronas.lt","url":"https:\/\/1dronas.lt\/en\/","logo":{"@type":"ImageObject","inLanguage":"en-US","@id":"https:\/\/1dronas.lt\/en\/#\/schema\/logo\/image\/","url":"https:\/\/1dronas.lt\/wp-content\/uploads\/2020\/12\/Ekrano_kopija__2_-removebg-preview-1-1.png","contentUrl":"https:\/\/1dronas.lt\/wp-content\/uploads\/2020\/12\/Ekrano_kopija__2_-removebg-preview-1-1.png","width":234,"height":81,"caption":"1dronas.lt"},"image":{"@id":"https:\/\/1dronas.lt\/en\/#\/schema\/logo\/image\/"},"sameAs":["https:\/\/www.facebook.com\/1dronas\/"]}]}},"jetpack_sharing_enabled":true,"_links":{"self":[{"href":"https:\/\/1dronas.lt\/en\/wp-json\/wp\/v2\/product\/13281","targetHints":{"allow":["GET"]}}],"collection":[{"href":"https:\/\/1dronas.lt\/en\/wp-json\/wp\/v2\/product"}],"about":[{"href":"https:\/\/1dronas.lt\/en\/wp-json\/wp\/v2\/types\/product"}],"replies":[{"embeddable":true,"href":"https:\/\/1dronas.lt\/en\/wp-json\/wp\/v2\/comments?post=13281"}],"wp:featuredmedia":[{"embeddable":true,"href":"https:\/\/1dronas.lt\/en\/wp-json\/wp\/v2\/media\/13283"}],"wp:attachment":[{"href":"https:\/\/1dronas.lt\/en\/wp-json\/wp\/v2\/media?parent=13281"}],"wp:term":[{"taxonomy":"product_brand","embeddable":true,"href":"https:\/\/1dronas.lt\/en\/wp-json\/wp\/v2\/product_brand?post=13281"},{"taxonomy":"product_cat","embeddable":true,"href":"https:\/\/1dronas.lt\/en\/wp-json\/wp\/v2\/product_cat?post=13281"},{"taxonomy":"product_tag","embeddable":true,"href":"https:\/\/1dronas.lt\/en\/wp-json\/wp\/v2\/product_tag?post=13281"}],"curies":[{"name":"wp","href":"https:\/\/api.w.org\/{rel}","templated":true}]}}