{"id":13149,"date":"2025-11-22T11:28:46","date_gmt":"2025-11-22T09:28:46","guid":{"rendered":"https:\/\/1dronas.lt\/?post_type=product&#038;p=13149"},"modified":"2025-12-01T00:33:51","modified_gmt":"2025-11-30T22:33:51","slug":"sequre-h743-e70-g1-4-8s-70a-mpu6000-stack","status":"publish","type":"product","link":"https:\/\/1dronas.lt\/en\/produktas\/sequre-h743-e70-g1-4-8s-70a-mpu6000-stack\/","title":{"rendered":"SECURE H743 &amp; E70 G1 4-8S 70A MPU6000 Stack"},"content":{"rendered":"<p data-start=\"1082\" data-end=\"1260\"><strong>FC Features:<\/strong><\/p>\n<p data-start=\"1082\" data-end=\"1260\"><strong>\u2022\u00a0<\/strong>Equipped with a high-end STM32H743 processor with an operating frequency of up to 480 MHz, the response is extremely fast and accurate;<br \/>\n\u2022 The MPU6000 gyroscope integrated in the controller allows for precise movement capture and stable control of the drone, thus increasing the reliability of the entire system;<br \/>\n<strong>\u2022\u00a0<\/strong>The SEQURE H743 has a built-in barometer, OSD module and 16 MB black box memory, which allows for efficient recording of flight data;<br \/>\n<strong>\u2022\u00a0<\/strong>6 UART ports are left to meet the connection needs of most devices;<br \/>\n<strong>\u2022\u00a0<\/strong>Controls up to 8 motors, making it easy to create an X8 configuration;<br \/>\n<strong>\u2022\u00a0<\/strong>Equipped with a plug-in connector and dual BEC outputs, providing independent 10V power supply, allowing direct connection of DJI O3\/O4\/O4 Pro and analog VTXs;<br \/>\n<strong>\u2022\u00a0<\/strong>Supports wide voltage 4-8S Lipo power supply, has 20mm and 30.5mm mounting holes. Compact design is suitable for racing, filming, freestyle and other drones.<\/p>\n<p data-start=\"1082\" data-end=\"1260\"><strong>ESC Features:<\/strong><\/p>\n<p data-start=\"1082\" data-end=\"1260\"><strong>\u2022\u00a0<\/strong>It uses a high-quality STM32G071 processor, supporting BLHeli_32 or AM32 software, a 2-8S voltage range, a continuous current of 70A and a peak current of 150A;<br \/>\n<strong>\u2022\u00a0<\/strong>Integrated galvanometer that supports telemetry and transmits motor speed, temperature, current and other information in real time;<br \/>\n<strong>\u2022\u00a0<\/strong>High-quality MOSFET transistors ensure efficient power conversion, lower losses and longer flight time;<br \/>\n<strong>\u2022\u00a0<\/strong>Multi-layer PCB with increased copper thickness improves current conduction and cooling properties, so the ESC is not afraid of load;<br \/>\n<strong>\u2022\u00a0<\/strong>Precisely controlled switching interval accelerates ESC response, providing smooth and precise control;<br \/>\n<strong>\u2022\u00a0<\/strong>PWM frequency 16-128 kHz supported;<br \/>\n<strong>\u2022\u00a0<\/strong>Innovative diagonally positioned solder contacts improve wire placement and reduce soldering complexity;<br \/>\n<strong>\u2022\u00a0<\/strong>20\u00d720 mm mounting hole pattern, compact size, suitable for various types of frames.<\/p>\n<p data-start=\"1082\" data-end=\"1260\"><strong>Specification:<\/strong><\/p>\n<p data-start=\"1082\" data-end=\"1260\">FC:<\/p>\n<p data-start=\"192\" data-end=\"884\"><strong>\u2022\u00a0<\/strong>Product name: SEQURE H743;<br data-start=\"232\" data-end=\"235\" \/><strong>\u2022\u00a0<\/strong>Processor: STM32H743;<br data-start=\"261\" data-end=\"264\" \/><strong>\u2022\u00a0<\/strong>Gyroscope: MPU60000;<br data-start=\"291\" data-end=\"294\" \/><strong>\u2022\u00a0<\/strong>Barometer: BMP280 \/ DPS310 \/ DPS368;<br data-start=\"334\" data-end=\"337\" \/><strong>\u2022\u00a0<\/strong>OSD chip: AT7456E;<br data-start=\"365\" data-end=\"368\" \/><strong>\u2022\u00a0<\/strong>Black box: 16 MB memory;<br data-start=\"401\" data-end=\"404\" data-is-only-node=\"\" \/><strong>\u2022\u00a0<\/strong>Supported software: Betaflight (default), INAV, ArduPilot;<br data-start=\"477\" data-end=\"480\" \/><strong>\u2022\u00a0<\/strong>Firmware name: SEQUREH7;<br data-start=\"516\" data-end=\"519\" \/><strong>\u2022\u00a0<\/strong>Input voltage: 4-8S Lipo\/LiHV;<br data-start=\"556\" data-end=\"559\" \/><strong>\u2022\u00a0<\/strong>BEC outputs: 5 V \/ 2.5 A; 10 V \/ 2 A;<br data-start=\"600\" data-end=\"603\" \/><strong>\u2022\u00a0<\/strong>UART ports: 6;<br data-start=\"624\" data-end=\"627\" \/><strong>\u2022\u00a0<\/strong>Motor control: M1\u2013M8;<br data-start=\"653\" data-end=\"656\" \/><strong>\u2022\u00a0<\/strong>LED: WS2812 LED strip;<br data-start=\"682\" data-end=\"685\" \/><strong>\u2022\u00a0<\/strong>Buzzer: Yes;<br data-start=\"702\" data-end=\"705\" \/><strong>\u2022\u00a0<\/strong>ESC telemetry: RX8;<br data-start=\"729\" data-end=\"732\" \/><strong>\u2022\u00a0<\/strong>USB connector: Type-C;<br data-start=\"755\" data-end=\"758\" \/><strong>\u2022\u00a0<\/strong>Mounting holes: 20\u00d720 mm (\u03a64 \/ M3) and 30.5\u00d730.5 mm (\u03a64 \/ M3);<br data-start=\"824\" data-end=\"827\" \/><strong>\u2022\u00a0<\/strong>Dimensions: 36.5 \u00d7 36.5 \u00d7 6 mm<br data-start=\"862\" data-end=\"865\" \/><strong>\u2022\u00a0<\/strong>Weight: 7.5 g.<\/p>\n<p data-start=\"192\" data-end=\"884\">ESC:<\/p>\n<p data-start=\"933\" data-end=\"1403\"><strong>\u2022\u00a0<\/strong>Product name: E70 G1;<br data-start=\"965\" data-end=\"968\" \/><strong>\u2022\u00a0<\/strong>Processor: STM32G071;<br data-start=\"994\" data-end=\"997\" \/><strong>\u2022\u00a0<\/strong>PWM frequency: 16-128 kHz;<br data-start=\"1023\" data-end=\"1026\" \/><strong>\u2022\u00a0<\/strong>Operating voltage: 2-8S Lipo\/LiHV;<br data-start=\"1062\" data-end=\"1065\" \/><strong>\u2022\u00a0<\/strong>Continuous current: 70 A;<br data-start=\"1090\" data-end=\"1093\" \/><strong>\u2022\u00a0<\/strong>Maximum current: 150 A;<br data-start=\"1119\" data-end=\"1122\" data-is-only-node=\"\" \/><strong>\u2022\u00a0<\/strong>Supported protocols: Dshot600\/300\/150, Oneshot, Multishot, PWM;<br data-start=\"1193\" data-end=\"1196\" \/><strong>\u2022\u00a0<\/strong>Firmware support: BLHeli_32, AM32;<br data-start=\"1236\" data-end=\"1239\" \/><strong>\u2022\u00a0<\/strong>Telemetry: Yes;<br data-start=\"1260\" data-end=\"1263\" \/><strong>\u2022\u00a0<\/strong>Galvanometer: Yes;<br data-start=\"1285\" data-end=\"1288\" \/><strong>\u2022\u00a0<\/strong>BEC: None;<br data-start=\"1301\" data-end=\"1304\" \/><strong>\u2022\u00a0<\/strong>Mounting holes: 20\u00d720 mm (\u03a64 \/ M3);<br data-start=\"1344\" data-end=\"1347\" \/><strong>\u2022\u00a0<\/strong>Dimensions: 50.5 \u00d7 36 \u00d7 6 mm;<br data-start=\"1380\" data-end=\"1383\" \/><strong>\u2022\u00a0<\/strong>Weight: 15.8 g.<\/p>\n<p data-start=\"933\" data-end=\"1403\"><strong>Package:<\/strong><\/p>\n<p data-start=\"933\" data-end=\"1403\">1x SEQURE H743 FC;<br \/>\n1x E70 G1 4in1 ESC;<br \/>\n1x 30AWG 40mm SH1.0-8P flat cable;<br \/>\n2x 30AWG 100mm SH1.0-4P flat cable<br \/>\n1x 60 mm 12095 5V buzzer;<br \/>\n10x M3 \u00d7 8 mm silicone anti-vibration gaskets (black);<br \/>\n2x 12AWG 100 mm power wires (black\/red);<br \/>\n1x XT60H-M black plug;<br \/>\n1x 35V 680 \u00b5F solid capacitor;<br \/>\n4x M3 \u00d7 25mm screws;<br \/>\n4x M3 washers.<\/p>\n<p data-start=\"933\" data-end=\"1403\"><img loading=\"lazy\" decoding=\"async\" class=\"alignnone wp-image-13159 size-full\" src=\"https:\/\/1dronas.lt\/wp-content\/uploads\/2025\/11\/Screenshot-2025-11-22-at-10.46.20-min.png\" alt=\"\" width=\"1026\" height=\"1090\" srcset=\"https:\/\/1dronas.lt\/wp-content\/uploads\/2025\/11\/Screenshot-2025-11-22-at-10.46.20-min.png 1026w, https:\/\/1dronas.lt\/wp-content\/uploads\/2025\/11\/Screenshot-2025-11-22-at-10.46.20-min-282x300.png 282w, https:\/\/1dronas.lt\/wp-content\/uploads\/2025\/11\/Screenshot-2025-11-22-at-10.46.20-min-964x1024.png 964w, https:\/\/1dronas.lt\/wp-content\/uploads\/2025\/11\/Screenshot-2025-11-22-at-10.46.20-min-768x816.png 768w, https:\/\/1dronas.lt\/wp-content\/uploads\/2025\/11\/Screenshot-2025-11-22-at-10.46.20-min-11x12.png 11w, https:\/\/1dronas.lt\/wp-content\/uploads\/2025\/11\/Screenshot-2025-11-22-at-10.46.20-min-510x542.png 510w\" sizes=\"auto, (max-width: 1026px) 100vw, 1026px\" \/> <img loading=\"lazy\" decoding=\"async\" class=\"alignnone wp-image-13160 size-full\" src=\"https:\/\/1dronas.lt\/wp-content\/uploads\/2025\/11\/Screenshot-2025-11-22-at-10.46.30-min.png\" alt=\"\" width=\"910\" height=\"970\" srcset=\"https:\/\/1dronas.lt\/wp-content\/uploads\/2025\/11\/Screenshot-2025-11-22-at-10.46.30-min.png 910w, https:\/\/1dronas.lt\/wp-content\/uploads\/2025\/11\/Screenshot-2025-11-22-at-10.46.30-min-281x300.png 281w, https:\/\/1dronas.lt\/wp-content\/uploads\/2025\/11\/Screenshot-2025-11-22-at-10.46.30-min-768x819.png 768w, https:\/\/1dronas.lt\/wp-content\/uploads\/2025\/11\/Screenshot-2025-11-22-at-10.46.30-min-11x12.png 11w, https:\/\/1dronas.lt\/wp-content\/uploads\/2025\/11\/Screenshot-2025-11-22-at-10.46.30-min-510x544.png 510w\" sizes=\"auto, (max-width: 910px) 100vw, 910px\" \/> <img loading=\"lazy\" decoding=\"async\" class=\"alignnone wp-image-13161 size-full\" src=\"https:\/\/1dronas.lt\/wp-content\/uploads\/2025\/11\/Screenshot-2025-11-22-at-10.46.39-min.png\" alt=\"\" width=\"912\" height=\"1178\" srcset=\"https:\/\/1dronas.lt\/wp-content\/uploads\/2025\/11\/Screenshot-2025-11-22-at-10.46.39-min.png 912w, https:\/\/1dronas.lt\/wp-content\/uploads\/2025\/11\/Screenshot-2025-11-22-at-10.46.39-min-232x300.png 232w, https:\/\/1dronas.lt\/wp-content\/uploads\/2025\/11\/Screenshot-2025-11-22-at-10.46.39-min-793x1024.png 793w, https:\/\/1dronas.lt\/wp-content\/uploads\/2025\/11\/Screenshot-2025-11-22-at-10.46.39-min-768x992.png 768w, https:\/\/1dronas.lt\/wp-content\/uploads\/2025\/11\/Screenshot-2025-11-22-at-10.46.39-min-9x12.png 9w, https:\/\/1dronas.lt\/wp-content\/uploads\/2025\/11\/Screenshot-2025-11-22-at-10.46.39-min-510x659.png 510w\" sizes=\"auto, (max-width: 912px) 100vw, 912px\" \/><\/p>","protected":false},"excerpt":{"rendered":"<p><span style=\"color: #000000;\">The professional SEQURE H743 controller and E70 G1 ESC combo delivers unmatched speed and precision in FPV racing. The ideal choice for pilots who seek maximum performance.<\/span><\/p>\n<p><span style=\"color: #000000;\"><strong><img loading=\"lazy\" decoding=\"async\" class=\"alignnone wp-image-1806 entered litespeed-loaded\" src=\"https:\/\/1dronas.lt\/wp-content\/uploads\/2021\/05\/delivery-icon.png.webp\" alt=\"\" width=\"24\" height=\"24\" data-lazyloaded=\"1\" data-src=\"https:\/\/1dronas.lt\/wp-content\/uploads\/2021\/05\/delivery-icon.png.webp\" data-ll-status=\"loaded\" srcset=\"https:\/\/1dronas.lt\/wp-content\/uploads\/2021\/05\/delivery-icon.png 35w, https:\/\/1dronas.lt\/wp-content\/uploads\/2021\/05\/delivery-icon-12x12.png 12w\" sizes=\"auto, (max-width: 24px) 100vw, 24px\" \/>\u00a0 1 \u2013 2 days<\/strong><\/span><\/p>","protected":false},"featured_media":13151,"comment_status":"open","ping_status":"closed","template":"","meta":[],"product_brand":[892],"product_cat":[217],"product_tag":[982,985,980,974,987,983,153],"class_list":{"0":"post-13149","1":"product","2":"type-product","3":"status-publish","4":"has-post-thumbnail","6":"product_brand-sequre","7":"product_cat-skydzio-valdikliai-fc-aio-stack","8":"product_tag-4-8s","9":"product_tag-70a","10":"product_tag-black-friday","11":"product_tag-e70-g1-esc","12":"product_tag-h743","13":"product_tag-mpu6000","14":"product_tag-stack","16":"first","17":"instock","18":"taxable","19":"shipping-taxable","20":"purchasable","21":"product-type-simple"},"yoast_head":"<!-- This site is optimized with the Yoast SEO plugin v27.4 - https:\/\/yoast.com\/product\/yoast-seo-wordpress\/ -->\n<title>SEQURE H743 &amp; E70 G1 4-8S 70A MPU6000 Stack - 1dronas.lt<\/title>\n<meta name=\"robots\" content=\"index, follow, max-snippet:-1, max-image-preview:large, max-video-preview:-1\" \/>\n<link rel=\"canonical\" href=\"https:\/\/1dronas.lt\/en\/produktas\/sequre-h743-e70-g1-4-8s-70a-mpu6000-stack\/\" \/>\n<meta property=\"og:locale\" content=\"en_US\" \/>\n<meta property=\"og:type\" content=\"article\" \/>\n<meta property=\"og:title\" content=\"SEQURE H743 &amp; E70 G1 4-8S 70A MPU6000 Stack - 1dronas.lt\" \/>\n<meta property=\"og:description\" content=\"Profesionalus SEQURE H743 valdiklio ir E70 G1 ESC komplektas suteikia neprilygstam\u0105 greit\u012f bei tikslum\u0105 FPV lenktyn\u0117se. Idealus pasirinkimas pilotams, kurie siekia maksimalaus na\u0161umo.  \u00a0 1 \u2013 2 d. d.\" \/>\n<meta property=\"og:url\" content=\"https:\/\/1dronas.lt\/en\/produktas\/sequre-h743-e70-g1-4-8s-70a-mpu6000-stack\/\" \/>\n<meta property=\"og:site_name\" content=\"1dronas.lt\" \/>\n<meta property=\"article:publisher\" content=\"https:\/\/www.facebook.com\/1dronas\/\" \/>\n<meta property=\"article:modified_time\" content=\"2025-11-30T22:33:51+00:00\" \/>\n<meta property=\"og:image\" content=\"https:\/\/1dronas.lt\/wp-content\/uploads\/2025\/11\/2_SEQUREH743_E70G1-min.jpg\" \/>\n\t<meta property=\"og:image:width\" content=\"800\" \/>\n\t<meta property=\"og:image:height\" content=\"800\" \/>\n\t<meta property=\"og:image:type\" content=\"image\/jpeg\" \/>\n<meta name=\"twitter:card\" content=\"summary_large_image\" \/>\n<meta name=\"twitter:label1\" content=\"Est. reading time\" \/>\n\t<meta name=\"twitter:data1\" content=\"4 minutes\" \/>\n<script type=\"application\/ld+json\" class=\"yoast-schema-graph\">{\"@context\":\"https:\\\/\\\/schema.org\",\"@graph\":[{\"@type\":\"WebPage\",\"@id\":\"https:\\\/\\\/1dronas.lt\\\/en\\\/produktas\\\/sequre-h743-e70-g1-4-8s-70a-mpu6000-stack\\\/\",\"url\":\"https:\\\/\\\/1dronas.lt\\\/en\\\/produktas\\\/sequre-h743-e70-g1-4-8s-70a-mpu6000-stack\\\/\",\"name\":\"SEQURE H743 & E70 G1 4-8S 70A MPU6000 Stack - 1dronas.lt\",\"isPartOf\":{\"@id\":\"https:\\\/\\\/1dronas.lt\\\/en\\\/#website\"},\"primaryImageOfPage\":{\"@id\":\"https:\\\/\\\/1dronas.lt\\\/en\\\/produktas\\\/sequre-h743-e70-g1-4-8s-70a-mpu6000-stack\\\/#primaryimage\"},\"image\":{\"@id\":\"https:\\\/\\\/1dronas.lt\\\/en\\\/produktas\\\/sequre-h743-e70-g1-4-8s-70a-mpu6000-stack\\\/#primaryimage\"},\"thumbnailUrl\":\"https:\\\/\\\/1dronas.lt\\\/wp-content\\\/uploads\\\/2025\\\/11\\\/2_SEQUREH743_E70G1-min.jpg\",\"datePublished\":\"2025-11-22T09:28:46+00:00\",\"dateModified\":\"2025-11-30T22:33:51+00:00\",\"breadcrumb\":{\"@id\":\"https:\\\/\\\/1dronas.lt\\\/en\\\/produktas\\\/sequre-h743-e70-g1-4-8s-70a-mpu6000-stack\\\/#breadcrumb\"},\"inLanguage\":\"en-US\",\"potentialAction\":[{\"@type\":\"ReadAction\",\"target\":[\"https:\\\/\\\/1dronas.lt\\\/en\\\/produktas\\\/sequre-h743-e70-g1-4-8s-70a-mpu6000-stack\\\/\"]}]},{\"@type\":\"ImageObject\",\"inLanguage\":\"en-US\",\"@id\":\"https:\\\/\\\/1dronas.lt\\\/en\\\/produktas\\\/sequre-h743-e70-g1-4-8s-70a-mpu6000-stack\\\/#primaryimage\",\"url\":\"https:\\\/\\\/1dronas.lt\\\/wp-content\\\/uploads\\\/2025\\\/11\\\/2_SEQUREH743_E70G1-min.jpg\",\"contentUrl\":\"https:\\\/\\\/1dronas.lt\\\/wp-content\\\/uploads\\\/2025\\\/11\\\/2_SEQUREH743_E70G1-min.jpg\",\"width\":800,\"height\":800},{\"@type\":\"BreadcrumbList\",\"@id\":\"https:\\\/\\\/1dronas.lt\\\/en\\\/produktas\\\/sequre-h743-e70-g1-4-8s-70a-mpu6000-stack\\\/#breadcrumb\",\"itemListElement\":[{\"@type\":\"ListItem\",\"position\":1,\"name\":\"Home\",\"item\":\"https:\\\/\\\/1dronas.lt\\\/\"},{\"@type\":\"ListItem\",\"position\":2,\"name\":\"Parduotuv\u0117\",\"item\":\"https:\\\/\\\/1dronas.lt\\\/parduotuve\\\/\"},{\"@type\":\"ListItem\",\"position\":3,\"name\":\"SEQURE H743 &#038; E70 G1 4-8S 70A MPU6000 Stack\"}]},{\"@type\":\"WebSite\",\"@id\":\"https:\\\/\\\/1dronas.lt\\\/en\\\/#website\",\"url\":\"https:\\\/\\\/1dronas.lt\\\/en\\\/\",\"name\":\"1dronas.lt\",\"description\":\"Internetin\u0117 parduotuv\u0117\",\"publisher\":{\"@id\":\"https:\\\/\\\/1dronas.lt\\\/en\\\/#organization\"},\"potentialAction\":[{\"@type\":\"SearchAction\",\"target\":{\"@type\":\"EntryPoint\",\"urlTemplate\":\"https:\\\/\\\/1dronas.lt\\\/en\\\/?s={search_term_string}\"},\"query-input\":{\"@type\":\"PropertyValueSpecification\",\"valueRequired\":true,\"valueName\":\"search_term_string\"}}],\"inLanguage\":\"en-US\"},{\"@type\":\"Organization\",\"@id\":\"https:\\\/\\\/1dronas.lt\\\/en\\\/#organization\",\"name\":\"1dronas.lt\",\"url\":\"https:\\\/\\\/1dronas.lt\\\/en\\\/\",\"logo\":{\"@type\":\"ImageObject\",\"inLanguage\":\"en-US\",\"@id\":\"https:\\\/\\\/1dronas.lt\\\/en\\\/#\\\/schema\\\/logo\\\/image\\\/\",\"url\":\"https:\\\/\\\/1dronas.lt\\\/wp-content\\\/uploads\\\/2020\\\/12\\\/Ekrano_kopija__2_-removebg-preview-1-1.png\",\"contentUrl\":\"https:\\\/\\\/1dronas.lt\\\/wp-content\\\/uploads\\\/2020\\\/12\\\/Ekrano_kopija__2_-removebg-preview-1-1.png\",\"width\":234,\"height\":81,\"caption\":\"1dronas.lt\"},\"image\":{\"@id\":\"https:\\\/\\\/1dronas.lt\\\/en\\\/#\\\/schema\\\/logo\\\/image\\\/\"},\"sameAs\":[\"https:\\\/\\\/www.facebook.com\\\/1dronas\\\/\"]}]}<\/script>\n<!-- \/ Yoast SEO plugin. -->","yoast_head_json":{"title":"SECURE H743 &amp; E70 G1 4-8S 70A MPU6000 Stack - 1dronas.lt","robots":{"index":"index","follow":"follow","max-snippet":"max-snippet:-1","max-image-preview":"max-image-preview:large","max-video-preview":"max-video-preview:-1"},"canonical":"https:\/\/1dronas.lt\/en\/produktas\/sequre-h743-e70-g1-4-8s-70a-mpu6000-stack\/","og_locale":"en_US","og_type":"article","og_title":"SEQURE H743 & E70 G1 4-8S 70A MPU6000 Stack - 1dronas.lt","og_description":"Profesionalus SEQURE H743 valdiklio ir E70 G1 ESC komplektas suteikia neprilygstam\u0105 greit\u012f bei tikslum\u0105 FPV lenktyn\u0117se. Idealus pasirinkimas pilotams, kurie siekia maksimalaus na\u0161umo.  \u00a0 1 \u2013 2 d. d.","og_url":"https:\/\/1dronas.lt\/en\/produktas\/sequre-h743-e70-g1-4-8s-70a-mpu6000-stack\/","og_site_name":"1dronas.lt","article_publisher":"https:\/\/www.facebook.com\/1dronas\/","article_modified_time":"2025-11-30T22:33:51+00:00","og_image":[{"width":800,"height":800,"url":"https:\/\/1dronas.lt\/wp-content\/uploads\/2025\/11\/2_SEQUREH743_E70G1-min.jpg","type":"image\/jpeg"}],"twitter_card":"summary_large_image","twitter_misc":{"Est. reading time":"4 minutes"},"schema":{"@context":"https:\/\/schema.org","@graph":[{"@type":"WebPage","@id":"https:\/\/1dronas.lt\/en\/produktas\/sequre-h743-e70-g1-4-8s-70a-mpu6000-stack\/","url":"https:\/\/1dronas.lt\/en\/produktas\/sequre-h743-e70-g1-4-8s-70a-mpu6000-stack\/","name":"SECURE H743 &amp; E70 G1 4-8S 70A MPU6000 Stack - 1dronas.lt","isPartOf":{"@id":"https:\/\/1dronas.lt\/en\/#website"},"primaryImageOfPage":{"@id":"https:\/\/1dronas.lt\/en\/produktas\/sequre-h743-e70-g1-4-8s-70a-mpu6000-stack\/#primaryimage"},"image":{"@id":"https:\/\/1dronas.lt\/en\/produktas\/sequre-h743-e70-g1-4-8s-70a-mpu6000-stack\/#primaryimage"},"thumbnailUrl":"https:\/\/1dronas.lt\/wp-content\/uploads\/2025\/11\/2_SEQUREH743_E70G1-min.jpg","datePublished":"2025-11-22T09:28:46+00:00","dateModified":"2025-11-30T22:33:51+00:00","breadcrumb":{"@id":"https:\/\/1dronas.lt\/en\/produktas\/sequre-h743-e70-g1-4-8s-70a-mpu6000-stack\/#breadcrumb"},"inLanguage":"en-US","potentialAction":[{"@type":"ReadAction","target":["https:\/\/1dronas.lt\/en\/produktas\/sequre-h743-e70-g1-4-8s-70a-mpu6000-stack\/"]}]},{"@type":"ImageObject","inLanguage":"en-US","@id":"https:\/\/1dronas.lt\/en\/produktas\/sequre-h743-e70-g1-4-8s-70a-mpu6000-stack\/#primaryimage","url":"https:\/\/1dronas.lt\/wp-content\/uploads\/2025\/11\/2_SEQUREH743_E70G1-min.jpg","contentUrl":"https:\/\/1dronas.lt\/wp-content\/uploads\/2025\/11\/2_SEQUREH743_E70G1-min.jpg","width":800,"height":800},{"@type":"BreadcrumbList","@id":"https:\/\/1dronas.lt\/en\/produktas\/sequre-h743-e70-g1-4-8s-70a-mpu6000-stack\/#breadcrumb","itemListElement":[{"@type":"ListItem","position":1,"name":"Home","item":"https:\/\/1dronas.lt\/"},{"@type":"ListItem","position":2,"name":"Parduotuv\u0117","item":"https:\/\/1dronas.lt\/parduotuve\/"},{"@type":"ListItem","position":3,"name":"SEQURE H743 &#038; E70 G1 4-8S 70A MPU6000 Stack"}]},{"@type":"WebSite","@id":"https:\/\/1dronas.lt\/en\/#website","url":"https:\/\/1dronas.lt\/en\/","name":"1dronas.lt","description":"Online store","publisher":{"@id":"https:\/\/1dronas.lt\/en\/#organization"},"potentialAction":[{"@type":"SearchAction","target":{"@type":"EntryPoint","urlTemplate":"https:\/\/1dronas.lt\/en\/?s={search_term_string}"},"query-input":{"@type":"PropertyValueSpecification","valueRequired":true,"valueName":"search_term_string"}}],"inLanguage":"en-US"},{"@type":"Organization","@id":"https:\/\/1dronas.lt\/en\/#organization","name":"1dronas.lt","url":"https:\/\/1dronas.lt\/en\/","logo":{"@type":"ImageObject","inLanguage":"en-US","@id":"https:\/\/1dronas.lt\/en\/#\/schema\/logo\/image\/","url":"https:\/\/1dronas.lt\/wp-content\/uploads\/2020\/12\/Ekrano_kopija__2_-removebg-preview-1-1.png","contentUrl":"https:\/\/1dronas.lt\/wp-content\/uploads\/2020\/12\/Ekrano_kopija__2_-removebg-preview-1-1.png","width":234,"height":81,"caption":"1dronas.lt"},"image":{"@id":"https:\/\/1dronas.lt\/en\/#\/schema\/logo\/image\/"},"sameAs":["https:\/\/www.facebook.com\/1dronas\/"]}]}},"jetpack_sharing_enabled":true,"_links":{"self":[{"href":"https:\/\/1dronas.lt\/en\/wp-json\/wp\/v2\/product\/13149","targetHints":{"allow":["GET"]}}],"collection":[{"href":"https:\/\/1dronas.lt\/en\/wp-json\/wp\/v2\/product"}],"about":[{"href":"https:\/\/1dronas.lt\/en\/wp-json\/wp\/v2\/types\/product"}],"replies":[{"embeddable":true,"href":"https:\/\/1dronas.lt\/en\/wp-json\/wp\/v2\/comments?post=13149"}],"wp:featuredmedia":[{"embeddable":true,"href":"https:\/\/1dronas.lt\/en\/wp-json\/wp\/v2\/media\/13151"}],"wp:attachment":[{"href":"https:\/\/1dronas.lt\/en\/wp-json\/wp\/v2\/media?parent=13149"}],"wp:term":[{"taxonomy":"product_brand","embeddable":true,"href":"https:\/\/1dronas.lt\/en\/wp-json\/wp\/v2\/product_brand?post=13149"},{"taxonomy":"product_cat","embeddable":true,"href":"https:\/\/1dronas.lt\/en\/wp-json\/wp\/v2\/product_cat?post=13149"},{"taxonomy":"product_tag","embeddable":true,"href":"https:\/\/1dronas.lt\/en\/wp-json\/wp\/v2\/product_tag?post=13149"}],"curies":[{"name":"wp","href":"https:\/\/api.w.org\/{rel}","templated":true}]}}