{"id":13099,"date":"2025-11-21T20:25:32","date_gmt":"2025-11-21T18:25:32","guid":{"rendered":"https:\/\/1dronas.lt\/?post_type=product&#038;p=13099"},"modified":"2025-12-21T23:56:44","modified_gmt":"2025-12-21T21:56:44","slug":"sequre-h743-v2-e70-g2-4-8s-70a-stack","status":"publish","type":"product","link":"https:\/\/1dronas.lt\/en\/produktas\/sequre-h743-v2-e70-g2-4-8s-70a-stack\/","title":{"rendered":"SECURE H743 V2 &amp; E70 G2 4-8S 70A Stack"},"content":{"rendered":"<p data-start=\"105\" data-end=\"116\"><strong>FC features:<\/strong><\/p>\n<p data-start=\"118\" data-end=\"1008\">\u2022 Installed high-end STM32H743 processor, operating at a frequency of up to 480 MHz, ensuring extremely fast control response;<br data-start=\"241\" data-end=\"244\" \/>\u2022 Uses ICM42688P gyroscope, ensuring accurate motion capture and stable control, which improves the reliability of the entire system;<br data-start=\"370\" data-end=\"373\" \/>\u2022 SEQURE H743 has a built-in barometer, OSD module and 16 MB black box memory, which allows for efficient recording of flight data;<br data-start=\"509\" data-end=\"512\" \/>\u2022 6 UART ports are left to meet the connection needs of most devices;<br data-start=\"593\" data-end=\"596\" \/>\u2022 Controls up to 8 motors, making it easy to create an X8 configuration;<br data-start=\"666\" data-end=\"669\" \/>\u2022 Equipped with a plug-in connector and dual BEC outputs, providing independent 10V power supply, allowing direct connection of DJI O3\/O4\/O4 Pro and analog VTXs;<br data-start=\"833\" data-end=\"836\" \/>\u2022 Supports wide voltage 4-8S Lipo power supply, has 20mm and 30.5mm mounting holes. Compact design is suitable for racing, filming, freestyle and other drones.<\/p>\n<p data-start=\"1010\" data-end=\"1022\"><strong>ESC features:<\/strong><\/p>\n<p data-start=\"1024\" data-end=\"1844\">\u2022 Uses STM32G071 high-end processor, supports BLHeli_32 \/ AM32 software, has 2-8S voltage support, continuous single-channel current 70 A, peak up to 150 A;<br data-start=\"1196\" data-end=\"1199\" \/>\u2022 Integrated galvanometer \u2013 supports telemetry, transmitting real-time data on motor speed, temperature, current and other data;<br data-start=\"1334\" data-end=\"1337\" \/>\u2022 High-quality, high-power MOSFET transistors ensure highly efficient energy conversion, extending flight time;<br data-start=\"1466\" data-end=\"1469\" \/>\u2022 Multi-layer PCB with increased copper thickness improves current conduction and cooling properties, so the ESC is not afraid of load;<br data-start=\"1587\" data-end=\"1590\" \/>\u2022 Precisely controlled switching interval accelerates ESC response, providing smooth and precise control;<br data-start=\"1696\" data-end=\"1699\" \/>\u2022 PWM frequency 16-128 kHz supported;<br data-start=\"1734\" data-end=\"1737\" \/>\u2022 Innovative diagonally positioned solder contacts improve wire placement and reduce soldering complexity.<\/p>\n<p data-start=\"1846\" data-end=\"1860\"><strong>Specification:<\/strong><\/p>\n<p data-start=\"1846\" data-end=\"1860\">FC:<\/p>\n<p data-start=\"1846\" data-end=\"1860\">\u2022 Product name: SEQURE H743 V2;<br data-start=\"1907\" data-end=\"1910\" \/>\u2022 Processor: STM32H743;<br data-start=\"1935\" data-end=\"1938\" \/>\u2022 Gyroscope: ICM-42688-P;<br data-start=\"1964\" data-end=\"1967\" \/>\u2022 Barometer: BMP280, DPS310 or DPS368;<br data-start=\"2008\" data-end=\"2011\" \/>\u2022 OSD chip: AT7456E;<br data-start=\"2033\" data-end=\"2036\" \/>\u2022 Blackbox memory: 16 MB;<br data-start=\"2065\" data-end=\"2068\" \/>\u2022 Software: Betaflight (default), INAV and ArduPilot also supported;<br data-start=\"2151\" data-end=\"2154\" \/>\u2022 Software name: SEQUREH7V2;<br data-start=\"2200\" data-end=\"2203\" \/>\u2022 Supply voltage: 4\u20138S LiPo \/ LiHV;<br data-start=\"2240\" data-end=\"2243\" data-is-only-node=\"\" \/>\u2022 BEC outputs: 5V\/2.5A and 10V\/2A;<br data-start=\"2277\" data-end=\"2280\" \/>\u2022 Number of UART ports: 6;<br data-start=\"2308\" data-end=\"2311\" \/>\u2022 Motor control: M1\u2013M8;<br data-start=\"2338\" data-end=\"2341\" \/>\u2022 LED support: WS2812 LED strip;<br data-start=\"2377\" data-end=\"2380\" \/>\u2022 Buzzer: supported;<br data-start=\"2403\" data-end=\"2406\" \/>\u2022 ESC telemetry: RX8;<br data-start=\"2429\" data-end=\"2432\" \/>\u2022 USB connector: USB Type-C;<br data-start=\"2458\" data-end=\"2461\" \/>\u2022 Mounting hole spacing: 20\u00d720 mm (holes \u00d84 mm \/ M3) and 30.5\u00d730.5 mm (holes \u00d84 mm \/ M3);<br data-start=\"2556\" data-end=\"2559\" \/>\u2022 Product dimensions: 36.5 \u00d7 36.5 \u00d7 6 mm;<br data-start=\"2599\" data-end=\"2602\" \/>\u2022 Product weight: 7.3 g.<\/p>\n<p data-start=\"1862\" data-end=\"2627\">ESC:<\/p>\n<p data-start=\"1862\" data-end=\"2627\">\u2022 Product name: E70 G2;<br data-start=\"2667\" data-end=\"2670\" \/>\u2022 Processor: STM32G071;<br data-start=\"2695\" data-end=\"2698\" \/>\u2022 Software versions: BLHeli_32 and AM32;<br data-start=\"2748\" data-end=\"2751\" \/>\u2022 PWM frequency: 16 kHz - 128 kHz;<br data-start=\"2782\" data-end=\"2785\" \/>\u2022 Operating voltage: 2-8S LiPo \/ LiHV;<br data-start=\"2820\" data-end=\"2823\" \/>\u2022 Continuous current: 70 A;<br data-start=\"2847\" data-end=\"2850\" \/>\u2022 Peak current: up to 150 A;<br data-start=\"2876\" data-end=\"2879\" \/>\u2022 Supported protocols: DShot600, DShot300, DShot150, Oneshot, Multishot, PWM;<br data-start=\"2957\" data-end=\"2960\" \/>\u2022 Telemetry transmission: yes;<br data-start=\"2992\" data-end=\"2995\" data-is-only-node=\"\" \/>\u2022 Galvanometer (current measurement): yes;<br data-start=\"3036\" data-end=\"3039\" \/>\u2022 BEC: none;<br data-start=\"3051\" data-end=\"3054\" \/>\u2022 Mounting hole spacing: 30.5 \u00d7 30.5 mm (holes \u00d84 mm \/ M3);<br data-start=\"3119\" data-end=\"3122\" \/>\u2022 Product dimensions: 45.5 \u00d7 42.5 \u00d7 6 mm;<br data-start=\"3162\" data-end=\"3165\" \/>\u2022 Product weight: 17.5 g.<\/p>\n<p data-start=\"3193\" data-end=\"3207\"><strong>Package:<\/strong><\/p>\n<p data-start=\"3209\" data-end=\"3641\">1x SEQURE H743 V2 FC;<br data-start=\"3230\" data-end=\"3233\" \/>1x E70 G2 4IN1 ESC;<br data-start=\"3252\" data-end=\"3255\" \/>1x 30AWG 40mm SH1.0-8P flat cable (reverse);<br data-start=\"3312\" data-end=\"3315\" \/>2x 30AWG 100mm SH1.0-4P flat cables;<br data-start=\"3357\" data-end=\"3360\" \/>1x 60 mm long 12095 5V buzzer;<br data-start=\"3420\" data-end=\"3423\" \/>10x M3\u00d78 mm silicone shock absorber washers (black);<br data-start=\"3483\" data-end=\"3486\" \/>2x 12AWG 100 mm power wires (black\/red);<br data-start=\"3537\" data-end=\"3540\" \/>1x XT60H-M;<br data-start=\"3551\" data-end=\"3554\" \/>1x 35V 680 \u00b5F solid capacitor;<br data-start=\"3592\" data-end=\"3595\" \/>4x M3\u00d725mm screws;<br data-start=\"3615\" data-end=\"3618\" data-is-only-node=\"\" \/>4x M3 threaded bushings.<\/p>\n<p><strong style=\"font-size: 14.4px;\">Connection diagram:<\/strong><\/p>\n<p data-start=\"1055\" data-end=\"1247\"><img loading=\"lazy\" decoding=\"async\" class=\"alignnone wp-image-13113 size-full\" src=\"https:\/\/1dronas.lt\/wp-content\/uploads\/2025\/11\/Screenshot-2025-11-21-at-20.03.28-min.png\" alt=\"\" width=\"1012\" height=\"1106\" srcset=\"https:\/\/1dronas.lt\/wp-content\/uploads\/2025\/11\/Screenshot-2025-11-21-at-20.03.28-min.png 1012w, https:\/\/1dronas.lt\/wp-content\/uploads\/2025\/11\/Screenshot-2025-11-21-at-20.03.28-min-275x300.png 275w, https:\/\/1dronas.lt\/wp-content\/uploads\/2025\/11\/Screenshot-2025-11-21-at-20.03.28-min-937x1024.png 937w, https:\/\/1dronas.lt\/wp-content\/uploads\/2025\/11\/Screenshot-2025-11-21-at-20.03.28-min-768x839.png 768w, https:\/\/1dronas.lt\/wp-content\/uploads\/2025\/11\/Screenshot-2025-11-21-at-20.03.28-min-11x12.png 11w, https:\/\/1dronas.lt\/wp-content\/uploads\/2025\/11\/Screenshot-2025-11-21-at-20.03.28-min-510x557.png 510w\" sizes=\"auto, (max-width: 1012px) 100vw, 1012px\" \/> <img loading=\"lazy\" decoding=\"async\" class=\"alignnone wp-image-13114 size-full\" src=\"https:\/\/1dronas.lt\/wp-content\/uploads\/2025\/11\/Screenshot-2025-11-21-at-20.03.39-min.png\" alt=\"\" width=\"920\" height=\"974\" srcset=\"https:\/\/1dronas.lt\/wp-content\/uploads\/2025\/11\/Screenshot-2025-11-21-at-20.03.39-min.png 920w, https:\/\/1dronas.lt\/wp-content\/uploads\/2025\/11\/Screenshot-2025-11-21-at-20.03.39-min-283x300.png 283w, https:\/\/1dronas.lt\/wp-content\/uploads\/2025\/11\/Screenshot-2025-11-21-at-20.03.39-min-768x813.png 768w, https:\/\/1dronas.lt\/wp-content\/uploads\/2025\/11\/Screenshot-2025-11-21-at-20.03.39-min-11x12.png 11w, https:\/\/1dronas.lt\/wp-content\/uploads\/2025\/11\/Screenshot-2025-11-21-at-20.03.39-min-510x540.png 510w\" sizes=\"auto, (max-width: 920px) 100vw, 920px\" \/> <img loading=\"lazy\" decoding=\"async\" class=\"alignnone wp-image-13115 size-full\" src=\"https:\/\/1dronas.lt\/wp-content\/uploads\/2025\/11\/Screenshot-2025-11-21-at-20.03.49-min.png\" alt=\"\" width=\"910\" height=\"1022\" srcset=\"https:\/\/1dronas.lt\/wp-content\/uploads\/2025\/11\/Screenshot-2025-11-21-at-20.03.49-min.png 910w, https:\/\/1dronas.lt\/wp-content\/uploads\/2025\/11\/Screenshot-2025-11-21-at-20.03.49-min-267x300.png 267w, https:\/\/1dronas.lt\/wp-content\/uploads\/2025\/11\/Screenshot-2025-11-21-at-20.03.49-min-768x863.png 768w, https:\/\/1dronas.lt\/wp-content\/uploads\/2025\/11\/Screenshot-2025-11-21-at-20.03.49-min-11x12.png 11w, https:\/\/1dronas.lt\/wp-content\/uploads\/2025\/11\/Screenshot-2025-11-21-at-20.03.49-min-510x573.png 510w\" sizes=\"auto, (max-width: 910px) 100vw, 910px\" \/> <img loading=\"lazy\" decoding=\"async\" class=\"alignnone wp-image-13116 size-full\" src=\"https:\/\/1dronas.lt\/wp-content\/uploads\/2025\/11\/Screenshot-2025-11-21-at-20.03.58-min.png\" alt=\"\" width=\"904\" height=\"938\" srcset=\"https:\/\/1dronas.lt\/wp-content\/uploads\/2025\/11\/Screenshot-2025-11-21-at-20.03.58-min.png 904w, https:\/\/1dronas.lt\/wp-content\/uploads\/2025\/11\/Screenshot-2025-11-21-at-20.03.58-min-289x300.png 289w, https:\/\/1dronas.lt\/wp-content\/uploads\/2025\/11\/Screenshot-2025-11-21-at-20.03.58-min-768x797.png 768w, https:\/\/1dronas.lt\/wp-content\/uploads\/2025\/11\/Screenshot-2025-11-21-at-20.03.58-min-12x12.png 12w, https:\/\/1dronas.lt\/wp-content\/uploads\/2025\/11\/Screenshot-2025-11-21-at-20.03.58-min-510x529.png 510w\" sizes=\"auto, (max-width: 904px) 100vw, 904px\" \/><\/p>","protected":false},"excerpt":{"rendered":"<p><span style=\"color: #000000;\">The professional SEQURE H743 V2 controller and E70 G2 ESC set delivers unmatched speed and precision in FPV racing. The ideal choice for pilots who seek maximum performance.<\/span><\/p>\n<p><span style=\"color: #000000;\"><strong><img loading=\"lazy\" decoding=\"async\" class=\"alignnone wp-image-1806 entered litespeed-loaded\" src=\"https:\/\/1dronas.lt\/wp-content\/uploads\/2021\/05\/delivery-icon.png.webp\" alt=\"\" width=\"24\" height=\"24\" data-lazyloaded=\"1\" data-src=\"https:\/\/1dronas.lt\/wp-content\/uploads\/2021\/05\/delivery-icon.png.webp\" data-ll-status=\"loaded\" srcset=\"https:\/\/1dronas.lt\/wp-content\/uploads\/2021\/05\/delivery-icon.png 35w, https:\/\/1dronas.lt\/wp-content\/uploads\/2021\/05\/delivery-icon-12x12.png 12w\" sizes=\"auto, (max-width: 24px) 100vw, 24px\" \/>\u00a0 1 \u2013 2 days<\/strong><\/span><\/p>","protected":false},"featured_media":13105,"comment_status":"open","ping_status":"closed","template":"","meta":[],"product_brand":[892],"product_cat":[217],"product_tag":[982,980,981,973,893,153],"class_list":{"0":"post-13099","1":"product","2":"type-product","3":"status-publish","4":"has-post-thumbnail","6":"product_brand-sequre","7":"product_cat-skydzio-valdikliai-fc-aio-stack","8":"product_tag-4-8s","9":"product_tag-black-friday","10":"product_tag-e70-g2","11":"product_tag-h743-v2","12":"product_tag-sequre","13":"product_tag-stack","15":"first","16":"outofstock","17":"taxable","18":"shipping-taxable","19":"purchasable","20":"product-type-simple"},"yoast_head":"<!-- This site is optimized with the Yoast SEO plugin v27.5 - https:\/\/yoast.com\/product\/yoast-seo-wordpress\/ -->\n<title>SEQURE H743 V2 &amp; E70 G2 4-8S 70A Stack - 1dronas.lt<\/title>\n<meta name=\"robots\" content=\"index, follow, max-snippet:-1, max-image-preview:large, max-video-preview:-1\" \/>\n<link rel=\"canonical\" href=\"https:\/\/1dronas.lt\/en\/produktas\/sequre-h743-v2-e70-g2-4-8s-70a-stack\/\" \/>\n<meta property=\"og:locale\" content=\"en_US\" \/>\n<meta property=\"og:type\" content=\"article\" \/>\n<meta property=\"og:title\" content=\"SEQURE H743 V2 &amp; E70 G2 4-8S 70A Stack - 1dronas.lt\" \/>\n<meta property=\"og:description\" content=\"Profesionalus SEQURE H743 V2 valdiklio ir E70 G2 ESC komplektas suteikia neprilygstam\u0105 greit\u012f bei tikslum\u0105 FPV lenktyn\u0117se. Idealus pasirinkimas pilotams, kurie siekia maksimalaus na\u0161umo.  \u00a0 1 \u2013 2 d. d.\" \/>\n<meta property=\"og:url\" content=\"https:\/\/1dronas.lt\/en\/produktas\/sequre-h743-v2-e70-g2-4-8s-70a-stack\/\" \/>\n<meta property=\"og:site_name\" content=\"1dronas.lt\" \/>\n<meta property=\"article:publisher\" content=\"https:\/\/www.facebook.com\/1dronas\/\" \/>\n<meta property=\"article:modified_time\" content=\"2025-12-21T21:56:44+00:00\" \/>\n<meta property=\"og:image\" content=\"https:\/\/1dronas.lt\/wp-content\/uploads\/2025\/11\/2_SEQUREH743V2_E70G2-min.jpg\" \/>\n\t<meta property=\"og:image:width\" content=\"800\" \/>\n\t<meta property=\"og:image:height\" content=\"800\" \/>\n\t<meta property=\"og:image:type\" content=\"image\/jpeg\" \/>\n<meta name=\"twitter:card\" content=\"summary_large_image\" \/>\n<meta name=\"twitter:label1\" content=\"Est. reading time\" \/>\n\t<meta name=\"twitter:data1\" content=\"4 minutes\" \/>\n<script type=\"application\/ld+json\" class=\"yoast-schema-graph\">{\"@context\":\"https:\\\/\\\/schema.org\",\"@graph\":[{\"@type\":\"WebPage\",\"@id\":\"https:\\\/\\\/1dronas.lt\\\/en\\\/produktas\\\/sequre-h743-v2-e70-g2-4-8s-70a-stack\\\/\",\"url\":\"https:\\\/\\\/1dronas.lt\\\/en\\\/produktas\\\/sequre-h743-v2-e70-g2-4-8s-70a-stack\\\/\",\"name\":\"SEQURE H743 V2 & E70 G2 4-8S 70A Stack - 1dronas.lt\",\"isPartOf\":{\"@id\":\"https:\\\/\\\/1dronas.lt\\\/en\\\/#website\"},\"primaryImageOfPage\":{\"@id\":\"https:\\\/\\\/1dronas.lt\\\/en\\\/produktas\\\/sequre-h743-v2-e70-g2-4-8s-70a-stack\\\/#primaryimage\"},\"image\":{\"@id\":\"https:\\\/\\\/1dronas.lt\\\/en\\\/produktas\\\/sequre-h743-v2-e70-g2-4-8s-70a-stack\\\/#primaryimage\"},\"thumbnailUrl\":\"https:\\\/\\\/1dronas.lt\\\/wp-content\\\/uploads\\\/2025\\\/11\\\/2_SEQUREH743V2_E70G2-min.jpg\",\"datePublished\":\"2025-11-21T18:25:32+00:00\",\"dateModified\":\"2025-12-21T21:56:44+00:00\",\"breadcrumb\":{\"@id\":\"https:\\\/\\\/1dronas.lt\\\/en\\\/produktas\\\/sequre-h743-v2-e70-g2-4-8s-70a-stack\\\/#breadcrumb\"},\"inLanguage\":\"en-US\",\"potentialAction\":[{\"@type\":\"ReadAction\",\"target\":[\"https:\\\/\\\/1dronas.lt\\\/en\\\/produktas\\\/sequre-h743-v2-e70-g2-4-8s-70a-stack\\\/\"]}]},{\"@type\":\"ImageObject\",\"inLanguage\":\"en-US\",\"@id\":\"https:\\\/\\\/1dronas.lt\\\/en\\\/produktas\\\/sequre-h743-v2-e70-g2-4-8s-70a-stack\\\/#primaryimage\",\"url\":\"https:\\\/\\\/1dronas.lt\\\/wp-content\\\/uploads\\\/2025\\\/11\\\/2_SEQUREH743V2_E70G2-min.jpg\",\"contentUrl\":\"https:\\\/\\\/1dronas.lt\\\/wp-content\\\/uploads\\\/2025\\\/11\\\/2_SEQUREH743V2_E70G2-min.jpg\",\"width\":800,\"height\":800},{\"@type\":\"BreadcrumbList\",\"@id\":\"https:\\\/\\\/1dronas.lt\\\/en\\\/produktas\\\/sequre-h743-v2-e70-g2-4-8s-70a-stack\\\/#breadcrumb\",\"itemListElement\":[{\"@type\":\"ListItem\",\"position\":1,\"name\":\"Home\",\"item\":\"https:\\\/\\\/1dronas.lt\\\/\"},{\"@type\":\"ListItem\",\"position\":2,\"name\":\"Parduotuv\u0117\",\"item\":\"https:\\\/\\\/1dronas.lt\\\/parduotuve\\\/\"},{\"@type\":\"ListItem\",\"position\":3,\"name\":\"SEQURE H743 V2 &#038; E70 G2 4-8S 70A Stack\"}]},{\"@type\":\"WebSite\",\"@id\":\"https:\\\/\\\/1dronas.lt\\\/en\\\/#website\",\"url\":\"https:\\\/\\\/1dronas.lt\\\/en\\\/\",\"name\":\"1dronas.lt\",\"description\":\"Internetin\u0117 parduotuv\u0117\",\"publisher\":{\"@id\":\"https:\\\/\\\/1dronas.lt\\\/en\\\/#organization\"},\"potentialAction\":[{\"@type\":\"SearchAction\",\"target\":{\"@type\":\"EntryPoint\",\"urlTemplate\":\"https:\\\/\\\/1dronas.lt\\\/en\\\/?s={search_term_string}\"},\"query-input\":{\"@type\":\"PropertyValueSpecification\",\"valueRequired\":true,\"valueName\":\"search_term_string\"}}],\"inLanguage\":\"en-US\"},{\"@type\":\"Organization\",\"@id\":\"https:\\\/\\\/1dronas.lt\\\/en\\\/#organization\",\"name\":\"1dronas.lt\",\"url\":\"https:\\\/\\\/1dronas.lt\\\/en\\\/\",\"logo\":{\"@type\":\"ImageObject\",\"inLanguage\":\"en-US\",\"@id\":\"https:\\\/\\\/1dronas.lt\\\/en\\\/#\\\/schema\\\/logo\\\/image\\\/\",\"url\":\"https:\\\/\\\/1dronas.lt\\\/wp-content\\\/uploads\\\/2020\\\/12\\\/Ekrano_kopija__2_-removebg-preview-1-1.png\",\"contentUrl\":\"https:\\\/\\\/1dronas.lt\\\/wp-content\\\/uploads\\\/2020\\\/12\\\/Ekrano_kopija__2_-removebg-preview-1-1.png\",\"width\":234,\"height\":81,\"caption\":\"1dronas.lt\"},\"image\":{\"@id\":\"https:\\\/\\\/1dronas.lt\\\/en\\\/#\\\/schema\\\/logo\\\/image\\\/\"},\"sameAs\":[\"https:\\\/\\\/www.facebook.com\\\/1dronas\\\/\"]}]}<\/script>\n<!-- \/ Yoast SEO plugin. -->","yoast_head_json":{"title":"SECURE H743 V2 &amp; E70 G2 4-8S 70A Stack - 1dronas.lt","robots":{"index":"index","follow":"follow","max-snippet":"max-snippet:-1","max-image-preview":"max-image-preview:large","max-video-preview":"max-video-preview:-1"},"canonical":"https:\/\/1dronas.lt\/en\/produktas\/sequre-h743-v2-e70-g2-4-8s-70a-stack\/","og_locale":"en_US","og_type":"article","og_title":"SEQURE H743 V2 & E70 G2 4-8S 70A Stack - 1dronas.lt","og_description":"Profesionalus SEQURE H743 V2 valdiklio ir E70 G2 ESC komplektas suteikia neprilygstam\u0105 greit\u012f bei tikslum\u0105 FPV lenktyn\u0117se. Idealus pasirinkimas pilotams, kurie siekia maksimalaus na\u0161umo.  \u00a0 1 \u2013 2 d. d.","og_url":"https:\/\/1dronas.lt\/en\/produktas\/sequre-h743-v2-e70-g2-4-8s-70a-stack\/","og_site_name":"1dronas.lt","article_publisher":"https:\/\/www.facebook.com\/1dronas\/","article_modified_time":"2025-12-21T21:56:44+00:00","og_image":[{"width":800,"height":800,"url":"https:\/\/1dronas.lt\/wp-content\/uploads\/2025\/11\/2_SEQUREH743V2_E70G2-min.jpg","type":"image\/jpeg"}],"twitter_card":"summary_large_image","twitter_misc":{"Est. reading time":"4 minutes"},"schema":{"@context":"https:\/\/schema.org","@graph":[{"@type":"WebPage","@id":"https:\/\/1dronas.lt\/en\/produktas\/sequre-h743-v2-e70-g2-4-8s-70a-stack\/","url":"https:\/\/1dronas.lt\/en\/produktas\/sequre-h743-v2-e70-g2-4-8s-70a-stack\/","name":"SECURE H743 V2 &amp; E70 G2 4-8S 70A Stack - 1dronas.lt","isPartOf":{"@id":"https:\/\/1dronas.lt\/en\/#website"},"primaryImageOfPage":{"@id":"https:\/\/1dronas.lt\/en\/produktas\/sequre-h743-v2-e70-g2-4-8s-70a-stack\/#primaryimage"},"image":{"@id":"https:\/\/1dronas.lt\/en\/produktas\/sequre-h743-v2-e70-g2-4-8s-70a-stack\/#primaryimage"},"thumbnailUrl":"https:\/\/1dronas.lt\/wp-content\/uploads\/2025\/11\/2_SEQUREH743V2_E70G2-min.jpg","datePublished":"2025-11-21T18:25:32+00:00","dateModified":"2025-12-21T21:56:44+00:00","breadcrumb":{"@id":"https:\/\/1dronas.lt\/en\/produktas\/sequre-h743-v2-e70-g2-4-8s-70a-stack\/#breadcrumb"},"inLanguage":"en-US","potentialAction":[{"@type":"ReadAction","target":["https:\/\/1dronas.lt\/en\/produktas\/sequre-h743-v2-e70-g2-4-8s-70a-stack\/"]}]},{"@type":"ImageObject","inLanguage":"en-US","@id":"https:\/\/1dronas.lt\/en\/produktas\/sequre-h743-v2-e70-g2-4-8s-70a-stack\/#primaryimage","url":"https:\/\/1dronas.lt\/wp-content\/uploads\/2025\/11\/2_SEQUREH743V2_E70G2-min.jpg","contentUrl":"https:\/\/1dronas.lt\/wp-content\/uploads\/2025\/11\/2_SEQUREH743V2_E70G2-min.jpg","width":800,"height":800},{"@type":"BreadcrumbList","@id":"https:\/\/1dronas.lt\/en\/produktas\/sequre-h743-v2-e70-g2-4-8s-70a-stack\/#breadcrumb","itemListElement":[{"@type":"ListItem","position":1,"name":"Home","item":"https:\/\/1dronas.lt\/"},{"@type":"ListItem","position":2,"name":"Parduotuv\u0117","item":"https:\/\/1dronas.lt\/parduotuve\/"},{"@type":"ListItem","position":3,"name":"SEQURE H743 V2 &#038; E70 G2 4-8S 70A Stack"}]},{"@type":"WebSite","@id":"https:\/\/1dronas.lt\/en\/#website","url":"https:\/\/1dronas.lt\/en\/","name":"1dronas.lt","description":"Online store","publisher":{"@id":"https:\/\/1dronas.lt\/en\/#organization"},"potentialAction":[{"@type":"SearchAction","target":{"@type":"EntryPoint","urlTemplate":"https:\/\/1dronas.lt\/en\/?s={search_term_string}"},"query-input":{"@type":"PropertyValueSpecification","valueRequired":true,"valueName":"search_term_string"}}],"inLanguage":"en-US"},{"@type":"Organization","@id":"https:\/\/1dronas.lt\/en\/#organization","name":"1dronas.lt","url":"https:\/\/1dronas.lt\/en\/","logo":{"@type":"ImageObject","inLanguage":"en-US","@id":"https:\/\/1dronas.lt\/en\/#\/schema\/logo\/image\/","url":"https:\/\/1dronas.lt\/wp-content\/uploads\/2020\/12\/Ekrano_kopija__2_-removebg-preview-1-1.png","contentUrl":"https:\/\/1dronas.lt\/wp-content\/uploads\/2020\/12\/Ekrano_kopija__2_-removebg-preview-1-1.png","width":234,"height":81,"caption":"1dronas.lt"},"image":{"@id":"https:\/\/1dronas.lt\/en\/#\/schema\/logo\/image\/"},"sameAs":["https:\/\/www.facebook.com\/1dronas\/"]}]}},"jetpack_sharing_enabled":true,"_links":{"self":[{"href":"https:\/\/1dronas.lt\/en\/wp-json\/wp\/v2\/product\/13099","targetHints":{"allow":["GET"]}}],"collection":[{"href":"https:\/\/1dronas.lt\/en\/wp-json\/wp\/v2\/product"}],"about":[{"href":"https:\/\/1dronas.lt\/en\/wp-json\/wp\/v2\/types\/product"}],"replies":[{"embeddable":true,"href":"https:\/\/1dronas.lt\/en\/wp-json\/wp\/v2\/comments?post=13099"}],"wp:featuredmedia":[{"embeddable":true,"href":"https:\/\/1dronas.lt\/en\/wp-json\/wp\/v2\/media\/13105"}],"wp:attachment":[{"href":"https:\/\/1dronas.lt\/en\/wp-json\/wp\/v2\/media?parent=13099"}],"wp:term":[{"taxonomy":"product_brand","embeddable":true,"href":"https:\/\/1dronas.lt\/en\/wp-json\/wp\/v2\/product_brand?post=13099"},{"taxonomy":"product_cat","embeddable":true,"href":"https:\/\/1dronas.lt\/en\/wp-json\/wp\/v2\/product_cat?post=13099"},{"taxonomy":"product_tag","embeddable":true,"href":"https:\/\/1dronas.lt\/en\/wp-json\/wp\/v2\/product_tag?post=13099"}],"curies":[{"name":"wp","href":"https:\/\/api.w.org\/{rel}","templated":true}]}}