{"id":13062,"date":"2025-11-20T21:27:26","date_gmt":"2025-11-20T19:27:26","guid":{"rendered":"https:\/\/1dronas.lt\/?post_type=product&#038;p=13062"},"modified":"2025-12-01T00:33:52","modified_gmt":"2025-11-30T22:33:52","slug":"sequre-sq-d60b-ismanus-lituoklis-su-45w-adapteriu","status":"publish","type":"product","link":"https:\/\/1dronas.lt\/en\/produktas\/sequre-sq-d60b-ismanus-lituoklis-su-45w-adapteriu\/","title":{"rendered":"SEQURE SQ-D60B smart soldering iron with 45W adapter"},"content":{"rendered":"<p><strong>Features:<\/strong><\/p>\n<p data-start=\"380\" data-end=\"588\">\u2022 SQ-D60B has sleep mode \u2013 automatic shutdown, induction wake-up;<br \/>\n\u2022 Easy to operate, heats up quickly and stably;<br \/>\n\u2022 Integrated processor, dual temperature sensors and motion sensor;<br \/>\n\u2022 Integrated Type-C connector;<br \/>\n\u2022 Temperature range: 100-400\u2103 (adjustable).<\/p>\n<p data-start=\"380\" data-end=\"588\"><strong>Specification:<\/strong><\/p>\n<p data-start=\"66\" data-end=\"121\">\u2022 Model: SQ-D60B;<br \/>\n\u2022 Operating temperature: 100\u00b0C \u2013 400\u00b0C (adjustable);<br \/>\n\u2022 Display: digital indicator<br \/>\n\u2022 Sleep time: 1-30 min (adjustable)<br \/>\n\u2022 Temperature compensation: \u00b150\u00b0C (adjustable);<br \/>\n\u2022 Temperature unit: \u00b0C;<br \/>\n\u2022 Factory set temperature: 300\u00b0C.<\/p>\n<p data-start=\"380\" data-end=\"588\"><strong>Package:<\/strong><\/p>\n<p data-start=\"380\" data-end=\"588\">1\u00d7 SQ-D60B soldering iron;<br \/>\n4\u00d7 Soldering iron tips (TS-B2, TS-BC2, TS-D24, TS-I);<br \/>\n1\u00d7 45W PD power adapter;<br \/>\n1\u00d7 Switching cable;<br \/>\n1\u00d7 User manual;<br \/>\n1\u00d7 Soldering iron stand;<br \/>\n1\u00d7 Hexagon key;<br \/>\n1\u00d7 XT60 power cable;<br \/>\n1\u00d7 Lead-free solder wire;<br \/>\n1\u00d7 Tin absorption wire.<\/p>","protected":false},"excerpt":{"rendered":"<p><span style=\"color: #000000;\">A modern soldering iron designed for fast and precise work with electronic components. Smart features and adjustable temperature make it easy to adapt the tool to various tasks.<\/span><\/p>\n<p><span style=\"color: #000000;\"><strong><img loading=\"lazy\" decoding=\"async\" class=\"alignnone wp-image-1806\" src=\"https:\/\/1dronas.lt\/wp-content\/uploads\/2021\/05\/delivery-icon.png.webp\" alt=\"\" width=\"24\" height=\"24\" srcset=\"https:\/\/1dronas.lt\/wp-content\/uploads\/2021\/05\/delivery-icon.png 35w, https:\/\/1dronas.lt\/wp-content\/uploads\/2021\/05\/delivery-icon-12x12.png 12w\" sizes=\"auto, (max-width: 24px) 100vw, 24px\" \/>\u00a0 1 \u2013 2 days<\/strong><\/span><\/p>","protected":false},"featured_media":13066,"comment_status":"open","ping_status":"closed","template":"","meta":[],"product_brand":[892],"product_cat":[679],"product_tag":[972,980,902,893,971],"class_list":{"0":"post-13062","1":"product","2":"type-product","3":"status-publish","4":"has-post-thumbnail","6":"product_brand-sequre","7":"product_cat-irankiai","8":"product_tag-45w","9":"product_tag-black-friday","10":"product_tag-lituoklis","11":"product_tag-sequre","12":"product_tag-sq-d60b","14":"first","15":"instock","16":"taxable","17":"shipping-taxable","18":"purchasable","19":"product-type-simple"},"yoast_head":"<!-- This site is optimized with the Yoast SEO plugin v27.4 - https:\/\/yoast.com\/product\/yoast-seo-wordpress\/ -->\n<title>SEQURE SQ-D60B i\u0161manus lituoklis su 45W adapteriu - 1dronas.lt<\/title>\n<meta name=\"robots\" content=\"index, follow, max-snippet:-1, max-image-preview:large, max-video-preview:-1\" \/>\n<link rel=\"canonical\" href=\"https:\/\/1dronas.lt\/en\/produktas\/sequre-sq-d60b-ismanus-lituoklis-su-45w-adapteriu\/\" \/>\n<meta property=\"og:locale\" content=\"en_US\" \/>\n<meta property=\"og:type\" content=\"article\" \/>\n<meta property=\"og:title\" content=\"SEQURE SQ-D60B i\u0161manus lituoklis su 45W adapteriu - 1dronas.lt\" \/>\n<meta property=\"og:description\" content=\"Modernus lituoklis, sukurtas greitam ir tiksliam darbui su elektronikos komponentais. I\u0161manios funkcijos ir reguliuojama temperat\u016bra leid\u017eia lengvai pritaikyti \u012frank\u012f \u012fvairioms u\u017eduotims.  \u00a0 1 \u2013 2 d. d.\" \/>\n<meta property=\"og:url\" content=\"https:\/\/1dronas.lt\/en\/produktas\/sequre-sq-d60b-ismanus-lituoklis-su-45w-adapteriu\/\" \/>\n<meta property=\"og:site_name\" content=\"1dronas.lt\" \/>\n<meta property=\"article:publisher\" content=\"https:\/\/www.facebook.com\/1dronas\/\" \/>\n<meta property=\"article:modified_time\" content=\"2025-11-30T22:33:52+00:00\" \/>\n<meta property=\"og:image\" content=\"https:\/\/1dronas.lt\/wp-content\/uploads\/2025\/11\/8_b953d589-d7fe-4e44-bb48-f82e28dbd332-min.jpg\" \/>\n\t<meta property=\"og:image:width\" content=\"800\" \/>\n\t<meta property=\"og:image:height\" content=\"800\" \/>\n\t<meta property=\"og:image:type\" content=\"image\/jpeg\" \/>\n<meta name=\"twitter:card\" content=\"summary_large_image\" \/>\n<meta name=\"twitter:label1\" content=\"Est. reading time\" \/>\n\t<meta name=\"twitter:data1\" content=\"1 minute\" \/>\n<script type=\"application\/ld+json\" class=\"yoast-schema-graph\">{\"@context\":\"https:\\\/\\\/schema.org\",\"@graph\":[{\"@type\":\"WebPage\",\"@id\":\"https:\\\/\\\/1dronas.lt\\\/en\\\/produktas\\\/sequre-sq-d60b-ismanus-lituoklis-su-45w-adapteriu\\\/\",\"url\":\"https:\\\/\\\/1dronas.lt\\\/en\\\/produktas\\\/sequre-sq-d60b-ismanus-lituoklis-su-45w-adapteriu\\\/\",\"name\":\"SEQURE SQ-D60B i\u0161manus lituoklis su 45W adapteriu - 1dronas.lt\",\"isPartOf\":{\"@id\":\"https:\\\/\\\/1dronas.lt\\\/en\\\/#website\"},\"primaryImageOfPage\":{\"@id\":\"https:\\\/\\\/1dronas.lt\\\/en\\\/produktas\\\/sequre-sq-d60b-ismanus-lituoklis-su-45w-adapteriu\\\/#primaryimage\"},\"image\":{\"@id\":\"https:\\\/\\\/1dronas.lt\\\/en\\\/produktas\\\/sequre-sq-d60b-ismanus-lituoklis-su-45w-adapteriu\\\/#primaryimage\"},\"thumbnailUrl\":\"https:\\\/\\\/1dronas.lt\\\/wp-content\\\/uploads\\\/2025\\\/11\\\/8_b953d589-d7fe-4e44-bb48-f82e28dbd332-min.jpg\",\"datePublished\":\"2025-11-20T19:27:26+00:00\",\"dateModified\":\"2025-11-30T22:33:52+00:00\",\"breadcrumb\":{\"@id\":\"https:\\\/\\\/1dronas.lt\\\/en\\\/produktas\\\/sequre-sq-d60b-ismanus-lituoklis-su-45w-adapteriu\\\/#breadcrumb\"},\"inLanguage\":\"en-US\",\"potentialAction\":[{\"@type\":\"ReadAction\",\"target\":[\"https:\\\/\\\/1dronas.lt\\\/en\\\/produktas\\\/sequre-sq-d60b-ismanus-lituoklis-su-45w-adapteriu\\\/\"]}]},{\"@type\":\"ImageObject\",\"inLanguage\":\"en-US\",\"@id\":\"https:\\\/\\\/1dronas.lt\\\/en\\\/produktas\\\/sequre-sq-d60b-ismanus-lituoklis-su-45w-adapteriu\\\/#primaryimage\",\"url\":\"https:\\\/\\\/1dronas.lt\\\/wp-content\\\/uploads\\\/2025\\\/11\\\/8_b953d589-d7fe-4e44-bb48-f82e28dbd332-min.jpg\",\"contentUrl\":\"https:\\\/\\\/1dronas.lt\\\/wp-content\\\/uploads\\\/2025\\\/11\\\/8_b953d589-d7fe-4e44-bb48-f82e28dbd332-min.jpg\",\"width\":800,\"height\":800},{\"@type\":\"BreadcrumbList\",\"@id\":\"https:\\\/\\\/1dronas.lt\\\/en\\\/produktas\\\/sequre-sq-d60b-ismanus-lituoklis-su-45w-adapteriu\\\/#breadcrumb\",\"itemListElement\":[{\"@type\":\"ListItem\",\"position\":1,\"name\":\"Home\",\"item\":\"https:\\\/\\\/1dronas.lt\\\/\"},{\"@type\":\"ListItem\",\"position\":2,\"name\":\"Parduotuv\u0117\",\"item\":\"https:\\\/\\\/1dronas.lt\\\/parduotuve\\\/\"},{\"@type\":\"ListItem\",\"position\":3,\"name\":\"SEQURE SQ-D60B i\u0161manus lituoklis su 45W adapteriu\"}]},{\"@type\":\"WebSite\",\"@id\":\"https:\\\/\\\/1dronas.lt\\\/en\\\/#website\",\"url\":\"https:\\\/\\\/1dronas.lt\\\/en\\\/\",\"name\":\"1dronas.lt\",\"description\":\"Internetin\u0117 parduotuv\u0117\",\"publisher\":{\"@id\":\"https:\\\/\\\/1dronas.lt\\\/en\\\/#organization\"},\"potentialAction\":[{\"@type\":\"SearchAction\",\"target\":{\"@type\":\"EntryPoint\",\"urlTemplate\":\"https:\\\/\\\/1dronas.lt\\\/en\\\/?s={search_term_string}\"},\"query-input\":{\"@type\":\"PropertyValueSpecification\",\"valueRequired\":true,\"valueName\":\"search_term_string\"}}],\"inLanguage\":\"en-US\"},{\"@type\":\"Organization\",\"@id\":\"https:\\\/\\\/1dronas.lt\\\/en\\\/#organization\",\"name\":\"1dronas.lt\",\"url\":\"https:\\\/\\\/1dronas.lt\\\/en\\\/\",\"logo\":{\"@type\":\"ImageObject\",\"inLanguage\":\"en-US\",\"@id\":\"https:\\\/\\\/1dronas.lt\\\/en\\\/#\\\/schema\\\/logo\\\/image\\\/\",\"url\":\"https:\\\/\\\/1dronas.lt\\\/wp-content\\\/uploads\\\/2020\\\/12\\\/Ekrano_kopija__2_-removebg-preview-1-1.png\",\"contentUrl\":\"https:\\\/\\\/1dronas.lt\\\/wp-content\\\/uploads\\\/2020\\\/12\\\/Ekrano_kopija__2_-removebg-preview-1-1.png\",\"width\":234,\"height\":81,\"caption\":\"1dronas.lt\"},\"image\":{\"@id\":\"https:\\\/\\\/1dronas.lt\\\/en\\\/#\\\/schema\\\/logo\\\/image\\\/\"},\"sameAs\":[\"https:\\\/\\\/www.facebook.com\\\/1dronas\\\/\"]}]}<\/script>\n<!-- \/ Yoast SEO plugin. -->","yoast_head_json":{"title":"SEQURE SQ-D60B i\u0161manus lituoklis su 45W adapteriu - 1dronas.lt","robots":{"index":"index","follow":"follow","max-snippet":"max-snippet:-1","max-image-preview":"max-image-preview:large","max-video-preview":"max-video-preview:-1"},"canonical":"https:\/\/1dronas.lt\/en\/produktas\/sequre-sq-d60b-ismanus-lituoklis-su-45w-adapteriu\/","og_locale":"en_US","og_type":"article","og_title":"SEQURE SQ-D60B i\u0161manus lituoklis su 45W adapteriu - 1dronas.lt","og_description":"Modernus lituoklis, sukurtas greitam ir tiksliam darbui su elektronikos komponentais. I\u0161manios funkcijos ir reguliuojama temperat\u016bra leid\u017eia lengvai pritaikyti \u012frank\u012f \u012fvairioms u\u017eduotims.  \u00a0 1 \u2013 2 d. d.","og_url":"https:\/\/1dronas.lt\/en\/produktas\/sequre-sq-d60b-ismanus-lituoklis-su-45w-adapteriu\/","og_site_name":"1dronas.lt","article_publisher":"https:\/\/www.facebook.com\/1dronas\/","article_modified_time":"2025-11-30T22:33:52+00:00","og_image":[{"width":800,"height":800,"url":"https:\/\/1dronas.lt\/wp-content\/uploads\/2025\/11\/8_b953d589-d7fe-4e44-bb48-f82e28dbd332-min.jpg","type":"image\/jpeg"}],"twitter_card":"summary_large_image","twitter_misc":{"Est. reading time":"1 minute"},"schema":{"@context":"https:\/\/schema.org","@graph":[{"@type":"WebPage","@id":"https:\/\/1dronas.lt\/en\/produktas\/sequre-sq-d60b-ismanus-lituoklis-su-45w-adapteriu\/","url":"https:\/\/1dronas.lt\/en\/produktas\/sequre-sq-d60b-ismanus-lituoklis-su-45w-adapteriu\/","name":"SEQURE SQ-D60B i\u0161manus lituoklis su 45W adapteriu - 1dronas.lt","isPartOf":{"@id":"https:\/\/1dronas.lt\/en\/#website"},"primaryImageOfPage":{"@id":"https:\/\/1dronas.lt\/en\/produktas\/sequre-sq-d60b-ismanus-lituoklis-su-45w-adapteriu\/#primaryimage"},"image":{"@id":"https:\/\/1dronas.lt\/en\/produktas\/sequre-sq-d60b-ismanus-lituoklis-su-45w-adapteriu\/#primaryimage"},"thumbnailUrl":"https:\/\/1dronas.lt\/wp-content\/uploads\/2025\/11\/8_b953d589-d7fe-4e44-bb48-f82e28dbd332-min.jpg","datePublished":"2025-11-20T19:27:26+00:00","dateModified":"2025-11-30T22:33:52+00:00","breadcrumb":{"@id":"https:\/\/1dronas.lt\/en\/produktas\/sequre-sq-d60b-ismanus-lituoklis-su-45w-adapteriu\/#breadcrumb"},"inLanguage":"en-US","potentialAction":[{"@type":"ReadAction","target":["https:\/\/1dronas.lt\/en\/produktas\/sequre-sq-d60b-ismanus-lituoklis-su-45w-adapteriu\/"]}]},{"@type":"ImageObject","inLanguage":"en-US","@id":"https:\/\/1dronas.lt\/en\/produktas\/sequre-sq-d60b-ismanus-lituoklis-su-45w-adapteriu\/#primaryimage","url":"https:\/\/1dronas.lt\/wp-content\/uploads\/2025\/11\/8_b953d589-d7fe-4e44-bb48-f82e28dbd332-min.jpg","contentUrl":"https:\/\/1dronas.lt\/wp-content\/uploads\/2025\/11\/8_b953d589-d7fe-4e44-bb48-f82e28dbd332-min.jpg","width":800,"height":800},{"@type":"BreadcrumbList","@id":"https:\/\/1dronas.lt\/en\/produktas\/sequre-sq-d60b-ismanus-lituoklis-su-45w-adapteriu\/#breadcrumb","itemListElement":[{"@type":"ListItem","position":1,"name":"Home","item":"https:\/\/1dronas.lt\/"},{"@type":"ListItem","position":2,"name":"Parduotuv\u0117","item":"https:\/\/1dronas.lt\/parduotuve\/"},{"@type":"ListItem","position":3,"name":"SEQURE SQ-D60B i\u0161manus lituoklis su 45W adapteriu"}]},{"@type":"WebSite","@id":"https:\/\/1dronas.lt\/en\/#website","url":"https:\/\/1dronas.lt\/en\/","name":"1dronas.lt","description":"Online store","publisher":{"@id":"https:\/\/1dronas.lt\/en\/#organization"},"potentialAction":[{"@type":"SearchAction","target":{"@type":"EntryPoint","urlTemplate":"https:\/\/1dronas.lt\/en\/?s={search_term_string}"},"query-input":{"@type":"PropertyValueSpecification","valueRequired":true,"valueName":"search_term_string"}}],"inLanguage":"en-US"},{"@type":"Organization","@id":"https:\/\/1dronas.lt\/en\/#organization","name":"1dronas.lt","url":"https:\/\/1dronas.lt\/en\/","logo":{"@type":"ImageObject","inLanguage":"en-US","@id":"https:\/\/1dronas.lt\/en\/#\/schema\/logo\/image\/","url":"https:\/\/1dronas.lt\/wp-content\/uploads\/2020\/12\/Ekrano_kopija__2_-removebg-preview-1-1.png","contentUrl":"https:\/\/1dronas.lt\/wp-content\/uploads\/2020\/12\/Ekrano_kopija__2_-removebg-preview-1-1.png","width":234,"height":81,"caption":"1dronas.lt"},"image":{"@id":"https:\/\/1dronas.lt\/en\/#\/schema\/logo\/image\/"},"sameAs":["https:\/\/www.facebook.com\/1dronas\/"]}]}},"jetpack_sharing_enabled":true,"_links":{"self":[{"href":"https:\/\/1dronas.lt\/en\/wp-json\/wp\/v2\/product\/13062","targetHints":{"allow":["GET"]}}],"collection":[{"href":"https:\/\/1dronas.lt\/en\/wp-json\/wp\/v2\/product"}],"about":[{"href":"https:\/\/1dronas.lt\/en\/wp-json\/wp\/v2\/types\/product"}],"replies":[{"embeddable":true,"href":"https:\/\/1dronas.lt\/en\/wp-json\/wp\/v2\/comments?post=13062"}],"wp:featuredmedia":[{"embeddable":true,"href":"https:\/\/1dronas.lt\/en\/wp-json\/wp\/v2\/media\/13066"}],"wp:attachment":[{"href":"https:\/\/1dronas.lt\/en\/wp-json\/wp\/v2\/media?parent=13062"}],"wp:term":[{"taxonomy":"product_brand","embeddable":true,"href":"https:\/\/1dronas.lt\/en\/wp-json\/wp\/v2\/product_brand?post=13062"},{"taxonomy":"product_cat","embeddable":true,"href":"https:\/\/1dronas.lt\/en\/wp-json\/wp\/v2\/product_cat?post=13062"},{"taxonomy":"product_tag","embeddable":true,"href":"https:\/\/1dronas.lt\/en\/wp-json\/wp\/v2\/product_tag?post=13062"}],"curies":[{"name":"wp","href":"https:\/\/api.w.org\/{rel}","templated":true}]}}