{"id":13044,"date":"2025-11-19T23:49:51","date_gmt":"2025-11-19T21:49:51","guid":{"rendered":"https:\/\/1dronas.lt\/?post_type=product&#038;p=13044"},"modified":"2026-03-26T19:34:09","modified_gmt":"2026-03-26T17:34:09","slug":"sequre-mss12-pro-ismanioji-nuolatines-temperaturos-reguliuojama-lituoklio-stotele","status":"publish","type":"product","link":"https:\/\/1dronas.lt\/en\/produktas\/sequre-mss12-pro-ismanioji-nuolatines-temperaturos-reguliuojama-lituoklio-stotele\/","title":{"rendered":"SEQURE MSS12 Pro smart constant temperature adjustable soldering iron station"},"content":{"rendered":"<p><iframe loading=\"lazy\" title=\"SECURE MSS12 Pro | Powerful Small Soldering Station\" width=\"1020\" height=\"574\" src=\"https:\/\/www.youtube.com\/embed\/N_Co77b1jko?feature=oembed\" frameborder=\"0\" allow=\"accelerometer; autoplay; clipboard-write; encrypted-media; gyroscope; picture-in-picture; web-share\" referrerpolicy=\"strict-origin-when-cross-origin\" allowfullscreen><\/iframe><\/p>\n<p><strong>Features:<\/strong><\/p>\n<p data-start=\"67\" data-end=\"138\">\u2022 Made of aluminum \u2013 the device body is extremely durable;<br \/>\n\u2022 Supports PD2.0\/3.0, QC2.0\/3.0 | DC12V\u201325V | 3S\u20136S | AC100\u2013240V power supplies;<br \/>\n\u2022 1.14 inch color LCD screen, adjustable brightness and colors;<br \/>\n\u2022 Suitable for T12 soldering iron tips, supports \u2103\/\u2109 switching, maximum temperature \u2013 450\u2103;<br \/>\n\u2022 Built-in audible signal to remind you of operation; the device automatically heats up when turned on;<br \/>\n\u2022 Intelligent temperature control algorithm;<br \/>\n\u2022 Sensitivity can be adjusted;<br \/>\n\u2022 Low voltage protection, high temperature alarm \u2013 safe and reliable operation.<\/p>\n<p data-start=\"67\" data-end=\"138\"><strong>Specification:<\/strong><\/p>\n<p data-start=\"116\" data-end=\"153\">\u2022 Model: MSS12 Pro<br \/>\n\u2022 Body material: Aluminum alloy<br \/>\n\u2022 Temperature compensation: \u201320\u00b0C \u2013 +20\u00b0C;<br \/>\n\u2022 Operating temperature: 100\u00b0C \u2013 450\u00b0C;<br \/>\n\u2022 Standby time: 60 \u2013 990 s;<br \/>\n\u2022 Display colors: 10 colors<br \/>\n\u2022 Supported power types: PD2.0 \/ PD3.0 QC2.0 \/ QC3.0 DC, 12V - 25V, 3S - 6S batteries, AC 100 - 240V;<br \/>\n\u2022 Dimensions: 100 \u00d7 80 \u00d7 30 mm;<br \/>\n\u2022 Weight: 275 g.<\/p>\n<p data-start=\"116\" data-end=\"153\"><img loading=\"lazy\" decoding=\"async\" class=\"alignnone wp-image-13054 size-full\" src=\"https:\/\/1dronas.lt\/wp-content\/uploads\/2025\/11\/10_9a44e89f-6c4b-42f6-b00b-07466238fb21-min.jpg\" alt=\"\" width=\"800\" height=\"800\" srcset=\"https:\/\/1dronas.lt\/wp-content\/uploads\/2025\/11\/10_9a44e89f-6c4b-42f6-b00b-07466238fb21-min.jpg 800w, https:\/\/1dronas.lt\/wp-content\/uploads\/2025\/11\/10_9a44e89f-6c4b-42f6-b00b-07466238fb21-min-300x300.jpg 300w, https:\/\/1dronas.lt\/wp-content\/uploads\/2025\/11\/10_9a44e89f-6c4b-42f6-b00b-07466238fb21-min-150x150.jpg 150w, https:\/\/1dronas.lt\/wp-content\/uploads\/2025\/11\/10_9a44e89f-6c4b-42f6-b00b-07466238fb21-min-768x768.jpg 768w, https:\/\/1dronas.lt\/wp-content\/uploads\/2025\/11\/10_9a44e89f-6c4b-42f6-b00b-07466238fb21-min-12x12.jpg 12w, https:\/\/1dronas.lt\/wp-content\/uploads\/2025\/11\/10_9a44e89f-6c4b-42f6-b00b-07466238fb21-min-247x247.jpg 247w, https:\/\/1dronas.lt\/wp-content\/uploads\/2025\/11\/10_9a44e89f-6c4b-42f6-b00b-07466238fb21-min-510x510.jpg 510w, https:\/\/1dronas.lt\/wp-content\/uploads\/2025\/11\/10_9a44e89f-6c4b-42f6-b00b-07466238fb21-min-100x100.jpg 100w\" sizes=\"auto, (max-width: 800px) 100vw, 800px\" \/><\/p>\n<p data-start=\"116\" data-end=\"153\"><img loading=\"lazy\" decoding=\"async\" class=\"alignnone wp-image-13053 size-full\" src=\"https:\/\/1dronas.lt\/wp-content\/uploads\/2025\/11\/9_3baaa621-e7fa-4704-b6bc-c86bb5eb1402-min.jpg\" alt=\"\" width=\"800\" height=\"800\" srcset=\"https:\/\/1dronas.lt\/wp-content\/uploads\/2025\/11\/9_3baaa621-e7fa-4704-b6bc-c86bb5eb1402-min.jpg 800w, https:\/\/1dronas.lt\/wp-content\/uploads\/2025\/11\/9_3baaa621-e7fa-4704-b6bc-c86bb5eb1402-min-300x300.jpg 300w, https:\/\/1dronas.lt\/wp-content\/uploads\/2025\/11\/9_3baaa621-e7fa-4704-b6bc-c86bb5eb1402-min-150x150.jpg 150w, https:\/\/1dronas.lt\/wp-content\/uploads\/2025\/11\/9_3baaa621-e7fa-4704-b6bc-c86bb5eb1402-min-768x768.jpg 768w, https:\/\/1dronas.lt\/wp-content\/uploads\/2025\/11\/9_3baaa621-e7fa-4704-b6bc-c86bb5eb1402-min-12x12.jpg 12w, https:\/\/1dronas.lt\/wp-content\/uploads\/2025\/11\/9_3baaa621-e7fa-4704-b6bc-c86bb5eb1402-min-247x247.jpg 247w, https:\/\/1dronas.lt\/wp-content\/uploads\/2025\/11\/9_3baaa621-e7fa-4704-b6bc-c86bb5eb1402-min-510x510.jpg 510w, https:\/\/1dronas.lt\/wp-content\/uploads\/2025\/11\/9_3baaa621-e7fa-4704-b6bc-c86bb5eb1402-min-100x100.jpg 100w\" sizes=\"auto, (max-width: 800px) 100vw, 800px\" \/><\/p>\n<p data-start=\"116\" data-end=\"153\"><strong>Package:<\/strong><\/p>\n<p data-start=\"961\" data-end=\"988\">1x MSS12 Pro soldering station;<br \/>\n1x soldering iron;<br \/>\n1x Power cable;<br \/>\n1x Soldering iron tip B2;<br \/>\n1x Soldering iron tip BC2;<br \/>\n1x Soldering iron tip ILS;<br \/>\n1x Soldering iron tip K;<br \/>\n1x User manual;<br \/>\n1x Soldering iron stand;<br \/>\n1x Case.<\/p>","protected":false},"excerpt":{"rendered":"<p><span style=\"color: #000000;\">Powerful and compact soldering station for both professional and home use.<\/span><\/p>\n<p><span style=\"color: #000000;\"><strong><img loading=\"lazy\" decoding=\"async\" class=\"alignnone wp-image-1806\" src=\"https:\/\/1dronas.lt\/wp-content\/uploads\/2021\/05\/delivery-icon.png.webp\" alt=\"\" width=\"24\" height=\"24\" srcset=\"https:\/\/1dronas.lt\/wp-content\/uploads\/2021\/05\/delivery-icon.png 35w, https:\/\/1dronas.lt\/wp-content\/uploads\/2021\/05\/delivery-icon-12x12.png 12w\" sizes=\"auto, (max-width: 24px) 100vw, 24px\" \/>\u00a0 1 \u2013 2 days<\/strong><\/span><\/p>","protected":false},"featured_media":13056,"comment_status":"open","ping_status":"closed","template":"","meta":[],"product_brand":[892],"product_cat":[679],"product_tag":[980,902,970,893],"class_list":{"0":"post-13044","1":"product","2":"type-product","3":"status-publish","4":"has-post-thumbnail","6":"product_brand-sequre","7":"product_cat-irankiai","8":"product_tag-black-friday","9":"product_tag-lituoklis","10":"product_tag-mss12-pro","11":"product_tag-sequre","13":"first","14":"instock","15":"taxable","16":"shipping-taxable","17":"purchasable","18":"product-type-simple"},"yoast_head":"<!-- This site is optimized with the Yoast SEO plugin v27.3 - https:\/\/yoast.com\/product\/yoast-seo-wordpress\/ -->\n<title>SEQURE MSS12 Pro i\u0161manioji nuolatin\u0117s temperat\u016bros reguliuojama lituoklio stotel\u0117 - 1dronas.lt<\/title>\n<meta name=\"robots\" content=\"index, follow, max-snippet:-1, max-image-preview:large, max-video-preview:-1\" \/>\n<link rel=\"canonical\" href=\"https:\/\/1dronas.lt\/en\/produktas\/sequre-mss12-pro-ismanioji-nuolatines-temperaturos-reguliuojama-lituoklio-stotele\/\" \/>\n<meta property=\"og:locale\" content=\"en_US\" \/>\n<meta property=\"og:type\" content=\"article\" \/>\n<meta property=\"og:title\" content=\"SEQURE MSS12 Pro i\u0161manioji nuolatin\u0117s temperat\u016bros reguliuojama lituoklio stotel\u0117 - 1dronas.lt\" \/>\n<meta property=\"og:description\" content=\"Galinga ir kompakti\u0161ka lituoklio stotel\u0117, skirta tiek profesionaliam, tiek buitiniam naudojimui.  \u00a0 1 \u2013 2 d. d.\" \/>\n<meta property=\"og:url\" content=\"https:\/\/1dronas.lt\/en\/produktas\/sequre-mss12-pro-ismanioji-nuolatines-temperaturos-reguliuojama-lituoklio-stotele\/\" \/>\n<meta property=\"og:site_name\" content=\"1dronas.lt\" \/>\n<meta property=\"article:publisher\" content=\"https:\/\/www.facebook.com\/1dronas\/\" \/>\n<meta property=\"article:modified_time\" content=\"2026-03-26T17:34:09+00:00\" \/>\n<meta property=\"og:image\" content=\"https:\/\/1dronas.lt\/wp-content\/uploads\/2025\/11\/15-_4-min.jpg\" \/>\n\t<meta property=\"og:image:width\" content=\"800\" \/>\n\t<meta property=\"og:image:height\" content=\"800\" \/>\n\t<meta property=\"og:image:type\" content=\"image\/jpeg\" \/>\n<meta name=\"twitter:card\" content=\"summary_large_image\" \/>\n<meta name=\"twitter:label1\" content=\"Est. reading time\" \/>\n\t<meta name=\"twitter:data1\" content=\"2 minutes\" \/>\n<script type=\"application\/ld+json\" class=\"yoast-schema-graph\">{\"@context\":\"https:\\\/\\\/schema.org\",\"@graph\":[{\"@type\":\"WebPage\",\"@id\":\"https:\\\/\\\/1dronas.lt\\\/en\\\/produktas\\\/sequre-mss12-pro-ismanioji-nuolatines-temperaturos-reguliuojama-lituoklio-stotele\\\/\",\"url\":\"https:\\\/\\\/1dronas.lt\\\/en\\\/produktas\\\/sequre-mss12-pro-ismanioji-nuolatines-temperaturos-reguliuojama-lituoklio-stotele\\\/\",\"name\":\"SEQURE MSS12 Pro i\u0161manioji nuolatin\u0117s temperat\u016bros reguliuojama lituoklio stotel\u0117 - 1dronas.lt\",\"isPartOf\":{\"@id\":\"https:\\\/\\\/1dronas.lt\\\/en\\\/#website\"},\"primaryImageOfPage\":{\"@id\":\"https:\\\/\\\/1dronas.lt\\\/en\\\/produktas\\\/sequre-mss12-pro-ismanioji-nuolatines-temperaturos-reguliuojama-lituoklio-stotele\\\/#primaryimage\"},\"image\":{\"@id\":\"https:\\\/\\\/1dronas.lt\\\/en\\\/produktas\\\/sequre-mss12-pro-ismanioji-nuolatines-temperaturos-reguliuojama-lituoklio-stotele\\\/#primaryimage\"},\"thumbnailUrl\":\"https:\\\/\\\/1dronas.lt\\\/wp-content\\\/uploads\\\/2025\\\/11\\\/15-_4-min.jpg\",\"datePublished\":\"2025-11-19T21:49:51+00:00\",\"dateModified\":\"2026-03-26T17:34:09+00:00\",\"breadcrumb\":{\"@id\":\"https:\\\/\\\/1dronas.lt\\\/en\\\/produktas\\\/sequre-mss12-pro-ismanioji-nuolatines-temperaturos-reguliuojama-lituoklio-stotele\\\/#breadcrumb\"},\"inLanguage\":\"en-US\",\"potentialAction\":[{\"@type\":\"ReadAction\",\"target\":[\"https:\\\/\\\/1dronas.lt\\\/en\\\/produktas\\\/sequre-mss12-pro-ismanioji-nuolatines-temperaturos-reguliuojama-lituoklio-stotele\\\/\"]}]},{\"@type\":\"ImageObject\",\"inLanguage\":\"en-US\",\"@id\":\"https:\\\/\\\/1dronas.lt\\\/en\\\/produktas\\\/sequre-mss12-pro-ismanioji-nuolatines-temperaturos-reguliuojama-lituoklio-stotele\\\/#primaryimage\",\"url\":\"https:\\\/\\\/1dronas.lt\\\/wp-content\\\/uploads\\\/2025\\\/11\\\/15-_4-min.jpg\",\"contentUrl\":\"https:\\\/\\\/1dronas.lt\\\/wp-content\\\/uploads\\\/2025\\\/11\\\/15-_4-min.jpg\",\"width\":800,\"height\":800},{\"@type\":\"BreadcrumbList\",\"@id\":\"https:\\\/\\\/1dronas.lt\\\/en\\\/produktas\\\/sequre-mss12-pro-ismanioji-nuolatines-temperaturos-reguliuojama-lituoklio-stotele\\\/#breadcrumb\",\"itemListElement\":[{\"@type\":\"ListItem\",\"position\":1,\"name\":\"Home\",\"item\":\"https:\\\/\\\/1dronas.lt\\\/\"},{\"@type\":\"ListItem\",\"position\":2,\"name\":\"Parduotuv\u0117\",\"item\":\"https:\\\/\\\/1dronas.lt\\\/parduotuve\\\/\"},{\"@type\":\"ListItem\",\"position\":3,\"name\":\"SEQURE MSS12 Pro i\u0161manioji nuolatin\u0117s temperat\u016bros reguliuojama lituoklio stotel\u0117\"}]},{\"@type\":\"WebSite\",\"@id\":\"https:\\\/\\\/1dronas.lt\\\/en\\\/#website\",\"url\":\"https:\\\/\\\/1dronas.lt\\\/en\\\/\",\"name\":\"1dronas.lt\",\"description\":\"Internetin\u0117 parduotuv\u0117\",\"publisher\":{\"@id\":\"https:\\\/\\\/1dronas.lt\\\/en\\\/#organization\"},\"potentialAction\":[{\"@type\":\"SearchAction\",\"target\":{\"@type\":\"EntryPoint\",\"urlTemplate\":\"https:\\\/\\\/1dronas.lt\\\/en\\\/?s={search_term_string}\"},\"query-input\":{\"@type\":\"PropertyValueSpecification\",\"valueRequired\":true,\"valueName\":\"search_term_string\"}}],\"inLanguage\":\"en-US\"},{\"@type\":\"Organization\",\"@id\":\"https:\\\/\\\/1dronas.lt\\\/en\\\/#organization\",\"name\":\"1dronas.lt\",\"url\":\"https:\\\/\\\/1dronas.lt\\\/en\\\/\",\"logo\":{\"@type\":\"ImageObject\",\"inLanguage\":\"en-US\",\"@id\":\"https:\\\/\\\/1dronas.lt\\\/en\\\/#\\\/schema\\\/logo\\\/image\\\/\",\"url\":\"https:\\\/\\\/1dronas.lt\\\/wp-content\\\/uploads\\\/2020\\\/12\\\/Ekrano_kopija__2_-removebg-preview-1-1.png\",\"contentUrl\":\"https:\\\/\\\/1dronas.lt\\\/wp-content\\\/uploads\\\/2020\\\/12\\\/Ekrano_kopija__2_-removebg-preview-1-1.png\",\"width\":234,\"height\":81,\"caption\":\"1dronas.lt\"},\"image\":{\"@id\":\"https:\\\/\\\/1dronas.lt\\\/en\\\/#\\\/schema\\\/logo\\\/image\\\/\"},\"sameAs\":[\"https:\\\/\\\/www.facebook.com\\\/1dronas\\\/\"]}]}<\/script>\n<!-- \/ Yoast SEO plugin. -->","yoast_head_json":{"title":"SEQURE MSS12 Pro i\u0161manioji nuolatin\u0117s temperat\u016bros reguliuojama lituoklio stotel\u0117 - 1dronas.lt","robots":{"index":"index","follow":"follow","max-snippet":"max-snippet:-1","max-image-preview":"max-image-preview:large","max-video-preview":"max-video-preview:-1"},"canonical":"https:\/\/1dronas.lt\/en\/produktas\/sequre-mss12-pro-ismanioji-nuolatines-temperaturos-reguliuojama-lituoklio-stotele\/","og_locale":"en_US","og_type":"article","og_title":"SEQURE MSS12 Pro i\u0161manioji nuolatin\u0117s temperat\u016bros reguliuojama lituoklio stotel\u0117 - 1dronas.lt","og_description":"Galinga ir kompakti\u0161ka lituoklio stotel\u0117, skirta tiek profesionaliam, tiek buitiniam naudojimui.  \u00a0 1 \u2013 2 d. d.","og_url":"https:\/\/1dronas.lt\/en\/produktas\/sequre-mss12-pro-ismanioji-nuolatines-temperaturos-reguliuojama-lituoklio-stotele\/","og_site_name":"1dronas.lt","article_publisher":"https:\/\/www.facebook.com\/1dronas\/","article_modified_time":"2026-03-26T17:34:09+00:00","og_image":[{"width":800,"height":800,"url":"https:\/\/1dronas.lt\/wp-content\/uploads\/2025\/11\/15-_4-min.jpg","type":"image\/jpeg"}],"twitter_card":"summary_large_image","twitter_misc":{"Est. reading time":"2 minutes"},"schema":{"@context":"https:\/\/schema.org","@graph":[{"@type":"WebPage","@id":"https:\/\/1dronas.lt\/en\/produktas\/sequre-mss12-pro-ismanioji-nuolatines-temperaturos-reguliuojama-lituoklio-stotele\/","url":"https:\/\/1dronas.lt\/en\/produktas\/sequre-mss12-pro-ismanioji-nuolatines-temperaturos-reguliuojama-lituoklio-stotele\/","name":"SEQURE MSS12 Pro i\u0161manioji nuolatin\u0117s temperat\u016bros reguliuojama lituoklio stotel\u0117 - 1dronas.lt","isPartOf":{"@id":"https:\/\/1dronas.lt\/en\/#website"},"primaryImageOfPage":{"@id":"https:\/\/1dronas.lt\/en\/produktas\/sequre-mss12-pro-ismanioji-nuolatines-temperaturos-reguliuojama-lituoklio-stotele\/#primaryimage"},"image":{"@id":"https:\/\/1dronas.lt\/en\/produktas\/sequre-mss12-pro-ismanioji-nuolatines-temperaturos-reguliuojama-lituoklio-stotele\/#primaryimage"},"thumbnailUrl":"https:\/\/1dronas.lt\/wp-content\/uploads\/2025\/11\/15-_4-min.jpg","datePublished":"2025-11-19T21:49:51+00:00","dateModified":"2026-03-26T17:34:09+00:00","breadcrumb":{"@id":"https:\/\/1dronas.lt\/en\/produktas\/sequre-mss12-pro-ismanioji-nuolatines-temperaturos-reguliuojama-lituoklio-stotele\/#breadcrumb"},"inLanguage":"en-US","potentialAction":[{"@type":"ReadAction","target":["https:\/\/1dronas.lt\/en\/produktas\/sequre-mss12-pro-ismanioji-nuolatines-temperaturos-reguliuojama-lituoklio-stotele\/"]}]},{"@type":"ImageObject","inLanguage":"en-US","@id":"https:\/\/1dronas.lt\/en\/produktas\/sequre-mss12-pro-ismanioji-nuolatines-temperaturos-reguliuojama-lituoklio-stotele\/#primaryimage","url":"https:\/\/1dronas.lt\/wp-content\/uploads\/2025\/11\/15-_4-min.jpg","contentUrl":"https:\/\/1dronas.lt\/wp-content\/uploads\/2025\/11\/15-_4-min.jpg","width":800,"height":800},{"@type":"BreadcrumbList","@id":"https:\/\/1dronas.lt\/en\/produktas\/sequre-mss12-pro-ismanioji-nuolatines-temperaturos-reguliuojama-lituoklio-stotele\/#breadcrumb","itemListElement":[{"@type":"ListItem","position":1,"name":"Home","item":"https:\/\/1dronas.lt\/"},{"@type":"ListItem","position":2,"name":"Parduotuv\u0117","item":"https:\/\/1dronas.lt\/parduotuve\/"},{"@type":"ListItem","position":3,"name":"SEQURE MSS12 Pro i\u0161manioji nuolatin\u0117s temperat\u016bros reguliuojama lituoklio stotel\u0117"}]},{"@type":"WebSite","@id":"https:\/\/1dronas.lt\/en\/#website","url":"https:\/\/1dronas.lt\/en\/","name":"1dronas.lt","description":"Online store","publisher":{"@id":"https:\/\/1dronas.lt\/en\/#organization"},"potentialAction":[{"@type":"SearchAction","target":{"@type":"EntryPoint","urlTemplate":"https:\/\/1dronas.lt\/en\/?s={search_term_string}"},"query-input":{"@type":"PropertyValueSpecification","valueRequired":true,"valueName":"search_term_string"}}],"inLanguage":"en-US"},{"@type":"Organization","@id":"https:\/\/1dronas.lt\/en\/#organization","name":"1dronas.lt","url":"https:\/\/1dronas.lt\/en\/","logo":{"@type":"ImageObject","inLanguage":"en-US","@id":"https:\/\/1dronas.lt\/en\/#\/schema\/logo\/image\/","url":"https:\/\/1dronas.lt\/wp-content\/uploads\/2020\/12\/Ekrano_kopija__2_-removebg-preview-1-1.png","contentUrl":"https:\/\/1dronas.lt\/wp-content\/uploads\/2020\/12\/Ekrano_kopija__2_-removebg-preview-1-1.png","width":234,"height":81,"caption":"1dronas.lt"},"image":{"@id":"https:\/\/1dronas.lt\/en\/#\/schema\/logo\/image\/"},"sameAs":["https:\/\/www.facebook.com\/1dronas\/"]}]}},"jetpack_sharing_enabled":true,"_links":{"self":[{"href":"https:\/\/1dronas.lt\/en\/wp-json\/wp\/v2\/product\/13044","targetHints":{"allow":["GET"]}}],"collection":[{"href":"https:\/\/1dronas.lt\/en\/wp-json\/wp\/v2\/product"}],"about":[{"href":"https:\/\/1dronas.lt\/en\/wp-json\/wp\/v2\/types\/product"}],"replies":[{"embeddable":true,"href":"https:\/\/1dronas.lt\/en\/wp-json\/wp\/v2\/comments?post=13044"}],"wp:featuredmedia":[{"embeddable":true,"href":"https:\/\/1dronas.lt\/en\/wp-json\/wp\/v2\/media\/13056"}],"wp:attachment":[{"href":"https:\/\/1dronas.lt\/en\/wp-json\/wp\/v2\/media?parent=13044"}],"wp:term":[{"taxonomy":"product_brand","embeddable":true,"href":"https:\/\/1dronas.lt\/en\/wp-json\/wp\/v2\/product_brand?post=13044"},{"taxonomy":"product_cat","embeddable":true,"href":"https:\/\/1dronas.lt\/en\/wp-json\/wp\/v2\/product_cat?post=13044"},{"taxonomy":"product_tag","embeddable":true,"href":"https:\/\/1dronas.lt\/en\/wp-json\/wp\/v2\/product_tag?post=13044"}],"curies":[{"name":"wp","href":"https:\/\/api.w.org\/{rel}","templated":true}]}}